{"id":1023,"date":"2022-10-19T11:23:53","date_gmt":"2022-10-19T09:23:53","guid":{"rendered":"https:\/\/macote.fr\/?post_type=product&#038;p=1023"},"modified":"2025-06-16T10:43:16","modified_gmt":"2025-06-16T08:43:16","slug":"angel-eyes-bmw-e46","status":"publish","type":"product","link":"https:\/\/macote.fr\/en\/product\/angel-eyes-bmw-e46\/","title":{"rendered":"angel Eyes BMW E46"},"content":{"rendered":"<h1 style=\"text-align: center;\">Angel Eyes BMW E46<\/h1>\n<p>Angel Eyes bmw e46 are a popular modification for BMW owners looking to add a unique and aggressive touch to their vehicle. BMW's original headlights are already impressive, but Angel Eyes give them an even more striking appearance.<\/p>\n<p>BMW E46 Angel Eyes are LED light rings that surround the headlights of your BMW. The light rings are designed to be installed as replacements for original halogen bulbs, and are often used in conjunction with LED bulbs for optimum illumination.<\/p>\n<h4>Modernity:<\/h4>\n<p>The aggressive styling of the BMW E46 Angel Eyes adds a touch of sportiness and elegance to your BMW. When illuminated, the light rings give a piercing, angular effect, reinforcing the vehicle's impression of dynamism. This allows BMW owners to stand out from the crowd and display their unique personality.<\/p>\n<p>Unlike Angel Eyes headlamp modules, Angel Eyes E46 are easy and affordable to install. What's more, they don't require any major modifications to your car. They can be installed at home, and instructions are included with the light ring kit.<\/p>\n<h4>Pair our angel eyes with :<\/h4>\n<p>Find the RBG version of our angel eyes to match your BMW to your style.<\/p>\n<blockquote class=\"wp-embedded-content\" data-secret=\"kKV5a3HgS1\"><p><a href=\"https:\/\/macote.fr\/en\/product\/angel-eyes-bmw-rgb-kit\/\">Angel Eyes BMW RGB KIT<\/a><\/p><\/blockquote>\n<p><iframe class=\"wp-embedded-content\" sandbox=\"allow-scripts\" security=\"restricted\" style=\"position: absolute; clip: rect(1px, 1px, 1px, 1px);\" title=\"&quot;Angel Eyes BMW RGB KIT - MaCote.fr\" src=\"https:\/\/macote.fr\/produit\/angel-eyes-bmw-rgb-kit\/embed\/#?secret=XC3GqmSF1f#?secret=kKV5a3HgS1\" data-secret=\"kKV5a3HgS1\" width=\"600\" height=\"338\" frameborder=\"0\" marginwidth=\"0\" marginheight=\"0\" scrolling=\"no\"><\/iframe><\/p>\n<p>Find our LED bulbs to complete the styling of your BMW and enjoy high quality lighting.<\/p>\n<blockquote class=\"wp-embedded-content\" data-secret=\"0abWb6nGlV\"><p><a href=\"https:\/\/macote.fr\/en\/product\/ampoules-led-voiture\/\">LED car bulbs<\/a><\/p><\/blockquote>\n<p><iframe class=\"wp-embedded-content\" sandbox=\"allow-scripts\" security=\"restricted\" style=\"position: absolute; clip: rect(1px, 1px, 1px, 1px);\" title=\"&quot;LED car bulbs - MaCote.fr\" src=\"https:\/\/macote.fr\/produit\/ampoules-led-voiture\/embed\/#?secret=MpDawn2GQX#?secret=0abWb6nGlV\" data-secret=\"0abWb6nGlV\" width=\"600\" height=\"338\" frameborder=\"0\" marginwidth=\"0\" marginheight=\"0\" scrolling=\"no\"><\/iframe><\/p>\n<p>&nbsp;<\/p>\n<h4>Features :<\/h4>\n<p>-Super bright \"angel eyes\" led lights<br \/>\n-Brilliant white light with a glow temperature of 6000K<br \/>\nUltra-bright white light (visible even with xenon)<\/p>\n<p>-Custom fit for headlight.<br \/>\n-White or yellow color<br \/>\n-Can be wired with welcome light, DRL or other lights.<br \/>\nMade with high-quality SMD LED lights<br \/>\n-5x brighter than oem<br \/>\n-Give your BMW E46 a premium look<br \/>\n-100% New<br \/>\n-Voltage: 12V.<\/p>\n<p>&nbsp;<\/p>\n<h4>Compatible models<\/h4>\n<p>For BMW 3 Series E46 Sedan, Estate\/touring 1998-2001 (phase1) Halogen headlight<\/p>\n<p>For BMW 3 Series E46 Sedan, Estate\/touring 1998-2001 (phase1) Xenon headlight<\/p>\n<p>For BMW 3 Series E46 Sedan, Estate\/touring 2001-2005 (phase 2) LCI Halogen headlight<\/p>\n<p>For BMW 3 Series E46 Sedan, Estate\/touring 2001-2005 (phase 2) Xenon headlamp lift<\/p>\n<p>For BMW 3 series E46 Coupe, Cabrio Convertible 2004 2005 2006 LCI facelift<\/p>\n<p>For BMW 3 series E46 Compact ti 2001-2005<\/p>\n<div>\n<h4>Compatible engines :<\/h4>\n<\/div>\n<div>\n<div>316 i \/ Ci \/ ti<\/div>\n<div>318 d \/ td<\/div>\n<div>318 i \/ Ci \/ ti<\/div>\n<div>\n<div>320 d \/ Cd \/ td<\/div>\n<div>320 i \/ Ci<\/div>\n<div>\n<div>323 i \/ Ci<\/div>\n<div>325 i \/ xi \/ Ci \/ ti<\/div>\n<div>328 i \/ Ci<\/div>\n<div>330 d \/ xd \/ Cd<\/div>\n<div>330 i \/ Ci<\/div>\n<div>M3 \/ M3 CSL<\/div>\n<\/div>\n<\/div>\n<div><\/div>\n<\/div>\n<p>&nbsp;<\/p>\n<div>\n<div style=\"text-align: left;\" data-spm-anchor-id=\"a2g0o.detail.1000023.i0.14b09963mvBfzC\"><\/div>\n<\/div>","protected":false},"excerpt":{"rendered":"<p>Our angel Eyes Bmw e46 are available in two colors: white and\/or yellow. They're easy to install and compatible with all E46 models. With their cotton light technology, they produce a soft yet aggressive light.<\/p>","protected":false},"featured_media":1025,"comment_status":"open","ping_status":"closed","template":"","meta":{"_eb_attr":""},"product_brand":[],"product_cat":[147,68,67],"product_tag":[],"class_list":{"0":"post-1023","1":"product","2":"type-product","3":"status-publish","4":"has-post-thumbnail","6":"product_cat-bmw-serie-3-e46","7":"product_cat-eclairage-signature-lumineuse","8":"product_cat-modification-exterieur-vehicule","10":"first","11":"instock","12":"taxable","13":"shipping-taxable","14":"purchasable","15":"product-type-variable"},"yoast_head":"<!-- This site is optimized with the Yoast SEO Premium plugin v20.7 (Yoast SEO v27.4) - https:\/\/yoast.com\/product\/yoast-seo-premium-wordpress\/ -->\n<title>angel Eyes BMW E46 - MaCote.fr<\/title>\n<meta name=\"description\" content=\"Am\u00e9liorez le style de votre voiture avec nos angel Eyes BMW E46 de qualit\u00e9 offrant une apparence moderne et \u00e9l\u00e9gante, installation simple: phares angel eyes\" \/>\n<meta name=\"robots\" content=\"index, follow, max-snippet:-1, max-image-preview:large, max-video-preview:-1\" \/>\n<link rel=\"canonical\" href=\"https:\/\/macote.fr\/en\/product\/angel-eyes-bmw-e46\/\" \/>\n<meta property=\"og:locale\" content=\"en_US\" \/>\n<meta property=\"og:type\" content=\"article\" \/>\n<meta property=\"og:title\" content=\"angel Eyes BMW E46\" \/>\n<meta property=\"og:description\" content=\"Am\u00e9liorez le style de votre voiture avec nos angel Eyes BMW E46 de qualit\u00e9 offrant une apparence moderne et \u00e9l\u00e9gante, installation simple: phares angel eyes\" \/>\n<meta property=\"og:url\" content=\"https:\/\/macote.fr\/en\/product\/angel-eyes-bmw-e46\/\" \/>\n<meta property=\"og:site_name\" content=\"MaCote.fr\" \/>\n<meta property=\"article:publisher\" content=\"https:\/\/www.facebook.com\/profile.php?id=100091476586119\" \/>\n<meta property=\"article:modified_time\" content=\"2025-06-16T08:43:16+00:00\" \/>\n<meta property=\"og:image\" content=\"https:\/\/macote.fr\/wp-content\/uploads\/2022\/10\/angels-eyes-BMW-e46coton-led-6000k.jpg\" \/>\n\t<meta property=\"og:image:width\" content=\"800\" \/>\n\t<meta property=\"og:image:height\" content=\"800\" \/>\n\t<meta property=\"og:image:type\" content=\"image\/jpeg\" \/>\n<meta name=\"twitter:card\" content=\"summary_large_image\" \/>\n<meta name=\"twitter:label1\" content=\"Est. reading time\" \/>\n\t<meta name=\"twitter:data1\" content=\"3 minutes\" \/>\n<script type=\"application\/ld+json\" class=\"yoast-schema-graph\">{\"@context\":\"https:\\\/\\\/schema.org\",\"@graph\":[{\"@type\":\"WebPage\",\"@id\":\"https:\\\/\\\/macote.fr\\\/produit\\\/angel-eyes-bmw-e46\\\/\",\"url\":\"https:\\\/\\\/macote.fr\\\/produit\\\/angel-eyes-bmw-e46\\\/\",\"name\":\"angel Eyes BMW E46 - MaCote.fr\",\"isPartOf\":{\"@id\":\"https:\\\/\\\/macote.fr\\\/#website\"},\"primaryImageOfPage\":{\"@id\":\"https:\\\/\\\/macote.fr\\\/produit\\\/angel-eyes-bmw-e46\\\/#primaryimage\"},\"image\":{\"@id\":\"https:\\\/\\\/macote.fr\\\/produit\\\/angel-eyes-bmw-e46\\\/#primaryimage\"},\"thumbnailUrl\":\"https:\\\/\\\/macote.fr\\\/wp-content\\\/uploads\\\/2022\\\/10\\\/angels-eyes-BMW-e46coton-led-6000k.jpg\",\"datePublished\":\"2022-10-19T09:23:53+00:00\",\"dateModified\":\"2025-06-16T08:43:16+00:00\",\"description\":\"Am\u00e9liorez le style de votre voiture avec nos angel Eyes BMW E46 de qualit\u00e9 offrant une apparence moderne et \u00e9l\u00e9gante, installation simple: phares angel eyes\",\"breadcrumb\":{\"@id\":\"https:\\\/\\\/macote.fr\\\/produit\\\/angel-eyes-bmw-e46\\\/#breadcrumb\"},\"inLanguage\":\"en-US\",\"potentialAction\":[{\"@type\":\"ReadAction\",\"target\":[\"https:\\\/\\\/macote.fr\\\/produit\\\/angel-eyes-bmw-e46\\\/\"]}]},{\"@type\":\"ImageObject\",\"inLanguage\":\"en-US\",\"@id\":\"https:\\\/\\\/macote.fr\\\/produit\\\/angel-eyes-bmw-e46\\\/#primaryimage\",\"url\":\"https:\\\/\\\/macote.fr\\\/wp-content\\\/uploads\\\/2022\\\/10\\\/angels-eyes-BMW-e46coton-led-6000k.jpg\",\"contentUrl\":\"https:\\\/\\\/macote.fr\\\/wp-content\\\/uploads\\\/2022\\\/10\\\/angels-eyes-BMW-e46coton-led-6000k.jpg\",\"width\":800,\"height\":800,\"caption\":\"angels eyes BMW e46, white and yellow angel eyes E46\"},{\"@type\":\"BreadcrumbList\",\"@id\":\"https:\\\/\\\/macote.fr\\\/produit\\\/angel-eyes-bmw-e46\\\/#breadcrumb\",\"itemListElement\":[{\"@type\":\"ListItem\",\"position\":1,\"name\":\"Accueil\",\"item\":\"https:\\\/\\\/macote.fr\\\/\"},{\"@type\":\"ListItem\",\"position\":2,\"name\":\"Boutique\",\"item\":\"https:\\\/\\\/macote.fr\\\/boutique\\\/\"},{\"@type\":\"ListItem\",\"position\":3,\"name\":\"angel Eyes BMW E46\"}]},{\"@type\":\"WebSite\",\"@id\":\"https:\\\/\\\/macote.fr\\\/#website\",\"url\":\"https:\\\/\\\/macote.fr\\\/\",\"name\":\"MaCote.fr\",\"description\":\"BMW best accessories\",\"publisher\":{\"@id\":\"https:\\\/\\\/macote.fr\\\/#organization\"},\"alternateName\":\"BMW tuning\",\"potentialAction\":[{\"@type\":\"SearchAction\",\"target\":{\"@type\":\"EntryPoint\",\"urlTemplate\":\"https:\\\/\\\/macote.fr\\\/?s={search_term_string}\"},\"query-input\":{\"@type\":\"PropertyValueSpecification\",\"valueRequired\":true,\"valueName\":\"search_term_string\"}}],\"inLanguage\":\"en-US\"},{\"@type\":\"Organization\",\"@id\":\"https:\\\/\\\/macote.fr\\\/#organization\",\"name\":\"Macote.fr\",\"alternateName\":\"BMW tuning\",\"url\":\"https:\\\/\\\/macote.fr\\\/\",\"logo\":{\"@type\":\"ImageObject\",\"inLanguage\":\"en-US\",\"@id\":\"https:\\\/\\\/macote.fr\\\/#\\\/schema\\\/logo\\\/image\\\/\",\"url\":\"https:\\\/\\\/macote.fr\\\/wp-content\\\/uploads\\\/2023\\\/11\\\/LOGO-macote.fr-dessin-bmw-noir-copy.jpg\",\"contentUrl\":\"https:\\\/\\\/macote.fr\\\/wp-content\\\/uploads\\\/2023\\\/11\\\/LOGO-macote.fr-dessin-bmw-noir-copy.jpg\",\"width\":732,\"height\":456,\"caption\":\"Macote.fr\"},\"image\":{\"@id\":\"https:\\\/\\\/macote.fr\\\/#\\\/schema\\\/logo\\\/image\\\/\"},\"sameAs\":[\"https:\\\/\\\/www.facebook.com\\\/profile.php?id=100091476586119\",\"https:\\\/\\\/www.youtube.com\\\/channel\\\/UCgO-YTbaxYO-w_C5GfL-_1w\",\"https:\\\/\\\/www.tiktok.com\\\/@macote.fr?is_from_webapp=1&sender_device=pc\",\"https:\\\/\\\/www.instagram.com\\\/i_xila_i\\\/\"]}]}<\/script>\n<!-- \/ Yoast SEO Premium plugin. -->","yoast_head_json":{"title":"angel Eyes BMW E46 - MaCote.fr","description":"Enhance your car's style with our quality BMW E46 Angel Eyes, offering a modern and elegant appearance, easy installation: angel eyes headlights","robots":{"index":"index","follow":"follow","max-snippet":"max-snippet:-1","max-image-preview":"max-image-preview:large","max-video-preview":"max-video-preview:-1"},"canonical":"https:\/\/macote.fr\/en\/product\/angel-eyes-bmw-e46\/","og_locale":"en_US","og_type":"article","og_title":"angel Eyes BMW E46","og_description":"Am\u00e9liorez le style de votre voiture avec nos angel Eyes BMW E46 de qualit\u00e9 offrant une apparence moderne et \u00e9l\u00e9gante, installation simple: phares angel eyes","og_url":"https:\/\/macote.fr\/en\/product\/angel-eyes-bmw-e46\/","og_site_name":"MaCote.fr","article_publisher":"https:\/\/www.facebook.com\/profile.php?id=100091476586119","article_modified_time":"2025-06-16T08:43:16+00:00","og_image":[{"width":800,"height":800,"url":"https:\/\/macote.fr\/wp-content\/uploads\/2022\/10\/angels-eyes-BMW-e46coton-led-6000k.jpg","type":"image\/jpeg"}],"twitter_card":"summary_large_image","twitter_misc":{"Est. reading time":"3 minutes"},"schema":{"@context":"https:\/\/schema.org","@graph":[{"@type":"WebPage","@id":"https:\/\/macote.fr\/produit\/angel-eyes-bmw-e46\/","url":"https:\/\/macote.fr\/produit\/angel-eyes-bmw-e46\/","name":"angel Eyes BMW E46 - MaCote.fr","isPartOf":{"@id":"https:\/\/macote.fr\/#website"},"primaryImageOfPage":{"@id":"https:\/\/macote.fr\/produit\/angel-eyes-bmw-e46\/#primaryimage"},"image":{"@id":"https:\/\/macote.fr\/produit\/angel-eyes-bmw-e46\/#primaryimage"},"thumbnailUrl":"https:\/\/macote.fr\/wp-content\/uploads\/2022\/10\/angels-eyes-BMW-e46coton-led-6000k.jpg","datePublished":"2022-10-19T09:23:53+00:00","dateModified":"2025-06-16T08:43:16+00:00","description":"Enhance your car's style with our quality BMW E46 Angel Eyes, offering a modern and elegant appearance, easy installation: angel eyes headlights","breadcrumb":{"@id":"https:\/\/macote.fr\/produit\/angel-eyes-bmw-e46\/#breadcrumb"},"inLanguage":"en-US","potentialAction":[{"@type":"ReadAction","target":["https:\/\/macote.fr\/produit\/angel-eyes-bmw-e46\/"]}]},{"@type":"ImageObject","inLanguage":"en-US","@id":"https:\/\/macote.fr\/produit\/angel-eyes-bmw-e46\/#primaryimage","url":"https:\/\/macote.fr\/wp-content\/uploads\/2022\/10\/angels-eyes-BMW-e46coton-led-6000k.jpg","contentUrl":"https:\/\/macote.fr\/wp-content\/uploads\/2022\/10\/angels-eyes-BMW-e46coton-led-6000k.jpg","width":800,"height":800,"caption":"angels eyes BMW e46, white and yellow angel eyes E46"},{"@type":"BreadcrumbList","@id":"https:\/\/macote.fr\/produit\/angel-eyes-bmw-e46\/#breadcrumb","itemListElement":[{"@type":"ListItem","position":1,"name":"Accueil","item":"https:\/\/macote.fr\/"},{"@type":"ListItem","position":2,"name":"Boutique","item":"https:\/\/macote.fr\/boutique\/"},{"@type":"ListItem","position":3,"name":"angel Eyes BMW E46"}]},{"@type":"WebSite","@id":"https:\/\/macote.fr\/#website","url":"https:\/\/macote.fr\/","name":"MyQuote.com","description":"BMW best accessories","publisher":{"@id":"https:\/\/macote.fr\/#organization"},"alternateName":"BMW tuning","potentialAction":[{"@type":"SearchAction","target":{"@type":"EntryPoint","urlTemplate":"https:\/\/macote.fr\/?s={search_term_string}"},"query-input":{"@type":"PropertyValueSpecification","valueRequired":true,"valueName":"search_term_string"}}],"inLanguage":"en-US"},{"@type":"Organization","@id":"https:\/\/macote.fr\/#organization","name":"Macote.fr","alternateName":"BMW tuning","url":"https:\/\/macote.fr\/","logo":{"@type":"ImageObject","inLanguage":"en-US","@id":"https:\/\/macote.fr\/#\/schema\/logo\/image\/","url":"https:\/\/macote.fr\/wp-content\/uploads\/2023\/11\/LOGO-macote.fr-dessin-bmw-noir-copy.jpg","contentUrl":"https:\/\/macote.fr\/wp-content\/uploads\/2023\/11\/LOGO-macote.fr-dessin-bmw-noir-copy.jpg","width":732,"height":456,"caption":"Macote.fr"},"image":{"@id":"https:\/\/macote.fr\/#\/schema\/logo\/image\/"},"sameAs":["https:\/\/www.facebook.com\/profile.php?id=100091476586119","https:\/\/www.youtube.com\/channel\/UCgO-YTbaxYO-w_C5GfL-_1w","https:\/\/www.tiktok.com\/@macote.fr?is_from_webapp=1&sender_device=pc","https:\/\/www.instagram.com\/i_xila_i\/"]}]}},"_links":{"self":[{"href":"https:\/\/macote.fr\/en\/wp-json\/wp\/v2\/product\/1023","targetHints":{"allow":["GET"]}}],"collection":[{"href":"https:\/\/macote.fr\/en\/wp-json\/wp\/v2\/product"}],"about":[{"href":"https:\/\/macote.fr\/en\/wp-json\/wp\/v2\/types\/product"}],"replies":[{"embeddable":true,"href":"https:\/\/macote.fr\/en\/wp-json\/wp\/v2\/comments?post=1023"}],"wp:featuredmedia":[{"embeddable":true,"href":"https:\/\/macote.fr\/en\/wp-json\/wp\/v2\/media\/1025"}],"wp:attachment":[{"href":"https:\/\/macote.fr\/en\/wp-json\/wp\/v2\/media?parent=1023"}],"wp:term":[{"taxonomy":"product_brand","embeddable":true,"href":"https:\/\/macote.fr\/en\/wp-json\/wp\/v2\/product_brand?post=1023"},{"taxonomy":"product_cat","embeddable":true,"href":"https:\/\/macote.fr\/en\/wp-json\/wp\/v2\/product_cat?post=1023"},{"taxonomy":"product_tag","embeddable":true,"href":"https:\/\/macote.fr\/en\/wp-json\/wp\/v2\/product_tag?post=1023"}],"curies":[{"name":"wp","href":"https:\/\/api.w.org\/{rel}","templated":true}]}}