{"id":1087,"date":"2022-11-08T00:26:00","date_gmt":"2022-11-07T23:26:00","guid":{"rendered":"https:\/\/macote.fr\/?post_type=product&#038;p=1087"},"modified":"2025-04-29T10:37:48","modified_gmt":"2025-04-29T08:37:48","slug":"kit-neon-voiture-led","status":"publish","type":"product","link":"https:\/\/macote.fr\/en\/product\/kit-neon-voiture-led\/","title":{"rendered":"Car Neon RGB Outdoor Kit"},"content":{"rendered":"<h1>Outdoor LED neon car kit<\/h1>\n<p>A Neon car LED kit is a must-have for all tuning enthusiasts and drivers who want to give their car a distinctive, modern look. The flexible LED strips allow you to create incredible lighting effects that will enhance your car, whether on the road or at car rallies.<\/p>\n<p>LED technology is the new benchmark for automotive lighting. It offers significantly lower energy consumption than other types of lighting, which means you can enjoy your neon car kit for hours on end without worrying about battery consumption. What's more, LEDs are brighter and longer-lasting than traditional neon, guaranteeing you a superior lighting experience.<\/p>\n<p>When you opt for a neon LED car kit with LED technology, you can personalize your vehicle to suit your tastes. You can choose from a wide range of colors, from classic ones like blue, red or green, to more original ones like purple, pink or yellow. What's more, neon car kits with LED technology can be programmed to change color and pattern at will.<\/p>\n<p>So go ahead and make your car shine with a neon car kit featuring LED technology. You'll be sure to make a splash and catch everyone's eye when you're on the road or out and about. Order now and turn your car into a shining jewel!<\/p>\n<h6>Specification:<\/h6>\n<p>Note: the remote control is not supplied with batteries.<\/p>\n<p>size: 2* 120cm+150cm<\/p>\n<p>New design and high-quality LED: the LED under car light is soft and flexible, can be bent arbitrarily, completely waterproof IP 68. A total of 250 LED parts<br \/>\nApp-based control and 16 million colors, to turn lights on or off, dim or brighten and even adjust mode speed.<\/p>\n<p>jumping\/breathing\/blinking\/gradual color change\/synchronization with music. There are 210 preset modes. In music mode, the color, brightness and speed of light synchronize with your favorite song during the journey.<\/p>","protected":false},"excerpt":{"rendered":"<div class=\"group w-full text-gray-800 dark:text-gray-100 border-b border-black\/10 dark:border-gray-900\/50 bg-gray-50 dark:bg-[#444654]\">\n<div class=\"text-base gap-4 md:gap-6 md:max-w-2xl lg:max-w-xl xl:max-w-3xl p-4 md:py-6 flex lg:px-0 m-auto\">\n<div class=\"relative flex w-[calc(100%-50px)] flex-col gap-1 md:gap-3 lg:w-[calc(100%-115px)]\">\n<div class=\"flex flex-grow flex-col gap-3\">\n<div class=\"min-h-[20px] flex flex-col items-start gap-4 whitespace-pre-wrap\">\n<div class=\"markdown prose w-full break-words dark:prose-invert light\">\n<p>Le kit Neon voiture LED est un accessoire incontournable pour tous les amateurs de tuning et les conducteurs qui souhaitent donner \u00e0 leur voiture un look personnalis\u00e9 et lumineux. Gr\u00e2ce \u00e0 la technologie LED, ce kit est \u00e9conome en \u00e9nergie, durable et offre une grande vari\u00e9t\u00e9 de couleurs et de motifs pour un effet lumineux unique et remarquable. Commandez d\u00e8s maintenant pour donner une touche de style \u00e0 votre voiture !<\/p>\n<\/div>\n<\/div>\n<\/div>\n<\/div>\n<\/div>\n<\/div>\n","protected":false},"featured_media":1088,"comment_status":"open","ping_status":"closed","template":"","meta":{"_eb_attr":""},"product_brand":[],"product_cat":[68,67],"product_tag":[],"class_list":{"0":"post-1087","1":"product","2":"type-product","3":"status-publish","4":"has-post-thumbnail","6":"product_cat-eclairage-signature-lumineuse","7":"product_cat-modification-exterieur-vehicule","9":"first","10":"instock","11":"taxable","12":"shipping-taxable","13":"purchasable","14":"product-type-simple"},"yoast_head":"<!-- This site is optimized with the Yoast SEO Premium plugin v20.7 (Yoast SEO v27.3) - https:\/\/yoast.com\/product\/yoast-seo-premium-wordpress\/ -->\n<title>kit N\u00e9on voiture LED RGB ext\u00e9rieur MaCote.fr -<\/title>\n<meta name=\"description\" content=\"Retrouvez notre kit neon voiture led RGB de haute Qualit\u00e9 adaptable sur toutes les voitures. Conf\u00e9rant un style Unique \u00e0 votre V\u00e9hicule en ext\u00e9rieur.\" \/>\n<meta name=\"robots\" content=\"index, follow, max-snippet:-1, max-image-preview:large, max-video-preview:-1\" \/>\n<link rel=\"canonical\" href=\"https:\/\/macote.fr\/en\/product\/kit-neon-voiture-led\/\" \/>\n<meta property=\"og:locale\" content=\"en_US\" \/>\n<meta property=\"og:type\" content=\"article\" \/>\n<meta property=\"og:title\" content=\"kit N\u00e9on voiture LED RGB ext\u00e9rieur\" \/>\n<meta property=\"og:description\" content=\"Retrouvez notre kit neon voiture led RGB de haute Qualit\u00e9 adaptable sur toutes les voitures. Conf\u00e9rant un style Unique \u00e0 votre V\u00e9hicule en ext\u00e9rieur.\" \/>\n<meta property=\"og:url\" content=\"https:\/\/macote.fr\/en\/product\/kit-neon-voiture-led\/\" \/>\n<meta property=\"og:site_name\" content=\"MaCote.fr\" \/>\n<meta property=\"article:publisher\" content=\"https:\/\/www.facebook.com\/profile.php?id=100091476586119\" \/>\n<meta property=\"article:modified_time\" content=\"2025-04-29T08:37:48+00:00\" \/>\n<meta property=\"og:image\" content=\"https:\/\/macote.fr\/wp-content\/uploads\/2022\/11\/neon-de-voiture-LED-puissant-toutes-couleur-bmw-e90-M3.jpg\" \/>\n\t<meta property=\"og:image:width\" content=\"669\" \/>\n\t<meta property=\"og:image:height\" content=\"674\" \/>\n\t<meta property=\"og:image:type\" content=\"image\/jpeg\" \/>\n<meta name=\"twitter:card\" content=\"summary_large_image\" \/>\n<meta name=\"twitter:label1\" content=\"Est. reading time\" \/>\n\t<meta name=\"twitter:data1\" content=\"2 minutes\" \/>\n<script type=\"application\/ld+json\" class=\"yoast-schema-graph\">{\"@context\":\"https:\\\/\\\/schema.org\",\"@graph\":[{\"@type\":\"WebPage\",\"@id\":\"https:\\\/\\\/macote.fr\\\/produit\\\/kit-neon-voiture-led\\\/\",\"url\":\"https:\\\/\\\/macote.fr\\\/produit\\\/kit-neon-voiture-led\\\/\",\"name\":\"kit N\u00e9on voiture LED RGB ext\u00e9rieur MaCote.fr -\",\"isPartOf\":{\"@id\":\"https:\\\/\\\/macote.fr\\\/#website\"},\"primaryImageOfPage\":{\"@id\":\"https:\\\/\\\/macote.fr\\\/produit\\\/kit-neon-voiture-led\\\/#primaryimage\"},\"image\":{\"@id\":\"https:\\\/\\\/macote.fr\\\/produit\\\/kit-neon-voiture-led\\\/#primaryimage\"},\"thumbnailUrl\":\"https:\\\/\\\/macote.fr\\\/wp-content\\\/uploads\\\/2022\\\/11\\\/neon-de-voiture-LED-puissant-toutes-couleur-bmw-e90-M3.jpg\",\"datePublished\":\"2022-11-07T23:26:00+00:00\",\"dateModified\":\"2025-04-29T08:37:48+00:00\",\"description\":\"Retrouvez notre kit neon voiture led RGB de haute Qualit\u00e9 adaptable sur toutes les voitures. Conf\u00e9rant un style Unique \u00e0 votre V\u00e9hicule en ext\u00e9rieur.\",\"breadcrumb\":{\"@id\":\"https:\\\/\\\/macote.fr\\\/produit\\\/kit-neon-voiture-led\\\/#breadcrumb\"},\"inLanguage\":\"en-US\",\"potentialAction\":[{\"@type\":\"ReadAction\",\"target\":[\"https:\\\/\\\/macote.fr\\\/produit\\\/kit-neon-voiture-led\\\/\"]}]},{\"@type\":\"ImageObject\",\"inLanguage\":\"en-US\",\"@id\":\"https:\\\/\\\/macote.fr\\\/produit\\\/kit-neon-voiture-led\\\/#primaryimage\",\"url\":\"https:\\\/\\\/macote.fr\\\/wp-content\\\/uploads\\\/2022\\\/11\\\/neon-de-voiture-LED-puissant-toutes-couleur-bmw-e90-M3.jpg\",\"contentUrl\":\"https:\\\/\\\/macote.fr\\\/wp-content\\\/uploads\\\/2022\\\/11\\\/neon-de-voiture-LED-puissant-toutes-couleur-bmw-e90-M3.jpg\",\"width\":669,\"height\":674,\"caption\":\"n\u00e9on de voiture LED puissant toutes couleur bmw e90 M3\"},{\"@type\":\"BreadcrumbList\",\"@id\":\"https:\\\/\\\/macote.fr\\\/produit\\\/kit-neon-voiture-led\\\/#breadcrumb\",\"itemListElement\":[{\"@type\":\"ListItem\",\"position\":1,\"name\":\"Accueil\",\"item\":\"https:\\\/\\\/macote.fr\\\/\"},{\"@type\":\"ListItem\",\"position\":2,\"name\":\"Boutique\",\"item\":\"https:\\\/\\\/macote.fr\\\/boutique\\\/\"},{\"@type\":\"ListItem\",\"position\":3,\"name\":\"kit N\u00e9on voiture LED RGB ext\u00e9rieur\"}]},{\"@type\":\"WebSite\",\"@id\":\"https:\\\/\\\/macote.fr\\\/#website\",\"url\":\"https:\\\/\\\/macote.fr\\\/\",\"name\":\"MaCote.fr\",\"description\":\"BMW best accessories\",\"publisher\":{\"@id\":\"https:\\\/\\\/macote.fr\\\/#organization\"},\"alternateName\":\"BMW tuning\",\"potentialAction\":[{\"@type\":\"SearchAction\",\"target\":{\"@type\":\"EntryPoint\",\"urlTemplate\":\"https:\\\/\\\/macote.fr\\\/?s={search_term_string}\"},\"query-input\":{\"@type\":\"PropertyValueSpecification\",\"valueRequired\":true,\"valueName\":\"search_term_string\"}}],\"inLanguage\":\"en-US\"},{\"@type\":\"Organization\",\"@id\":\"https:\\\/\\\/macote.fr\\\/#organization\",\"name\":\"Macote.fr\",\"alternateName\":\"BMW tuning\",\"url\":\"https:\\\/\\\/macote.fr\\\/\",\"logo\":{\"@type\":\"ImageObject\",\"inLanguage\":\"en-US\",\"@id\":\"https:\\\/\\\/macote.fr\\\/#\\\/schema\\\/logo\\\/image\\\/\",\"url\":\"https:\\\/\\\/macote.fr\\\/wp-content\\\/uploads\\\/2023\\\/11\\\/LOGO-macote.fr-dessin-bmw-noir-copy.jpg\",\"contentUrl\":\"https:\\\/\\\/macote.fr\\\/wp-content\\\/uploads\\\/2023\\\/11\\\/LOGO-macote.fr-dessin-bmw-noir-copy.jpg\",\"width\":732,\"height\":456,\"caption\":\"Macote.fr\"},\"image\":{\"@id\":\"https:\\\/\\\/macote.fr\\\/#\\\/schema\\\/logo\\\/image\\\/\"},\"sameAs\":[\"https:\\\/\\\/www.facebook.com\\\/profile.php?id=100091476586119\",\"https:\\\/\\\/www.youtube.com\\\/channel\\\/UCgO-YTbaxYO-w_C5GfL-_1w\",\"https:\\\/\\\/www.tiktok.com\\\/@macote.fr?is_from_webapp=1&sender_device=pc\",\"https:\\\/\\\/www.instagram.com\\\/i_xila_i\\\/\"]}]}<\/script>\n<!-- \/ Yoast SEO Premium plugin. -->","yoast_head_json":{"title":"kit Neon car LED RGB outdoor MaCote.fr -","description":"Find our high quality RGB led neon car kit adaptable to all cars. Conferring a unique style to your vehicle outdoors.","robots":{"index":"index","follow":"follow","max-snippet":"max-snippet:-1","max-image-preview":"max-image-preview:large","max-video-preview":"max-video-preview:-1"},"canonical":"https:\/\/macote.fr\/en\/product\/kit-neon-voiture-led\/","og_locale":"en_US","og_type":"article","og_title":"kit N\u00e9on voiture LED RGB ext\u00e9rieur","og_description":"Retrouvez notre kit neon voiture led RGB de haute Qualit\u00e9 adaptable sur toutes les voitures. Conf\u00e9rant un style Unique \u00e0 votre V\u00e9hicule en ext\u00e9rieur.","og_url":"https:\/\/macote.fr\/en\/product\/kit-neon-voiture-led\/","og_site_name":"MaCote.fr","article_publisher":"https:\/\/www.facebook.com\/profile.php?id=100091476586119","article_modified_time":"2025-04-29T08:37:48+00:00","og_image":[{"width":669,"height":674,"url":"https:\/\/macote.fr\/wp-content\/uploads\/2022\/11\/neon-de-voiture-LED-puissant-toutes-couleur-bmw-e90-M3.jpg","type":"image\/jpeg"}],"twitter_card":"summary_large_image","twitter_misc":{"Est. reading time":"2 minutes"},"schema":{"@context":"https:\/\/schema.org","@graph":[{"@type":"WebPage","@id":"https:\/\/macote.fr\/produit\/kit-neon-voiture-led\/","url":"https:\/\/macote.fr\/produit\/kit-neon-voiture-led\/","name":"kit Neon car LED RGB outdoor MaCote.fr -","isPartOf":{"@id":"https:\/\/macote.fr\/#website"},"primaryImageOfPage":{"@id":"https:\/\/macote.fr\/produit\/kit-neon-voiture-led\/#primaryimage"},"image":{"@id":"https:\/\/macote.fr\/produit\/kit-neon-voiture-led\/#primaryimage"},"thumbnailUrl":"https:\/\/macote.fr\/wp-content\/uploads\/2022\/11\/neon-de-voiture-LED-puissant-toutes-couleur-bmw-e90-M3.jpg","datePublished":"2022-11-07T23:26:00+00:00","dateModified":"2025-04-29T08:37:48+00:00","description":"Find our high quality RGB led neon car kit adaptable to all cars. Conferring a unique style to your vehicle outdoors.","breadcrumb":{"@id":"https:\/\/macote.fr\/produit\/kit-neon-voiture-led\/#breadcrumb"},"inLanguage":"en-US","potentialAction":[{"@type":"ReadAction","target":["https:\/\/macote.fr\/produit\/kit-neon-voiture-led\/"]}]},{"@type":"ImageObject","inLanguage":"en-US","@id":"https:\/\/macote.fr\/produit\/kit-neon-voiture-led\/#primaryimage","url":"https:\/\/macote.fr\/wp-content\/uploads\/2022\/11\/neon-de-voiture-LED-puissant-toutes-couleur-bmw-e90-M3.jpg","contentUrl":"https:\/\/macote.fr\/wp-content\/uploads\/2022\/11\/neon-de-voiture-LED-puissant-toutes-couleur-bmw-e90-M3.jpg","width":669,"height":674,"caption":"n\u00e9on de voiture LED puissant toutes couleur bmw e90 M3"},{"@type":"BreadcrumbList","@id":"https:\/\/macote.fr\/produit\/kit-neon-voiture-led\/#breadcrumb","itemListElement":[{"@type":"ListItem","position":1,"name":"Accueil","item":"https:\/\/macote.fr\/"},{"@type":"ListItem","position":2,"name":"Boutique","item":"https:\/\/macote.fr\/boutique\/"},{"@type":"ListItem","position":3,"name":"kit N\u00e9on voiture LED RGB ext\u00e9rieur"}]},{"@type":"WebSite","@id":"https:\/\/macote.fr\/#website","url":"https:\/\/macote.fr\/","name":"MyQuote.com","description":"BMW best accessories","publisher":{"@id":"https:\/\/macote.fr\/#organization"},"alternateName":"BMW tuning","potentialAction":[{"@type":"SearchAction","target":{"@type":"EntryPoint","urlTemplate":"https:\/\/macote.fr\/?s={search_term_string}"},"query-input":{"@type":"PropertyValueSpecification","valueRequired":true,"valueName":"search_term_string"}}],"inLanguage":"en-US"},{"@type":"Organization","@id":"https:\/\/macote.fr\/#organization","name":"Macote.fr","alternateName":"BMW tuning","url":"https:\/\/macote.fr\/","logo":{"@type":"ImageObject","inLanguage":"en-US","@id":"https:\/\/macote.fr\/#\/schema\/logo\/image\/","url":"https:\/\/macote.fr\/wp-content\/uploads\/2023\/11\/LOGO-macote.fr-dessin-bmw-noir-copy.jpg","contentUrl":"https:\/\/macote.fr\/wp-content\/uploads\/2023\/11\/LOGO-macote.fr-dessin-bmw-noir-copy.jpg","width":732,"height":456,"caption":"Macote.fr"},"image":{"@id":"https:\/\/macote.fr\/#\/schema\/logo\/image\/"},"sameAs":["https:\/\/www.facebook.com\/profile.php?id=100091476586119","https:\/\/www.youtube.com\/channel\/UCgO-YTbaxYO-w_C5GfL-_1w","https:\/\/www.tiktok.com\/@macote.fr?is_from_webapp=1&sender_device=pc","https:\/\/www.instagram.com\/i_xila_i\/"]}]}},"_links":{"self":[{"href":"https:\/\/macote.fr\/en\/wp-json\/wp\/v2\/product\/1087","targetHints":{"allow":["GET"]}}],"collection":[{"href":"https:\/\/macote.fr\/en\/wp-json\/wp\/v2\/product"}],"about":[{"href":"https:\/\/macote.fr\/en\/wp-json\/wp\/v2\/types\/product"}],"replies":[{"embeddable":true,"href":"https:\/\/macote.fr\/en\/wp-json\/wp\/v2\/comments?post=1087"}],"wp:featuredmedia":[{"embeddable":true,"href":"https:\/\/macote.fr\/en\/wp-json\/wp\/v2\/media\/1088"}],"wp:attachment":[{"href":"https:\/\/macote.fr\/en\/wp-json\/wp\/v2\/media?parent=1087"}],"wp:term":[{"taxonomy":"product_brand","embeddable":true,"href":"https:\/\/macote.fr\/en\/wp-json\/wp\/v2\/product_brand?post=1087"},{"taxonomy":"product_cat","embeddable":true,"href":"https:\/\/macote.fr\/en\/wp-json\/wp\/v2\/product_cat?post=1087"},{"taxonomy":"product_tag","embeddable":true,"href":"https:\/\/macote.fr\/en\/wp-json\/wp\/v2\/product_tag?post=1087"}],"curies":[{"name":"wp","href":"https:\/\/api.w.org\/{rel}","templated":true}]}}