{"id":1155,"date":"2022-11-19T19:13:31","date_gmt":"2022-11-19T18:13:31","guid":{"rendered":"https:\/\/macote.fr\/?post_type=product&#038;p=1155"},"modified":"2025-05-16T16:32:31","modified_gmt":"2025-05-16T14:32:31","slug":"car-lanyard-carrier-neck-strap-for-bmw-m-performance-accessories","status":"publish","type":"product","link":"https:\/\/macote.fr\/en\/product\/car-lanyard-carrier-neck-strap-for-bmw-m-performance-accessories\/","title":{"rendered":"Car Key Strap Neck Strap For BMW M Performance Accessories"},"content":{"rendered":"","protected":false},"excerpt":{"rendered":"","protected":false},"featured_media":1157,"comment_status":"open","ping_status":"closed","template":"","meta":{"_eb_attr":""},"product_brand":[],"product_cat":[271,56,274],"product_tag":[],"class_list":{"0":"post-1155","1":"product","2":"type-product","3":"status-publish","4":"has-post-thumbnail","6":"product_cat-bmw-accessoires-quotidien","7":"product_cat-accessoires-divers","8":"product_cat-portes-clefs-bmw","10":"first","11":"instock","12":"taxable","13":"shipping-taxable","14":"purchasable","15":"product-type-variable"},"yoast_head":"<!-- This site is optimized with the Yoast SEO Premium plugin v20.7 (Yoast SEO v27.4) - https:\/\/yoast.com\/product\/yoast-seo-premium-wordpress\/ -->\n<title>Lani\u00e8re Cl\u00e9s De Voiture Porte-cl\u00e9s Sangles de Cou Pour BMW M performance Accessoires - MaCote.fr<\/title>\n<meta name=\"robots\" content=\"index, follow, max-snippet:-1, max-image-preview:large, max-video-preview:-1\" \/>\n<link rel=\"canonical\" href=\"https:\/\/macote.fr\/en\/product\/car-lanyard-carrier-neck-strap-for-bmw-m-performance-accessories\/\" \/>\n<meta property=\"og:locale\" content=\"en_US\" \/>\n<meta property=\"og:type\" content=\"article\" \/>\n<meta property=\"og:title\" content=\"Lani\u00e8re Cl\u00e9s De Voiture Porte-cl\u00e9s Sangles de Cou Pour BMW M performance Accessoires\" \/>\n<meta property=\"og:url\" content=\"https:\/\/macote.fr\/en\/product\/car-lanyard-carrier-neck-strap-for-bmw-m-performance-accessories\/\" \/>\n<meta property=\"og:site_name\" content=\"MaCote.fr\" \/>\n<meta property=\"article:publisher\" content=\"https:\/\/www.facebook.com\/profile.php?id=100091476586119\" \/>\n<meta property=\"article:modified_time\" content=\"2025-05-16T14:32:31+00:00\" \/>\n<meta property=\"og:image\" content=\"https:\/\/macote.fr\/wp-content\/uploads\/2022\/11\/Laniere-Cles-De-Voiture-Porte-cles-Porte-CARTES-DIDENTITE-Sangles-de-Cou-Pour-BMW-m-performance-Accessoires-blanche.webp\" \/>\n\t<meta property=\"og:image:width\" content=\"800\" \/>\n\t<meta property=\"og:image:height\" content=\"800\" \/>\n\t<meta property=\"og:image:type\" content=\"image\/webp\" \/>\n<meta name=\"twitter:card\" content=\"summary_large_image\" \/>\n<meta name=\"twitter:label1\" content=\"Est. reading time\" \/>\n\t<meta name=\"twitter:data1\" content=\"1 minute\" \/>\n<script type=\"application\/ld+json\" class=\"yoast-schema-graph\">{\"@context\":\"https:\\\/\\\/schema.org\",\"@graph\":[{\"@type\":\"WebPage\",\"@id\":\"https:\\\/\\\/macote.fr\\\/produit\\\/laniere-cles-de-voiture-porte-cles-sangles-de-cou-pour-bmw-m-performance-accessoires\\\/\",\"url\":\"https:\\\/\\\/macote.fr\\\/produit\\\/laniere-cles-de-voiture-porte-cles-sangles-de-cou-pour-bmw-m-performance-accessoires\\\/\",\"name\":\"Lani\u00e8re Cl\u00e9s De Voiture Porte-cl\u00e9s Sangles de Cou Pour BMW M performance Accessoires - MaCote.fr\",\"isPartOf\":{\"@id\":\"https:\\\/\\\/macote.fr\\\/#website\"},\"primaryImageOfPage\":{\"@id\":\"https:\\\/\\\/macote.fr\\\/produit\\\/laniere-cles-de-voiture-porte-cles-sangles-de-cou-pour-bmw-m-performance-accessoires\\\/#primaryimage\"},\"image\":{\"@id\":\"https:\\\/\\\/macote.fr\\\/produit\\\/laniere-cles-de-voiture-porte-cles-sangles-de-cou-pour-bmw-m-performance-accessoires\\\/#primaryimage\"},\"thumbnailUrl\":\"https:\\\/\\\/macote.fr\\\/wp-content\\\/uploads\\\/2022\\\/11\\\/Laniere-Cles-De-Voiture-Porte-cles-Porte-CARTES-DIDENTITE-Sangles-de-Cou-Pour-BMW-m-performance-Accessoires-blanche.webp\",\"datePublished\":\"2022-11-19T18:13:31+00:00\",\"dateModified\":\"2025-05-16T14:32:31+00:00\",\"breadcrumb\":{\"@id\":\"https:\\\/\\\/macote.fr\\\/produit\\\/laniere-cles-de-voiture-porte-cles-sangles-de-cou-pour-bmw-m-performance-accessoires\\\/#breadcrumb\"},\"inLanguage\":\"en-US\",\"potentialAction\":[{\"@type\":\"ReadAction\",\"target\":[\"https:\\\/\\\/macote.fr\\\/produit\\\/laniere-cles-de-voiture-porte-cles-sangles-de-cou-pour-bmw-m-performance-accessoires\\\/\"]}]},{\"@type\":\"ImageObject\",\"inLanguage\":\"en-US\",\"@id\":\"https:\\\/\\\/macote.fr\\\/produit\\\/laniere-cles-de-voiture-porte-cles-sangles-de-cou-pour-bmw-m-performance-accessoires\\\/#primaryimage\",\"url\":\"https:\\\/\\\/macote.fr\\\/wp-content\\\/uploads\\\/2022\\\/11\\\/Laniere-Cles-De-Voiture-Porte-cles-Porte-CARTES-DIDENTITE-Sangles-de-Cou-Pour-BMW-m-performance-Accessoires-blanche.webp\",\"contentUrl\":\"https:\\\/\\\/macote.fr\\\/wp-content\\\/uploads\\\/2022\\\/11\\\/Laniere-Cles-De-Voiture-Porte-cles-Porte-CARTES-DIDENTITE-Sangles-de-Cou-Pour-BMW-m-performance-Accessoires-blanche.webp\",\"width\":800,\"height\":800,\"caption\":\"Lani\u00e8re Cl\u00e9s De Voiture Porte-cl\u00e9s Porte-CARTES D'IDENTIT\u00c9 Sangles de Cou Pour BMW m performance Accessoires blanche\"},{\"@type\":\"BreadcrumbList\",\"@id\":\"https:\\\/\\\/macote.fr\\\/produit\\\/laniere-cles-de-voiture-porte-cles-sangles-de-cou-pour-bmw-m-performance-accessoires\\\/#breadcrumb\",\"itemListElement\":[{\"@type\":\"ListItem\",\"position\":1,\"name\":\"Accueil\",\"item\":\"https:\\\/\\\/macote.fr\\\/\"},{\"@type\":\"ListItem\",\"position\":2,\"name\":\"Boutique\",\"item\":\"https:\\\/\\\/macote.fr\\\/boutique\\\/\"},{\"@type\":\"ListItem\",\"position\":3,\"name\":\"Lani\u00e8re Cl\u00e9s De Voiture Porte-cl\u00e9s Sangles de Cou Pour BMW M performance Accessoires\"}]},{\"@type\":\"WebSite\",\"@id\":\"https:\\\/\\\/macote.fr\\\/#website\",\"url\":\"https:\\\/\\\/macote.fr\\\/\",\"name\":\"MaCote.fr\",\"description\":\"BMW best accessories\",\"publisher\":{\"@id\":\"https:\\\/\\\/macote.fr\\\/#organization\"},\"alternateName\":\"BMW tuning\",\"potentialAction\":[{\"@type\":\"SearchAction\",\"target\":{\"@type\":\"EntryPoint\",\"urlTemplate\":\"https:\\\/\\\/macote.fr\\\/?s={search_term_string}\"},\"query-input\":{\"@type\":\"PropertyValueSpecification\",\"valueRequired\":true,\"valueName\":\"search_term_string\"}}],\"inLanguage\":\"en-US\"},{\"@type\":\"Organization\",\"@id\":\"https:\\\/\\\/macote.fr\\\/#organization\",\"name\":\"Macote.fr\",\"alternateName\":\"BMW tuning\",\"url\":\"https:\\\/\\\/macote.fr\\\/\",\"logo\":{\"@type\":\"ImageObject\",\"inLanguage\":\"en-US\",\"@id\":\"https:\\\/\\\/macote.fr\\\/#\\\/schema\\\/logo\\\/image\\\/\",\"url\":\"https:\\\/\\\/macote.fr\\\/wp-content\\\/uploads\\\/2023\\\/11\\\/LOGO-macote.fr-dessin-bmw-noir-copy.jpg\",\"contentUrl\":\"https:\\\/\\\/macote.fr\\\/wp-content\\\/uploads\\\/2023\\\/11\\\/LOGO-macote.fr-dessin-bmw-noir-copy.jpg\",\"width\":732,\"height\":456,\"caption\":\"Macote.fr\"},\"image\":{\"@id\":\"https:\\\/\\\/macote.fr\\\/#\\\/schema\\\/logo\\\/image\\\/\"},\"sameAs\":[\"https:\\\/\\\/www.facebook.com\\\/profile.php?id=100091476586119\",\"https:\\\/\\\/www.youtube.com\\\/channel\\\/UCgO-YTbaxYO-w_C5GfL-_1w\",\"https:\\\/\\\/www.tiktok.com\\\/@macote.fr?is_from_webapp=1&sender_device=pc\",\"https:\\\/\\\/www.instagram.com\\\/i_xila_i\\\/\"]}]}<\/script>\n<!-- \/ Yoast SEO Premium plugin. -->","yoast_head_json":{"title":"Car Key Strap Neck Strap For BMW M Performance Accessories - MaCote.fr","robots":{"index":"index","follow":"follow","max-snippet":"max-snippet:-1","max-image-preview":"max-image-preview:large","max-video-preview":"max-video-preview:-1"},"canonical":"https:\/\/macote.fr\/en\/product\/car-lanyard-carrier-neck-strap-for-bmw-m-performance-accessories\/","og_locale":"en_US","og_type":"article","og_title":"Lani\u00e8re Cl\u00e9s De Voiture Porte-cl\u00e9s Sangles de Cou Pour BMW M performance Accessoires","og_url":"https:\/\/macote.fr\/en\/product\/car-lanyard-carrier-neck-strap-for-bmw-m-performance-accessories\/","og_site_name":"MaCote.fr","article_publisher":"https:\/\/www.facebook.com\/profile.php?id=100091476586119","article_modified_time":"2025-05-16T14:32:31+00:00","og_image":[{"width":800,"height":800,"url":"https:\/\/macote.fr\/wp-content\/uploads\/2022\/11\/Laniere-Cles-De-Voiture-Porte-cles-Porte-CARTES-DIDENTITE-Sangles-de-Cou-Pour-BMW-m-performance-Accessoires-blanche.webp","type":"image\/webp"}],"twitter_card":"summary_large_image","twitter_misc":{"Est. reading time":"1 minute"},"schema":{"@context":"https:\/\/schema.org","@graph":[{"@type":"WebPage","@id":"https:\/\/macote.fr\/produit\/laniere-cles-de-voiture-porte-cles-sangles-de-cou-pour-bmw-m-performance-accessoires\/","url":"https:\/\/macote.fr\/produit\/laniere-cles-de-voiture-porte-cles-sangles-de-cou-pour-bmw-m-performance-accessoires\/","name":"Car Key Strap Neck Strap For BMW M Performance Accessories - MaCote.fr","isPartOf":{"@id":"https:\/\/macote.fr\/#website"},"primaryImageOfPage":{"@id":"https:\/\/macote.fr\/produit\/laniere-cles-de-voiture-porte-cles-sangles-de-cou-pour-bmw-m-performance-accessoires\/#primaryimage"},"image":{"@id":"https:\/\/macote.fr\/produit\/laniere-cles-de-voiture-porte-cles-sangles-de-cou-pour-bmw-m-performance-accessoires\/#primaryimage"},"thumbnailUrl":"https:\/\/macote.fr\/wp-content\/uploads\/2022\/11\/Laniere-Cles-De-Voiture-Porte-cles-Porte-CARTES-DIDENTITE-Sangles-de-Cou-Pour-BMW-m-performance-Accessoires-blanche.webp","datePublished":"2022-11-19T18:13:31+00:00","dateModified":"2025-05-16T14:32:31+00:00","breadcrumb":{"@id":"https:\/\/macote.fr\/produit\/laniere-cles-de-voiture-porte-cles-sangles-de-cou-pour-bmw-m-performance-accessoires\/#breadcrumb"},"inLanguage":"en-US","potentialAction":[{"@type":"ReadAction","target":["https:\/\/macote.fr\/produit\/laniere-cles-de-voiture-porte-cles-sangles-de-cou-pour-bmw-m-performance-accessoires\/"]}]},{"@type":"ImageObject","inLanguage":"en-US","@id":"https:\/\/macote.fr\/produit\/laniere-cles-de-voiture-porte-cles-sangles-de-cou-pour-bmw-m-performance-accessoires\/#primaryimage","url":"https:\/\/macote.fr\/wp-content\/uploads\/2022\/11\/Laniere-Cles-De-Voiture-Porte-cles-Porte-CARTES-DIDENTITE-Sangles-de-Cou-Pour-BMW-m-performance-Accessoires-blanche.webp","contentUrl":"https:\/\/macote.fr\/wp-content\/uploads\/2022\/11\/Laniere-Cles-De-Voiture-Porte-cles-Porte-CARTES-DIDENTITE-Sangles-de-Cou-Pour-BMW-m-performance-Accessoires-blanche.webp","width":800,"height":800,"caption":"Lani\u00e8re Cl\u00e9s De Voiture Porte-cl\u00e9s Porte-CARTES D'IDENTIT\u00c9 Sangles de Cou Pour BMW m performance Accessoires blanche"},{"@type":"BreadcrumbList","@id":"https:\/\/macote.fr\/produit\/laniere-cles-de-voiture-porte-cles-sangles-de-cou-pour-bmw-m-performance-accessoires\/#breadcrumb","itemListElement":[{"@type":"ListItem","position":1,"name":"Accueil","item":"https:\/\/macote.fr\/"},{"@type":"ListItem","position":2,"name":"Boutique","item":"https:\/\/macote.fr\/boutique\/"},{"@type":"ListItem","position":3,"name":"Lani\u00e8re Cl\u00e9s De Voiture Porte-cl\u00e9s Sangles de Cou Pour BMW M performance Accessoires"}]},{"@type":"WebSite","@id":"https:\/\/macote.fr\/#website","url":"https:\/\/macote.fr\/","name":"MyQuote.com","description":"BMW best accessories","publisher":{"@id":"https:\/\/macote.fr\/#organization"},"alternateName":"BMW tuning","potentialAction":[{"@type":"SearchAction","target":{"@type":"EntryPoint","urlTemplate":"https:\/\/macote.fr\/?s={search_term_string}"},"query-input":{"@type":"PropertyValueSpecification","valueRequired":true,"valueName":"search_term_string"}}],"inLanguage":"en-US"},{"@type":"Organization","@id":"https:\/\/macote.fr\/#organization","name":"Macote.fr","alternateName":"BMW tuning","url":"https:\/\/macote.fr\/","logo":{"@type":"ImageObject","inLanguage":"en-US","@id":"https:\/\/macote.fr\/#\/schema\/logo\/image\/","url":"https:\/\/macote.fr\/wp-content\/uploads\/2023\/11\/LOGO-macote.fr-dessin-bmw-noir-copy.jpg","contentUrl":"https:\/\/macote.fr\/wp-content\/uploads\/2023\/11\/LOGO-macote.fr-dessin-bmw-noir-copy.jpg","width":732,"height":456,"caption":"Macote.fr"},"image":{"@id":"https:\/\/macote.fr\/#\/schema\/logo\/image\/"},"sameAs":["https:\/\/www.facebook.com\/profile.php?id=100091476586119","https:\/\/www.youtube.com\/channel\/UCgO-YTbaxYO-w_C5GfL-_1w","https:\/\/www.tiktok.com\/@macote.fr?is_from_webapp=1&sender_device=pc","https:\/\/www.instagram.com\/i_xila_i\/"]}]}},"_links":{"self":[{"href":"https:\/\/macote.fr\/en\/wp-json\/wp\/v2\/product\/1155","targetHints":{"allow":["GET"]}}],"collection":[{"href":"https:\/\/macote.fr\/en\/wp-json\/wp\/v2\/product"}],"about":[{"href":"https:\/\/macote.fr\/en\/wp-json\/wp\/v2\/types\/product"}],"replies":[{"embeddable":true,"href":"https:\/\/macote.fr\/en\/wp-json\/wp\/v2\/comments?post=1155"}],"wp:featuredmedia":[{"embeddable":true,"href":"https:\/\/macote.fr\/en\/wp-json\/wp\/v2\/media\/1157"}],"wp:attachment":[{"href":"https:\/\/macote.fr\/en\/wp-json\/wp\/v2\/media?parent=1155"}],"wp:term":[{"taxonomy":"product_brand","embeddable":true,"href":"https:\/\/macote.fr\/en\/wp-json\/wp\/v2\/product_brand?post=1155"},{"taxonomy":"product_cat","embeddable":true,"href":"https:\/\/macote.fr\/en\/wp-json\/wp\/v2\/product_cat?post=1155"},{"taxonomy":"product_tag","embeddable":true,"href":"https:\/\/macote.fr\/en\/wp-json\/wp\/v2\/product_tag?post=1155"}],"curies":[{"name":"wp","href":"https:\/\/api.w.org\/{rel}","templated":true}]}}