{"id":1194,"date":"2022-12-02T14:30:54","date_gmt":"2022-12-02T13:30:54","guid":{"rendered":"https:\/\/macote.fr\/?post_type=product&#038;p=1194"},"modified":"2025-01-26T19:40:18","modified_gmt":"2025-01-26T18:40:18","slug":"cap-fuel-fiber-carbon-bmw","status":"publish","type":"product","link":"https:\/\/macote.fr\/en\/product\/cap-fuel-fiber-carbon-bmw\/","title":{"rendered":"BMW carbon fiber fuel filler cap"},"content":{"rendered":"<h1 style=\"text-align: center;\"><strong>Carbon Fiber Fuel Tank Cap for BMW<\/strong><\/h1>\n<p>Tired of opening your plastic fuel filler flap? We've got the solution for you with our carbon fiber fuel filler cap, which gives you that premium look even during the thankless task of filling your tank.<\/p>\n<p>Add a touch of elegance and performance to your BMW with our <strong>carbon fiber fuel filler cap<\/strong>. Designed to fit all BMW models, this cap combines refined design with exceptional durability to give your projects a finished look.<\/p>\n<p><strong>Main features :<\/strong><\/p>\n<ul>\n<li><strong>Perfect fit<\/strong> Compatible with all BMW models for effortless installation.<\/li>\n<li><strong>Two material options<\/strong> Available in <strong>classic carbon fiber<\/strong> or in <strong>forged carbon fiber<\/strong>to reflect your unique style.<\/li>\n<li><strong>Lightweight and durable<\/strong> Made from high-precision carbon fibre, for strength and lightness.<\/li>\n<li><strong>Luxurious finish<\/strong> A high-gloss finish that adds a touch of sophistication and enhances the aesthetics of your BMW.<\/li>\n<li><strong>Optimized performance<\/strong> Designed to ensure a perfect seal and maintain fuel efficiency while offering a sporty look.<\/li>\n<\/ul>\n<p>Give your BMW a stylish upgrade with this <strong>carbon fiber fuel filler cap<\/strong>. Whether for everyday use or to shine at shows, this cap combines style, quality and precision to enhance your vehicle.<\/p>","protected":false},"excerpt":{"rendered":"<p>Bouchon de R\u00e9servoir d&rsquo;essence\u00a0en Fibre de Carbone pour BMW Vous en avez marre d&rsquo;ouvrir votre trappe \u00e0 essence en plastique ? Nous avons la solution pour vous avec notre bouchon de r\u00e9servoir d&rsquo;essence en fibre de carbone qui vous donne cet aspect premium m\u00eame lors de la tache ingrate de remplir son r\u00e9servoir. Apportez une [&hellip;]<\/p>\n","protected":false},"featured_media":1195,"comment_status":"open","ping_status":"closed","template":"","meta":{"_eb_attr":""},"product_brand":[],"product_cat":[263,262,67],"product_tag":[],"class_list":{"0":"post-1194","1":"product","2":"type-product","3":"status-publish","4":"has-post-thumbnail","6":"product_cat-bmw-accessoires-fibre-de-carbone","7":"product_cat-bmw-accessoires-universels","8":"product_cat-modification-exterieur-vehicule","10":"first","11":"instock","12":"taxable","13":"shipping-taxable","14":"purchasable","15":"product-type-variable"},"yoast_head":"<!-- This site is optimized with the Yoast SEO Premium plugin v20.7 (Yoast SEO v27.4) - https:\/\/yoast.com\/product\/yoast-seo-premium-wordpress\/ -->\n<title>Bouchon de r\u00e9servoir d&#039;essence en fibre de carbone BMW - MaCote.fr<\/title>\n<meta name=\"description\" content=\"retrouvez notre Bouchon de r\u00e9servoir d&#039;essence en fibre de carbone adapt\u00e9 \u00e0 toutes les BMW, elle donne un style luxueux \u00e0 votre BMW et un aspect fini \u00e0 votre projet !\" \/>\n<meta name=\"robots\" content=\"index, follow, max-snippet:-1, max-image-preview:large, max-video-preview:-1\" \/>\n<link rel=\"canonical\" href=\"https:\/\/macote.fr\/en\/product\/cap-fuel-fiber-carbon-bmw\/\" \/>\n<meta property=\"og:locale\" content=\"en_US\" \/>\n<meta property=\"og:type\" content=\"article\" \/>\n<meta property=\"og:title\" content=\"Bouchon de r\u00e9servoir d&#039;essence en fibre de carbone BMW\" \/>\n<meta property=\"og:description\" content=\"retrouvez notre Bouchon de r\u00e9servoir d&#039;essence en fibre de carbone adapt\u00e9 \u00e0 toutes les BMW, elle donne un style luxueux \u00e0 votre BMW et un aspect fini \u00e0 votre projet !\" \/>\n<meta property=\"og:url\" content=\"https:\/\/macote.fr\/en\/product\/cap-fuel-fiber-carbon-bmw\/\" \/>\n<meta property=\"og:site_name\" content=\"MaCote.fr\" \/>\n<meta property=\"article:publisher\" content=\"https:\/\/www.facebook.com\/profile.php?id=100091476586119\" \/>\n<meta property=\"article:modified_time\" content=\"2025-01-26T18:40:18+00:00\" \/>\n<meta property=\"og:image\" content=\"https:\/\/macote.fr\/wp-content\/uploads\/2022\/12\/Bouchon-trape-a-essence-en-fibre-de-Carbone-BMW.webp\" \/>\n\t<meta property=\"og:image:width\" content=\"750\" \/>\n\t<meta property=\"og:image:height\" content=\"1000\" \/>\n\t<meta property=\"og:image:type\" content=\"image\/webp\" \/>\n<meta name=\"twitter:card\" content=\"summary_large_image\" \/>\n<meta name=\"twitter:label1\" content=\"Est. reading time\" \/>\n\t<meta name=\"twitter:data1\" content=\"2 minutes\" \/>\n<script type=\"application\/ld+json\" class=\"yoast-schema-graph\">{\"@context\":\"https:\\\/\\\/schema.org\",\"@graph\":[{\"@type\":\"WebPage\",\"@id\":\"https:\\\/\\\/macote.fr\\\/produit\\\/bouchon-essence-fibre-carbone-bmw\\\/\",\"url\":\"https:\\\/\\\/macote.fr\\\/produit\\\/bouchon-essence-fibre-carbone-bmw\\\/\",\"name\":\"Bouchon de r\u00e9servoir d'essence en fibre de carbone BMW - MaCote.fr\",\"isPartOf\":{\"@id\":\"https:\\\/\\\/macote.fr\\\/#website\"},\"primaryImageOfPage\":{\"@id\":\"https:\\\/\\\/macote.fr\\\/produit\\\/bouchon-essence-fibre-carbone-bmw\\\/#primaryimage\"},\"image\":{\"@id\":\"https:\\\/\\\/macote.fr\\\/produit\\\/bouchon-essence-fibre-carbone-bmw\\\/#primaryimage\"},\"thumbnailUrl\":\"https:\\\/\\\/macote.fr\\\/wp-content\\\/uploads\\\/2022\\\/12\\\/Bouchon-trape-a-essence-en-fibre-de-Carbone-BMW.webp\",\"datePublished\":\"2022-12-02T13:30:54+00:00\",\"dateModified\":\"2025-01-26T18:40:18+00:00\",\"description\":\"retrouvez notre Bouchon de r\u00e9servoir d'essence en fibre de carbone adapt\u00e9 \u00e0 toutes les BMW, elle donne un style luxueux \u00e0 votre BMW et un aspect fini \u00e0 votre projet !\",\"breadcrumb\":{\"@id\":\"https:\\\/\\\/macote.fr\\\/produit\\\/bouchon-essence-fibre-carbone-bmw\\\/#breadcrumb\"},\"inLanguage\":\"en-US\",\"potentialAction\":[{\"@type\":\"ReadAction\",\"target\":[\"https:\\\/\\\/macote.fr\\\/produit\\\/bouchon-essence-fibre-carbone-bmw\\\/\"]}]},{\"@type\":\"ImageObject\",\"inLanguage\":\"en-US\",\"@id\":\"https:\\\/\\\/macote.fr\\\/produit\\\/bouchon-essence-fibre-carbone-bmw\\\/#primaryimage\",\"url\":\"https:\\\/\\\/macote.fr\\\/wp-content\\\/uploads\\\/2022\\\/12\\\/Bouchon-trape-a-essence-en-fibre-de-Carbone-BMW.webp\",\"contentUrl\":\"https:\\\/\\\/macote.fr\\\/wp-content\\\/uploads\\\/2022\\\/12\\\/Bouchon-trape-a-essence-en-fibre-de-Carbone-BMW.webp\",\"width\":750,\"height\":1000,\"caption\":\"Bouchon trape \u00e0 essence en fibre de Carbone BMW\"},{\"@type\":\"BreadcrumbList\",\"@id\":\"https:\\\/\\\/macote.fr\\\/produit\\\/bouchon-essence-fibre-carbone-bmw\\\/#breadcrumb\",\"itemListElement\":[{\"@type\":\"ListItem\",\"position\":1,\"name\":\"Accueil\",\"item\":\"https:\\\/\\\/macote.fr\\\/\"},{\"@type\":\"ListItem\",\"position\":2,\"name\":\"Boutique\",\"item\":\"https:\\\/\\\/macote.fr\\\/boutique\\\/\"},{\"@type\":\"ListItem\",\"position\":3,\"name\":\"Bouchon de r\u00e9servoir d&rsquo;essence en fibre de carbone BMW\"}]},{\"@type\":\"WebSite\",\"@id\":\"https:\\\/\\\/macote.fr\\\/#website\",\"url\":\"https:\\\/\\\/macote.fr\\\/\",\"name\":\"MaCote.fr\",\"description\":\"BMW best accessories\",\"publisher\":{\"@id\":\"https:\\\/\\\/macote.fr\\\/#organization\"},\"alternateName\":\"BMW tuning\",\"potentialAction\":[{\"@type\":\"SearchAction\",\"target\":{\"@type\":\"EntryPoint\",\"urlTemplate\":\"https:\\\/\\\/macote.fr\\\/?s={search_term_string}\"},\"query-input\":{\"@type\":\"PropertyValueSpecification\",\"valueRequired\":true,\"valueName\":\"search_term_string\"}}],\"inLanguage\":\"en-US\"},{\"@type\":\"Organization\",\"@id\":\"https:\\\/\\\/macote.fr\\\/#organization\",\"name\":\"Macote.fr\",\"alternateName\":\"BMW tuning\",\"url\":\"https:\\\/\\\/macote.fr\\\/\",\"logo\":{\"@type\":\"ImageObject\",\"inLanguage\":\"en-US\",\"@id\":\"https:\\\/\\\/macote.fr\\\/#\\\/schema\\\/logo\\\/image\\\/\",\"url\":\"https:\\\/\\\/macote.fr\\\/wp-content\\\/uploads\\\/2023\\\/11\\\/LOGO-macote.fr-dessin-bmw-noir-copy.jpg\",\"contentUrl\":\"https:\\\/\\\/macote.fr\\\/wp-content\\\/uploads\\\/2023\\\/11\\\/LOGO-macote.fr-dessin-bmw-noir-copy.jpg\",\"width\":732,\"height\":456,\"caption\":\"Macote.fr\"},\"image\":{\"@id\":\"https:\\\/\\\/macote.fr\\\/#\\\/schema\\\/logo\\\/image\\\/\"},\"sameAs\":[\"https:\\\/\\\/www.facebook.com\\\/profile.php?id=100091476586119\",\"https:\\\/\\\/www.youtube.com\\\/channel\\\/UCgO-YTbaxYO-w_C5GfL-_1w\",\"https:\\\/\\\/www.tiktok.com\\\/@macote.fr?is_from_webapp=1&sender_device=pc\",\"https:\\\/\\\/www.instagram.com\\\/i_xila_i\\\/\"]}]}<\/script>\n<!-- \/ Yoast SEO Premium plugin. -->","yoast_head_json":{"title":"BMW carbon fiber fuel filler cap - MaCote.fr","description":"find our carbon fiber fuel filler cap suitable for all BMWs, it gives a luxurious style to your BMW and a finished look to your project!","robots":{"index":"index","follow":"follow","max-snippet":"max-snippet:-1","max-image-preview":"max-image-preview:large","max-video-preview":"max-video-preview:-1"},"canonical":"https:\/\/macote.fr\/en\/product\/cap-fuel-fiber-carbon-bmw\/","og_locale":"en_US","og_type":"article","og_title":"Bouchon de r\u00e9servoir d'essence en fibre de carbone BMW","og_description":"retrouvez notre Bouchon de r\u00e9servoir d'essence en fibre de carbone adapt\u00e9 \u00e0 toutes les BMW, elle donne un style luxueux \u00e0 votre BMW et un aspect fini \u00e0 votre projet !","og_url":"https:\/\/macote.fr\/en\/product\/cap-fuel-fiber-carbon-bmw\/","og_site_name":"MaCote.fr","article_publisher":"https:\/\/www.facebook.com\/profile.php?id=100091476586119","article_modified_time":"2025-01-26T18:40:18+00:00","og_image":[{"width":750,"height":1000,"url":"https:\/\/macote.fr\/wp-content\/uploads\/2022\/12\/Bouchon-trape-a-essence-en-fibre-de-Carbone-BMW.webp","type":"image\/webp"}],"twitter_card":"summary_large_image","twitter_misc":{"Est. reading time":"2 minutes"},"schema":{"@context":"https:\/\/schema.org","@graph":[{"@type":"WebPage","@id":"https:\/\/macote.fr\/produit\/bouchon-essence-fibre-carbone-bmw\/","url":"https:\/\/macote.fr\/produit\/bouchon-essence-fibre-carbone-bmw\/","name":"BMW carbon fiber fuel filler cap - MaCote.fr","isPartOf":{"@id":"https:\/\/macote.fr\/#website"},"primaryImageOfPage":{"@id":"https:\/\/macote.fr\/produit\/bouchon-essence-fibre-carbone-bmw\/#primaryimage"},"image":{"@id":"https:\/\/macote.fr\/produit\/bouchon-essence-fibre-carbone-bmw\/#primaryimage"},"thumbnailUrl":"https:\/\/macote.fr\/wp-content\/uploads\/2022\/12\/Bouchon-trape-a-essence-en-fibre-de-Carbone-BMW.webp","datePublished":"2022-12-02T13:30:54+00:00","dateModified":"2025-01-26T18:40:18+00:00","description":"find our carbon fiber fuel filler cap suitable for all BMWs, it gives a luxurious style to your BMW and a finished look to your project!","breadcrumb":{"@id":"https:\/\/macote.fr\/produit\/bouchon-essence-fibre-carbone-bmw\/#breadcrumb"},"inLanguage":"en-US","potentialAction":[{"@type":"ReadAction","target":["https:\/\/macote.fr\/produit\/bouchon-essence-fibre-carbone-bmw\/"]}]},{"@type":"ImageObject","inLanguage":"en-US","@id":"https:\/\/macote.fr\/produit\/bouchon-essence-fibre-carbone-bmw\/#primaryimage","url":"https:\/\/macote.fr\/wp-content\/uploads\/2022\/12\/Bouchon-trape-a-essence-en-fibre-de-Carbone-BMW.webp","contentUrl":"https:\/\/macote.fr\/wp-content\/uploads\/2022\/12\/Bouchon-trape-a-essence-en-fibre-de-Carbone-BMW.webp","width":750,"height":1000,"caption":"Bouchon trape \u00e0 essence en fibre de Carbone BMW"},{"@type":"BreadcrumbList","@id":"https:\/\/macote.fr\/produit\/bouchon-essence-fibre-carbone-bmw\/#breadcrumb","itemListElement":[{"@type":"ListItem","position":1,"name":"Accueil","item":"https:\/\/macote.fr\/"},{"@type":"ListItem","position":2,"name":"Boutique","item":"https:\/\/macote.fr\/boutique\/"},{"@type":"ListItem","position":3,"name":"Bouchon de r\u00e9servoir d&rsquo;essence en fibre de carbone BMW"}]},{"@type":"WebSite","@id":"https:\/\/macote.fr\/#website","url":"https:\/\/macote.fr\/","name":"MyQuote.com","description":"BMW best accessories","publisher":{"@id":"https:\/\/macote.fr\/#organization"},"alternateName":"BMW tuning","potentialAction":[{"@type":"SearchAction","target":{"@type":"EntryPoint","urlTemplate":"https:\/\/macote.fr\/?s={search_term_string}"},"query-input":{"@type":"PropertyValueSpecification","valueRequired":true,"valueName":"search_term_string"}}],"inLanguage":"en-US"},{"@type":"Organization","@id":"https:\/\/macote.fr\/#organization","name":"Macote.fr","alternateName":"BMW tuning","url":"https:\/\/macote.fr\/","logo":{"@type":"ImageObject","inLanguage":"en-US","@id":"https:\/\/macote.fr\/#\/schema\/logo\/image\/","url":"https:\/\/macote.fr\/wp-content\/uploads\/2023\/11\/LOGO-macote.fr-dessin-bmw-noir-copy.jpg","contentUrl":"https:\/\/macote.fr\/wp-content\/uploads\/2023\/11\/LOGO-macote.fr-dessin-bmw-noir-copy.jpg","width":732,"height":456,"caption":"Macote.fr"},"image":{"@id":"https:\/\/macote.fr\/#\/schema\/logo\/image\/"},"sameAs":["https:\/\/www.facebook.com\/profile.php?id=100091476586119","https:\/\/www.youtube.com\/channel\/UCgO-YTbaxYO-w_C5GfL-_1w","https:\/\/www.tiktok.com\/@macote.fr?is_from_webapp=1&sender_device=pc","https:\/\/www.instagram.com\/i_xila_i\/"]}]}},"_links":{"self":[{"href":"https:\/\/macote.fr\/en\/wp-json\/wp\/v2\/product\/1194","targetHints":{"allow":["GET"]}}],"collection":[{"href":"https:\/\/macote.fr\/en\/wp-json\/wp\/v2\/product"}],"about":[{"href":"https:\/\/macote.fr\/en\/wp-json\/wp\/v2\/types\/product"}],"replies":[{"embeddable":true,"href":"https:\/\/macote.fr\/en\/wp-json\/wp\/v2\/comments?post=1194"}],"wp:featuredmedia":[{"embeddable":true,"href":"https:\/\/macote.fr\/en\/wp-json\/wp\/v2\/media\/1195"}],"wp:attachment":[{"href":"https:\/\/macote.fr\/en\/wp-json\/wp\/v2\/media?parent=1194"}],"wp:term":[{"taxonomy":"product_brand","embeddable":true,"href":"https:\/\/macote.fr\/en\/wp-json\/wp\/v2\/product_brand?post=1194"},{"taxonomy":"product_cat","embeddable":true,"href":"https:\/\/macote.fr\/en\/wp-json\/wp\/v2\/product_cat?post=1194"},{"taxonomy":"product_tag","embeddable":true,"href":"https:\/\/macote.fr\/en\/wp-json\/wp\/v2\/product_tag?post=1194"}],"curies":[{"name":"wp","href":"https:\/\/api.w.org\/{rel}","templated":true}]}}