{"id":1208,"date":"2023-04-05T11:28:13","date_gmt":"2023-04-05T09:28:13","guid":{"rendered":"https:\/\/macote.fr\/?post_type=product&#038;p=1208"},"modified":"2023-05-14T19:04:46","modified_gmt":"2023-05-14T17:04:46","slug":"angel-eyes-bmw-rgb-kit","status":"publish","type":"product","link":"https:\/\/macote.fr\/en\/product\/angel-eyes-bmw-rgb-kit\/","title":{"rendered":"Angel Eyes BMW RGB KIT"},"content":{"rendered":"<h1>Angel Eyes BMW RGB KIT:<\/h1>\n<p>If you're looking to enhance the appearance of your BMW and make it more aggressive and attractive, angel eyes are a popular choice. Angel eyes are multi-colored LED headlights that add a modern touch to your vehicle. With their elegant design and bright light, angel eyes are a simple and effective way to give your car a new look.<\/p>\n<p>this kit is specifically designed for your model. Our angel eyes are easy to install and require no modification to your vehicle. What's more, they feature state-of-the-art LED technology for exceptional brightness and longer life than traditional halogen bulbs.<\/p>\n<h4>You can also find :<\/h4>\n<p>Our LED bulbs are compatible with your angel eyes, to enhance the look of your BMW and provide exceptional lighting at night for safe driving.<\/p>\n<blockquote class=\"wp-embedded-content\" data-secret=\"kutXyQ2bYo\"><p><a href=\"https:\/\/macote.fr\/en\/product\/ampoules-led-voiture\/\">LED car bulbs<\/a><\/p><\/blockquote>\n<p><iframe class=\"wp-embedded-content\" sandbox=\"allow-scripts\" security=\"restricted\" style=\"position: absolute; clip: rect(1px, 1px, 1px, 1px);\" title=\"&quot;LED car bulbs - MaCote.fr\" src=\"https:\/\/macote.fr\/produit\/ampoules-led-voiture\/embed\/#?secret=AzHlmqW65O#?secret=kutXyQ2bYo\" data-secret=\"kutXyQ2bYo\" width=\"600\" height=\"338\" frameborder=\"0\" marginwidth=\"0\" marginheight=\"0\" scrolling=\"no\"><\/iframe><\/p>\n<p>If you're looking for angel eyes with extraordinary light quality, you'll also find our single-color angel eyes to give your car a more distinctive look.<\/p>\n<blockquote class=\"wp-embedded-content\" data-secret=\"sxZAKouedQ\"><p><a href=\"https:\/\/macote.fr\/en\/product\/angel-eyes-bmw-e46\/\">angel Eyes BMW E46<\/a><\/p><\/blockquote>\n<p><iframe class=\"wp-embedded-content\" sandbox=\"allow-scripts\" security=\"restricted\" style=\"position: absolute; clip: rect(1px, 1px, 1px, 1px);\" title=\"&quot;Angel Eyes BMW E46 - MaCote.fr\" src=\"https:\/\/macote.fr\/produit\/angel-eyes-bmw-e46\/embed\/#?secret=sPglLmULSA#?secret=sxZAKouedQ\" data-secret=\"sxZAKouedQ\" width=\"600\" height=\"338\" frameborder=\"0\" marginwidth=\"0\" marginheight=\"0\" scrolling=\"no\"><\/iframe><\/p>\n<h4>Multitude of colors and ease of installation:<\/h4>\n<p>Unlike Angel Eyes headlamps, which are harder to install by yourself and have a much higher purchase price, they can't change color. Our Angel Eyes, on the other hand, are quick and easy to install, affordable and can change color at will, offering endless customization possibilities.<\/p>\n<p>Our BMW Angel Eyes are available in a variety of colors to suit all tastes. Whether you're looking to add a touch of tuning style to your vehicle or simply refresh its appearance, our angel eyes are an ideal choice. As well as enhancing the aesthetics of your BMW, they can also help improve your visibility on the road, improving safety when driving at night.<\/p>\n<h4>For all the following BMWs :<\/h4>\n<p>3 5 7 Series :<\/p>\n<p>Angel Eyes BMW E36, E38 RGB<\/p>\n<p>Angel Eyes RGB BMW E46, E39<\/p>\n<p>525i 528i 530i 540i 320i 325i 745i 740i<\/p>\n<h4>available in several sizes:<\/h4>\n<p>it's very important to check compatibility with your model before you buy!<\/p>\n<p>&nbsp;<\/p>","protected":false},"excerpt":{"rendered":"<div class=\"group w-full text-gray-800 dark:text-gray-100 border-b border-black\/10 dark:border-gray-900\/50 bg-gray-50 dark:bg-[#444654]\">\n<div class=\"text-base gap-4 md:gap-6 md:max-w-2xl lg:max-w-xl xl:max-w-3xl p-4 md:py-6 flex lg:px-0 m-auto\">\n<div class=\"relative flex w-[calc(100%-50px)] flex-col gap-1 md:gap-3 lg:w-[calc(100%-115px)]\">\n<div class=\"flex flex-grow flex-col gap-3\">\n<div class=\"min-h-[20px] flex flex-col items-start gap-4 whitespace-pre-wrap\">\n<div class=\"markdown prose w-full break-words dark:prose-invert light\">\n<p>Donnez un nouveau look \u00e0 votre BMW avec nos angel eyes RGB, Faciles \u00e0 installer et disponibles dans une vari\u00e9t\u00e9 de couleurs, ils ajouteront une touche de modernit\u00e9 et d&rsquo;\u00e9l\u00e9gance \u00e0 votre v\u00e9hicule.<\/p>\n<\/div>\n<\/div>\n<\/div>\n<\/div>\n<\/div>\n<\/div>\n","protected":false},"featured_media":1209,"comment_status":"open","ping_status":"closed","template":"","meta":{"_eb_attr":""},"product_brand":[],"product_cat":[68,67],"product_tag":[],"class_list":{"0":"post-1208","1":"product","2":"type-product","3":"status-publish","4":"has-post-thumbnail","6":"product_cat-eclairage-signature-lumineuse","7":"product_cat-modification-exterieur-vehicule","9":"first","10":"instock","11":"taxable","12":"shipping-taxable","13":"purchasable","14":"product-type-variable"},"yoast_head":"<!-- This site is optimized with the Yoast SEO Premium plugin v20.7 (Yoast SEO v27.4) - https:\/\/yoast.com\/product\/yoast-seo-premium-wordpress\/ -->\n<title>Angel Eyes BMW RGB KIT - MaCote.fr<\/title>\n<meta name=\"description\" content=\"Donnez un nouveau look \u00e0 votre BMW avec nos angel eyes, Faciles \u00e0 installer et disponibles dans une vari\u00e9t\u00e9 de couleurs. Modernit\u00e9 et design.\" \/>\n<meta name=\"robots\" content=\"index, follow, max-snippet:-1, max-image-preview:large, max-video-preview:-1\" \/>\n<link rel=\"canonical\" href=\"https:\/\/macote.fr\/en\/product\/angel-eyes-bmw-rgb-kit\/\" \/>\n<meta property=\"og:locale\" content=\"en_US\" \/>\n<meta property=\"og:type\" content=\"article\" \/>\n<meta property=\"og:title\" content=\"Angel Eyes BMW RGB KIT\" \/>\n<meta property=\"og:description\" content=\"Donnez un nouveau look \u00e0 votre BMW avec nos angel eyes, Faciles \u00e0 installer et disponibles dans une vari\u00e9t\u00e9 de couleurs. Modernit\u00e9 et design.\" \/>\n<meta property=\"og:url\" content=\"https:\/\/macote.fr\/en\/product\/angel-eyes-bmw-rgb-kit\/\" \/>\n<meta property=\"og:site_name\" content=\"MaCote.fr\" \/>\n<meta property=\"article:publisher\" content=\"https:\/\/www.facebook.com\/profile.php?id=100091476586119\" \/>\n<meta property=\"article:modified_time\" content=\"2023-05-14T17:04:46+00:00\" \/>\n<meta property=\"og:image\" content=\"https:\/\/macote.fr\/wp-content\/uploads\/2023\/04\/S14a720b7c4a64f3ca90adab342cd0d64x.jpg\" \/>\n\t<meta property=\"og:image:width\" content=\"501\" \/>\n\t<meta property=\"og:image:height\" content=\"442\" \/>\n\t<meta property=\"og:image:type\" content=\"image\/jpeg\" \/>\n<meta name=\"twitter:card\" content=\"summary_large_image\" \/>\n<meta name=\"twitter:label1\" content=\"Est. reading time\" \/>\n\t<meta name=\"twitter:data1\" content=\"2 minutes\" \/>\n<script type=\"application\/ld+json\" class=\"yoast-schema-graph\">{\"@context\":\"https:\\\/\\\/schema.org\",\"@graph\":[{\"@type\":\"WebPage\",\"@id\":\"https:\\\/\\\/macote.fr\\\/produit\\\/angel-eyes-bmw-rgb-kit\\\/\",\"url\":\"https:\\\/\\\/macote.fr\\\/produit\\\/angel-eyes-bmw-rgb-kit\\\/\",\"name\":\"Angel Eyes BMW RGB KIT - MaCote.fr\",\"isPartOf\":{\"@id\":\"https:\\\/\\\/macote.fr\\\/#website\"},\"primaryImageOfPage\":{\"@id\":\"https:\\\/\\\/macote.fr\\\/produit\\\/angel-eyes-bmw-rgb-kit\\\/#primaryimage\"},\"image\":{\"@id\":\"https:\\\/\\\/macote.fr\\\/produit\\\/angel-eyes-bmw-rgb-kit\\\/#primaryimage\"},\"thumbnailUrl\":\"https:\\\/\\\/macote.fr\\\/wp-content\\\/uploads\\\/2023\\\/04\\\/S14a720b7c4a64f3ca90adab342cd0d64x.jpg\",\"datePublished\":\"2023-04-05T09:28:13+00:00\",\"dateModified\":\"2023-05-14T17:04:46+00:00\",\"description\":\"Donnez un nouveau look \u00e0 votre BMW avec nos angel eyes, Faciles \u00e0 installer et disponibles dans une vari\u00e9t\u00e9 de couleurs. Modernit\u00e9 et design.\",\"breadcrumb\":{\"@id\":\"https:\\\/\\\/macote.fr\\\/produit\\\/angel-eyes-bmw-rgb-kit\\\/#breadcrumb\"},\"inLanguage\":\"en-US\",\"potentialAction\":[{\"@type\":\"ReadAction\",\"target\":[\"https:\\\/\\\/macote.fr\\\/produit\\\/angel-eyes-bmw-rgb-kit\\\/\"]}]},{\"@type\":\"ImageObject\",\"inLanguage\":\"en-US\",\"@id\":\"https:\\\/\\\/macote.fr\\\/produit\\\/angel-eyes-bmw-rgb-kit\\\/#primaryimage\",\"url\":\"https:\\\/\\\/macote.fr\\\/wp-content\\\/uploads\\\/2023\\\/04\\\/S14a720b7c4a64f3ca90adab342cd0d64x.jpg\",\"contentUrl\":\"https:\\\/\\\/macote.fr\\\/wp-content\\\/uploads\\\/2023\\\/04\\\/S14a720b7c4a64f3ca90adab342cd0d64x.jpg\",\"width\":501,\"height\":442,\"caption\":\"red e36 bmw with angel eyes\"},{\"@type\":\"BreadcrumbList\",\"@id\":\"https:\\\/\\\/macote.fr\\\/produit\\\/angel-eyes-bmw-rgb-kit\\\/#breadcrumb\",\"itemListElement\":[{\"@type\":\"ListItem\",\"position\":1,\"name\":\"Accueil\",\"item\":\"https:\\\/\\\/macote.fr\\\/\"},{\"@type\":\"ListItem\",\"position\":2,\"name\":\"Boutique\",\"item\":\"https:\\\/\\\/macote.fr\\\/boutique\\\/\"},{\"@type\":\"ListItem\",\"position\":3,\"name\":\"Angel Eyes BMW RGB KIT\"}]},{\"@type\":\"WebSite\",\"@id\":\"https:\\\/\\\/macote.fr\\\/#website\",\"url\":\"https:\\\/\\\/macote.fr\\\/\",\"name\":\"MaCote.fr\",\"description\":\"BMW best accessories\",\"publisher\":{\"@id\":\"https:\\\/\\\/macote.fr\\\/#organization\"},\"alternateName\":\"BMW tuning\",\"potentialAction\":[{\"@type\":\"SearchAction\",\"target\":{\"@type\":\"EntryPoint\",\"urlTemplate\":\"https:\\\/\\\/macote.fr\\\/?s={search_term_string}\"},\"query-input\":{\"@type\":\"PropertyValueSpecification\",\"valueRequired\":true,\"valueName\":\"search_term_string\"}}],\"inLanguage\":\"en-US\"},{\"@type\":\"Organization\",\"@id\":\"https:\\\/\\\/macote.fr\\\/#organization\",\"name\":\"Macote.fr\",\"alternateName\":\"BMW tuning\",\"url\":\"https:\\\/\\\/macote.fr\\\/\",\"logo\":{\"@type\":\"ImageObject\",\"inLanguage\":\"en-US\",\"@id\":\"https:\\\/\\\/macote.fr\\\/#\\\/schema\\\/logo\\\/image\\\/\",\"url\":\"https:\\\/\\\/macote.fr\\\/wp-content\\\/uploads\\\/2023\\\/11\\\/LOGO-macote.fr-dessin-bmw-noir-copy.jpg\",\"contentUrl\":\"https:\\\/\\\/macote.fr\\\/wp-content\\\/uploads\\\/2023\\\/11\\\/LOGO-macote.fr-dessin-bmw-noir-copy.jpg\",\"width\":732,\"height\":456,\"caption\":\"Macote.fr\"},\"image\":{\"@id\":\"https:\\\/\\\/macote.fr\\\/#\\\/schema\\\/logo\\\/image\\\/\"},\"sameAs\":[\"https:\\\/\\\/www.facebook.com\\\/profile.php?id=100091476586119\",\"https:\\\/\\\/www.youtube.com\\\/channel\\\/UCgO-YTbaxYO-w_C5GfL-_1w\",\"https:\\\/\\\/www.tiktok.com\\\/@macote.fr?is_from_webapp=1&sender_device=pc\",\"https:\\\/\\\/www.instagram.com\\\/i_xila_i\\\/\"]}]}<\/script>\n<!-- \/ Yoast SEO Premium plugin. -->","yoast_head_json":{"title":"Angel Eyes BMW RGB KIT - MaCote.fr","description":"Give your BMW a new look with our angel eyes, easy to install and available in a variety of colors. Modern and stylish.","robots":{"index":"index","follow":"follow","max-snippet":"max-snippet:-1","max-image-preview":"max-image-preview:large","max-video-preview":"max-video-preview:-1"},"canonical":"https:\/\/macote.fr\/en\/product\/angel-eyes-bmw-rgb-kit\/","og_locale":"en_US","og_type":"article","og_title":"Angel Eyes BMW RGB KIT","og_description":"Donnez un nouveau look \u00e0 votre BMW avec nos angel eyes, Faciles \u00e0 installer et disponibles dans une vari\u00e9t\u00e9 de couleurs. Modernit\u00e9 et design.","og_url":"https:\/\/macote.fr\/en\/product\/angel-eyes-bmw-rgb-kit\/","og_site_name":"MaCote.fr","article_publisher":"https:\/\/www.facebook.com\/profile.php?id=100091476586119","article_modified_time":"2023-05-14T17:04:46+00:00","og_image":[{"width":501,"height":442,"url":"https:\/\/macote.fr\/wp-content\/uploads\/2023\/04\/S14a720b7c4a64f3ca90adab342cd0d64x.jpg","type":"image\/jpeg"}],"twitter_card":"summary_large_image","twitter_misc":{"Est. reading time":"2 minutes"},"schema":{"@context":"https:\/\/schema.org","@graph":[{"@type":"WebPage","@id":"https:\/\/macote.fr\/produit\/angel-eyes-bmw-rgb-kit\/","url":"https:\/\/macote.fr\/produit\/angel-eyes-bmw-rgb-kit\/","name":"Angel Eyes BMW RGB KIT - MaCote.fr","isPartOf":{"@id":"https:\/\/macote.fr\/#website"},"primaryImageOfPage":{"@id":"https:\/\/macote.fr\/produit\/angel-eyes-bmw-rgb-kit\/#primaryimage"},"image":{"@id":"https:\/\/macote.fr\/produit\/angel-eyes-bmw-rgb-kit\/#primaryimage"},"thumbnailUrl":"https:\/\/macote.fr\/wp-content\/uploads\/2023\/04\/S14a720b7c4a64f3ca90adab342cd0d64x.jpg","datePublished":"2023-04-05T09:28:13+00:00","dateModified":"2023-05-14T17:04:46+00:00","description":"Give your BMW a new look with our angel eyes, easy to install and available in a variety of colors. Modern and stylish.","breadcrumb":{"@id":"https:\/\/macote.fr\/produit\/angel-eyes-bmw-rgb-kit\/#breadcrumb"},"inLanguage":"en-US","potentialAction":[{"@type":"ReadAction","target":["https:\/\/macote.fr\/produit\/angel-eyes-bmw-rgb-kit\/"]}]},{"@type":"ImageObject","inLanguage":"en-US","@id":"https:\/\/macote.fr\/produit\/angel-eyes-bmw-rgb-kit\/#primaryimage","url":"https:\/\/macote.fr\/wp-content\/uploads\/2023\/04\/S14a720b7c4a64f3ca90adab342cd0d64x.jpg","contentUrl":"https:\/\/macote.fr\/wp-content\/uploads\/2023\/04\/S14a720b7c4a64f3ca90adab342cd0d64x.jpg","width":501,"height":442,"caption":"red e36 bmw with angel eyes"},{"@type":"BreadcrumbList","@id":"https:\/\/macote.fr\/produit\/angel-eyes-bmw-rgb-kit\/#breadcrumb","itemListElement":[{"@type":"ListItem","position":1,"name":"Accueil","item":"https:\/\/macote.fr\/"},{"@type":"ListItem","position":2,"name":"Boutique","item":"https:\/\/macote.fr\/boutique\/"},{"@type":"ListItem","position":3,"name":"Angel Eyes BMW RGB KIT"}]},{"@type":"WebSite","@id":"https:\/\/macote.fr\/#website","url":"https:\/\/macote.fr\/","name":"MyQuote.com","description":"BMW best accessories","publisher":{"@id":"https:\/\/macote.fr\/#organization"},"alternateName":"BMW tuning","potentialAction":[{"@type":"SearchAction","target":{"@type":"EntryPoint","urlTemplate":"https:\/\/macote.fr\/?s={search_term_string}"},"query-input":{"@type":"PropertyValueSpecification","valueRequired":true,"valueName":"search_term_string"}}],"inLanguage":"en-US"},{"@type":"Organization","@id":"https:\/\/macote.fr\/#organization","name":"Macote.fr","alternateName":"BMW tuning","url":"https:\/\/macote.fr\/","logo":{"@type":"ImageObject","inLanguage":"en-US","@id":"https:\/\/macote.fr\/#\/schema\/logo\/image\/","url":"https:\/\/macote.fr\/wp-content\/uploads\/2023\/11\/LOGO-macote.fr-dessin-bmw-noir-copy.jpg","contentUrl":"https:\/\/macote.fr\/wp-content\/uploads\/2023\/11\/LOGO-macote.fr-dessin-bmw-noir-copy.jpg","width":732,"height":456,"caption":"Macote.fr"},"image":{"@id":"https:\/\/macote.fr\/#\/schema\/logo\/image\/"},"sameAs":["https:\/\/www.facebook.com\/profile.php?id=100091476586119","https:\/\/www.youtube.com\/channel\/UCgO-YTbaxYO-w_C5GfL-_1w","https:\/\/www.tiktok.com\/@macote.fr?is_from_webapp=1&sender_device=pc","https:\/\/www.instagram.com\/i_xila_i\/"]}]}},"_links":{"self":[{"href":"https:\/\/macote.fr\/en\/wp-json\/wp\/v2\/product\/1208","targetHints":{"allow":["GET"]}}],"collection":[{"href":"https:\/\/macote.fr\/en\/wp-json\/wp\/v2\/product"}],"about":[{"href":"https:\/\/macote.fr\/en\/wp-json\/wp\/v2\/types\/product"}],"replies":[{"embeddable":true,"href":"https:\/\/macote.fr\/en\/wp-json\/wp\/v2\/comments?post=1208"}],"wp:featuredmedia":[{"embeddable":true,"href":"https:\/\/macote.fr\/en\/wp-json\/wp\/v2\/media\/1209"}],"wp:attachment":[{"href":"https:\/\/macote.fr\/en\/wp-json\/wp\/v2\/media?parent=1208"}],"wp:term":[{"taxonomy":"product_brand","embeddable":true,"href":"https:\/\/macote.fr\/en\/wp-json\/wp\/v2\/product_brand?post=1208"},{"taxonomy":"product_cat","embeddable":true,"href":"https:\/\/macote.fr\/en\/wp-json\/wp\/v2\/product_cat?post=1208"},{"taxonomy":"product_tag","embeddable":true,"href":"https:\/\/macote.fr\/en\/wp-json\/wp\/v2\/product_tag?post=1208"}],"curies":[{"name":"wp","href":"https:\/\/api.w.org\/{rel}","templated":true}]}}