{"id":1218,"date":"2023-04-05T16:25:27","date_gmt":"2023-04-05T14:25:27","guid":{"rendered":"https:\/\/macote.fr\/?post_type=product&#038;p=1218"},"modified":"2023-06-15T19:35:13","modified_gmt":"2023-06-15T17:35:13","slug":"sky-star-car","status":"publish","type":"product","link":"https:\/\/macote.fr\/en\/product\/sky-star-car\/","title":{"rendered":"Starry sky Rolls-Royce effect car"},"content":{"rendered":"<h1 style=\"text-align: center;\">Car starry sky<\/h1>\n<h4>Luxury at your fingertips<\/h4>\n<p>The starry sky car is a luxury product that gives a feeling of comfort and sophistication in your vehicle. This product is inspired by the stars that shine in the night sky and offers a unique experience for car passengers. It's easy to install and can be customized to your color and brightness preferences.<\/p>\n<h4>An enchanting atmosphere<\/h4>\n<p>With a starry sky for car, you can enjoy a relaxed and pleasant journey, while admiring a dazzling light show overhead. The sparkling stars create a magical, romantic atmosphere, perfect for an evening for two or to impress your friends at a party.<\/p>\n<p>The kit is high quality, with high-quality LED lights that last a long time and consume little energy to avoid draining your batteries. The stars are visible even in broad daylight, providing a constant visual experience all day long.<\/p>\n<h4>Customization :<\/h4>\n<p>The starry sky car is infinitely customizable, with colors that can be changed to suit your mood or the mood of the occasion. Special patterns can also be added for an even more spectacular effect.<\/p>\n<h4>The starry sky car installation :<\/h4>\n<p>The kit is easy to install and requires no electrical expertise. It is made up of over 400 optical fibers for optimum rendering.<\/p>\n<p>We have a tutorial to help you with the installation:<\/p>\n<blockquote class=\"wp-embedded-content\" data-secret=\"eI9RbZSjaH\"><p><a href=\"https:\/\/macote.fr\/en\/sky-star-car-installation\/\">Guide installation starry sky car<\/a><\/p><\/blockquote>\n<p><iframe class=\"wp-embedded-content\" sandbox=\"allow-scripts\" security=\"restricted\" style=\"position: absolute; clip: rect(1px, 1px, 1px, 1px);\" title=\"&quot;Starry sky car installation guide - MaCote.fr\" src=\"https:\/\/macote.fr\/ciel-etoile-voiture-installation\/embed\/#?secret=JKbNGBMeQH#?secret=eI9RbZSjaH\" data-secret=\"eI9RbZSjaH\" width=\"600\" height=\"338\" frameborder=\"0\" marginwidth=\"0\" marginheight=\"0\" scrolling=\"no\"><\/iframe><\/p>\n<p>It will bring real resale value to your vehicle.<\/p>\n<p>All in all, the starry sky for car is a luxurious product that brings a relaxing and sophisticated ambience to your vehicle. With its exceptional light quality and infinite customization, it's a must-have for any car owner who wants to impress his passengers and enjoy a unique driving experience.<\/p>\n<p>&nbsp;<\/p>\n<p><span style=\"color: #ffffff;\">starry sky car price: 179.99<\/span><\/p>\n<p><span style=\"color: #ffffff;\">\u00a0fiber optic starry sky car\u00a0<\/span><\/p>","protected":false},"excerpt":{"rendered":"<p>more than 400 stars in different sizes for greater immersion, to enhance your ride. adjustable via an app on your phone or a remote control, you can set any color you like to create any mood.<\/p>\n<p>a 12-volt adapter is included for quick installation in your vehicle.<\/p>","protected":false},"featured_media":1219,"comment_status":"open","ping_status":"closed","template":"","meta":{"_eb_attr":""},"product_brand":[],"product_cat":[68,66],"product_tag":[],"class_list":{"0":"post-1218","1":"product","2":"type-product","3":"status-publish","4":"has-post-thumbnail","6":"product_cat-eclairage-signature-lumineuse","7":"product_cat-modifications-interieurs","9":"first","10":"instock","11":"sale","12":"taxable","13":"shipping-taxable","14":"purchasable","15":"product-type-simple"},"yoast_head":"<!-- This site is optimized with the Yoast SEO Premium plugin v20.7 (Yoast SEO v27.4) - https:\/\/yoast.com\/product\/yoast-seo-premium-wordpress\/ -->\n<title>Ciel \u00e9toil\u00e9 voiture effet Rolls-Royce - MaCote.fr<\/title>\n<meta name=\"description\" content=\"Transformez votre voiture en Rolls-Royce avec notre ciel \u00e9toil\u00e9 de qualit\u00e9 sup\u00e9rieure. vivez une exp\u00e9rience de conduite unique et inoubliable.\" \/>\n<meta name=\"robots\" content=\"index, follow, max-snippet:-1, max-image-preview:large, max-video-preview:-1\" \/>\n<link rel=\"canonical\" href=\"https:\/\/macote.fr\/en\/product\/sky-star-car\/\" \/>\n<meta property=\"og:locale\" content=\"en_US\" \/>\n<meta property=\"og:type\" content=\"article\" \/>\n<meta property=\"og:title\" content=\"Ciel \u00e9toil\u00e9 voiture effet Rolls-Royce\" \/>\n<meta property=\"og:description\" content=\"Transformez votre voiture en Rolls-Royce avec notre ciel \u00e9toil\u00e9 de qualit\u00e9 sup\u00e9rieure. vivez une exp\u00e9rience de conduite unique et inoubliable.\" \/>\n<meta property=\"og:url\" content=\"https:\/\/macote.fr\/en\/product\/sky-star-car\/\" \/>\n<meta property=\"og:site_name\" content=\"MaCote.fr\" \/>\n<meta property=\"article:publisher\" content=\"https:\/\/www.facebook.com\/profile.php?id=100091476586119\" \/>\n<meta property=\"article:modified_time\" content=\"2023-06-15T17:35:13+00:00\" \/>\n<meta property=\"og:image\" content=\"https:\/\/macote.fr\/wp-content\/uploads\/2023\/04\/main-picture.jpeg\" \/>\n\t<meta property=\"og:image:width\" content=\"1600\" \/>\n\t<meta property=\"og:image:height\" content=\"1600\" \/>\n\t<meta property=\"og:image:type\" content=\"image\/jpeg\" \/>\n<meta name=\"twitter:card\" content=\"summary_large_image\" \/>\n<meta name=\"twitter:label1\" content=\"Est. reading time\" \/>\n\t<meta name=\"twitter:data1\" content=\"2 minutes\" \/>\n<script type=\"application\/ld+json\" class=\"yoast-schema-graph\">{\"@context\":\"https:\\\/\\\/schema.org\",\"@graph\":[{\"@type\":\"WebPage\",\"@id\":\"https:\\\/\\\/macote.fr\\\/produit\\\/ciel-etoile-voiture\\\/\",\"url\":\"https:\\\/\\\/macote.fr\\\/produit\\\/ciel-etoile-voiture\\\/\",\"name\":\"Ciel \u00e9toil\u00e9 voiture effet Rolls-Royce - MaCote.fr\",\"isPartOf\":{\"@id\":\"https:\\\/\\\/macote.fr\\\/#website\"},\"primaryImageOfPage\":{\"@id\":\"https:\\\/\\\/macote.fr\\\/produit\\\/ciel-etoile-voiture\\\/#primaryimage\"},\"image\":{\"@id\":\"https:\\\/\\\/macote.fr\\\/produit\\\/ciel-etoile-voiture\\\/#primaryimage\"},\"thumbnailUrl\":\"https:\\\/\\\/macote.fr\\\/wp-content\\\/uploads\\\/2023\\\/04\\\/main-picture.jpeg\",\"datePublished\":\"2023-04-05T14:25:27+00:00\",\"dateModified\":\"2023-06-15T17:35:13+00:00\",\"description\":\"Transformez votre voiture en Rolls-Royce avec notre ciel \u00e9toil\u00e9 de qualit\u00e9 sup\u00e9rieure. vivez une exp\u00e9rience de conduite unique et inoubliable.\",\"breadcrumb\":{\"@id\":\"https:\\\/\\\/macote.fr\\\/produit\\\/ciel-etoile-voiture\\\/#breadcrumb\"},\"inLanguage\":\"en-US\",\"potentialAction\":[{\"@type\":\"ReadAction\",\"target\":[\"https:\\\/\\\/macote.fr\\\/produit\\\/ciel-etoile-voiture\\\/\"]}]},{\"@type\":\"ImageObject\",\"inLanguage\":\"en-US\",\"@id\":\"https:\\\/\\\/macote.fr\\\/produit\\\/ciel-etoile-voiture\\\/#primaryimage\",\"url\":\"https:\\\/\\\/macote.fr\\\/wp-content\\\/uploads\\\/2023\\\/04\\\/main-picture.jpeg\",\"contentUrl\":\"https:\\\/\\\/macote.fr\\\/wp-content\\\/uploads\\\/2023\\\/04\\\/main-picture.jpeg\",\"width\":1600,\"height\":1600,\"caption\":\"optique fiber starry sky\"},{\"@type\":\"BreadcrumbList\",\"@id\":\"https:\\\/\\\/macote.fr\\\/produit\\\/ciel-etoile-voiture\\\/#breadcrumb\",\"itemListElement\":[{\"@type\":\"ListItem\",\"position\":1,\"name\":\"Accueil\",\"item\":\"https:\\\/\\\/macote.fr\\\/\"},{\"@type\":\"ListItem\",\"position\":2,\"name\":\"Boutique\",\"item\":\"https:\\\/\\\/macote.fr\\\/boutique\\\/\"},{\"@type\":\"ListItem\",\"position\":3,\"name\":\"Ciel \u00e9toil\u00e9 pour voiture effet Rolls-Royce | 400 \u00e9toiles\"}]},{\"@type\":\"WebSite\",\"@id\":\"https:\\\/\\\/macote.fr\\\/#website\",\"url\":\"https:\\\/\\\/macote.fr\\\/\",\"name\":\"MaCote.fr\",\"description\":\"BMW best accessories\",\"publisher\":{\"@id\":\"https:\\\/\\\/macote.fr\\\/#organization\"},\"alternateName\":\"BMW tuning\",\"potentialAction\":[{\"@type\":\"SearchAction\",\"target\":{\"@type\":\"EntryPoint\",\"urlTemplate\":\"https:\\\/\\\/macote.fr\\\/?s={search_term_string}\"},\"query-input\":{\"@type\":\"PropertyValueSpecification\",\"valueRequired\":true,\"valueName\":\"search_term_string\"}}],\"inLanguage\":\"en-US\"},{\"@type\":\"Organization\",\"@id\":\"https:\\\/\\\/macote.fr\\\/#organization\",\"name\":\"Macote.fr\",\"alternateName\":\"BMW tuning\",\"url\":\"https:\\\/\\\/macote.fr\\\/\",\"logo\":{\"@type\":\"ImageObject\",\"inLanguage\":\"en-US\",\"@id\":\"https:\\\/\\\/macote.fr\\\/#\\\/schema\\\/logo\\\/image\\\/\",\"url\":\"https:\\\/\\\/macote.fr\\\/wp-content\\\/uploads\\\/2023\\\/11\\\/LOGO-macote.fr-dessin-bmw-noir-copy.jpg\",\"contentUrl\":\"https:\\\/\\\/macote.fr\\\/wp-content\\\/uploads\\\/2023\\\/11\\\/LOGO-macote.fr-dessin-bmw-noir-copy.jpg\",\"width\":732,\"height\":456,\"caption\":\"Macote.fr\"},\"image\":{\"@id\":\"https:\\\/\\\/macote.fr\\\/#\\\/schema\\\/logo\\\/image\\\/\"},\"sameAs\":[\"https:\\\/\\\/www.facebook.com\\\/profile.php?id=100091476586119\",\"https:\\\/\\\/www.youtube.com\\\/channel\\\/UCgO-YTbaxYO-w_C5GfL-_1w\",\"https:\\\/\\\/www.tiktok.com\\\/@macote.fr?is_from_webapp=1&sender_device=pc\",\"https:\\\/\\\/www.instagram.com\\\/i_xila_i\\\/\"]}]}<\/script>\n<!-- \/ Yoast SEO Premium plugin. -->","yoast_head_json":{"title":"Starry sky Rolls-Royce effect car - MaCote.fr","description":"Turn your car into a Rolls-Royce with our superior quality starry sky, for a unique and unforgettable driving experience.","robots":{"index":"index","follow":"follow","max-snippet":"max-snippet:-1","max-image-preview":"max-image-preview:large","max-video-preview":"max-video-preview:-1"},"canonical":"https:\/\/macote.fr\/en\/product\/sky-star-car\/","og_locale":"en_US","og_type":"article","og_title":"Ciel \u00e9toil\u00e9 voiture effet Rolls-Royce","og_description":"Transformez votre voiture en Rolls-Royce avec notre ciel \u00e9toil\u00e9 de qualit\u00e9 sup\u00e9rieure. vivez une exp\u00e9rience de conduite unique et inoubliable.","og_url":"https:\/\/macote.fr\/en\/product\/sky-star-car\/","og_site_name":"MaCote.fr","article_publisher":"https:\/\/www.facebook.com\/profile.php?id=100091476586119","article_modified_time":"2023-06-15T17:35:13+00:00","og_image":[{"width":1600,"height":1600,"url":"https:\/\/macote.fr\/wp-content\/uploads\/2023\/04\/main-picture.jpeg","type":"image\/jpeg"}],"twitter_card":"summary_large_image","twitter_misc":{"Est. reading time":"2 minutes"},"schema":{"@context":"https:\/\/schema.org","@graph":[{"@type":"WebPage","@id":"https:\/\/macote.fr\/produit\/ciel-etoile-voiture\/","url":"https:\/\/macote.fr\/produit\/ciel-etoile-voiture\/","name":"Starry sky Rolls-Royce effect car - MaCote.fr","isPartOf":{"@id":"https:\/\/macote.fr\/#website"},"primaryImageOfPage":{"@id":"https:\/\/macote.fr\/produit\/ciel-etoile-voiture\/#primaryimage"},"image":{"@id":"https:\/\/macote.fr\/produit\/ciel-etoile-voiture\/#primaryimage"},"thumbnailUrl":"https:\/\/macote.fr\/wp-content\/uploads\/2023\/04\/main-picture.jpeg","datePublished":"2023-04-05T14:25:27+00:00","dateModified":"2023-06-15T17:35:13+00:00","description":"Turn your car into a Rolls-Royce with our superior quality starry sky, for a unique and unforgettable driving experience.","breadcrumb":{"@id":"https:\/\/macote.fr\/produit\/ciel-etoile-voiture\/#breadcrumb"},"inLanguage":"en-US","potentialAction":[{"@type":"ReadAction","target":["https:\/\/macote.fr\/produit\/ciel-etoile-voiture\/"]}]},{"@type":"ImageObject","inLanguage":"en-US","@id":"https:\/\/macote.fr\/produit\/ciel-etoile-voiture\/#primaryimage","url":"https:\/\/macote.fr\/wp-content\/uploads\/2023\/04\/main-picture.jpeg","contentUrl":"https:\/\/macote.fr\/wp-content\/uploads\/2023\/04\/main-picture.jpeg","width":1600,"height":1600,"caption":"optique fiber starry sky"},{"@type":"BreadcrumbList","@id":"https:\/\/macote.fr\/produit\/ciel-etoile-voiture\/#breadcrumb","itemListElement":[{"@type":"ListItem","position":1,"name":"Accueil","item":"https:\/\/macote.fr\/"},{"@type":"ListItem","position":2,"name":"Boutique","item":"https:\/\/macote.fr\/boutique\/"},{"@type":"ListItem","position":3,"name":"Ciel \u00e9toil\u00e9 pour voiture effet Rolls-Royce | 400 \u00e9toiles"}]},{"@type":"WebSite","@id":"https:\/\/macote.fr\/#website","url":"https:\/\/macote.fr\/","name":"MyQuote.com","description":"BMW best accessories","publisher":{"@id":"https:\/\/macote.fr\/#organization"},"alternateName":"BMW tuning","potentialAction":[{"@type":"SearchAction","target":{"@type":"EntryPoint","urlTemplate":"https:\/\/macote.fr\/?s={search_term_string}"},"query-input":{"@type":"PropertyValueSpecification","valueRequired":true,"valueName":"search_term_string"}}],"inLanguage":"en-US"},{"@type":"Organization","@id":"https:\/\/macote.fr\/#organization","name":"Macote.fr","alternateName":"BMW tuning","url":"https:\/\/macote.fr\/","logo":{"@type":"ImageObject","inLanguage":"en-US","@id":"https:\/\/macote.fr\/#\/schema\/logo\/image\/","url":"https:\/\/macote.fr\/wp-content\/uploads\/2023\/11\/LOGO-macote.fr-dessin-bmw-noir-copy.jpg","contentUrl":"https:\/\/macote.fr\/wp-content\/uploads\/2023\/11\/LOGO-macote.fr-dessin-bmw-noir-copy.jpg","width":732,"height":456,"caption":"Macote.fr"},"image":{"@id":"https:\/\/macote.fr\/#\/schema\/logo\/image\/"},"sameAs":["https:\/\/www.facebook.com\/profile.php?id=100091476586119","https:\/\/www.youtube.com\/channel\/UCgO-YTbaxYO-w_C5GfL-_1w","https:\/\/www.tiktok.com\/@macote.fr?is_from_webapp=1&sender_device=pc","https:\/\/www.instagram.com\/i_xila_i\/"]}]}},"_links":{"self":[{"href":"https:\/\/macote.fr\/en\/wp-json\/wp\/v2\/product\/1218","targetHints":{"allow":["GET"]}}],"collection":[{"href":"https:\/\/macote.fr\/en\/wp-json\/wp\/v2\/product"}],"about":[{"href":"https:\/\/macote.fr\/en\/wp-json\/wp\/v2\/types\/product"}],"replies":[{"embeddable":true,"href":"https:\/\/macote.fr\/en\/wp-json\/wp\/v2\/comments?post=1218"}],"wp:featuredmedia":[{"embeddable":true,"href":"https:\/\/macote.fr\/en\/wp-json\/wp\/v2\/media\/1219"}],"wp:attachment":[{"href":"https:\/\/macote.fr\/en\/wp-json\/wp\/v2\/media?parent=1218"}],"wp:term":[{"taxonomy":"product_brand","embeddable":true,"href":"https:\/\/macote.fr\/en\/wp-json\/wp\/v2\/product_brand?post=1218"},{"taxonomy":"product_cat","embeddable":true,"href":"https:\/\/macote.fr\/en\/wp-json\/wp\/v2\/product_cat?post=1218"},{"taxonomy":"product_tag","embeddable":true,"href":"https:\/\/macote.fr\/en\/wp-json\/wp\/v2\/product_tag?post=1218"}],"curies":[{"name":"wp","href":"https:\/\/api.w.org\/{rel}","templated":true}]}}