{"id":1517,"date":"2023-04-26T17:14:32","date_gmt":"2023-04-26T15:14:32","guid":{"rendered":"https:\/\/macote.fr\/?post_type=product&#038;p=1517"},"modified":"2023-06-21T11:20:27","modified_gmt":"2023-06-21T09:20:27","slug":"bulb-led-car","status":"publish","type":"product","link":"https:\/\/macote.fr\/en\/product\/bulb-led-car\/","title":{"rendered":"LED car bulbs H7, H1, H4, H8, H9, H11"},"content":{"rendered":"<h2>\u00a0A<strong>LED bulbs<\/strong>\u00a0<strong>car<\/strong><\/h2>\n<p>We're proud to present our LED bulbs, which are designed to replace your car's old halogen bulbs. They're available for models H7, H1, H4, H8, H9 and H11.<\/p>\n<p>Unlike other bulbs, our model includes the power supply unit directly in the bulb, freeing up space in small headlamp compartments.<\/p>\n<p>Our bulbs are equipped with a fan that dissipates heat and provides better illumination than other brands of LED bulbs.<\/p>\n<h4>Durable :<\/h4>\n<p>Unlike traditional car bulbs, the absence of filaments and the quality of manufacture make these LED bulbs a safe bet in terms of durability. Light up your roads for years without the risk of breakage or loss of brightness.<\/p>\n<p>Save money by not having to change your light bulbs every other day!<\/p>\n<h4>A modern look.<\/h4>\n<p>Get a sporty look with our LED car bulbs, get brighter, sharper and better quality lighting.<\/p>\n<p>What's more, it gives your car a sporty, elegant look. LED bulbs have a luxurious, modern look that goes perfectly with any car model.<\/p>\n<p>The light produced is white (6500k) and powerful. The package contains two bulbs to your specifications. They are adaptable as high beam and\/or low beam.<\/p>\n<h4>Safety is one of our main concerns.<\/h4>\n<p>We've designed our LED car bulbs to be extremely bright, improving visibility and driving safety at night or in bad weather. LED bulbs also offer long life.<\/p>\n<p>Our LED car bulbs are also highly adaptable. They are compatible with all cars, making them easy to install and use. They can be used in headlights and fog lights.<\/p>\n<p>What's more, our LED bulbs are exceptionally durable. Unlike halogen bulbs, LED bulbs last up to 100x longer.<\/p>\n<h4>Angel Eyes E46<\/h4>\n<p>Couple this article with our <a href=\"https:\/\/macote.fr\/en\/product\/angel-eyes-bmw-rgb-kit\/\">angels Eyes<\/a> for E46 and give your BMW the ultimate look.<\/p>\n<blockquote class=\"wp-embedded-content\" data-secret=\"N6OXAhktvX\"><p><a href=\"https:\/\/macote.fr\/en\/product\/angel-eyes-bmw-rgb-kit\/\">Angel Eyes BMW RGB KIT<\/a><\/p><\/blockquote>\n<p><iframe class=\"wp-embedded-content\" sandbox=\"allow-scripts\" security=\"restricted\" style=\"position: absolute; clip: rect(1px, 1px, 1px, 1px);\" title=\"&quot;Angel Eyes BMW RGB KIT - MaCote.fr\" src=\"https:\/\/macote.fr\/produit\/angel-eyes-bmw-rgb-kit\/embed\/#?secret=u3tnJDWwxb#?secret=N6OXAhktvX\" data-secret=\"N6OXAhktvX\" width=\"600\" height=\"338\" frameborder=\"0\" marginwidth=\"0\" marginheight=\"0\" scrolling=\"no\"><\/iframe><\/p>\n<p>&nbsp;<\/p>\n<p>Order now to enjoy better visibility, greater safety and elegant styling for your car.<\/p>\n<p>&nbsp;<\/p>","protected":false},"excerpt":{"rendered":"<p>Find out more about our LED car bulbs!<\/p>\n<p>We are proud to present our LED car bulbs, which are designed to replace the old halogen bulbs in your car. Our LED car bulbs are available for models H7, H1, H4, H8, H9 and H11.<\/p>","protected":false},"featured_media":1518,"comment_status":"open","ping_status":"closed","template":"","meta":{"_eb_attr":""},"product_brand":[],"product_cat":[68,67],"product_tag":[],"class_list":{"0":"post-1517","1":"product","2":"type-product","3":"status-publish","4":"has-post-thumbnail","6":"product_cat-eclairage-signature-lumineuse","7":"product_cat-modification-exterieur-vehicule","9":"first","10":"instock","11":"taxable","12":"shipping-taxable","13":"product-type-variable"},"yoast_head":"<!-- This site is optimized with the Yoast SEO Premium plugin v20.7 (Yoast SEO v27.4) - https:\/\/yoast.com\/product\/yoast-seo-premium-wordpress\/ -->\n<title>Ampoules LED voiture H7, H1, H4, H8, H9, H11 - MaCote.fr<\/title>\n<meta name=\"description\" content=\"Am\u00e9liorez la s\u00e9curit\u00e9 et le style de votre voiture avec nos ampoules LED de haute qualit\u00e9 pour les mod\u00e8les H7, H1, H4, H8, H9 et H11.\" \/>\n<meta name=\"robots\" content=\"index, follow, max-snippet:-1, max-image-preview:large, max-video-preview:-1\" \/>\n<link rel=\"canonical\" href=\"https:\/\/macote.fr\/en\/product\/bulb-led-car\/\" \/>\n<meta property=\"og:locale\" content=\"en_US\" \/>\n<meta property=\"og:type\" content=\"article\" \/>\n<meta property=\"og:title\" content=\"Ampoules LED voiture H7, H1, H4, H8, H9, H11\" \/>\n<meta property=\"og:description\" content=\"Am\u00e9liorez la s\u00e9curit\u00e9 et le style de votre voiture avec nos ampoules LED de haute qualit\u00e9 pour les mod\u00e8les H7, H1, H4, H8, H9 et H11.\" \/>\n<meta property=\"og:url\" content=\"https:\/\/macote.fr\/en\/product\/bulb-led-car\/\" \/>\n<meta property=\"og:site_name\" content=\"MaCote.fr\" \/>\n<meta property=\"article:publisher\" content=\"https:\/\/www.facebook.com\/profile.php?id=100091476586119\" \/>\n<meta property=\"article:modified_time\" content=\"2023-06-21T09:20:27+00:00\" \/>\n<meta property=\"og:image\" content=\"https:\/\/macote.fr\/wp-content\/uploads\/2023\/04\/HEADLIGHT-LED-H4.jpeg\" \/>\n\t<meta property=\"og:image:width\" content=\"981\" \/>\n\t<meta property=\"og:image:height\" content=\"889\" \/>\n\t<meta property=\"og:image:type\" content=\"image\/jpeg\" \/>\n<meta name=\"twitter:card\" content=\"summary_large_image\" \/>\n<meta name=\"twitter:label1\" content=\"Est. reading time\" \/>\n\t<meta name=\"twitter:data1\" content=\"2 minutes\" \/>\n<script type=\"application\/ld+json\" class=\"yoast-schema-graph\">{\"@context\":\"https:\\\/\\\/schema.org\",\"@graph\":[{\"@type\":\"WebPage\",\"@id\":\"https:\\\/\\\/macote.fr\\\/produit\\\/ampoule-led-voiture\\\/\",\"url\":\"https:\\\/\\\/macote.fr\\\/produit\\\/ampoule-led-voiture\\\/\",\"name\":\"Ampoules LED voiture H7, H1, H4, H8, H9, H11 - MaCote.fr\",\"isPartOf\":{\"@id\":\"https:\\\/\\\/macote.fr\\\/#website\"},\"primaryImageOfPage\":{\"@id\":\"https:\\\/\\\/macote.fr\\\/produit\\\/ampoule-led-voiture\\\/#primaryimage\"},\"image\":{\"@id\":\"https:\\\/\\\/macote.fr\\\/produit\\\/ampoule-led-voiture\\\/#primaryimage\"},\"thumbnailUrl\":\"https:\\\/\\\/macote.fr\\\/wp-content\\\/uploads\\\/2023\\\/04\\\/HEADLIGHT-LED-H4.jpeg\",\"datePublished\":\"2023-04-26T15:14:32+00:00\",\"dateModified\":\"2023-06-21T09:20:27+00:00\",\"description\":\"Am\u00e9liorez la s\u00e9curit\u00e9 et le style de votre voiture avec nos ampoules LED de haute qualit\u00e9 pour les mod\u00e8les H7, H1, H4, H8, H9 et H11.\",\"breadcrumb\":{\"@id\":\"https:\\\/\\\/macote.fr\\\/produit\\\/ampoule-led-voiture\\\/#breadcrumb\"},\"inLanguage\":\"en-US\",\"potentialAction\":[{\"@type\":\"ReadAction\",\"target\":[\"https:\\\/\\\/macote.fr\\\/produit\\\/ampoule-led-voiture\\\/\"]}]},{\"@type\":\"ImageObject\",\"inLanguage\":\"en-US\",\"@id\":\"https:\\\/\\\/macote.fr\\\/produit\\\/ampoule-led-voiture\\\/#primaryimage\",\"url\":\"https:\\\/\\\/macote.fr\\\/wp-content\\\/uploads\\\/2023\\\/04\\\/HEADLIGHT-LED-H4.jpeg\",\"contentUrl\":\"https:\\\/\\\/macote.fr\\\/wp-content\\\/uploads\\\/2023\\\/04\\\/HEADLIGHT-LED-H4.jpeg\",\"width\":981,\"height\":889,\"caption\":\"ampoules LED voiture H7\"},{\"@type\":\"BreadcrumbList\",\"@id\":\"https:\\\/\\\/macote.fr\\\/produit\\\/ampoule-led-voiture\\\/#breadcrumb\",\"itemListElement\":[{\"@type\":\"ListItem\",\"position\":1,\"name\":\"Accueil\",\"item\":\"https:\\\/\\\/macote.fr\\\/\"},{\"@type\":\"ListItem\",\"position\":2,\"name\":\"Boutique\",\"item\":\"https:\\\/\\\/macote.fr\\\/boutique\\\/\"},{\"@type\":\"ListItem\",\"position\":3,\"name\":\"Ampoules LED voiture H7, H1, H4, H8, H9, H11\"}]},{\"@type\":\"WebSite\",\"@id\":\"https:\\\/\\\/macote.fr\\\/#website\",\"url\":\"https:\\\/\\\/macote.fr\\\/\",\"name\":\"MaCote.fr\",\"description\":\"BMW best accessories\",\"publisher\":{\"@id\":\"https:\\\/\\\/macote.fr\\\/#organization\"},\"alternateName\":\"BMW tuning\",\"potentialAction\":[{\"@type\":\"SearchAction\",\"target\":{\"@type\":\"EntryPoint\",\"urlTemplate\":\"https:\\\/\\\/macote.fr\\\/?s={search_term_string}\"},\"query-input\":{\"@type\":\"PropertyValueSpecification\",\"valueRequired\":true,\"valueName\":\"search_term_string\"}}],\"inLanguage\":\"en-US\"},{\"@type\":\"Organization\",\"@id\":\"https:\\\/\\\/macote.fr\\\/#organization\",\"name\":\"Macote.fr\",\"alternateName\":\"BMW tuning\",\"url\":\"https:\\\/\\\/macote.fr\\\/\",\"logo\":{\"@type\":\"ImageObject\",\"inLanguage\":\"en-US\",\"@id\":\"https:\\\/\\\/macote.fr\\\/#\\\/schema\\\/logo\\\/image\\\/\",\"url\":\"https:\\\/\\\/macote.fr\\\/wp-content\\\/uploads\\\/2023\\\/11\\\/LOGO-macote.fr-dessin-bmw-noir-copy.jpg\",\"contentUrl\":\"https:\\\/\\\/macote.fr\\\/wp-content\\\/uploads\\\/2023\\\/11\\\/LOGO-macote.fr-dessin-bmw-noir-copy.jpg\",\"width\":732,\"height\":456,\"caption\":\"Macote.fr\"},\"image\":{\"@id\":\"https:\\\/\\\/macote.fr\\\/#\\\/schema\\\/logo\\\/image\\\/\"},\"sameAs\":[\"https:\\\/\\\/www.facebook.com\\\/profile.php?id=100091476586119\",\"https:\\\/\\\/www.youtube.com\\\/channel\\\/UCgO-YTbaxYO-w_C5GfL-_1w\",\"https:\\\/\\\/www.tiktok.com\\\/@macote.fr?is_from_webapp=1&sender_device=pc\",\"https:\\\/\\\/www.instagram.com\\\/i_xila_i\\\/\"]}]}<\/script>\n<!-- \/ Yoast SEO Premium plugin. -->","yoast_head_json":{"title":"LED car bulbs H7, H1, H4, H8, H9, H11 - MaCote.fr","description":"Enhance the safety and style of your car with our high-quality LED bulbs for models H7, H1, H4, H8, H9 and H11.","robots":{"index":"index","follow":"follow","max-snippet":"max-snippet:-1","max-image-preview":"max-image-preview:large","max-video-preview":"max-video-preview:-1"},"canonical":"https:\/\/macote.fr\/en\/product\/bulb-led-car\/","og_locale":"en_US","og_type":"article","og_title":"Ampoules LED voiture H7, H1, H4, H8, H9, H11","og_description":"Am\u00e9liorez la s\u00e9curit\u00e9 et le style de votre voiture avec nos ampoules LED de haute qualit\u00e9 pour les mod\u00e8les H7, H1, H4, H8, H9 et H11.","og_url":"https:\/\/macote.fr\/en\/product\/bulb-led-car\/","og_site_name":"MaCote.fr","article_publisher":"https:\/\/www.facebook.com\/profile.php?id=100091476586119","article_modified_time":"2023-06-21T09:20:27+00:00","og_image":[{"width":981,"height":889,"url":"https:\/\/macote.fr\/wp-content\/uploads\/2023\/04\/HEADLIGHT-LED-H4.jpeg","type":"image\/jpeg"}],"twitter_card":"summary_large_image","twitter_misc":{"Est. reading time":"2 minutes"},"schema":{"@context":"https:\/\/schema.org","@graph":[{"@type":"WebPage","@id":"https:\/\/macote.fr\/produit\/ampoule-led-voiture\/","url":"https:\/\/macote.fr\/produit\/ampoule-led-voiture\/","name":"LED car bulbs H7, H1, H4, H8, H9, H11 - MaCote.fr","isPartOf":{"@id":"https:\/\/macote.fr\/#website"},"primaryImageOfPage":{"@id":"https:\/\/macote.fr\/produit\/ampoule-led-voiture\/#primaryimage"},"image":{"@id":"https:\/\/macote.fr\/produit\/ampoule-led-voiture\/#primaryimage"},"thumbnailUrl":"https:\/\/macote.fr\/wp-content\/uploads\/2023\/04\/HEADLIGHT-LED-H4.jpeg","datePublished":"2023-04-26T15:14:32+00:00","dateModified":"2023-06-21T09:20:27+00:00","description":"Enhance the safety and style of your car with our high-quality LED bulbs for models H7, H1, H4, H8, H9 and H11.","breadcrumb":{"@id":"https:\/\/macote.fr\/produit\/ampoule-led-voiture\/#breadcrumb"},"inLanguage":"en-US","potentialAction":[{"@type":"ReadAction","target":["https:\/\/macote.fr\/produit\/ampoule-led-voiture\/"]}]},{"@type":"ImageObject","inLanguage":"en-US","@id":"https:\/\/macote.fr\/produit\/ampoule-led-voiture\/#primaryimage","url":"https:\/\/macote.fr\/wp-content\/uploads\/2023\/04\/HEADLIGHT-LED-H4.jpeg","contentUrl":"https:\/\/macote.fr\/wp-content\/uploads\/2023\/04\/HEADLIGHT-LED-H4.jpeg","width":981,"height":889,"caption":"ampoules LED voiture H7"},{"@type":"BreadcrumbList","@id":"https:\/\/macote.fr\/produit\/ampoule-led-voiture\/#breadcrumb","itemListElement":[{"@type":"ListItem","position":1,"name":"Accueil","item":"https:\/\/macote.fr\/"},{"@type":"ListItem","position":2,"name":"Boutique","item":"https:\/\/macote.fr\/boutique\/"},{"@type":"ListItem","position":3,"name":"Ampoules LED voiture H7, H1, H4, H8, H9, H11"}]},{"@type":"WebSite","@id":"https:\/\/macote.fr\/#website","url":"https:\/\/macote.fr\/","name":"MyQuote.com","description":"BMW best accessories","publisher":{"@id":"https:\/\/macote.fr\/#organization"},"alternateName":"BMW tuning","potentialAction":[{"@type":"SearchAction","target":{"@type":"EntryPoint","urlTemplate":"https:\/\/macote.fr\/?s={search_term_string}"},"query-input":{"@type":"PropertyValueSpecification","valueRequired":true,"valueName":"search_term_string"}}],"inLanguage":"en-US"},{"@type":"Organization","@id":"https:\/\/macote.fr\/#organization","name":"Macote.fr","alternateName":"BMW tuning","url":"https:\/\/macote.fr\/","logo":{"@type":"ImageObject","inLanguage":"en-US","@id":"https:\/\/macote.fr\/#\/schema\/logo\/image\/","url":"https:\/\/macote.fr\/wp-content\/uploads\/2023\/11\/LOGO-macote.fr-dessin-bmw-noir-copy.jpg","contentUrl":"https:\/\/macote.fr\/wp-content\/uploads\/2023\/11\/LOGO-macote.fr-dessin-bmw-noir-copy.jpg","width":732,"height":456,"caption":"Macote.fr"},"image":{"@id":"https:\/\/macote.fr\/#\/schema\/logo\/image\/"},"sameAs":["https:\/\/www.facebook.com\/profile.php?id=100091476586119","https:\/\/www.youtube.com\/channel\/UCgO-YTbaxYO-w_C5GfL-_1w","https:\/\/www.tiktok.com\/@macote.fr?is_from_webapp=1&sender_device=pc","https:\/\/www.instagram.com\/i_xila_i\/"]}]}},"_links":{"self":[{"href":"https:\/\/macote.fr\/en\/wp-json\/wp\/v2\/product\/1517","targetHints":{"allow":["GET"]}}],"collection":[{"href":"https:\/\/macote.fr\/en\/wp-json\/wp\/v2\/product"}],"about":[{"href":"https:\/\/macote.fr\/en\/wp-json\/wp\/v2\/types\/product"}],"replies":[{"embeddable":true,"href":"https:\/\/macote.fr\/en\/wp-json\/wp\/v2\/comments?post=1517"}],"wp:featuredmedia":[{"embeddable":true,"href":"https:\/\/macote.fr\/en\/wp-json\/wp\/v2\/media\/1518"}],"wp:attachment":[{"href":"https:\/\/macote.fr\/en\/wp-json\/wp\/v2\/media?parent=1517"}],"wp:term":[{"taxonomy":"product_brand","embeddable":true,"href":"https:\/\/macote.fr\/en\/wp-json\/wp\/v2\/product_brand?post=1517"},{"taxonomy":"product_cat","embeddable":true,"href":"https:\/\/macote.fr\/en\/wp-json\/wp\/v2\/product_cat?post=1517"},{"taxonomy":"product_tag","embeddable":true,"href":"https:\/\/macote.fr\/en\/wp-json\/wp\/v2\/product_tag?post=1517"}],"curies":[{"name":"wp","href":"https:\/\/api.w.org\/{rel}","templated":true}]}}