{"id":1527,"date":"2023-04-26T22:54:32","date_gmt":"2023-04-26T20:54:32","guid":{"rendered":"https:\/\/macote.fr\/?post_type=product&#038;p=1527"},"modified":"2023-05-13T14:55:10","modified_gmt":"2023-05-13T12:55:10","slug":"headrest-alcantara-for-bmw","status":"publish","type":"product","link":"https:\/\/macote.fr\/en\/product\/headrest-alcantara-for-bmw\/","title":{"rendered":"Alcantara headrest for Bmw"},"content":{"rendered":"<div class=\"group w-full text-gray-800 dark:text-gray-100 border-b border-black\/10 dark:border-gray-900\/50 bg-gray-50 dark:bg-[#444654]\">\n<div class=\"text-base gap-4 md:gap-6 md:max-w-2xl lg:max-w-xl xl:max-w-3xl p-4 md:py-6 flex lg:px-0 m-auto\">\n<div class=\"relative flex w-[calc(100%-50px)] flex-col gap-1 md:gap-3 lg:w-[calc(100%-115px)]\">\n<div class=\"flex flex-grow flex-col gap-3\">\n<div class=\"min-h-[20px] flex flex-col items-start gap-4 whitespace-pre-wrap break-words\">\n<div class=\"markdown prose w-full break-words dark:prose-invert light\">\n<p>Offrez \u00e0 votre voiture un confort digne des Maybach ou Rolls-Royce avec notre appuie-t\u00eate en Alcantara doux et \u00e9l\u00e9gant. Con\u00e7u pour s&rsquo;adapter parfaitement \u00e0 votre BMW, ce coussin est un accessoire pratique pour les conducteurs soucieux de leur confort.<\/p>\n<p>De plus cet appuie t\u00eate est capable de s&rsquo;adapter \u00e0 votre morphologie et \u00e0 toutes les positions que vous prendrez pour vous offrir un confort optimal gr\u00e2ce \u00e0 sa technologie m\u00e9moire de forme.<\/p>\n<\/div>\n<p>Inspir\u00e9 des coussins doux et moelleux des derni\u00e8res Mercedes Classe S et Rolls-Royce Nous avons s\u00e9lectionn\u00e9 cet appuie t\u00eate pour votre confort et sa vari\u00e9t\u00e9 de couleur qui d&rsquo;adaptera \u00e0 tous les int\u00e9rieurs.<\/p>\n<div class=\"markdown prose w-full break-words dark:prose-invert light\">\n<p>Fabriqu\u00e9 avec des mat\u00e9riaux de haute qualit\u00e9 Provenant d&rsquo;Italie, cet appuie-t\u00eate offre un toucher doux et agr\u00e9able, qui r\u00e9duit le stress et les tensions sur le cou et les \u00e9paules pendant la conduite. De plus, la texture en Alcantara donne une sensation de luxe \u00e0 l&rsquo;int\u00e9rieur de votre voiture.<\/p>\n<p>Que vous soyez en train de faire un long trajet ou de conduire en ville, notre appuie-t\u00eate en alcantara est la solution id\u00e9ale pour am\u00e9liorer votre confort. Non seulement il est confortable, mais il est \u00e9galement facile \u00e0 installer et \u00e0 retirer si n\u00e9cessaire.<\/p>\n<p>En choisissant notre appuie-t\u00eate en alcantara pour votre BMW, vous optez pour un produit de qualit\u00e9 sup\u00e9rieure, qui ajoutera une touche de sophistication \u00e0 votre voiture. Alors pourquoi ne pas offrir \u00e0 votre cou le repos qu&rsquo;il m\u00e9rite ? Commandez le v\u00f4tre d\u00e8s maintenant et sentez la diff\u00e9rence !<\/p>\n<\/div>\n<\/div>\n<\/div>\n<div class=\"flex justify-between lg:block\">\n<div class=\"text-gray-400 flex self-end lg:self-center justify-center mt-2 gap-2 md:gap-3 lg:gap-1 lg:absolute lg:top-0 lg:translate-x-full lg:right-0 lg:mt-0 lg:pl-2 visible\"><\/div>\n<\/div>\n<\/div>\n<\/div>\n<\/div>\n","protected":false},"excerpt":{"rendered":"<p>Give your car the comfort worthy of Maybach or Rolls-Royce with our soft, elegant Alcantara headrest. Designed to fit your BMW perfectly, this cushion is a practical accessory for comfort-conscious drivers.<\/p>","protected":false},"featured_media":1529,"comment_status":"open","ping_status":"closed","template":"","meta":{"_eb_attr":""},"product_brand":[],"product_cat":[66],"product_tag":[],"class_list":{"0":"post-1527","1":"product","2":"type-product","3":"status-publish","4":"has-post-thumbnail","6":"product_cat-modifications-interieurs","8":"first","9":"instock","10":"taxable","11":"shipping-taxable","12":"purchasable","13":"product-type-variable"},"yoast_head":"<!-- This site is optimized with the Yoast SEO Premium plugin v20.7 (Yoast SEO v27.4) - https:\/\/yoast.com\/product\/yoast-seo-premium-wordpress\/ -->\n<title>Appuie t\u00eate Alcantara pour Bmw - MaCote.fr<\/title>\n<meta name=\"description\" content=\"D\u00e9couvrez le confort de notre appuie-t\u00eate en alcantara pour voiture. Fabriqu\u00e9 avec des mat\u00e9riaux de haute qualit\u00e9. Cet appui-t\u00eate doux est moelleux.\" \/>\n<meta name=\"robots\" content=\"index, follow, max-snippet:-1, max-image-preview:large, max-video-preview:-1\" \/>\n<link rel=\"canonical\" href=\"https:\/\/macote.fr\/en\/product\/headrest-alcantara-for-bmw\/\" \/>\n<meta property=\"og:locale\" content=\"en_US\" \/>\n<meta property=\"og:type\" content=\"article\" \/>\n<meta property=\"og:title\" content=\"Appuie t\u00eate Alcantara pour Bmw\" \/>\n<meta property=\"og:description\" content=\"D\u00e9couvrez le confort de notre appuie-t\u00eate en alcantara pour voiture. Fabriqu\u00e9 avec des mat\u00e9riaux de haute qualit\u00e9. Cet appui-t\u00eate doux est moelleux.\" \/>\n<meta property=\"og:url\" content=\"https:\/\/macote.fr\/en\/product\/headrest-alcantara-for-bmw\/\" \/>\n<meta property=\"og:site_name\" content=\"MaCote.fr\" \/>\n<meta property=\"article:publisher\" content=\"https:\/\/www.facebook.com\/profile.php?id=100091476586119\" \/>\n<meta property=\"article:modified_time\" content=\"2023-05-13T12:55:10+00:00\" \/>\n<meta property=\"og:image\" content=\"https:\/\/macote.fr\/wp-content\/uploads\/2023\/04\/coussin-noir-copy.png\" \/>\n\t<meta property=\"og:image:width\" content=\"790\" \/>\n\t<meta property=\"og:image:height\" content=\"830\" \/>\n\t<meta property=\"og:image:type\" content=\"image\/png\" \/>\n<meta name=\"twitter:card\" content=\"summary_large_image\" \/>\n<meta name=\"twitter:label1\" content=\"Est. reading time\" \/>\n\t<meta name=\"twitter:data1\" content=\"2 minutes\" \/>\n<script type=\"application\/ld+json\" class=\"yoast-schema-graph\">{\"@context\":\"https:\\\/\\\/schema.org\",\"@graph\":[{\"@type\":\"WebPage\",\"@id\":\"https:\\\/\\\/macote.fr\\\/produit\\\/appuie-tete-alcantara-pour-bmw\\\/\",\"url\":\"https:\\\/\\\/macote.fr\\\/produit\\\/appuie-tete-alcantara-pour-bmw\\\/\",\"name\":\"Appuie t\u00eate Alcantara pour Bmw - MaCote.fr\",\"isPartOf\":{\"@id\":\"https:\\\/\\\/macote.fr\\\/#website\"},\"primaryImageOfPage\":{\"@id\":\"https:\\\/\\\/macote.fr\\\/produit\\\/appuie-tete-alcantara-pour-bmw\\\/#primaryimage\"},\"image\":{\"@id\":\"https:\\\/\\\/macote.fr\\\/produit\\\/appuie-tete-alcantara-pour-bmw\\\/#primaryimage\"},\"thumbnailUrl\":\"https:\\\/\\\/macote.fr\\\/wp-content\\\/uploads\\\/2023\\\/04\\\/coussin-noir-copy.png\",\"datePublished\":\"2023-04-26T20:54:32+00:00\",\"dateModified\":\"2023-05-13T12:55:10+00:00\",\"description\":\"D\u00e9couvrez le confort de notre appuie-t\u00eate en alcantara pour voiture. Fabriqu\u00e9 avec des mat\u00e9riaux de haute qualit\u00e9. Cet appui-t\u00eate doux est moelleux.\",\"breadcrumb\":{\"@id\":\"https:\\\/\\\/macote.fr\\\/produit\\\/appuie-tete-alcantara-pour-bmw\\\/#breadcrumb\"},\"inLanguage\":\"en-US\",\"potentialAction\":[{\"@type\":\"ReadAction\",\"target\":[\"https:\\\/\\\/macote.fr\\\/produit\\\/appuie-tete-alcantara-pour-bmw\\\/\"]}]},{\"@type\":\"ImageObject\",\"inLanguage\":\"en-US\",\"@id\":\"https:\\\/\\\/macote.fr\\\/produit\\\/appuie-tete-alcantara-pour-bmw\\\/#primaryimage\",\"url\":\"https:\\\/\\\/macote.fr\\\/wp-content\\\/uploads\\\/2023\\\/04\\\/coussin-noir-copy.png\",\"contentUrl\":\"https:\\\/\\\/macote.fr\\\/wp-content\\\/uploads\\\/2023\\\/04\\\/coussin-noir-copy.png\",\"width\":790,\"height\":830,\"caption\":\"Appuie t\u00eate noir Alcantara\"},{\"@type\":\"BreadcrumbList\",\"@id\":\"https:\\\/\\\/macote.fr\\\/produit\\\/appuie-tete-alcantara-pour-bmw\\\/#breadcrumb\",\"itemListElement\":[{\"@type\":\"ListItem\",\"position\":1,\"name\":\"Accueil\",\"item\":\"https:\\\/\\\/macote.fr\\\/\"},{\"@type\":\"ListItem\",\"position\":2,\"name\":\"Boutique\",\"item\":\"https:\\\/\\\/macote.fr\\\/boutique\\\/\"},{\"@type\":\"ListItem\",\"position\":3,\"name\":\"Appuie t\u00eate Alcantara pour Bmw\"}]},{\"@type\":\"WebSite\",\"@id\":\"https:\\\/\\\/macote.fr\\\/#website\",\"url\":\"https:\\\/\\\/macote.fr\\\/\",\"name\":\"MaCote.fr\",\"description\":\"BMW best accessories\",\"publisher\":{\"@id\":\"https:\\\/\\\/macote.fr\\\/#organization\"},\"alternateName\":\"BMW tuning\",\"potentialAction\":[{\"@type\":\"SearchAction\",\"target\":{\"@type\":\"EntryPoint\",\"urlTemplate\":\"https:\\\/\\\/macote.fr\\\/?s={search_term_string}\"},\"query-input\":{\"@type\":\"PropertyValueSpecification\",\"valueRequired\":true,\"valueName\":\"search_term_string\"}}],\"inLanguage\":\"en-US\"},{\"@type\":\"Organization\",\"@id\":\"https:\\\/\\\/macote.fr\\\/#organization\",\"name\":\"Macote.fr\",\"alternateName\":\"BMW tuning\",\"url\":\"https:\\\/\\\/macote.fr\\\/\",\"logo\":{\"@type\":\"ImageObject\",\"inLanguage\":\"en-US\",\"@id\":\"https:\\\/\\\/macote.fr\\\/#\\\/schema\\\/logo\\\/image\\\/\",\"url\":\"https:\\\/\\\/macote.fr\\\/wp-content\\\/uploads\\\/2023\\\/11\\\/LOGO-macote.fr-dessin-bmw-noir-copy.jpg\",\"contentUrl\":\"https:\\\/\\\/macote.fr\\\/wp-content\\\/uploads\\\/2023\\\/11\\\/LOGO-macote.fr-dessin-bmw-noir-copy.jpg\",\"width\":732,\"height\":456,\"caption\":\"Macote.fr\"},\"image\":{\"@id\":\"https:\\\/\\\/macote.fr\\\/#\\\/schema\\\/logo\\\/image\\\/\"},\"sameAs\":[\"https:\\\/\\\/www.facebook.com\\\/profile.php?id=100091476586119\",\"https:\\\/\\\/www.youtube.com\\\/channel\\\/UCgO-YTbaxYO-w_C5GfL-_1w\",\"https:\\\/\\\/www.tiktok.com\\\/@macote.fr?is_from_webapp=1&sender_device=pc\",\"https:\\\/\\\/www.instagram.com\\\/i_xila_i\\\/\"]}]}<\/script>\n<!-- \/ Yoast SEO Premium plugin. -->","yoast_head_json":{"title":"Alcantara headrest for Bmw - MaCote.fr","description":"Discover the comfort of our alcantara car headrest. Made from high-quality materials. This soft headrest is plush.","robots":{"index":"index","follow":"follow","max-snippet":"max-snippet:-1","max-image-preview":"max-image-preview:large","max-video-preview":"max-video-preview:-1"},"canonical":"https:\/\/macote.fr\/en\/product\/headrest-alcantara-for-bmw\/","og_locale":"en_US","og_type":"article","og_title":"Appuie t\u00eate Alcantara pour Bmw","og_description":"D\u00e9couvrez le confort de notre appuie-t\u00eate en alcantara pour voiture. Fabriqu\u00e9 avec des mat\u00e9riaux de haute qualit\u00e9. Cet appui-t\u00eate doux est moelleux.","og_url":"https:\/\/macote.fr\/en\/product\/headrest-alcantara-for-bmw\/","og_site_name":"MaCote.fr","article_publisher":"https:\/\/www.facebook.com\/profile.php?id=100091476586119","article_modified_time":"2023-05-13T12:55:10+00:00","og_image":[{"width":790,"height":830,"url":"https:\/\/macote.fr\/wp-content\/uploads\/2023\/04\/coussin-noir-copy.png","type":"image\/png"}],"twitter_card":"summary_large_image","twitter_misc":{"Est. reading time":"2 minutes"},"schema":{"@context":"https:\/\/schema.org","@graph":[{"@type":"WebPage","@id":"https:\/\/macote.fr\/produit\/appuie-tete-alcantara-pour-bmw\/","url":"https:\/\/macote.fr\/produit\/appuie-tete-alcantara-pour-bmw\/","name":"Alcantara headrest for Bmw - MaCote.fr","isPartOf":{"@id":"https:\/\/macote.fr\/#website"},"primaryImageOfPage":{"@id":"https:\/\/macote.fr\/produit\/appuie-tete-alcantara-pour-bmw\/#primaryimage"},"image":{"@id":"https:\/\/macote.fr\/produit\/appuie-tete-alcantara-pour-bmw\/#primaryimage"},"thumbnailUrl":"https:\/\/macote.fr\/wp-content\/uploads\/2023\/04\/coussin-noir-copy.png","datePublished":"2023-04-26T20:54:32+00:00","dateModified":"2023-05-13T12:55:10+00:00","description":"Discover the comfort of our alcantara car headrest. Made from high-quality materials. This soft headrest is plush.","breadcrumb":{"@id":"https:\/\/macote.fr\/produit\/appuie-tete-alcantara-pour-bmw\/#breadcrumb"},"inLanguage":"en-US","potentialAction":[{"@type":"ReadAction","target":["https:\/\/macote.fr\/produit\/appuie-tete-alcantara-pour-bmw\/"]}]},{"@type":"ImageObject","inLanguage":"en-US","@id":"https:\/\/macote.fr\/produit\/appuie-tete-alcantara-pour-bmw\/#primaryimage","url":"https:\/\/macote.fr\/wp-content\/uploads\/2023\/04\/coussin-noir-copy.png","contentUrl":"https:\/\/macote.fr\/wp-content\/uploads\/2023\/04\/coussin-noir-copy.png","width":790,"height":830,"caption":"Appuie t\u00eate noir Alcantara"},{"@type":"BreadcrumbList","@id":"https:\/\/macote.fr\/produit\/appuie-tete-alcantara-pour-bmw\/#breadcrumb","itemListElement":[{"@type":"ListItem","position":1,"name":"Accueil","item":"https:\/\/macote.fr\/"},{"@type":"ListItem","position":2,"name":"Boutique","item":"https:\/\/macote.fr\/boutique\/"},{"@type":"ListItem","position":3,"name":"Appuie t\u00eate Alcantara pour Bmw"}]},{"@type":"WebSite","@id":"https:\/\/macote.fr\/#website","url":"https:\/\/macote.fr\/","name":"MyQuote.com","description":"BMW best accessories","publisher":{"@id":"https:\/\/macote.fr\/#organization"},"alternateName":"BMW tuning","potentialAction":[{"@type":"SearchAction","target":{"@type":"EntryPoint","urlTemplate":"https:\/\/macote.fr\/?s={search_term_string}"},"query-input":{"@type":"PropertyValueSpecification","valueRequired":true,"valueName":"search_term_string"}}],"inLanguage":"en-US"},{"@type":"Organization","@id":"https:\/\/macote.fr\/#organization","name":"Macote.fr","alternateName":"BMW tuning","url":"https:\/\/macote.fr\/","logo":{"@type":"ImageObject","inLanguage":"en-US","@id":"https:\/\/macote.fr\/#\/schema\/logo\/image\/","url":"https:\/\/macote.fr\/wp-content\/uploads\/2023\/11\/LOGO-macote.fr-dessin-bmw-noir-copy.jpg","contentUrl":"https:\/\/macote.fr\/wp-content\/uploads\/2023\/11\/LOGO-macote.fr-dessin-bmw-noir-copy.jpg","width":732,"height":456,"caption":"Macote.fr"},"image":{"@id":"https:\/\/macote.fr\/#\/schema\/logo\/image\/"},"sameAs":["https:\/\/www.facebook.com\/profile.php?id=100091476586119","https:\/\/www.youtube.com\/channel\/UCgO-YTbaxYO-w_C5GfL-_1w","https:\/\/www.tiktok.com\/@macote.fr?is_from_webapp=1&sender_device=pc","https:\/\/www.instagram.com\/i_xila_i\/"]}]}},"_links":{"self":[{"href":"https:\/\/macote.fr\/en\/wp-json\/wp\/v2\/product\/1527","targetHints":{"allow":["GET"]}}],"collection":[{"href":"https:\/\/macote.fr\/en\/wp-json\/wp\/v2\/product"}],"about":[{"href":"https:\/\/macote.fr\/en\/wp-json\/wp\/v2\/types\/product"}],"replies":[{"embeddable":true,"href":"https:\/\/macote.fr\/en\/wp-json\/wp\/v2\/comments?post=1527"}],"wp:featuredmedia":[{"embeddable":true,"href":"https:\/\/macote.fr\/en\/wp-json\/wp\/v2\/media\/1529"}],"wp:attachment":[{"href":"https:\/\/macote.fr\/en\/wp-json\/wp\/v2\/media?parent=1527"}],"wp:term":[{"taxonomy":"product_brand","embeddable":true,"href":"https:\/\/macote.fr\/en\/wp-json\/wp\/v2\/product_brand?post=1527"},{"taxonomy":"product_cat","embeddable":true,"href":"https:\/\/macote.fr\/en\/wp-json\/wp\/v2\/product_cat?post=1527"},{"taxonomy":"product_tag","embeddable":true,"href":"https:\/\/macote.fr\/en\/wp-json\/wp\/v2\/product_tag?post=1527"}],"curies":[{"name":"wp","href":"https:\/\/api.w.org\/{rel}","templated":true}]}}