{"id":1679,"date":"2023-05-02T23:30:11","date_gmt":"2023-05-02T21:30:11","guid":{"rendered":"https:\/\/macote.fr\/?post_type=product&#038;p=1679"},"modified":"2023-05-13T23:28:16","modified_gmt":"2023-05-13T21:28:16","slug":"kit-sieges-chauffant-car","status":"publish","type":"product","link":"https:\/\/macote.fr\/en\/product\/kit-sieges-chauffant-car\/","title":{"rendered":"Heated car seat kit"},"content":{"rendered":"<p>The heated car seat kit is a practical accessory that keeps you warm and comfortable on long car journeys, even in cold weather. The kit includes 4 heated PADs for two heated seats that can be installed on the front seats of your car.<\/p>\n<p>The seats are also equipped with an advanced heating system that lets you adjust the temperature to suit your preferences. You can choose from three different heat levels for each seat.<\/p>\n<p>The kit is easy to install and use. It comes with detailed instructions to guide you through each step of the installation process. You don't need any technical skills to install the kit.<\/p>\n<p>The heated car seat kit is a practical accessory that can be used all year round. It's particularly useful during the winter months when temperatures are low and car seats can be cold and uncomfortable. Thanks to the heated seat kit, you can stay warm and comfortable throughout your journey.<\/p>\n<p>What's more, this kit is also an economical option. It's much cheaper than replacing the seats in your car with original heated seats. What's more, you can install it yourself, so you don't have to pay any additional installation costs.<\/p>\n<p>It also preserves the car's original appearance. Unlike unsightly heated seat covers, our kit fits under your existing seats, preserving the car's original appearance.<\/p>\n<p>In conclusion, this kit is a practical and economical accessory that considerably improves the comfort of your car. It's easy to install and use, and keeps you warm and comfortable on long car journeys. If you're looking to improve the comfort of your car, the heated car seat kit is an excellent option to consider.<\/p>","protected":false},"excerpt":{"rendered":"<p>The heated car seat kit is a practical accessory that keeps you warm and comfortable on long car journeys, even in cold weather. The kit includes 4 heated PADs for two heated seats that can be installed on the front seats of your car.<\/p>","protected":false},"featured_media":1680,"comment_status":"open","ping_status":"closed","template":"","meta":{"_eb_attr":""},"product_brand":[],"product_cat":[56,66],"product_tag":[],"class_list":{"0":"post-1679","1":"product","2":"type-product","3":"status-publish","4":"has-post-thumbnail","6":"product_cat-accessoires-divers","7":"product_cat-modifications-interieurs","9":"first","10":"instock","11":"taxable","12":"shipping-taxable","13":"purchasable","14":"product-type-simple"},"yoast_head":"<!-- This site is optimized with the Yoast SEO Premium plugin v20.7 (Yoast SEO v27.4) - https:\/\/yoast.com\/product\/yoast-seo-premium-wordpress\/ -->\n<title>Kit si\u00e8ges chauffants pour voiture - MaCote.fr<\/title>\n<meta name=\"description\" content=\"Restez au chaud et confortable pendant vos trajets en voiture avec notre kit de si\u00e8ges chauffants pour deux si\u00e8ges de haute qualit\u00e9.\" \/>\n<meta name=\"robots\" content=\"index, follow, max-snippet:-1, max-image-preview:large, max-video-preview:-1\" \/>\n<link rel=\"canonical\" href=\"https:\/\/macote.fr\/en\/product\/kit-sieges-chauffant-car\/\" \/>\n<meta property=\"og:locale\" content=\"en_US\" \/>\n<meta property=\"og:type\" content=\"article\" \/>\n<meta property=\"og:title\" content=\"Kit si\u00e8ges chauffants pour voiture\" \/>\n<meta property=\"og:description\" content=\"Restez au chaud et confortable pendant vos trajets en voiture avec notre kit de si\u00e8ges chauffants pour deux si\u00e8ges de haute qualit\u00e9.\" \/>\n<meta property=\"og:url\" content=\"https:\/\/macote.fr\/en\/product\/kit-sieges-chauffant-car\/\" \/>\n<meta property=\"og:site_name\" content=\"MaCote.fr\" \/>\n<meta property=\"article:publisher\" content=\"https:\/\/www.facebook.com\/profile.php?id=100091476586119\" \/>\n<meta property=\"article:modified_time\" content=\"2023-05-13T21:28:16+00:00\" \/>\n<meta property=\"og:image\" content=\"https:\/\/macote.fr\/wp-content\/uploads\/2023\/05\/2-heated-seats-pads.jpeg\" \/>\n\t<meta property=\"og:image:width\" content=\"800\" \/>\n\t<meta property=\"og:image:height\" content=\"800\" \/>\n\t<meta property=\"og:image:type\" content=\"image\/jpeg\" \/>\n<meta name=\"twitter:card\" content=\"summary_large_image\" \/>\n<meta name=\"twitter:label1\" content=\"Est. reading time\" \/>\n\t<meta name=\"twitter:data1\" content=\"2 minutes\" \/>\n<script type=\"application\/ld+json\" class=\"yoast-schema-graph\">{\"@context\":\"https:\\\/\\\/schema.org\",\"@graph\":[{\"@type\":\"WebPage\",\"@id\":\"https:\\\/\\\/macote.fr\\\/produit\\\/kit-sieges-chauffant-voiture\\\/\",\"url\":\"https:\\\/\\\/macote.fr\\\/produit\\\/kit-sieges-chauffant-voiture\\\/\",\"name\":\"Kit si\u00e8ges chauffants pour voiture - MaCote.fr\",\"isPartOf\":{\"@id\":\"https:\\\/\\\/macote.fr\\\/#website\"},\"primaryImageOfPage\":{\"@id\":\"https:\\\/\\\/macote.fr\\\/produit\\\/kit-sieges-chauffant-voiture\\\/#primaryimage\"},\"image\":{\"@id\":\"https:\\\/\\\/macote.fr\\\/produit\\\/kit-sieges-chauffant-voiture\\\/#primaryimage\"},\"thumbnailUrl\":\"https:\\\/\\\/macote.fr\\\/wp-content\\\/uploads\\\/2023\\\/05\\\/2-heated-seats-pads.jpeg\",\"datePublished\":\"2023-05-02T21:30:11+00:00\",\"dateModified\":\"2023-05-13T21:28:16+00:00\",\"description\":\"Restez au chaud et confortable pendant vos trajets en voiture avec notre kit de si\u00e8ges chauffants pour deux si\u00e8ges de haute qualit\u00e9.\",\"breadcrumb\":{\"@id\":\"https:\\\/\\\/macote.fr\\\/produit\\\/kit-sieges-chauffant-voiture\\\/#breadcrumb\"},\"inLanguage\":\"en-US\",\"potentialAction\":[{\"@type\":\"ReadAction\",\"target\":[\"https:\\\/\\\/macote.fr\\\/produit\\\/kit-sieges-chauffant-voiture\\\/\"]}]},{\"@type\":\"ImageObject\",\"inLanguage\":\"en-US\",\"@id\":\"https:\\\/\\\/macote.fr\\\/produit\\\/kit-sieges-chauffant-voiture\\\/#primaryimage\",\"url\":\"https:\\\/\\\/macote.fr\\\/wp-content\\\/uploads\\\/2023\\\/05\\\/2-heated-seats-pads.jpeg\",\"contentUrl\":\"https:\\\/\\\/macote.fr\\\/wp-content\\\/uploads\\\/2023\\\/05\\\/2-heated-seats-pads.jpeg\",\"width\":800,\"height\":800,\"caption\":\"kit si\u00e8ges chauffants 4pads\"},{\"@type\":\"BreadcrumbList\",\"@id\":\"https:\\\/\\\/macote.fr\\\/produit\\\/kit-sieges-chauffant-voiture\\\/#breadcrumb\",\"itemListElement\":[{\"@type\":\"ListItem\",\"position\":1,\"name\":\"Accueil\",\"item\":\"https:\\\/\\\/macote.fr\\\/\"},{\"@type\":\"ListItem\",\"position\":2,\"name\":\"Boutique\",\"item\":\"https:\\\/\\\/macote.fr\\\/boutique\\\/\"},{\"@type\":\"ListItem\",\"position\":3,\"name\":\"Kit si\u00e8ges chauffants pour voiture\"}]},{\"@type\":\"WebSite\",\"@id\":\"https:\\\/\\\/macote.fr\\\/#website\",\"url\":\"https:\\\/\\\/macote.fr\\\/\",\"name\":\"MaCote.fr\",\"description\":\"BMW best accessories\",\"publisher\":{\"@id\":\"https:\\\/\\\/macote.fr\\\/#organization\"},\"alternateName\":\"BMW tuning\",\"potentialAction\":[{\"@type\":\"SearchAction\",\"target\":{\"@type\":\"EntryPoint\",\"urlTemplate\":\"https:\\\/\\\/macote.fr\\\/?s={search_term_string}\"},\"query-input\":{\"@type\":\"PropertyValueSpecification\",\"valueRequired\":true,\"valueName\":\"search_term_string\"}}],\"inLanguage\":\"en-US\"},{\"@type\":\"Organization\",\"@id\":\"https:\\\/\\\/macote.fr\\\/#organization\",\"name\":\"Macote.fr\",\"alternateName\":\"BMW tuning\",\"url\":\"https:\\\/\\\/macote.fr\\\/\",\"logo\":{\"@type\":\"ImageObject\",\"inLanguage\":\"en-US\",\"@id\":\"https:\\\/\\\/macote.fr\\\/#\\\/schema\\\/logo\\\/image\\\/\",\"url\":\"https:\\\/\\\/macote.fr\\\/wp-content\\\/uploads\\\/2023\\\/11\\\/LOGO-macote.fr-dessin-bmw-noir-copy.jpg\",\"contentUrl\":\"https:\\\/\\\/macote.fr\\\/wp-content\\\/uploads\\\/2023\\\/11\\\/LOGO-macote.fr-dessin-bmw-noir-copy.jpg\",\"width\":732,\"height\":456,\"caption\":\"Macote.fr\"},\"image\":{\"@id\":\"https:\\\/\\\/macote.fr\\\/#\\\/schema\\\/logo\\\/image\\\/\"},\"sameAs\":[\"https:\\\/\\\/www.facebook.com\\\/profile.php?id=100091476586119\",\"https:\\\/\\\/www.youtube.com\\\/channel\\\/UCgO-YTbaxYO-w_C5GfL-_1w\",\"https:\\\/\\\/www.tiktok.com\\\/@macote.fr?is_from_webapp=1&sender_device=pc\",\"https:\\\/\\\/www.instagram.com\\\/i_xila_i\\\/\"]}]}<\/script>\n<!-- \/ Yoast SEO Premium plugin. -->","yoast_head_json":{"title":"Heated car seat kit - MaCote.fr","description":"Stay warm and comfortable during your car journeys with our high-quality heated seat kit for two seats.","robots":{"index":"index","follow":"follow","max-snippet":"max-snippet:-1","max-image-preview":"max-image-preview:large","max-video-preview":"max-video-preview:-1"},"canonical":"https:\/\/macote.fr\/en\/product\/kit-sieges-chauffant-car\/","og_locale":"en_US","og_type":"article","og_title":"Kit si\u00e8ges chauffants pour voiture","og_description":"Restez au chaud et confortable pendant vos trajets en voiture avec notre kit de si\u00e8ges chauffants pour deux si\u00e8ges de haute qualit\u00e9.","og_url":"https:\/\/macote.fr\/en\/product\/kit-sieges-chauffant-car\/","og_site_name":"MaCote.fr","article_publisher":"https:\/\/www.facebook.com\/profile.php?id=100091476586119","article_modified_time":"2023-05-13T21:28:16+00:00","og_image":[{"width":800,"height":800,"url":"https:\/\/macote.fr\/wp-content\/uploads\/2023\/05\/2-heated-seats-pads.jpeg","type":"image\/jpeg"}],"twitter_card":"summary_large_image","twitter_misc":{"Est. reading time":"2 minutes"},"schema":{"@context":"https:\/\/schema.org","@graph":[{"@type":"WebPage","@id":"https:\/\/macote.fr\/produit\/kit-sieges-chauffant-voiture\/","url":"https:\/\/macote.fr\/produit\/kit-sieges-chauffant-voiture\/","name":"Heated car seat kit - MaCote.fr","isPartOf":{"@id":"https:\/\/macote.fr\/#website"},"primaryImageOfPage":{"@id":"https:\/\/macote.fr\/produit\/kit-sieges-chauffant-voiture\/#primaryimage"},"image":{"@id":"https:\/\/macote.fr\/produit\/kit-sieges-chauffant-voiture\/#primaryimage"},"thumbnailUrl":"https:\/\/macote.fr\/wp-content\/uploads\/2023\/05\/2-heated-seats-pads.jpeg","datePublished":"2023-05-02T21:30:11+00:00","dateModified":"2023-05-13T21:28:16+00:00","description":"Stay warm and comfortable during your car journeys with our high-quality heated seat kit for two seats.","breadcrumb":{"@id":"https:\/\/macote.fr\/produit\/kit-sieges-chauffant-voiture\/#breadcrumb"},"inLanguage":"en-US","potentialAction":[{"@type":"ReadAction","target":["https:\/\/macote.fr\/produit\/kit-sieges-chauffant-voiture\/"]}]},{"@type":"ImageObject","inLanguage":"en-US","@id":"https:\/\/macote.fr\/produit\/kit-sieges-chauffant-voiture\/#primaryimage","url":"https:\/\/macote.fr\/wp-content\/uploads\/2023\/05\/2-heated-seats-pads.jpeg","contentUrl":"https:\/\/macote.fr\/wp-content\/uploads\/2023\/05\/2-heated-seats-pads.jpeg","width":800,"height":800,"caption":"kit si\u00e8ges chauffants 4pads"},{"@type":"BreadcrumbList","@id":"https:\/\/macote.fr\/produit\/kit-sieges-chauffant-voiture\/#breadcrumb","itemListElement":[{"@type":"ListItem","position":1,"name":"Accueil","item":"https:\/\/macote.fr\/"},{"@type":"ListItem","position":2,"name":"Boutique","item":"https:\/\/macote.fr\/boutique\/"},{"@type":"ListItem","position":3,"name":"Kit si\u00e8ges chauffants pour voiture"}]},{"@type":"WebSite","@id":"https:\/\/macote.fr\/#website","url":"https:\/\/macote.fr\/","name":"MyQuote.com","description":"BMW best accessories","publisher":{"@id":"https:\/\/macote.fr\/#organization"},"alternateName":"BMW tuning","potentialAction":[{"@type":"SearchAction","target":{"@type":"EntryPoint","urlTemplate":"https:\/\/macote.fr\/?s={search_term_string}"},"query-input":{"@type":"PropertyValueSpecification","valueRequired":true,"valueName":"search_term_string"}}],"inLanguage":"en-US"},{"@type":"Organization","@id":"https:\/\/macote.fr\/#organization","name":"Macote.fr","alternateName":"BMW tuning","url":"https:\/\/macote.fr\/","logo":{"@type":"ImageObject","inLanguage":"en-US","@id":"https:\/\/macote.fr\/#\/schema\/logo\/image\/","url":"https:\/\/macote.fr\/wp-content\/uploads\/2023\/11\/LOGO-macote.fr-dessin-bmw-noir-copy.jpg","contentUrl":"https:\/\/macote.fr\/wp-content\/uploads\/2023\/11\/LOGO-macote.fr-dessin-bmw-noir-copy.jpg","width":732,"height":456,"caption":"Macote.fr"},"image":{"@id":"https:\/\/macote.fr\/#\/schema\/logo\/image\/"},"sameAs":["https:\/\/www.facebook.com\/profile.php?id=100091476586119","https:\/\/www.youtube.com\/channel\/UCgO-YTbaxYO-w_C5GfL-_1w","https:\/\/www.tiktok.com\/@macote.fr?is_from_webapp=1&sender_device=pc","https:\/\/www.instagram.com\/i_xila_i\/"]}]}},"_links":{"self":[{"href":"https:\/\/macote.fr\/en\/wp-json\/wp\/v2\/product\/1679","targetHints":{"allow":["GET"]}}],"collection":[{"href":"https:\/\/macote.fr\/en\/wp-json\/wp\/v2\/product"}],"about":[{"href":"https:\/\/macote.fr\/en\/wp-json\/wp\/v2\/types\/product"}],"replies":[{"embeddable":true,"href":"https:\/\/macote.fr\/en\/wp-json\/wp\/v2\/comments?post=1679"}],"wp:featuredmedia":[{"embeddable":true,"href":"https:\/\/macote.fr\/en\/wp-json\/wp\/v2\/media\/1680"}],"wp:attachment":[{"href":"https:\/\/macote.fr\/en\/wp-json\/wp\/v2\/media?parent=1679"}],"wp:term":[{"taxonomy":"product_brand","embeddable":true,"href":"https:\/\/macote.fr\/en\/wp-json\/wp\/v2\/product_brand?post=1679"},{"taxonomy":"product_cat","embeddable":true,"href":"https:\/\/macote.fr\/en\/wp-json\/wp\/v2\/product_cat?post=1679"},{"taxonomy":"product_tag","embeddable":true,"href":"https:\/\/macote.fr\/en\/wp-json\/wp\/v2\/product_tag?post=1679"}],"curies":[{"name":"wp","href":"https:\/\/api.w.org\/{rel}","templated":true}]}}