{"id":1683,"date":"2023-05-03T22:00:31","date_gmt":"2023-05-03T20:00:31","guid":{"rendered":"https:\/\/macote.fr\/?post_type=product&#038;p=1683"},"modified":"2024-02-22T23:57:51","modified_gmt":"2024-02-22T22:57:51","slug":"crankset-aluminum-antiderapant-bmw-e46-e90","status":"publish","type":"product","link":"https:\/\/macote.fr\/en\/product\/crankset-aluminum-antiderapant-bmw-e46-e90\/","title":{"rendered":"BMW E46\/E90 non-skid aluminum crankset"},"content":{"rendered":"<p>The Aluminum Non-Slip Crankset for BMW is a high-quality accessory that adds a touch of style and functionality to your BMW car. The crankset is designed with high-quality materials to guarantee long life and increased resistance to wear.<\/p>\n<p>The non-slip aluminum crankset is compatible with <strong>BMW E30 E36 E39 E46 E87 E90 E91 E92 E93<\/strong><\/p>\n<p>Available for automatic and manual gearboxes.<\/p>\n<p>The crankset's main body is made of solid aluminum, making it lightweight yet highly durable. The crankset surface is textured and non-slip for a secure and reliable grip. This allows you to maintain a comfortable and secure position for your foot on the pedals, even during sporty riding.<\/p>\n<p>The pedals are designed to fit your BMW car perfectly, and are easy to install as replacements for the original pedals. The kit includes detailed installation instructions and all the tools needed for quick and easy installation.<\/p>\n<p>The finishes are wear-resistant and scratch-resistant for a long-lasting, high-quality look.<\/p>\n<p>In short, the Aluminum Anti-Slip Pedal Board for BMW is a premium accessory that enhances the aesthetics and functionality of your BMW car. It offers reliable grip for a safer, more comfortable driving experience, while being easy to install. With an elegant, wear-resistant finish, this pedal set is a wise choice for any BMW owner who wants to personalize and enhance their vehicle.<\/p>","protected":false},"excerpt":{"rendered":"<p>Enhance the aesthetics and functionality of your BMW car with the high-grade, non-slip aluminum crankset. Easy to install and available in a range of wear-resistant finishes, this crankset offers reliable grip for a safer, more comfortable driving experience.<\/p>","protected":false},"featured_media":1684,"comment_status":"open","ping_status":"closed","template":"","meta":{"_eb_attr":""},"product_brand":[],"product_cat":[147,148,66],"product_tag":[],"class_list":{"0":"post-1683","1":"product","2":"type-product","3":"status-publish","4":"has-post-thumbnail","6":"product_cat-bmw-serie-3-e46","7":"product_cat-bmw-serie-3-e90-e91-e92-e93","8":"product_cat-modifications-interieurs","10":"first","11":"instock","12":"taxable","13":"shipping-taxable","14":"purchasable","15":"product-type-variable"},"yoast_head":"<!-- This site is optimized with the Yoast SEO Premium plugin v20.7 (Yoast SEO v27.3) - https:\/\/yoast.com\/product\/yoast-seo-premium-wordpress\/ -->\n<title>P\u00e9dalier aluminum antid\u00e9rapant BMW E46\/E90 - MaCote.fr<\/title>\n<meta name=\"description\" content=\"Am\u00e9liorez l&#039;esth\u00e9tique et la fonctionnalit\u00e9 de votre voiture BMW avec le P\u00e9dalier aluminum antid\u00e9rapant de qualit\u00e9 sup\u00e9rieure.\" \/>\n<meta name=\"robots\" content=\"index, follow, max-snippet:-1, max-image-preview:large, max-video-preview:-1\" \/>\n<link rel=\"canonical\" href=\"https:\/\/macote.fr\/en\/product\/crankset-aluminum-antiderapant-bmw-e46-e90\/\" \/>\n<meta property=\"og:locale\" content=\"en_US\" \/>\n<meta property=\"og:type\" content=\"article\" \/>\n<meta property=\"og:title\" content=\"P\u00e9dalier aluminum antid\u00e9rapant BMW E46\/E90\" \/>\n<meta property=\"og:description\" content=\"Am\u00e9liorez l&#039;esth\u00e9tique et la fonctionnalit\u00e9 de votre voiture BMW avec le P\u00e9dalier aluminum antid\u00e9rapant de qualit\u00e9 sup\u00e9rieure.\" \/>\n<meta property=\"og:url\" content=\"https:\/\/macote.fr\/en\/product\/crankset-aluminum-antiderapant-bmw-e46-e90\/\" \/>\n<meta property=\"og:site_name\" content=\"MaCote.fr\" \/>\n<meta property=\"article:publisher\" content=\"https:\/\/www.facebook.com\/profile.php?id=100091476586119\" \/>\n<meta property=\"article:modified_time\" content=\"2024-02-22T22:57:51+00:00\" \/>\n<meta property=\"og:image\" content=\"https:\/\/macote.fr\/wp-content\/uploads\/2023\/05\/E46-pedales-metale-E46-manual.jpeg\" \/>\n\t<meta property=\"og:image:width\" content=\"1000\" \/>\n\t<meta property=\"og:image:height\" content=\"1000\" \/>\n\t<meta property=\"og:image:type\" content=\"image\/jpeg\" \/>\n<meta name=\"twitter:card\" content=\"summary_large_image\" \/>\n<meta name=\"twitter:label1\" content=\"Est. reading time\" \/>\n\t<meta name=\"twitter:data1\" content=\"2 minutes\" \/>\n<script type=\"application\/ld+json\" class=\"yoast-schema-graph\">{\"@context\":\"https:\\\/\\\/schema.org\",\"@graph\":[{\"@type\":\"WebPage\",\"@id\":\"https:\\\/\\\/macote.fr\\\/produit\\\/pedalier-aluminum-antiderapant-bmw-e46-e90\\\/\",\"url\":\"https:\\\/\\\/macote.fr\\\/produit\\\/pedalier-aluminum-antiderapant-bmw-e46-e90\\\/\",\"name\":\"P\u00e9dalier aluminum antid\u00e9rapant BMW E46\\\/E90 - MaCote.fr\",\"isPartOf\":{\"@id\":\"https:\\\/\\\/macote.fr\\\/#website\"},\"primaryImageOfPage\":{\"@id\":\"https:\\\/\\\/macote.fr\\\/produit\\\/pedalier-aluminum-antiderapant-bmw-e46-e90\\\/#primaryimage\"},\"image\":{\"@id\":\"https:\\\/\\\/macote.fr\\\/produit\\\/pedalier-aluminum-antiderapant-bmw-e46-e90\\\/#primaryimage\"},\"thumbnailUrl\":\"https:\\\/\\\/macote.fr\\\/wp-content\\\/uploads\\\/2023\\\/05\\\/E46-pedales-metale-E46-manual.jpeg\",\"datePublished\":\"2023-05-03T20:00:31+00:00\",\"dateModified\":\"2024-02-22T22:57:51+00:00\",\"description\":\"Am\u00e9liorez l'esth\u00e9tique et la fonctionnalit\u00e9 de votre voiture BMW avec le P\u00e9dalier aluminum antid\u00e9rapant de qualit\u00e9 sup\u00e9rieure.\",\"breadcrumb\":{\"@id\":\"https:\\\/\\\/macote.fr\\\/produit\\\/pedalier-aluminum-antiderapant-bmw-e46-e90\\\/#breadcrumb\"},\"inLanguage\":\"en-US\",\"potentialAction\":[{\"@type\":\"ReadAction\",\"target\":[\"https:\\\/\\\/macote.fr\\\/produit\\\/pedalier-aluminum-antiderapant-bmw-e46-e90\\\/\"]}]},{\"@type\":\"ImageObject\",\"inLanguage\":\"en-US\",\"@id\":\"https:\\\/\\\/macote.fr\\\/produit\\\/pedalier-aluminum-antiderapant-bmw-e46-e90\\\/#primaryimage\",\"url\":\"https:\\\/\\\/macote.fr\\\/wp-content\\\/uploads\\\/2023\\\/05\\\/E46-pedales-metale-E46-manual.jpeg\",\"contentUrl\":\"https:\\\/\\\/macote.fr\\\/wp-content\\\/uploads\\\/2023\\\/05\\\/E46-pedales-metale-E46-manual.jpeg\",\"width\":1000,\"height\":1000,\"caption\":\"E46 p\u00e9dales aluminium E46 manual\"},{\"@type\":\"BreadcrumbList\",\"@id\":\"https:\\\/\\\/macote.fr\\\/produit\\\/pedalier-aluminum-antiderapant-bmw-e46-e90\\\/#breadcrumb\",\"itemListElement\":[{\"@type\":\"ListItem\",\"position\":1,\"name\":\"Accueil\",\"item\":\"https:\\\/\\\/macote.fr\\\/\"},{\"@type\":\"ListItem\",\"position\":2,\"name\":\"Boutique\",\"item\":\"https:\\\/\\\/macote.fr\\\/boutique\\\/\"},{\"@type\":\"ListItem\",\"position\":3,\"name\":\"P\u00e9dalier aluminum antid\u00e9rapant BMW E46\\\/E90\"}]},{\"@type\":\"WebSite\",\"@id\":\"https:\\\/\\\/macote.fr\\\/#website\",\"url\":\"https:\\\/\\\/macote.fr\\\/\",\"name\":\"MaCote.fr\",\"description\":\"BMW best accessories\",\"publisher\":{\"@id\":\"https:\\\/\\\/macote.fr\\\/#organization\"},\"alternateName\":\"BMW tuning\",\"potentialAction\":[{\"@type\":\"SearchAction\",\"target\":{\"@type\":\"EntryPoint\",\"urlTemplate\":\"https:\\\/\\\/macote.fr\\\/?s={search_term_string}\"},\"query-input\":{\"@type\":\"PropertyValueSpecification\",\"valueRequired\":true,\"valueName\":\"search_term_string\"}}],\"inLanguage\":\"en-US\"},{\"@type\":\"Organization\",\"@id\":\"https:\\\/\\\/macote.fr\\\/#organization\",\"name\":\"Macote.fr\",\"alternateName\":\"BMW tuning\",\"url\":\"https:\\\/\\\/macote.fr\\\/\",\"logo\":{\"@type\":\"ImageObject\",\"inLanguage\":\"en-US\",\"@id\":\"https:\\\/\\\/macote.fr\\\/#\\\/schema\\\/logo\\\/image\\\/\",\"url\":\"https:\\\/\\\/macote.fr\\\/wp-content\\\/uploads\\\/2023\\\/11\\\/LOGO-macote.fr-dessin-bmw-noir-copy.jpg\",\"contentUrl\":\"https:\\\/\\\/macote.fr\\\/wp-content\\\/uploads\\\/2023\\\/11\\\/LOGO-macote.fr-dessin-bmw-noir-copy.jpg\",\"width\":732,\"height\":456,\"caption\":\"Macote.fr\"},\"image\":{\"@id\":\"https:\\\/\\\/macote.fr\\\/#\\\/schema\\\/logo\\\/image\\\/\"},\"sameAs\":[\"https:\\\/\\\/www.facebook.com\\\/profile.php?id=100091476586119\",\"https:\\\/\\\/www.youtube.com\\\/channel\\\/UCgO-YTbaxYO-w_C5GfL-_1w\",\"https:\\\/\\\/www.tiktok.com\\\/@macote.fr?is_from_webapp=1&sender_device=pc\",\"https:\\\/\\\/www.instagram.com\\\/i_xila_i\\\/\"]}]}<\/script>\n<!-- \/ Yoast SEO Premium plugin. -->","yoast_head_json":{"title":"Non-slip aluminum crankset BMW E46\/E90 - MaCote.fr","description":"Enhance the aesthetics and functionality of your BMW car with the top-quality, non-slip aluminum crankset.","robots":{"index":"index","follow":"follow","max-snippet":"max-snippet:-1","max-image-preview":"max-image-preview:large","max-video-preview":"max-video-preview:-1"},"canonical":"https:\/\/macote.fr\/en\/product\/crankset-aluminum-antiderapant-bmw-e46-e90\/","og_locale":"en_US","og_type":"article","og_title":"P\u00e9dalier aluminum antid\u00e9rapant BMW E46\/E90","og_description":"Am\u00e9liorez l'esth\u00e9tique et la fonctionnalit\u00e9 de votre voiture BMW avec le P\u00e9dalier aluminum antid\u00e9rapant de qualit\u00e9 sup\u00e9rieure.","og_url":"https:\/\/macote.fr\/en\/product\/crankset-aluminum-antiderapant-bmw-e46-e90\/","og_site_name":"MaCote.fr","article_publisher":"https:\/\/www.facebook.com\/profile.php?id=100091476586119","article_modified_time":"2024-02-22T22:57:51+00:00","og_image":[{"width":1000,"height":1000,"url":"https:\/\/macote.fr\/wp-content\/uploads\/2023\/05\/E46-pedales-metale-E46-manual.jpeg","type":"image\/jpeg"}],"twitter_card":"summary_large_image","twitter_misc":{"Est. reading time":"2 minutes"},"schema":{"@context":"https:\/\/schema.org","@graph":[{"@type":"WebPage","@id":"https:\/\/macote.fr\/produit\/pedalier-aluminum-antiderapant-bmw-e46-e90\/","url":"https:\/\/macote.fr\/produit\/pedalier-aluminum-antiderapant-bmw-e46-e90\/","name":"Non-slip aluminum crankset BMW E46\/E90 - MaCote.fr","isPartOf":{"@id":"https:\/\/macote.fr\/#website"},"primaryImageOfPage":{"@id":"https:\/\/macote.fr\/produit\/pedalier-aluminum-antiderapant-bmw-e46-e90\/#primaryimage"},"image":{"@id":"https:\/\/macote.fr\/produit\/pedalier-aluminum-antiderapant-bmw-e46-e90\/#primaryimage"},"thumbnailUrl":"https:\/\/macote.fr\/wp-content\/uploads\/2023\/05\/E46-pedales-metale-E46-manual.jpeg","datePublished":"2023-05-03T20:00:31+00:00","dateModified":"2024-02-22T22:57:51+00:00","description":"Enhance the aesthetics and functionality of your BMW car with the top-quality, non-slip aluminum crankset.","breadcrumb":{"@id":"https:\/\/macote.fr\/produit\/pedalier-aluminum-antiderapant-bmw-e46-e90\/#breadcrumb"},"inLanguage":"en-US","potentialAction":[{"@type":"ReadAction","target":["https:\/\/macote.fr\/produit\/pedalier-aluminum-antiderapant-bmw-e46-e90\/"]}]},{"@type":"ImageObject","inLanguage":"en-US","@id":"https:\/\/macote.fr\/produit\/pedalier-aluminum-antiderapant-bmw-e46-e90\/#primaryimage","url":"https:\/\/macote.fr\/wp-content\/uploads\/2023\/05\/E46-pedales-metale-E46-manual.jpeg","contentUrl":"https:\/\/macote.fr\/wp-content\/uploads\/2023\/05\/E46-pedales-metale-E46-manual.jpeg","width":1000,"height":1000,"caption":"E46 p\u00e9dales aluminium E46 manual"},{"@type":"BreadcrumbList","@id":"https:\/\/macote.fr\/produit\/pedalier-aluminum-antiderapant-bmw-e46-e90\/#breadcrumb","itemListElement":[{"@type":"ListItem","position":1,"name":"Accueil","item":"https:\/\/macote.fr\/"},{"@type":"ListItem","position":2,"name":"Boutique","item":"https:\/\/macote.fr\/boutique\/"},{"@type":"ListItem","position":3,"name":"P\u00e9dalier aluminum antid\u00e9rapant BMW E46\/E90"}]},{"@type":"WebSite","@id":"https:\/\/macote.fr\/#website","url":"https:\/\/macote.fr\/","name":"MyQuote.com","description":"BMW best accessories","publisher":{"@id":"https:\/\/macote.fr\/#organization"},"alternateName":"BMW tuning","potentialAction":[{"@type":"SearchAction","target":{"@type":"EntryPoint","urlTemplate":"https:\/\/macote.fr\/?s={search_term_string}"},"query-input":{"@type":"PropertyValueSpecification","valueRequired":true,"valueName":"search_term_string"}}],"inLanguage":"en-US"},{"@type":"Organization","@id":"https:\/\/macote.fr\/#organization","name":"Macote.fr","alternateName":"BMW tuning","url":"https:\/\/macote.fr\/","logo":{"@type":"ImageObject","inLanguage":"en-US","@id":"https:\/\/macote.fr\/#\/schema\/logo\/image\/","url":"https:\/\/macote.fr\/wp-content\/uploads\/2023\/11\/LOGO-macote.fr-dessin-bmw-noir-copy.jpg","contentUrl":"https:\/\/macote.fr\/wp-content\/uploads\/2023\/11\/LOGO-macote.fr-dessin-bmw-noir-copy.jpg","width":732,"height":456,"caption":"Macote.fr"},"image":{"@id":"https:\/\/macote.fr\/#\/schema\/logo\/image\/"},"sameAs":["https:\/\/www.facebook.com\/profile.php?id=100091476586119","https:\/\/www.youtube.com\/channel\/UCgO-YTbaxYO-w_C5GfL-_1w","https:\/\/www.tiktok.com\/@macote.fr?is_from_webapp=1&sender_device=pc","https:\/\/www.instagram.com\/i_xila_i\/"]}]}},"_links":{"self":[{"href":"https:\/\/macote.fr\/en\/wp-json\/wp\/v2\/product\/1683","targetHints":{"allow":["GET"]}}],"collection":[{"href":"https:\/\/macote.fr\/en\/wp-json\/wp\/v2\/product"}],"about":[{"href":"https:\/\/macote.fr\/en\/wp-json\/wp\/v2\/types\/product"}],"replies":[{"embeddable":true,"href":"https:\/\/macote.fr\/en\/wp-json\/wp\/v2\/comments?post=1683"}],"wp:featuredmedia":[{"embeddable":true,"href":"https:\/\/macote.fr\/en\/wp-json\/wp\/v2\/media\/1684"}],"wp:attachment":[{"href":"https:\/\/macote.fr\/en\/wp-json\/wp\/v2\/media?parent=1683"}],"wp:term":[{"taxonomy":"product_brand","embeddable":true,"href":"https:\/\/macote.fr\/en\/wp-json\/wp\/v2\/product_brand?post=1683"},{"taxonomy":"product_cat","embeddable":true,"href":"https:\/\/macote.fr\/en\/wp-json\/wp\/v2\/product_cat?post=1683"},{"taxonomy":"product_tag","embeddable":true,"href":"https:\/\/macote.fr\/en\/wp-json\/wp\/v2\/product_tag?post=1683"}],"curies":[{"name":"wp","href":"https:\/\/api.w.org\/{rel}","templated":true}]}}