{"id":1825,"date":"2023-05-12T11:23:47","date_gmt":"2023-05-12T09:23:47","guid":{"rendered":"https:\/\/macote.fr\/?post_type=product&#038;p=1825"},"modified":"2023-10-16T23:43:19","modified_gmt":"2023-10-16T21:43:19","slug":"apple-carplay-universal-system","status":"publish","type":"product","link":"https:\/\/macote.fr\/en\/product\/apple-carplay-universal-system\/","title":{"rendered":"Apple CarPlay Universal system"},"content":{"rendered":"<h3><strong>Tired of your car's aging design?<\/strong><\/h3>\n<p>Find our Apple CarPlay system for all your cars. Install it easily to immediately transform your car's interior.<\/p>\n<h2><strong>Two sizes available to suit your tastes and desires:<\/strong><\/h2>\n<p>Our system is available in two sizes:<\/p>\n<p>A 7-inch size mounted on an articulated arm equipped with a suction cup to position it anywhere in the passenger compartment. It can be attached to the windshield or dashboard in a matter of seconds.<\/p>\n<p>A 10.26\" screen size for a quality display and to avoid eyestrain on long journeys.<\/p>\n<h3><strong>Accessible Apple CarPlay Installation:<\/strong><\/h3>\n<p>Installing an Apple CarPlay system on your car is generally a complicated process that requires the intervention of professionals and can quickly become costly. <strong>but<\/strong> With our product, you can enjoy simple, affordable installation in any situation.<\/p>\n<p>Installation is easy thanks to our PLUG-AND-PLAY process: just connect the screen to your cigarette lighter, attach the suction cup and you're done. Two simple steps.<\/p>\n<h3><strong>Apple CarPlay offers a wide range of features:<\/strong><\/h3>\n<p>A touch screen for easy navigation.<\/p>\n<p>An HD reversing camera is integrated Free of charge .<\/p>\n<p>A built-in microphone for Siri and high-quality calls.<\/p>\n<h3><strong>Connectivity :<\/strong><\/h3>\n<p>Two connection options are available: connect your Apple CarPlay via a radio transmission (FM) to your car, or take advantage of the audio jack cable for a quick connection and high-quality sound.<\/p>\n<p>Your phone connects via Bluetooth or airplay.<\/p>","protected":false},"excerpt":{"rendered":"<ul>\n<li><strong>Faultless connectivity<\/strong> Enhance your driving experience with the effortless connectivity of Apple CarPlay.<\/li>\n<li><strong>Enhanced safety<\/strong> Stay focused on the road while making calls and receiving messages.<\/li>\n<li><strong>Future-ready technology<\/strong> : Benefit from regular updates for continuous innovation and compatibility.<\/li>\n<\/ul>","protected":false},"featured_media":1828,"comment_status":"open","ping_status":"closed","template":"","meta":{"_eb_attr":""},"product_brand":[],"product_cat":[56,66],"product_tag":[],"class_list":{"0":"post-1825","1":"product","2":"type-product","3":"status-publish","4":"has-post-thumbnail","6":"product_cat-accessoires-divers","7":"product_cat-modifications-interieurs","9":"first","10":"instock","11":"taxable","12":"shipping-taxable","13":"purchasable","14":"product-type-variable"},"yoast_head":"<!-- This site is optimized with the Yoast SEO Premium plugin v20.7 (Yoast SEO v27.4) - https:\/\/yoast.com\/product\/yoast-seo-premium-wordpress\/ -->\n<title>Apple CarPlay syt\u00e8me Universel - MaCote.fr<\/title>\n<meta name=\"description\" content=\"Retrouvez notre syst\u00e8me Apple CarPlay universel, s&#039;adaptant \u00e0 toutes les voitures en 10,26 pouces ou 7 pouces avec cam\u00e9ra de recul int\u00e9gr\u00e9.\" \/>\n<meta name=\"robots\" content=\"index, follow, max-snippet:-1, max-image-preview:large, max-video-preview:-1\" \/>\n<link rel=\"canonical\" href=\"https:\/\/macote.fr\/en\/product\/apple-carplay-universal-system\/\" \/>\n<meta property=\"og:locale\" content=\"en_US\" \/>\n<meta property=\"og:type\" content=\"article\" \/>\n<meta property=\"og:title\" content=\"Apple CarPlay syt\u00e8me Universel\" \/>\n<meta property=\"og:description\" content=\"Retrouvez notre syst\u00e8me Apple CarPlay universel, s&#039;adaptant \u00e0 toutes les voitures en 10,26 pouces ou 7 pouces avec cam\u00e9ra de recul int\u00e9gr\u00e9.\" \/>\n<meta property=\"og:url\" content=\"https:\/\/macote.fr\/en\/product\/apple-carplay-universal-system\/\" \/>\n<meta property=\"og:site_name\" content=\"MaCote.fr\" \/>\n<meta property=\"article:publisher\" content=\"https:\/\/www.facebook.com\/profile.php?id=100091476586119\" \/>\n<meta property=\"article:modified_time\" content=\"2023-10-16T21:43:19+00:00\" \/>\n<meta property=\"og:image\" content=\"https:\/\/macote.fr\/wp-content\/uploads\/2023\/05\/S0bf7559ecc1942ad902854f2f3eb6125r.jpg.webp\" \/>\n\t<meta property=\"og:image:width\" content=\"1000\" \/>\n\t<meta property=\"og:image:height\" content=\"1000\" \/>\n\t<meta property=\"og:image:type\" content=\"image\/webp\" \/>\n<meta name=\"twitter:card\" content=\"summary_large_image\" \/>\n<meta name=\"twitter:label1\" content=\"Est. reading time\" \/>\n\t<meta name=\"twitter:data1\" content=\"2 minutes\" \/>\n<script type=\"application\/ld+json\" class=\"yoast-schema-graph\">{\"@context\":\"https:\\\/\\\/schema.org\",\"@graph\":[{\"@type\":\"WebPage\",\"@id\":\"https:\\\/\\\/macote.fr\\\/produit\\\/apple-carplay-syteme-universel\\\/\",\"url\":\"https:\\\/\\\/macote.fr\\\/produit\\\/apple-carplay-syteme-universel\\\/\",\"name\":\"Apple CarPlay syt\u00e8me Universel - MaCote.fr\",\"isPartOf\":{\"@id\":\"https:\\\/\\\/macote.fr\\\/#website\"},\"primaryImageOfPage\":{\"@id\":\"https:\\\/\\\/macote.fr\\\/produit\\\/apple-carplay-syteme-universel\\\/#primaryimage\"},\"image\":{\"@id\":\"https:\\\/\\\/macote.fr\\\/produit\\\/apple-carplay-syteme-universel\\\/#primaryimage\"},\"thumbnailUrl\":\"https:\\\/\\\/macote.fr\\\/wp-content\\\/uploads\\\/2023\\\/05\\\/S0bf7559ecc1942ad902854f2f3eb6125r.jpg.webp\",\"datePublished\":\"2023-05-12T09:23:47+00:00\",\"dateModified\":\"2023-10-16T21:43:19+00:00\",\"description\":\"Retrouvez notre syst\u00e8me Apple CarPlay universel, s'adaptant \u00e0 toutes les voitures en 10,26 pouces ou 7 pouces avec cam\u00e9ra de recul int\u00e9gr\u00e9.\",\"breadcrumb\":{\"@id\":\"https:\\\/\\\/macote.fr\\\/produit\\\/apple-carplay-syteme-universel\\\/#breadcrumb\"},\"inLanguage\":\"en-US\",\"potentialAction\":[{\"@type\":\"ReadAction\",\"target\":[\"https:\\\/\\\/macote.fr\\\/produit\\\/apple-carplay-syteme-universel\\\/\"]}]},{\"@type\":\"ImageObject\",\"inLanguage\":\"en-US\",\"@id\":\"https:\\\/\\\/macote.fr\\\/produit\\\/apple-carplay-syteme-universel\\\/#primaryimage\",\"url\":\"https:\\\/\\\/macote.fr\\\/wp-content\\\/uploads\\\/2023\\\/05\\\/S0bf7559ecc1942ad902854f2f3eb6125r.jpg.webp\",\"contentUrl\":\"https:\\\/\\\/macote.fr\\\/wp-content\\\/uploads\\\/2023\\\/05\\\/S0bf7559ecc1942ad902854f2f3eb6125r.jpg.webp\",\"width\":1000,\"height\":1000,\"caption\":\"apple CarPlay 10,26 pouces\"},{\"@type\":\"BreadcrumbList\",\"@id\":\"https:\\\/\\\/macote.fr\\\/produit\\\/apple-carplay-syteme-universel\\\/#breadcrumb\",\"itemListElement\":[{\"@type\":\"ListItem\",\"position\":1,\"name\":\"Accueil\",\"item\":\"https:\\\/\\\/macote.fr\\\/\"},{\"@type\":\"ListItem\",\"position\":2,\"name\":\"Boutique\",\"item\":\"https:\\\/\\\/macote.fr\\\/boutique\\\/\"},{\"@type\":\"ListItem\",\"position\":3,\"name\":\"Apple CarPlay syt\u00e8me Universel\"}]},{\"@type\":\"WebSite\",\"@id\":\"https:\\\/\\\/macote.fr\\\/#website\",\"url\":\"https:\\\/\\\/macote.fr\\\/\",\"name\":\"MaCote.fr\",\"description\":\"BMW best accessories\",\"publisher\":{\"@id\":\"https:\\\/\\\/macote.fr\\\/#organization\"},\"alternateName\":\"BMW tuning\",\"potentialAction\":[{\"@type\":\"SearchAction\",\"target\":{\"@type\":\"EntryPoint\",\"urlTemplate\":\"https:\\\/\\\/macote.fr\\\/?s={search_term_string}\"},\"query-input\":{\"@type\":\"PropertyValueSpecification\",\"valueRequired\":true,\"valueName\":\"search_term_string\"}}],\"inLanguage\":\"en-US\"},{\"@type\":\"Organization\",\"@id\":\"https:\\\/\\\/macote.fr\\\/#organization\",\"name\":\"Macote.fr\",\"alternateName\":\"BMW tuning\",\"url\":\"https:\\\/\\\/macote.fr\\\/\",\"logo\":{\"@type\":\"ImageObject\",\"inLanguage\":\"en-US\",\"@id\":\"https:\\\/\\\/macote.fr\\\/#\\\/schema\\\/logo\\\/image\\\/\",\"url\":\"https:\\\/\\\/macote.fr\\\/wp-content\\\/uploads\\\/2023\\\/11\\\/LOGO-macote.fr-dessin-bmw-noir-copy.jpg\",\"contentUrl\":\"https:\\\/\\\/macote.fr\\\/wp-content\\\/uploads\\\/2023\\\/11\\\/LOGO-macote.fr-dessin-bmw-noir-copy.jpg\",\"width\":732,\"height\":456,\"caption\":\"Macote.fr\"},\"image\":{\"@id\":\"https:\\\/\\\/macote.fr\\\/#\\\/schema\\\/logo\\\/image\\\/\"},\"sameAs\":[\"https:\\\/\\\/www.facebook.com\\\/profile.php?id=100091476586119\",\"https:\\\/\\\/www.youtube.com\\\/channel\\\/UCgO-YTbaxYO-w_C5GfL-_1w\",\"https:\\\/\\\/www.tiktok.com\\\/@macote.fr?is_from_webapp=1&sender_device=pc\",\"https:\\\/\\\/www.instagram.com\\\/i_xila_i\\\/\"]}]}<\/script>\n<!-- \/ Yoast SEO Premium plugin. -->","yoast_head_json":{"title":"Apple CarPlay universal system - MaCote.fr","description":"Find our universal Apple CarPlay system, adaptable to all cars in 10.26\" or 7\" with integrated rearview camera.","robots":{"index":"index","follow":"follow","max-snippet":"max-snippet:-1","max-image-preview":"max-image-preview:large","max-video-preview":"max-video-preview:-1"},"canonical":"https:\/\/macote.fr\/en\/product\/apple-carplay-universal-system\/","og_locale":"en_US","og_type":"article","og_title":"Apple CarPlay syt\u00e8me Universel","og_description":"Retrouvez notre syst\u00e8me Apple CarPlay universel, s'adaptant \u00e0 toutes les voitures en 10,26 pouces ou 7 pouces avec cam\u00e9ra de recul int\u00e9gr\u00e9.","og_url":"https:\/\/macote.fr\/en\/product\/apple-carplay-universal-system\/","og_site_name":"MaCote.fr","article_publisher":"https:\/\/www.facebook.com\/profile.php?id=100091476586119","article_modified_time":"2023-10-16T21:43:19+00:00","og_image":[{"width":1000,"height":1000,"url":"https:\/\/macote.fr\/wp-content\/uploads\/2023\/05\/S0bf7559ecc1942ad902854f2f3eb6125r.jpg.webp","type":"image\/webp"}],"twitter_card":"summary_large_image","twitter_misc":{"Est. reading time":"2 minutes"},"schema":{"@context":"https:\/\/schema.org","@graph":[{"@type":"WebPage","@id":"https:\/\/macote.fr\/produit\/apple-carplay-syteme-universel\/","url":"https:\/\/macote.fr\/produit\/apple-carplay-syteme-universel\/","name":"Apple CarPlay universal system - MaCote.fr","isPartOf":{"@id":"https:\/\/macote.fr\/#website"},"primaryImageOfPage":{"@id":"https:\/\/macote.fr\/produit\/apple-carplay-syteme-universel\/#primaryimage"},"image":{"@id":"https:\/\/macote.fr\/produit\/apple-carplay-syteme-universel\/#primaryimage"},"thumbnailUrl":"https:\/\/macote.fr\/wp-content\/uploads\/2023\/05\/S0bf7559ecc1942ad902854f2f3eb6125r.jpg.webp","datePublished":"2023-05-12T09:23:47+00:00","dateModified":"2023-10-16T21:43:19+00:00","description":"Find our universal Apple CarPlay system, adaptable to all cars in 10.26\" or 7\" with integrated rearview camera.","breadcrumb":{"@id":"https:\/\/macote.fr\/produit\/apple-carplay-syteme-universel\/#breadcrumb"},"inLanguage":"en-US","potentialAction":[{"@type":"ReadAction","target":["https:\/\/macote.fr\/produit\/apple-carplay-syteme-universel\/"]}]},{"@type":"ImageObject","inLanguage":"en-US","@id":"https:\/\/macote.fr\/produit\/apple-carplay-syteme-universel\/#primaryimage","url":"https:\/\/macote.fr\/wp-content\/uploads\/2023\/05\/S0bf7559ecc1942ad902854f2f3eb6125r.jpg.webp","contentUrl":"https:\/\/macote.fr\/wp-content\/uploads\/2023\/05\/S0bf7559ecc1942ad902854f2f3eb6125r.jpg.webp","width":1000,"height":1000,"caption":"apple CarPlay 10,26 pouces"},{"@type":"BreadcrumbList","@id":"https:\/\/macote.fr\/produit\/apple-carplay-syteme-universel\/#breadcrumb","itemListElement":[{"@type":"ListItem","position":1,"name":"Accueil","item":"https:\/\/macote.fr\/"},{"@type":"ListItem","position":2,"name":"Boutique","item":"https:\/\/macote.fr\/boutique\/"},{"@type":"ListItem","position":3,"name":"Apple CarPlay syt\u00e8me Universel"}]},{"@type":"WebSite","@id":"https:\/\/macote.fr\/#website","url":"https:\/\/macote.fr\/","name":"MyQuote.com","description":"BMW best accessories","publisher":{"@id":"https:\/\/macote.fr\/#organization"},"alternateName":"BMW tuning","potentialAction":[{"@type":"SearchAction","target":{"@type":"EntryPoint","urlTemplate":"https:\/\/macote.fr\/?s={search_term_string}"},"query-input":{"@type":"PropertyValueSpecification","valueRequired":true,"valueName":"search_term_string"}}],"inLanguage":"en-US"},{"@type":"Organization","@id":"https:\/\/macote.fr\/#organization","name":"Macote.fr","alternateName":"BMW tuning","url":"https:\/\/macote.fr\/","logo":{"@type":"ImageObject","inLanguage":"en-US","@id":"https:\/\/macote.fr\/#\/schema\/logo\/image\/","url":"https:\/\/macote.fr\/wp-content\/uploads\/2023\/11\/LOGO-macote.fr-dessin-bmw-noir-copy.jpg","contentUrl":"https:\/\/macote.fr\/wp-content\/uploads\/2023\/11\/LOGO-macote.fr-dessin-bmw-noir-copy.jpg","width":732,"height":456,"caption":"Macote.fr"},"image":{"@id":"https:\/\/macote.fr\/#\/schema\/logo\/image\/"},"sameAs":["https:\/\/www.facebook.com\/profile.php?id=100091476586119","https:\/\/www.youtube.com\/channel\/UCgO-YTbaxYO-w_C5GfL-_1w","https:\/\/www.tiktok.com\/@macote.fr?is_from_webapp=1&sender_device=pc","https:\/\/www.instagram.com\/i_xila_i\/"]}]}},"_links":{"self":[{"href":"https:\/\/macote.fr\/en\/wp-json\/wp\/v2\/product\/1825","targetHints":{"allow":["GET"]}}],"collection":[{"href":"https:\/\/macote.fr\/en\/wp-json\/wp\/v2\/product"}],"about":[{"href":"https:\/\/macote.fr\/en\/wp-json\/wp\/v2\/types\/product"}],"replies":[{"embeddable":true,"href":"https:\/\/macote.fr\/en\/wp-json\/wp\/v2\/comments?post=1825"}],"wp:featuredmedia":[{"embeddable":true,"href":"https:\/\/macote.fr\/en\/wp-json\/wp\/v2\/media\/1828"}],"wp:attachment":[{"href":"https:\/\/macote.fr\/en\/wp-json\/wp\/v2\/media?parent=1825"}],"wp:term":[{"taxonomy":"product_brand","embeddable":true,"href":"https:\/\/macote.fr\/en\/wp-json\/wp\/v2\/product_brand?post=1825"},{"taxonomy":"product_cat","embeddable":true,"href":"https:\/\/macote.fr\/en\/wp-json\/wp\/v2\/product_cat?post=1825"},{"taxonomy":"product_tag","embeddable":true,"href":"https:\/\/macote.fr\/en\/wp-json\/wp\/v2\/product_tag?post=1825"}],"curies":[{"name":"wp","href":"https:\/\/api.w.org\/{rel}","templated":true}]}}