{"id":1952,"date":"2023-05-19T19:45:26","date_gmt":"2023-05-19T17:45:26","guid":{"rendered":"https:\/\/macote.fr\/?post_type=product&#038;p=1952"},"modified":"2023-06-19T09:38:34","modified_gmt":"2023-06-19T07:38:34","slug":"kit-reparation-tire-car-2","status":"publish","type":"product","link":"https:\/\/macote.fr\/en\/product\/kit-reparation-tire-car-2\/","title":{"rendered":"KIT Reparation Pneu Voiture - kit anti puncture m\u00e8che"},"content":{"rendered":"<h1 align=\"center\"><strong id=\"tl_1\" data-spm-anchor-id=\"a2g0o.detail.1000023.i0.1bf55aadTS6B3D\">KIT Car Tire Repair <\/strong><\/h1>\n<p>Our car tire repair kit is designed to suit all types of cars and tires. Whether you drive a touring car, an SUV or a small city car, our kit is there to save you in the event of an unexpected puncture.<\/p>\n<p>Unlike anti-puncture sprays, which don't always work because the leak is too big, or which expire when you need them most. Our kit has no expiry date and can be used at any time to plug a leak in your tire.<\/p>\n<h3><span id=\"tl_2\" data-spm-anchor-id=\"a2g0o.detail.1000023.i2.1bf55aadTS6B3D\">Features:<\/span><\/h3>\n<div><\/div>\n<div><span id=\"tl_3\" data-spm-anchor-id=\"a2g0o.detail.1000023.i1.1bf55aadTS6B3D\">Emergency vehicle puncture repair kit for tubeless tires.<\/span><\/div>\n<div><span id=\"tl_4\">The Car Tire Repair Kit will enable you to repair punctures quickly and efficiently.<\/span><\/div>\n<div><span id=\"tl_5\">durable plastic handles offer excellent grip.<\/span><\/div>\n<div><span id=\"tl_6\">Instructions included on back of packaging.<\/span><\/div>\n<div><span id=\"tl_7\">Essential for vehicles with tubeless tires.<\/span><\/div>\n<div><span id=\"tl_8\">the first tool widens and cleans the tire hole.<\/span><\/div>\n<div><span id=\"tl_9\">The needle tool is used to insert tire rubber bands.<\/span><\/div>\n<div><span id=\"tl_10\">Includes 5 rubber repair strips.<\/span><\/div>\n<div>easy car tire repair<\/div>\n<div><\/div>\n<div>replaces anti-puncture car spray.<\/div>\n<h3>Advice :<\/h3>\n<p>remember to keep a pair of pliers in your garage in case a screw or nail gets lodged in your tire.<\/p>","protected":false},"excerpt":{"rendered":"<p>Our car tire repair kit is designed to suit all types of cars and tires. Whether you drive a touring car, an SUV or a small city car, our kit is there to save you in the event of an unexpected puncture.<\/p>","protected":false},"featured_media":1953,"comment_status":"open","ping_status":"closed","template":"","meta":{"_eb_attr":""},"product_brand":[],"product_cat":[70,56],"product_tag":[],"class_list":{"0":"post-1952","1":"product","2":"type-product","3":"status-publish","4":"has-post-thumbnail","6":"product_cat-produits-dentretiens","7":"product_cat-accessoires-divers","9":"first","10":"instock","11":"taxable","12":"shipping-taxable","13":"purchasable","14":"product-type-simple"},"yoast_head":"<!-- This site is optimized with the Yoast SEO Premium plugin v20.7 (Yoast SEO v27.5) - https:\/\/yoast.com\/product\/yoast-seo-premium-wordpress\/ -->\n<title>KIT Reparation Pneu Voiture - kit anti crevaison m\u00e8che - MaCote.fr<\/title>\n<meta name=\"robots\" content=\"index, follow, max-snippet:-1, max-image-preview:large, max-video-preview:-1\" \/>\n<link rel=\"canonical\" href=\"https:\/\/macote.fr\/en\/product\/kit-reparation-tire-car-2\/\" \/>\n<meta property=\"og:locale\" content=\"en_US\" \/>\n<meta property=\"og:type\" content=\"article\" \/>\n<meta property=\"og:title\" content=\"KIT Reparation Pneu Voiture - kit anti crevaison m\u00e8che\" \/>\n<meta property=\"og:description\" content=\"Notre kit de r\u00e9paration pneu voiture est con\u00e7u pour convenir \u00e0 tous les types de voitures et de pneus. Que vous conduisiez une voiture de tourisme, un SUV ou une petite voiture citadine, notre kit est l\u00e0 pour vous sauver en cas de crevaison inattendue.\" \/>\n<meta property=\"og:url\" content=\"https:\/\/macote.fr\/en\/product\/kit-reparation-tire-car-2\/\" \/>\n<meta property=\"og:site_name\" content=\"MaCote.fr\" \/>\n<meta property=\"article:publisher\" content=\"https:\/\/www.facebook.com\/profile.php?id=100091476586119\" \/>\n<meta property=\"article:modified_time\" content=\"2023-06-19T07:38:34+00:00\" \/>\n<meta property=\"og:image\" content=\"https:\/\/macote.fr\/wp-content\/uploads\/2023\/05\/Kit-reparation-pneu-voiture-crevaison.jpeg\" \/>\n\t<meta property=\"og:image:width\" content=\"1000\" \/>\n\t<meta property=\"og:image:height\" content=\"1000\" \/>\n\t<meta property=\"og:image:type\" content=\"image\/jpeg\" \/>\n<meta name=\"twitter:card\" content=\"summary_large_image\" \/>\n<meta name=\"twitter:label1\" content=\"Est. reading time\" \/>\n\t<meta name=\"twitter:data1\" content=\"1 minute\" \/>\n<script type=\"application\/ld+json\" class=\"yoast-schema-graph\">{\"@context\":\"https:\\\/\\\/schema.org\",\"@graph\":[{\"@type\":\"WebPage\",\"@id\":\"https:\\\/\\\/macote.fr\\\/produit\\\/kit-reparation-pneu-voiture\\\/\",\"url\":\"https:\\\/\\\/macote.fr\\\/produit\\\/kit-reparation-pneu-voiture\\\/\",\"name\":\"KIT Reparation Pneu Voiture - kit anti crevaison m\u00e8che - MaCote.fr\",\"isPartOf\":{\"@id\":\"https:\\\/\\\/macote.fr\\\/#website\"},\"primaryImageOfPage\":{\"@id\":\"https:\\\/\\\/macote.fr\\\/produit\\\/kit-reparation-pneu-voiture\\\/#primaryimage\"},\"image\":{\"@id\":\"https:\\\/\\\/macote.fr\\\/produit\\\/kit-reparation-pneu-voiture\\\/#primaryimage\"},\"thumbnailUrl\":\"https:\\\/\\\/macote.fr\\\/wp-content\\\/uploads\\\/2023\\\/05\\\/Kit-reparation-pneu-voiture-crevaison.jpeg\",\"datePublished\":\"2023-05-19T17:45:26+00:00\",\"dateModified\":\"2023-06-19T07:38:34+00:00\",\"breadcrumb\":{\"@id\":\"https:\\\/\\\/macote.fr\\\/produit\\\/kit-reparation-pneu-voiture\\\/#breadcrumb\"},\"inLanguage\":\"en-US\",\"potentialAction\":[{\"@type\":\"ReadAction\",\"target\":[\"https:\\\/\\\/macote.fr\\\/produit\\\/kit-reparation-pneu-voiture\\\/\"]}]},{\"@type\":\"ImageObject\",\"inLanguage\":\"en-US\",\"@id\":\"https:\\\/\\\/macote.fr\\\/produit\\\/kit-reparation-pneu-voiture\\\/#primaryimage\",\"url\":\"https:\\\/\\\/macote.fr\\\/wp-content\\\/uploads\\\/2023\\\/05\\\/Kit-reparation-pneu-voiture-crevaison.jpeg\",\"contentUrl\":\"https:\\\/\\\/macote.fr\\\/wp-content\\\/uploads\\\/2023\\\/05\\\/Kit-reparation-pneu-voiture-crevaison.jpeg\",\"width\":1000,\"height\":1000,\"caption\":\"Kit r\u00e9paration pneu voiture crevaison\"},{\"@type\":\"BreadcrumbList\",\"@id\":\"https:\\\/\\\/macote.fr\\\/produit\\\/kit-reparation-pneu-voiture\\\/#breadcrumb\",\"itemListElement\":[{\"@type\":\"ListItem\",\"position\":1,\"name\":\"Accueil\",\"item\":\"https:\\\/\\\/macote.fr\\\/\"},{\"@type\":\"ListItem\",\"position\":2,\"name\":\"Boutique\",\"item\":\"https:\\\/\\\/macote.fr\\\/boutique\\\/\"},{\"@type\":\"ListItem\",\"position\":3,\"name\":\"KIT Reparation Pneu Voiture &#8211; kit anti crevaison m\u00e8che\"}]},{\"@type\":\"WebSite\",\"@id\":\"https:\\\/\\\/macote.fr\\\/#website\",\"url\":\"https:\\\/\\\/macote.fr\\\/\",\"name\":\"MaCote.fr\",\"description\":\"BMW best accessories\",\"publisher\":{\"@id\":\"https:\\\/\\\/macote.fr\\\/#organization\"},\"alternateName\":\"BMW tuning\",\"potentialAction\":[{\"@type\":\"SearchAction\",\"target\":{\"@type\":\"EntryPoint\",\"urlTemplate\":\"https:\\\/\\\/macote.fr\\\/?s={search_term_string}\"},\"query-input\":{\"@type\":\"PropertyValueSpecification\",\"valueRequired\":true,\"valueName\":\"search_term_string\"}}],\"inLanguage\":\"en-US\"},{\"@type\":\"Organization\",\"@id\":\"https:\\\/\\\/macote.fr\\\/#organization\",\"name\":\"Macote.fr\",\"alternateName\":\"BMW tuning\",\"url\":\"https:\\\/\\\/macote.fr\\\/\",\"logo\":{\"@type\":\"ImageObject\",\"inLanguage\":\"en-US\",\"@id\":\"https:\\\/\\\/macote.fr\\\/#\\\/schema\\\/logo\\\/image\\\/\",\"url\":\"https:\\\/\\\/macote.fr\\\/wp-content\\\/uploads\\\/2023\\\/11\\\/LOGO-macote.fr-dessin-bmw-noir-copy.jpg\",\"contentUrl\":\"https:\\\/\\\/macote.fr\\\/wp-content\\\/uploads\\\/2023\\\/11\\\/LOGO-macote.fr-dessin-bmw-noir-copy.jpg\",\"width\":732,\"height\":456,\"caption\":\"Macote.fr\"},\"image\":{\"@id\":\"https:\\\/\\\/macote.fr\\\/#\\\/schema\\\/logo\\\/image\\\/\"},\"sameAs\":[\"https:\\\/\\\/www.facebook.com\\\/profile.php?id=100091476586119\",\"https:\\\/\\\/www.youtube.com\\\/channel\\\/UCgO-YTbaxYO-w_C5GfL-_1w\",\"https:\\\/\\\/www.tiktok.com\\\/@macote.fr?is_from_webapp=1&sender_device=pc\",\"https:\\\/\\\/www.instagram.com\\\/i_xila_i\\\/\"]}]}<\/script>\n<!-- \/ Yoast SEO Premium plugin. -->","yoast_head_json":{"title":"KIT Reparation Pneu Voiture - kit anti puncture m\u00e8che - MaCote.fr","robots":{"index":"index","follow":"follow","max-snippet":"max-snippet:-1","max-image-preview":"max-image-preview:large","max-video-preview":"max-video-preview:-1"},"canonical":"https:\/\/macote.fr\/en\/product\/kit-reparation-tire-car-2\/","og_locale":"en_US","og_type":"article","og_title":"KIT Reparation Pneu Voiture - kit anti crevaison m\u00e8che","og_description":"Notre kit de r\u00e9paration pneu voiture est con\u00e7u pour convenir \u00e0 tous les types de voitures et de pneus. Que vous conduisiez une voiture de tourisme, un SUV ou une petite voiture citadine, notre kit est l\u00e0 pour vous sauver en cas de crevaison inattendue.","og_url":"https:\/\/macote.fr\/en\/product\/kit-reparation-tire-car-2\/","og_site_name":"MaCote.fr","article_publisher":"https:\/\/www.facebook.com\/profile.php?id=100091476586119","article_modified_time":"2023-06-19T07:38:34+00:00","og_image":[{"width":1000,"height":1000,"url":"https:\/\/macote.fr\/wp-content\/uploads\/2023\/05\/Kit-reparation-pneu-voiture-crevaison.jpeg","type":"image\/jpeg"}],"twitter_card":"summary_large_image","twitter_misc":{"Est. reading time":"1 minute"},"schema":{"@context":"https:\/\/schema.org","@graph":[{"@type":"WebPage","@id":"https:\/\/macote.fr\/produit\/kit-reparation-pneu-voiture\/","url":"https:\/\/macote.fr\/produit\/kit-reparation-pneu-voiture\/","name":"KIT Reparation Pneu Voiture - kit anti puncture m\u00e8che - MaCote.fr","isPartOf":{"@id":"https:\/\/macote.fr\/#website"},"primaryImageOfPage":{"@id":"https:\/\/macote.fr\/produit\/kit-reparation-pneu-voiture\/#primaryimage"},"image":{"@id":"https:\/\/macote.fr\/produit\/kit-reparation-pneu-voiture\/#primaryimage"},"thumbnailUrl":"https:\/\/macote.fr\/wp-content\/uploads\/2023\/05\/Kit-reparation-pneu-voiture-crevaison.jpeg","datePublished":"2023-05-19T17:45:26+00:00","dateModified":"2023-06-19T07:38:34+00:00","breadcrumb":{"@id":"https:\/\/macote.fr\/produit\/kit-reparation-pneu-voiture\/#breadcrumb"},"inLanguage":"en-US","potentialAction":[{"@type":"ReadAction","target":["https:\/\/macote.fr\/produit\/kit-reparation-pneu-voiture\/"]}]},{"@type":"ImageObject","inLanguage":"en-US","@id":"https:\/\/macote.fr\/produit\/kit-reparation-pneu-voiture\/#primaryimage","url":"https:\/\/macote.fr\/wp-content\/uploads\/2023\/05\/Kit-reparation-pneu-voiture-crevaison.jpeg","contentUrl":"https:\/\/macote.fr\/wp-content\/uploads\/2023\/05\/Kit-reparation-pneu-voiture-crevaison.jpeg","width":1000,"height":1000,"caption":"Kit r\u00e9paration pneu voiture crevaison"},{"@type":"BreadcrumbList","@id":"https:\/\/macote.fr\/produit\/kit-reparation-pneu-voiture\/#breadcrumb","itemListElement":[{"@type":"ListItem","position":1,"name":"Accueil","item":"https:\/\/macote.fr\/"},{"@type":"ListItem","position":2,"name":"Boutique","item":"https:\/\/macote.fr\/boutique\/"},{"@type":"ListItem","position":3,"name":"KIT Reparation Pneu Voiture &#8211; kit anti crevaison m\u00e8che"}]},{"@type":"WebSite","@id":"https:\/\/macote.fr\/#website","url":"https:\/\/macote.fr\/","name":"MyQuote.com","description":"BMW best accessories","publisher":{"@id":"https:\/\/macote.fr\/#organization"},"alternateName":"BMW tuning","potentialAction":[{"@type":"SearchAction","target":{"@type":"EntryPoint","urlTemplate":"https:\/\/macote.fr\/?s={search_term_string}"},"query-input":{"@type":"PropertyValueSpecification","valueRequired":true,"valueName":"search_term_string"}}],"inLanguage":"en-US"},{"@type":"Organization","@id":"https:\/\/macote.fr\/#organization","name":"Macote.fr","alternateName":"BMW tuning","url":"https:\/\/macote.fr\/","logo":{"@type":"ImageObject","inLanguage":"en-US","@id":"https:\/\/macote.fr\/#\/schema\/logo\/image\/","url":"https:\/\/macote.fr\/wp-content\/uploads\/2023\/11\/LOGO-macote.fr-dessin-bmw-noir-copy.jpg","contentUrl":"https:\/\/macote.fr\/wp-content\/uploads\/2023\/11\/LOGO-macote.fr-dessin-bmw-noir-copy.jpg","width":732,"height":456,"caption":"Macote.fr"},"image":{"@id":"https:\/\/macote.fr\/#\/schema\/logo\/image\/"},"sameAs":["https:\/\/www.facebook.com\/profile.php?id=100091476586119","https:\/\/www.youtube.com\/channel\/UCgO-YTbaxYO-w_C5GfL-_1w","https:\/\/www.tiktok.com\/@macote.fr?is_from_webapp=1&sender_device=pc","https:\/\/www.instagram.com\/i_xila_i\/"]}]}},"_links":{"self":[{"href":"https:\/\/macote.fr\/en\/wp-json\/wp\/v2\/product\/1952","targetHints":{"allow":["GET"]}}],"collection":[{"href":"https:\/\/macote.fr\/en\/wp-json\/wp\/v2\/product"}],"about":[{"href":"https:\/\/macote.fr\/en\/wp-json\/wp\/v2\/types\/product"}],"replies":[{"embeddable":true,"href":"https:\/\/macote.fr\/en\/wp-json\/wp\/v2\/comments?post=1952"}],"wp:featuredmedia":[{"embeddable":true,"href":"https:\/\/macote.fr\/en\/wp-json\/wp\/v2\/media\/1953"}],"wp:attachment":[{"href":"https:\/\/macote.fr\/en\/wp-json\/wp\/v2\/media?parent=1952"}],"wp:term":[{"taxonomy":"product_brand","embeddable":true,"href":"https:\/\/macote.fr\/en\/wp-json\/wp\/v2\/product_brand?post=1952"},{"taxonomy":"product_cat","embeddable":true,"href":"https:\/\/macote.fr\/en\/wp-json\/wp\/v2\/product_cat?post=1952"},{"taxonomy":"product_tag","embeddable":true,"href":"https:\/\/macote.fr\/en\/wp-json\/wp\/v2\/product_tag?post=1952"}],"curies":[{"name":"wp","href":"https:\/\/api.w.org\/{rel}","templated":true}]}}