{"id":1956,"date":"2023-05-19T22:55:29","date_gmt":"2023-05-19T20:55:29","guid":{"rendered":"https:\/\/macote.fr\/?post_type=product&#038;p=1956"},"modified":"2023-06-19T09:38:33","modified_gmt":"2023-06-19T07:38:33","slug":"kit-reparation-pare-brise","status":"publish","type":"product","link":"https:\/\/macote.fr\/en\/product\/kit-reparation-pare-brise\/","title":{"rendered":"windshield repair kit"},"content":{"rendered":"<h1 style=\"text-align: center;\">Windshield repair kit<\/h1>\n<p>Discover our Windshield Repair Kit, the essential tool for repairing cracks and chips in your car windshield.<\/p>\n<h3>Accessible<\/h3>\n<p>Our kit is specially designed to enable you to repair cracked windscreens efficiently and easily. It includes everything you need for a professional-quality repair. You no longer need to spend a fortune replacing the entire windscreen. Our kit offers you an economical and practical solution.<\/p>\n<p>Repairing your windscreen is simple and accessible to everyone, thanks to our kit. Simply follow the detailed instructions supplied with the kit. Using the tools provided, you can fill the cracks with our high-quality resin, helping to strengthen and restore the structural integrity of your windscreen.<\/p>\n<h3>Security<\/h3>\n<p>Our windscreen repair kit is suitable for a wide range of cracks and chips, both small and large. Quickly repairing your windscreen can prevent cracks from spreading, avoiding costly subsequent repairs or complete windscreen replacement.<\/p>\n<p>The safety of your vehicle and its occupants is our top priority. By quickly repairing your cracked windscreen with our kit, you'll ensure better visibility and greater resistance in the event of impact or emergency.<\/p>\n<h3>Instructions :<\/h3>\n<p>&nbsp;<\/p>\n<p>&nbsp;<\/p>","protected":false},"excerpt":{"rendered":"<p>Discover our Windshield Repair Kit, the essential tool for repairing cracks and chips in your car windshield.<\/p>","protected":false},"featured_media":1957,"comment_status":"open","ping_status":"closed","template":"","meta":{"_eb_attr":""},"product_brand":[],"product_cat":[70,56],"product_tag":[],"class_list":{"0":"post-1956","1":"product","2":"type-product","3":"status-publish","4":"has-post-thumbnail","6":"product_cat-produits-dentretiens","7":"product_cat-accessoires-divers","9":"first","10":"instock","11":"taxable","12":"shipping-taxable","13":"purchasable","14":"product-type-simple"},"yoast_head":"<!-- This site is optimized with the Yoast SEO Premium plugin v20.7 (Yoast SEO v27.4) - https:\/\/yoast.com\/product\/yoast-seo-premium-wordpress\/ -->\n<title>kit r\u00e9paration pare-brise - MaCote.fr<\/title>\n<meta name=\"robots\" content=\"index, follow, max-snippet:-1, max-image-preview:large, max-video-preview:-1\" \/>\n<link rel=\"canonical\" href=\"https:\/\/macote.fr\/en\/product\/kit-reparation-pare-brise\/\" \/>\n<meta property=\"og:locale\" content=\"en_US\" \/>\n<meta property=\"og:type\" content=\"article\" \/>\n<meta property=\"og:title\" content=\"kit r\u00e9paration pare-brise\" \/>\n<meta property=\"og:description\" content=\"D\u00e9couvrez notre Kit de R\u00e9paration Pare-Brise, l&#039;outil incontournable pour rem\u00e9dier aux fissures et aux \u00e9clats sur votre pare-brise de voiture.\" \/>\n<meta property=\"og:url\" content=\"https:\/\/macote.fr\/en\/product\/kit-reparation-pare-brise\/\" \/>\n<meta property=\"og:site_name\" content=\"MaCote.fr\" \/>\n<meta property=\"article:publisher\" content=\"https:\/\/www.facebook.com\/profile.php?id=100091476586119\" \/>\n<meta property=\"article:modified_time\" content=\"2023-06-19T07:38:33+00:00\" \/>\n<meta property=\"og:image\" content=\"https:\/\/macote.fr\/wp-content\/uploads\/2023\/05\/kit-reparation-parebrise.jpeg\" \/>\n\t<meta property=\"og:image:width\" content=\"800\" \/>\n\t<meta property=\"og:image:height\" content=\"800\" \/>\n\t<meta property=\"og:image:type\" content=\"image\/jpeg\" \/>\n<meta name=\"twitter:card\" content=\"summary_large_image\" \/>\n<meta name=\"twitter:label1\" content=\"Est. reading time\" \/>\n\t<meta name=\"twitter:data1\" content=\"1 minute\" \/>\n<script type=\"application\/ld+json\" class=\"yoast-schema-graph\">{\"@context\":\"https:\\\/\\\/schema.org\",\"@graph\":[{\"@type\":\"WebPage\",\"@id\":\"https:\\\/\\\/macote.fr\\\/produit\\\/kit-reparation-pare-brise\\\/\",\"url\":\"https:\\\/\\\/macote.fr\\\/produit\\\/kit-reparation-pare-brise\\\/\",\"name\":\"kit r\u00e9paration pare-brise - MaCote.fr\",\"isPartOf\":{\"@id\":\"https:\\\/\\\/macote.fr\\\/#website\"},\"primaryImageOfPage\":{\"@id\":\"https:\\\/\\\/macote.fr\\\/produit\\\/kit-reparation-pare-brise\\\/#primaryimage\"},\"image\":{\"@id\":\"https:\\\/\\\/macote.fr\\\/produit\\\/kit-reparation-pare-brise\\\/#primaryimage\"},\"thumbnailUrl\":\"https:\\\/\\\/macote.fr\\\/wp-content\\\/uploads\\\/2023\\\/05\\\/kit-reparation-parebrise.jpeg\",\"datePublished\":\"2023-05-19T20:55:29+00:00\",\"dateModified\":\"2023-06-19T07:38:33+00:00\",\"breadcrumb\":{\"@id\":\"https:\\\/\\\/macote.fr\\\/produit\\\/kit-reparation-pare-brise\\\/#breadcrumb\"},\"inLanguage\":\"en-US\",\"potentialAction\":[{\"@type\":\"ReadAction\",\"target\":[\"https:\\\/\\\/macote.fr\\\/produit\\\/kit-reparation-pare-brise\\\/\"]}]},{\"@type\":\"ImageObject\",\"inLanguage\":\"en-US\",\"@id\":\"https:\\\/\\\/macote.fr\\\/produit\\\/kit-reparation-pare-brise\\\/#primaryimage\",\"url\":\"https:\\\/\\\/macote.fr\\\/wp-content\\\/uploads\\\/2023\\\/05\\\/kit-reparation-parebrise.jpeg\",\"contentUrl\":\"https:\\\/\\\/macote.fr\\\/wp-content\\\/uploads\\\/2023\\\/05\\\/kit-reparation-parebrise.jpeg\",\"width\":800,\"height\":800,\"caption\":\"kit r\u00e9paration pare-brise\"},{\"@type\":\"BreadcrumbList\",\"@id\":\"https:\\\/\\\/macote.fr\\\/produit\\\/kit-reparation-pare-brise\\\/#breadcrumb\",\"itemListElement\":[{\"@type\":\"ListItem\",\"position\":1,\"name\":\"Accueil\",\"item\":\"https:\\\/\\\/macote.fr\\\/\"},{\"@type\":\"ListItem\",\"position\":2,\"name\":\"Boutique\",\"item\":\"https:\\\/\\\/macote.fr\\\/boutique\\\/\"},{\"@type\":\"ListItem\",\"position\":3,\"name\":\"kit r\u00e9paration pare-brise\"}]},{\"@type\":\"WebSite\",\"@id\":\"https:\\\/\\\/macote.fr\\\/#website\",\"url\":\"https:\\\/\\\/macote.fr\\\/\",\"name\":\"MaCote.fr\",\"description\":\"BMW best accessories\",\"publisher\":{\"@id\":\"https:\\\/\\\/macote.fr\\\/#organization\"},\"alternateName\":\"BMW tuning\",\"potentialAction\":[{\"@type\":\"SearchAction\",\"target\":{\"@type\":\"EntryPoint\",\"urlTemplate\":\"https:\\\/\\\/macote.fr\\\/?s={search_term_string}\"},\"query-input\":{\"@type\":\"PropertyValueSpecification\",\"valueRequired\":true,\"valueName\":\"search_term_string\"}}],\"inLanguage\":\"en-US\"},{\"@type\":\"Organization\",\"@id\":\"https:\\\/\\\/macote.fr\\\/#organization\",\"name\":\"Macote.fr\",\"alternateName\":\"BMW tuning\",\"url\":\"https:\\\/\\\/macote.fr\\\/\",\"logo\":{\"@type\":\"ImageObject\",\"inLanguage\":\"en-US\",\"@id\":\"https:\\\/\\\/macote.fr\\\/#\\\/schema\\\/logo\\\/image\\\/\",\"url\":\"https:\\\/\\\/macote.fr\\\/wp-content\\\/uploads\\\/2023\\\/11\\\/LOGO-macote.fr-dessin-bmw-noir-copy.jpg\",\"contentUrl\":\"https:\\\/\\\/macote.fr\\\/wp-content\\\/uploads\\\/2023\\\/11\\\/LOGO-macote.fr-dessin-bmw-noir-copy.jpg\",\"width\":732,\"height\":456,\"caption\":\"Macote.fr\"},\"image\":{\"@id\":\"https:\\\/\\\/macote.fr\\\/#\\\/schema\\\/logo\\\/image\\\/\"},\"sameAs\":[\"https:\\\/\\\/www.facebook.com\\\/profile.php?id=100091476586119\",\"https:\\\/\\\/www.youtube.com\\\/channel\\\/UCgO-YTbaxYO-w_C5GfL-_1w\",\"https:\\\/\\\/www.tiktok.com\\\/@macote.fr?is_from_webapp=1&sender_device=pc\",\"https:\\\/\\\/www.instagram.com\\\/i_xila_i\\\/\"]}]}<\/script>\n<!-- \/ Yoast SEO Premium plugin. -->","yoast_head_json":{"title":"windshield repair kit - MaCote.fr","robots":{"index":"index","follow":"follow","max-snippet":"max-snippet:-1","max-image-preview":"max-image-preview:large","max-video-preview":"max-video-preview:-1"},"canonical":"https:\/\/macote.fr\/en\/product\/kit-reparation-pare-brise\/","og_locale":"en_US","og_type":"article","og_title":"kit r\u00e9paration pare-brise","og_description":"D\u00e9couvrez notre Kit de R\u00e9paration Pare-Brise, l'outil incontournable pour rem\u00e9dier aux fissures et aux \u00e9clats sur votre pare-brise de voiture.","og_url":"https:\/\/macote.fr\/en\/product\/kit-reparation-pare-brise\/","og_site_name":"MaCote.fr","article_publisher":"https:\/\/www.facebook.com\/profile.php?id=100091476586119","article_modified_time":"2023-06-19T07:38:33+00:00","og_image":[{"width":800,"height":800,"url":"https:\/\/macote.fr\/wp-content\/uploads\/2023\/05\/kit-reparation-parebrise.jpeg","type":"image\/jpeg"}],"twitter_card":"summary_large_image","twitter_misc":{"Est. reading time":"1 minute"},"schema":{"@context":"https:\/\/schema.org","@graph":[{"@type":"WebPage","@id":"https:\/\/macote.fr\/produit\/kit-reparation-pare-brise\/","url":"https:\/\/macote.fr\/produit\/kit-reparation-pare-brise\/","name":"windshield repair kit - MaCote.fr","isPartOf":{"@id":"https:\/\/macote.fr\/#website"},"primaryImageOfPage":{"@id":"https:\/\/macote.fr\/produit\/kit-reparation-pare-brise\/#primaryimage"},"image":{"@id":"https:\/\/macote.fr\/produit\/kit-reparation-pare-brise\/#primaryimage"},"thumbnailUrl":"https:\/\/macote.fr\/wp-content\/uploads\/2023\/05\/kit-reparation-parebrise.jpeg","datePublished":"2023-05-19T20:55:29+00:00","dateModified":"2023-06-19T07:38:33+00:00","breadcrumb":{"@id":"https:\/\/macote.fr\/produit\/kit-reparation-pare-brise\/#breadcrumb"},"inLanguage":"en-US","potentialAction":[{"@type":"ReadAction","target":["https:\/\/macote.fr\/produit\/kit-reparation-pare-brise\/"]}]},{"@type":"ImageObject","inLanguage":"en-US","@id":"https:\/\/macote.fr\/produit\/kit-reparation-pare-brise\/#primaryimage","url":"https:\/\/macote.fr\/wp-content\/uploads\/2023\/05\/kit-reparation-parebrise.jpeg","contentUrl":"https:\/\/macote.fr\/wp-content\/uploads\/2023\/05\/kit-reparation-parebrise.jpeg","width":800,"height":800,"caption":"kit r\u00e9paration pare-brise"},{"@type":"BreadcrumbList","@id":"https:\/\/macote.fr\/produit\/kit-reparation-pare-brise\/#breadcrumb","itemListElement":[{"@type":"ListItem","position":1,"name":"Accueil","item":"https:\/\/macote.fr\/"},{"@type":"ListItem","position":2,"name":"Boutique","item":"https:\/\/macote.fr\/boutique\/"},{"@type":"ListItem","position":3,"name":"kit r\u00e9paration pare-brise"}]},{"@type":"WebSite","@id":"https:\/\/macote.fr\/#website","url":"https:\/\/macote.fr\/","name":"MyQuote.com","description":"BMW best accessories","publisher":{"@id":"https:\/\/macote.fr\/#organization"},"alternateName":"BMW tuning","potentialAction":[{"@type":"SearchAction","target":{"@type":"EntryPoint","urlTemplate":"https:\/\/macote.fr\/?s={search_term_string}"},"query-input":{"@type":"PropertyValueSpecification","valueRequired":true,"valueName":"search_term_string"}}],"inLanguage":"en-US"},{"@type":"Organization","@id":"https:\/\/macote.fr\/#organization","name":"Macote.fr","alternateName":"BMW tuning","url":"https:\/\/macote.fr\/","logo":{"@type":"ImageObject","inLanguage":"en-US","@id":"https:\/\/macote.fr\/#\/schema\/logo\/image\/","url":"https:\/\/macote.fr\/wp-content\/uploads\/2023\/11\/LOGO-macote.fr-dessin-bmw-noir-copy.jpg","contentUrl":"https:\/\/macote.fr\/wp-content\/uploads\/2023\/11\/LOGO-macote.fr-dessin-bmw-noir-copy.jpg","width":732,"height":456,"caption":"Macote.fr"},"image":{"@id":"https:\/\/macote.fr\/#\/schema\/logo\/image\/"},"sameAs":["https:\/\/www.facebook.com\/profile.php?id=100091476586119","https:\/\/www.youtube.com\/channel\/UCgO-YTbaxYO-w_C5GfL-_1w","https:\/\/www.tiktok.com\/@macote.fr?is_from_webapp=1&sender_device=pc","https:\/\/www.instagram.com\/i_xila_i\/"]}]}},"_links":{"self":[{"href":"https:\/\/macote.fr\/en\/wp-json\/wp\/v2\/product\/1956","targetHints":{"allow":["GET"]}}],"collection":[{"href":"https:\/\/macote.fr\/en\/wp-json\/wp\/v2\/product"}],"about":[{"href":"https:\/\/macote.fr\/en\/wp-json\/wp\/v2\/types\/product"}],"replies":[{"embeddable":true,"href":"https:\/\/macote.fr\/en\/wp-json\/wp\/v2\/comments?post=1956"}],"wp:featuredmedia":[{"embeddable":true,"href":"https:\/\/macote.fr\/en\/wp-json\/wp\/v2\/media\/1957"}],"wp:attachment":[{"href":"https:\/\/macote.fr\/en\/wp-json\/wp\/v2\/media?parent=1956"}],"wp:term":[{"taxonomy":"product_brand","embeddable":true,"href":"https:\/\/macote.fr\/en\/wp-json\/wp\/v2\/product_brand?post=1956"},{"taxonomy":"product_cat","embeddable":true,"href":"https:\/\/macote.fr\/en\/wp-json\/wp\/v2\/product_cat?post=1956"},{"taxonomy":"product_tag","embeddable":true,"href":"https:\/\/macote.fr\/en\/wp-json\/wp\/v2\/product_tag?post=1956"}],"curies":[{"name":"wp","href":"https:\/\/api.w.org\/{rel}","templated":true}]}}