{"id":2088,"date":"2023-05-26T10:35:37","date_gmt":"2023-05-26T08:35:37","guid":{"rendered":"https:\/\/macote.fr\/?post_type=product&#038;p=2088"},"modified":"2025-04-16T21:05:17","modified_gmt":"2025-04-16T19:05:17","slug":"aileron-carbone-bmw-m4-g82-m3-g80","status":"publish","type":"product","link":"https:\/\/macote.fr\/en\/product\/aileron-carbone-bmw-m4-g82-m3-g80\/","title":{"rendered":"Carbon Spoiler BMW M4 G82, M3 G80"},"content":{"rendered":"<p>Discover our bespoke carbon spoiler, specially designed for the new BMW M4 G82 and M3 G80. This spoiler adds a touch of sportiness and elegance to your vehicle, while offering exceptional aerodynamic performance.<\/p>\n<h3>Ultra High Quality<\/h3>\n<p>Made entirely from high-quality carbon fiber, this spoiler combines lightness, strength and style. Its aggressive, carefully sculpted design gives your BMW a distinctive and unique look. The flowing lines and glossy finish of the carbon add a touch of sophistication and enhance the sporty look of your car.<\/p>\n<h3>Performance<\/h3>\n<p>In addition to its impressive looks, this carbon spoiler also improves your vehicle's aerodynamic performance. It increases aerodynamic downforce at high speeds, improving stability and control. Whether on the track or on the road, this spoiler will give you a more dynamic and rewarding driving experience.<\/p>\n<h3>Elegance and style<\/h3>\n<p>Give your BMW M4 G82 or M3 G80 unrivalled presence with this bespoke carbon spoiler. Whether you're looking for bold styling or a performance upgrade, this spoiler will be the perfect choice for driving enthusiasts who want nothing less than the best.<\/p>\n<p>Enhance the appearance and performance of your BMW with this exceptional carbon spoiler. Make a bold statement on the road and enjoy dynamic driving with this high-quality accessory.<\/p>","protected":false},"excerpt":{"rendered":"<p>Discover our bespoke carbon spoiler, specially designed for the new BMW M4 G82 and M3 G80. This spoiler adds a touch of sportiness and elegance to your vehicle, while offering exceptional aerodynamic performance.<\/p>","protected":false},"featured_media":2092,"comment_status":"open","ping_status":"closed","template":"","meta":{"_eb_attr":""},"product_brand":[],"product_cat":[263,67,201,213,202,215],"product_tag":[],"class_list":{"0":"post-2088","1":"product","2":"type-product","3":"status-publish","4":"has-post-thumbnail","6":"product_cat-bmw-accessoires-fibre-de-carbone","7":"product_cat-modification-exterieur-vehicule","8":"product_cat-m3","9":"product_cat-m3-g80-g81","10":"product_cat-m4","11":"product_cat-m4-g82-g83","13":"first","14":"instock","15":"taxable","16":"shipping-taxable","17":"purchasable","18":"product-type-simple"},"yoast_head":"<!-- This site is optimized with the Yoast SEO Premium plugin v20.7 (Yoast SEO v27.5) - https:\/\/yoast.com\/product\/yoast-seo-premium-wordpress\/ -->\n<title>Aileron Carbone BMW M4 G82, M3 G80 - MaCote.fr<\/title>\n<meta name=\"robots\" content=\"index, follow, max-snippet:-1, max-image-preview:large, max-video-preview:-1\" \/>\n<link rel=\"canonical\" href=\"https:\/\/macote.fr\/en\/product\/aileron-carbone-bmw-m4-g82-m3-g80\/\" \/>\n<meta property=\"og:locale\" content=\"en_US\" \/>\n<meta property=\"og:type\" content=\"article\" \/>\n<meta property=\"og:title\" content=\"Aileron Carbone BMW M4 G82, M3 G80\" \/>\n<meta property=\"og:description\" content=\"D\u00e9couvrez notre aileron carbone sur mesure, sp\u00e9cialement con\u00e7u pour les nouvelles BMW M4 G82 et M3 G80. Cet aileron apporte une touche de sportivit\u00e9 et d&#039;\u00e9l\u00e9gance \u00e0 votre v\u00e9hicule, tout en offrant des performances a\u00e9rodynamiques exceptionnelles.\" \/>\n<meta property=\"og:url\" content=\"https:\/\/macote.fr\/en\/product\/aileron-carbone-bmw-m4-g82-m3-g80\/\" \/>\n<meta property=\"og:site_name\" content=\"MaCote.fr\" \/>\n<meta property=\"article:publisher\" content=\"https:\/\/www.facebook.com\/profile.php?id=100091476586119\" \/>\n<meta property=\"article:modified_time\" content=\"2025-04-16T19:05:17+00:00\" \/>\n<meta property=\"og:image\" content=\"https:\/\/macote.fr\/wp-content\/uploads\/2023\/05\/carbone-fiber-spoiler-m4-g80.webp\" \/>\n\t<meta property=\"og:image:width\" content=\"800\" \/>\n\t<meta property=\"og:image:height\" content=\"686\" \/>\n\t<meta property=\"og:image:type\" content=\"image\/webp\" \/>\n<meta name=\"twitter:card\" content=\"summary_large_image\" \/>\n<meta name=\"twitter:label1\" content=\"Est. reading time\" \/>\n\t<meta name=\"twitter:data1\" content=\"1 minute\" \/>\n<script type=\"application\/ld+json\" class=\"yoast-schema-graph\">{\"@context\":\"https:\\\/\\\/schema.org\",\"@graph\":[{\"@type\":\"WebPage\",\"@id\":\"https:\\\/\\\/macote.fr\\\/produit\\\/aileron-carbone-bmw-m4-g82-m3-g80\\\/\",\"url\":\"https:\\\/\\\/macote.fr\\\/produit\\\/aileron-carbone-bmw-m4-g82-m3-g80\\\/\",\"name\":\"Aileron Carbone BMW M4 G82, M3 G80 - MaCote.fr\",\"isPartOf\":{\"@id\":\"https:\\\/\\\/macote.fr\\\/#website\"},\"primaryImageOfPage\":{\"@id\":\"https:\\\/\\\/macote.fr\\\/produit\\\/aileron-carbone-bmw-m4-g82-m3-g80\\\/#primaryimage\"},\"image\":{\"@id\":\"https:\\\/\\\/macote.fr\\\/produit\\\/aileron-carbone-bmw-m4-g82-m3-g80\\\/#primaryimage\"},\"thumbnailUrl\":\"https:\\\/\\\/macote.fr\\\/wp-content\\\/uploads\\\/2023\\\/05\\\/carbone-fiber-spoiler-m4-g80.webp\",\"datePublished\":\"2023-05-26T08:35:37+00:00\",\"dateModified\":\"2025-04-16T19:05:17+00:00\",\"breadcrumb\":{\"@id\":\"https:\\\/\\\/macote.fr\\\/produit\\\/aileron-carbone-bmw-m4-g82-m3-g80\\\/#breadcrumb\"},\"inLanguage\":\"en-US\",\"potentialAction\":[{\"@type\":\"ReadAction\",\"target\":[\"https:\\\/\\\/macote.fr\\\/produit\\\/aileron-carbone-bmw-m4-g82-m3-g80\\\/\"]}]},{\"@type\":\"ImageObject\",\"inLanguage\":\"en-US\",\"@id\":\"https:\\\/\\\/macote.fr\\\/produit\\\/aileron-carbone-bmw-m4-g82-m3-g80\\\/#primaryimage\",\"url\":\"https:\\\/\\\/macote.fr\\\/wp-content\\\/uploads\\\/2023\\\/05\\\/carbone-fiber-spoiler-m4-g80.webp\",\"contentUrl\":\"https:\\\/\\\/macote.fr\\\/wp-content\\\/uploads\\\/2023\\\/05\\\/carbone-fiber-spoiler-m4-g80.webp\",\"width\":800,\"height\":686,\"caption\":\"carbone fiber spoiler m4 g80\"},{\"@type\":\"BreadcrumbList\",\"@id\":\"https:\\\/\\\/macote.fr\\\/produit\\\/aileron-carbone-bmw-m4-g82-m3-g80\\\/#breadcrumb\",\"itemListElement\":[{\"@type\":\"ListItem\",\"position\":1,\"name\":\"Accueil\",\"item\":\"https:\\\/\\\/macote.fr\\\/\"},{\"@type\":\"ListItem\",\"position\":2,\"name\":\"Boutique\",\"item\":\"https:\\\/\\\/macote.fr\\\/boutique\\\/\"},{\"@type\":\"ListItem\",\"position\":3,\"name\":\"Aileron Carbone BMW M4 G82, M3 G80\"}]},{\"@type\":\"WebSite\",\"@id\":\"https:\\\/\\\/macote.fr\\\/#website\",\"url\":\"https:\\\/\\\/macote.fr\\\/\",\"name\":\"MaCote.fr\",\"description\":\"BMW best accessories\",\"publisher\":{\"@id\":\"https:\\\/\\\/macote.fr\\\/#organization\"},\"alternateName\":\"BMW tuning\",\"potentialAction\":[{\"@type\":\"SearchAction\",\"target\":{\"@type\":\"EntryPoint\",\"urlTemplate\":\"https:\\\/\\\/macote.fr\\\/?s={search_term_string}\"},\"query-input\":{\"@type\":\"PropertyValueSpecification\",\"valueRequired\":true,\"valueName\":\"search_term_string\"}}],\"inLanguage\":\"en-US\"},{\"@type\":\"Organization\",\"@id\":\"https:\\\/\\\/macote.fr\\\/#organization\",\"name\":\"Macote.fr\",\"alternateName\":\"BMW tuning\",\"url\":\"https:\\\/\\\/macote.fr\\\/\",\"logo\":{\"@type\":\"ImageObject\",\"inLanguage\":\"en-US\",\"@id\":\"https:\\\/\\\/macote.fr\\\/#\\\/schema\\\/logo\\\/image\\\/\",\"url\":\"https:\\\/\\\/macote.fr\\\/wp-content\\\/uploads\\\/2023\\\/11\\\/LOGO-macote.fr-dessin-bmw-noir-copy.jpg\",\"contentUrl\":\"https:\\\/\\\/macote.fr\\\/wp-content\\\/uploads\\\/2023\\\/11\\\/LOGO-macote.fr-dessin-bmw-noir-copy.jpg\",\"width\":732,\"height\":456,\"caption\":\"Macote.fr\"},\"image\":{\"@id\":\"https:\\\/\\\/macote.fr\\\/#\\\/schema\\\/logo\\\/image\\\/\"},\"sameAs\":[\"https:\\\/\\\/www.facebook.com\\\/profile.php?id=100091476586119\",\"https:\\\/\\\/www.youtube.com\\\/channel\\\/UCgO-YTbaxYO-w_C5GfL-_1w\",\"https:\\\/\\\/www.tiktok.com\\\/@macote.fr?is_from_webapp=1&sender_device=pc\",\"https:\\\/\\\/www.instagram.com\\\/i_xila_i\\\/\"]}]}<\/script>\n<!-- \/ Yoast SEO Premium plugin. -->","yoast_head_json":{"title":"Carbon Spoiler BMW M4 G82, M3 G80 - MaCote.fr","robots":{"index":"index","follow":"follow","max-snippet":"max-snippet:-1","max-image-preview":"max-image-preview:large","max-video-preview":"max-video-preview:-1"},"canonical":"https:\/\/macote.fr\/en\/product\/aileron-carbone-bmw-m4-g82-m3-g80\/","og_locale":"en_US","og_type":"article","og_title":"Aileron Carbone BMW M4 G82, M3 G80","og_description":"D\u00e9couvrez notre aileron carbone sur mesure, sp\u00e9cialement con\u00e7u pour les nouvelles BMW M4 G82 et M3 G80. Cet aileron apporte une touche de sportivit\u00e9 et d'\u00e9l\u00e9gance \u00e0 votre v\u00e9hicule, tout en offrant des performances a\u00e9rodynamiques exceptionnelles.","og_url":"https:\/\/macote.fr\/en\/product\/aileron-carbone-bmw-m4-g82-m3-g80\/","og_site_name":"MaCote.fr","article_publisher":"https:\/\/www.facebook.com\/profile.php?id=100091476586119","article_modified_time":"2025-04-16T19:05:17+00:00","og_image":[{"width":800,"height":686,"url":"https:\/\/macote.fr\/wp-content\/uploads\/2023\/05\/carbone-fiber-spoiler-m4-g80.webp","type":"image\/webp"}],"twitter_card":"summary_large_image","twitter_misc":{"Est. reading time":"1 minute"},"schema":{"@context":"https:\/\/schema.org","@graph":[{"@type":"WebPage","@id":"https:\/\/macote.fr\/produit\/aileron-carbone-bmw-m4-g82-m3-g80\/","url":"https:\/\/macote.fr\/produit\/aileron-carbone-bmw-m4-g82-m3-g80\/","name":"Carbon Spoiler BMW M4 G82, M3 G80 - MaCote.fr","isPartOf":{"@id":"https:\/\/macote.fr\/#website"},"primaryImageOfPage":{"@id":"https:\/\/macote.fr\/produit\/aileron-carbone-bmw-m4-g82-m3-g80\/#primaryimage"},"image":{"@id":"https:\/\/macote.fr\/produit\/aileron-carbone-bmw-m4-g82-m3-g80\/#primaryimage"},"thumbnailUrl":"https:\/\/macote.fr\/wp-content\/uploads\/2023\/05\/carbone-fiber-spoiler-m4-g80.webp","datePublished":"2023-05-26T08:35:37+00:00","dateModified":"2025-04-16T19:05:17+00:00","breadcrumb":{"@id":"https:\/\/macote.fr\/produit\/aileron-carbone-bmw-m4-g82-m3-g80\/#breadcrumb"},"inLanguage":"en-US","potentialAction":[{"@type":"ReadAction","target":["https:\/\/macote.fr\/produit\/aileron-carbone-bmw-m4-g82-m3-g80\/"]}]},{"@type":"ImageObject","inLanguage":"en-US","@id":"https:\/\/macote.fr\/produit\/aileron-carbone-bmw-m4-g82-m3-g80\/#primaryimage","url":"https:\/\/macote.fr\/wp-content\/uploads\/2023\/05\/carbone-fiber-spoiler-m4-g80.webp","contentUrl":"https:\/\/macote.fr\/wp-content\/uploads\/2023\/05\/carbone-fiber-spoiler-m4-g80.webp","width":800,"height":686,"caption":"carbone fiber spoiler m4 g80"},{"@type":"BreadcrumbList","@id":"https:\/\/macote.fr\/produit\/aileron-carbone-bmw-m4-g82-m3-g80\/#breadcrumb","itemListElement":[{"@type":"ListItem","position":1,"name":"Accueil","item":"https:\/\/macote.fr\/"},{"@type":"ListItem","position":2,"name":"Boutique","item":"https:\/\/macote.fr\/boutique\/"},{"@type":"ListItem","position":3,"name":"Aileron Carbone BMW M4 G82, M3 G80"}]},{"@type":"WebSite","@id":"https:\/\/macote.fr\/#website","url":"https:\/\/macote.fr\/","name":"MyQuote.com","description":"BMW best accessories","publisher":{"@id":"https:\/\/macote.fr\/#organization"},"alternateName":"BMW tuning","potentialAction":[{"@type":"SearchAction","target":{"@type":"EntryPoint","urlTemplate":"https:\/\/macote.fr\/?s={search_term_string}"},"query-input":{"@type":"PropertyValueSpecification","valueRequired":true,"valueName":"search_term_string"}}],"inLanguage":"en-US"},{"@type":"Organization","@id":"https:\/\/macote.fr\/#organization","name":"Macote.fr","alternateName":"BMW tuning","url":"https:\/\/macote.fr\/","logo":{"@type":"ImageObject","inLanguage":"en-US","@id":"https:\/\/macote.fr\/#\/schema\/logo\/image\/","url":"https:\/\/macote.fr\/wp-content\/uploads\/2023\/11\/LOGO-macote.fr-dessin-bmw-noir-copy.jpg","contentUrl":"https:\/\/macote.fr\/wp-content\/uploads\/2023\/11\/LOGO-macote.fr-dessin-bmw-noir-copy.jpg","width":732,"height":456,"caption":"Macote.fr"},"image":{"@id":"https:\/\/macote.fr\/#\/schema\/logo\/image\/"},"sameAs":["https:\/\/www.facebook.com\/profile.php?id=100091476586119","https:\/\/www.youtube.com\/channel\/UCgO-YTbaxYO-w_C5GfL-_1w","https:\/\/www.tiktok.com\/@macote.fr?is_from_webapp=1&sender_device=pc","https:\/\/www.instagram.com\/i_xila_i\/"]}]}},"_links":{"self":[{"href":"https:\/\/macote.fr\/en\/wp-json\/wp\/v2\/product\/2088","targetHints":{"allow":["GET"]}}],"collection":[{"href":"https:\/\/macote.fr\/en\/wp-json\/wp\/v2\/product"}],"about":[{"href":"https:\/\/macote.fr\/en\/wp-json\/wp\/v2\/types\/product"}],"replies":[{"embeddable":true,"href":"https:\/\/macote.fr\/en\/wp-json\/wp\/v2\/comments?post=2088"}],"wp:featuredmedia":[{"embeddable":true,"href":"https:\/\/macote.fr\/en\/wp-json\/wp\/v2\/media\/2092"}],"wp:attachment":[{"href":"https:\/\/macote.fr\/en\/wp-json\/wp\/v2\/media?parent=2088"}],"wp:term":[{"taxonomy":"product_brand","embeddable":true,"href":"https:\/\/macote.fr\/en\/wp-json\/wp\/v2\/product_brand?post=2088"},{"taxonomy":"product_cat","embeddable":true,"href":"https:\/\/macote.fr\/en\/wp-json\/wp\/v2\/product_cat?post=2088"},{"taxonomy":"product_tag","embeddable":true,"href":"https:\/\/macote.fr\/en\/wp-json\/wp\/v2\/product_tag?post=2088"}],"curies":[{"name":"wp","href":"https:\/\/api.w.org\/{rel}","templated":true}]}}