{"id":2098,"date":"2023-05-26T11:21:48","date_gmt":"2023-05-26T09:21:48","guid":{"rendered":"https:\/\/macote.fr\/?post_type=product&#038;p=2098"},"modified":"2025-04-16T21:05:30","modified_gmt":"2025-04-16T19:05:30","slug":"entree-dair-carbone-bmw-m3-g80-m4-g82","status":"publish","type":"product","link":"https:\/\/macote.fr\/en\/product\/entree-dair-carbone-bmw-m3-g80-m4-g82\/","title":{"rendered":"Carbon air intake BMW M3 G80, M4 G82"},"content":{"rendered":"<p>Ultimate performance deserves the best upgrades, and that's why we present the carbon air intake for the BMW M3 G80 and M4 G82. Precision-engineered for driving enthusiasts looking for a significant performance upgrade, this carbon air intake is the perfect complement to your already powerful car.<\/p>\n<h3>Assertive sports styling :<\/h3>\n<p>Made from high-quality carbon composite materials, this air intake combines lightness and strength to deliver exceptional performance. Renowned for its strength and distinctive aesthetic appeal, carbon gives your BMW M3 G80 or M4 G82 an aggressive, sporty look.<\/p>\n<p>By opting for the carbon air intake for your BMW M3 G80 or M4 G82, you'll add a touch of sophistication and sportiness to your vehicle. Every journey becomes an even more immersive experience, whether on the road or the track.<\/p>\n<h3>Simple installation :<\/h3>\n<p>Installation of this carbon air intake is simple and straightforward, as it is designed to fit perfectly into the original locations of your BMW M3 G80 or M4 G82. No major modifications are required, making the installation process easy for DIY enthusiasts and professionals alike.<\/p>\n<h3>A unique style:<\/h3>\n<p>Give your BMW M3 G80 or M4 G82 the carbon air intake it deserves and discover a new dimension of performance and style. Get ready to push back the limits and experience unique sensations at the wheel of your racing car with this must-have upgrade.<\/p>","protected":false},"excerpt":{"rendered":"<p>Ultimate performance deserves the best upgrades, and that's why we present the carbon air intake for the BMW M3 G80 and M4 G82. Precision-engineered for driving enthusiasts looking for a significant performance upgrade, this carbon air intake is the perfect complement to your already powerful car.<\/p>","protected":false},"featured_media":2100,"comment_status":"open","ping_status":"closed","template":"","meta":{"_eb_attr":""},"product_brand":[],"product_cat":[263,67,201,213,202,215],"product_tag":[],"class_list":{"0":"post-2098","1":"product","2":"type-product","3":"status-publish","4":"has-post-thumbnail","6":"product_cat-bmw-accessoires-fibre-de-carbone","7":"product_cat-modification-exterieur-vehicule","8":"product_cat-m3","9":"product_cat-m3-g80-g81","10":"product_cat-m4","11":"product_cat-m4-g82-g83","13":"first","14":"instock","15":"taxable","16":"shipping-taxable","17":"purchasable","18":"product-type-simple"},"yoast_head":"<!-- This site is optimized with the Yoast SEO Premium plugin v20.7 (Yoast SEO v27.4) - https:\/\/yoast.com\/product\/yoast-seo-premium-wordpress\/ -->\n<title>Entr\u00e9e d&#039;air Carbone BMW M3 G80, M4 G82 - MaCote.fr<\/title>\n<meta name=\"robots\" content=\"index, follow, max-snippet:-1, max-image-preview:large, max-video-preview:-1\" \/>\n<link rel=\"canonical\" href=\"https:\/\/macote.fr\/en\/product\/entree-dair-carbone-bmw-m3-g80-m4-g82\/\" \/>\n<meta property=\"og:locale\" content=\"en_US\" \/>\n<meta property=\"og:type\" content=\"article\" \/>\n<meta property=\"og:title\" content=\"Entr\u00e9e d&#039;air Carbone BMW M3 G80, M4 G82\" \/>\n<meta property=\"og:description\" content=\"La performance ultime m\u00e9rite les meilleures am\u00e9liorations, et c&#039;est pourquoi nous vous pr\u00e9sentons l&#039;entr\u00e9e d&#039;air carbone pour les BMW M3 G80 et M4 G82. Con\u00e7ue avec pr\u00e9cision pour les passionn\u00e9s de conduite qui recherchent une am\u00e9lioration significative de la performance, cette entr\u00e9e d&#039;air en carbone est le compl\u00e9ment id\u00e9al pour votre bolide d\u00e9j\u00e0 puissant.\" \/>\n<meta property=\"og:url\" content=\"https:\/\/macote.fr\/en\/product\/entree-dair-carbone-bmw-m3-g80-m4-g82\/\" \/>\n<meta property=\"og:site_name\" content=\"MaCote.fr\" \/>\n<meta property=\"article:publisher\" content=\"https:\/\/www.facebook.com\/profile.php?id=100091476586119\" \/>\n<meta property=\"article:modified_time\" content=\"2025-04-16T19:05:30+00:00\" \/>\n<meta property=\"og:image\" content=\"https:\/\/macote.fr\/wp-content\/uploads\/2023\/05\/entree-dair-carbone-e1685092277900.jpeg\" \/>\n\t<meta property=\"og:image:width\" content=\"1024\" \/>\n\t<meta property=\"og:image:height\" content=\"647\" \/>\n\t<meta property=\"og:image:type\" content=\"image\/jpeg\" \/>\n<meta name=\"twitter:card\" content=\"summary_large_image\" \/>\n<meta name=\"twitter:label1\" content=\"Est. reading time\" \/>\n\t<meta name=\"twitter:data1\" content=\"1 minute\" \/>\n<script type=\"application\/ld+json\" class=\"yoast-schema-graph\">{\"@context\":\"https:\\\/\\\/schema.org\",\"@graph\":[{\"@type\":\"WebPage\",\"@id\":\"https:\\\/\\\/macote.fr\\\/produit\\\/entree-dair-carbone-bmw-m3-g80-m4-g82\\\/\",\"url\":\"https:\\\/\\\/macote.fr\\\/produit\\\/entree-dair-carbone-bmw-m3-g80-m4-g82\\\/\",\"name\":\"Entr\u00e9e d'air Carbone BMW M3 G80, M4 G82 - MaCote.fr\",\"isPartOf\":{\"@id\":\"https:\\\/\\\/macote.fr\\\/#website\"},\"primaryImageOfPage\":{\"@id\":\"https:\\\/\\\/macote.fr\\\/produit\\\/entree-dair-carbone-bmw-m3-g80-m4-g82\\\/#primaryimage\"},\"image\":{\"@id\":\"https:\\\/\\\/macote.fr\\\/produit\\\/entree-dair-carbone-bmw-m3-g80-m4-g82\\\/#primaryimage\"},\"thumbnailUrl\":\"https:\\\/\\\/macote.fr\\\/wp-content\\\/uploads\\\/2023\\\/05\\\/entree-dair-carbone-e1685092277900.jpeg\",\"datePublished\":\"2023-05-26T09:21:48+00:00\",\"dateModified\":\"2025-04-16T19:05:30+00:00\",\"breadcrumb\":{\"@id\":\"https:\\\/\\\/macote.fr\\\/produit\\\/entree-dair-carbone-bmw-m3-g80-m4-g82\\\/#breadcrumb\"},\"inLanguage\":\"en-US\",\"potentialAction\":[{\"@type\":\"ReadAction\",\"target\":[\"https:\\\/\\\/macote.fr\\\/produit\\\/entree-dair-carbone-bmw-m3-g80-m4-g82\\\/\"]}]},{\"@type\":\"ImageObject\",\"inLanguage\":\"en-US\",\"@id\":\"https:\\\/\\\/macote.fr\\\/produit\\\/entree-dair-carbone-bmw-m3-g80-m4-g82\\\/#primaryimage\",\"url\":\"https:\\\/\\\/macote.fr\\\/wp-content\\\/uploads\\\/2023\\\/05\\\/entree-dair-carbone-e1685092277900.jpeg\",\"contentUrl\":\"https:\\\/\\\/macote.fr\\\/wp-content\\\/uploads\\\/2023\\\/05\\\/entree-dair-carbone-e1685092277900.jpeg\",\"width\":1024,\"height\":647,\"caption\":\"entr\u00e9e d'air carbone\"},{\"@type\":\"BreadcrumbList\",\"@id\":\"https:\\\/\\\/macote.fr\\\/produit\\\/entree-dair-carbone-bmw-m3-g80-m4-g82\\\/#breadcrumb\",\"itemListElement\":[{\"@type\":\"ListItem\",\"position\":1,\"name\":\"Accueil\",\"item\":\"https:\\\/\\\/macote.fr\\\/\"},{\"@type\":\"ListItem\",\"position\":2,\"name\":\"Boutique\",\"item\":\"https:\\\/\\\/macote.fr\\\/boutique\\\/\"},{\"@type\":\"ListItem\",\"position\":3,\"name\":\"Entr\u00e9e d&rsquo;air Carbone BMW M3 G80, M4 G82\"}]},{\"@type\":\"WebSite\",\"@id\":\"https:\\\/\\\/macote.fr\\\/#website\",\"url\":\"https:\\\/\\\/macote.fr\\\/\",\"name\":\"MaCote.fr\",\"description\":\"BMW best accessories\",\"publisher\":{\"@id\":\"https:\\\/\\\/macote.fr\\\/#organization\"},\"alternateName\":\"BMW tuning\",\"potentialAction\":[{\"@type\":\"SearchAction\",\"target\":{\"@type\":\"EntryPoint\",\"urlTemplate\":\"https:\\\/\\\/macote.fr\\\/?s={search_term_string}\"},\"query-input\":{\"@type\":\"PropertyValueSpecification\",\"valueRequired\":true,\"valueName\":\"search_term_string\"}}],\"inLanguage\":\"en-US\"},{\"@type\":\"Organization\",\"@id\":\"https:\\\/\\\/macote.fr\\\/#organization\",\"name\":\"Macote.fr\",\"alternateName\":\"BMW tuning\",\"url\":\"https:\\\/\\\/macote.fr\\\/\",\"logo\":{\"@type\":\"ImageObject\",\"inLanguage\":\"en-US\",\"@id\":\"https:\\\/\\\/macote.fr\\\/#\\\/schema\\\/logo\\\/image\\\/\",\"url\":\"https:\\\/\\\/macote.fr\\\/wp-content\\\/uploads\\\/2023\\\/11\\\/LOGO-macote.fr-dessin-bmw-noir-copy.jpg\",\"contentUrl\":\"https:\\\/\\\/macote.fr\\\/wp-content\\\/uploads\\\/2023\\\/11\\\/LOGO-macote.fr-dessin-bmw-noir-copy.jpg\",\"width\":732,\"height\":456,\"caption\":\"Macote.fr\"},\"image\":{\"@id\":\"https:\\\/\\\/macote.fr\\\/#\\\/schema\\\/logo\\\/image\\\/\"},\"sameAs\":[\"https:\\\/\\\/www.facebook.com\\\/profile.php?id=100091476586119\",\"https:\\\/\\\/www.youtube.com\\\/channel\\\/UCgO-YTbaxYO-w_C5GfL-_1w\",\"https:\\\/\\\/www.tiktok.com\\\/@macote.fr?is_from_webapp=1&sender_device=pc\",\"https:\\\/\\\/www.instagram.com\\\/i_xila_i\\\/\"]}]}<\/script>\n<!-- \/ Yoast SEO Premium plugin. -->","yoast_head_json":{"title":"Carbon air intake BMW M3 G80, M4 G82 - MaCote.fr","robots":{"index":"index","follow":"follow","max-snippet":"max-snippet:-1","max-image-preview":"max-image-preview:large","max-video-preview":"max-video-preview:-1"},"canonical":"https:\/\/macote.fr\/en\/product\/entree-dair-carbone-bmw-m3-g80-m4-g82\/","og_locale":"en_US","og_type":"article","og_title":"Entr\u00e9e d'air Carbone BMW M3 G80, M4 G82","og_description":"La performance ultime m\u00e9rite les meilleures am\u00e9liorations, et c'est pourquoi nous vous pr\u00e9sentons l'entr\u00e9e d'air carbone pour les BMW M3 G80 et M4 G82. Con\u00e7ue avec pr\u00e9cision pour les passionn\u00e9s de conduite qui recherchent une am\u00e9lioration significative de la performance, cette entr\u00e9e d'air en carbone est le compl\u00e9ment id\u00e9al pour votre bolide d\u00e9j\u00e0 puissant.","og_url":"https:\/\/macote.fr\/en\/product\/entree-dair-carbone-bmw-m3-g80-m4-g82\/","og_site_name":"MaCote.fr","article_publisher":"https:\/\/www.facebook.com\/profile.php?id=100091476586119","article_modified_time":"2025-04-16T19:05:30+00:00","og_image":[{"width":1024,"height":647,"url":"https:\/\/macote.fr\/wp-content\/uploads\/2023\/05\/entree-dair-carbone-e1685092277900.jpeg","type":"image\/jpeg"}],"twitter_card":"summary_large_image","twitter_misc":{"Est. reading time":"1 minute"},"schema":{"@context":"https:\/\/schema.org","@graph":[{"@type":"WebPage","@id":"https:\/\/macote.fr\/produit\/entree-dair-carbone-bmw-m3-g80-m4-g82\/","url":"https:\/\/macote.fr\/produit\/entree-dair-carbone-bmw-m3-g80-m4-g82\/","name":"Carbon air intake BMW M3 G80, M4 G82 - MaCote.fr","isPartOf":{"@id":"https:\/\/macote.fr\/#website"},"primaryImageOfPage":{"@id":"https:\/\/macote.fr\/produit\/entree-dair-carbone-bmw-m3-g80-m4-g82\/#primaryimage"},"image":{"@id":"https:\/\/macote.fr\/produit\/entree-dair-carbone-bmw-m3-g80-m4-g82\/#primaryimage"},"thumbnailUrl":"https:\/\/macote.fr\/wp-content\/uploads\/2023\/05\/entree-dair-carbone-e1685092277900.jpeg","datePublished":"2023-05-26T09:21:48+00:00","dateModified":"2025-04-16T19:05:30+00:00","breadcrumb":{"@id":"https:\/\/macote.fr\/produit\/entree-dair-carbone-bmw-m3-g80-m4-g82\/#breadcrumb"},"inLanguage":"en-US","potentialAction":[{"@type":"ReadAction","target":["https:\/\/macote.fr\/produit\/entree-dair-carbone-bmw-m3-g80-m4-g82\/"]}]},{"@type":"ImageObject","inLanguage":"en-US","@id":"https:\/\/macote.fr\/produit\/entree-dair-carbone-bmw-m3-g80-m4-g82\/#primaryimage","url":"https:\/\/macote.fr\/wp-content\/uploads\/2023\/05\/entree-dair-carbone-e1685092277900.jpeg","contentUrl":"https:\/\/macote.fr\/wp-content\/uploads\/2023\/05\/entree-dair-carbone-e1685092277900.jpeg","width":1024,"height":647,"caption":"entr\u00e9e d'air carbone"},{"@type":"BreadcrumbList","@id":"https:\/\/macote.fr\/produit\/entree-dair-carbone-bmw-m3-g80-m4-g82\/#breadcrumb","itemListElement":[{"@type":"ListItem","position":1,"name":"Accueil","item":"https:\/\/macote.fr\/"},{"@type":"ListItem","position":2,"name":"Boutique","item":"https:\/\/macote.fr\/boutique\/"},{"@type":"ListItem","position":3,"name":"Entr\u00e9e d&rsquo;air Carbone BMW M3 G80, M4 G82"}]},{"@type":"WebSite","@id":"https:\/\/macote.fr\/#website","url":"https:\/\/macote.fr\/","name":"MyQuote.com","description":"BMW best accessories","publisher":{"@id":"https:\/\/macote.fr\/#organization"},"alternateName":"BMW tuning","potentialAction":[{"@type":"SearchAction","target":{"@type":"EntryPoint","urlTemplate":"https:\/\/macote.fr\/?s={search_term_string}"},"query-input":{"@type":"PropertyValueSpecification","valueRequired":true,"valueName":"search_term_string"}}],"inLanguage":"en-US"},{"@type":"Organization","@id":"https:\/\/macote.fr\/#organization","name":"Macote.fr","alternateName":"BMW tuning","url":"https:\/\/macote.fr\/","logo":{"@type":"ImageObject","inLanguage":"en-US","@id":"https:\/\/macote.fr\/#\/schema\/logo\/image\/","url":"https:\/\/macote.fr\/wp-content\/uploads\/2023\/11\/LOGO-macote.fr-dessin-bmw-noir-copy.jpg","contentUrl":"https:\/\/macote.fr\/wp-content\/uploads\/2023\/11\/LOGO-macote.fr-dessin-bmw-noir-copy.jpg","width":732,"height":456,"caption":"Macote.fr"},"image":{"@id":"https:\/\/macote.fr\/#\/schema\/logo\/image\/"},"sameAs":["https:\/\/www.facebook.com\/profile.php?id=100091476586119","https:\/\/www.youtube.com\/channel\/UCgO-YTbaxYO-w_C5GfL-_1w","https:\/\/www.tiktok.com\/@macote.fr?is_from_webapp=1&sender_device=pc","https:\/\/www.instagram.com\/i_xila_i\/"]}]}},"_links":{"self":[{"href":"https:\/\/macote.fr\/en\/wp-json\/wp\/v2\/product\/2098","targetHints":{"allow":["GET"]}}],"collection":[{"href":"https:\/\/macote.fr\/en\/wp-json\/wp\/v2\/product"}],"about":[{"href":"https:\/\/macote.fr\/en\/wp-json\/wp\/v2\/types\/product"}],"replies":[{"embeddable":true,"href":"https:\/\/macote.fr\/en\/wp-json\/wp\/v2\/comments?post=2098"}],"wp:featuredmedia":[{"embeddable":true,"href":"https:\/\/macote.fr\/en\/wp-json\/wp\/v2\/media\/2100"}],"wp:attachment":[{"href":"https:\/\/macote.fr\/en\/wp-json\/wp\/v2\/media?parent=2098"}],"wp:term":[{"taxonomy":"product_brand","embeddable":true,"href":"https:\/\/macote.fr\/en\/wp-json\/wp\/v2\/product_brand?post=2098"},{"taxonomy":"product_cat","embeddable":true,"href":"https:\/\/macote.fr\/en\/wp-json\/wp\/v2\/product_cat?post=2098"},{"taxonomy":"product_tag","embeddable":true,"href":"https:\/\/macote.fr\/en\/wp-json\/wp\/v2\/product_tag?post=2098"}],"curies":[{"name":"wp","href":"https:\/\/api.w.org\/{rel}","templated":true}]}}