{"id":2258,"date":"2023-06-21T09:25:31","date_gmt":"2023-06-21T07:25:31","guid":{"rendered":"https:\/\/macote.fr\/?post_type=product&#038;p=2258"},"modified":"2023-06-21T09:39:37","modified_gmt":"2023-06-21T07:39:37","slug":"carbon-steering-paddles-bmw-g20-g30","status":"publish","type":"product","link":"https:\/\/macote.fr\/en\/product\/carbon-steering-paddles-bmw-g20-g30\/","title":{"rendered":"BMW G20+, G30+ carbon steering wheel paddles,"},"content":{"rendered":"<h2>carbon steering wheel paddles<\/h2>\n<p>Discover our new carbon steering wheel paddles designed specifically for the impressive new-generation BMW M3 G80 and M4 G82! Now available for the entire G range, from the 3 Series G20 to the 4 Series G22, 5 Series G30 and more.<\/p>\n<p>These innovative paddles combine elegant design, exceptional functionality and an enhanced driving experience for automotive performance enthusiasts.<\/p>\n<p>Our steering wheel paddles are carefully designed to fit perfectly on your car's steering wheel, adding a touch of sportiness and luxury to your vehicle's interior. Their high-end finish, with precise detailing and a pleasing texture, enhances the visual appeal of the interior and underlines the sporty character of these iconic cars.<\/p>\n<h3>High quality<\/h3>\n<p>Made from high-quality carbon, these paddles are lightweight and durable, offering optimum responsiveness when shifting gears. Their solid construction guarantees reliable, long-lasting use, even in the most demanding driving conditions.<\/p>\n<p>In terms of functionality, our steering wheel-mounted paddles offer a comfortable, responsive tactile feel, enabling fast, precise gear changes. Their ergonomic design and intuitive positioning ensure maximum accessibility without having to take your hands off the wheel, enhancing safety and concentration while driving.<\/p>\n<p>By choosing our carbon steering wheel paddles for your BMW, you benefit from further personalization of your vehicle, adding a unique and exclusive touch to your driving experience. Treat yourself to the pleasure of being in full control of your BMW's performance with these high-quality steering wheel paddles.<\/p>\n<p>Carbon steering wheel paddles are not supplied with the gear selector module. Your Bmw must already have steering wheel paddles (regardless of the style).<\/p>\n<p>If this is not the case, please contact us before purchasing.<\/p>\n<h2>Compatibility :<\/h2>\n<p>BMW F30, F31, F32, F10, F20, F15, F16, G30, G20<\/p>\n<p>series 3 G20: 2020+<\/p>\n<p>5 series G30, G31: 2081++, G30, G31: 2081+.<\/p>\n<p>series 6 G32: 2017+<\/p>\n<p>7 series G11, G12: 2016++, G11, G12: 2016+, G11, G12: 2016<\/p>\n<p>X3 G01 : 2018+<\/p>\n<p>X4 G02: 2019+<\/p>\n<p>X5 G05: 2019+<\/p>\n<p>X6 G06: 2020+<\/p>\n<p>X7 G07: 2019+<\/p>","protected":false},"excerpt":{"rendered":"<p>Discover our new carbon steering wheel paddles designed specifically for the impressive new-generation BMW M3 G80 and M4 G82! Now available for the entire G range, from the 3 Series G20 to the 4 Series G22, 5 Series G30 and more.<\/p>","protected":false},"featured_media":2260,"comment_status":"open","ping_status":"closed","template":"","meta":{"_eb_attr":""},"product_brand":[],"product_cat":[56],"product_tag":[],"class_list":{"0":"post-2258","1":"product","2":"type-product","3":"status-publish","4":"has-post-thumbnail","6":"product_cat-accessoires-divers","8":"first","9":"instock","10":"taxable","11":"shipping-taxable","12":"purchasable","13":"product-type-simple"},"yoast_head":"<!-- This site is optimized with the Yoast SEO Premium plugin v20.7 (Yoast SEO v27.3) - https:\/\/yoast.com\/product\/yoast-seo-premium-wordpress\/ -->\n<title>palettes au volant en carbone BMW G20+, G30+, - MaCote.fr<\/title>\n<meta name=\"description\" content=\"D\u00e9couvrez nos nouvelles palettes au volant en carbone BMW con\u00e7ues \u00e0 la base sp\u00e9cialement con\u00e7u pour les impressionnantes BMW M3 G80 et M4 G82.\" \/>\n<meta name=\"robots\" content=\"index, follow, max-snippet:-1, max-image-preview:large, max-video-preview:-1\" \/>\n<link rel=\"canonical\" href=\"https:\/\/macote.fr\/en\/product\/carbon-steering-paddles-bmw-g20-g30\/\" \/>\n<meta property=\"og:locale\" content=\"en_US\" \/>\n<meta property=\"og:type\" content=\"article\" \/>\n<meta property=\"og:title\" content=\"palettes au volant en carbone BMW G20+, G30+,\" \/>\n<meta property=\"og:description\" content=\"D\u00e9couvrez nos nouvelles palettes au volant en carbone BMW con\u00e7ues \u00e0 la base sp\u00e9cialement con\u00e7u pour les impressionnantes BMW M3 G80 et M4 G82.\" \/>\n<meta property=\"og:url\" content=\"https:\/\/macote.fr\/en\/product\/carbon-steering-paddles-bmw-g20-g30\/\" \/>\n<meta property=\"og:site_name\" content=\"MaCote.fr\" \/>\n<meta property=\"article:publisher\" content=\"https:\/\/www.facebook.com\/profile.php?id=100091476586119\" \/>\n<meta property=\"article:modified_time\" content=\"2023-06-21T07:39:37+00:00\" \/>\n<meta property=\"og:image\" content=\"https:\/\/macote.fr\/wp-content\/uploads\/2023\/06\/palette-au-volant-carbone-style-M3-g80.jpeg\" \/>\n\t<meta property=\"og:image:width\" content=\"800\" \/>\n\t<meta property=\"og:image:height\" content=\"800\" \/>\n\t<meta property=\"og:image:type\" content=\"image\/jpeg\" \/>\n<meta name=\"twitter:card\" content=\"summary_large_image\" \/>\n<meta name=\"twitter:label1\" content=\"Est. reading time\" \/>\n\t<meta name=\"twitter:data1\" content=\"2 minutes\" \/>\n<script type=\"application\/ld+json\" class=\"yoast-schema-graph\">{\"@context\":\"https:\\\/\\\/schema.org\",\"@graph\":[{\"@type\":\"WebPage\",\"@id\":\"https:\\\/\\\/macote.fr\\\/produit\\\/palettes-au-volant-en-carbone-bmw-g20-g30\\\/\",\"url\":\"https:\\\/\\\/macote.fr\\\/produit\\\/palettes-au-volant-en-carbone-bmw-g20-g30\\\/\",\"name\":\"palettes au volant en carbone BMW G20+, G30+, - MaCote.fr\",\"isPartOf\":{\"@id\":\"https:\\\/\\\/macote.fr\\\/#website\"},\"primaryImageOfPage\":{\"@id\":\"https:\\\/\\\/macote.fr\\\/produit\\\/palettes-au-volant-en-carbone-bmw-g20-g30\\\/#primaryimage\"},\"image\":{\"@id\":\"https:\\\/\\\/macote.fr\\\/produit\\\/palettes-au-volant-en-carbone-bmw-g20-g30\\\/#primaryimage\"},\"thumbnailUrl\":\"https:\\\/\\\/macote.fr\\\/wp-content\\\/uploads\\\/2023\\\/06\\\/palette-au-volant-carbone-style-M3-g80.jpeg\",\"datePublished\":\"2023-06-21T07:25:31+00:00\",\"dateModified\":\"2023-06-21T07:39:37+00:00\",\"description\":\"D\u00e9couvrez nos nouvelles palettes au volant en carbone BMW con\u00e7ues \u00e0 la base sp\u00e9cialement con\u00e7u pour les impressionnantes BMW M3 G80 et M4 G82.\",\"breadcrumb\":{\"@id\":\"https:\\\/\\\/macote.fr\\\/produit\\\/palettes-au-volant-en-carbone-bmw-g20-g30\\\/#breadcrumb\"},\"inLanguage\":\"en-US\",\"potentialAction\":[{\"@type\":\"ReadAction\",\"target\":[\"https:\\\/\\\/macote.fr\\\/produit\\\/palettes-au-volant-en-carbone-bmw-g20-g30\\\/\"]}]},{\"@type\":\"ImageObject\",\"inLanguage\":\"en-US\",\"@id\":\"https:\\\/\\\/macote.fr\\\/produit\\\/palettes-au-volant-en-carbone-bmw-g20-g30\\\/#primaryimage\",\"url\":\"https:\\\/\\\/macote.fr\\\/wp-content\\\/uploads\\\/2023\\\/06\\\/palette-au-volant-carbone-style-M3-g80.jpeg\",\"contentUrl\":\"https:\\\/\\\/macote.fr\\\/wp-content\\\/uploads\\\/2023\\\/06\\\/palette-au-volant-carbone-style-M3-g80.jpeg\",\"width\":800,\"height\":800,\"caption\":\"palette au volant carbone BMW style M3 g80\"},{\"@type\":\"BreadcrumbList\",\"@id\":\"https:\\\/\\\/macote.fr\\\/produit\\\/palettes-au-volant-en-carbone-bmw-g20-g30\\\/#breadcrumb\",\"itemListElement\":[{\"@type\":\"ListItem\",\"position\":1,\"name\":\"Accueil\",\"item\":\"https:\\\/\\\/macote.fr\\\/\"},{\"@type\":\"ListItem\",\"position\":2,\"name\":\"Boutique\",\"item\":\"https:\\\/\\\/macote.fr\\\/boutique\\\/\"},{\"@type\":\"ListItem\",\"position\":3,\"name\":\"palettes au volant en carbone BMW G20+, G30+,\"}]},{\"@type\":\"WebSite\",\"@id\":\"https:\\\/\\\/macote.fr\\\/#website\",\"url\":\"https:\\\/\\\/macote.fr\\\/\",\"name\":\"MaCote.fr\",\"description\":\"BMW best accessories\",\"publisher\":{\"@id\":\"https:\\\/\\\/macote.fr\\\/#organization\"},\"alternateName\":\"BMW tuning\",\"potentialAction\":[{\"@type\":\"SearchAction\",\"target\":{\"@type\":\"EntryPoint\",\"urlTemplate\":\"https:\\\/\\\/macote.fr\\\/?s={search_term_string}\"},\"query-input\":{\"@type\":\"PropertyValueSpecification\",\"valueRequired\":true,\"valueName\":\"search_term_string\"}}],\"inLanguage\":\"en-US\"},{\"@type\":\"Organization\",\"@id\":\"https:\\\/\\\/macote.fr\\\/#organization\",\"name\":\"Macote.fr\",\"alternateName\":\"BMW tuning\",\"url\":\"https:\\\/\\\/macote.fr\\\/\",\"logo\":{\"@type\":\"ImageObject\",\"inLanguage\":\"en-US\",\"@id\":\"https:\\\/\\\/macote.fr\\\/#\\\/schema\\\/logo\\\/image\\\/\",\"url\":\"https:\\\/\\\/macote.fr\\\/wp-content\\\/uploads\\\/2023\\\/11\\\/LOGO-macote.fr-dessin-bmw-noir-copy.jpg\",\"contentUrl\":\"https:\\\/\\\/macote.fr\\\/wp-content\\\/uploads\\\/2023\\\/11\\\/LOGO-macote.fr-dessin-bmw-noir-copy.jpg\",\"width\":732,\"height\":456,\"caption\":\"Macote.fr\"},\"image\":{\"@id\":\"https:\\\/\\\/macote.fr\\\/#\\\/schema\\\/logo\\\/image\\\/\"},\"sameAs\":[\"https:\\\/\\\/www.facebook.com\\\/profile.php?id=100091476586119\",\"https:\\\/\\\/www.youtube.com\\\/channel\\\/UCgO-YTbaxYO-w_C5GfL-_1w\",\"https:\\\/\\\/www.tiktok.com\\\/@macote.fr?is_from_webapp=1&sender_device=pc\",\"https:\\\/\\\/www.instagram.com\\\/i_xila_i\\\/\"]}]}<\/script>\n<!-- \/ Yoast SEO Premium plugin. -->","yoast_head_json":{"title":"carbon steering wheel paddles BMW G20+, G30+, - MaCote.fr","description":"Discover our new BMW carbon steering wheel paddles, designed specifically for the impressive BMW M3 G80 and M4 G82.","robots":{"index":"index","follow":"follow","max-snippet":"max-snippet:-1","max-image-preview":"max-image-preview:large","max-video-preview":"max-video-preview:-1"},"canonical":"https:\/\/macote.fr\/en\/product\/carbon-steering-paddles-bmw-g20-g30\/","og_locale":"en_US","og_type":"article","og_title":"palettes au volant en carbone BMW G20+, G30+,","og_description":"D\u00e9couvrez nos nouvelles palettes au volant en carbone BMW con\u00e7ues \u00e0 la base sp\u00e9cialement con\u00e7u pour les impressionnantes BMW M3 G80 et M4 G82.","og_url":"https:\/\/macote.fr\/en\/product\/carbon-steering-paddles-bmw-g20-g30\/","og_site_name":"MaCote.fr","article_publisher":"https:\/\/www.facebook.com\/profile.php?id=100091476586119","article_modified_time":"2023-06-21T07:39:37+00:00","og_image":[{"width":800,"height":800,"url":"https:\/\/macote.fr\/wp-content\/uploads\/2023\/06\/palette-au-volant-carbone-style-M3-g80.jpeg","type":"image\/jpeg"}],"twitter_card":"summary_large_image","twitter_misc":{"Est. reading time":"2 minutes"},"schema":{"@context":"https:\/\/schema.org","@graph":[{"@type":"WebPage","@id":"https:\/\/macote.fr\/produit\/palettes-au-volant-en-carbone-bmw-g20-g30\/","url":"https:\/\/macote.fr\/produit\/palettes-au-volant-en-carbone-bmw-g20-g30\/","name":"carbon steering wheel paddles BMW G20+, G30+, - MaCote.fr","isPartOf":{"@id":"https:\/\/macote.fr\/#website"},"primaryImageOfPage":{"@id":"https:\/\/macote.fr\/produit\/palettes-au-volant-en-carbone-bmw-g20-g30\/#primaryimage"},"image":{"@id":"https:\/\/macote.fr\/produit\/palettes-au-volant-en-carbone-bmw-g20-g30\/#primaryimage"},"thumbnailUrl":"https:\/\/macote.fr\/wp-content\/uploads\/2023\/06\/palette-au-volant-carbone-style-M3-g80.jpeg","datePublished":"2023-06-21T07:25:31+00:00","dateModified":"2023-06-21T07:39:37+00:00","description":"Discover our new BMW carbon steering wheel paddles, designed specifically for the impressive BMW M3 G80 and M4 G82.","breadcrumb":{"@id":"https:\/\/macote.fr\/produit\/palettes-au-volant-en-carbone-bmw-g20-g30\/#breadcrumb"},"inLanguage":"en-US","potentialAction":[{"@type":"ReadAction","target":["https:\/\/macote.fr\/produit\/palettes-au-volant-en-carbone-bmw-g20-g30\/"]}]},{"@type":"ImageObject","inLanguage":"en-US","@id":"https:\/\/macote.fr\/produit\/palettes-au-volant-en-carbone-bmw-g20-g30\/#primaryimage","url":"https:\/\/macote.fr\/wp-content\/uploads\/2023\/06\/palette-au-volant-carbone-style-M3-g80.jpeg","contentUrl":"https:\/\/macote.fr\/wp-content\/uploads\/2023\/06\/palette-au-volant-carbone-style-M3-g80.jpeg","width":800,"height":800,"caption":"palette au volant carbone BMW style M3 g80"},{"@type":"BreadcrumbList","@id":"https:\/\/macote.fr\/produit\/palettes-au-volant-en-carbone-bmw-g20-g30\/#breadcrumb","itemListElement":[{"@type":"ListItem","position":1,"name":"Accueil","item":"https:\/\/macote.fr\/"},{"@type":"ListItem","position":2,"name":"Boutique","item":"https:\/\/macote.fr\/boutique\/"},{"@type":"ListItem","position":3,"name":"palettes au volant en carbone BMW G20+, G30+,"}]},{"@type":"WebSite","@id":"https:\/\/macote.fr\/#website","url":"https:\/\/macote.fr\/","name":"MyQuote.com","description":"BMW best accessories","publisher":{"@id":"https:\/\/macote.fr\/#organization"},"alternateName":"BMW tuning","potentialAction":[{"@type":"SearchAction","target":{"@type":"EntryPoint","urlTemplate":"https:\/\/macote.fr\/?s={search_term_string}"},"query-input":{"@type":"PropertyValueSpecification","valueRequired":true,"valueName":"search_term_string"}}],"inLanguage":"en-US"},{"@type":"Organization","@id":"https:\/\/macote.fr\/#organization","name":"Macote.fr","alternateName":"BMW tuning","url":"https:\/\/macote.fr\/","logo":{"@type":"ImageObject","inLanguage":"en-US","@id":"https:\/\/macote.fr\/#\/schema\/logo\/image\/","url":"https:\/\/macote.fr\/wp-content\/uploads\/2023\/11\/LOGO-macote.fr-dessin-bmw-noir-copy.jpg","contentUrl":"https:\/\/macote.fr\/wp-content\/uploads\/2023\/11\/LOGO-macote.fr-dessin-bmw-noir-copy.jpg","width":732,"height":456,"caption":"Macote.fr"},"image":{"@id":"https:\/\/macote.fr\/#\/schema\/logo\/image\/"},"sameAs":["https:\/\/www.facebook.com\/profile.php?id=100091476586119","https:\/\/www.youtube.com\/channel\/UCgO-YTbaxYO-w_C5GfL-_1w","https:\/\/www.tiktok.com\/@macote.fr?is_from_webapp=1&sender_device=pc","https:\/\/www.instagram.com\/i_xila_i\/"]}]}},"_links":{"self":[{"href":"https:\/\/macote.fr\/en\/wp-json\/wp\/v2\/product\/2258","targetHints":{"allow":["GET"]}}],"collection":[{"href":"https:\/\/macote.fr\/en\/wp-json\/wp\/v2\/product"}],"about":[{"href":"https:\/\/macote.fr\/en\/wp-json\/wp\/v2\/types\/product"}],"replies":[{"embeddable":true,"href":"https:\/\/macote.fr\/en\/wp-json\/wp\/v2\/comments?post=2258"}],"wp:featuredmedia":[{"embeddable":true,"href":"https:\/\/macote.fr\/en\/wp-json\/wp\/v2\/media\/2260"}],"wp:attachment":[{"href":"https:\/\/macote.fr\/en\/wp-json\/wp\/v2\/media?parent=2258"}],"wp:term":[{"taxonomy":"product_brand","embeddable":true,"href":"https:\/\/macote.fr\/en\/wp-json\/wp\/v2\/product_brand?post=2258"},{"taxonomy":"product_cat","embeddable":true,"href":"https:\/\/macote.fr\/en\/wp-json\/wp\/v2\/product_cat?post=2258"},{"taxonomy":"product_tag","embeddable":true,"href":"https:\/\/macote.fr\/en\/wp-json\/wp\/v2\/product_tag?post=2258"}],"curies":[{"name":"wp","href":"https:\/\/api.w.org\/{rel}","templated":true}]}}