{"id":2277,"date":"2023-06-24T15:32:03","date_gmt":"2023-06-24T13:32:03","guid":{"rendered":"https:\/\/macote.fr\/?post_type=product&#038;p=2277"},"modified":"2024-02-23T00:04:58","modified_gmt":"2024-02-22T23:04:58","slug":"porte-gobelet-bmw-e60-e61","status":"publish","type":"product","link":"https:\/\/macote.fr\/en\/product\/porte-gobelet-bmw-e60-e61\/","title":{"rendered":"cup holder bmw e60, e61"},"content":{"rendered":"<p>Give your BMW E60 and E61 a new lease of life with our cupholder replacement kit, specially designed for all BMW E60 and E61 owners with broken cupholders. This kit is the perfect solution for restoring the functionality and aesthetics of your interior.<\/p>\n<p>Our cup-holder replacement kit is made from high-quality materials, guaranteeing exceptional durability over time. Designed to withstand daily use, this sturdy kit is built to last, providing you with a reliable, long-lasting solution.<\/p>\n<p>Installing our cupholder replacement kit is simple and convenient, allowing you to restore your BMW E60 to its original appearance in no time. You can easily carry out the replacement yourself, without the need for advanced technical skills.<\/p>\n<p>you can choose between right, left or both sides, guaranteeing a complete solution for your BMW E60. You won't have to worry about not having a functional cupholder on both sides.<\/p>\n<p>Compatibility :<\/p>\n<p align=\"start\"><strong data-spm-anchor-id=\"a2g0o.detail.1000023.i3.3fe27ae1EamIwB\">BMW 5 Series E60, E61, M5, 525i, 528i, 530i, 535i, 550i, 2004-2010 <\/strong><\/p>","protected":false},"excerpt":{"rendered":"<p>Give your BMW E60 and E61 a new lease of life with our cupholder replacement kit, specially designed for all BMW E60 and E61 owners with broken cupholders. This kit is the perfect solution for restoring the functionality and aesthetics of your interior.<\/p>","protected":false},"featured_media":2282,"comment_status":"open","ping_status":"closed","template":"","meta":{"_eb_attr":""},"product_brand":[],"product_cat":[134,157,56],"product_tag":[],"class_list":{"0":"post-2277","1":"product","2":"type-product","3":"status-publish","4":"has-post-thumbnail","6":"product_cat-bmw-serie-5","7":"product_cat-bmw-serie-5-e60-e61","8":"product_cat-accessoires-divers","10":"first","11":"instock","12":"taxable","13":"shipping-taxable","14":"purchasable","15":"product-type-variable"},"yoast_head":"<!-- This site is optimized with the Yoast SEO Premium plugin v20.7 (Yoast SEO v27.3) - https:\/\/yoast.com\/product\/yoast-seo-premium-wordpress\/ -->\n<title>porte gobelet bmw e60, e61 - MaCote.fr<\/title>\n<meta name=\"description\" content=\"Offrez une nouvelle vie \u00e0 votre BMW E60 et E61 avec notre kit de remplacement de porte-gobelet pour les propri\u00e9taires dont les porte-gobelets sont cass\u00e9s.\" \/>\n<meta name=\"robots\" content=\"index, follow, max-snippet:-1, max-image-preview:large, max-video-preview:-1\" \/>\n<link rel=\"canonical\" href=\"https:\/\/macote.fr\/en\/product\/porte-gobelet-bmw-e60-e61\/\" \/>\n<meta property=\"og:locale\" content=\"en_US\" \/>\n<meta property=\"og:type\" content=\"article\" \/>\n<meta property=\"og:title\" content=\"porte gobelet bmw e60, e61\" \/>\n<meta property=\"og:description\" content=\"Offrez une nouvelle vie \u00e0 votre BMW E60 et E61 avec notre kit de remplacement de porte-gobelet pour les propri\u00e9taires dont les porte-gobelets sont cass\u00e9s.\" \/>\n<meta property=\"og:url\" content=\"https:\/\/macote.fr\/en\/product\/porte-gobelet-bmw-e60-e61\/\" \/>\n<meta property=\"og:site_name\" content=\"MaCote.fr\" \/>\n<meta property=\"article:publisher\" content=\"https:\/\/www.facebook.com\/profile.php?id=100091476586119\" \/>\n<meta property=\"article:modified_time\" content=\"2024-02-22T23:04:58+00:00\" \/>\n<meta property=\"og:image\" content=\"https:\/\/macote.fr\/wp-content\/uploads\/2023\/06\/Porte-gobelet-bmw-e60.webp\" \/>\n\t<meta property=\"og:image:width\" content=\"1000\" \/>\n\t<meta property=\"og:image:height\" content=\"1000\" \/>\n\t<meta property=\"og:image:type\" content=\"image\/webp\" \/>\n<meta name=\"twitter:card\" content=\"summary_large_image\" \/>\n<meta name=\"twitter:label1\" content=\"Est. reading time\" \/>\n\t<meta name=\"twitter:data1\" content=\"1 minute\" \/>\n<script type=\"application\/ld+json\" class=\"yoast-schema-graph\">{\"@context\":\"https:\\\/\\\/schema.org\",\"@graph\":[{\"@type\":\"WebPage\",\"@id\":\"https:\\\/\\\/macote.fr\\\/produit\\\/porte-gobelet-bmw-e60-e61\\\/\",\"url\":\"https:\\\/\\\/macote.fr\\\/produit\\\/porte-gobelet-bmw-e60-e61\\\/\",\"name\":\"porte gobelet bmw e60, e61 - MaCote.fr\",\"isPartOf\":{\"@id\":\"https:\\\/\\\/macote.fr\\\/#website\"},\"primaryImageOfPage\":{\"@id\":\"https:\\\/\\\/macote.fr\\\/produit\\\/porte-gobelet-bmw-e60-e61\\\/#primaryimage\"},\"image\":{\"@id\":\"https:\\\/\\\/macote.fr\\\/produit\\\/porte-gobelet-bmw-e60-e61\\\/#primaryimage\"},\"thumbnailUrl\":\"https:\\\/\\\/macote.fr\\\/wp-content\\\/uploads\\\/2023\\\/06\\\/Porte-gobelet-bmw-e60.webp\",\"datePublished\":\"2023-06-24T13:32:03+00:00\",\"dateModified\":\"2024-02-22T23:04:58+00:00\",\"description\":\"Offrez une nouvelle vie \u00e0 votre BMW E60 et E61 avec notre kit de remplacement de porte-gobelet pour les propri\u00e9taires dont les porte-gobelets sont cass\u00e9s.\",\"breadcrumb\":{\"@id\":\"https:\\\/\\\/macote.fr\\\/produit\\\/porte-gobelet-bmw-e60-e61\\\/#breadcrumb\"},\"inLanguage\":\"en-US\",\"potentialAction\":[{\"@type\":\"ReadAction\",\"target\":[\"https:\\\/\\\/macote.fr\\\/produit\\\/porte-gobelet-bmw-e60-e61\\\/\"]}]},{\"@type\":\"ImageObject\",\"inLanguage\":\"en-US\",\"@id\":\"https:\\\/\\\/macote.fr\\\/produit\\\/porte-gobelet-bmw-e60-e61\\\/#primaryimage\",\"url\":\"https:\\\/\\\/macote.fr\\\/wp-content\\\/uploads\\\/2023\\\/06\\\/Porte-gobelet-bmw-e60.webp\",\"contentUrl\":\"https:\\\/\\\/macote.fr\\\/wp-content\\\/uploads\\\/2023\\\/06\\\/Porte-gobelet-bmw-e60.webp\",\"width\":1000,\"height\":1000,\"caption\":\"Porte gobelet bmw e60\"},{\"@type\":\"BreadcrumbList\",\"@id\":\"https:\\\/\\\/macote.fr\\\/produit\\\/porte-gobelet-bmw-e60-e61\\\/#breadcrumb\",\"itemListElement\":[{\"@type\":\"ListItem\",\"position\":1,\"name\":\"Accueil\",\"item\":\"https:\\\/\\\/macote.fr\\\/\"},{\"@type\":\"ListItem\",\"position\":2,\"name\":\"Boutique\",\"item\":\"https:\\\/\\\/macote.fr\\\/boutique\\\/\"},{\"@type\":\"ListItem\",\"position\":3,\"name\":\"porte gobelet bmw e60, e61\"}]},{\"@type\":\"WebSite\",\"@id\":\"https:\\\/\\\/macote.fr\\\/#website\",\"url\":\"https:\\\/\\\/macote.fr\\\/\",\"name\":\"MaCote.fr\",\"description\":\"BMW best accessories\",\"publisher\":{\"@id\":\"https:\\\/\\\/macote.fr\\\/#organization\"},\"alternateName\":\"BMW tuning\",\"potentialAction\":[{\"@type\":\"SearchAction\",\"target\":{\"@type\":\"EntryPoint\",\"urlTemplate\":\"https:\\\/\\\/macote.fr\\\/?s={search_term_string}\"},\"query-input\":{\"@type\":\"PropertyValueSpecification\",\"valueRequired\":true,\"valueName\":\"search_term_string\"}}],\"inLanguage\":\"en-US\"},{\"@type\":\"Organization\",\"@id\":\"https:\\\/\\\/macote.fr\\\/#organization\",\"name\":\"Macote.fr\",\"alternateName\":\"BMW tuning\",\"url\":\"https:\\\/\\\/macote.fr\\\/\",\"logo\":{\"@type\":\"ImageObject\",\"inLanguage\":\"en-US\",\"@id\":\"https:\\\/\\\/macote.fr\\\/#\\\/schema\\\/logo\\\/image\\\/\",\"url\":\"https:\\\/\\\/macote.fr\\\/wp-content\\\/uploads\\\/2023\\\/11\\\/LOGO-macote.fr-dessin-bmw-noir-copy.jpg\",\"contentUrl\":\"https:\\\/\\\/macote.fr\\\/wp-content\\\/uploads\\\/2023\\\/11\\\/LOGO-macote.fr-dessin-bmw-noir-copy.jpg\",\"width\":732,\"height\":456,\"caption\":\"Macote.fr\"},\"image\":{\"@id\":\"https:\\\/\\\/macote.fr\\\/#\\\/schema\\\/logo\\\/image\\\/\"},\"sameAs\":[\"https:\\\/\\\/www.facebook.com\\\/profile.php?id=100091476586119\",\"https:\\\/\\\/www.youtube.com\\\/channel\\\/UCgO-YTbaxYO-w_C5GfL-_1w\",\"https:\\\/\\\/www.tiktok.com\\\/@macote.fr?is_from_webapp=1&sender_device=pc\",\"https:\\\/\\\/www.instagram.com\\\/i_xila_i\\\/\"]}]}<\/script>\n<!-- \/ Yoast SEO Premium plugin. -->","yoast_head_json":{"title":"cup holder bmw e60, e61 - MaCote.fr","description":"Give your BMW E60 and E61 a new lease of life with our cupholder replacement kit for owners with broken cupholders.","robots":{"index":"index","follow":"follow","max-snippet":"max-snippet:-1","max-image-preview":"max-image-preview:large","max-video-preview":"max-video-preview:-1"},"canonical":"https:\/\/macote.fr\/en\/product\/porte-gobelet-bmw-e60-e61\/","og_locale":"en_US","og_type":"article","og_title":"porte gobelet bmw e60, e61","og_description":"Offrez une nouvelle vie \u00e0 votre BMW E60 et E61 avec notre kit de remplacement de porte-gobelet pour les propri\u00e9taires dont les porte-gobelets sont cass\u00e9s.","og_url":"https:\/\/macote.fr\/en\/product\/porte-gobelet-bmw-e60-e61\/","og_site_name":"MaCote.fr","article_publisher":"https:\/\/www.facebook.com\/profile.php?id=100091476586119","article_modified_time":"2024-02-22T23:04:58+00:00","og_image":[{"width":1000,"height":1000,"url":"https:\/\/macote.fr\/wp-content\/uploads\/2023\/06\/Porte-gobelet-bmw-e60.webp","type":"image\/webp"}],"twitter_card":"summary_large_image","twitter_misc":{"Est. reading time":"1 minute"},"schema":{"@context":"https:\/\/schema.org","@graph":[{"@type":"WebPage","@id":"https:\/\/macote.fr\/produit\/porte-gobelet-bmw-e60-e61\/","url":"https:\/\/macote.fr\/produit\/porte-gobelet-bmw-e60-e61\/","name":"cup holder bmw e60, e61 - MaCote.fr","isPartOf":{"@id":"https:\/\/macote.fr\/#website"},"primaryImageOfPage":{"@id":"https:\/\/macote.fr\/produit\/porte-gobelet-bmw-e60-e61\/#primaryimage"},"image":{"@id":"https:\/\/macote.fr\/produit\/porte-gobelet-bmw-e60-e61\/#primaryimage"},"thumbnailUrl":"https:\/\/macote.fr\/wp-content\/uploads\/2023\/06\/Porte-gobelet-bmw-e60.webp","datePublished":"2023-06-24T13:32:03+00:00","dateModified":"2024-02-22T23:04:58+00:00","description":"Give your BMW E60 and E61 a new lease of life with our cupholder replacement kit for owners with broken cupholders.","breadcrumb":{"@id":"https:\/\/macote.fr\/produit\/porte-gobelet-bmw-e60-e61\/#breadcrumb"},"inLanguage":"en-US","potentialAction":[{"@type":"ReadAction","target":["https:\/\/macote.fr\/produit\/porte-gobelet-bmw-e60-e61\/"]}]},{"@type":"ImageObject","inLanguage":"en-US","@id":"https:\/\/macote.fr\/produit\/porte-gobelet-bmw-e60-e61\/#primaryimage","url":"https:\/\/macote.fr\/wp-content\/uploads\/2023\/06\/Porte-gobelet-bmw-e60.webp","contentUrl":"https:\/\/macote.fr\/wp-content\/uploads\/2023\/06\/Porte-gobelet-bmw-e60.webp","width":1000,"height":1000,"caption":"Porte gobelet bmw e60"},{"@type":"BreadcrumbList","@id":"https:\/\/macote.fr\/produit\/porte-gobelet-bmw-e60-e61\/#breadcrumb","itemListElement":[{"@type":"ListItem","position":1,"name":"Accueil","item":"https:\/\/macote.fr\/"},{"@type":"ListItem","position":2,"name":"Boutique","item":"https:\/\/macote.fr\/boutique\/"},{"@type":"ListItem","position":3,"name":"porte gobelet bmw e60, e61"}]},{"@type":"WebSite","@id":"https:\/\/macote.fr\/#website","url":"https:\/\/macote.fr\/","name":"MyQuote.com","description":"BMW best accessories","publisher":{"@id":"https:\/\/macote.fr\/#organization"},"alternateName":"BMW tuning","potentialAction":[{"@type":"SearchAction","target":{"@type":"EntryPoint","urlTemplate":"https:\/\/macote.fr\/?s={search_term_string}"},"query-input":{"@type":"PropertyValueSpecification","valueRequired":true,"valueName":"search_term_string"}}],"inLanguage":"en-US"},{"@type":"Organization","@id":"https:\/\/macote.fr\/#organization","name":"Macote.fr","alternateName":"BMW tuning","url":"https:\/\/macote.fr\/","logo":{"@type":"ImageObject","inLanguage":"en-US","@id":"https:\/\/macote.fr\/#\/schema\/logo\/image\/","url":"https:\/\/macote.fr\/wp-content\/uploads\/2023\/11\/LOGO-macote.fr-dessin-bmw-noir-copy.jpg","contentUrl":"https:\/\/macote.fr\/wp-content\/uploads\/2023\/11\/LOGO-macote.fr-dessin-bmw-noir-copy.jpg","width":732,"height":456,"caption":"Macote.fr"},"image":{"@id":"https:\/\/macote.fr\/#\/schema\/logo\/image\/"},"sameAs":["https:\/\/www.facebook.com\/profile.php?id=100091476586119","https:\/\/www.youtube.com\/channel\/UCgO-YTbaxYO-w_C5GfL-_1w","https:\/\/www.tiktok.com\/@macote.fr?is_from_webapp=1&sender_device=pc","https:\/\/www.instagram.com\/i_xila_i\/"]}]}},"_links":{"self":[{"href":"https:\/\/macote.fr\/en\/wp-json\/wp\/v2\/product\/2277","targetHints":{"allow":["GET"]}}],"collection":[{"href":"https:\/\/macote.fr\/en\/wp-json\/wp\/v2\/product"}],"about":[{"href":"https:\/\/macote.fr\/en\/wp-json\/wp\/v2\/types\/product"}],"replies":[{"embeddable":true,"href":"https:\/\/macote.fr\/en\/wp-json\/wp\/v2\/comments?post=2277"}],"wp:featuredmedia":[{"embeddable":true,"href":"https:\/\/macote.fr\/en\/wp-json\/wp\/v2\/media\/2282"}],"wp:attachment":[{"href":"https:\/\/macote.fr\/en\/wp-json\/wp\/v2\/media?parent=2277"}],"wp:term":[{"taxonomy":"product_brand","embeddable":true,"href":"https:\/\/macote.fr\/en\/wp-json\/wp\/v2\/product_brand?post=2277"},{"taxonomy":"product_cat","embeddable":true,"href":"https:\/\/macote.fr\/en\/wp-json\/wp\/v2\/product_cat?post=2277"},{"taxonomy":"product_tag","embeddable":true,"href":"https:\/\/macote.fr\/en\/wp-json\/wp\/v2\/product_tag?post=2277"}],"curies":[{"name":"wp","href":"https:\/\/api.w.org\/{rel}","templated":true}]}}