{"id":5737,"date":"2025-03-26T22:26:12","date_gmt":"2025-03-26T21:26:12","guid":{"rendered":"https:\/\/macote.fr\/?post_type=product&#038;p=5737"},"modified":"2026-04-03T11:25:05","modified_gmt":"2026-04-03T09:25:05","slug":"led-drl-yellow-headlights-bmw-m5-g90-serie-5-g60-2024-20xx-pre-lci-angel-eyes","status":"publish","type":"product","link":"https:\/\/macote.fr\/en\/product\/led-drl-yellow-headlights-bmw-m5-g90-serie-5-g60-2024-20xx-pre-lci-angel-eyes\/","title":{"rendered":"LED DRL - Yellow Headlights - BMW M5 G90 &amp; 5 Series G60 (2024-20XX) pre LCI - Angel Eyes"},"content":{"rendered":"<h1 style=\"text-align: center;\">DRL - Yellow headlights for BMW M5 G90 &amp; 5 Series G60 (2024-20XX) pre LCI<\/h1>\n<h2 style=\"text-align: left;\">Change the look of your BMW M5 or 5 Series! \ud83d\udc40<\/h2>\n<p class=\"\" data-start=\"282\" data-end=\"613\">Fully express the character of your BMW with our Angel Eyes yellow DRL kit, specially designed for M5 G90 &amp; 5 Series G60 (Phase 1 - 2024+) models. Thanks to our <strong data-start=\"456\" data-end=\"487\">intelligent two-tone module<\/strong>you can <strong data-start=\"501\" data-end=\"567\">alternate between a discreet OEM look and aggressive yellow styling<\/strong> without disassembly, without tools, without compromise.<\/p>\n<hr class=\"\" data-start=\"615\" data-end=\"618\" \/>\n<h3 data-start=\"620\" data-end=\"656\">\u2705 <strong data-start=\"627\" data-end=\"656\">Product strengths :<\/strong><\/h3>\n<ul data-start=\"658\" data-end=\"1096\">\n<li class=\"\" data-start=\"658\" data-end=\"716\">\n<p class=\"\" data-start=\"660\" data-end=\"716\"><strong data-start=\"660\" data-end=\"677\">Compatibility<\/strong> : BMW M5 G90 &amp; 5 Series G60 (2024-20XX)<\/p>\n<\/li>\n<li class=\"\" data-start=\"717\" data-end=\"798\">\n<p class=\"\" data-start=\"719\" data-end=\"798\"><strong data-start=\"719\" data-end=\"750\">High-quality LED lighting<\/strong> Intense yellow or pure white, as you wish<\/p>\n<\/li>\n<li class=\"\" data-start=\"799\" data-end=\"858\">\n<p class=\"\" data-start=\"801\" data-end=\"858\"><strong data-start=\"801\" data-end=\"819\">5-year warranty<\/strong> Tested, certified, sustainable quality<\/p>\n<\/li>\n<li class=\"\" data-start=\"859\" data-end=\"943\">\n<p class=\"\" data-start=\"861\" data-end=\"943\"><strong data-start=\"861\" data-end=\"891\">Plug &amp; Play \/ No faults<\/strong> Error-free dashboard installation (CANBUS)<\/p>\n<\/li>\n<li class=\"\" data-start=\"944\" data-end=\"1022\">\n<p class=\"\" data-start=\"946\" data-end=\"1022\"><strong data-start=\"946\" data-end=\"968\">100 % OEM-friendly<\/strong> No cutting, no wiring, no modification<\/p>\n<\/li>\n<li class=\"\" data-start=\"1023\" data-end=\"1096\">\n<p class=\"\" data-start=\"1025\" data-end=\"1096\"><strong data-start=\"1025\" data-end=\"1051\">Customizable option<\/strong> : Contact us for your customized projects<\/p>\n<\/li>\n<\/ul>\n<hr class=\"\" data-start=\"1098\" data-end=\"1101\" \/>\n<h3 class=\"\" data-start=\"1103\" data-end=\"1166\"><strong data-start=\"1110\" data-end=\"1166\">Two-tone DRL module: yellow\/white headlights<\/strong><\/h3>\n<p class=\"\" data-start=\"1168\" data-end=\"1235\"><strong data-start=\"1168\" data-end=\"1235\">Go from original to racing look in a single gesture.<\/strong><\/p>\n<p class=\"\" data-start=\"1237\" data-end=\"1457\">Our <strong data-start=\"1243\" data-end=\"1271\">intelligent module<\/strong>\u00a0allows you to <strong data-start=\"1287\" data-end=\"1372\">switch between white and yellow DRL directly from the full-beam control unit<\/strong>. An exclusivity designed for BMW enthusiasts who want it all... without compromise.<\/p>\n<h4 class=\"\" data-start=\"1459\" data-end=\"1491\">Module features :<\/h4>\n<ul data-start=\"1492\" data-end=\"1799\">\n<li class=\"\" data-start=\"1492\" data-end=\"1537\">\n<p class=\"\" data-start=\"1494\" data-end=\"1537\"><strong data-start=\"1494\" data-end=\"1509\">3 pressures<\/strong> : Passage white headlights \u21c6 Yellow headlights<\/p>\n<\/li>\n<li class=\"\" data-start=\"1538\" data-end=\"1607\">\n<p class=\"\" data-start=\"1540\" data-end=\"1607\"><strong data-start=\"1540\" data-end=\"1555\">5 pressures<\/strong> Angel Eyes\" mode (yellow DRL + white lights off)<\/p>\n<\/li>\n<li class=\"\" data-start=\"1608\" data-end=\"1648\">\n<p class=\"\" data-start=\"1610\" data-end=\"1648\"><strong data-start=\"1610\" data-end=\"1625\">7 Pressures<\/strong> Dynamic flash mode<\/p>\n<\/li>\n<li class=\"\" data-start=\"1649\" data-end=\"1708\">\n<p class=\"\" data-start=\"1651\" data-end=\"1708\"><strong data-start=\"1651\" data-end=\"1666\">9 pressures<\/strong> Return to factory settings (DRL white)<\/p>\n<\/li>\n<li class=\"\" data-start=\"1709\" data-end=\"1799\">\n<p class=\"\" data-start=\"1711\" data-end=\"1799\"><strong data-start=\"1711\" data-end=\"1727\">11 Pressures<\/strong> Unlock\" mode Breathing animation (breathing light bmw effect)<\/p>\n<\/li>\n<\/ul>\n<p class=\"\" data-start=\"1801\" data-end=\"1858\">\ud83d\udee0\ufe0f <strong data-start=\"1805\" data-end=\"1858\">Advanced installation, but clean and reversible:<\/strong><\/p>\n<ul data-start=\"1859\" data-end=\"1996\">\n<li class=\"\" data-start=\"1901\" data-end=\"1933\">\n<p class=\"\" data-start=\"1903\" data-end=\"1933\">No battery connection<\/p>\n<\/li>\n<li class=\"\" data-start=\"1934\" data-end=\"1954\">\n<p class=\"\" data-start=\"1936\" data-end=\"1954\">No ACC wiring<\/p>\n<\/li>\n<li class=\"\" data-start=\"1955\" data-end=\"1996\">\n<p class=\"\" data-start=\"1957\" data-end=\"1996\">No damage to original parts<\/p>\n<\/li>\n<\/ul>\n<p class=\"\" data-start=\"1998\" data-end=\"2184\">\ud83d\udca1 <strong data-start=\"2001\" data-end=\"2069\">You control everything, simply from inside your BMW.<\/strong><br data-start=\"2069\" data-end=\"2072\" \/>A module that combines <strong data-start=\"2092\" data-end=\"2132\">technology, practicality and aesthetics<\/strong>for those who require more than just lighting.<\/p>\n<hr class=\"\" data-start=\"2186\" data-end=\"2189\" \/>\n<h3 class=\"\" data-start=\"2191\" data-end=\"2228\">\ud83d\udd27 Other available variants:<\/h3>\n<h4 class=\"\" data-start=\"2230\" data-end=\"2270\"><strong data-start=\"2235\" data-end=\"2270\">1. Kit DRL Yellow\u00a0<\/strong><\/h4>\n<ul data-start=\"2271\" data-end=\"2365\">\n<li class=\"\" data-start=\"2271\" data-end=\"2307\">\n<p class=\"\" data-start=\"2273\" data-end=\"2307\">Yellow LED cards + thermal paste<\/p>\n<\/li>\n<li class=\"\" data-start=\"2308\" data-end=\"2365\">\n<p class=\"\" data-start=\"2310\" data-end=\"2365\">For manual installation on your original heatsinks<\/p>\n<\/li>\n<\/ul>\n<h4 class=\"\" data-start=\"2367\" data-end=\"2408\"><strong data-start=\"2372\" data-end=\"2408\">2. Kit DRL Yellow + Heat sinks<\/strong><\/h4>\n<ul data-start=\"2409\" data-end=\"2504\">\n<li class=\"\" data-start=\"2409\" data-end=\"2455\">\n<p class=\"\" data-start=\"2411\" data-end=\"2455\">LEDs already mounted on heat sinks<\/p>\n<\/li>\n<li class=\"\" data-start=\"2456\" data-end=\"2504\">\n<p class=\"\" data-start=\"2458\" data-end=\"2504\">Quick and easy replacement, no assembly required<\/p>\n<\/li>\n<\/ul>\n<p>&nbsp;<\/p>\n<hr class=\"\" data-start=\"2506\" data-end=\"2509\" \/>\n<h3>\ud83d\udd0c DRL : Plug and Play installation<\/h3>\n<p>Installation is child's play, with a plug and play process that makes upgrading your daytime running lights as simple as replacing a bulb. No complex tools are required, just remove the heat sinks from the headlamps and replace the original LED board with our module. What's more, this modification is totally reversible, enabling you to quickly restore your vehicle's original appearance if necessary.<\/p>\n<hr class=\"\" data-start=\"2506\" data-end=\"2509\" \/>\n<h3 class=\"\" data-start=\"2511\" data-end=\"2551\">\ud83d\udcac Why choose our solution?<\/h3>\n<p class=\"\" data-start=\"2553\" data-end=\"2823\">Because your BMW deserves the best. Whether you drive during the day or want to stand out at night, this DRL kit (with or without two-tone module) transforms your look into one of a kind. <strong data-start=\"2748\" data-end=\"2776\">a strong element of identity<\/strong>between OEM elegance and Motorsport inspiration.<\/p>\n<p><strong><a href=\"https:\/\/macote.fr\/en\/product-category\/m5\/\">Explore more accessories for BMW M5:<\/a><\/strong><\/p>\n<p>&nbsp;<\/p>","protected":false},"excerpt":{"rendered":"<p>Give your BMW M5 G90 or 5 Series G60 a new lease of life from 2025 with our DRL Yellow Day Running Light. Inspired by the yellow light signature of the BMW M5 CS, M4 CSL and M3 CS models, these plates are designed to easily replace the original ones, offering aggressive styling or a retro look. Installation is simple (plug and play) and reversible, instantly transforming your car's aesthetics while adding a touch of historic sportiness.<\/p>","protected":false},"featured_media":5745,"comment_status":"open","ping_status":"closed","template":"","meta":{"_eb_attr":""},"product_brand":[],"product_cat":[134,160,203,227,247],"product_tag":[],"class_list":{"0":"post-5737","1":"product","2":"type-product","3":"status-publish","4":"has-post-thumbnail","6":"product_cat-bmw-serie-5","7":"product_cat-bmw-serie-5-g60-g61-g68","8":"product_cat-m5","9":"product_cat-m5-g90","10":"product_cat-phares-jaunes-led","12":"first","13":"instock","14":"taxable","15":"shipping-taxable","16":"purchasable","17":"product-type-variable"},"yoast_head":"<!-- This site is optimized with the Yoast SEO Premium plugin v20.7 (Yoast SEO v27.3) - https:\/\/yoast.com\/product\/yoast-seo-premium-wordpress\/ -->\n<title>LED DRL - Phares Jaunes - BMW M5 G90 &amp; S\u00e9rie 5 G60 (2024-20XX) pr\u00e9 LCI - Angel Eyes - MaCote.fr<\/title>\n<meta name=\"robots\" content=\"index, follow, max-snippet:-1, max-image-preview:large, max-video-preview:-1\" \/>\n<link rel=\"canonical\" href=\"https:\/\/macote.fr\/en\/product\/led-drl-yellow-headlights-bmw-m5-g90-serie-5-g60-2024-20xx-pre-lci-angel-eyes\/\" \/>\n<meta property=\"og:locale\" content=\"en_US\" \/>\n<meta property=\"og:type\" content=\"article\" \/>\n<meta property=\"og:title\" content=\"LED DRL - Phares Jaunes - BMW M5 G90 &amp; S\u00e9rie 5 G60 (2024-20XX) pr\u00e9 LCI - Angel Eyes\" \/>\n<meta property=\"og:description\" content=\"Donnez une nouvelle vie \u00e0 votre BMW M5 G90 ou S\u00e9rie 5 G60 \u00e0 partir de 2025 avec nos Platines LEDs de Feux Diurnes (Yellow Day Running Light) DRL. Inspir\u00e9es de la signature lumineuse jaune des mod\u00e8les BMW M5 CS, M4 CSL et M3 CS, ces platines sont con\u00e7ues pour remplacer facilement celles d&#039;origine, offrant un style agressif ou un look r\u00e9tro. L&#039;installation est simple (plug and play) et r\u00e9versible, transformant instantan\u00e9ment l&#039;esth\u00e9tique de votre voiture tout en ajoutant une touche de sportivit\u00e9 historique.\" \/>\n<meta property=\"og:url\" content=\"https:\/\/macote.fr\/en\/product\/led-drl-yellow-headlights-bmw-m5-g90-serie-5-g60-2024-20xx-pre-lci-angel-eyes\/\" \/>\n<meta property=\"og:site_name\" content=\"MaCote.fr\" \/>\n<meta property=\"article:publisher\" content=\"https:\/\/www.facebook.com\/profile.php?id=100091476586119\" \/>\n<meta property=\"article:modified_time\" content=\"2026-04-03T09:25:05+00:00\" \/>\n<meta property=\"og:image\" content=\"https:\/\/macote.fr\/wp-content\/uploads\/2025\/03\/BMW-M5-G90-LED-DRL-jaunes-2025.jpg\" \/>\n\t<meta property=\"og:image:width\" content=\"1440\" \/>\n\t<meta property=\"og:image:height\" content=\"960\" \/>\n\t<meta property=\"og:image:type\" content=\"image\/jpeg\" \/>\n<meta name=\"twitter:card\" content=\"summary_large_image\" \/>\n<meta name=\"twitter:label1\" content=\"Est. reading time\" \/>\n\t<meta name=\"twitter:data1\" content=\"3 minutes\" \/>\n<script type=\"application\/ld+json\" class=\"yoast-schema-graph\">{\"@context\":\"https:\\\/\\\/schema.org\",\"@graph\":[{\"@type\":\"WebPage\",\"@id\":\"https:\\\/\\\/macote.fr\\\/produit\\\/led-drl-phares-jaunes-bmw-m5-g90-serie-5-g60-2024-20xx-pre-lci-angel-eyes\\\/\",\"url\":\"https:\\\/\\\/macote.fr\\\/produit\\\/led-drl-phares-jaunes-bmw-m5-g90-serie-5-g60-2024-20xx-pre-lci-angel-eyes\\\/\",\"name\":\"LED DRL - Phares Jaunes - BMW M5 G90 & S\u00e9rie 5 G60 (2024-20XX) pr\u00e9 LCI - Angel Eyes - MaCote.fr\",\"isPartOf\":{\"@id\":\"https:\\\/\\\/macote.fr\\\/#website\"},\"primaryImageOfPage\":{\"@id\":\"https:\\\/\\\/macote.fr\\\/produit\\\/led-drl-phares-jaunes-bmw-m5-g90-serie-5-g60-2024-20xx-pre-lci-angel-eyes\\\/#primaryimage\"},\"image\":{\"@id\":\"https:\\\/\\\/macote.fr\\\/produit\\\/led-drl-phares-jaunes-bmw-m5-g90-serie-5-g60-2024-20xx-pre-lci-angel-eyes\\\/#primaryimage\"},\"thumbnailUrl\":\"https:\\\/\\\/macote.fr\\\/wp-content\\\/uploads\\\/2025\\\/03\\\/BMW-M5-G90-LED-DRL-jaunes-2025.jpg\",\"datePublished\":\"2025-03-26T21:26:12+00:00\",\"dateModified\":\"2026-04-03T09:25:05+00:00\",\"breadcrumb\":{\"@id\":\"https:\\\/\\\/macote.fr\\\/produit\\\/led-drl-phares-jaunes-bmw-m5-g90-serie-5-g60-2024-20xx-pre-lci-angel-eyes\\\/#breadcrumb\"},\"inLanguage\":\"en-US\",\"potentialAction\":[{\"@type\":\"ReadAction\",\"target\":[\"https:\\\/\\\/macote.fr\\\/produit\\\/led-drl-phares-jaunes-bmw-m5-g90-serie-5-g60-2024-20xx-pre-lci-angel-eyes\\\/\"]}]},{\"@type\":\"ImageObject\",\"inLanguage\":\"en-US\",\"@id\":\"https:\\\/\\\/macote.fr\\\/produit\\\/led-drl-phares-jaunes-bmw-m5-g90-serie-5-g60-2024-20xx-pre-lci-angel-eyes\\\/#primaryimage\",\"url\":\"https:\\\/\\\/macote.fr\\\/wp-content\\\/uploads\\\/2025\\\/03\\\/BMW-M5-G90-LED-DRL-jaunes-2025.jpg\",\"contentUrl\":\"https:\\\/\\\/macote.fr\\\/wp-content\\\/uploads\\\/2025\\\/03\\\/BMW-M5-G90-LED-DRL-jaunes-2025.jpg\",\"width\":1440,\"height\":960,\"caption\":\"BMW M5 G90 LED DRL jaunes 2025\"},{\"@type\":\"BreadcrumbList\",\"@id\":\"https:\\\/\\\/macote.fr\\\/produit\\\/led-drl-phares-jaunes-bmw-m5-g90-serie-5-g60-2024-20xx-pre-lci-angel-eyes\\\/#breadcrumb\",\"itemListElement\":[{\"@type\":\"ListItem\",\"position\":1,\"name\":\"Accueil\",\"item\":\"https:\\\/\\\/macote.fr\\\/\"},{\"@type\":\"ListItem\",\"position\":2,\"name\":\"Boutique\",\"item\":\"https:\\\/\\\/macote.fr\\\/boutique\\\/\"},{\"@type\":\"ListItem\",\"position\":3,\"name\":\"LED DRL &#8211; Phares Jaunes &#8211; BMW M5 G90 &#038; S\u00e9rie 5 G60 (2024-20XX) pr\u00e9 LCI &#8211; Angel Eyes\"}]},{\"@type\":\"WebSite\",\"@id\":\"https:\\\/\\\/macote.fr\\\/#website\",\"url\":\"https:\\\/\\\/macote.fr\\\/\",\"name\":\"MaCote.fr\",\"description\":\"BMW best accessories\",\"publisher\":{\"@id\":\"https:\\\/\\\/macote.fr\\\/#organization\"},\"alternateName\":\"BMW tuning\",\"potentialAction\":[{\"@type\":\"SearchAction\",\"target\":{\"@type\":\"EntryPoint\",\"urlTemplate\":\"https:\\\/\\\/macote.fr\\\/?s={search_term_string}\"},\"query-input\":{\"@type\":\"PropertyValueSpecification\",\"valueRequired\":true,\"valueName\":\"search_term_string\"}}],\"inLanguage\":\"en-US\"},{\"@type\":\"Organization\",\"@id\":\"https:\\\/\\\/macote.fr\\\/#organization\",\"name\":\"Macote.fr\",\"alternateName\":\"BMW tuning\",\"url\":\"https:\\\/\\\/macote.fr\\\/\",\"logo\":{\"@type\":\"ImageObject\",\"inLanguage\":\"en-US\",\"@id\":\"https:\\\/\\\/macote.fr\\\/#\\\/schema\\\/logo\\\/image\\\/\",\"url\":\"https:\\\/\\\/macote.fr\\\/wp-content\\\/uploads\\\/2023\\\/11\\\/LOGO-macote.fr-dessin-bmw-noir-copy.jpg\",\"contentUrl\":\"https:\\\/\\\/macote.fr\\\/wp-content\\\/uploads\\\/2023\\\/11\\\/LOGO-macote.fr-dessin-bmw-noir-copy.jpg\",\"width\":732,\"height\":456,\"caption\":\"Macote.fr\"},\"image\":{\"@id\":\"https:\\\/\\\/macote.fr\\\/#\\\/schema\\\/logo\\\/image\\\/\"},\"sameAs\":[\"https:\\\/\\\/www.facebook.com\\\/profile.php?id=100091476586119\",\"https:\\\/\\\/www.youtube.com\\\/channel\\\/UCgO-YTbaxYO-w_C5GfL-_1w\",\"https:\\\/\\\/www.tiktok.com\\\/@macote.fr?is_from_webapp=1&sender_device=pc\",\"https:\\\/\\\/www.instagram.com\\\/i_xila_i\\\/\"]}]}<\/script>\n<!-- \/ Yoast SEO Premium plugin. -->","yoast_head_json":{"title":"LED DRL - Yellow Headlights - BMW M5 G90 &amp; 5 Series G60 (2024-20XX) pre LCI - Angel Eyes - MaCote.fr","robots":{"index":"index","follow":"follow","max-snippet":"max-snippet:-1","max-image-preview":"max-image-preview:large","max-video-preview":"max-video-preview:-1"},"canonical":"https:\/\/macote.fr\/en\/product\/led-drl-yellow-headlights-bmw-m5-g90-serie-5-g60-2024-20xx-pre-lci-angel-eyes\/","og_locale":"en_US","og_type":"article","og_title":"LED DRL - Phares Jaunes - BMW M5 G90 & S\u00e9rie 5 G60 (2024-20XX) pr\u00e9 LCI - Angel Eyes","og_description":"Donnez une nouvelle vie \u00e0 votre BMW M5 G90 ou S\u00e9rie 5 G60 \u00e0 partir de 2025 avec nos Platines LEDs de Feux Diurnes (Yellow Day Running Light) DRL. Inspir\u00e9es de la signature lumineuse jaune des mod\u00e8les BMW M5 CS, M4 CSL et M3 CS, ces platines sont con\u00e7ues pour remplacer facilement celles d'origine, offrant un style agressif ou un look r\u00e9tro. L'installation est simple (plug and play) et r\u00e9versible, transformant instantan\u00e9ment l'esth\u00e9tique de votre voiture tout en ajoutant une touche de sportivit\u00e9 historique.","og_url":"https:\/\/macote.fr\/en\/product\/led-drl-yellow-headlights-bmw-m5-g90-serie-5-g60-2024-20xx-pre-lci-angel-eyes\/","og_site_name":"MaCote.fr","article_publisher":"https:\/\/www.facebook.com\/profile.php?id=100091476586119","article_modified_time":"2026-04-03T09:25:05+00:00","og_image":[{"width":1440,"height":960,"url":"https:\/\/macote.fr\/wp-content\/uploads\/2025\/03\/BMW-M5-G90-LED-DRL-jaunes-2025.jpg","type":"image\/jpeg"}],"twitter_card":"summary_large_image","twitter_misc":{"Est. reading time":"3 minutes"},"schema":{"@context":"https:\/\/schema.org","@graph":[{"@type":"WebPage","@id":"https:\/\/macote.fr\/produit\/led-drl-phares-jaunes-bmw-m5-g90-serie-5-g60-2024-20xx-pre-lci-angel-eyes\/","url":"https:\/\/macote.fr\/produit\/led-drl-phares-jaunes-bmw-m5-g90-serie-5-g60-2024-20xx-pre-lci-angel-eyes\/","name":"LED DRL - Yellow Headlights - BMW M5 G90 &amp; 5 Series G60 (2024-20XX) pre LCI - Angel Eyes - MaCote.fr","isPartOf":{"@id":"https:\/\/macote.fr\/#website"},"primaryImageOfPage":{"@id":"https:\/\/macote.fr\/produit\/led-drl-phares-jaunes-bmw-m5-g90-serie-5-g60-2024-20xx-pre-lci-angel-eyes\/#primaryimage"},"image":{"@id":"https:\/\/macote.fr\/produit\/led-drl-phares-jaunes-bmw-m5-g90-serie-5-g60-2024-20xx-pre-lci-angel-eyes\/#primaryimage"},"thumbnailUrl":"https:\/\/macote.fr\/wp-content\/uploads\/2025\/03\/BMW-M5-G90-LED-DRL-jaunes-2025.jpg","datePublished":"2025-03-26T21:26:12+00:00","dateModified":"2026-04-03T09:25:05+00:00","breadcrumb":{"@id":"https:\/\/macote.fr\/produit\/led-drl-phares-jaunes-bmw-m5-g90-serie-5-g60-2024-20xx-pre-lci-angel-eyes\/#breadcrumb"},"inLanguage":"en-US","potentialAction":[{"@type":"ReadAction","target":["https:\/\/macote.fr\/produit\/led-drl-phares-jaunes-bmw-m5-g90-serie-5-g60-2024-20xx-pre-lci-angel-eyes\/"]}]},{"@type":"ImageObject","inLanguage":"en-US","@id":"https:\/\/macote.fr\/produit\/led-drl-phares-jaunes-bmw-m5-g90-serie-5-g60-2024-20xx-pre-lci-angel-eyes\/#primaryimage","url":"https:\/\/macote.fr\/wp-content\/uploads\/2025\/03\/BMW-M5-G90-LED-DRL-jaunes-2025.jpg","contentUrl":"https:\/\/macote.fr\/wp-content\/uploads\/2025\/03\/BMW-M5-G90-LED-DRL-jaunes-2025.jpg","width":1440,"height":960,"caption":"BMW M5 G90 LED DRL jaunes 2025"},{"@type":"BreadcrumbList","@id":"https:\/\/macote.fr\/produit\/led-drl-phares-jaunes-bmw-m5-g90-serie-5-g60-2024-20xx-pre-lci-angel-eyes\/#breadcrumb","itemListElement":[{"@type":"ListItem","position":1,"name":"Accueil","item":"https:\/\/macote.fr\/"},{"@type":"ListItem","position":2,"name":"Boutique","item":"https:\/\/macote.fr\/boutique\/"},{"@type":"ListItem","position":3,"name":"LED DRL &#8211; Phares Jaunes &#8211; BMW M5 G90 &#038; S\u00e9rie 5 G60 (2024-20XX) pr\u00e9 LCI &#8211; Angel Eyes"}]},{"@type":"WebSite","@id":"https:\/\/macote.fr\/#website","url":"https:\/\/macote.fr\/","name":"MyQuote.com","description":"BMW best accessories","publisher":{"@id":"https:\/\/macote.fr\/#organization"},"alternateName":"BMW tuning","potentialAction":[{"@type":"SearchAction","target":{"@type":"EntryPoint","urlTemplate":"https:\/\/macote.fr\/?s={search_term_string}"},"query-input":{"@type":"PropertyValueSpecification","valueRequired":true,"valueName":"search_term_string"}}],"inLanguage":"en-US"},{"@type":"Organization","@id":"https:\/\/macote.fr\/#organization","name":"Macote.fr","alternateName":"BMW tuning","url":"https:\/\/macote.fr\/","logo":{"@type":"ImageObject","inLanguage":"en-US","@id":"https:\/\/macote.fr\/#\/schema\/logo\/image\/","url":"https:\/\/macote.fr\/wp-content\/uploads\/2023\/11\/LOGO-macote.fr-dessin-bmw-noir-copy.jpg","contentUrl":"https:\/\/macote.fr\/wp-content\/uploads\/2023\/11\/LOGO-macote.fr-dessin-bmw-noir-copy.jpg","width":732,"height":456,"caption":"Macote.fr"},"image":{"@id":"https:\/\/macote.fr\/#\/schema\/logo\/image\/"},"sameAs":["https:\/\/www.facebook.com\/profile.php?id=100091476586119","https:\/\/www.youtube.com\/channel\/UCgO-YTbaxYO-w_C5GfL-_1w","https:\/\/www.tiktok.com\/@macote.fr?is_from_webapp=1&sender_device=pc","https:\/\/www.instagram.com\/i_xila_i\/"]}]}},"_links":{"self":[{"href":"https:\/\/macote.fr\/en\/wp-json\/wp\/v2\/product\/5737","targetHints":{"allow":["GET"]}}],"collection":[{"href":"https:\/\/macote.fr\/en\/wp-json\/wp\/v2\/product"}],"about":[{"href":"https:\/\/macote.fr\/en\/wp-json\/wp\/v2\/types\/product"}],"replies":[{"embeddable":true,"href":"https:\/\/macote.fr\/en\/wp-json\/wp\/v2\/comments?post=5737"}],"wp:featuredmedia":[{"embeddable":true,"href":"https:\/\/macote.fr\/en\/wp-json\/wp\/v2\/media\/5745"}],"wp:attachment":[{"href":"https:\/\/macote.fr\/en\/wp-json\/wp\/v2\/media?parent=5737"}],"wp:term":[{"taxonomy":"product_brand","embeddable":true,"href":"https:\/\/macote.fr\/en\/wp-json\/wp\/v2\/product_brand?post=5737"},{"taxonomy":"product_cat","embeddable":true,"href":"https:\/\/macote.fr\/en\/wp-json\/wp\/v2\/product_cat?post=5737"},{"taxonomy":"product_tag","embeddable":true,"href":"https:\/\/macote.fr\/en\/wp-json\/wp\/v2\/product_tag?post=5737"}],"curies":[{"name":"wp","href":"https:\/\/api.w.org\/{rel}","templated":true}]}}