{"id":6396,"date":"2025-05-24T21:36:02","date_gmt":"2025-05-24T19:36:02","guid":{"rendered":"https:\/\/macote.fr\/?post_type=product&#038;p=6396"},"modified":"2025-09-14T11:38:59","modified_gmt":"2025-09-14T09:38:59","slug":"iphone-hull-carbon-forge-magsafe","status":"publish","type":"product","link":"https:\/\/macote.fr\/en\/product\/iphone-hull-carbon-forge-magsafe\/","title":{"rendered":"Iphone Forged Carbon Case - MagSafe"},"content":{"rendered":"<h1 style=\"text-align: center;\" data-start=\"253\" data-end=\"306\"><strong data-start=\"259\" data-end=\"304\">iPhone case\u00a0<\/strong><strong data-start=\"259\" data-end=\"304\">Forged carbon - MagSafe<\/strong><\/h1>\n<p data-start=\"307\" data-end=\"335\"><strong data-start=\"307\" data-end=\"335\">MACOTE Motorsport Series :<\/strong><\/p>\n<p data-start=\"337\" data-end=\"386\"><strong data-start=\"337\" data-end=\"386\">Born for performance. Built for style.<\/strong><\/p>\n<p data-start=\"388\" data-end=\"750\">Immerse yourself in the world of technical design and mechanical precision with our Forged Carbon case, an exceptional iPhone case directly inspired by the materials used in the rarest supercars. Each one features a <strong data-start=\"631\" data-end=\"661\">unique forged carbon pattern<\/strong><\/p>\n<hr data-start=\"752\" data-end=\"755\" \/>\n<h3 data-start=\"757\" data-end=\"797\">\u00a0<strong data-start=\"763\" data-end=\"797\">Main features :<\/strong><\/h3>\n<ul data-start=\"799\" data-end=\"1252\">\n<li data-start=\"799\" data-end=\"900\">\n<p data-start=\"801\" data-end=\"900\"><strong data-start=\"801\" data-end=\"836\">Premium forged carbon design<\/strong><\/p>\n<\/li>\n<li data-start=\"902\" data-end=\"1037\">\n<p data-start=\"904\" data-end=\"1037\"><strong data-start=\"904\" data-end=\"938\">Integrated MagSafe compatibility<\/strong><br data-start=\"938\" data-end=\"941\" \/>Perfect fit with all MagSafe Apple accessories (chargers, card holders, brackets, etc.)<\/p>\n<\/li>\n<li data-start=\"1039\" data-end=\"1154\">\n<p data-start=\"1041\" data-end=\"1154\"><strong data-start=\"1041\" data-end=\"1065\">Integral protection<\/strong><br data-start=\"1065\" data-end=\"1068\" \/>Rigid structure, reinforced edges, shock absorption, soft anti-scratch interior<\/p>\n<\/li>\n<li data-start=\"1156\" data-end=\"1252\">\n<p data-start=\"1158\" data-end=\"1252\"><strong data-start=\"1158\" data-end=\"1182\">Precision cutting<\/strong><br data-start=\"1182\" data-end=\"1185\" \/>Uncompromising, seamless access to all buttons, ports and cameras<\/p>\n<\/li>\n<\/ul>\n<hr data-start=\"1950\" data-end=\"1953\" \/>\n<h3 data-start=\"1955\" data-end=\"2003\">Compatibility :<\/h3>\n<p><strong>Please note that the images are for illustration purposes only. Even if the photos show an iPhone 16 Pro case, you will receive the correct case for the model you have chosen.<\/strong><\/p>\n<p>Iphone 17 Air; iPhone 17; iPhone 17 pro; iPhone 17 Pro Max<\/p>\n<p>iPhone 16 Pro Max; iPhone 16 Pro; iPhone 16 Plus; iPhone 16<\/p>\n<p>iPhone 15 Pro Max; iPhone 15 Pro; iPhone 15 Plus; iPhone 15;<\/p>\n<p>iPhone 14 Pro Max; iPhone 14 Pro; iPhone 14 Plus; iPhone 14<\/p>\n<p>iPhone 13 Pro Max; iPhone 13 Pro; iPhone 13 Mini; iPhone 13;<\/p>\n<p>iPhone 12 Pro Max; iPhone 12 Pro; iPhone 12 Mini; iPhone 12<\/p>\n<hr data-start=\"1254\" data-end=\"1257\" \/>\n<h3 data-start=\"1259\" data-end=\"1310\"><strong data-start=\"1266\" data-end=\"1310\">The Motorsport spirit. Always with you.<\/strong><\/h3>\n<p data-start=\"1312\" data-end=\"1598\">Designed for high-performance motorsport enthusiasts, this shell embodies the fusion of radical style and absolute functionality. Whether you're on the road, in a meeting or behind the wheel of your passion, our shells in <strong data-start=\"1532\" data-end=\"1554\">forged carbon<\/strong> accompanies you with<strong data-start=\"1576\" data-end=\"1597\"> elegance <\/strong>throughout your day.<\/p>","protected":false},"excerpt":{"rendered":"<p>Forged carbon iPhone cases with precious reflections, inspired by rare stones such as sapphire, emerald and obsidian. High-performance protection, unique design, premium finish.<\/p>","protected":false},"featured_media":6404,"comment_status":"open","ping_status":"closed","template":"","meta":{"_eb_attr":""},"product_brand":[],"product_cat":[263,271,275],"product_tag":[],"class_list":{"0":"post-6396","1":"product","2":"type-product","3":"status-publish","4":"has-post-thumbnail","6":"product_cat-bmw-accessoires-fibre-de-carbone","7":"product_cat-bmw-accessoires-quotidien","8":"product_cat-coques-de-protection","10":"first","11":"instock","12":"taxable","13":"shipping-taxable","14":"purchasable","15":"product-type-variable"},"yoast_head":"<!-- This site is optimized with the Yoast SEO Premium plugin v20.7 (Yoast SEO v27.4) - https:\/\/yoast.com\/product\/yoast-seo-premium-wordpress\/ -->\n<title>Coque Iphone Carbone forg\u00e9 - MagSafe - MaCote.fr<\/title>\n<meta name=\"description\" content=\"Des coques iPhone en carbone forg\u00e9 aux reflets pr\u00e9cieux, inspir\u00e9es de pierres rares comme le saphir, l\u2019\u00e9meraude ou l\u2019obsidienne. Protection haute performance, design unique, finition premium.\" \/>\n<meta name=\"robots\" content=\"index, follow, max-snippet:-1, max-image-preview:large, max-video-preview:-1\" \/>\n<link rel=\"canonical\" href=\"https:\/\/macote.fr\/en\/product\/iphone-hull-carbon-forge-magsafe\/\" \/>\n<meta property=\"og:locale\" content=\"en_US\" \/>\n<meta property=\"og:type\" content=\"article\" \/>\n<meta property=\"og:title\" content=\"Coque Iphone Carbone forg\u00e9 - MagSafe\" \/>\n<meta property=\"og:description\" content=\"Des coques iPhone en carbone forg\u00e9 aux reflets pr\u00e9cieux, inspir\u00e9es de pierres rares comme le saphir, l\u2019\u00e9meraude ou l\u2019obsidienne. Protection haute performance, design unique, finition premium.\" \/>\n<meta property=\"og:url\" content=\"https:\/\/macote.fr\/en\/product\/iphone-hull-carbon-forge-magsafe\/\" \/>\n<meta property=\"og:site_name\" content=\"MaCote.fr\" \/>\n<meta property=\"article:publisher\" content=\"https:\/\/www.facebook.com\/profile.php?id=100091476586119\" \/>\n<meta property=\"article:modified_time\" content=\"2025-09-14T09:38:59+00:00\" \/>\n<meta property=\"og:image\" content=\"https:\/\/macote.fr\/wp-content\/uploads\/2025\/05\/iphone-forged-new-gold_7c418b87-97d2-4695-a332-e93513fd7f6d.jpg\" \/>\n\t<meta property=\"og:image:width\" content=\"900\" \/>\n\t<meta property=\"og:image:height\" content=\"900\" \/>\n\t<meta property=\"og:image:type\" content=\"image\/jpeg\" \/>\n<meta name=\"twitter:card\" content=\"summary_large_image\" \/>\n<meta name=\"twitter:label1\" content=\"Est. reading time\" \/>\n\t<meta name=\"twitter:data1\" content=\"2 minutes\" \/>\n<script type=\"application\/ld+json\" class=\"yoast-schema-graph\">{\"@context\":\"https:\\\/\\\/schema.org\",\"@graph\":[{\"@type\":\"WebPage\",\"@id\":\"https:\\\/\\\/macote.fr\\\/produit\\\/coque-iphone-carbone-forge-magsafe\\\/\",\"url\":\"https:\\\/\\\/macote.fr\\\/produit\\\/coque-iphone-carbone-forge-magsafe\\\/\",\"name\":\"Coque Iphone Carbone forg\u00e9 - MagSafe - MaCote.fr\",\"isPartOf\":{\"@id\":\"https:\\\/\\\/macote.fr\\\/#website\"},\"primaryImageOfPage\":{\"@id\":\"https:\\\/\\\/macote.fr\\\/produit\\\/coque-iphone-carbone-forge-magsafe\\\/#primaryimage\"},\"image\":{\"@id\":\"https:\\\/\\\/macote.fr\\\/produit\\\/coque-iphone-carbone-forge-magsafe\\\/#primaryimage\"},\"thumbnailUrl\":\"https:\\\/\\\/macote.fr\\\/wp-content\\\/uploads\\\/2025\\\/05\\\/iphone-forged-new-gold_7c418b87-97d2-4695-a332-e93513fd7f6d.jpg\",\"datePublished\":\"2025-05-24T19:36:02+00:00\",\"dateModified\":\"2025-09-14T09:38:59+00:00\",\"description\":\"Des coques iPhone en carbone forg\u00e9 aux reflets pr\u00e9cieux, inspir\u00e9es de pierres rares comme le saphir, l\u2019\u00e9meraude ou l\u2019obsidienne. Protection haute performance, design unique, finition premium.\",\"breadcrumb\":{\"@id\":\"https:\\\/\\\/macote.fr\\\/produit\\\/coque-iphone-carbone-forge-magsafe\\\/#breadcrumb\"},\"inLanguage\":\"en-US\",\"potentialAction\":[{\"@type\":\"ReadAction\",\"target\":[\"https:\\\/\\\/macote.fr\\\/produit\\\/coque-iphone-carbone-forge-magsafe\\\/\"]}]},{\"@type\":\"ImageObject\",\"inLanguage\":\"en-US\",\"@id\":\"https:\\\/\\\/macote.fr\\\/produit\\\/coque-iphone-carbone-forge-magsafe\\\/#primaryimage\",\"url\":\"https:\\\/\\\/macote.fr\\\/wp-content\\\/uploads\\\/2025\\\/05\\\/iphone-forged-new-gold_7c418b87-97d2-4695-a332-e93513fd7f6d.jpg\",\"contentUrl\":\"https:\\\/\\\/macote.fr\\\/wp-content\\\/uploads\\\/2025\\\/05\\\/iphone-forged-new-gold_7c418b87-97d2-4695-a332-e93513fd7f6d.jpg\",\"width\":900,\"height\":900,\"caption\":\"Coque iPhone Carbone Forg\u00e9e OR - MagSafe\"},{\"@type\":\"BreadcrumbList\",\"@id\":\"https:\\\/\\\/macote.fr\\\/produit\\\/coque-iphone-carbone-forge-magsafe\\\/#breadcrumb\",\"itemListElement\":[{\"@type\":\"ListItem\",\"position\":1,\"name\":\"Accueil\",\"item\":\"https:\\\/\\\/macote.fr\\\/\"},{\"@type\":\"ListItem\",\"position\":2,\"name\":\"Boutique\",\"item\":\"https:\\\/\\\/macote.fr\\\/boutique\\\/\"},{\"@type\":\"ListItem\",\"position\":3,\"name\":\"Coque Iphone Carbone forg\u00e9 &#8211; MagSafe\"}]},{\"@type\":\"WebSite\",\"@id\":\"https:\\\/\\\/macote.fr\\\/#website\",\"url\":\"https:\\\/\\\/macote.fr\\\/\",\"name\":\"MaCote.fr\",\"description\":\"BMW best accessories\",\"publisher\":{\"@id\":\"https:\\\/\\\/macote.fr\\\/#organization\"},\"alternateName\":\"BMW tuning\",\"potentialAction\":[{\"@type\":\"SearchAction\",\"target\":{\"@type\":\"EntryPoint\",\"urlTemplate\":\"https:\\\/\\\/macote.fr\\\/?s={search_term_string}\"},\"query-input\":{\"@type\":\"PropertyValueSpecification\",\"valueRequired\":true,\"valueName\":\"search_term_string\"}}],\"inLanguage\":\"en-US\"},{\"@type\":\"Organization\",\"@id\":\"https:\\\/\\\/macote.fr\\\/#organization\",\"name\":\"Macote.fr\",\"alternateName\":\"BMW tuning\",\"url\":\"https:\\\/\\\/macote.fr\\\/\",\"logo\":{\"@type\":\"ImageObject\",\"inLanguage\":\"en-US\",\"@id\":\"https:\\\/\\\/macote.fr\\\/#\\\/schema\\\/logo\\\/image\\\/\",\"url\":\"https:\\\/\\\/macote.fr\\\/wp-content\\\/uploads\\\/2023\\\/11\\\/LOGO-macote.fr-dessin-bmw-noir-copy.jpg\",\"contentUrl\":\"https:\\\/\\\/macote.fr\\\/wp-content\\\/uploads\\\/2023\\\/11\\\/LOGO-macote.fr-dessin-bmw-noir-copy.jpg\",\"width\":732,\"height\":456,\"caption\":\"Macote.fr\"},\"image\":{\"@id\":\"https:\\\/\\\/macote.fr\\\/#\\\/schema\\\/logo\\\/image\\\/\"},\"sameAs\":[\"https:\\\/\\\/www.facebook.com\\\/profile.php?id=100091476586119\",\"https:\\\/\\\/www.youtube.com\\\/channel\\\/UCgO-YTbaxYO-w_C5GfL-_1w\",\"https:\\\/\\\/www.tiktok.com\\\/@macote.fr?is_from_webapp=1&sender_device=pc\",\"https:\\\/\\\/www.instagram.com\\\/i_xila_i\\\/\"]}]}<\/script>\n<!-- \/ Yoast SEO Premium plugin. -->","yoast_head_json":{"title":"Iphone Forged Carbon Case - MagSafe - MaCote.fr","description":"Forged carbon iPhone cases with precious reflections, inspired by rare stones such as sapphire, emerald and obsidian. High-performance protection, unique design, premium finish.","robots":{"index":"index","follow":"follow","max-snippet":"max-snippet:-1","max-image-preview":"max-image-preview:large","max-video-preview":"max-video-preview:-1"},"canonical":"https:\/\/macote.fr\/en\/product\/iphone-hull-carbon-forge-magsafe\/","og_locale":"en_US","og_type":"article","og_title":"Coque Iphone Carbone forg\u00e9 - MagSafe","og_description":"Des coques iPhone en carbone forg\u00e9 aux reflets pr\u00e9cieux, inspir\u00e9es de pierres rares comme le saphir, l\u2019\u00e9meraude ou l\u2019obsidienne. Protection haute performance, design unique, finition premium.","og_url":"https:\/\/macote.fr\/en\/product\/iphone-hull-carbon-forge-magsafe\/","og_site_name":"MaCote.fr","article_publisher":"https:\/\/www.facebook.com\/profile.php?id=100091476586119","article_modified_time":"2025-09-14T09:38:59+00:00","og_image":[{"width":900,"height":900,"url":"https:\/\/macote.fr\/wp-content\/uploads\/2025\/05\/iphone-forged-new-gold_7c418b87-97d2-4695-a332-e93513fd7f6d.jpg","type":"image\/jpeg"}],"twitter_card":"summary_large_image","twitter_misc":{"Est. reading time":"2 minutes"},"schema":{"@context":"https:\/\/schema.org","@graph":[{"@type":"WebPage","@id":"https:\/\/macote.fr\/produit\/coque-iphone-carbone-forge-magsafe\/","url":"https:\/\/macote.fr\/produit\/coque-iphone-carbone-forge-magsafe\/","name":"Iphone Forged Carbon Case - MagSafe - MaCote.fr","isPartOf":{"@id":"https:\/\/macote.fr\/#website"},"primaryImageOfPage":{"@id":"https:\/\/macote.fr\/produit\/coque-iphone-carbone-forge-magsafe\/#primaryimage"},"image":{"@id":"https:\/\/macote.fr\/produit\/coque-iphone-carbone-forge-magsafe\/#primaryimage"},"thumbnailUrl":"https:\/\/macote.fr\/wp-content\/uploads\/2025\/05\/iphone-forged-new-gold_7c418b87-97d2-4695-a332-e93513fd7f6d.jpg","datePublished":"2025-05-24T19:36:02+00:00","dateModified":"2025-09-14T09:38:59+00:00","description":"Forged carbon iPhone cases with precious reflections, inspired by rare stones such as sapphire, emerald and obsidian. High-performance protection, unique design, premium finish.","breadcrumb":{"@id":"https:\/\/macote.fr\/produit\/coque-iphone-carbone-forge-magsafe\/#breadcrumb"},"inLanguage":"en-US","potentialAction":[{"@type":"ReadAction","target":["https:\/\/macote.fr\/produit\/coque-iphone-carbone-forge-magsafe\/"]}]},{"@type":"ImageObject","inLanguage":"en-US","@id":"https:\/\/macote.fr\/produit\/coque-iphone-carbone-forge-magsafe\/#primaryimage","url":"https:\/\/macote.fr\/wp-content\/uploads\/2025\/05\/iphone-forged-new-gold_7c418b87-97d2-4695-a332-e93513fd7f6d.jpg","contentUrl":"https:\/\/macote.fr\/wp-content\/uploads\/2025\/05\/iphone-forged-new-gold_7c418b87-97d2-4695-a332-e93513fd7f6d.jpg","width":900,"height":900,"caption":"Coque iPhone Carbone Forg\u00e9e OR - MagSafe"},{"@type":"BreadcrumbList","@id":"https:\/\/macote.fr\/produit\/coque-iphone-carbone-forge-magsafe\/#breadcrumb","itemListElement":[{"@type":"ListItem","position":1,"name":"Accueil","item":"https:\/\/macote.fr\/"},{"@type":"ListItem","position":2,"name":"Boutique","item":"https:\/\/macote.fr\/boutique\/"},{"@type":"ListItem","position":3,"name":"Coque Iphone Carbone forg\u00e9 &#8211; MagSafe"}]},{"@type":"WebSite","@id":"https:\/\/macote.fr\/#website","url":"https:\/\/macote.fr\/","name":"MyQuote.com","description":"BMW best accessories","publisher":{"@id":"https:\/\/macote.fr\/#organization"},"alternateName":"BMW tuning","potentialAction":[{"@type":"SearchAction","target":{"@type":"EntryPoint","urlTemplate":"https:\/\/macote.fr\/?s={search_term_string}"},"query-input":{"@type":"PropertyValueSpecification","valueRequired":true,"valueName":"search_term_string"}}],"inLanguage":"en-US"},{"@type":"Organization","@id":"https:\/\/macote.fr\/#organization","name":"Macote.fr","alternateName":"BMW tuning","url":"https:\/\/macote.fr\/","logo":{"@type":"ImageObject","inLanguage":"en-US","@id":"https:\/\/macote.fr\/#\/schema\/logo\/image\/","url":"https:\/\/macote.fr\/wp-content\/uploads\/2023\/11\/LOGO-macote.fr-dessin-bmw-noir-copy.jpg","contentUrl":"https:\/\/macote.fr\/wp-content\/uploads\/2023\/11\/LOGO-macote.fr-dessin-bmw-noir-copy.jpg","width":732,"height":456,"caption":"Macote.fr"},"image":{"@id":"https:\/\/macote.fr\/#\/schema\/logo\/image\/"},"sameAs":["https:\/\/www.facebook.com\/profile.php?id=100091476586119","https:\/\/www.youtube.com\/channel\/UCgO-YTbaxYO-w_C5GfL-_1w","https:\/\/www.tiktok.com\/@macote.fr?is_from_webapp=1&sender_device=pc","https:\/\/www.instagram.com\/i_xila_i\/"]}]}},"_links":{"self":[{"href":"https:\/\/macote.fr\/en\/wp-json\/wp\/v2\/product\/6396","targetHints":{"allow":["GET"]}}],"collection":[{"href":"https:\/\/macote.fr\/en\/wp-json\/wp\/v2\/product"}],"about":[{"href":"https:\/\/macote.fr\/en\/wp-json\/wp\/v2\/types\/product"}],"replies":[{"embeddable":true,"href":"https:\/\/macote.fr\/en\/wp-json\/wp\/v2\/comments?post=6396"}],"wp:featuredmedia":[{"embeddable":true,"href":"https:\/\/macote.fr\/en\/wp-json\/wp\/v2\/media\/6404"}],"wp:attachment":[{"href":"https:\/\/macote.fr\/en\/wp-json\/wp\/v2\/media?parent=6396"}],"wp:term":[{"taxonomy":"product_brand","embeddable":true,"href":"https:\/\/macote.fr\/en\/wp-json\/wp\/v2\/product_brand?post=6396"},{"taxonomy":"product_cat","embeddable":true,"href":"https:\/\/macote.fr\/en\/wp-json\/wp\/v2\/product_cat?post=6396"},{"taxonomy":"product_tag","embeddable":true,"href":"https:\/\/macote.fr\/en\/wp-json\/wp\/v2\/product_tag?post=6396"}],"curies":[{"name":"wp","href":"https:\/\/api.w.org\/{rel}","templated":true}]}}