{"id":6428,"date":"2025-05-28T14:56:24","date_gmt":"2025-05-28T12:56:24","guid":{"rendered":"https:\/\/macote.fr\/?post_type=product&#038;p=6428"},"modified":"2025-09-18T21:44:05","modified_gmt":"2025-09-18T19:44:05","slug":"iphone-carbon-fiber-hull-magsafe-braid","status":"publish","type":"product","link":"https:\/\/macote.fr\/en\/product\/iphone-carbon-fiber-hull-magsafe-braid\/","title":{"rendered":"Braided Carbon Fiber Iphone Case - MagSafe"},"content":{"rendered":"<h1 data-start=\"225\" data-end=\"300\">Genuine Braided Carbon Fiber iPhone Case - MagSafe compatible<\/h1>\n<h3 data-start=\"302\" data-end=\"365\">The elegance of performance. Protection without compromise.<\/h3>\n<p data-start=\"367\" data-end=\"733\">Give your iPhone exceptional protection with our case in <strong data-start=\"436\" data-end=\"474\">genuine braided carbon fiber<\/strong>designed to combine <strong data-start=\"495\" data-end=\"531\">technology, style and strength<\/strong>. Inspired by the world <strong>automotive<\/strong> and aviation, each hull is made from a unique <strong data-start=\"619\" data-end=\"654\">quality carbon<\/strong>The result is extreme lightness, unrivalled sturdiness and a unique look.<\/p>\n<hr data-start=\"735\" data-end=\"738\" \/>\n<h3 data-start=\"740\" data-end=\"760\">Highlights :<\/h3>\n<ul data-start=\"761\" data-end=\"1327\">\n<li data-start=\"761\" data-end=\"854\">\n<p data-start=\"763\" data-end=\"854\"><strong data-start=\"763\" data-end=\"789\">High-quality material<\/strong> Genuine 3K braided carbon fiber, rigid and ultra-light.<\/p>\n<\/li>\n<li data-start=\"855\" data-end=\"966\">\n<p data-start=\"857\" data-end=\"966\"><strong data-start=\"857\" data-end=\"880\">Handcrafted finish<\/strong> Visible weave under glossy resin, offering remarkable visual depth.<\/p>\n<\/li>\n<li data-start=\"967\" data-end=\"1102\">\n<p data-start=\"969\" data-end=\"1102\"><strong data-start=\"969\" data-end=\"995\">MagSafe compatibility<\/strong>\u00a0Perfectly integrated for fast charging and secure attachment to all MagSafe accessories.<\/p>\n<\/li>\n<li data-start=\"1103\" data-end=\"1226\">\n<p data-start=\"1105\" data-end=\"1226\"><strong data-start=\"1105\" data-end=\"1129\">Optimized protection<\/strong> Reinforced polycarbonate edges, absorbent corners and a precise cut-out for the camera.<\/p>\n<\/li>\n<li data-start=\"1227\" data-end=\"1327\">\n<p data-start=\"1229\" data-end=\"1327\"><strong data-start=\"1229\" data-end=\"1262\">Refined, minimalist design<\/strong> Slim, rigid and perfectly fitted to your iPhone model.<\/p>\n<\/li>\n<\/ul>\n<hr data-start=\"1329\" data-end=\"1332\" \/>\n<h3 data-start=\"1334\" data-end=\"1385\">Available in several exclusive colors:<\/h3>\n<ul data-start=\"1386\" data-end=\"1773\">\n<li data-start=\"1386\" data-end=\"1456\">\n<p data-start=\"1388\" data-end=\"1456\"><strong data-start=\"1388\" data-end=\"1401\">Classic<\/strong> Pure black carbon fiber - sober and timeless.<\/p>\n<\/li>\n<li data-start=\"1457\" data-end=\"1515\">\n<p data-start=\"1459\" data-end=\"1515\"><strong data-start=\"1459\" data-end=\"1472\">Amethyst<\/strong> black and purple - boldly elegant.<\/p>\n<\/li>\n<li data-start=\"1516\" data-end=\"1568\">\n<p data-start=\"1518\" data-end=\"1568\"><strong data-start=\"1518\" data-end=\"1530\">Emerald<\/strong> black and green - original and vibrant.<\/p>\n<\/li>\n<li data-start=\"1569\" data-end=\"1615\">\n<p data-start=\"1571\" data-end=\"1615\"><strong data-start=\"1571\" data-end=\"1577\">Gold<\/strong> black and yellow - luxurious and sporty.<\/p>\n<\/li>\n<li data-start=\"1616\" data-end=\"1664\">\n<p data-start=\"1618\" data-end=\"1664\"><strong data-start=\"1618\" data-end=\"1627\">Ruby<\/strong> black and red - dynamic and racy.<\/p>\n<\/li>\n<li data-start=\"1665\" data-end=\"1714\">\n<p data-start=\"1667\" data-end=\"1714\"><strong data-start=\"1667\" data-end=\"1677\">Sapphire<\/strong> black and blue - modern and refined.<\/p>\n<\/li>\n<li data-start=\"1715\" data-end=\"1773\">\n<p data-start=\"1717\" data-end=\"1773\"><strong data-start=\"1717\" data-end=\"1727\">Silver<\/strong> Black and light grey - neutral and sophisticated.<\/p>\n<\/li>\n<\/ul>\n<p>&nbsp;<\/p>\n<hr data-start=\"1950\" data-end=\"1953\" \/>\n<h3 data-start=\"1955\" data-end=\"2003\">Compatibility :<\/h3>\n<p><strong>Please note that the images are for illustration purposes only. Even if the photos show an iPhone 16 Pro case, you will receive the correct case for the model you have chosen.<\/strong><\/p>\n<p>Iphone 17 Air; iPhone 17; iPhone 17 pro; iPhone 17 Pro Max<\/p>\n<p>iPhone 16 Pro Max; iPhone 16 Pro; iPhone 16 Plus; iPhone 16<\/p>\n<p>iPhone 15 Pro Max; iPhone 15 Pro; iPhone 15 Plus; iPhone 15;<\/p>\n<p>iPhone 14 Pro Max; iPhone 14 Pro; iPhone 14 Plus; iPhone 14<\/p>\n<p>iPhone 13 Pro Max; iPhone 13 Pro; iPhone 13 Mini; iPhone 13;<\/p>\n<p>iPhone 12 Pro Max; iPhone 12 Pro; iPhone 12 Mini; iPhone 12<\/p>\n<hr data-start=\"1950\" data-end=\"1953\" \/>\n<h3 data-start=\"1955\" data-end=\"2003\">Why choose real carbon fiber?<\/h3>\n<p data-start=\"2004\" data-end=\"2276\">Unlike plastic or vinyl imitations, our shell is made of a special <strong data-start=\"2081\" data-end=\"2111\">genuine carbon fiber<\/strong>the same material used in supercars. The result: a unique feel, superior resistance to torsion, and a premium look that lasts.<\/p>","protected":false},"excerpt":{"rendered":"<p>Forged carbon iPhone cases with precious reflections, inspired by rare stones such as sapphire, emerald and obsidian. High-performance protection, unique design, premium finish.<\/p>","protected":false},"featured_media":6449,"comment_status":"open","ping_status":"closed","template":"","meta":{"_eb_attr":""},"product_brand":[],"product_cat":[263,271,275],"product_tag":[],"class_list":{"0":"post-6428","1":"product","2":"type-product","3":"status-publish","4":"has-post-thumbnail","6":"product_cat-bmw-accessoires-fibre-de-carbone","7":"product_cat-bmw-accessoires-quotidien","8":"product_cat-coques-de-protection","10":"first","11":"instock","12":"taxable","13":"shipping-taxable","14":"purchasable","15":"product-type-variable"},"yoast_head":"<!-- This site is optimized with the Yoast SEO Premium plugin v20.7 (Yoast SEO v27.4) - https:\/\/yoast.com\/product\/yoast-seo-premium-wordpress\/ -->\n<title>Coque Iphone Fibre de carbone tress\u00e9 - MagSafe - MaCote.fr<\/title>\n<meta name=\"description\" content=\"Des coques iPhone en Fibre de carbone tress\u00e9 aux reflets pr\u00e9cieux, inspir\u00e9es de pierres rares comme le saphir, l\u2019\u00e9meraude ou l\u2019obsidienne. Protection haute performance, design unique, finition premium.\" \/>\n<meta name=\"robots\" content=\"index, follow, max-snippet:-1, max-image-preview:large, max-video-preview:-1\" \/>\n<link rel=\"canonical\" href=\"https:\/\/macote.fr\/en\/product\/iphone-carbon-fiber-hull-magsafe-braid\/\" \/>\n<meta property=\"og:locale\" content=\"en_US\" \/>\n<meta property=\"og:type\" content=\"article\" \/>\n<meta property=\"og:title\" content=\"Coque Iphone Fibre de carbone tress\u00e9 - MagSafe\" \/>\n<meta property=\"og:description\" content=\"Des coques iPhone en Fibre de carbone tress\u00e9 aux reflets pr\u00e9cieux, inspir\u00e9es de pierres rares comme le saphir, l\u2019\u00e9meraude ou l\u2019obsidienne. Protection haute performance, design unique, finition premium.\" \/>\n<meta property=\"og:url\" content=\"https:\/\/macote.fr\/en\/product\/iphone-carbon-fiber-hull-magsafe-braid\/\" \/>\n<meta property=\"og:site_name\" content=\"MaCote.fr\" \/>\n<meta property=\"article:publisher\" content=\"https:\/\/www.facebook.com\/profile.php?id=100091476586119\" \/>\n<meta property=\"article:modified_time\" content=\"2025-09-18T19:44:05+00:00\" \/>\n<meta property=\"og:image\" content=\"https:\/\/macote.fr\/wp-content\/uploads\/2025\/05\/Carbone-Fiber-Iphone-Case-Silver.jpg\" \/>\n\t<meta property=\"og:image:width\" content=\"900\" \/>\n\t<meta property=\"og:image:height\" content=\"900\" \/>\n\t<meta property=\"og:image:type\" content=\"image\/jpeg\" \/>\n<meta name=\"twitter:card\" content=\"summary_large_image\" \/>\n<meta name=\"twitter:label1\" content=\"Est. reading time\" \/>\n\t<meta name=\"twitter:data1\" content=\"2 minutes\" \/>\n<script type=\"application\/ld+json\" class=\"yoast-schema-graph\">{\"@context\":\"https:\\\/\\\/schema.org\",\"@graph\":[{\"@type\":\"WebPage\",\"@id\":\"https:\\\/\\\/macote.fr\\\/produit\\\/coque-iphone-fibre-de-carbone-tresse-magsafe\\\/\",\"url\":\"https:\\\/\\\/macote.fr\\\/produit\\\/coque-iphone-fibre-de-carbone-tresse-magsafe\\\/\",\"name\":\"Coque Iphone Fibre de carbone tress\u00e9 - MagSafe - MaCote.fr\",\"isPartOf\":{\"@id\":\"https:\\\/\\\/macote.fr\\\/#website\"},\"primaryImageOfPage\":{\"@id\":\"https:\\\/\\\/macote.fr\\\/produit\\\/coque-iphone-fibre-de-carbone-tresse-magsafe\\\/#primaryimage\"},\"image\":{\"@id\":\"https:\\\/\\\/macote.fr\\\/produit\\\/coque-iphone-fibre-de-carbone-tresse-magsafe\\\/#primaryimage\"},\"thumbnailUrl\":\"https:\\\/\\\/macote.fr\\\/wp-content\\\/uploads\\\/2025\\\/05\\\/Carbone-Fiber-Iphone-Case-Silver.jpg\",\"datePublished\":\"2025-05-28T12:56:24+00:00\",\"dateModified\":\"2025-09-18T19:44:05+00:00\",\"description\":\"Des coques iPhone en Fibre de carbone tress\u00e9 aux reflets pr\u00e9cieux, inspir\u00e9es de pierres rares comme le saphir, l\u2019\u00e9meraude ou l\u2019obsidienne. Protection haute performance, design unique, finition premium.\",\"breadcrumb\":{\"@id\":\"https:\\\/\\\/macote.fr\\\/produit\\\/coque-iphone-fibre-de-carbone-tresse-magsafe\\\/#breadcrumb\"},\"inLanguage\":\"en-US\",\"potentialAction\":[{\"@type\":\"ReadAction\",\"target\":[\"https:\\\/\\\/macote.fr\\\/produit\\\/coque-iphone-fibre-de-carbone-tresse-magsafe\\\/\"]}]},{\"@type\":\"ImageObject\",\"inLanguage\":\"en-US\",\"@id\":\"https:\\\/\\\/macote.fr\\\/produit\\\/coque-iphone-fibre-de-carbone-tresse-magsafe\\\/#primaryimage\",\"url\":\"https:\\\/\\\/macote.fr\\\/wp-content\\\/uploads\\\/2025\\\/05\\\/Carbone-Fiber-Iphone-Case-Silver.jpg\",\"contentUrl\":\"https:\\\/\\\/macote.fr\\\/wp-content\\\/uploads\\\/2025\\\/05\\\/Carbone-Fiber-Iphone-Case-Silver.jpg\",\"width\":900,\"height\":900,\"caption\":\"Coque Iphone Fibre de carbone tress\u00e9 Argent\"},{\"@type\":\"BreadcrumbList\",\"@id\":\"https:\\\/\\\/macote.fr\\\/produit\\\/coque-iphone-fibre-de-carbone-tresse-magsafe\\\/#breadcrumb\",\"itemListElement\":[{\"@type\":\"ListItem\",\"position\":1,\"name\":\"Accueil\",\"item\":\"https:\\\/\\\/macote.fr\\\/\"},{\"@type\":\"ListItem\",\"position\":2,\"name\":\"Boutique\",\"item\":\"https:\\\/\\\/macote.fr\\\/boutique\\\/\"},{\"@type\":\"ListItem\",\"position\":3,\"name\":\"Coque Iphone Fibre de carbone tress\u00e9 &#8211; MagSafe\"}]},{\"@type\":\"WebSite\",\"@id\":\"https:\\\/\\\/macote.fr\\\/#website\",\"url\":\"https:\\\/\\\/macote.fr\\\/\",\"name\":\"MaCote.fr\",\"description\":\"BMW best accessories\",\"publisher\":{\"@id\":\"https:\\\/\\\/macote.fr\\\/#organization\"},\"alternateName\":\"BMW tuning\",\"potentialAction\":[{\"@type\":\"SearchAction\",\"target\":{\"@type\":\"EntryPoint\",\"urlTemplate\":\"https:\\\/\\\/macote.fr\\\/?s={search_term_string}\"},\"query-input\":{\"@type\":\"PropertyValueSpecification\",\"valueRequired\":true,\"valueName\":\"search_term_string\"}}],\"inLanguage\":\"en-US\"},{\"@type\":\"Organization\",\"@id\":\"https:\\\/\\\/macote.fr\\\/#organization\",\"name\":\"Macote.fr\",\"alternateName\":\"BMW tuning\",\"url\":\"https:\\\/\\\/macote.fr\\\/\",\"logo\":{\"@type\":\"ImageObject\",\"inLanguage\":\"en-US\",\"@id\":\"https:\\\/\\\/macote.fr\\\/#\\\/schema\\\/logo\\\/image\\\/\",\"url\":\"https:\\\/\\\/macote.fr\\\/wp-content\\\/uploads\\\/2023\\\/11\\\/LOGO-macote.fr-dessin-bmw-noir-copy.jpg\",\"contentUrl\":\"https:\\\/\\\/macote.fr\\\/wp-content\\\/uploads\\\/2023\\\/11\\\/LOGO-macote.fr-dessin-bmw-noir-copy.jpg\",\"width\":732,\"height\":456,\"caption\":\"Macote.fr\"},\"image\":{\"@id\":\"https:\\\/\\\/macote.fr\\\/#\\\/schema\\\/logo\\\/image\\\/\"},\"sameAs\":[\"https:\\\/\\\/www.facebook.com\\\/profile.php?id=100091476586119\",\"https:\\\/\\\/www.youtube.com\\\/channel\\\/UCgO-YTbaxYO-w_C5GfL-_1w\",\"https:\\\/\\\/www.tiktok.com\\\/@macote.fr?is_from_webapp=1&sender_device=pc\",\"https:\\\/\\\/www.instagram.com\\\/i_xila_i\\\/\"]}]}<\/script>\n<!-- \/ Yoast SEO Premium plugin. -->","yoast_head_json":{"title":"Braided carbon fiber Iphone shell - MagSafe - MaCote.fr","description":"iPhone cases in woven carbon fiber with precious reflections, inspired by rare stones such as sapphire, emerald or obsidian. High-performance protection, unique design, premium finish.","robots":{"index":"index","follow":"follow","max-snippet":"max-snippet:-1","max-image-preview":"max-image-preview:large","max-video-preview":"max-video-preview:-1"},"canonical":"https:\/\/macote.fr\/en\/product\/iphone-carbon-fiber-hull-magsafe-braid\/","og_locale":"en_US","og_type":"article","og_title":"Coque Iphone Fibre de carbone tress\u00e9 - MagSafe","og_description":"Des coques iPhone en Fibre de carbone tress\u00e9 aux reflets pr\u00e9cieux, inspir\u00e9es de pierres rares comme le saphir, l\u2019\u00e9meraude ou l\u2019obsidienne. Protection haute performance, design unique, finition premium.","og_url":"https:\/\/macote.fr\/en\/product\/iphone-carbon-fiber-hull-magsafe-braid\/","og_site_name":"MaCote.fr","article_publisher":"https:\/\/www.facebook.com\/profile.php?id=100091476586119","article_modified_time":"2025-09-18T19:44:05+00:00","og_image":[{"width":900,"height":900,"url":"https:\/\/macote.fr\/wp-content\/uploads\/2025\/05\/Carbone-Fiber-Iphone-Case-Silver.jpg","type":"image\/jpeg"}],"twitter_card":"summary_large_image","twitter_misc":{"Est. reading time":"2 minutes"},"schema":{"@context":"https:\/\/schema.org","@graph":[{"@type":"WebPage","@id":"https:\/\/macote.fr\/produit\/coque-iphone-fibre-de-carbone-tresse-magsafe\/","url":"https:\/\/macote.fr\/produit\/coque-iphone-fibre-de-carbone-tresse-magsafe\/","name":"Braided carbon fiber Iphone shell - MagSafe - MaCote.fr","isPartOf":{"@id":"https:\/\/macote.fr\/#website"},"primaryImageOfPage":{"@id":"https:\/\/macote.fr\/produit\/coque-iphone-fibre-de-carbone-tresse-magsafe\/#primaryimage"},"image":{"@id":"https:\/\/macote.fr\/produit\/coque-iphone-fibre-de-carbone-tresse-magsafe\/#primaryimage"},"thumbnailUrl":"https:\/\/macote.fr\/wp-content\/uploads\/2025\/05\/Carbone-Fiber-Iphone-Case-Silver.jpg","datePublished":"2025-05-28T12:56:24+00:00","dateModified":"2025-09-18T19:44:05+00:00","description":"iPhone cases in woven carbon fiber with precious reflections, inspired by rare stones such as sapphire, emerald or obsidian. High-performance protection, unique design, premium finish.","breadcrumb":{"@id":"https:\/\/macote.fr\/produit\/coque-iphone-fibre-de-carbone-tresse-magsafe\/#breadcrumb"},"inLanguage":"en-US","potentialAction":[{"@type":"ReadAction","target":["https:\/\/macote.fr\/produit\/coque-iphone-fibre-de-carbone-tresse-magsafe\/"]}]},{"@type":"ImageObject","inLanguage":"en-US","@id":"https:\/\/macote.fr\/produit\/coque-iphone-fibre-de-carbone-tresse-magsafe\/#primaryimage","url":"https:\/\/macote.fr\/wp-content\/uploads\/2025\/05\/Carbone-Fiber-Iphone-Case-Silver.jpg","contentUrl":"https:\/\/macote.fr\/wp-content\/uploads\/2025\/05\/Carbone-Fiber-Iphone-Case-Silver.jpg","width":900,"height":900,"caption":"Coque Iphone Fibre de carbone tress\u00e9 Argent"},{"@type":"BreadcrumbList","@id":"https:\/\/macote.fr\/produit\/coque-iphone-fibre-de-carbone-tresse-magsafe\/#breadcrumb","itemListElement":[{"@type":"ListItem","position":1,"name":"Accueil","item":"https:\/\/macote.fr\/"},{"@type":"ListItem","position":2,"name":"Boutique","item":"https:\/\/macote.fr\/boutique\/"},{"@type":"ListItem","position":3,"name":"Coque Iphone Fibre de carbone tress\u00e9 &#8211; MagSafe"}]},{"@type":"WebSite","@id":"https:\/\/macote.fr\/#website","url":"https:\/\/macote.fr\/","name":"MyQuote.com","description":"BMW best accessories","publisher":{"@id":"https:\/\/macote.fr\/#organization"},"alternateName":"BMW tuning","potentialAction":[{"@type":"SearchAction","target":{"@type":"EntryPoint","urlTemplate":"https:\/\/macote.fr\/?s={search_term_string}"},"query-input":{"@type":"PropertyValueSpecification","valueRequired":true,"valueName":"search_term_string"}}],"inLanguage":"en-US"},{"@type":"Organization","@id":"https:\/\/macote.fr\/#organization","name":"Macote.fr","alternateName":"BMW tuning","url":"https:\/\/macote.fr\/","logo":{"@type":"ImageObject","inLanguage":"en-US","@id":"https:\/\/macote.fr\/#\/schema\/logo\/image\/","url":"https:\/\/macote.fr\/wp-content\/uploads\/2023\/11\/LOGO-macote.fr-dessin-bmw-noir-copy.jpg","contentUrl":"https:\/\/macote.fr\/wp-content\/uploads\/2023\/11\/LOGO-macote.fr-dessin-bmw-noir-copy.jpg","width":732,"height":456,"caption":"Macote.fr"},"image":{"@id":"https:\/\/macote.fr\/#\/schema\/logo\/image\/"},"sameAs":["https:\/\/www.facebook.com\/profile.php?id=100091476586119","https:\/\/www.youtube.com\/channel\/UCgO-YTbaxYO-w_C5GfL-_1w","https:\/\/www.tiktok.com\/@macote.fr?is_from_webapp=1&sender_device=pc","https:\/\/www.instagram.com\/i_xila_i\/"]}]}},"_links":{"self":[{"href":"https:\/\/macote.fr\/en\/wp-json\/wp\/v2\/product\/6428","targetHints":{"allow":["GET"]}}],"collection":[{"href":"https:\/\/macote.fr\/en\/wp-json\/wp\/v2\/product"}],"about":[{"href":"https:\/\/macote.fr\/en\/wp-json\/wp\/v2\/types\/product"}],"replies":[{"embeddable":true,"href":"https:\/\/macote.fr\/en\/wp-json\/wp\/v2\/comments?post=6428"}],"wp:featuredmedia":[{"embeddable":true,"href":"https:\/\/macote.fr\/en\/wp-json\/wp\/v2\/media\/6449"}],"wp:attachment":[{"href":"https:\/\/macote.fr\/en\/wp-json\/wp\/v2\/media?parent=6428"}],"wp:term":[{"taxonomy":"product_brand","embeddable":true,"href":"https:\/\/macote.fr\/en\/wp-json\/wp\/v2\/product_brand?post=6428"},{"taxonomy":"product_cat","embeddable":true,"href":"https:\/\/macote.fr\/en\/wp-json\/wp\/v2\/product_cat?post=6428"},{"taxonomy":"product_tag","embeddable":true,"href":"https:\/\/macote.fr\/en\/wp-json\/wp\/v2\/product_tag?post=6428"}],"curies":[{"name":"wp","href":"https:\/\/api.w.org\/{rel}","templated":true}]}}