{"id":6831,"date":"2025-09-13T12:41:46","date_gmt":"2025-09-13T10:41:46","guid":{"rendered":"https:\/\/macote.fr\/?post_type=product&#038;p=6831"},"modified":"2025-09-13T12:50:00","modified_gmt":"2025-09-13T10:50:00","slug":"carbon-gear-knob-bmw-m-m2-g87-m3-g80-x3m-f97-x4m-f98-m8-f91-x5m-f95-x6m-f96","status":"publish","type":"product","link":"https:\/\/macote.fr\/en\/product\/carbon-gear-knob-bmw-m-m2-g87-m3-g80-x3m-f97-x4m-f98-m8-f91-x5m-f95-x6m-f96\/","title":{"rendered":"Carbon shift knob - BMW M (M2 G87 \/ M3 G80 \/ X3M F97 \/ X4M F98 \/ M8 F91 \/ X5M F95 \/ X6M F96)"},"content":{"rendered":"<h1 style=\"text-align: center;\" data-start=\"407\" data-end=\"434\">BMW Carbon shift knob<\/h1>\n<h2 style=\"text-align: left;\" data-start=\"407\" data-end=\"434\">BMW M (M2 G87 \/ M3 G80 \/ X3M F97 \/ X4M F98 \/ M8 F91 \/ X5M F95 \/ X6M F96)<\/h2>\n<p data-start=\"436\" data-end=\"768\">Give the interior of your BMW a sporty, premium look with this genuine carbon fiber gear knob. Designed for models M2 G87, M3 G80, X3M F97, M8 F91, X5M and X6M, it combines lightness, strength and high-end design. Easy installation and perfect fit on the original console.<\/p>\n<hr data-start=\"770\" data-end=\"773\" \/>\n<h3 data-start=\"775\" data-end=\"792\">Compatibility<\/h3>\n<p data-start=\"794\" data-end=\"847\">This knob is compatible with the following models:<\/p>\n<ul data-start=\"849\" data-end=\"1153\">\n<li data-start=\"849\" data-end=\"937\">\n<p data-start=\"851\" data-end=\"937\">BMW M2 G87<\/p>\n<\/li>\n<li data-start=\"938\" data-end=\"998\">\n<p data-start=\"940\" data-end=\"998\">BMW M3 G80, G81<\/p>\n<\/li>\n<li data-start=\"938\" data-end=\"998\">\n<p data-start=\"940\" data-end=\"998\">BMW M4 G82, G83<\/p>\n<\/li>\n<li>BMW X3M F97<\/li>\n<li>BMW X4M F98<\/li>\n<li data-start=\"1061\" data-end=\"1153\">\n<p data-start=\"1063\" data-end=\"1153\">BMW M8 F91, F92, F93<\/p>\n<\/li>\n<li data-start=\"1061\" data-end=\"1153\">\n<p data-start=\"1063\" data-end=\"1153\">X5M F95<\/p>\n<\/li>\n<li data-start=\"1061\" data-end=\"1153\">\n<p data-start=\"1063\" data-end=\"1153\">X6M F96<\/p>\n<\/li>\n<\/ul>\n<p data-start=\"1155\" data-end=\"1439\">\ud83d\udc49 Always check your version (pre-LCI \/ LCI original console) to ensure accurate shifter mounting.<\/p>\n<hr data-start=\"1441\" data-end=\"1444\" \/>\n<h3 data-start=\"1446\" data-end=\"1477\">Technical data<\/h3>\n<ul>\n<li><strong data-start=\"1520\" data-end=\"1532\">Material : <\/strong>High-quality carbon. Visible braided fiber and high-gloss varnish or matte finish depending on version.<\/li>\n<li><strong data-start=\"1721\" data-end=\"1733\">Finish : <\/strong>UV-resistant clear varnish, smooth finish.<\/li>\n<li><strong>Simple installation<\/strong> Double-sided adhesive tape. No modification of structural parts required.<\/li>\n<li><strong data-start=\"2377\" data-end=\"2391\">Resistance :<\/strong> to friction wear, scratches and temperature variations in the passenger compartment. Carbon composite + protective coating prevents yellowing or tarnishing due to UV rays.<\/li>\n<\/ul>\n<hr data-start=\"2653\" data-end=\"2656\" \/>\n<h3 data-start=\"2658\" data-end=\"2681\">Benefits<\/h3>\n<ul data-start=\"2683\" data-end=\"3403\">\n<li data-start=\"2683\" data-end=\"2854\">\n<p data-start=\"2685\" data-end=\"2854\"><strong data-start=\"2685\" data-end=\"2709\">Enhanced aesthetics<\/strong> carbon has become a symbol of performance. A carbon knob immediately gives the interior a sportier, more upscale look.<\/p>\n<\/li>\n<li data-start=\"3003\" data-end=\"3138\">\n<p data-start=\"3005\" data-end=\"3138\"><strong data-start=\"3005\" data-end=\"3025\">Personalization<\/strong> The \"M\" logo: to differentiate your vehicle and give it a more \"M\" identity, in line with its performance.<\/p>\n<\/li>\n<li data-start=\"3295\" data-end=\"3403\">\n<p data-start=\"3297\" data-end=\"3403\"><strong data-start=\"3297\" data-end=\"3311\">Durability<\/strong> : resistant materials, quality finish to last over time without losing its shine.<\/p>\n<\/li>\n<\/ul>\n<hr data-start=\"3405\" data-end=\"3408\" \/>\n<h3 data-start=\"4369\" data-end=\"4423\">Why choose <em data-start=\"4390\" data-end=\"4394\">this<\/em> knob rather than another?<\/h3>\n<p data-start=\"4425\" data-end=\"4738\">Because it combines <strong data-start=\"4445\" data-end=\"4470\">precise compatibility<\/strong> with recent BMW M &amp; X-M models, <strong data-start=\"4509\" data-end=\"4536\">high-end materials<\/strong>, <strong data-start=\"4561\" data-end=\"4581\">meticulous finish<\/strong>and <strong data-start=\"4586\" data-end=\"4609\">simple installation<\/strong>. It's for anyone who wants a visual and tactile upgrade without compromising reliability or comfort.<\/p>","protected":false},"excerpt":{"rendered":"<p data-start=\"149\" data-end=\"460\">Give the interior of your BMW a sporty, premium look with this genuine carbon fiber gear knob. Designed for models M2 G87, M3 G80, X3M F97, M8 F91, X5M and X6M, it combines lightness, strength and high-end design. Easy installation and perfect fit on the original console.<\/p>\n<p data-start=\"462\" data-end=\"479\"><strong data-start=\"462\" data-end=\"477\">Advantages :<\/strong><\/p>\n<ul data-start=\"480\" data-end=\"684\">\n<li data-start=\"480\" data-end=\"540\">\n<p data-start=\"482\" data-end=\"540\">Compatible with BMW M2 G87, M3 G80, X3M F97, M8 F91, X5M, X6M<\/p>\n<\/li>\n<li data-start=\"541\" data-end=\"603\">\n<p data-start=\"543\" data-end=\"603\">Genuine carbon fiber with glossy UV-resistant finish<\/p>\n<\/li>\n<li data-start=\"604\" data-end=\"642\">\n<p data-start=\"606\" data-end=\"642\">Sporty design and enhanced touch<\/p>\n<\/li>\n<li data-start=\"643\" data-end=\"684\">\n<p data-start=\"645\" data-end=\"684\">Quick installation without modification<\/p>\n<\/li>\n<\/ul>","protected":false},"featured_media":6834,"comment_status":"open","ping_status":"closed","template":"","meta":{"_eb_attr":""},"product_brand":[],"product_cat":[263,66,200,207,201,213,205,225,176,188,177,190,178,195,179,198],"product_tag":[],"class_list":{"0":"post-6831","1":"product","2":"type-product","3":"status-publish","4":"has-post-thumbnail","6":"product_cat-bmw-accessoires-fibre-de-carbone","7":"product_cat-modifications-interieurs","8":"product_cat-m2","9":"product_cat-m2-g87","10":"product_cat-m3","11":"product_cat-m3-g80-g81","12":"product_cat-m8","13":"product_cat-m8-f91-f92-f93","14":"product_cat-x3","15":"product_cat-x3-g01","16":"product_cat-x4","17":"product_cat-x4m-f98-x4-g02","18":"product_cat-x5","19":"product_cat-x5m-f95-x5-g05-g18","20":"product_cat-x6","21":"product_cat-x6m-f96-x6-g06","23":"first","24":"instock","25":"taxable","26":"shipping-taxable","27":"purchasable","28":"product-type-simple"},"yoast_head":"<!-- This site is optimized with the Yoast SEO Premium plugin v20.7 (Yoast SEO v27.4) - https:\/\/yoast.com\/product\/yoast-seo-premium-wordpress\/ -->\n<title>Pommeau de vitesse carbone - BMW M (M2 G87 \/ M3 G80 \/ X3M F97 \/ X4M F98 \/ M8 F91 \/ X5M F95 \/ X6M F96) - MaCote.fr<\/title>\n<meta name=\"robots\" content=\"index, follow, max-snippet:-1, max-image-preview:large, max-video-preview:-1\" \/>\n<link rel=\"canonical\" href=\"https:\/\/macote.fr\/en\/product\/carbon-gear-knob-bmw-m-m2-g87-m3-g80-x3m-f97-x4m-f98-m8-f91-x5m-f95-x6m-f96\/\" \/>\n<meta property=\"og:locale\" content=\"en_US\" \/>\n<meta property=\"og:type\" content=\"article\" \/>\n<meta property=\"og:title\" content=\"Pommeau de vitesse carbone - BMW M (M2 G87 \/ M3 G80 \/ X3M F97 \/ X4M F98 \/ M8 F91 \/ X5M F95 \/ X6M F96)\" \/>\n<meta property=\"og:description\" content=\"Donnez un look sportif et premium \u00e0 l\u2019int\u00e9rieur de votre BMW avec ce pommeau de vitesse en v\u00e9ritable fibre de carbone. Con\u00e7u pour les mod\u00e8les M2 G87, M3 G80, X3M F97, M8 F91, X5M et X6M, il allie l\u00e9g\u00e8ret\u00e9, r\u00e9sistance et design haut de gamme. Installation simple et ajustement parfait sur la console d\u2019origine. Avantages :     Compatible BMW M2 G87, M3 G80, X3M F97, M8 F91, X5M, X6M    V\u00e9ritable fibre de carbone avec finition brillante anti-UV    Design sportif et tactile am\u00e9lior\u00e9    Installation rapide sans modification\" \/>\n<meta property=\"og:url\" content=\"https:\/\/macote.fr\/en\/product\/carbon-gear-knob-bmw-m-m2-g87-m3-g80-x3m-f97-x4m-f98-m8-f91-x5m-f95-x6m-f96\/\" \/>\n<meta property=\"og:site_name\" content=\"MaCote.fr\" \/>\n<meta property=\"article:publisher\" content=\"https:\/\/www.facebook.com\/profile.php?id=100091476586119\" \/>\n<meta property=\"article:modified_time\" content=\"2025-09-13T10:50:00+00:00\" \/>\n<meta property=\"og:image\" content=\"https:\/\/macote.fr\/wp-content\/uploads\/2022\/11\/bmw-black-tuning-e1667980523590.jpg\" \/>\n\t<meta property=\"og:image:width\" content=\"1238\" \/>\n\t<meta property=\"og:image:height\" content=\"1080\" \/>\n\t<meta property=\"og:image:type\" content=\"image\/jpeg\" \/>\n<meta name=\"twitter:card\" content=\"summary_large_image\" \/>\n<meta name=\"twitter:label1\" content=\"Est. reading time\" \/>\n\t<meta name=\"twitter:data1\" content=\"2 minutes\" \/>\n<script type=\"application\/ld+json\" class=\"yoast-schema-graph\">{\"@context\":\"https:\\\/\\\/schema.org\",\"@graph\":[{\"@type\":\"WebPage\",\"@id\":\"https:\\\/\\\/macote.fr\\\/produit\\\/pommeau-de-vitesse-carbone-bmw-m-m2-g87-m3-g80-x3m-f97-x4m-f98-m8-f91-x5m-f95-x6m-f96\\\/\",\"url\":\"https:\\\/\\\/macote.fr\\\/produit\\\/pommeau-de-vitesse-carbone-bmw-m-m2-g87-m3-g80-x3m-f97-x4m-f98-m8-f91-x5m-f95-x6m-f96\\\/\",\"name\":\"Pommeau de vitesse carbone - BMW M (M2 G87 \\\/ M3 G80 \\\/ X3M F97 \\\/ X4M F98 \\\/ M8 F91 \\\/ X5M F95 \\\/ X6M F96) - MaCote.fr\",\"isPartOf\":{\"@id\":\"https:\\\/\\\/macote.fr\\\/#website\"},\"primaryImageOfPage\":{\"@id\":\"https:\\\/\\\/macote.fr\\\/produit\\\/pommeau-de-vitesse-carbone-bmw-m-m2-g87-m3-g80-x3m-f97-x4m-f98-m8-f91-x5m-f95-x6m-f96\\\/#primaryimage\"},\"image\":{\"@id\":\"https:\\\/\\\/macote.fr\\\/produit\\\/pommeau-de-vitesse-carbone-bmw-m-m2-g87-m3-g80-x3m-f97-x4m-f98-m8-f91-x5m-f95-x6m-f96\\\/#primaryimage\"},\"thumbnailUrl\":\"https:\\\/\\\/macote.fr\\\/wp-content\\\/uploads\\\/2025\\\/09\\\/Pommeau-de-vitesse-en-fibre-de-carbone-M2-G87-M3-G80.avif\",\"datePublished\":\"2025-09-13T10:41:46+00:00\",\"dateModified\":\"2025-09-13T10:50:00+00:00\",\"breadcrumb\":{\"@id\":\"https:\\\/\\\/macote.fr\\\/produit\\\/pommeau-de-vitesse-carbone-bmw-m-m2-g87-m3-g80-x3m-f97-x4m-f98-m8-f91-x5m-f95-x6m-f96\\\/#breadcrumb\"},\"inLanguage\":\"en-US\",\"potentialAction\":[{\"@type\":\"ReadAction\",\"target\":[\"https:\\\/\\\/macote.fr\\\/produit\\\/pommeau-de-vitesse-carbone-bmw-m-m2-g87-m3-g80-x3m-f97-x4m-f98-m8-f91-x5m-f95-x6m-f96\\\/\"]}]},{\"@type\":\"ImageObject\",\"inLanguage\":\"en-US\",\"@id\":\"https:\\\/\\\/macote.fr\\\/produit\\\/pommeau-de-vitesse-carbone-bmw-m-m2-g87-m3-g80-x3m-f97-x4m-f98-m8-f91-x5m-f95-x6m-f96\\\/#primaryimage\",\"url\":\"https:\\\/\\\/macote.fr\\\/wp-content\\\/uploads\\\/2025\\\/09\\\/Pommeau-de-vitesse-en-fibre-de-carbone-M2-G87-M3-G80.avif\",\"contentUrl\":\"https:\\\/\\\/macote.fr\\\/wp-content\\\/uploads\\\/2025\\\/09\\\/Pommeau-de-vitesse-en-fibre-de-carbone-M2-G87-M3-G80.avif\",\"width\":800,\"height\":800,\"caption\":\"Pommeau de vitesse en fibre de carbone M2 G87, M3 G80\"},{\"@type\":\"BreadcrumbList\",\"@id\":\"https:\\\/\\\/macote.fr\\\/produit\\\/pommeau-de-vitesse-carbone-bmw-m-m2-g87-m3-g80-x3m-f97-x4m-f98-m8-f91-x5m-f95-x6m-f96\\\/#breadcrumb\",\"itemListElement\":[{\"@type\":\"ListItem\",\"position\":1,\"name\":\"Accueil\",\"item\":\"https:\\\/\\\/macote.fr\\\/\"},{\"@type\":\"ListItem\",\"position\":2,\"name\":\"Boutique\",\"item\":\"https:\\\/\\\/macote.fr\\\/boutique\\\/\"},{\"@type\":\"ListItem\",\"position\":3,\"name\":\"Pommeau de vitesse carbone &#8211; BMW M (M2 G87 \\\/ M3 G80 \\\/ X3M F97 \\\/ X4M F98 \\\/ M8 F91 \\\/ X5M F95 \\\/ X6M F96)\"}]},{\"@type\":\"WebSite\",\"@id\":\"https:\\\/\\\/macote.fr\\\/#website\",\"url\":\"https:\\\/\\\/macote.fr\\\/\",\"name\":\"MaCote.fr\",\"description\":\"BMW best accessories\",\"publisher\":{\"@id\":\"https:\\\/\\\/macote.fr\\\/#organization\"},\"alternateName\":\"BMW tuning\",\"potentialAction\":[{\"@type\":\"SearchAction\",\"target\":{\"@type\":\"EntryPoint\",\"urlTemplate\":\"https:\\\/\\\/macote.fr\\\/?s={search_term_string}\"},\"query-input\":{\"@type\":\"PropertyValueSpecification\",\"valueRequired\":true,\"valueName\":\"search_term_string\"}}],\"inLanguage\":\"en-US\"},{\"@type\":\"Organization\",\"@id\":\"https:\\\/\\\/macote.fr\\\/#organization\",\"name\":\"Macote.fr\",\"alternateName\":\"BMW tuning\",\"url\":\"https:\\\/\\\/macote.fr\\\/\",\"logo\":{\"@type\":\"ImageObject\",\"inLanguage\":\"en-US\",\"@id\":\"https:\\\/\\\/macote.fr\\\/#\\\/schema\\\/logo\\\/image\\\/\",\"url\":\"https:\\\/\\\/macote.fr\\\/wp-content\\\/uploads\\\/2023\\\/11\\\/LOGO-macote.fr-dessin-bmw-noir-copy.jpg\",\"contentUrl\":\"https:\\\/\\\/macote.fr\\\/wp-content\\\/uploads\\\/2023\\\/11\\\/LOGO-macote.fr-dessin-bmw-noir-copy.jpg\",\"width\":732,\"height\":456,\"caption\":\"Macote.fr\"},\"image\":{\"@id\":\"https:\\\/\\\/macote.fr\\\/#\\\/schema\\\/logo\\\/image\\\/\"},\"sameAs\":[\"https:\\\/\\\/www.facebook.com\\\/profile.php?id=100091476586119\",\"https:\\\/\\\/www.youtube.com\\\/channel\\\/UCgO-YTbaxYO-w_C5GfL-_1w\",\"https:\\\/\\\/www.tiktok.com\\\/@macote.fr?is_from_webapp=1&sender_device=pc\",\"https:\\\/\\\/www.instagram.com\\\/i_xila_i\\\/\"]}]}<\/script>\n<!-- \/ Yoast SEO Premium plugin. -->","yoast_head_json":{"title":"Carbon shift knob - BMW M (M2 G87 \/ M3 G80 \/ X3M F97 \/ X4M F98 \/ M8 F91 \/ X5M F95 \/ X6M F96) - MaCote.fr","robots":{"index":"index","follow":"follow","max-snippet":"max-snippet:-1","max-image-preview":"max-image-preview:large","max-video-preview":"max-video-preview:-1"},"canonical":"https:\/\/macote.fr\/en\/product\/carbon-gear-knob-bmw-m-m2-g87-m3-g80-x3m-f97-x4m-f98-m8-f91-x5m-f95-x6m-f96\/","og_locale":"en_US","og_type":"article","og_title":"Pommeau de vitesse carbone - BMW M (M2 G87 \/ M3 G80 \/ X3M F97 \/ X4M F98 \/ M8 F91 \/ X5M F95 \/ X6M F96)","og_description":"Donnez un look sportif et premium \u00e0 l\u2019int\u00e9rieur de votre BMW avec ce pommeau de vitesse en v\u00e9ritable fibre de carbone. Con\u00e7u pour les mod\u00e8les M2 G87, M3 G80, X3M F97, M8 F91, X5M et X6M, il allie l\u00e9g\u00e8ret\u00e9, r\u00e9sistance et design haut de gamme. Installation simple et ajustement parfait sur la console d\u2019origine. Avantages :     Compatible BMW M2 G87, M3 G80, X3M F97, M8 F91, X5M, X6M    V\u00e9ritable fibre de carbone avec finition brillante anti-UV    Design sportif et tactile am\u00e9lior\u00e9    Installation rapide sans modification","og_url":"https:\/\/macote.fr\/en\/product\/carbon-gear-knob-bmw-m-m2-g87-m3-g80-x3m-f97-x4m-f98-m8-f91-x5m-f95-x6m-f96\/","og_site_name":"MaCote.fr","article_publisher":"https:\/\/www.facebook.com\/profile.php?id=100091476586119","article_modified_time":"2025-09-13T10:50:00+00:00","og_image":[{"width":1238,"height":1080,"url":"https:\/\/macote.fr\/wp-content\/uploads\/2022\/11\/bmw-black-tuning-e1667980523590.jpg","type":"image\/jpeg"}],"twitter_card":"summary_large_image","twitter_misc":{"Est. reading time":"2 minutes"},"schema":{"@context":"https:\/\/schema.org","@graph":[{"@type":"WebPage","@id":"https:\/\/macote.fr\/produit\/pommeau-de-vitesse-carbone-bmw-m-m2-g87-m3-g80-x3m-f97-x4m-f98-m8-f91-x5m-f95-x6m-f96\/","url":"https:\/\/macote.fr\/produit\/pommeau-de-vitesse-carbone-bmw-m-m2-g87-m3-g80-x3m-f97-x4m-f98-m8-f91-x5m-f95-x6m-f96\/","name":"Carbon shift knob - BMW M (M2 G87 \/ M3 G80 \/ X3M F97 \/ X4M F98 \/ M8 F91 \/ X5M F95 \/ X6M F96) - MaCote.fr","isPartOf":{"@id":"https:\/\/macote.fr\/#website"},"primaryImageOfPage":{"@id":"https:\/\/macote.fr\/produit\/pommeau-de-vitesse-carbone-bmw-m-m2-g87-m3-g80-x3m-f97-x4m-f98-m8-f91-x5m-f95-x6m-f96\/#primaryimage"},"image":{"@id":"https:\/\/macote.fr\/produit\/pommeau-de-vitesse-carbone-bmw-m-m2-g87-m3-g80-x3m-f97-x4m-f98-m8-f91-x5m-f95-x6m-f96\/#primaryimage"},"thumbnailUrl":"https:\/\/macote.fr\/wp-content\/uploads\/2025\/09\/Pommeau-de-vitesse-en-fibre-de-carbone-M2-G87-M3-G80.avif","datePublished":"2025-09-13T10:41:46+00:00","dateModified":"2025-09-13T10:50:00+00:00","breadcrumb":{"@id":"https:\/\/macote.fr\/produit\/pommeau-de-vitesse-carbone-bmw-m-m2-g87-m3-g80-x3m-f97-x4m-f98-m8-f91-x5m-f95-x6m-f96\/#breadcrumb"},"inLanguage":"en-US","potentialAction":[{"@type":"ReadAction","target":["https:\/\/macote.fr\/produit\/pommeau-de-vitesse-carbone-bmw-m-m2-g87-m3-g80-x3m-f97-x4m-f98-m8-f91-x5m-f95-x6m-f96\/"]}]},{"@type":"ImageObject","inLanguage":"en-US","@id":"https:\/\/macote.fr\/produit\/pommeau-de-vitesse-carbone-bmw-m-m2-g87-m3-g80-x3m-f97-x4m-f98-m8-f91-x5m-f95-x6m-f96\/#primaryimage","url":"https:\/\/macote.fr\/wp-content\/uploads\/2025\/09\/Pommeau-de-vitesse-en-fibre-de-carbone-M2-G87-M3-G80.avif","contentUrl":"https:\/\/macote.fr\/wp-content\/uploads\/2025\/09\/Pommeau-de-vitesse-en-fibre-de-carbone-M2-G87-M3-G80.avif","width":800,"height":800,"caption":"Pommeau de vitesse en fibre de carbone M2 G87, M3 G80"},{"@type":"BreadcrumbList","@id":"https:\/\/macote.fr\/produit\/pommeau-de-vitesse-carbone-bmw-m-m2-g87-m3-g80-x3m-f97-x4m-f98-m8-f91-x5m-f95-x6m-f96\/#breadcrumb","itemListElement":[{"@type":"ListItem","position":1,"name":"Accueil","item":"https:\/\/macote.fr\/"},{"@type":"ListItem","position":2,"name":"Boutique","item":"https:\/\/macote.fr\/boutique\/"},{"@type":"ListItem","position":3,"name":"Pommeau de vitesse carbone &#8211; BMW M (M2 G87 \/ M3 G80 \/ X3M F97 \/ X4M F98 \/ M8 F91 \/ X5M F95 \/ X6M F96)"}]},{"@type":"WebSite","@id":"https:\/\/macote.fr\/#website","url":"https:\/\/macote.fr\/","name":"MyQuote.com","description":"BMW best accessories","publisher":{"@id":"https:\/\/macote.fr\/#organization"},"alternateName":"BMW tuning","potentialAction":[{"@type":"SearchAction","target":{"@type":"EntryPoint","urlTemplate":"https:\/\/macote.fr\/?s={search_term_string}"},"query-input":{"@type":"PropertyValueSpecification","valueRequired":true,"valueName":"search_term_string"}}],"inLanguage":"en-US"},{"@type":"Organization","@id":"https:\/\/macote.fr\/#organization","name":"Macote.fr","alternateName":"BMW tuning","url":"https:\/\/macote.fr\/","logo":{"@type":"ImageObject","inLanguage":"en-US","@id":"https:\/\/macote.fr\/#\/schema\/logo\/image\/","url":"https:\/\/macote.fr\/wp-content\/uploads\/2023\/11\/LOGO-macote.fr-dessin-bmw-noir-copy.jpg","contentUrl":"https:\/\/macote.fr\/wp-content\/uploads\/2023\/11\/LOGO-macote.fr-dessin-bmw-noir-copy.jpg","width":732,"height":456,"caption":"Macote.fr"},"image":{"@id":"https:\/\/macote.fr\/#\/schema\/logo\/image\/"},"sameAs":["https:\/\/www.facebook.com\/profile.php?id=100091476586119","https:\/\/www.youtube.com\/channel\/UCgO-YTbaxYO-w_C5GfL-_1w","https:\/\/www.tiktok.com\/@macote.fr?is_from_webapp=1&sender_device=pc","https:\/\/www.instagram.com\/i_xila_i\/"]}]}},"_links":{"self":[{"href":"https:\/\/macote.fr\/en\/wp-json\/wp\/v2\/product\/6831","targetHints":{"allow":["GET"]}}],"collection":[{"href":"https:\/\/macote.fr\/en\/wp-json\/wp\/v2\/product"}],"about":[{"href":"https:\/\/macote.fr\/en\/wp-json\/wp\/v2\/types\/product"}],"replies":[{"embeddable":true,"href":"https:\/\/macote.fr\/en\/wp-json\/wp\/v2\/comments?post=6831"}],"wp:featuredmedia":[{"embeddable":true,"href":"https:\/\/macote.fr\/en\/wp-json\/wp\/v2\/media\/6834"}],"wp:attachment":[{"href":"https:\/\/macote.fr\/en\/wp-json\/wp\/v2\/media?parent=6831"}],"wp:term":[{"taxonomy":"product_brand","embeddable":true,"href":"https:\/\/macote.fr\/en\/wp-json\/wp\/v2\/product_brand?post=6831"},{"taxonomy":"product_cat","embeddable":true,"href":"https:\/\/macote.fr\/en\/wp-json\/wp\/v2\/product_cat?post=6831"},{"taxonomy":"product_tag","embeddable":true,"href":"https:\/\/macote.fr\/en\/wp-json\/wp\/v2\/product_tag?post=6831"}],"curies":[{"name":"wp","href":"https:\/\/api.w.org\/{rel}","templated":true}]}}