{"id":6878,"date":"2025-09-18T22:24:19","date_gmt":"2025-09-18T20:24:19","guid":{"rendered":"https:\/\/macote.fr\/?post_type=product&#038;p=6878"},"modified":"2025-09-19T16:56:10","modified_gmt":"2025-09-19T14:56:10","slug":"carbon-shark-antenna-bmw-m3-g80-g81-serie-3-g20-g21","status":"publish","type":"product","link":"https:\/\/macote.fr\/en\/product\/carbon-shark-antenna-bmw-m3-g80-g81-serie-3-g20-g21\/","title":{"rendered":"Carbon shark antenna - BMW M3 G80, G81 - 3 Series G20, G21"},"content":{"rendered":"<h1 style=\"text-align: center;\" data-start=\"216\" data-end=\"330\"><strong data-start=\"216\" data-end=\"328\">Shark antenna cover in high-gloss carbon fiber for BMW G80, G81 M3 and 3 Series G20, G21 (LCI 2023+)<\/strong><\/h1>\n<p data-start=\"332\" data-end=\"624\">Add an even more premium and aggressive touch to the roof of your BMW with the <strong data-start=\"415\" data-end=\"470\">carbon fiber shark antenna cover<\/strong>. With its angular design and OEM-style carbon braiding, this accessory is the ideal complement for an upgrade. <strong data-start=\"591\" data-end=\"599\">OEM+<\/strong> BMW 3 Series LCI or M3 G80, G81.<\/p>\n<p data-start=\"626\" data-end=\"815\">Unlike some carbon accessories, this antenna cover does not interfere with your vehicle's radio signal, an essential feature for vehicles with a carbon roof.<\/p>\n<p data-start=\"817\" data-end=\"979\">Installation is quick and easy: the cover is attached directly to the original antenna using pre-applied adhesive tape, with no need for modification or drilling.<\/p>\n<ul data-start=\"981\" data-end=\"1291\">\n<li data-start=\"981\" data-end=\"1048\">\n<p data-start=\"983\" data-end=\"1048\">\u00a0High-gloss carbon finish<\/p>\n<\/li>\n<li data-start=\"1049\" data-end=\"1121\">\n<p data-start=\"1051\" data-end=\"1121\">\u00a0OEM-inspired angular design for a discreet, sporty look<\/p>\n<\/li>\n<li data-start=\"1122\" data-end=\"1177\">\n<p data-start=\"1124\" data-end=\"1177\">\u00a0No interference with radio\/GPS reception<\/p>\n<\/li>\n<li data-start=\"1178\" data-end=\"1226\">\n<p data-start=\"1180\" data-end=\"1226\">\u00a0Easy installation with adhesive included<\/p>\n<\/li>\n<li data-start=\"1227\" data-end=\"1291\">\n<p data-start=\"1229\" data-end=\"1291\">\u00a0Compatible with BMW G80, G81 M3 and 3 Series G20, G21 (LCI 2023+)<\/p>\n<\/li>\n<\/ul>\n<p data-start=\"1293\" data-end=\"1391\">An ideal accessory to enhance the style of your BMW while preserving its original spirit.<\/p>","protected":false},"excerpt":{"rendered":"<p>Cache antenne requin en fibre de carbone brillante pour BMW G80, G81 M3 et S\u00e9rie 3 G20, G21 (LCI 2023+) Apportez une touche encore plus premium et agressive au toit de votre BMW gr\u00e2ce au cache antenne requin en fibre de carbone. Avec son design angulaire et son tressage carbone au style OEM, cet accessoire [&hellip;]<\/p>\n","protected":false},"featured_media":6885,"comment_status":"open","ping_status":"closed","template":"","meta":{"_eb_attr":""},"product_brand":[],"product_cat":[263,132,150,201,213],"product_tag":[278],"class_list":{"0":"post-6878","1":"product","2":"type-product","3":"status-publish","4":"has-post-thumbnail","6":"product_cat-bmw-accessoires-fibre-de-carbone","7":"product_cat-bmw-serie-3","8":"product_cat-bmw-serie-3-g20-g21-g28","9":"product_cat-m3","10":"product_cat-m3-g80-g81","11":"product_tag-antenne-requin","13":"first","14":"instock","15":"taxable","16":"shipping-taxable","17":"purchasable","18":"product-type-simple"},"yoast_head":"<!-- This site is optimized with the Yoast SEO Premium plugin v20.7 (Yoast SEO v27.3) - https:\/\/yoast.com\/product\/yoast-seo-premium-wordpress\/ -->\n<title>Antenne requin carbone - BMW M3 G80, G81 - S\u00e9rie 3 G20, G21 - MaCote.fr<\/title>\n<meta name=\"robots\" content=\"index, follow, max-snippet:-1, max-image-preview:large, max-video-preview:-1\" \/>\n<link rel=\"canonical\" href=\"https:\/\/macote.fr\/en\/product\/carbon-shark-antenna-bmw-m3-g80-g81-serie-3-g20-g21\/\" \/>\n<meta property=\"og:locale\" content=\"en_US\" \/>\n<meta property=\"og:type\" content=\"article\" \/>\n<meta property=\"og:title\" content=\"Antenne requin carbone - BMW M3 G80, G81 - S\u00e9rie 3 G20, G21\" \/>\n<meta property=\"og:description\" content=\"Cache antenne requin en fibre de carbone brillante pour BMW G80, G81 M3 et S\u00e9rie 3 G20, G21 (LCI 2023+) Apportez une touche encore plus premium et agressive au toit de votre BMW gr\u00e2ce au cache antenne requin en fibre de carbone. Avec son design angulaire et son tressage carbone au style OEM, cet accessoire [&hellip;]\" \/>\n<meta property=\"og:url\" content=\"https:\/\/macote.fr\/en\/product\/carbon-shark-antenna-bmw-m3-g80-g81-serie-3-g20-g21\/\" \/>\n<meta property=\"og:site_name\" content=\"MaCote.fr\" \/>\n<meta property=\"article:publisher\" content=\"https:\/\/www.facebook.com\/profile.php?id=100091476586119\" \/>\n<meta property=\"article:modified_time\" content=\"2025-09-19T14:56:10+00:00\" \/>\n<meta property=\"og:image\" content=\"https:\/\/macote.fr\/wp-content\/uploads\/2025\/09\/antenne-requin-bmw-style-carbone.jpg\" \/>\n\t<meta property=\"og:image:width\" content=\"1500\" \/>\n\t<meta property=\"og:image:height\" content=\"1500\" \/>\n\t<meta property=\"og:image:type\" content=\"image\/jpeg\" \/>\n<meta name=\"twitter:card\" content=\"summary_large_image\" \/>\n<meta name=\"twitter:label1\" content=\"Est. reading time\" \/>\n\t<meta name=\"twitter:data1\" content=\"2 minutes\" \/>\n<script type=\"application\/ld+json\" class=\"yoast-schema-graph\">{\"@context\":\"https:\\\/\\\/schema.org\",\"@graph\":[{\"@type\":\"WebPage\",\"@id\":\"https:\\\/\\\/macote.fr\\\/produit\\\/antenne-requin-carbone-bmw-m3-g80-g81-serie-3-g20-g21\\\/\",\"url\":\"https:\\\/\\\/macote.fr\\\/produit\\\/antenne-requin-carbone-bmw-m3-g80-g81-serie-3-g20-g21\\\/\",\"name\":\"Antenne requin carbone - BMW M3 G80, G81 - S\u00e9rie 3 G20, G21 - MaCote.fr\",\"isPartOf\":{\"@id\":\"https:\\\/\\\/macote.fr\\\/#website\"},\"primaryImageOfPage\":{\"@id\":\"https:\\\/\\\/macote.fr\\\/produit\\\/antenne-requin-carbone-bmw-m3-g80-g81-serie-3-g20-g21\\\/#primaryimage\"},\"image\":{\"@id\":\"https:\\\/\\\/macote.fr\\\/produit\\\/antenne-requin-carbone-bmw-m3-g80-g81-serie-3-g20-g21\\\/#primaryimage\"},\"thumbnailUrl\":\"https:\\\/\\\/macote.fr\\\/wp-content\\\/uploads\\\/2025\\\/09\\\/antenne-requin-bmw-style-carbone.jpg\",\"datePublished\":\"2025-09-18T20:24:19+00:00\",\"dateModified\":\"2025-09-19T14:56:10+00:00\",\"breadcrumb\":{\"@id\":\"https:\\\/\\\/macote.fr\\\/produit\\\/antenne-requin-carbone-bmw-m3-g80-g81-serie-3-g20-g21\\\/#breadcrumb\"},\"inLanguage\":\"en-US\",\"potentialAction\":[{\"@type\":\"ReadAction\",\"target\":[\"https:\\\/\\\/macote.fr\\\/produit\\\/antenne-requin-carbone-bmw-m3-g80-g81-serie-3-g20-g21\\\/\"]}]},{\"@type\":\"ImageObject\",\"inLanguage\":\"en-US\",\"@id\":\"https:\\\/\\\/macote.fr\\\/produit\\\/antenne-requin-carbone-bmw-m3-g80-g81-serie-3-g20-g21\\\/#primaryimage\",\"url\":\"https:\\\/\\\/macote.fr\\\/wp-content\\\/uploads\\\/2025\\\/09\\\/antenne-requin-bmw-style-carbone.jpg\",\"contentUrl\":\"https:\\\/\\\/macote.fr\\\/wp-content\\\/uploads\\\/2025\\\/09\\\/antenne-requin-bmw-style-carbone.jpg\",\"width\":1500,\"height\":1500,\"caption\":\"antenne-requin-bmw-style-carbone\"},{\"@type\":\"BreadcrumbList\",\"@id\":\"https:\\\/\\\/macote.fr\\\/produit\\\/antenne-requin-carbone-bmw-m3-g80-g81-serie-3-g20-g21\\\/#breadcrumb\",\"itemListElement\":[{\"@type\":\"ListItem\",\"position\":1,\"name\":\"Accueil\",\"item\":\"https:\\\/\\\/macote.fr\\\/\"},{\"@type\":\"ListItem\",\"position\":2,\"name\":\"Boutique\",\"item\":\"https:\\\/\\\/macote.fr\\\/boutique\\\/\"},{\"@type\":\"ListItem\",\"position\":3,\"name\":\"Antenne requin carbone &#8211; BMW M3 G80, G81 &#8211; S\u00e9rie 3 G20, G21\"}]},{\"@type\":\"WebSite\",\"@id\":\"https:\\\/\\\/macote.fr\\\/#website\",\"url\":\"https:\\\/\\\/macote.fr\\\/\",\"name\":\"MaCote.fr\",\"description\":\"BMW best accessories\",\"publisher\":{\"@id\":\"https:\\\/\\\/macote.fr\\\/#organization\"},\"alternateName\":\"BMW tuning\",\"potentialAction\":[{\"@type\":\"SearchAction\",\"target\":{\"@type\":\"EntryPoint\",\"urlTemplate\":\"https:\\\/\\\/macote.fr\\\/?s={search_term_string}\"},\"query-input\":{\"@type\":\"PropertyValueSpecification\",\"valueRequired\":true,\"valueName\":\"search_term_string\"}}],\"inLanguage\":\"en-US\"},{\"@type\":\"Organization\",\"@id\":\"https:\\\/\\\/macote.fr\\\/#organization\",\"name\":\"Macote.fr\",\"alternateName\":\"BMW tuning\",\"url\":\"https:\\\/\\\/macote.fr\\\/\",\"logo\":{\"@type\":\"ImageObject\",\"inLanguage\":\"en-US\",\"@id\":\"https:\\\/\\\/macote.fr\\\/#\\\/schema\\\/logo\\\/image\\\/\",\"url\":\"https:\\\/\\\/macote.fr\\\/wp-content\\\/uploads\\\/2023\\\/11\\\/LOGO-macote.fr-dessin-bmw-noir-copy.jpg\",\"contentUrl\":\"https:\\\/\\\/macote.fr\\\/wp-content\\\/uploads\\\/2023\\\/11\\\/LOGO-macote.fr-dessin-bmw-noir-copy.jpg\",\"width\":732,\"height\":456,\"caption\":\"Macote.fr\"},\"image\":{\"@id\":\"https:\\\/\\\/macote.fr\\\/#\\\/schema\\\/logo\\\/image\\\/\"},\"sameAs\":[\"https:\\\/\\\/www.facebook.com\\\/profile.php?id=100091476586119\",\"https:\\\/\\\/www.youtube.com\\\/channel\\\/UCgO-YTbaxYO-w_C5GfL-_1w\",\"https:\\\/\\\/www.tiktok.com\\\/@macote.fr?is_from_webapp=1&sender_device=pc\",\"https:\\\/\\\/www.instagram.com\\\/i_xila_i\\\/\"]}]}<\/script>\n<!-- \/ Yoast SEO Premium plugin. -->","yoast_head_json":{"title":"Carbon shark antenna - BMW M3 G80, G81 - S\u00e9rie 3 G20, G21 - MaCote.fr","robots":{"index":"index","follow":"follow","max-snippet":"max-snippet:-1","max-image-preview":"max-image-preview:large","max-video-preview":"max-video-preview:-1"},"canonical":"https:\/\/macote.fr\/en\/product\/carbon-shark-antenna-bmw-m3-g80-g81-serie-3-g20-g21\/","og_locale":"en_US","og_type":"article","og_title":"Antenne requin carbone - BMW M3 G80, G81 - S\u00e9rie 3 G20, G21","og_description":"Cache antenne requin en fibre de carbone brillante pour BMW G80, G81 M3 et S\u00e9rie 3 G20, G21 (LCI 2023+) Apportez une touche encore plus premium et agressive au toit de votre BMW gr\u00e2ce au cache antenne requin en fibre de carbone. Avec son design angulaire et son tressage carbone au style OEM, cet accessoire [&hellip;]","og_url":"https:\/\/macote.fr\/en\/product\/carbon-shark-antenna-bmw-m3-g80-g81-serie-3-g20-g21\/","og_site_name":"MaCote.fr","article_publisher":"https:\/\/www.facebook.com\/profile.php?id=100091476586119","article_modified_time":"2025-09-19T14:56:10+00:00","og_image":[{"width":1500,"height":1500,"url":"https:\/\/macote.fr\/wp-content\/uploads\/2025\/09\/antenne-requin-bmw-style-carbone.jpg","type":"image\/jpeg"}],"twitter_card":"summary_large_image","twitter_misc":{"Est. reading time":"2 minutes"},"schema":{"@context":"https:\/\/schema.org","@graph":[{"@type":"WebPage","@id":"https:\/\/macote.fr\/produit\/antenne-requin-carbone-bmw-m3-g80-g81-serie-3-g20-g21\/","url":"https:\/\/macote.fr\/produit\/antenne-requin-carbone-bmw-m3-g80-g81-serie-3-g20-g21\/","name":"Carbon shark antenna - BMW M3 G80, G81 - S\u00e9rie 3 G20, G21 - MaCote.fr","isPartOf":{"@id":"https:\/\/macote.fr\/#website"},"primaryImageOfPage":{"@id":"https:\/\/macote.fr\/produit\/antenne-requin-carbone-bmw-m3-g80-g81-serie-3-g20-g21\/#primaryimage"},"image":{"@id":"https:\/\/macote.fr\/produit\/antenne-requin-carbone-bmw-m3-g80-g81-serie-3-g20-g21\/#primaryimage"},"thumbnailUrl":"https:\/\/macote.fr\/wp-content\/uploads\/2025\/09\/antenne-requin-bmw-style-carbone.jpg","datePublished":"2025-09-18T20:24:19+00:00","dateModified":"2025-09-19T14:56:10+00:00","breadcrumb":{"@id":"https:\/\/macote.fr\/produit\/antenne-requin-carbone-bmw-m3-g80-g81-serie-3-g20-g21\/#breadcrumb"},"inLanguage":"en-US","potentialAction":[{"@type":"ReadAction","target":["https:\/\/macote.fr\/produit\/antenne-requin-carbone-bmw-m3-g80-g81-serie-3-g20-g21\/"]}]},{"@type":"ImageObject","inLanguage":"en-US","@id":"https:\/\/macote.fr\/produit\/antenne-requin-carbone-bmw-m3-g80-g81-serie-3-g20-g21\/#primaryimage","url":"https:\/\/macote.fr\/wp-content\/uploads\/2025\/09\/antenne-requin-bmw-style-carbone.jpg","contentUrl":"https:\/\/macote.fr\/wp-content\/uploads\/2025\/09\/antenne-requin-bmw-style-carbone.jpg","width":1500,"height":1500,"caption":"antenne-requin-bmw-style-carbone"},{"@type":"BreadcrumbList","@id":"https:\/\/macote.fr\/produit\/antenne-requin-carbone-bmw-m3-g80-g81-serie-3-g20-g21\/#breadcrumb","itemListElement":[{"@type":"ListItem","position":1,"name":"Accueil","item":"https:\/\/macote.fr\/"},{"@type":"ListItem","position":2,"name":"Boutique","item":"https:\/\/macote.fr\/boutique\/"},{"@type":"ListItem","position":3,"name":"Antenne requin carbone &#8211; BMW M3 G80, G81 &#8211; S\u00e9rie 3 G20, G21"}]},{"@type":"WebSite","@id":"https:\/\/macote.fr\/#website","url":"https:\/\/macote.fr\/","name":"MyQuote.com","description":"BMW best accessories","publisher":{"@id":"https:\/\/macote.fr\/#organization"},"alternateName":"BMW tuning","potentialAction":[{"@type":"SearchAction","target":{"@type":"EntryPoint","urlTemplate":"https:\/\/macote.fr\/?s={search_term_string}"},"query-input":{"@type":"PropertyValueSpecification","valueRequired":true,"valueName":"search_term_string"}}],"inLanguage":"en-US"},{"@type":"Organization","@id":"https:\/\/macote.fr\/#organization","name":"Macote.fr","alternateName":"BMW tuning","url":"https:\/\/macote.fr\/","logo":{"@type":"ImageObject","inLanguage":"en-US","@id":"https:\/\/macote.fr\/#\/schema\/logo\/image\/","url":"https:\/\/macote.fr\/wp-content\/uploads\/2023\/11\/LOGO-macote.fr-dessin-bmw-noir-copy.jpg","contentUrl":"https:\/\/macote.fr\/wp-content\/uploads\/2023\/11\/LOGO-macote.fr-dessin-bmw-noir-copy.jpg","width":732,"height":456,"caption":"Macote.fr"},"image":{"@id":"https:\/\/macote.fr\/#\/schema\/logo\/image\/"},"sameAs":["https:\/\/www.facebook.com\/profile.php?id=100091476586119","https:\/\/www.youtube.com\/channel\/UCgO-YTbaxYO-w_C5GfL-_1w","https:\/\/www.tiktok.com\/@macote.fr?is_from_webapp=1&sender_device=pc","https:\/\/www.instagram.com\/i_xila_i\/"]}]}},"_links":{"self":[{"href":"https:\/\/macote.fr\/en\/wp-json\/wp\/v2\/product\/6878","targetHints":{"allow":["GET"]}}],"collection":[{"href":"https:\/\/macote.fr\/en\/wp-json\/wp\/v2\/product"}],"about":[{"href":"https:\/\/macote.fr\/en\/wp-json\/wp\/v2\/types\/product"}],"replies":[{"embeddable":true,"href":"https:\/\/macote.fr\/en\/wp-json\/wp\/v2\/comments?post=6878"}],"wp:featuredmedia":[{"embeddable":true,"href":"https:\/\/macote.fr\/en\/wp-json\/wp\/v2\/media\/6885"}],"wp:attachment":[{"href":"https:\/\/macote.fr\/en\/wp-json\/wp\/v2\/media?parent=6878"}],"wp:term":[{"taxonomy":"product_brand","embeddable":true,"href":"https:\/\/macote.fr\/en\/wp-json\/wp\/v2\/product_brand?post=6878"},{"taxonomy":"product_cat","embeddable":true,"href":"https:\/\/macote.fr\/en\/wp-json\/wp\/v2\/product_cat?post=6878"},{"taxonomy":"product_tag","embeddable":true,"href":"https:\/\/macote.fr\/en\/wp-json\/wp\/v2\/product_tag?post=6878"}],"curies":[{"name":"wp","href":"https:\/\/api.w.org\/{rel}","templated":true}]}}