{"id":6939,"date":"2025-10-29T22:51:35","date_gmt":"2025-10-29T21:51:35","guid":{"rendered":"https:\/\/macote.fr\/?post_type=product&#038;p=6939"},"modified":"2025-10-31T23:08:23","modified_gmt":"2025-10-31T22:08:23","slug":"gear-knob-bmw-m-performance-led-retro-illuminated","status":"publish","type":"product","link":"https:\/\/macote.fr\/en\/product\/gear-knob-bmw-m-performance-led-retro-illuminated\/","title":{"rendered":"Backlit BMW M Performance LED gear knob"},"content":{"rendered":"<h1 style=\"text-align: center;\">Backlit BMW M Performance LED gear knob<\/h1>\n<p data-start=\"721\" data-end=\"1056\">This gearshift knob is not just an accessory: it's a <strong data-start=\"782\" data-end=\"805\">luminous signature<\/strong>.<br data-start=\"806\" data-end=\"809\" \/>Its backlit \/\/\/M logo in <strong data-start=\"840\" data-end=\"856\">amber orange<\/strong> blends harmoniously with the warm hue of the <strong data-start=\"909\" data-end=\"965\">control buttons and BMW ambient lighting<\/strong>, The console, dashboard and lever are all visually coherent.<\/p>\n<p data-start=\"1058\" data-end=\"1115\">Every detail has been designed with the demanding driver in mind:<\/p>\n<ul data-start=\"1116\" data-end=\"1348\">\n<li data-start=\"1116\" data-end=\"1203\">\n<p data-start=\"1118\" data-end=\"1203\"><strong data-start=\"1118\" data-end=\"1144\">Leather finish<\/strong>\u00a0and brushed aluminum inserts for a refined feel.<\/p>\n<\/li>\n<li data-start=\"1204\" data-end=\"1270\">\n<p data-start=\"1206\" data-end=\"1270\"><strong data-start=\"1206\" data-end=\"1231\">Integrated LED lighting<\/strong>, discreet by day, captivating by night.<\/p>\n<\/li>\n<li data-start=\"1271\" data-end=\"1348\">\n<p data-start=\"1273\" data-end=\"1348\"><strong data-start=\"1273\" data-end=\"1294\">Ergonomic shape<\/strong> for a natural, sporty grip.<\/p>\n<\/li>\n<li data-start=\"1271\" data-end=\"1348\"><strong>Easy to install<\/strong><\/li>\n<\/ul>\n<p data-start=\"1350\" data-end=\"1540\">The result is a transformed interior, more exclusive, more modern, more alive.<br data-start=\"1430\" data-end=\"1433\" \/>Every gear change becomes an extension of the BMW M Performance experience.<\/p>\n<h2 data-start=\"1547\" data-end=\"1583\"><strong data-start=\"1551\" data-end=\"1581\">Key aesthetic benefits<\/strong><\/h2>\n<ul data-start=\"1584\" data-end=\"2095\">\n<li data-start=\"1584\" data-end=\"1682\">\n<p data-start=\"1586\" data-end=\"1682\"><strong data-start=\"1586\" data-end=\"1610\">Orange LED lighting<\/strong> The perfect match for BMW's original dashboard color.<\/p>\n<\/li>\n<li data-start=\"1683\" data-end=\"1751\">\n<p data-start=\"1685\" data-end=\"1751\"><strong data-start=\"1685\" data-end=\"1712\">Backlit \/\/\/M logo<\/strong> premium, discreet and sporty effect.<\/p>\n<\/li>\n<li data-start=\"1752\" data-end=\"1833\">\n<p data-start=\"1754\" data-end=\"1833\"><strong data-start=\"1754\" data-end=\"1781\">High-quality materials<\/strong> Genuine leather, polished aluminum, OEM assembly.<\/p>\n<\/li>\n<li data-start=\"1834\" data-end=\"1927\">\n<p data-start=\"1836\" data-end=\"1927\"><strong data-start=\"1836\" data-end=\"1858\">Visual consistency<\/strong> instant upgrade of center console and interior styling.<\/p>\n<\/li>\n<li data-start=\"1928\" data-end=\"2018\">\n<p data-start=\"1930\" data-end=\"2018\"><strong data-start=\"1930\" data-end=\"1968\">Authentic M Performance finish<\/strong> Motorsport aesthetics from the manufacturer.<\/p>\n<\/li>\n<li data-start=\"2019\" data-end=\"2095\">\n<p data-start=\"2021\" data-end=\"2095\"><strong data-start=\"2021\" data-end=\"2041\">Cockpit atmosphere<\/strong> BMW: modernizes the interior without distorting the BMW design.<\/p>\n<\/li>\n<\/ul>\n<h2>Compatibility<\/h2>\n<p id=\"tl_2\">For BMW 1 Series E81, E82, E87, F20<\/p>\n<p id=\"tl_3\">For BMW 3 series E30, E36, E46, E90, E91, E92, F30<\/p>\n<p id=\"tl_4\">For BMW 5 Series E28, E34, E39, E60, E61<\/p>\n<p id=\"tl_5\">For BMW 6 Series E63<\/p>\n<p>For BMW 7 Series E23, E32, E38<\/p>\n<p id=\"tl_6\">For BMW X1 E84<\/p>\n<p id=\"tl_7\">For BMW X3 E83<\/p>\n<p id=\"tl_8\">For BMW X5 E53<\/p>\n<p style=\"font-weight: 400;\">We have only listed a few of the cars available.<\/p>\n<p style=\"font-weight: 400;\">If you're not sure whether it's right for your car, please contact us.<\/p>\n<p style=\"font-weight: 400;\">The letters \u00abR\u00bb and \u00ab5\u00bb \u00ab6\u00bb may not be as bright as other letters, and this is normal.<\/p>\n<h2 data-start=\"2409\" data-end=\"2721\">Why choose it?<\/h2>\n<p data-start=\"2409\" data-end=\"2721\">Because every detail counts.<br data-start=\"2440\" data-end=\"2443\" \/>This LED knob is more than just an accessory: it's a piece of character that affirms your passion for the brand and strengthens your bond with the machine.<br data-start=\"2600\" data-end=\"2603\" \/>The subtle illumination of the M logo at night is a reminder that you're driving more than just a car. a <strong>BMW M Performance!<\/strong><\/p>","protected":false},"excerpt":{"rendered":"<p data-start=\"501\" data-end=\"683\">Take your BMW's interior ambience to the next level.<br data-start=\"565\" data-end=\"568\" \/>Visit <strong data-start=\"571\" data-end=\"600\">M Performance LED knob<\/strong> illuminates every journey with a subtle glow, perfectly in tune with BMW's visual DNA.<\/p>","protected":false},"featured_media":6962,"comment_status":"open","ping_status":"closed","template":"","meta":{"_eb_attr":""},"product_brand":[],"product_cat":[130,138,139,132,145,146,147,148,149,134,154,155,156,157,135,162,136,165,166,167,66,201,208,209,210,211,203,216,217,218,174,181,176,186,178,191],"product_tag":[],"class_list":{"0":"post-6939","1":"product","2":"type-product","3":"status-publish","4":"has-post-thumbnail","6":"product_cat-bmw-serie-1","7":"product_cat-bmw-serie-1-e87","8":"product_cat-bmw-serie-1-f20","9":"product_cat-bmw-serie-3","10":"product_cat-bmw-serie-3-e30","11":"product_cat-bmw-serie-3-e36","12":"product_cat-bmw-serie-3-e46","13":"product_cat-bmw-serie-3-e90-e91-e92-e93","14":"product_cat-bmw-serie-3-f30-f31-f34-f35","15":"product_cat-bmw-serie-5","16":"product_cat-bmw-serie-5-e28","17":"product_cat-bmw-serie-5-e34","18":"product_cat-bmw-serie-5-e39","19":"product_cat-bmw-serie-5-e60-e61","20":"product_cat-bmw-serie-6","21":"product_cat-bmw-serie-6-e63-e64","22":"product_cat-bmw-serie-7","23":"product_cat-bmw-serie-7-e23","24":"product_cat-bmw-serie-7-e32","25":"product_cat-bmw-serie-7-e38","26":"product_cat-modifications-interieurs","27":"product_cat-m3","28":"product_cat-m3-e30","29":"product_cat-m3-e36","30":"product_cat-m3-e46","31":"product_cat-m3-e90-e91-e92-e93","32":"product_cat-m5","33":"product_cat-m5-e28","34":"product_cat-m5-e34","35":"product_cat-m5-e39","36":"product_cat-x1","37":"product_cat-x1-e84","38":"product_cat-x3","39":"product_cat-x3-e83","40":"product_cat-x5","41":"product_cat-x5-e53","43":"first","44":"instock","45":"taxable","46":"shipping-taxable","47":"purchasable","48":"product-type-variable"},"yoast_head":"<!-- This site is optimized with the Yoast SEO Premium plugin v20.7 (Yoast SEO v27.4) - https:\/\/yoast.com\/product\/yoast-seo-premium-wordpress\/ -->\n<title>Pommeau de vitesse BMW M Performance LED r\u00e9tro-\u00e9clair\u00e9 - MaCote.fr<\/title>\n<meta name=\"robots\" content=\"index, follow, max-snippet:-1, max-image-preview:large, max-video-preview:-1\" \/>\n<link rel=\"canonical\" href=\"https:\/\/macote.fr\/en\/product\/gear-knob-bmw-m-performance-led-retro-illuminated\/\" \/>\n<meta property=\"og:locale\" content=\"en_US\" \/>\n<meta property=\"og:type\" content=\"article\" \/>\n<meta property=\"og:title\" content=\"Pommeau de vitesse BMW M Performance LED r\u00e9tro-\u00e9clair\u00e9\" \/>\n<meta property=\"og:description\" content=\"\u00c9levez l\u2019ambiance int\u00e9rieure de votre BMW \u00e0 un niveau sup\u00e9rieur.Le pommeau M Performance LED illumine chaque trajet d\u2019un \u00e9clat subtil, parfaitement accord\u00e9 \u00e0 l\u2019ADN visuel BMW.\" \/>\n<meta property=\"og:url\" content=\"https:\/\/macote.fr\/en\/product\/gear-knob-bmw-m-performance-led-retro-illuminated\/\" \/>\n<meta property=\"og:site_name\" content=\"MaCote.fr\" \/>\n<meta property=\"article:publisher\" content=\"https:\/\/www.facebook.com\/profile.php?id=100091476586119\" \/>\n<meta property=\"article:modified_time\" content=\"2025-10-31T22:08:23+00:00\" \/>\n<meta property=\"og:image\" content=\"https:\/\/macote.fr\/wp-content\/uploads\/2025\/10\/3fcfc1f0-d442-418e-9f1f-dd6d4663f045.png\" \/>\n\t<meta property=\"og:image:width\" content=\"1024\" \/>\n\t<meta property=\"og:image:height\" content=\"1024\" \/>\n\t<meta property=\"og:image:type\" content=\"image\/png\" \/>\n<meta name=\"twitter:card\" content=\"summary_large_image\" \/>\n<meta name=\"twitter:label1\" content=\"Est. reading time\" \/>\n\t<meta name=\"twitter:data1\" content=\"2 minutes\" \/>\n<script type=\"application\/ld+json\" class=\"yoast-schema-graph\">{\"@context\":\"https:\\\/\\\/schema.org\",\"@graph\":[{\"@type\":\"WebPage\",\"@id\":\"https:\\\/\\\/macote.fr\\\/produit\\\/pommeau-de-vitesse-bmw-m-performance-led-retro-eclaire\\\/\",\"url\":\"https:\\\/\\\/macote.fr\\\/produit\\\/pommeau-de-vitesse-bmw-m-performance-led-retro-eclaire\\\/\",\"name\":\"Pommeau de vitesse BMW M Performance LED r\u00e9tro-\u00e9clair\u00e9 - MaCote.fr\",\"isPartOf\":{\"@id\":\"https:\\\/\\\/macote.fr\\\/#website\"},\"primaryImageOfPage\":{\"@id\":\"https:\\\/\\\/macote.fr\\\/produit\\\/pommeau-de-vitesse-bmw-m-performance-led-retro-eclaire\\\/#primaryimage\"},\"image\":{\"@id\":\"https:\\\/\\\/macote.fr\\\/produit\\\/pommeau-de-vitesse-bmw-m-performance-led-retro-eclaire\\\/#primaryimage\"},\"thumbnailUrl\":\"https:\\\/\\\/macote.fr\\\/wp-content\\\/uploads\\\/2025\\\/10\\\/3fcfc1f0-d442-418e-9f1f-dd6d4663f045.png\",\"datePublished\":\"2025-10-29T21:51:35+00:00\",\"dateModified\":\"2025-10-31T22:08:23+00:00\",\"breadcrumb\":{\"@id\":\"https:\\\/\\\/macote.fr\\\/produit\\\/pommeau-de-vitesse-bmw-m-performance-led-retro-eclaire\\\/#breadcrumb\"},\"inLanguage\":\"en-US\",\"potentialAction\":[{\"@type\":\"ReadAction\",\"target\":[\"https:\\\/\\\/macote.fr\\\/produit\\\/pommeau-de-vitesse-bmw-m-performance-led-retro-eclaire\\\/\"]}]},{\"@type\":\"ImageObject\",\"inLanguage\":\"en-US\",\"@id\":\"https:\\\/\\\/macote.fr\\\/produit\\\/pommeau-de-vitesse-bmw-m-performance-led-retro-eclaire\\\/#primaryimage\",\"url\":\"https:\\\/\\\/macote.fr\\\/wp-content\\\/uploads\\\/2025\\\/10\\\/3fcfc1f0-d442-418e-9f1f-dd6d4663f045.png\",\"contentUrl\":\"https:\\\/\\\/macote.fr\\\/wp-content\\\/uploads\\\/2025\\\/10\\\/3fcfc1f0-d442-418e-9f1f-dd6d4663f045.png\",\"width\":1024,\"height\":1024,\"caption\":\"Pommeau de vitesse BMW M Performance LED r\u00e9tro\u00e9clair\u00e9 \u2013 cuir noir avec logo M tricolore pour BMW E30, E36, E46, E60, E90, E92, E82, E87, F20, F30\"},{\"@type\":\"BreadcrumbList\",\"@id\":\"https:\\\/\\\/macote.fr\\\/produit\\\/pommeau-de-vitesse-bmw-m-performance-led-retro-eclaire\\\/#breadcrumb\",\"itemListElement\":[{\"@type\":\"ListItem\",\"position\":1,\"name\":\"Accueil\",\"item\":\"https:\\\/\\\/macote.fr\\\/\"},{\"@type\":\"ListItem\",\"position\":2,\"name\":\"Boutique\",\"item\":\"https:\\\/\\\/macote.fr\\\/boutique\\\/\"},{\"@type\":\"ListItem\",\"position\":3,\"name\":\"Pommeau de vitesse BMW M Performance LED r\u00e9tro-\u00e9clair\u00e9\"}]},{\"@type\":\"WebSite\",\"@id\":\"https:\\\/\\\/macote.fr\\\/#website\",\"url\":\"https:\\\/\\\/macote.fr\\\/\",\"name\":\"MaCote.fr\",\"description\":\"BMW best accessories\",\"publisher\":{\"@id\":\"https:\\\/\\\/macote.fr\\\/#organization\"},\"alternateName\":\"BMW tuning\",\"potentialAction\":[{\"@type\":\"SearchAction\",\"target\":{\"@type\":\"EntryPoint\",\"urlTemplate\":\"https:\\\/\\\/macote.fr\\\/?s={search_term_string}\"},\"query-input\":{\"@type\":\"PropertyValueSpecification\",\"valueRequired\":true,\"valueName\":\"search_term_string\"}}],\"inLanguage\":\"en-US\"},{\"@type\":\"Organization\",\"@id\":\"https:\\\/\\\/macote.fr\\\/#organization\",\"name\":\"Macote.fr\",\"alternateName\":\"BMW tuning\",\"url\":\"https:\\\/\\\/macote.fr\\\/\",\"logo\":{\"@type\":\"ImageObject\",\"inLanguage\":\"en-US\",\"@id\":\"https:\\\/\\\/macote.fr\\\/#\\\/schema\\\/logo\\\/image\\\/\",\"url\":\"https:\\\/\\\/macote.fr\\\/wp-content\\\/uploads\\\/2023\\\/11\\\/LOGO-macote.fr-dessin-bmw-noir-copy.jpg\",\"contentUrl\":\"https:\\\/\\\/macote.fr\\\/wp-content\\\/uploads\\\/2023\\\/11\\\/LOGO-macote.fr-dessin-bmw-noir-copy.jpg\",\"width\":732,\"height\":456,\"caption\":\"Macote.fr\"},\"image\":{\"@id\":\"https:\\\/\\\/macote.fr\\\/#\\\/schema\\\/logo\\\/image\\\/\"},\"sameAs\":[\"https:\\\/\\\/www.facebook.com\\\/profile.php?id=100091476586119\",\"https:\\\/\\\/www.youtube.com\\\/channel\\\/UCgO-YTbaxYO-w_C5GfL-_1w\",\"https:\\\/\\\/www.tiktok.com\\\/@macote.fr?is_from_webapp=1&sender_device=pc\",\"https:\\\/\\\/www.instagram.com\\\/i_xila_i\\\/\"]}]}<\/script>\n<!-- \/ Yoast SEO Premium plugin. -->","yoast_head_json":{"title":"BMW M Performance LED gear knob with backlight - MaCote.fr","robots":{"index":"index","follow":"follow","max-snippet":"max-snippet:-1","max-image-preview":"max-image-preview:large","max-video-preview":"max-video-preview:-1"},"canonical":"https:\/\/macote.fr\/en\/product\/gear-knob-bmw-m-performance-led-retro-illuminated\/","og_locale":"en_US","og_type":"article","og_title":"Pommeau de vitesse BMW M Performance LED r\u00e9tro-\u00e9clair\u00e9","og_description":"\u00c9levez l\u2019ambiance int\u00e9rieure de votre BMW \u00e0 un niveau sup\u00e9rieur.Le pommeau M Performance LED illumine chaque trajet d\u2019un \u00e9clat subtil, parfaitement accord\u00e9 \u00e0 l\u2019ADN visuel BMW.","og_url":"https:\/\/macote.fr\/en\/product\/gear-knob-bmw-m-performance-led-retro-illuminated\/","og_site_name":"MaCote.fr","article_publisher":"https:\/\/www.facebook.com\/profile.php?id=100091476586119","article_modified_time":"2025-10-31T22:08:23+00:00","og_image":[{"width":1024,"height":1024,"url":"https:\/\/macote.fr\/wp-content\/uploads\/2025\/10\/3fcfc1f0-d442-418e-9f1f-dd6d4663f045.png","type":"image\/png"}],"twitter_card":"summary_large_image","twitter_misc":{"Est. reading time":"2 minutes"},"schema":{"@context":"https:\/\/schema.org","@graph":[{"@type":"WebPage","@id":"https:\/\/macote.fr\/produit\/pommeau-de-vitesse-bmw-m-performance-led-retro-eclaire\/","url":"https:\/\/macote.fr\/produit\/pommeau-de-vitesse-bmw-m-performance-led-retro-eclaire\/","name":"BMW M Performance LED gear knob with backlight - MaCote.fr","isPartOf":{"@id":"https:\/\/macote.fr\/#website"},"primaryImageOfPage":{"@id":"https:\/\/macote.fr\/produit\/pommeau-de-vitesse-bmw-m-performance-led-retro-eclaire\/#primaryimage"},"image":{"@id":"https:\/\/macote.fr\/produit\/pommeau-de-vitesse-bmw-m-performance-led-retro-eclaire\/#primaryimage"},"thumbnailUrl":"https:\/\/macote.fr\/wp-content\/uploads\/2025\/10\/3fcfc1f0-d442-418e-9f1f-dd6d4663f045.png","datePublished":"2025-10-29T21:51:35+00:00","dateModified":"2025-10-31T22:08:23+00:00","breadcrumb":{"@id":"https:\/\/macote.fr\/produit\/pommeau-de-vitesse-bmw-m-performance-led-retro-eclaire\/#breadcrumb"},"inLanguage":"en-US","potentialAction":[{"@type":"ReadAction","target":["https:\/\/macote.fr\/produit\/pommeau-de-vitesse-bmw-m-performance-led-retro-eclaire\/"]}]},{"@type":"ImageObject","inLanguage":"en-US","@id":"https:\/\/macote.fr\/produit\/pommeau-de-vitesse-bmw-m-performance-led-retro-eclaire\/#primaryimage","url":"https:\/\/macote.fr\/wp-content\/uploads\/2025\/10\/3fcfc1f0-d442-418e-9f1f-dd6d4663f045.png","contentUrl":"https:\/\/macote.fr\/wp-content\/uploads\/2025\/10\/3fcfc1f0-d442-418e-9f1f-dd6d4663f045.png","width":1024,"height":1024,"caption":"Pommeau de vitesse BMW M Performance LED r\u00e9tro\u00e9clair\u00e9 \u2013 cuir noir avec logo M tricolore pour BMW E30, E36, E46, E60, E90, E92, E82, E87, F20, F30"},{"@type":"BreadcrumbList","@id":"https:\/\/macote.fr\/produit\/pommeau-de-vitesse-bmw-m-performance-led-retro-eclaire\/#breadcrumb","itemListElement":[{"@type":"ListItem","position":1,"name":"Accueil","item":"https:\/\/macote.fr\/"},{"@type":"ListItem","position":2,"name":"Boutique","item":"https:\/\/macote.fr\/boutique\/"},{"@type":"ListItem","position":3,"name":"Pommeau de vitesse BMW M Performance LED r\u00e9tro-\u00e9clair\u00e9"}]},{"@type":"WebSite","@id":"https:\/\/macote.fr\/#website","url":"https:\/\/macote.fr\/","name":"MyQuote.com","description":"BMW best accessories","publisher":{"@id":"https:\/\/macote.fr\/#organization"},"alternateName":"BMW tuning","potentialAction":[{"@type":"SearchAction","target":{"@type":"EntryPoint","urlTemplate":"https:\/\/macote.fr\/?s={search_term_string}"},"query-input":{"@type":"PropertyValueSpecification","valueRequired":true,"valueName":"search_term_string"}}],"inLanguage":"en-US"},{"@type":"Organization","@id":"https:\/\/macote.fr\/#organization","name":"Macote.fr","alternateName":"BMW tuning","url":"https:\/\/macote.fr\/","logo":{"@type":"ImageObject","inLanguage":"en-US","@id":"https:\/\/macote.fr\/#\/schema\/logo\/image\/","url":"https:\/\/macote.fr\/wp-content\/uploads\/2023\/11\/LOGO-macote.fr-dessin-bmw-noir-copy.jpg","contentUrl":"https:\/\/macote.fr\/wp-content\/uploads\/2023\/11\/LOGO-macote.fr-dessin-bmw-noir-copy.jpg","width":732,"height":456,"caption":"Macote.fr"},"image":{"@id":"https:\/\/macote.fr\/#\/schema\/logo\/image\/"},"sameAs":["https:\/\/www.facebook.com\/profile.php?id=100091476586119","https:\/\/www.youtube.com\/channel\/UCgO-YTbaxYO-w_C5GfL-_1w","https:\/\/www.tiktok.com\/@macote.fr?is_from_webapp=1&sender_device=pc","https:\/\/www.instagram.com\/i_xila_i\/"]}]}},"_links":{"self":[{"href":"https:\/\/macote.fr\/en\/wp-json\/wp\/v2\/product\/6939","targetHints":{"allow":["GET"]}}],"collection":[{"href":"https:\/\/macote.fr\/en\/wp-json\/wp\/v2\/product"}],"about":[{"href":"https:\/\/macote.fr\/en\/wp-json\/wp\/v2\/types\/product"}],"replies":[{"embeddable":true,"href":"https:\/\/macote.fr\/en\/wp-json\/wp\/v2\/comments?post=6939"}],"wp:featuredmedia":[{"embeddable":true,"href":"https:\/\/macote.fr\/en\/wp-json\/wp\/v2\/media\/6962"}],"wp:attachment":[{"href":"https:\/\/macote.fr\/en\/wp-json\/wp\/v2\/media?parent=6939"}],"wp:term":[{"taxonomy":"product_brand","embeddable":true,"href":"https:\/\/macote.fr\/en\/wp-json\/wp\/v2\/product_brand?post=6939"},{"taxonomy":"product_cat","embeddable":true,"href":"https:\/\/macote.fr\/en\/wp-json\/wp\/v2\/product_cat?post=6939"},{"taxonomy":"product_tag","embeddable":true,"href":"https:\/\/macote.fr\/en\/wp-json\/wp\/v2\/product_tag?post=6939"}],"curies":[{"name":"wp","href":"https:\/\/api.w.org\/{rel}","templated":true}]}}