{"id":7078,"date":"2025-11-29T10:47:52","date_gmt":"2025-11-29T09:47:52","guid":{"rendered":"https:\/\/macote.fr\/?post_type=product&#038;p=7078"},"modified":"2025-11-29T10:50:31","modified_gmt":"2025-11-29T09:50:31","slug":"concealed-storage-box-for-front-central-armrest-bmw-g20-g22-g26-g80-g81-g82-g42","status":"publish","type":"product","link":"https:\/\/macote.fr\/en\/product\/concealed-storage-box-for-front-central-armrest-bmw-g20-g22-g26-g80-g81-g82-g42\/","title":{"rendered":"Hidden Storage Box for Front Center Armrest - BMW (G20\/G22\/G26\/G80\/G81\/G82\/G42)"},"content":{"rendered":"<h1 style=\"text-align: center;\" data-start=\"119\" data-end=\"674\">Discreet Storage Box for Front Center Armrest<\/h1>\n<p data-start=\"119\" data-end=\"674\">This hidden storage box is designed to cover the empty space under the front center armrest of BMW G Series models. Discreet, solid and perfectly integrated, it transforms an unused space into a discreet compartment ideal for securing small items. The press-to-open mechanism ensures rapid access. The overall design is inspired by BMW M styling, with a clean, modern finish.<\/p>\n<p data-start=\"676\" data-end=\"958\">Made from reinforced ABS, it's highly resistant to temperature variations and daily use. Installation is simple: the rear panel is fitted with high-resistance adhesive strips for direct attachment, without tools or vehicle modifications.<\/p>\n<hr data-start=\"960\" data-end=\"963\" \/>\n<p data-start=\"965\" data-end=\"1668\"><strong data-start=\"965\" data-end=\"989\">KEY BENEFITS<\/strong><br data-start=\"989\" data-end=\"992\" \/>\u2022 <strong data-start=\"994\" data-end=\"1014\">Secret storage<\/strong> Discreet space to protect and hide keys, wallet, documents or personal items.<br data-start=\"1107\" data-end=\"1110\" \/>\u2022 <strong data-start=\"1112\" data-end=\"1136\">Perfect integration<\/strong> BMW: design adapted to OEM dimensions, with a finish harmonized with the BMW interior.<br data-start=\"1236\" data-end=\"1239\" \/>\u2022 <strong data-start=\"1241\" data-end=\"1274\">Quick opening by pressing<\/strong> A simple press on the button automatically tilts the flap.<br data-start=\"1347\" data-end=\"1350\" \/>\u2022 <strong data-start=\"1352\" data-end=\"1380\">Tool-free installation<\/strong> High-strength adhesive fastening, no need to remove the armrest.<br data-start=\"1453\" data-end=\"1456\" \/>\u2022 <strong data-start=\"1458\" data-end=\"1472\">Durability<\/strong> Rigid ABS material, scratch-resistant and heat-resistant.<\/p>\n<hr data-start=\"1670\" data-end=\"1673\" \/>\n<p data-start=\"1675\" data-end=\"1692\"><strong data-start=\"1675\" data-end=\"1690\">USE<\/strong><\/p>\n<ol data-start=\"1693\" data-end=\"1976\">\n<li data-start=\"1693\" data-end=\"1749\">\n<p data-start=\"1696\" data-end=\"1749\">Clean the surface of the original rear hatch.<\/p>\n<\/li>\n<li data-start=\"1750\" data-end=\"1800\">\n<p data-start=\"1753\" data-end=\"1800\">Remove the protectors from the adhesive strips.<\/p>\n<\/li>\n<li data-start=\"1801\" data-end=\"1854\">\n<p data-start=\"1804\" data-end=\"1854\">Position the box, aligning it correctly.<\/p>\n<\/li>\n<li data-start=\"1855\" data-end=\"1911\">\n<p data-start=\"1858\" data-end=\"1911\">Press for a few seconds to ensure adhesion.<\/p>\n<\/li>\n<li data-start=\"1912\" data-end=\"1976\">\n<p data-start=\"1915\" data-end=\"1976\">Press the button to open and access the compartment.<\/p>\n<\/li>\n<\/ol>\n<hr data-start=\"1978\" data-end=\"1981\" \/>\n<p data-start=\"1983\" data-end=\"2295\"><strong data-start=\"1983\" data-end=\"2026\">COMPATIBILITY BY MODEL (BMW G Series)<\/strong><br data-start=\"2026\" data-end=\"2029\" \/>\u2022 <strong data-start=\"2031\" data-end=\"2061\">BMW 2 Series G42 + M2 G87 (2-door)<\/strong> - 2021 \u00e0 2025<br data-start=\"2075\" data-end=\"2078\" \/>\u2022 <strong data-start=\"2080\" data-end=\"2099\">BMW 3 Series G20<\/strong> - 2020 \u00e0 2025<br data-start=\"2113\" data-end=\"2116\" \/>\u2022 <strong data-start=\"2118\" data-end=\"2182\">BMW 4 Series G22 (Coup\u00e9) - G23 (Cabriolet) - G26 (Gran Coup\u00e9)<\/strong> - 2020 \u00e0 2025<br data-start=\"2196\" data-end=\"2199\" \/>\u2022 <strong data-start=\"2201\" data-end=\"2215\">BMW i4 G26<\/strong> - 2022 \u00e0 2025<br data-start=\"2229\" data-end=\"2232\" \/>\u2022 <strong data-start=\"2234\" data-end=\"2248\">BMW M3 G80<\/strong> - 2020 \u00e0 2025<br data-start=\"2262\" data-end=\"2265\" \/>\u2022 <strong data-start=\"2267\" data-end=\"2281\">BMW M4 G82<\/strong> - 2020 \u00e0 2025<\/p>\n<hr data-start=\"2297\" data-end=\"2300\" \/>\n<p data-start=\"2302\" data-end=\"2434\"><strong data-start=\"2302\" data-end=\"2328\">PACKAGING CONTENTS<\/strong><br data-start=\"2328\" data-end=\"2331\" \/>- 1\u00d7 Hidden storage box for rear armrest<br data-start=\"2384\" data-end=\"2387\" \/>- 1\u00d7 Pre-installed adhesive kit (high adhesion)<\/p>\n<hr data-start=\"2436\" data-end=\"2439\" \/>\n<p data-start=\"2441\" data-end=\"2608\"><strong data-start=\"2441\" data-end=\"2472\">TECHNICAL DATA<\/strong><br data-start=\"2472\" data-end=\"2475\" \/>- Material: reinforced ABS<br data-start=\"2500\" data-end=\"2503\" \/>- Color: Matt black<br data-start=\"2523\" data-end=\"2526\" \/>- Opening system: Push-open button<br data-start=\"2566\" data-end=\"2569\" \/>- Installation: Gluing (no drilling)<\/p>\n<hr data-start=\"2610\" data-end=\"2613\" \/>","protected":false},"excerpt":{"rendered":"<article class=\"text-token-text-primary w-full focus:outline-none [--shadow-height:45px] has-data-writing-block:pointer-events-none has-data-writing-block:-mt-(--shadow-height) has-data-writing-block:pt-(--shadow-height) [&amp;:has([data-writing-block])&gt;*]:pointer-events-auto scroll-mt-[calc(var(--header-height)+min(200px,max(70px,20svh)))]\" dir=\"auto\" tabindex=\"-1\" data-turn-id=\"request-WEB:969d4352-e9d1-448c-8e3c-57db037a7035-13\" data-testid=\"conversation-turn-6\" data-scroll-anchor=\"false\" data-turn=\"assistant\">\n<div class=\"text-base my-auto mx-auto [--thread-content-margin:--spacing(4)] thread-sm:[--thread-content-margin:--spacing(6)] thread-lg:[--thread-content-margin:--spacing(16)] px-(--thread-content-margin)\">\n<div class=\"[--thread-content-max-width:40rem] thread-lg:[--thread-content-max-width:48rem] mx-auto max-w-(--thread-content-max-width) flex-1 group\/turn-messages focus-visible:outline-hidden relative flex w-full min-w-0 flex-col agent-turn\" tabindex=\"-1\">\n<div class=\"flex max-w-full flex-col grow\">\n<div class=\"min-h-8 text-message relative flex w-full flex-col items-end gap-2 text-start break-words whitespace-normal [.text-message+&amp;]:mt-1\" dir=\"auto\" data-message-author-role=\"assistant\" data-message-id=\"f6c7cc2b-169c-44d6-aa72-00e603eac4f2\" data-message-model-slug=\"gpt-5-1\">\n<div class=\"flex w-full flex-col gap-1 empty:hidden first:pt-[1px]\">\n<div class=\"markdown prose dark:prose-invert w-full break-words dark markdown-new-styling\">\n<p data-start=\"68\" data-end=\"459\">Transforme la trappe arri\u00e8re de ta BMW en compartiment secret gr\u00e2ce \u00e0 cette bo\u00eete de rangement discr\u00e8te et parfaitement ajust\u00e9e. Son ouverture par simple pression offre un acc\u00e8s rapide \u00e0 tes objets personnels tout en les maintenant hors de vue. Fabriqu\u00e9e en ABS r\u00e9sistant et facile \u00e0 installer gr\u00e2ce aux adh\u00e9sifs int\u00e9gr\u00e9s, elle am\u00e9liore \u00e0 la fois l\u2019esth\u00e9tique et la praticit\u00e9 de l\u2019habitacle.<\/p>\n<p data-start=\"461\" data-end=\"650\"><strong data-start=\"461\" data-end=\"474\">Avantages<\/strong><br data-start=\"474\" data-end=\"477\" \/>\u2022 Rangement cach\u00e9 pour objets de valeur<br data-start=\"516\" data-end=\"519\" \/>\u2022 Int\u00e9gration parfaite dans l\u2019accoudoir arri\u00e8re<br data-start=\"566\" data-end=\"569\" \/>\u2022 Ouverture push-open<br data-start=\"590\" data-end=\"593\" \/>\u2022 Installation sans outils<br data-start=\"619\" data-end=\"622\" \/>\u2022 Mat\u00e9riau durable et solide<\/p>\n<p data-start=\"652\" data-end=\"736\" data-is-last-node=\"\" data-is-only-node=\"\"><strong data-start=\"652\" data-end=\"669\">Compatibilit\u00e9<\/strong><br data-start=\"669\" data-end=\"672\" \/>BMW G42, G20, G22, G23, G26, i4 G26, M3 G80, M4 G82 (2020\u20132025)<\/p>\n<\/div>\n<\/div>\n<\/div>\n<\/div>\n<\/div>\n<\/div>\n<\/article>\n","protected":false},"featured_media":7084,"comment_status":"open","ping_status":"closed","template":"","meta":{"_eb_attr":""},"product_brand":[],"product_cat":[132,150,133,152,66,200,207,201,213,202,215],"product_tag":[],"class_list":{"0":"post-7078","1":"product","2":"type-product","3":"status-publish","4":"has-post-thumbnail","6":"product_cat-bmw-serie-3","7":"product_cat-bmw-serie-3-g20-g21-g28","8":"product_cat-bmw-serie-4","9":"product_cat-bmw-serie-4-g22-g23-g36","10":"product_cat-modifications-interieurs","11":"product_cat-m2","12":"product_cat-m2-g87","13":"product_cat-m3","14":"product_cat-m3-g80-g81","15":"product_cat-m4","16":"product_cat-m4-g82-g83","18":"first","19":"instock","20":"taxable","21":"shipping-taxable","22":"purchasable","23":"product-type-simple"},"yoast_head":"<!-- This site is optimized with the Yoast SEO Premium plugin v20.7 (Yoast SEO v27.4) - https:\/\/yoast.com\/product\/yoast-seo-premium-wordpress\/ -->\n<title>Bo\u00eete de Rangement cach\u00e9e pour Accoudoir central avant \u2013 BMW (G20\/G22\/G26\/G80\/G81\/G82\/G42) - MaCote.fr<\/title>\n<meta name=\"robots\" content=\"index, follow, max-snippet:-1, max-image-preview:large, max-video-preview:-1\" \/>\n<link rel=\"canonical\" href=\"https:\/\/macote.fr\/en\/product\/concealed-storage-box-for-front-central-armrest-bmw-g20-g22-g26-g80-g81-g82-g42\/\" \/>\n<meta property=\"og:locale\" content=\"en_US\" \/>\n<meta property=\"og:type\" content=\"article\" \/>\n<meta property=\"og:title\" content=\"Bo\u00eete de Rangement cach\u00e9e pour Accoudoir central avant \u2013 BMW (G20\/G22\/G26\/G80\/G81\/G82\/G42)\" \/>\n<meta property=\"og:description\" content=\"Transforme la trappe arri\u00e8re de ta BMW en compartiment secret gr\u00e2ce \u00e0 cette bo\u00eete de rangement discr\u00e8te et parfaitement ajust\u00e9e. Son ouverture par simple pression offre un acc\u00e8s rapide \u00e0 tes objets personnels tout en les maintenant hors de vue. Fabriqu\u00e9e en ABS r\u00e9sistant et facile \u00e0 installer gr\u00e2ce aux adh\u00e9sifs int\u00e9gr\u00e9s, elle am\u00e9liore \u00e0 la fois l\u2019esth\u00e9tique et la praticit\u00e9 de l\u2019habitacle. Avantages\u2022 Rangement cach\u00e9 pour objets de valeur\u2022 Int\u00e9gration parfaite dans l\u2019accoudoir arri\u00e8re\u2022 Ouverture push-open\u2022 Installation sans outils\u2022 Mat\u00e9riau durable et solide Compatibilit\u00e9BMW G42, G20, G22, G23, G26, i4 G26, M3 G80, M4 G82 (2020\u20132025)\" \/>\n<meta property=\"og:url\" content=\"https:\/\/macote.fr\/en\/product\/concealed-storage-box-for-front-central-armrest-bmw-g20-g22-g26-g80-g81-g82-g42\/\" \/>\n<meta property=\"og:site_name\" content=\"MaCote.fr\" \/>\n<meta property=\"article:publisher\" content=\"https:\/\/www.facebook.com\/profile.php?id=100091476586119\" \/>\n<meta property=\"article:modified_time\" content=\"2025-11-29T09:50:31+00:00\" \/>\n<meta property=\"og:image\" content=\"https:\/\/macote.fr\/wp-content\/uploads\/2025\/11\/module-rangement-arriere-bmw-m3-m4.webp\" \/>\n\t<meta property=\"og:image:width\" content=\"790\" \/>\n\t<meta property=\"og:image:height\" content=\"910\" \/>\n\t<meta property=\"og:image:type\" content=\"image\/webp\" \/>\n<meta name=\"twitter:card\" content=\"summary_large_image\" \/>\n<meta name=\"twitter:label1\" content=\"Est. reading time\" \/>\n\t<meta name=\"twitter:data1\" content=\"2 minutes\" \/>\n<script type=\"application\/ld+json\" class=\"yoast-schema-graph\">{\"@context\":\"https:\\\/\\\/schema.org\",\"@graph\":[{\"@type\":\"WebPage\",\"@id\":\"https:\\\/\\\/macote.fr\\\/produit\\\/boite-de-rangement-cachee-pour-accoudoir-central-avant-bmw-g20-g22-g26-g80-g81-g82-g42\\\/\",\"url\":\"https:\\\/\\\/macote.fr\\\/produit\\\/boite-de-rangement-cachee-pour-accoudoir-central-avant-bmw-g20-g22-g26-g80-g81-g82-g42\\\/\",\"name\":\"Bo\u00eete de Rangement cach\u00e9e pour Accoudoir central avant \u2013 BMW (G20\\\/G22\\\/G26\\\/G80\\\/G81\\\/G82\\\/G42) - MaCote.fr\",\"isPartOf\":{\"@id\":\"https:\\\/\\\/macote.fr\\\/#website\"},\"primaryImageOfPage\":{\"@id\":\"https:\\\/\\\/macote.fr\\\/produit\\\/boite-de-rangement-cachee-pour-accoudoir-central-avant-bmw-g20-g22-g26-g80-g81-g82-g42\\\/#primaryimage\"},\"image\":{\"@id\":\"https:\\\/\\\/macote.fr\\\/produit\\\/boite-de-rangement-cachee-pour-accoudoir-central-avant-bmw-g20-g22-g26-g80-g81-g82-g42\\\/#primaryimage\"},\"thumbnailUrl\":\"https:\\\/\\\/macote.fr\\\/wp-content\\\/uploads\\\/2025\\\/11\\\/module-rangement-arriere-bmw-m3-m4.webp\",\"datePublished\":\"2025-11-29T09:47:52+00:00\",\"dateModified\":\"2025-11-29T09:50:31+00:00\",\"breadcrumb\":{\"@id\":\"https:\\\/\\\/macote.fr\\\/produit\\\/boite-de-rangement-cachee-pour-accoudoir-central-avant-bmw-g20-g22-g26-g80-g81-g82-g42\\\/#breadcrumb\"},\"inLanguage\":\"en-US\",\"potentialAction\":[{\"@type\":\"ReadAction\",\"target\":[\"https:\\\/\\\/macote.fr\\\/produit\\\/boite-de-rangement-cachee-pour-accoudoir-central-avant-bmw-g20-g22-g26-g80-g81-g82-g42\\\/\"]}]},{\"@type\":\"ImageObject\",\"inLanguage\":\"en-US\",\"@id\":\"https:\\\/\\\/macote.fr\\\/produit\\\/boite-de-rangement-cachee-pour-accoudoir-central-avant-bmw-g20-g22-g26-g80-g81-g82-g42\\\/#primaryimage\",\"url\":\"https:\\\/\\\/macote.fr\\\/wp-content\\\/uploads\\\/2025\\\/11\\\/module-rangement-arriere-bmw-m3-m4.webp\",\"contentUrl\":\"https:\\\/\\\/macote.fr\\\/wp-content\\\/uploads\\\/2025\\\/11\\\/module-rangement-arriere-bmw-m3-m4.webp\",\"width\":790,\"height\":910,\"caption\":\"module rangement accoudoir central bmw m3 m4\"},{\"@type\":\"BreadcrumbList\",\"@id\":\"https:\\\/\\\/macote.fr\\\/produit\\\/boite-de-rangement-cachee-pour-accoudoir-central-avant-bmw-g20-g22-g26-g80-g81-g82-g42\\\/#breadcrumb\",\"itemListElement\":[{\"@type\":\"ListItem\",\"position\":1,\"name\":\"Accueil\",\"item\":\"https:\\\/\\\/macote.fr\\\/\"},{\"@type\":\"ListItem\",\"position\":2,\"name\":\"Boutique\",\"item\":\"https:\\\/\\\/macote.fr\\\/boutique\\\/\"},{\"@type\":\"ListItem\",\"position\":3,\"name\":\"Bo\u00eete de Rangement cach\u00e9e pour Accoudoir central avant \u2013 BMW (G20\\\/G22\\\/G26\\\/G80\\\/G81\\\/G82\\\/G42)\"}]},{\"@type\":\"WebSite\",\"@id\":\"https:\\\/\\\/macote.fr\\\/#website\",\"url\":\"https:\\\/\\\/macote.fr\\\/\",\"name\":\"MaCote.fr\",\"description\":\"BMW best accessories\",\"publisher\":{\"@id\":\"https:\\\/\\\/macote.fr\\\/#organization\"},\"alternateName\":\"BMW tuning\",\"potentialAction\":[{\"@type\":\"SearchAction\",\"target\":{\"@type\":\"EntryPoint\",\"urlTemplate\":\"https:\\\/\\\/macote.fr\\\/?s={search_term_string}\"},\"query-input\":{\"@type\":\"PropertyValueSpecification\",\"valueRequired\":true,\"valueName\":\"search_term_string\"}}],\"inLanguage\":\"en-US\"},{\"@type\":\"Organization\",\"@id\":\"https:\\\/\\\/macote.fr\\\/#organization\",\"name\":\"Macote.fr\",\"alternateName\":\"BMW tuning\",\"url\":\"https:\\\/\\\/macote.fr\\\/\",\"logo\":{\"@type\":\"ImageObject\",\"inLanguage\":\"en-US\",\"@id\":\"https:\\\/\\\/macote.fr\\\/#\\\/schema\\\/logo\\\/image\\\/\",\"url\":\"https:\\\/\\\/macote.fr\\\/wp-content\\\/uploads\\\/2023\\\/11\\\/LOGO-macote.fr-dessin-bmw-noir-copy.jpg\",\"contentUrl\":\"https:\\\/\\\/macote.fr\\\/wp-content\\\/uploads\\\/2023\\\/11\\\/LOGO-macote.fr-dessin-bmw-noir-copy.jpg\",\"width\":732,\"height\":456,\"caption\":\"Macote.fr\"},\"image\":{\"@id\":\"https:\\\/\\\/macote.fr\\\/#\\\/schema\\\/logo\\\/image\\\/\"},\"sameAs\":[\"https:\\\/\\\/www.facebook.com\\\/profile.php?id=100091476586119\",\"https:\\\/\\\/www.youtube.com\\\/channel\\\/UCgO-YTbaxYO-w_C5GfL-_1w\",\"https:\\\/\\\/www.tiktok.com\\\/@macote.fr?is_from_webapp=1&sender_device=pc\",\"https:\\\/\\\/www.instagram.com\\\/i_xila_i\\\/\"]}]}<\/script>\n<!-- \/ Yoast SEO Premium plugin. -->","yoast_head_json":{"title":"Hidden Storage Box for Front Center Armrest - BMW (G20\/G22\/G26\/G80\/G81\/G82\/G42) - MaCote.fr","robots":{"index":"index","follow":"follow","max-snippet":"max-snippet:-1","max-image-preview":"max-image-preview:large","max-video-preview":"max-video-preview:-1"},"canonical":"https:\/\/macote.fr\/en\/product\/concealed-storage-box-for-front-central-armrest-bmw-g20-g22-g26-g80-g81-g82-g42\/","og_locale":"en_US","og_type":"article","og_title":"Bo\u00eete de Rangement cach\u00e9e pour Accoudoir central avant \u2013 BMW (G20\/G22\/G26\/G80\/G81\/G82\/G42)","og_description":"Transforme la trappe arri\u00e8re de ta BMW en compartiment secret gr\u00e2ce \u00e0 cette bo\u00eete de rangement discr\u00e8te et parfaitement ajust\u00e9e. Son ouverture par simple pression offre un acc\u00e8s rapide \u00e0 tes objets personnels tout en les maintenant hors de vue. Fabriqu\u00e9e en ABS r\u00e9sistant et facile \u00e0 installer gr\u00e2ce aux adh\u00e9sifs int\u00e9gr\u00e9s, elle am\u00e9liore \u00e0 la fois l\u2019esth\u00e9tique et la praticit\u00e9 de l\u2019habitacle. Avantages\u2022 Rangement cach\u00e9 pour objets de valeur\u2022 Int\u00e9gration parfaite dans l\u2019accoudoir arri\u00e8re\u2022 Ouverture push-open\u2022 Installation sans outils\u2022 Mat\u00e9riau durable et solide Compatibilit\u00e9BMW G42, G20, G22, G23, G26, i4 G26, M3 G80, M4 G82 (2020\u20132025)","og_url":"https:\/\/macote.fr\/en\/product\/concealed-storage-box-for-front-central-armrest-bmw-g20-g22-g26-g80-g81-g82-g42\/","og_site_name":"MaCote.fr","article_publisher":"https:\/\/www.facebook.com\/profile.php?id=100091476586119","article_modified_time":"2025-11-29T09:50:31+00:00","og_image":[{"width":790,"height":910,"url":"https:\/\/macote.fr\/wp-content\/uploads\/2025\/11\/module-rangement-arriere-bmw-m3-m4.webp","type":"image\/webp"}],"twitter_card":"summary_large_image","twitter_misc":{"Est. reading time":"2 minutes"},"schema":{"@context":"https:\/\/schema.org","@graph":[{"@type":"WebPage","@id":"https:\/\/macote.fr\/produit\/boite-de-rangement-cachee-pour-accoudoir-central-avant-bmw-g20-g22-g26-g80-g81-g82-g42\/","url":"https:\/\/macote.fr\/produit\/boite-de-rangement-cachee-pour-accoudoir-central-avant-bmw-g20-g22-g26-g80-g81-g82-g42\/","name":"Hidden Storage Box for Front Center Armrest - BMW (G20\/G22\/G26\/G80\/G81\/G82\/G42) - MaCote.fr","isPartOf":{"@id":"https:\/\/macote.fr\/#website"},"primaryImageOfPage":{"@id":"https:\/\/macote.fr\/produit\/boite-de-rangement-cachee-pour-accoudoir-central-avant-bmw-g20-g22-g26-g80-g81-g82-g42\/#primaryimage"},"image":{"@id":"https:\/\/macote.fr\/produit\/boite-de-rangement-cachee-pour-accoudoir-central-avant-bmw-g20-g22-g26-g80-g81-g82-g42\/#primaryimage"},"thumbnailUrl":"https:\/\/macote.fr\/wp-content\/uploads\/2025\/11\/module-rangement-arriere-bmw-m3-m4.webp","datePublished":"2025-11-29T09:47:52+00:00","dateModified":"2025-11-29T09:50:31+00:00","breadcrumb":{"@id":"https:\/\/macote.fr\/produit\/boite-de-rangement-cachee-pour-accoudoir-central-avant-bmw-g20-g22-g26-g80-g81-g82-g42\/#breadcrumb"},"inLanguage":"en-US","potentialAction":[{"@type":"ReadAction","target":["https:\/\/macote.fr\/produit\/boite-de-rangement-cachee-pour-accoudoir-central-avant-bmw-g20-g22-g26-g80-g81-g82-g42\/"]}]},{"@type":"ImageObject","inLanguage":"en-US","@id":"https:\/\/macote.fr\/produit\/boite-de-rangement-cachee-pour-accoudoir-central-avant-bmw-g20-g22-g26-g80-g81-g82-g42\/#primaryimage","url":"https:\/\/macote.fr\/wp-content\/uploads\/2025\/11\/module-rangement-arriere-bmw-m3-m4.webp","contentUrl":"https:\/\/macote.fr\/wp-content\/uploads\/2025\/11\/module-rangement-arriere-bmw-m3-m4.webp","width":790,"height":910,"caption":"module rangement accoudoir central bmw m3 m4"},{"@type":"BreadcrumbList","@id":"https:\/\/macote.fr\/produit\/boite-de-rangement-cachee-pour-accoudoir-central-avant-bmw-g20-g22-g26-g80-g81-g82-g42\/#breadcrumb","itemListElement":[{"@type":"ListItem","position":1,"name":"Accueil","item":"https:\/\/macote.fr\/"},{"@type":"ListItem","position":2,"name":"Boutique","item":"https:\/\/macote.fr\/boutique\/"},{"@type":"ListItem","position":3,"name":"Bo\u00eete de Rangement cach\u00e9e pour Accoudoir central avant \u2013 BMW (G20\/G22\/G26\/G80\/G81\/G82\/G42)"}]},{"@type":"WebSite","@id":"https:\/\/macote.fr\/#website","url":"https:\/\/macote.fr\/","name":"MyQuote.com","description":"BMW best accessories","publisher":{"@id":"https:\/\/macote.fr\/#organization"},"alternateName":"BMW tuning","potentialAction":[{"@type":"SearchAction","target":{"@type":"EntryPoint","urlTemplate":"https:\/\/macote.fr\/?s={search_term_string}"},"query-input":{"@type":"PropertyValueSpecification","valueRequired":true,"valueName":"search_term_string"}}],"inLanguage":"en-US"},{"@type":"Organization","@id":"https:\/\/macote.fr\/#organization","name":"Macote.fr","alternateName":"BMW tuning","url":"https:\/\/macote.fr\/","logo":{"@type":"ImageObject","inLanguage":"en-US","@id":"https:\/\/macote.fr\/#\/schema\/logo\/image\/","url":"https:\/\/macote.fr\/wp-content\/uploads\/2023\/11\/LOGO-macote.fr-dessin-bmw-noir-copy.jpg","contentUrl":"https:\/\/macote.fr\/wp-content\/uploads\/2023\/11\/LOGO-macote.fr-dessin-bmw-noir-copy.jpg","width":732,"height":456,"caption":"Macote.fr"},"image":{"@id":"https:\/\/macote.fr\/#\/schema\/logo\/image\/"},"sameAs":["https:\/\/www.facebook.com\/profile.php?id=100091476586119","https:\/\/www.youtube.com\/channel\/UCgO-YTbaxYO-w_C5GfL-_1w","https:\/\/www.tiktok.com\/@macote.fr?is_from_webapp=1&sender_device=pc","https:\/\/www.instagram.com\/i_xila_i\/"]}]}},"_links":{"self":[{"href":"https:\/\/macote.fr\/en\/wp-json\/wp\/v2\/product\/7078","targetHints":{"allow":["GET"]}}],"collection":[{"href":"https:\/\/macote.fr\/en\/wp-json\/wp\/v2\/product"}],"about":[{"href":"https:\/\/macote.fr\/en\/wp-json\/wp\/v2\/types\/product"}],"replies":[{"embeddable":true,"href":"https:\/\/macote.fr\/en\/wp-json\/wp\/v2\/comments?post=7078"}],"wp:featuredmedia":[{"embeddable":true,"href":"https:\/\/macote.fr\/en\/wp-json\/wp\/v2\/media\/7084"}],"wp:attachment":[{"href":"https:\/\/macote.fr\/en\/wp-json\/wp\/v2\/media?parent=7078"}],"wp:term":[{"taxonomy":"product_brand","embeddable":true,"href":"https:\/\/macote.fr\/en\/wp-json\/wp\/v2\/product_brand?post=7078"},{"taxonomy":"product_cat","embeddable":true,"href":"https:\/\/macote.fr\/en\/wp-json\/wp\/v2\/product_cat?post=7078"},{"taxonomy":"product_tag","embeddable":true,"href":"https:\/\/macote.fr\/en\/wp-json\/wp\/v2\/product_tag?post=7078"}],"curies":[{"name":"wp","href":"https:\/\/api.w.org\/{rel}","templated":true}]}}