{"id":7162,"date":"2025-12-21T19:38:40","date_gmt":"2025-12-21T18:38:40","guid":{"rendered":"https:\/\/macote.fr\/?post_type=product&#038;p=7162"},"modified":"2025-12-22T14:29:19","modified_gmt":"2025-12-22T13:29:19","slug":"rear-damper-support-reinforcement-plates-bmw-e30-e36-e46-z3-z4","status":"publish","type":"product","link":"https:\/\/macote.fr\/en\/product\/rear-damper-support-reinforcement-plates-bmw-e30-e36-e46-z3-z4\/","title":{"rendered":"Rear shock absorber support reinforcement plates BMW E30 \/ E36 \/ E46 \/ Z3 \/ Z4"},"content":{"rendered":"<h1 style=\"text-align: center;\" data-start=\"227\" data-end=\"313\">BMW rear shock absorber support reinforcement plates<\/h1>\n<p data-start=\"263\" data-end=\"603\">BMW E30, E36 and E46 rear shock absorber towers have a well-known structural weakness. Over time, repeated stresses and impacts can lead to deformation or even tearing of the sheet metal, particularly on vehicles fitted with sport suspensions or subjected to dynamic driving.<\/p>\n<p data-start=\"605\" data-end=\"1033\">On a BMW E46, deformation or tearing of the chassis in this area is particularly critical: it compromises the ground connection, the alignment of the rear axle and the structural integrity of the vehicle, potentially leading to unexpected loss of grip and unstable handling. In the most serious cases, the repairs required can quickly exceed the value of the vehicle.<\/p>\n<p data-start=\"1035\" data-end=\"1295\">These CNC-machined aluminum reinforcement plates are mounted above the rear shock absorber mounts to distribute forces over a wider surface and effectively protect the body against cracking or tearing of the mount.<\/p>\n<p data-start=\"1297\" data-end=\"1555\">It's an essential preventive reliability solution, ideal when replacing shock absorbers or upgrading the chassis, helping to preserve the vehicle's structure and roadholding over the long term.<\/p>\n<p data-start=\"1297\" data-end=\"1555\"><strong>Installation guide :<\/strong> <a href=\"https:\/\/macote.fr\/en\/why-reinforce-the-chassis-of-your-bmw-e30-e36-e46-z3-z4\/\"><strong>https:\/\/macote.fr\/pourquoi-renforcer-le-chassis-de-sa-bmw-e30-e36-e46-z3-z4\/<\/strong><\/a><\/p>\n<hr data-start=\"1085\" data-end=\"1088\" \/>\n<h3 data-start=\"1090\" data-end=\"1117\">Vehicle compatibility<\/h3>\n<p data-start=\"1118\" data-end=\"1174\">\u2714\ufe0f <strong data-start=\"1121\" data-end=\"1140\">BMW 3 Series E30<\/strong> (1986-1991)<br data-start=\"1152\" data-end=\"1155\" \/>- 318 \/ 323 \/ 325<\/p>\n<p data-start=\"1176\" data-end=\"1243\">\u2714\ufe0f <strong data-start=\"1179\" data-end=\"1198\">BMW 3 Series E36<\/strong> (1992-1999)<br data-start=\"1210\" data-end=\"1213\" \/>- 318 \/ 323 \/ 325 \/ 328 \/ M3<\/p>\n<p data-start=\"1245\" data-end=\"1342\">\u2714\ufe0f <strong data-start=\"1248\" data-end=\"1267\">BMW 3 Series E46<\/strong> (1999-2006)<br data-start=\"1279\" data-end=\"1282\" \/>- 323 \/ 325 \/ 328 \/ 330 \/ M3<br data-start=\"1310\" data-end=\"1313\" \/>\u26a0\ufe0f <em data-start=\"1316\" data-end=\"1342\">Not convertible compatible<\/em><\/p>\n<p data-start=\"1344\" data-end=\"1405\">\u2714\ufe0f <strong data-start=\"1347\" data-end=\"1363\">BMW Z3 E36\/7<\/strong>\u00a0(1996-2003)<br data-start=\"1375\" data-end=\"1378\" \/>- 2.0 \/ 2.3 \/ 2.5 \/ 3.0 L<\/p>\n<p data-start=\"1407\" data-end=\"1493\">\u2714\ufe0f <strong data-start=\"1410\" data-end=\"1424\">BMW Z4 E85<\/strong>\u00a0(2003-2008)<br data-start=\"1436\" data-end=\"1439\" \/>- 2.5 \/ 3.0 L<br data-start=\"1452\" data-end=\"1455\" \/>\u26a0\ufe0f <em data-start=\"1458\" data-end=\"1493\">Not compatible with cabriolet versions<\/em><\/p>\n<h3 data-start=\"1500\" data-end=\"1533\">Important points to know<\/h3>\n<p data-start=\"1534\" data-end=\"1905\">On some BMW E30 M3s, the factory has applied a significant amount of sealant around the upper rear shock absorber mounting area.<br data-start=\"1703\" data-end=\"1706\" \/>\u27a1\ufe0f This may prevent the reinforcement plate from lying perfectly flat.<br data-start=\"1780\" data-end=\"1783\" \/>\u27a1\ufe0f Slight adjustments may be necessary to meet manufacturing tolerances specific to this model.<\/p>\n<h3 data-start=\"1912\" data-end=\"1925\">Benefits<\/h3>\n<ul data-start=\"1926\" data-end=\"2183\">\n<li data-start=\"1926\" data-end=\"1983\">\n<p data-start=\"1928\" data-end=\"1983\">Preventing cracks and tears in sheet metal<\/p>\n<\/li>\n<li data-start=\"1984\" data-end=\"2022\">\n<p data-start=\"1986\" data-end=\"2022\">Durable chassis protection<\/p>\n<\/li>\n<li data-start=\"2023\" data-end=\"2064\">\n<p data-start=\"2025\" data-end=\"2064\">Optimal stress distribution<\/p>\n<\/li>\n<li data-start=\"2065\" data-end=\"2135\">\n<p data-start=\"2067\" data-end=\"2135\">Simple, effective solution for shock absorber replacement<\/p>\n<\/li>\n<li data-start=\"2136\" data-end=\"2183\">\n<p data-start=\"2138\" data-end=\"2183\">Sports road \/ heavy-duty compatible<\/p>\n<\/li>\n<\/ul>\n<h3 data-start=\"2190\" data-end=\"2221\">Technical data<\/h3>\n<ul data-start=\"2222\" data-end=\"2560\">\n<li data-start=\"2222\" data-end=\"2284\">\n<p data-start=\"2224\" data-end=\"2284\">Type: rear shock absorber support plates<\/p>\n<\/li>\n<li data-start=\"2285\" data-end=\"2325\">\n<p data-start=\"2287\" data-end=\"2325\">Position: rear (left + right)<\/p>\n<\/li>\n<li data-start=\"2326\" data-end=\"2367\">\n<p data-start=\"2328\" data-end=\"2367\">Material: high-strength aluminum<\/p>\n<\/li>\n<li data-start=\"2368\" data-end=\"2413\">\n<p data-start=\"2370\" data-end=\"2413\">Manufacturing: high-precision CNC machining<\/p>\n<\/li>\n<li data-start=\"2414\" data-end=\"2444\">\n<p data-start=\"2416\" data-end=\"2444\">Finish: frosted aluminum<\/p>\n<\/li>\n<li data-start=\"2445\" data-end=\"2498\">\n<p data-start=\"2447\" data-end=\"2498\">Mounting: bolted (quick installation\/removal)<\/p>\n<\/li>\n<li data-start=\"2499\" data-end=\"2514\">\n<p data-start=\"2501\" data-end=\"2514\">Condition: new<\/p>\n<\/li>\n<li data-start=\"2515\" data-end=\"2560\">\n<p data-start=\"2517\" data-end=\"2560\">OEM equivalent part number : <strong data-start=\"2545\" data-end=\"2560\">33526772864<\/strong><\/p>\n<\/li>\n<\/ul>\n<h3 data-start=\"2567\" data-end=\"2585\">Kit contents<\/h3>\n<ul data-start=\"2586\" data-end=\"2642\">\n<li data-start=\"2586\" data-end=\"2642\">\n<p data-start=\"2588\" data-end=\"2642\"><strong data-start=\"2591\" data-end=\"2624\">1 pair of reinforcement plates<\/strong> (left + right)<\/p>\n<\/li>\n<\/ul>\n<h3 data-start=\"2649\" data-end=\"2678\">Mounting recommendation<\/h3>\n<p data-start=\"2679\" data-end=\"2815\">It is advisable to apply a <strong data-start=\"2712\" data-end=\"2737\">drop of threadlocker<\/strong> on both fixing bolts to prevent loosening over time.<\/p>","protected":false},"excerpt":{"rendered":"<p data-start=\"90\" data-end=\"455\">BMW rear shock towers <strong data-start=\"130\" data-end=\"149\">E30, E36 and E46<\/strong> have a known structural weakness that can lead to the development of <strong data-start=\"233\" data-end=\"276\">sheet metal deformation or tearing<\/strong>. On a <strong data-start=\"286\" data-end=\"293\">E46<\/strong>, This type of damage is particularly serious because it compromises the <strong data-start=\"361\" data-end=\"379\">ground liaison<\/strong> and the\u2019<strong data-start=\"385\" data-end=\"409\">chassis integrity<\/strong>, with repairs that are often very costly.<\/p>\n<p data-start=\"457\" data-end=\"794\" data-is-last-node=\"\" data-is-only-node=\"\">These <strong data-start=\"461\" data-end=\"506\">CNC-machined aluminum reinforcement plates<\/strong> are mounted above the rear shock absorber brackets in order to <strong data-start=\"571\" data-end=\"599\">distribute constraints<\/strong>, <strong data-start=\"601\" data-end=\"623\">protect the body<\/strong> and <strong data-start=\"627\" data-end=\"664\">prevent cracks over the long term<\/strong>. A simple and indispensable reliability solution when replacing shock absorbers or upgrading the chassis.<\/p>","protected":false},"featured_media":7165,"comment_status":"open","ping_status":"closed","template":"","meta":{"_eb_attr":""},"product_brand":[],"product_cat":[132,145,146,147,281,69],"product_tag":[],"class_list":{"0":"post-7162","1":"product","2":"type-product","3":"status-publish","4":"has-post-thumbnail","6":"product_cat-bmw-serie-3","7":"product_cat-bmw-serie-3-e30","8":"product_cat-bmw-serie-3-e36","9":"product_cat-bmw-serie-3-e46","10":"product_cat-chassis","11":"product_cat-modification-de-performance","13":"first","14":"instock","15":"taxable","16":"shipping-taxable","17":"purchasable","18":"product-type-simple"},"yoast_head":"<!-- This site is optimized with the Yoast SEO Premium plugin v20.7 (Yoast SEO v27.3) - https:\/\/yoast.com\/product\/yoast-seo-premium-wordpress\/ -->\n<title>Plaques de renfort de support d\u2019amortisseur arri\u00e8re BMW E30 \/ E36 \/ E46 \/ Z3 \/ Z4 - MaCote.fr<\/title>\n<meta name=\"robots\" content=\"index, follow, max-snippet:-1, max-image-preview:large, max-video-preview:-1\" \/>\n<link rel=\"canonical\" href=\"https:\/\/macote.fr\/en\/product\/rear-damper-support-reinforcement-plates-bmw-e30-e36-e46-z3-z4\/\" \/>\n<meta property=\"og:locale\" content=\"en_US\" \/>\n<meta property=\"og:type\" content=\"article\" \/>\n<meta property=\"og:title\" content=\"Plaques de renfort de support d\u2019amortisseur arri\u00e8re BMW E30 \/ E36 \/ E46 \/ Z3 \/ Z4\" \/>\n<meta property=\"og:description\" content=\"Les tours d\u2019amortisseur arri\u00e8re des BMW E30, E36 et E46 pr\u00e9sentent une faiblesse structurelle connue pouvant entra\u00eener, avec le temps, une d\u00e9formation ou une d\u00e9chirure de la t\u00f4le. Sur une E46, ce type de dommage est particuli\u00e8rement grave car il compromet la liaison au sol et l\u2019int\u00e9grit\u00e9 du ch\u00e2ssis, avec des r\u00e9parations souvent tr\u00e8s co\u00fbteuses. Ces plaques de renfort en aluminium usin\u00e9 CNC se montent au-dessus des supports d\u2019amortisseur arri\u00e8re afin de r\u00e9partir les contraintes, prot\u00e9ger la caisse et pr\u00e9venir durablement les fissures. Une solution de fiabilisation simple et indispensable lors d\u2019un remplacement d\u2019amortisseurs ou d\u2019une remise \u00e0 niveau du ch\u00e2ssis.\" \/>\n<meta property=\"og:url\" content=\"https:\/\/macote.fr\/en\/product\/rear-damper-support-reinforcement-plates-bmw-e30-e36-e46-z3-z4\/\" \/>\n<meta property=\"og:site_name\" content=\"MaCote.fr\" \/>\n<meta property=\"article:publisher\" content=\"https:\/\/www.facebook.com\/profile.php?id=100091476586119\" \/>\n<meta property=\"article:modified_time\" content=\"2025-12-22T13:29:19+00:00\" \/>\n<meta property=\"og:image\" content=\"https:\/\/macote.fr\/wp-content\/uploads\/2025\/12\/plaque-de-renfort-support-amortisseur-arriere-bmw-aluminium-cnc-1024x683.png\" \/>\n\t<meta property=\"og:image:width\" content=\"1024\" \/>\n\t<meta property=\"og:image:height\" content=\"683\" \/>\n\t<meta property=\"og:image:type\" content=\"image\/png\" \/>\n<meta name=\"twitter:card\" content=\"summary_large_image\" \/>\n<meta name=\"twitter:label1\" content=\"Est. reading time\" \/>\n\t<meta name=\"twitter:data1\" content=\"3 minutes\" \/>\n<script type=\"application\/ld+json\" class=\"yoast-schema-graph\">{\"@context\":\"https:\\\/\\\/schema.org\",\"@graph\":[{\"@type\":\"WebPage\",\"@id\":\"https:\\\/\\\/macote.fr\\\/produit\\\/plaques-de-renfort-de-support-damortisseur-arriere-bmw-e30-e36-e46-z3-z4\\\/\",\"url\":\"https:\\\/\\\/macote.fr\\\/produit\\\/plaques-de-renfort-de-support-damortisseur-arriere-bmw-e30-e36-e46-z3-z4\\\/\",\"name\":\"Plaques de renfort de support d\u2019amortisseur arri\u00e8re BMW E30 \\\/ E36 \\\/ E46 \\\/ Z3 \\\/ Z4 - MaCote.fr\",\"isPartOf\":{\"@id\":\"https:\\\/\\\/macote.fr\\\/#website\"},\"primaryImageOfPage\":{\"@id\":\"https:\\\/\\\/macote.fr\\\/produit\\\/plaques-de-renfort-de-support-damortisseur-arriere-bmw-e30-e36-e46-z3-z4\\\/#primaryimage\"},\"image\":{\"@id\":\"https:\\\/\\\/macote.fr\\\/produit\\\/plaques-de-renfort-de-support-damortisseur-arriere-bmw-e30-e36-e46-z3-z4\\\/#primaryimage\"},\"thumbnailUrl\":\"https:\\\/\\\/macote.fr\\\/wp-content\\\/uploads\\\/2025\\\/12\\\/plaque-de-renfort-support-amortisseur-arriere-bmw-aluminium-cnc.png\",\"datePublished\":\"2025-12-21T18:38:40+00:00\",\"dateModified\":\"2025-12-22T13:29:19+00:00\",\"breadcrumb\":{\"@id\":\"https:\\\/\\\/macote.fr\\\/produit\\\/plaques-de-renfort-de-support-damortisseur-arriere-bmw-e30-e36-e46-z3-z4\\\/#breadcrumb\"},\"inLanguage\":\"en-US\",\"potentialAction\":[{\"@type\":\"ReadAction\",\"target\":[\"https:\\\/\\\/macote.fr\\\/produit\\\/plaques-de-renfort-de-support-damortisseur-arriere-bmw-e30-e36-e46-z3-z4\\\/\"]}]},{\"@type\":\"ImageObject\",\"inLanguage\":\"en-US\",\"@id\":\"https:\\\/\\\/macote.fr\\\/produit\\\/plaques-de-renfort-de-support-damortisseur-arriere-bmw-e30-e36-e46-z3-z4\\\/#primaryimage\",\"url\":\"https:\\\/\\\/macote.fr\\\/wp-content\\\/uploads\\\/2025\\\/12\\\/plaque-de-renfort-support-amortisseur-arriere-bmw-aluminium-cnc.png\",\"contentUrl\":\"https:\\\/\\\/macote.fr\\\/wp-content\\\/uploads\\\/2025\\\/12\\\/plaque-de-renfort-support-amortisseur-arriere-bmw-aluminium-cnc.png\",\"width\":1536,\"height\":1024,\"caption\":\"plaque de renfort support amortisseur arri\u00e8re bmw aluminium cnc\"},{\"@type\":\"BreadcrumbList\",\"@id\":\"https:\\\/\\\/macote.fr\\\/produit\\\/plaques-de-renfort-de-support-damortisseur-arriere-bmw-e30-e36-e46-z3-z4\\\/#breadcrumb\",\"itemListElement\":[{\"@type\":\"ListItem\",\"position\":1,\"name\":\"Accueil\",\"item\":\"https:\\\/\\\/macote.fr\\\/\"},{\"@type\":\"ListItem\",\"position\":2,\"name\":\"Boutique\",\"item\":\"https:\\\/\\\/macote.fr\\\/boutique\\\/\"},{\"@type\":\"ListItem\",\"position\":3,\"name\":\"Plaques de renfort de support d\u2019amortisseur arri\u00e8re BMW E30 \\\/ E36 \\\/ E46 \\\/ Z3 \\\/ Z4\"}]},{\"@type\":\"WebSite\",\"@id\":\"https:\\\/\\\/macote.fr\\\/#website\",\"url\":\"https:\\\/\\\/macote.fr\\\/\",\"name\":\"MaCote.fr\",\"description\":\"BMW best accessories\",\"publisher\":{\"@id\":\"https:\\\/\\\/macote.fr\\\/#organization\"},\"alternateName\":\"BMW tuning\",\"potentialAction\":[{\"@type\":\"SearchAction\",\"target\":{\"@type\":\"EntryPoint\",\"urlTemplate\":\"https:\\\/\\\/macote.fr\\\/?s={search_term_string}\"},\"query-input\":{\"@type\":\"PropertyValueSpecification\",\"valueRequired\":true,\"valueName\":\"search_term_string\"}}],\"inLanguage\":\"en-US\"},{\"@type\":\"Organization\",\"@id\":\"https:\\\/\\\/macote.fr\\\/#organization\",\"name\":\"Macote.fr\",\"alternateName\":\"BMW tuning\",\"url\":\"https:\\\/\\\/macote.fr\\\/\",\"logo\":{\"@type\":\"ImageObject\",\"inLanguage\":\"en-US\",\"@id\":\"https:\\\/\\\/macote.fr\\\/#\\\/schema\\\/logo\\\/image\\\/\",\"url\":\"https:\\\/\\\/macote.fr\\\/wp-content\\\/uploads\\\/2023\\\/11\\\/LOGO-macote.fr-dessin-bmw-noir-copy.jpg\",\"contentUrl\":\"https:\\\/\\\/macote.fr\\\/wp-content\\\/uploads\\\/2023\\\/11\\\/LOGO-macote.fr-dessin-bmw-noir-copy.jpg\",\"width\":732,\"height\":456,\"caption\":\"Macote.fr\"},\"image\":{\"@id\":\"https:\\\/\\\/macote.fr\\\/#\\\/schema\\\/logo\\\/image\\\/\"},\"sameAs\":[\"https:\\\/\\\/www.facebook.com\\\/profile.php?id=100091476586119\",\"https:\\\/\\\/www.youtube.com\\\/channel\\\/UCgO-YTbaxYO-w_C5GfL-_1w\",\"https:\\\/\\\/www.tiktok.com\\\/@macote.fr?is_from_webapp=1&sender_device=pc\",\"https:\\\/\\\/www.instagram.com\\\/i_xila_i\\\/\"]}]}<\/script>\n<!-- \/ Yoast SEO Premium plugin. -->","yoast_head_json":{"title":"Rear shock absorber support reinforcement plates BMW E30 \/ E36 \/ E46 \/ Z3 \/ Z4 - MaCote.fr","robots":{"index":"index","follow":"follow","max-snippet":"max-snippet:-1","max-image-preview":"max-image-preview:large","max-video-preview":"max-video-preview:-1"},"canonical":"https:\/\/macote.fr\/en\/product\/rear-damper-support-reinforcement-plates-bmw-e30-e36-e46-z3-z4\/","og_locale":"en_US","og_type":"article","og_title":"Plaques de renfort de support d\u2019amortisseur arri\u00e8re BMW E30 \/ E36 \/ E46 \/ Z3 \/ Z4","og_description":"Les tours d\u2019amortisseur arri\u00e8re des BMW E30, E36 et E46 pr\u00e9sentent une faiblesse structurelle connue pouvant entra\u00eener, avec le temps, une d\u00e9formation ou une d\u00e9chirure de la t\u00f4le. Sur une E46, ce type de dommage est particuli\u00e8rement grave car il compromet la liaison au sol et l\u2019int\u00e9grit\u00e9 du ch\u00e2ssis, avec des r\u00e9parations souvent tr\u00e8s co\u00fbteuses. Ces plaques de renfort en aluminium usin\u00e9 CNC se montent au-dessus des supports d\u2019amortisseur arri\u00e8re afin de r\u00e9partir les contraintes, prot\u00e9ger la caisse et pr\u00e9venir durablement les fissures. Une solution de fiabilisation simple et indispensable lors d\u2019un remplacement d\u2019amortisseurs ou d\u2019une remise \u00e0 niveau du ch\u00e2ssis.","og_url":"https:\/\/macote.fr\/en\/product\/rear-damper-support-reinforcement-plates-bmw-e30-e36-e46-z3-z4\/","og_site_name":"MaCote.fr","article_publisher":"https:\/\/www.facebook.com\/profile.php?id=100091476586119","article_modified_time":"2025-12-22T13:29:19+00:00","og_image":[{"width":1024,"height":683,"url":"https:\/\/macote.fr\/wp-content\/uploads\/2025\/12\/plaque-de-renfort-support-amortisseur-arriere-bmw-aluminium-cnc-1024x683.png","type":"image\/png"}],"twitter_card":"summary_large_image","twitter_misc":{"Est. reading time":"3 minutes"},"schema":{"@context":"https:\/\/schema.org","@graph":[{"@type":"WebPage","@id":"https:\/\/macote.fr\/produit\/plaques-de-renfort-de-support-damortisseur-arriere-bmw-e30-e36-e46-z3-z4\/","url":"https:\/\/macote.fr\/produit\/plaques-de-renfort-de-support-damortisseur-arriere-bmw-e30-e36-e46-z3-z4\/","name":"Rear shock absorber support reinforcement plates BMW E30 \/ E36 \/ E46 \/ Z3 \/ Z4 - MaCote.fr","isPartOf":{"@id":"https:\/\/macote.fr\/#website"},"primaryImageOfPage":{"@id":"https:\/\/macote.fr\/produit\/plaques-de-renfort-de-support-damortisseur-arriere-bmw-e30-e36-e46-z3-z4\/#primaryimage"},"image":{"@id":"https:\/\/macote.fr\/produit\/plaques-de-renfort-de-support-damortisseur-arriere-bmw-e30-e36-e46-z3-z4\/#primaryimage"},"thumbnailUrl":"https:\/\/macote.fr\/wp-content\/uploads\/2025\/12\/plaque-de-renfort-support-amortisseur-arriere-bmw-aluminium-cnc.png","datePublished":"2025-12-21T18:38:40+00:00","dateModified":"2025-12-22T13:29:19+00:00","breadcrumb":{"@id":"https:\/\/macote.fr\/produit\/plaques-de-renfort-de-support-damortisseur-arriere-bmw-e30-e36-e46-z3-z4\/#breadcrumb"},"inLanguage":"en-US","potentialAction":[{"@type":"ReadAction","target":["https:\/\/macote.fr\/produit\/plaques-de-renfort-de-support-damortisseur-arriere-bmw-e30-e36-e46-z3-z4\/"]}]},{"@type":"ImageObject","inLanguage":"en-US","@id":"https:\/\/macote.fr\/produit\/plaques-de-renfort-de-support-damortisseur-arriere-bmw-e30-e36-e46-z3-z4\/#primaryimage","url":"https:\/\/macote.fr\/wp-content\/uploads\/2025\/12\/plaque-de-renfort-support-amortisseur-arriere-bmw-aluminium-cnc.png","contentUrl":"https:\/\/macote.fr\/wp-content\/uploads\/2025\/12\/plaque-de-renfort-support-amortisseur-arriere-bmw-aluminium-cnc.png","width":1536,"height":1024,"caption":"plaque de renfort support amortisseur arri\u00e8re bmw aluminium cnc"},{"@type":"BreadcrumbList","@id":"https:\/\/macote.fr\/produit\/plaques-de-renfort-de-support-damortisseur-arriere-bmw-e30-e36-e46-z3-z4\/#breadcrumb","itemListElement":[{"@type":"ListItem","position":1,"name":"Accueil","item":"https:\/\/macote.fr\/"},{"@type":"ListItem","position":2,"name":"Boutique","item":"https:\/\/macote.fr\/boutique\/"},{"@type":"ListItem","position":3,"name":"Plaques de renfort de support d\u2019amortisseur arri\u00e8re BMW E30 \/ E36 \/ E46 \/ Z3 \/ Z4"}]},{"@type":"WebSite","@id":"https:\/\/macote.fr\/#website","url":"https:\/\/macote.fr\/","name":"MyQuote.com","description":"BMW best accessories","publisher":{"@id":"https:\/\/macote.fr\/#organization"},"alternateName":"BMW tuning","potentialAction":[{"@type":"SearchAction","target":{"@type":"EntryPoint","urlTemplate":"https:\/\/macote.fr\/?s={search_term_string}"},"query-input":{"@type":"PropertyValueSpecification","valueRequired":true,"valueName":"search_term_string"}}],"inLanguage":"en-US"},{"@type":"Organization","@id":"https:\/\/macote.fr\/#organization","name":"Macote.fr","alternateName":"BMW tuning","url":"https:\/\/macote.fr\/","logo":{"@type":"ImageObject","inLanguage":"en-US","@id":"https:\/\/macote.fr\/#\/schema\/logo\/image\/","url":"https:\/\/macote.fr\/wp-content\/uploads\/2023\/11\/LOGO-macote.fr-dessin-bmw-noir-copy.jpg","contentUrl":"https:\/\/macote.fr\/wp-content\/uploads\/2023\/11\/LOGO-macote.fr-dessin-bmw-noir-copy.jpg","width":732,"height":456,"caption":"Macote.fr"},"image":{"@id":"https:\/\/macote.fr\/#\/schema\/logo\/image\/"},"sameAs":["https:\/\/www.facebook.com\/profile.php?id=100091476586119","https:\/\/www.youtube.com\/channel\/UCgO-YTbaxYO-w_C5GfL-_1w","https:\/\/www.tiktok.com\/@macote.fr?is_from_webapp=1&sender_device=pc","https:\/\/www.instagram.com\/i_xila_i\/"]}]}},"_links":{"self":[{"href":"https:\/\/macote.fr\/en\/wp-json\/wp\/v2\/product\/7162","targetHints":{"allow":["GET"]}}],"collection":[{"href":"https:\/\/macote.fr\/en\/wp-json\/wp\/v2\/product"}],"about":[{"href":"https:\/\/macote.fr\/en\/wp-json\/wp\/v2\/types\/product"}],"replies":[{"embeddable":true,"href":"https:\/\/macote.fr\/en\/wp-json\/wp\/v2\/comments?post=7162"}],"wp:featuredmedia":[{"embeddable":true,"href":"https:\/\/macote.fr\/en\/wp-json\/wp\/v2\/media\/7165"}],"wp:attachment":[{"href":"https:\/\/macote.fr\/en\/wp-json\/wp\/v2\/media?parent=7162"}],"wp:term":[{"taxonomy":"product_brand","embeddable":true,"href":"https:\/\/macote.fr\/en\/wp-json\/wp\/v2\/product_brand?post=7162"},{"taxonomy":"product_cat","embeddable":true,"href":"https:\/\/macote.fr\/en\/wp-json\/wp\/v2\/product_cat?post=7162"},{"taxonomy":"product_tag","embeddable":true,"href":"https:\/\/macote.fr\/en\/wp-json\/wp\/v2\/product_tag?post=7162"}],"curies":[{"name":"wp","href":"https:\/\/api.w.org\/{rel}","templated":true}]}}