{"id":1135,"date":"2022-11-09T11:17:11","date_gmt":"2022-11-09T10:17:11","guid":{"rendered":"https:\/\/macote.fr\/?page_id=1135"},"modified":"2024-12-23T11:10:25","modified_gmt":"2024-12-23T10:10:25","slug":"politica-de-devolucion","status":"publish","type":"page","link":"https:\/\/macote.fr\/es\/politica-de-devolucion\/","title":{"rendered":"pol\u00edtica de devoluciones"},"content":{"rendered":"\t\t<div data-elementor-type=\"wp-page\" data-elementor-id=\"1135\" class=\"elementor elementor-1135\" data-elementor-post-type=\"page\">\n\t\t\t\t\t\t<section data-particle_enable=\"false\" data-particle-mobile-disabled=\"false\" class=\"elementor-section elementor-top-section elementor-element elementor-element-aed3f03 elementor-section-boxed elementor-section-height-default elementor-section-height-default\" data-id=\"aed3f03\" data-element_type=\"section\" data-e-type=\"section\">\n\t\t\t\t\t\t<div class=\"elementor-container elementor-column-gap-default\">\n\t\t\t\t\t<div class=\"elementor-column elementor-col-100 elementor-top-column elementor-element elementor-element-3b3b19e\" data-id=\"3b3b19e\" data-element_type=\"column\" data-e-type=\"column\">\n\t\t\t<div class=\"elementor-widget-wrap elementor-element-populated\">\n\t\t\t\t\t\t<div class=\"elementor-element elementor-element-7eed1c2 elementor-widget elementor-widget-heading\" data-id=\"7eed1c2\" data-element_type=\"widget\" data-e-type=\"widget\" data-widget_type=\"heading.default\">\n\t\t\t\t<div class=\"elementor-widget-container\">\n\t\t\t\t\t<h1 class=\"elementor-heading-title elementor-size-default\">Politique de retour\/remboursement :<\/h1>\t\t\t\t<\/div>\n\t\t\t\t<\/div>\n\t\t\t\t<div class=\"elementor-element elementor-element-20057c2 elementor-widget elementor-widget-text-editor\" data-id=\"20057c2\" data-element_type=\"widget\" data-e-type=\"widget\" data-widget_type=\"text-editor.default\">\n\t\t\t\t<div class=\"elementor-widget-container\">\n\t\t\t\t\t\t\t\t\t<p><span style=\"color: #000000;\">Nous nous engageons \u00e0 garantir la satisfaction de nos clients en leur proposant des produits de haute qualit\u00e9. Si vous n&rsquo;\u00eates pas satisfait de votre achat, vous pouvez nous retourner le produit dans les 30 jours suivant la date d&rsquo;achat pour un remboursement complet ou un \u00e9change.<\/span><\/p>\t\t\t\t\t\t\t\t<\/div>\n\t\t\t\t<\/div>\n\t\t\t\t<div class=\"elementor-element elementor-element-98f888d elementor-widget elementor-widget-heading\" data-id=\"98f888d\" data-element_type=\"widget\" data-e-type=\"widget\" data-widget_type=\"heading.default\">\n\t\t\t\t<div class=\"elementor-widget-container\">\n\t\t\t\t\t<h3 class=\"elementor-heading-title elementor-size-default\">D\u00e9lais de livraison :<\/h3>\t\t\t\t<\/div>\n\t\t\t\t<\/div>\n\t\t\t\t<div class=\"elementor-element elementor-element-8264c8e elementor-widget elementor-widget-text-editor\" data-id=\"8264c8e\" data-element_type=\"widget\" data-e-type=\"widget\" data-widget_type=\"text-editor.default\">\n\t\t\t\t<div class=\"elementor-widget-container\">\n\t\t\t\t\t\t\t\t\t<ul><li><span style=\"color: #000000;\">Nous garantissons le remboursement si la livraison n&rsquo;a pas \u00e9t\u00e9 effectu\u00e9 dans les 21jours ouvr\u00e9s.<\/span><\/li><li><span style=\"color: #000000;\">les d\u00e9lais de livraisons sont en g\u00e9n\u00e9rale de 7 \u00e0 14 jours ouvr\u00e9s.\u00a0<\/span><\/li><\/ul>\t\t\t\t\t\t\t\t<\/div>\n\t\t\t\t<\/div>\n\t\t\t\t<div class=\"elementor-element elementor-element-c650c74 elementor-widget elementor-widget-heading\" data-id=\"c650c74\" data-element_type=\"widget\" data-e-type=\"widget\" data-widget_type=\"heading.default\">\n\t\t\t\t<div class=\"elementor-widget-container\">\n\t\t\t\t\t<h3 class=\"elementor-heading-title elementor-size-default\">Conditions de retour :<\/h3>\t\t\t\t<\/div>\n\t\t\t\t<\/div>\n\t\t\t\t<div class=\"elementor-element elementor-element-cc90a21 elementor-widget elementor-widget-text-editor\" data-id=\"cc90a21\" data-element_type=\"widget\" data-e-type=\"widget\" data-widget_type=\"text-editor.default\">\n\t\t\t\t<div class=\"elementor-widget-container\">\n\t\t\t\t\t\t\t\t\t<ul><li><span style=\"color: #000000;\">Les articles doivent \u00eatre retourn\u00e9s dans leur emballage d&rsquo;origine et en parfait \u00e9tat.<\/span><\/li><li><span style=\"color: #000000;\">Les articles personnalis\u00e9s ne sont pas \u00e9ligibles au retour ou \u00e0 l&rsquo;\u00e9change, sauf en cas d&rsquo;erreur de notre part.<\/span><\/li><li><span style=\"color: #000000;\">Les frais de retour sont \u00e0 la charge du client, sauf en cas d&rsquo;erreur de notre part.<\/span><\/li><\/ul><p>\u00a0<\/p>\t\t\t\t\t\t\t\t<\/div>\n\t\t\t\t<\/div>\n\t\t\t\t<div class=\"elementor-element elementor-element-021823a elementor-widget elementor-widget-heading\" data-id=\"021823a\" data-element_type=\"widget\" data-e-type=\"widget\" data-widget_type=\"heading.default\">\n\t\t\t\t<div class=\"elementor-widget-container\">\n\t\t\t\t\t<h3 class=\"elementor-heading-title elementor-size-default\">Proc\u00e9dure de retour :<\/h3>\t\t\t\t<\/div>\n\t\t\t\t<\/div>\n\t\t\t\t<div class=\"elementor-element elementor-element-b7a1656 elementor-widget elementor-widget-text-editor\" data-id=\"b7a1656\" data-element_type=\"widget\" data-e-type=\"widget\" data-widget_type=\"text-editor.default\">\n\t\t\t\t<div class=\"elementor-widget-container\">\n\t\t\t\t\t\t\t\t\t<ul><li><span style=\"color: #000000;\">Contactez notre service client\u00e8le par e-mail pour nous informer de votre souhait de retourner un article. Nous vous fournirons alors les instructions n\u00e9cessaires.<\/span><\/li><li><span style=\"color: #000000;\">Emballez l&rsquo;article dans son emballage d&rsquo;origine et envoyez-le \u00e0 l&rsquo;adresse que nous vous fournirons. N&rsquo;oubliez pas d&rsquo;inclure une copie de votre re\u00e7u d&rsquo;achat.<\/span><\/li><li><span style=\"color: #000000;\">Une fois que nous avons re\u00e7u l&rsquo;article, nous le v\u00e9rifierons pour nous assurer qu&rsquo;il est en parfait \u00e9tat. Si tout est en ordre, nous proc\u00e9derons alors \u00e0 votre remboursement ou \u00e0 l&rsquo;\u00e9change, selon votre choix.<\/span><\/li><\/ul>\t\t\t\t\t\t\t\t<\/div>\n\t\t\t\t<\/div>\n\t\t\t\t<div class=\"elementor-element elementor-element-9fdca03 elementor-widget elementor-widget-heading\" data-id=\"9fdca03\" data-element_type=\"widget\" data-e-type=\"widget\" data-widget_type=\"heading.default\">\n\t\t\t\t<div class=\"elementor-widget-container\">\n\t\t\t\t\t<h3 class=\"elementor-heading-title elementor-size-default\">Remboursements :<\/h3>\t\t\t\t<\/div>\n\t\t\t\t<\/div>\n\t\t\t\t<div class=\"elementor-element elementor-element-de48f75 elementor-widget elementor-widget-text-editor\" data-id=\"de48f75\" data-element_type=\"widget\" data-e-type=\"widget\" data-widget_type=\"text-editor.default\">\n\t\t\t\t<div class=\"elementor-widget-container\">\n\t\t\t\t\t\t\t\t\t<ul><li><span style=\"color: #000000;\">Nous remboursons les clients via le mode de paiement original utilis\u00e9 lors de l&rsquo;achat.<\/span><\/li><li><span style=\"color: #000000;\">Les remboursements sont trait\u00e9s dans un d\u00e9lai de 10 jours ouvrables apr\u00e8s r\u00e9ception de l&rsquo;article retourn\u00e9.<\/span><\/li><\/ul>\t\t\t\t\t\t\t\t<\/div>\n\t\t\t\t<\/div>\n\t\t\t\t<div class=\"elementor-element elementor-element-4623d3b elementor-align-center elementor-widget elementor-widget-button\" data-id=\"4623d3b\" data-element_type=\"widget\" data-e-type=\"widget\" data-widget_type=\"button.default\">\n\t\t\t\t<div class=\"elementor-widget-container\">\n\t\t\t\t\t\t\t\t\t<div class=\"elementor-button-wrapper\">\n\t\t\t\t\t<a class=\"elementor-button elementor-button-link elementor-size-md\" href=\"#\">\n\t\t\t\t\t\t<span class=\"elementor-button-content-wrapper\">\n\t\t\t\t\t\t\t\t\t<span class=\"elementor-button-text\">Contactez-Nous<\/span>\n\t\t\t\t\t<\/span>\n\t\t\t\t\t<\/a>\n\t\t\t\t<\/div>\n\t\t\t\t\t\t\t\t<\/div>\n\t\t\t\t<\/div>\n\t\t\t\t<div class=\"elementor-element elementor-element-036b0ae elementor-widget elementor-widget-text-editor\" data-id=\"036b0ae\" data-element_type=\"widget\" data-e-type=\"widget\" data-widget_type=\"text-editor.default\">\n\t\t\t\t<div class=\"elementor-widget-container\">\n\t\t\t\t\t\t\t\t\t<div class=\"group w-full text-gray-800 dark:text-gray-100 border-b border-black\/10 dark:border-gray-900\/50 bg-gray-50 dark:bg-[#444654]\"><div class=\"text-base gap-4 md:gap-6 md:max-w-2xl lg:max-w-xl xl:max-w-3xl p-4 md:py-6 flex lg:px-0 m-auto\"><div class=\"relative flex w-[calc(100%-50px)] flex-col gap-1 md:gap-3 lg:w-[calc(100%-115px)]\"><div class=\"flex flex-grow flex-col gap-3\"><div class=\"min-h-[20px] flex flex-col items-start gap-4 whitespace-pre-wrap\"><div class=\"markdown prose w-full break-words dark:prose-invert light\"><p style=\"text-align: center;\"><span style=\"color: #000000;\">Si vous avez des questions ou des pr\u00e9occupations concernant notre politique de retour\/remboursement, n&rsquo;h\u00e9sitez pas \u00e0 contacter notre service client\u00e8le. Nous sommes l\u00e0 pour vous aider !<\/span><\/p><\/div><\/div><\/div><\/div><\/div><\/div>\t\t\t\t\t\t\t\t<\/div>\n\t\t\t\t<\/div>\n\t\t\t\t\t<\/div>\n\t\t<\/div>\n\t\t\t\t\t<\/div>\n\t\t<\/section>\n\t\t\t\t<\/div>\n\t\t","protected":false},"excerpt":{"rendered":"<p>Politique de retour\/remboursement : Nous nous engageons \u00e0 garantir la satisfaction de nos clients en leur proposant des produits de haute qualit\u00e9. Si vous n&rsquo;\u00eates pas satisfait de votre achat, vous pouvez nous retourner le produit dans les 30 jours suivant la date d&rsquo;achat pour un remboursement complet ou un \u00e9change. D\u00e9lais de livraison : [&hellip;]<\/p>\n","protected":false},"author":1,"featured_media":0,"parent":0,"menu_order":0,"comment_status":"closed","ping_status":"closed","template":"","meta":{"_eb_attr":"","footnotes":""},"class_list":["post-1135","page","type-page","status-publish","hentry"],"blocksy_meta":[],"yoast_head":"<!-- This site is optimized with the Yoast SEO Premium plugin v20.7 (Yoast SEO v27.4) - https:\/\/yoast.com\/product\/yoast-seo-premium-wordpress\/ -->\n<title>politique de retour\/remboursement - MaCote.fr<\/title>\n<meta name=\"description\" content=\"cette page traite de la politique de retour\/remboursement du site Macote.fr. Vous trouverez ici toutes les informations li\u00e9s.\" \/>\n<meta name=\"robots\" content=\"index, follow, max-snippet:-1, max-image-preview:large, max-video-preview:-1\" \/>\n<link rel=\"canonical\" href=\"https:\/\/macote.fr\/es\/politica-de-devolucion\/\" \/>\n<meta property=\"og:locale\" content=\"es_ES\" \/>\n<meta property=\"og:type\" content=\"article\" \/>\n<meta property=\"og:title\" content=\"politique de retour\/remboursement\" \/>\n<meta property=\"og:description\" content=\"cette page traite de la politique de retour\/remboursement du site Macote.fr. Vous trouverez ici toutes les informations li\u00e9s.\" \/>\n<meta property=\"og:url\" content=\"https:\/\/macote.fr\/es\/politica-de-devolucion\/\" \/>\n<meta property=\"og:site_name\" content=\"MaCote.fr\" \/>\n<meta property=\"article:publisher\" content=\"https:\/\/www.facebook.com\/profile.php?id=100091476586119\" \/>\n<meta property=\"article:modified_time\" content=\"2024-12-23T10:10:25+00:00\" \/>\n<meta property=\"og:image\" content=\"https:\/\/macote.fr\/wp-content\/uploads\/2022\/11\/bmw-black-tuning-e1667980523590.jpg\" \/>\n\t<meta property=\"og:image:width\" content=\"1238\" \/>\n\t<meta property=\"og:image:height\" content=\"1080\" \/>\n\t<meta property=\"og:image:type\" content=\"image\/jpeg\" \/>\n<meta name=\"twitter:card\" content=\"summary_large_image\" \/>\n<meta name=\"twitter:label1\" content=\"Tiempo de lectura\" \/>\n\t<meta name=\"twitter:data1\" content=\"2 minutos\" \/>\n<script type=\"application\/ld+json\" class=\"yoast-schema-graph\">{\"@context\":\"https:\\\/\\\/schema.org\",\"@graph\":[{\"@type\":\"WebPage\",\"@id\":\"https:\\\/\\\/macote.fr\\\/politique-de-retour-remboursement\\\/\",\"url\":\"https:\\\/\\\/macote.fr\\\/politique-de-retour-remboursement\\\/\",\"name\":\"politique de retour\\\/remboursement - MaCote.fr\",\"isPartOf\":{\"@id\":\"https:\\\/\\\/macote.fr\\\/#website\"},\"datePublished\":\"2022-11-09T10:17:11+00:00\",\"dateModified\":\"2024-12-23T10:10:25+00:00\",\"description\":\"cette page traite de la politique de retour\\\/remboursement du site Macote.fr. Vous trouverez ici toutes les informations li\u00e9s.\",\"breadcrumb\":{\"@id\":\"https:\\\/\\\/macote.fr\\\/politique-de-retour-remboursement\\\/#breadcrumb\"},\"inLanguage\":\"es\",\"potentialAction\":[{\"@type\":\"ReadAction\",\"target\":[\"https:\\\/\\\/macote.fr\\\/politique-de-retour-remboursement\\\/\"]}]},{\"@type\":\"BreadcrumbList\",\"@id\":\"https:\\\/\\\/macote.fr\\\/politique-de-retour-remboursement\\\/#breadcrumb\",\"itemListElement\":[{\"@type\":\"ListItem\",\"position\":1,\"name\":\"Accueil\",\"item\":\"https:\\\/\\\/macote.fr\\\/\"},{\"@type\":\"ListItem\",\"position\":2,\"name\":\"politique de retour\\\/remboursement\"}]},{\"@type\":\"WebSite\",\"@id\":\"https:\\\/\\\/macote.fr\\\/#website\",\"url\":\"https:\\\/\\\/macote.fr\\\/\",\"name\":\"MaCote.fr\",\"description\":\"BMW best accessories\",\"publisher\":{\"@id\":\"https:\\\/\\\/macote.fr\\\/#organization\"},\"alternateName\":\"BMW tuning\",\"potentialAction\":[{\"@type\":\"SearchAction\",\"target\":{\"@type\":\"EntryPoint\",\"urlTemplate\":\"https:\\\/\\\/macote.fr\\\/?s={search_term_string}\"},\"query-input\":{\"@type\":\"PropertyValueSpecification\",\"valueRequired\":true,\"valueName\":\"search_term_string\"}}],\"inLanguage\":\"es\"},{\"@type\":\"Organization\",\"@id\":\"https:\\\/\\\/macote.fr\\\/#organization\",\"name\":\"Macote.fr\",\"alternateName\":\"BMW tuning\",\"url\":\"https:\\\/\\\/macote.fr\\\/\",\"logo\":{\"@type\":\"ImageObject\",\"inLanguage\":\"es\",\"@id\":\"https:\\\/\\\/macote.fr\\\/#\\\/schema\\\/logo\\\/image\\\/\",\"url\":\"https:\\\/\\\/macote.fr\\\/wp-content\\\/uploads\\\/2023\\\/11\\\/LOGO-macote.fr-dessin-bmw-noir-copy.jpg\",\"contentUrl\":\"https:\\\/\\\/macote.fr\\\/wp-content\\\/uploads\\\/2023\\\/11\\\/LOGO-macote.fr-dessin-bmw-noir-copy.jpg\",\"width\":732,\"height\":456,\"caption\":\"Macote.fr\"},\"image\":{\"@id\":\"https:\\\/\\\/macote.fr\\\/#\\\/schema\\\/logo\\\/image\\\/\"},\"sameAs\":[\"https:\\\/\\\/www.facebook.com\\\/profile.php?id=100091476586119\",\"https:\\\/\\\/www.youtube.com\\\/channel\\\/UCgO-YTbaxYO-w_C5GfL-_1w\",\"https:\\\/\\\/www.tiktok.com\\\/@macote.fr?is_from_webapp=1&sender_device=pc\",\"https:\\\/\\\/www.instagram.com\\\/i_xila_i\\\/\"]}]}<\/script>\n<!-- \/ Yoast SEO Premium plugin. -->","yoast_head_json":{"title":"Pol\u00edtica de devoluciones y reembolsos - MaCote.fr","description":"Esta p\u00e1gina trata de la pol\u00edtica de devoluciones\/reembolsos del sitio web Macote.fr. Aqu\u00ed encontrar\u00e1 toda la informaci\u00f3n relacionada.","robots":{"index":"index","follow":"follow","max-snippet":"max-snippet:-1","max-image-preview":"max-image-preview:large","max-video-preview":"max-video-preview:-1"},"canonical":"https:\/\/macote.fr\/es\/politica-de-devolucion\/","og_locale":"es_ES","og_type":"article","og_title":"politique de retour\/remboursement","og_description":"cette page traite de la politique de retour\/remboursement du site Macote.fr. Vous trouverez ici toutes les informations li\u00e9s.","og_url":"https:\/\/macote.fr\/es\/politica-de-devolucion\/","og_site_name":"MaCote.fr","article_publisher":"https:\/\/www.facebook.com\/profile.php?id=100091476586119","article_modified_time":"2024-12-23T10:10:25+00:00","og_image":[{"width":1238,"height":1080,"url":"https:\/\/macote.fr\/wp-content\/uploads\/2022\/11\/bmw-black-tuning-e1667980523590.jpg","type":"image\/jpeg"}],"twitter_card":"summary_large_image","twitter_misc":{"Tiempo de lectura":"2 minutos"},"schema":{"@context":"https:\/\/schema.org","@graph":[{"@type":"WebPage","@id":"https:\/\/macote.fr\/politique-de-retour-remboursement\/","url":"https:\/\/macote.fr\/politique-de-retour-remboursement\/","name":"Pol\u00edtica de devoluciones y reembolsos - MaCote.fr","isPartOf":{"@id":"https:\/\/macote.fr\/#website"},"datePublished":"2022-11-09T10:17:11+00:00","dateModified":"2024-12-23T10:10:25+00:00","description":"Esta p\u00e1gina trata de la pol\u00edtica de devoluciones\/reembolsos del sitio web Macote.fr. Aqu\u00ed encontrar\u00e1 toda la informaci\u00f3n relacionada.","breadcrumb":{"@id":"https:\/\/macote.fr\/politique-de-retour-remboursement\/#breadcrumb"},"inLanguage":"es","potentialAction":[{"@type":"ReadAction","target":["https:\/\/macote.fr\/politique-de-retour-remboursement\/"]}]},{"@type":"BreadcrumbList","@id":"https:\/\/macote.fr\/politique-de-retour-remboursement\/#breadcrumb","itemListElement":[{"@type":"ListItem","position":1,"name":"Accueil","item":"https:\/\/macote.fr\/"},{"@type":"ListItem","position":2,"name":"politique de retour\/remboursement"}]},{"@type":"WebSite","@id":"https:\/\/macote.fr\/#website","url":"https:\/\/macote.fr\/","name":"MyQuote.com","description":"Los mejores accesorios BMW","publisher":{"@id":"https:\/\/macote.fr\/#organization"},"alternateName":"BMW tuning","potentialAction":[{"@type":"SearchAction","target":{"@type":"EntryPoint","urlTemplate":"https:\/\/macote.fr\/?s={search_term_string}"},"query-input":{"@type":"PropertyValueSpecification","valueRequired":true,"valueName":"search_term_string"}}],"inLanguage":"es"},{"@type":"Organization","@id":"https:\/\/macote.fr\/#organization","name":"Macote.es","alternateName":"BMW tuning","url":"https:\/\/macote.fr\/","logo":{"@type":"ImageObject","inLanguage":"es","@id":"https:\/\/macote.fr\/#\/schema\/logo\/image\/","url":"https:\/\/macote.fr\/wp-content\/uploads\/2023\/11\/LOGO-macote.fr-dessin-bmw-noir-copy.jpg","contentUrl":"https:\/\/macote.fr\/wp-content\/uploads\/2023\/11\/LOGO-macote.fr-dessin-bmw-noir-copy.jpg","width":732,"height":456,"caption":"Macote.fr"},"image":{"@id":"https:\/\/macote.fr\/#\/schema\/logo\/image\/"},"sameAs":["https:\/\/www.facebook.com\/profile.php?id=100091476586119","https:\/\/www.youtube.com\/channel\/UCgO-YTbaxYO-w_C5GfL-_1w","https:\/\/www.tiktok.com\/@macote.fr?is_from_webapp=1&sender_device=pc","https:\/\/www.instagram.com\/i_xila_i\/"]}]}},"_links":{"self":[{"href":"https:\/\/macote.fr\/es\/wp-json\/wp\/v2\/pages\/1135","targetHints":{"allow":["GET"]}}],"collection":[{"href":"https:\/\/macote.fr\/es\/wp-json\/wp\/v2\/pages"}],"about":[{"href":"https:\/\/macote.fr\/es\/wp-json\/wp\/v2\/types\/page"}],"author":[{"embeddable":true,"href":"https:\/\/macote.fr\/es\/wp-json\/wp\/v2\/users\/1"}],"replies":[{"embeddable":true,"href":"https:\/\/macote.fr\/es\/wp-json\/wp\/v2\/comments?post=1135"}],"version-history":[{"count":23,"href":"https:\/\/macote.fr\/es\/wp-json\/wp\/v2\/pages\/1135\/revisions"}],"predecessor-version":[{"id":5129,"href":"https:\/\/macote.fr\/es\/wp-json\/wp\/v2\/pages\/1135\/revisions\/5129"}],"wp:attachment":[{"href":"https:\/\/macote.fr\/es\/wp-json\/wp\/v2\/media?parent=1135"}],"curies":[{"name":"wp","href":"https:\/\/api.w.org\/{rel}","templated":true}]}}