{"id":646,"date":"2021-12-18T21:05:59","date_gmt":"2021-12-18T20:05:59","guid":{"rendered":"https:\/\/macote.fr\/panier\/"},"modified":"2023-11-21T01:15:16","modified_gmt":"2023-11-21T00:15:16","slug":"cesta","status":"publish","type":"page","link":"https:\/\/macote.fr\/es\/cesta\/","title":{"rendered":"Cesta"},"content":{"rendered":"<div data-elementor-type=\"wp-page\" data-elementor-id=\"646\" class=\"elementor elementor-646\" data-elementor-post-type=\"page\">\n\t\t\t\t\t\t<section data-particle_enable=\"false\" data-particle-mobile-disabled=\"false\" class=\"elementor-section elementor-top-section elementor-element elementor-element-73ebcd14 elementor-section-boxed elementor-section-height-default elementor-section-height-default\" data-id=\"73ebcd14\" data-element_type=\"section\" data-e-type=\"section\">\n\t\t\t\t\t\t<div class=\"elementor-container elementor-column-gap-default\">\n\t\t\t\t\t<div class=\"elementor-column elementor-col-100 elementor-top-column elementor-element elementor-element-7784a6f6\" data-id=\"7784a6f6\" data-element_type=\"column\" data-e-type=\"column\">\n\t\t\t<div class=\"elementor-widget-wrap elementor-element-populated\">\n\t\t\t\t\t\t<div class=\"elementor-element elementor-element-f2ec0b0 elementor-widget elementor-widget-text-editor\" data-id=\"f2ec0b0\" data-element_type=\"widget\" data-e-type=\"widget\" data-widget_type=\"text-editor.default\">\n\t\t\t\t<div class=\"elementor-widget-container\">\n\t\t\t\t\t\t\t\t\t<div class=\"woocommerce\">\n<div class=\"woocommerce-notices-wrapper\"><\/div>\n<div class=\"wc-empty-cart-message\">\n<div class=\"cart-empty woocommerce-info\" role=\"status\">\n\t\tTu carrito est\u00e1 vac\u00edo.\t<\/div>\n<\/div>\n<p class=\"return-to-shop\">\n\t\t<a class=\"button wc-backward\" href=\"https:\/\/macote.fr\/es\/tienda\/\"><br \/>\n\t\t\tVolver a la tienda\t\t<\/a>\n\t<\/p>\n<\/div>\n\t\t\t\t\t\t\t\t<\/div>\n\t\t\t\t<\/div>\n\t\t\t\t\t<\/div>\n\t\t<\/div>\n\t\t\t\t\t<\/div>\n\t\t<\/section>\n\t\t\t\t<section data-particle_enable=\"false\" data-particle-mobile-disabled=\"false\" class=\"elementor-section elementor-top-section elementor-element elementor-element-3168901 elementor-section-boxed elementor-section-height-default elementor-section-height-default\" data-id=\"3168901\" data-element_type=\"section\" data-e-type=\"section\">\n\t\t\t\t\t\t<div class=\"elementor-container elementor-column-gap-default\">\n\t\t\t\t\t<div class=\"elementor-column elementor-col-100 elementor-top-column elementor-element elementor-element-e74a094\" data-id=\"e74a094\" data-element_type=\"column\" data-e-type=\"column\">\n\t\t\t<div class=\"elementor-widget-wrap elementor-element-populated\">\n\t\t\t\t\t\t<div class=\"elementor-element elementor-element-7939314 elementor-widget elementor-widget-heading\" data-id=\"7939314\" data-element_type=\"widget\" data-e-type=\"widget\" data-widget_type=\"heading.default\">\n\t\t\t\t<div class=\"elementor-widget-container\">\n\t\t\t\t\t<h3 class=\"elementor-heading-title elementor-size-default\">Accesorios que pueden interesarle:<\/h3>\t\t\t\t<\/div>\n\t\t\t\t<\/div>\n\t\t\t\t<div class=\"elementor-element elementor-element-7af16e5 eael-product-grid-column-4 elementor-widget elementor-widget-eicon-woocommerce\" data-id=\"7af16e5\" data-element_type=\"widget\" data-e-type=\"widget\" data-widget_type=\"eicon-woocommerce.default\">\n\t\t\t\t<div class=\"elementor-widget-container\">\n\t\t\t\t\t\n        <div class=\"eael-product-grid eael-product-simple masonry\" id=\"eael-product-grid\" data-widget-id=\"7af16e5\" data-page-id=\"646\" data-nonce=\"68212b1bf6\" >\n            <div class=\"woocommerce\">\n                <ul class=\"products eael-post-appender eael-post-appender-7af16e5\" data-ssi-desktop=\"no\" data-ssi-tablet=\"no\" data-ssi-mobile=\"no\" data-layout-mode=\"masonry\"> <li class=\"product\">\n<div class=\"eael-product-wrap\" data-src=\"\" data-src-hover=\"\">\n    <img fetchpriority=\"high\" decoding=\"async\" width=\"300\" height=\"300\" src=\"https:\/\/macote.fr\/wp-content\/uploads\/2025\/10\/3fcfc1f0-d442-418e-9f1f-dd6d4663f045-300x300.png\" class=\"attachment-woocommerce_thumbnail size-woocommerce_thumbnail wvs-archive-product-image\" alt=\"Pomo del cambio BMW M Performance LED con retroiluminaci\u00f3n - cuero negro con logotipo M tricolor para BMW E30, E36, E46, E60, E90, E92, E82, E87, F20, F30\" loading=\"eager\" srcset=\"https:\/\/macote.fr\/wp-content\/uploads\/2025\/10\/3fcfc1f0-d442-418e-9f1f-dd6d4663f045-300x300.png 300w, https:\/\/macote.fr\/wp-content\/uploads\/2025\/10\/3fcfc1f0-d442-418e-9f1f-dd6d4663f045-150x150.png 150w, https:\/\/macote.fr\/wp-content\/uploads\/2025\/10\/3fcfc1f0-d442-418e-9f1f-dd6d4663f045-768x768.png 768w, https:\/\/macote.fr\/wp-content\/uploads\/2025\/10\/3fcfc1f0-d442-418e-9f1f-dd6d4663f045-12x12.png 12w, https:\/\/macote.fr\/wp-content\/uploads\/2025\/10\/3fcfc1f0-d442-418e-9f1f-dd6d4663f045-200x200.png 200w, https:\/\/macote.fr\/wp-content\/uploads\/2025\/10\/3fcfc1f0-d442-418e-9f1f-dd6d4663f045.png 1024w\" sizes=\"(max-width: 300px) 100vw, 300px\" \/><div class=\"eael-product-title\">\n    <a href=\"https:\/\/macote.fr\/es\/producto\/pomo-cambio-bmw-m-performance-led-retro-iluminado\/\" class=\"woocommerce-LoopProduct-link woocommerce-loop-product__link\"><h2 class=\"woocommerce-loop-product__title\">Pomo del cambio BMW M Performance LED con retroiluminaci\u00f3n<\/h2><\/a>\n    <\/div><div class=\"eael-product-price\"><span class=\"woocommerce-Price-amount amount\"><bdi>29,99&nbsp;<span class=\"woocommerce-Price-currencySymbol\">\u20ac<\/span><\/bdi><\/span><\/div>    <a href=\"https:\/\/macote.fr\/es\/producto\/pomo-cambio-bmw-m-performance-led-retro-iluminado\/\" aria-describedby=\"woocommerce_loop_add_to_cart_link_describedby_6939\" data-quantity=\"1\" class=\"button product_type_variable add_to_cart_button\" data-product_id=\"6939\" data-product_sku=\"\" aria-label=\"Elige las opciones para \u201cPommeau de vitesse BMW M Performance LED r\u00e9tro-\u00e9clair\u00e9\u201d\" rel=\"nofollow\" data-no-translation-aria-label=\"\">Seleccionar opciones<\/a>\t<span id=\"woocommerce_loop_add_to_cart_link_describedby_6939\" class=\"screen-reader-text\">\n\t\tEste producto tiene m\u00faltiples variantes. Las opciones se pueden elegir en la p\u00e1gina de producto\t<\/span>\n    \n<\/div>\n\n<\/li> <li class=\"product\">\n<div class=\"eael-product-wrap\" data-src=\"\" data-src-hover=\"\">\n    <img decoding=\"async\" width=\"300\" height=\"300\" src=\"https:\/\/macote.fr\/wp-content\/uploads\/2025\/08\/Amelioration-Calandre-LED-BMW-serie-4-F32-Effet-Iconic-Glow-300x300.webp\" class=\"attachment-woocommerce_thumbnail size-woocommerce_thumbnail wvs-archive-product-image\" alt=\"BMW Serie 4 F32 LED rejilla del radiador actualizaci\u00f3n - Iconic Glow efecto\" loading=\"eager\" srcset=\"https:\/\/macote.fr\/wp-content\/uploads\/2025\/08\/Amelioration-Calandre-LED-BMW-serie-4-F32-Effet-Iconic-Glow-300x300.webp 300w, https:\/\/macote.fr\/wp-content\/uploads\/2025\/08\/Amelioration-Calandre-LED-BMW-serie-4-F32-Effet-Iconic-Glow-150x150.webp 150w, https:\/\/macote.fr\/wp-content\/uploads\/2025\/08\/Amelioration-Calandre-LED-BMW-serie-4-F32-Effet-Iconic-Glow-768x768.webp 768w, https:\/\/macote.fr\/wp-content\/uploads\/2025\/08\/Amelioration-Calandre-LED-BMW-serie-4-F32-Effet-Iconic-Glow-12x12.webp 12w, https:\/\/macote.fr\/wp-content\/uploads\/2025\/08\/Amelioration-Calandre-LED-BMW-serie-4-F32-Effet-Iconic-Glow-200x200.webp 200w, https:\/\/macote.fr\/wp-content\/uploads\/2025\/08\/Amelioration-Calandre-LED-BMW-serie-4-F32-Effet-Iconic-Glow.webp 800w\" sizes=\"(max-width: 300px) 100vw, 300px\" \/><div class=\"eael-product-title\">\n    <a href=\"https:\/\/macote.fr\/es\/producto\/led-parrilla-iconic-glow-bmw-serie-4-f32-f33-2014-2020\/\" class=\"woocommerce-LoopProduct-link woocommerce-loop-product__link\"><h2 class=\"woocommerce-loop-product__title\">Parrilla LED - Iconic Glow - BMW Serie 4 F32, F33 (2014-2020)<\/h2><\/a>\n    <\/div><div class=\"eael-product-price\"><span class=\"woocommerce-Price-amount amount\"><bdi>399,99&nbsp;<span class=\"woocommerce-Price-currencySymbol\">\u20ac<\/span><\/bdi><\/span><\/div>    <a href=\"https:\/\/macote.fr\/es\/producto\/led-parrilla-iconic-glow-bmw-serie-4-f32-f33-2014-2020\/\" aria-describedby=\"woocommerce_loop_add_to_cart_link_describedby_6734\" data-quantity=\"1\" class=\"button product_type_variable add_to_cart_button\" data-product_id=\"6734\" data-product_sku=\"\" aria-label=\"Elige las opciones para \u201cCalandre LED - Iconic Glow - BMW Serie 4 F32, F33 (2014-2020)\u201d\" rel=\"nofollow\" data-no-translation-aria-label=\"\">Seleccionar opciones<\/a>\t<span id=\"woocommerce_loop_add_to_cart_link_describedby_6734\" class=\"screen-reader-text\">\n\t\tEste producto tiene m\u00faltiples variantes. Las opciones se pueden elegir en la p\u00e1gina de producto\t<\/span>\n    \n<\/div>\n\n<\/li> <li class=\"product\">\n<div class=\"eael-product-wrap\" data-src=\"\" data-src-hover=\"\">\n    <img decoding=\"async\" width=\"300\" height=\"300\" src=\"https:\/\/macote.fr\/wp-content\/uploads\/2023\/06\/cerclage-chrome-compteur-bmw-e46-300x300.jpeg\" class=\"attachment-woocommerce_thumbnail size-woocommerce_thumbnail wvs-archive-product-image\" alt=\"bmw e46 anillo cromado medidor\" loading=\"eager\" srcset=\"https:\/\/macote.fr\/wp-content\/uploads\/2023\/06\/cerclage-chrome-compteur-bmw-e46-300x300.jpeg 300w, https:\/\/macote.fr\/wp-content\/uploads\/2023\/06\/cerclage-chrome-compteur-bmw-e46-200x200.jpeg 200w, https:\/\/macote.fr\/wp-content\/uploads\/2023\/06\/cerclage-chrome-compteur-bmw-e46-150x150.jpeg 150w, https:\/\/macote.fr\/wp-content\/uploads\/2023\/06\/cerclage-chrome-compteur-bmw-e46-768x768.jpeg 768w, https:\/\/macote.fr\/wp-content\/uploads\/2023\/06\/cerclage-chrome-compteur-bmw-e46-12x12.jpeg 12w, https:\/\/macote.fr\/wp-content\/uploads\/2023\/06\/cerclage-chrome-compteur-bmw-e46-600x600.jpeg 600w, https:\/\/macote.fr\/wp-content\/uploads\/2023\/06\/cerclage-chrome-compteur-bmw-e46.jpeg 1001w\" sizes=\"(max-width: 300px) 100vw, 300px\" \/><div class=\"eael-product-title\">\n    <a href=\"https:\/\/macote.fr\/es\/producto\/meter-bmw-e46-cerclage-cromo\/\" class=\"woocommerce-LoopProduct-link woocommerce-loop-product__link\"><h2 class=\"woocommerce-loop-product__title\">BMW E46 Chrome Clad Meter<\/h2><\/a>\n    <\/div><div class=\"eael-product-price\"><span class=\"woocommerce-Price-amount amount\"><bdi>20,99&nbsp;<span class=\"woocommerce-Price-currencySymbol\">\u20ac<\/span><\/bdi><\/span><\/div>    <a href=\"\/es\/wp-json\/wp\/v2\/pages\/646?add-to-cart=2226\" aria-describedby=\"woocommerce_loop_add_to_cart_link_describedby_2226\" data-quantity=\"1\" class=\"button product_type_simple add_to_cart_button ajax_add_to_cart\" data-product_id=\"2226\" data-product_sku=\"\" aria-label=\"A\u00f1adir al carrito: \u201cCompteur BMW E46 Cerclage Chrom\u00e9\u201d\" rel=\"nofollow\" data-success_message=\"\u00abCompteur BMW E46 Cerclage Chrom\u00e9\u00bb se ha a\u00f1adido a tu carrito\" data-no-translation-aria-label=\"\" data-no-translation-data-success_message=\"\">Comprar ahora<\/a>\t<span id=\"woocommerce_loop_add_to_cart_link_describedby_2226\" class=\"screen-reader-text\">\n\t\t\t<\/span>\n    \n<\/div>\n\n<\/li> <li class=\"product\">\n<div class=\"eael-product-wrap\" data-src=\"\" data-src-hover=\"\">\n    <img decoding=\"async\" width=\"300\" height=\"300\" src=\"https:\/\/macote.fr\/wp-content\/uploads\/2025\/07\/Calandre-LED-Iconic-Glow-DRL-BMW-Serie-1-e87-300x300.jpg\" class=\"attachment-woocommerce_thumbnail size-woocommerce_thumbnail wvs-archive-product-image\" alt=\"Parrilla LED - Iconic Glow - DRL - BMW Serie 1 e87\" loading=\"eager\" srcset=\"https:\/\/macote.fr\/wp-content\/uploads\/2025\/07\/Calandre-LED-Iconic-Glow-DRL-BMW-Serie-1-e87-300x300.jpg 300w, https:\/\/macote.fr\/wp-content\/uploads\/2025\/07\/Calandre-LED-Iconic-Glow-DRL-BMW-Serie-1-e87-150x150.jpg 150w, https:\/\/macote.fr\/wp-content\/uploads\/2025\/07\/Calandre-LED-Iconic-Glow-DRL-BMW-Serie-1-e87-768x768.jpg 768w, https:\/\/macote.fr\/wp-content\/uploads\/2025\/07\/Calandre-LED-Iconic-Glow-DRL-BMW-Serie-1-e87-12x12.jpg 12w, https:\/\/macote.fr\/wp-content\/uploads\/2025\/07\/Calandre-LED-Iconic-Glow-DRL-BMW-Serie-1-e87-200x200.jpg 200w, https:\/\/macote.fr\/wp-content\/uploads\/2025\/07\/Calandre-LED-Iconic-Glow-DRL-BMW-Serie-1-e87.jpg 800w\" sizes=\"(max-width: 300px) 100vw, 300px\" \/><div class=\"eael-product-title\">\n    <a href=\"https:\/\/macote.fr\/es\/producto\/led-parrilla-iconic-glow-bmw-serie-1-e87-2004-2012\/\" class=\"woocommerce-LoopProduct-link woocommerce-loop-product__link\"><h2 class=\"woocommerce-loop-product__title\">Parrilla LED - Iconic Glow - BMW Serie 1 E87 (2004-2012)<\/h2><\/a>\n    <\/div><div class=\"eael-product-price\"><span class=\"woocommerce-Price-amount amount\"><bdi>299,99&nbsp;<span class=\"woocommerce-Price-currencySymbol\">\u20ac<\/span><\/bdi><\/span><\/div>    <a href=\"https:\/\/macote.fr\/es\/producto\/led-parrilla-iconic-glow-bmw-serie-1-e87-2004-2012\/\" aria-describedby=\"woocommerce_loop_add_to_cart_link_describedby_6691\" data-quantity=\"1\" class=\"button product_type_variable add_to_cart_button\" data-product_id=\"6691\" data-product_sku=\"\" aria-label=\"Elige las opciones para \u201cCalandre LED - Iconic Glow - BMW S\u00e9rie 1 E87 (2004-2012)\u201d\" rel=\"nofollow\" data-no-translation-aria-label=\"\">Seleccionar opciones<\/a>\t<span id=\"woocommerce_loop_add_to_cart_link_describedby_6691\" class=\"screen-reader-text\">\n\t\tEste producto tiene m\u00faltiples variantes. Las opciones se pueden elegir en la p\u00e1gina de producto\t<\/span>\n    \n<\/div>\n\n<\/li><\/ul>            <div class=\"eael-load-more-button-wrap\">\n                <button class=\"eael-load-more-button\" id=\"eael-load-more-btn-7af16e5\" data-widget-id=\"7af16e5\" data-widget=\"7af16e5\" data-page-id=\"646\" data-template=\"{&quot;dir&quot;:&quot;lite&quot;,&quot;file_name&quot;:&quot;simple.php&quot;,&quot;name&quot;:&quot;Eicon-Woocommerce&quot;}\" data-class=\"Essential_Addons_Elementor\\Elements\\Product_Grid\" data-layout=\"masonry\" data-page=\"1\" data-args=\"post_type=product&amp;post_status%5B0%5D=publish&amp;posts_per_page=4&amp;order=desc&amp;offset=0&amp;tax_query%5Brelation%5D=AND&amp;tax_query%5B0%5D%5Btaxonomy%5D=product_visibility&amp;tax_query%5B0%5D%5Bfield%5D=name&amp;tax_query%5B0%5D%5Bterms%5D%5B0%5D=exclude-from-search&amp;tax_query%5B0%5D%5Bterms%5D%5B1%5D=exclude-from-catalog&amp;tax_query%5B0%5D%5Boperator%5D=NOT+IN&amp;meta_query%5Brelation%5D=AND&amp;orderby=rand&amp;total_post=123\" data-max-page=\"31\">\n                    <span class=\"eael-btn-loader button__loader\"><\/span>\n                    <span class=\"eael_load_more_text\">M\u00e1s informaci\u00f3n<\/span>\n                <\/button>\n            <\/div>\n                        <\/div>\n        <\/div>\n\n        <script type=\"text\/javascript\">\n            jQuery(document).ready(function($) {\n                var $scope = jQuery(\".elementor-element-7af16e5\");\n                var $products = $('.products', $scope);\n                var $layout_mode = $products.data('layout-mode');\n                \n                if ( $layout_mode === 'masonry' ) {\n                    \/\/ init isotope\n                    var $isotope_products = $products.isotope({\n                        itemSelector: \"li.product\",\n                        layoutMode: $layout_mode,\n                        percentPosition: true\n                    });\n\n                    $isotope_products.imagesLoaded().progress( function() {\n                        $isotope_products.isotope('layout');\n                    })\n                    \n                }\n            });\n        <\/script>\n        \t\t\t\t<\/div>\n\t\t\t\t<\/div>\n\t\t\t\t\t<\/div>\n\t\t<\/div>\n\t\t\t\t\t<\/div>\n\t\t<\/section>\n\t\t\t\t<section data-particle_enable=\"false\" data-particle-mobile-disabled=\"false\" class=\"elementor-section elementor-top-section elementor-element elementor-element-5d95c71 elementor-section-boxed elementor-section-height-default elementor-section-height-default\" data-id=\"5d95c71\" data-element_type=\"section\" data-e-type=\"section\">\n\t\t\t\t\t\t<div class=\"elementor-container elementor-column-gap-default\">\n\t\t\t\t\t<div class=\"elementor-column elementor-col-100 elementor-top-column elementor-element elementor-element-caa9014\" data-id=\"caa9014\" data-element_type=\"column\" data-e-type=\"column\">\n\t\t\t<div class=\"elementor-widget-wrap\">\n\t\t\t\t\t\t\t<\/div>\n\t\t<\/div>\n\t\t\t\t\t<\/div>\n\t\t<\/section>\n\t\t\t\t<\/div>","protected":false},"excerpt":{"rendered":"<p>Accessoires pouvant vous int\u00e9resser : Kit Suppression Vanne EGR BMW E60\/E61 diesel (520d, 525d, 530d, 535d) &euro;39,99 Buy Now Soufflet simili-cuir frein \u00e0 main + levier de vitesse BMW E46 &euro;15,99 Buy Now angel Eyes BMW E46 &euro;49,99 &ndash; &euro;59,99 Select options Feux diurnes jaunes BMW M3 G80 M4 G82 s\u00e9rie 4 G22 RGB &euro;199,99 [&hellip;]<\/p>\n","protected":false},"author":1,"featured_media":0,"parent":0,"menu_order":0,"comment_status":"closed","ping_status":"closed","template":"","meta":{"_eb_attr":"","footnotes":""},"class_list":["post-646","page","type-page","status-publish","hentry"],"blocksy_meta":[],"yoast_head":"<!-- This site is optimized with the Yoast SEO Premium plugin v20.7 (Yoast SEO v27.3) - https:\/\/yoast.com\/product\/yoast-seo-premium-wordpress\/ -->\n<title>Panier - MaCote.fr<\/title>\n<meta name=\"robots\" content=\"index, follow, max-snippet:-1, max-image-preview:large, max-video-preview:-1\" \/>\n<link rel=\"canonical\" href=\"https:\/\/macote.fr\/es\/cesta\/\" \/>\n<meta property=\"og:locale\" content=\"es_ES\" \/>\n<meta property=\"og:type\" content=\"article\" \/>\n<meta property=\"og:title\" content=\"Panier\" \/>\n<meta property=\"og:description\" content=\"Accessoires pouvant vous int\u00e9resser : Kit Suppression Vanne EGR BMW E60\/E61 diesel (520d, 525d, 530d, 535d) &euro;39,99 Buy Now Soufflet simili-cuir frein \u00e0 main + levier de vitesse BMW E46 &euro;15,99 Buy Now angel Eyes BMW E46 &euro;49,99 &ndash; &euro;59,99 Select options Feux diurnes jaunes BMW M3 G80 M4 G82 s\u00e9rie 4 G22 RGB &euro;199,99 [&hellip;]\" \/>\n<meta property=\"og:url\" content=\"https:\/\/macote.fr\/es\/cesta\/\" \/>\n<meta property=\"og:site_name\" content=\"MaCote.fr\" \/>\n<meta property=\"article:publisher\" content=\"https:\/\/www.facebook.com\/profile.php?id=100091476586119\" \/>\n<meta property=\"article:modified_time\" content=\"2023-11-21T00:15:16+00:00\" \/>\n<meta property=\"og:image\" content=\"https:\/\/macote.fr\/wp-content\/uploads\/2023\/06\/supression-Vanne-EGR-E60E90-298x300.jpeg\" \/>\n<meta name=\"twitter:card\" content=\"summary_large_image\" \/>\n<meta name=\"twitter:label1\" content=\"Tiempo de lectura\" \/>\n\t<meta name=\"twitter:data1\" content=\"4 minutos\" \/>\n<script type=\"application\/ld+json\" class=\"yoast-schema-graph\">{\"@context\":\"https:\\\/\\\/schema.org\",\"@graph\":[{\"@type\":\"WebPage\",\"@id\":\"https:\\\/\\\/macote.fr\\\/panier\\\/\",\"url\":\"https:\\\/\\\/macote.fr\\\/panier\\\/\",\"name\":\"Panier - MaCote.fr\",\"isPartOf\":{\"@id\":\"https:\\\/\\\/macote.fr\\\/#website\"},\"primaryImageOfPage\":{\"@id\":\"https:\\\/\\\/macote.fr\\\/panier\\\/#primaryimage\"},\"image\":{\"@id\":\"https:\\\/\\\/macote.fr\\\/panier\\\/#primaryimage\"},\"thumbnailUrl\":\"https:\\\/\\\/macote.fr\\\/wp-content\\\/uploads\\\/2023\\\/06\\\/supression-Vanne-EGR-E60E90-298x300.jpeg\",\"datePublished\":\"2021-12-18T20:05:59+00:00\",\"dateModified\":\"2023-11-21T00:15:16+00:00\",\"breadcrumb\":{\"@id\":\"https:\\\/\\\/macote.fr\\\/panier\\\/#breadcrumb\"},\"inLanguage\":\"es\",\"potentialAction\":[{\"@type\":\"ReadAction\",\"target\":[\"https:\\\/\\\/macote.fr\\\/panier\\\/\"]}]},{\"@type\":\"ImageObject\",\"inLanguage\":\"es\",\"@id\":\"https:\\\/\\\/macote.fr\\\/panier\\\/#primaryimage\",\"url\":\"https:\\\/\\\/macote.fr\\\/wp-content\\\/uploads\\\/2023\\\/06\\\/supression-Vanne-EGR-E60E90-298x300.jpeg\",\"contentUrl\":\"https:\\\/\\\/macote.fr\\\/wp-content\\\/uploads\\\/2023\\\/06\\\/supression-Vanne-EGR-E60E90-298x300.jpeg\"},{\"@type\":\"BreadcrumbList\",\"@id\":\"https:\\\/\\\/macote.fr\\\/panier\\\/#breadcrumb\",\"itemListElement\":[{\"@type\":\"ListItem\",\"position\":1,\"name\":\"Accueil\",\"item\":\"https:\\\/\\\/macote.fr\\\/\"},{\"@type\":\"ListItem\",\"position\":2,\"name\":\"Panier\"}]},{\"@type\":\"WebSite\",\"@id\":\"https:\\\/\\\/macote.fr\\\/#website\",\"url\":\"https:\\\/\\\/macote.fr\\\/\",\"name\":\"MaCote.fr\",\"description\":\"BMW best accessories\",\"publisher\":{\"@id\":\"https:\\\/\\\/macote.fr\\\/#organization\"},\"alternateName\":\"BMW tuning\",\"potentialAction\":[{\"@type\":\"SearchAction\",\"target\":{\"@type\":\"EntryPoint\",\"urlTemplate\":\"https:\\\/\\\/macote.fr\\\/?s={search_term_string}\"},\"query-input\":{\"@type\":\"PropertyValueSpecification\",\"valueRequired\":true,\"valueName\":\"search_term_string\"}}],\"inLanguage\":\"es\"},{\"@type\":\"Organization\",\"@id\":\"https:\\\/\\\/macote.fr\\\/#organization\",\"name\":\"Macote.fr\",\"alternateName\":\"BMW tuning\",\"url\":\"https:\\\/\\\/macote.fr\\\/\",\"logo\":{\"@type\":\"ImageObject\",\"inLanguage\":\"es\",\"@id\":\"https:\\\/\\\/macote.fr\\\/#\\\/schema\\\/logo\\\/image\\\/\",\"url\":\"https:\\\/\\\/macote.fr\\\/wp-content\\\/uploads\\\/2023\\\/11\\\/LOGO-macote.fr-dessin-bmw-noir-copy.jpg\",\"contentUrl\":\"https:\\\/\\\/macote.fr\\\/wp-content\\\/uploads\\\/2023\\\/11\\\/LOGO-macote.fr-dessin-bmw-noir-copy.jpg\",\"width\":732,\"height\":456,\"caption\":\"Macote.fr\"},\"image\":{\"@id\":\"https:\\\/\\\/macote.fr\\\/#\\\/schema\\\/logo\\\/image\\\/\"},\"sameAs\":[\"https:\\\/\\\/www.facebook.com\\\/profile.php?id=100091476586119\",\"https:\\\/\\\/www.youtube.com\\\/channel\\\/UCgO-YTbaxYO-w_C5GfL-_1w\",\"https:\\\/\\\/www.tiktok.com\\\/@macote.fr?is_from_webapp=1&sender_device=pc\",\"https:\\\/\\\/www.instagram.com\\\/i_xila_i\\\/\"]}]}<\/script>\n<!-- \/ Yoast SEO Premium plugin. -->","yoast_head_json":{"title":"Cesta - MaCote.fr","robots":{"index":"index","follow":"follow","max-snippet":"max-snippet:-1","max-image-preview":"max-image-preview:large","max-video-preview":"max-video-preview:-1"},"canonical":"https:\/\/macote.fr\/es\/cesta\/","og_locale":"es_ES","og_type":"article","og_title":"Panier","og_description":"Accessoires pouvant vous int\u00e9resser : Kit Suppression Vanne EGR BMW E60\/E61 diesel (520d, 525d, 530d, 535d) &euro;39,99 Buy Now Soufflet simili-cuir frein \u00e0 main + levier de vitesse BMW E46 &euro;15,99 Buy Now angel Eyes BMW E46 &euro;49,99 &ndash; &euro;59,99 Select options Feux diurnes jaunes BMW M3 G80 M4 G82 s\u00e9rie 4 G22 RGB &euro;199,99 [&hellip;]","og_url":"https:\/\/macote.fr\/es\/cesta\/","og_site_name":"MaCote.fr","article_publisher":"https:\/\/www.facebook.com\/profile.php?id=100091476586119","article_modified_time":"2023-11-21T00:15:16+00:00","og_image":[{"url":"https:\/\/macote.fr\/wp-content\/uploads\/2023\/06\/supression-Vanne-EGR-E60E90-298x300.jpeg","type":"","width":"","height":""}],"twitter_card":"summary_large_image","twitter_misc":{"Tiempo de lectura":"4 minutos"},"schema":{"@context":"https:\/\/schema.org","@graph":[{"@type":"WebPage","@id":"https:\/\/macote.fr\/panier\/","url":"https:\/\/macote.fr\/panier\/","name":"Cesta - MaCote.fr","isPartOf":{"@id":"https:\/\/macote.fr\/#website"},"primaryImageOfPage":{"@id":"https:\/\/macote.fr\/panier\/#primaryimage"},"image":{"@id":"https:\/\/macote.fr\/panier\/#primaryimage"},"thumbnailUrl":"https:\/\/macote.fr\/wp-content\/uploads\/2023\/06\/supression-Vanne-EGR-E60E90-298x300.jpeg","datePublished":"2021-12-18T20:05:59+00:00","dateModified":"2023-11-21T00:15:16+00:00","breadcrumb":{"@id":"https:\/\/macote.fr\/panier\/#breadcrumb"},"inLanguage":"es","potentialAction":[{"@type":"ReadAction","target":["https:\/\/macote.fr\/panier\/"]}]},{"@type":"ImageObject","inLanguage":"es","@id":"https:\/\/macote.fr\/panier\/#primaryimage","url":"https:\/\/macote.fr\/wp-content\/uploads\/2023\/06\/supression-Vanne-EGR-E60E90-298x300.jpeg","contentUrl":"https:\/\/macote.fr\/wp-content\/uploads\/2023\/06\/supression-Vanne-EGR-E60E90-298x300.jpeg"},{"@type":"BreadcrumbList","@id":"https:\/\/macote.fr\/panier\/#breadcrumb","itemListElement":[{"@type":"ListItem","position":1,"name":"Accueil","item":"https:\/\/macote.fr\/"},{"@type":"ListItem","position":2,"name":"Panier"}]},{"@type":"WebSite","@id":"https:\/\/macote.fr\/#website","url":"https:\/\/macote.fr\/","name":"MyQuote.com","description":"Los mejores accesorios BMW","publisher":{"@id":"https:\/\/macote.fr\/#organization"},"alternateName":"BMW tuning","potentialAction":[{"@type":"SearchAction","target":{"@type":"EntryPoint","urlTemplate":"https:\/\/macote.fr\/?s={search_term_string}"},"query-input":{"@type":"PropertyValueSpecification","valueRequired":true,"valueName":"search_term_string"}}],"inLanguage":"es"},{"@type":"Organization","@id":"https:\/\/macote.fr\/#organization","name":"Macote.es","alternateName":"BMW tuning","url":"https:\/\/macote.fr\/","logo":{"@type":"ImageObject","inLanguage":"es","@id":"https:\/\/macote.fr\/#\/schema\/logo\/image\/","url":"https:\/\/macote.fr\/wp-content\/uploads\/2023\/11\/LOGO-macote.fr-dessin-bmw-noir-copy.jpg","contentUrl":"https:\/\/macote.fr\/wp-content\/uploads\/2023\/11\/LOGO-macote.fr-dessin-bmw-noir-copy.jpg","width":732,"height":456,"caption":"Macote.fr"},"image":{"@id":"https:\/\/macote.fr\/#\/schema\/logo\/image\/"},"sameAs":["https:\/\/www.facebook.com\/profile.php?id=100091476586119","https:\/\/www.youtube.com\/channel\/UCgO-YTbaxYO-w_C5GfL-_1w","https:\/\/www.tiktok.com\/@macote.fr?is_from_webapp=1&sender_device=pc","https:\/\/www.instagram.com\/i_xila_i\/"]}]}},"_links":{"self":[{"href":"https:\/\/macote.fr\/es\/wp-json\/wp\/v2\/pages\/646","targetHints":{"allow":["GET"]}}],"collection":[{"href":"https:\/\/macote.fr\/es\/wp-json\/wp\/v2\/pages"}],"about":[{"href":"https:\/\/macote.fr\/es\/wp-json\/wp\/v2\/types\/page"}],"author":[{"embeddable":true,"href":"https:\/\/macote.fr\/es\/wp-json\/wp\/v2\/users\/1"}],"replies":[{"embeddable":true,"href":"https:\/\/macote.fr\/es\/wp-json\/wp\/v2\/comments?post=646"}],"version-history":[{"count":20,"href":"https:\/\/macote.fr\/es\/wp-json\/wp\/v2\/pages\/646\/revisions"}],"predecessor-version":[{"id":3232,"href":"https:\/\/macote.fr\/es\/wp-json\/wp\/v2\/pages\/646\/revisions\/3232"}],"wp:attachment":[{"href":"https:\/\/macote.fr\/es\/wp-json\/wp\/v2\/media?parent=646"}],"curies":[{"name":"wp","href":"https:\/\/api.w.org\/{rel}","templated":true}]}}