{"id":1023,"date":"2022-10-19T11:23:53","date_gmt":"2022-10-19T09:23:53","guid":{"rendered":"https:\/\/macote.fr\/?post_type=product&#038;p=1023"},"modified":"2025-06-16T10:43:16","modified_gmt":"2025-06-16T08:43:16","slug":"angel-eyes-bmw-e46","status":"publish","type":"product","link":"https:\/\/macote.fr\/es\/producto\/angel-eyes-bmw-e46\/","title":{"rendered":"angel ojos BMW E46"},"content":{"rendered":"<h1 style=\"text-align: center;\">Angel Eyes BMW E46<\/h1>\n<p>Los Angel Eyes bmw e46 son una modificaci\u00f3n popular para los propietarios de BMW que buscan a\u00f1adir un toque \u00fanico y agresivo a su veh\u00edculo. Los faros originales BMW ya son impresionantes, pero los Angel Eyes les dan un aspecto a\u00fan m\u00e1s llamativo.<\/p>\n<p>BMW E46 Angel Eyes son anillos de luz LED que rodean los faros de su BMW. Los anillos de luz est\u00e1n dise\u00f1ados para reemplazar las bombillas hal\u00f3genas originales, y se utilizan a menudo en conjunci\u00f3n con bombillas LED para una iluminaci\u00f3n \u00f3ptima.<\/p>\n<h4>Modernidad :<\/h4>\n<p>El estilo agresivo de los BMW E46 Angel Eyes a\u00f1ade un toque de deportividad y elegancia a su BMW. Cuando se iluminan, los anillos luminosos dan un efecto penetrante y anguloso, reforzando la impresi\u00f3n de dinamismo del veh\u00edculo. Esto permite a los propietarios de BMW destacar entre la multitud y mostrar su personalidad \u00fanica.<\/p>\n<p>A diferencia de los m\u00f3dulos de faros Angel Eyes, los Angel Eyes E46 son f\u00e1ciles de instalar y asequibles. Lo que es m\u00e1s, no requieren grandes modificaciones en su coche. Se pueden instalar en casa y las instrucciones se incluyen con el conjunto de anillos de luz.<\/p>\n<h4>Combine nuestros ojos de \u00e1ngel con :<\/h4>\n<p>Encuentra la versi\u00f3n RBG de nuestros ojos de \u00e1ngel para adaptar tu BMW a tu estilo.<\/p>\n<blockquote class=\"wp-embedded-content\" data-secret=\"kKV5a3HgS1\"><p><a href=\"https:\/\/macote.fr\/es\/producto\/kit-angel-eyes-bmw-rgb\/\">KIT Angel Eyes BMW RGB<\/a><\/p><\/blockquote>\n<p><iframe class=\"wp-embedded-content\" sandbox=\"allow-scripts\" security=\"restricted\" style=\"position: absolute; clip: rect(1px, 1px, 1px, 1px);\" title=\"&quot; KIT Angel Eyes BMW RGB - MaCote.fr\" src=\"https:\/\/macote.fr\/produit\/angel-eyes-bmw-rgb-kit\/embed\/#?secret=XC3GqmSF1f#?secret=kKV5a3HgS1\" data-secret=\"kKV5a3HgS1\" width=\"600\" height=\"338\" frameborder=\"0\" marginwidth=\"0\" marginheight=\"0\" scrolling=\"no\"><\/iframe><\/p>\n<p>Descubra nuestras bombillas LED para completar el estilo de su BMW y disfrutar de una iluminaci\u00f3n de alta calidad.<\/p>\n<blockquote class=\"wp-embedded-content\" data-secret=\"0abWb6nGlV\"><p><a href=\"https:\/\/macote.fr\/es\/producto\/ampoules-led-voiture\/\">Bombillas LED para coches<\/a><\/p><\/blockquote>\n<p><iframe class=\"wp-embedded-content\" sandbox=\"allow-scripts\" security=\"restricted\" style=\"position: absolute; clip: rect(1px, 1px, 1px, 1px);\" title=\"&quot; Bombillas LED para coches - MaCote.fr\" src=\"https:\/\/macote.fr\/produit\/ampoules-led-voiture\/embed\/#?secret=MpDawn2GQX#?secret=0abWb6nGlV\" data-secret=\"0abWb6nGlV\" width=\"600\" height=\"338\" frameborder=\"0\" marginwidth=\"0\" marginheight=\"0\" scrolling=\"no\"><\/iframe><\/p>\n<p>&nbsp;<\/p>\n<h4>Caracter\u00edsticas :<\/h4>\n<p>-Luces led \"ojos de \u00e1ngel\" superbrillantes<br \/>\n-Luz blanca brillante con una temperatura de brillo de 6000K<br \/>\n-Luz blanca ultrabrillante (visible incluso con xen\u00f3n)<\/p>\n<p>-Ajuste personalizado para el faro.<br \/>\n-Color blanco o amarillo<br \/>\n-Puede conectarse con la luz de bienvenida, DRL u otras luces.<br \/>\n-Fabricado con luces LED SMD de alta calidad<br \/>\n-5 veces m\u00e1s brillante que el original<br \/>\n-Dale a tu BMW E46 un aspecto premium<br \/>\n-100% Nuevo<br \/>\n-Voltaje: 12V.<\/p>\n<p>&nbsp;<\/p>\n<h4>Modelos compatibles<\/h4>\n<p>Para BMW Serie 3 E46 Berlina, Estate\/touring 1998-2001 (fase 1) Faro hal\u00f3geno<\/p>\n<p>Para BMW Serie 3 E46 Berlina, Estate\/touring 1998-2001 (fase 1) Faros de xen\u00f3n<\/p>\n<p>Para BMW Serie 3 E46 Berlina, Estate\/touring 2001-2005 (fase 2) Faro hal\u00f3geno LCI<\/p>\n<p>Para BMW Serie 3 E46 Berlina, Estate\/touring 2001-2005 (fase 2) Actualizaci\u00f3n de faros de xen\u00f3n<\/p>\n<p>Para BMW serie 3 E46 Coupe, Cabrio Convertible 2004 2005 2006 LCI facelift<\/p>\n<p>Para BMW serie 3 E46 Compact ti 2001-2005<\/p>\n<div>\n<h4>Motores compatibles :<\/h4>\n<\/div>\n<div>\n<div>316 i \/ Ci \/ ti<\/div>\n<div>318 d \/ td<\/div>\n<div>318 i \/ Ci \/ ti<\/div>\n<div>\n<div>320 d \/ Cd \/ td<\/div>\n<div>320 i \/ Ci<\/div>\n<div>\n<div>323 i \/ Ci<\/div>\n<div>325 i \/ xi \/ Ci \/ ti<\/div>\n<div>328 i \/ Ci<\/div>\n<div>330 d \/ xd \/ Cd<\/div>\n<div>330 i \/ Ci<\/div>\n<div>M3 \/ M3 CSL<\/div>\n<\/div>\n<\/div>\n<div><\/div>\n<\/div>\n<p>&nbsp;<\/p>\n<div>\n<div style=\"text-align: left;\" data-spm-anchor-id=\"a2g0o.detail.1000023.i0.14b09963mvBfzC\"><\/div>\n<\/div>","protected":false},"excerpt":{"rendered":"<p>Nuestros angel Eyes Bmw e46 est\u00e1n disponibles en dos colores: blanco y\/o amarillo. Son f\u00e1ciles de instalar y compatibles con todos los modelos E46. Con su tecnolog\u00eda de luz de algod\u00f3n, producen una luz suave y agresiva al mismo tiempo.<\/p>","protected":false},"featured_media":1025,"comment_status":"open","ping_status":"closed","template":"","meta":{"_eb_attr":""},"product_brand":[],"product_cat":[147,68,67],"product_tag":[],"class_list":{"0":"post-1023","1":"product","2":"type-product","3":"status-publish","4":"has-post-thumbnail","6":"product_cat-bmw-serie-3-e46","7":"product_cat-eclairage-signature-lumineuse","8":"product_cat-modification-exterieur-vehicule","10":"first","11":"instock","12":"taxable","13":"shipping-taxable","14":"purchasable","15":"product-type-variable"},"yoast_head":"<!-- This site is optimized with the Yoast SEO Premium plugin v20.7 (Yoast SEO v27.4) - https:\/\/yoast.com\/product\/yoast-seo-premium-wordpress\/ -->\n<title>angel Eyes BMW E46 - MaCote.fr<\/title>\n<meta name=\"description\" content=\"Am\u00e9liorez le style de votre voiture avec nos angel Eyes BMW E46 de qualit\u00e9 offrant une apparence moderne et \u00e9l\u00e9gante, installation simple: phares angel eyes\" \/>\n<meta name=\"robots\" content=\"index, follow, max-snippet:-1, max-image-preview:large, max-video-preview:-1\" \/>\n<link rel=\"canonical\" href=\"https:\/\/macote.fr\/es\/producto\/angel-eyes-bmw-e46\/\" \/>\n<meta property=\"og:locale\" content=\"es_ES\" \/>\n<meta property=\"og:type\" content=\"article\" \/>\n<meta property=\"og:title\" content=\"angel Eyes BMW E46\" \/>\n<meta property=\"og:description\" content=\"Am\u00e9liorez le style de votre voiture avec nos angel Eyes BMW E46 de qualit\u00e9 offrant une apparence moderne et \u00e9l\u00e9gante, installation simple: phares angel eyes\" \/>\n<meta property=\"og:url\" content=\"https:\/\/macote.fr\/es\/producto\/angel-eyes-bmw-e46\/\" \/>\n<meta property=\"og:site_name\" content=\"MaCote.fr\" \/>\n<meta property=\"article:publisher\" content=\"https:\/\/www.facebook.com\/profile.php?id=100091476586119\" \/>\n<meta property=\"article:modified_time\" content=\"2025-06-16T08:43:16+00:00\" \/>\n<meta property=\"og:image\" content=\"https:\/\/macote.fr\/wp-content\/uploads\/2022\/10\/angels-eyes-BMW-e46coton-led-6000k.jpg\" \/>\n\t<meta property=\"og:image:width\" content=\"800\" \/>\n\t<meta property=\"og:image:height\" content=\"800\" \/>\n\t<meta property=\"og:image:type\" content=\"image\/jpeg\" \/>\n<meta name=\"twitter:card\" content=\"summary_large_image\" \/>\n<meta name=\"twitter:label1\" content=\"Tiempo de lectura\" \/>\n\t<meta name=\"twitter:data1\" content=\"3 minutos\" \/>\n<script type=\"application\/ld+json\" class=\"yoast-schema-graph\">{\"@context\":\"https:\\\/\\\/schema.org\",\"@graph\":[{\"@type\":\"WebPage\",\"@id\":\"https:\\\/\\\/macote.fr\\\/produit\\\/angel-eyes-bmw-e46\\\/\",\"url\":\"https:\\\/\\\/macote.fr\\\/produit\\\/angel-eyes-bmw-e46\\\/\",\"name\":\"angel Eyes BMW E46 - MaCote.fr\",\"isPartOf\":{\"@id\":\"https:\\\/\\\/macote.fr\\\/#website\"},\"primaryImageOfPage\":{\"@id\":\"https:\\\/\\\/macote.fr\\\/produit\\\/angel-eyes-bmw-e46\\\/#primaryimage\"},\"image\":{\"@id\":\"https:\\\/\\\/macote.fr\\\/produit\\\/angel-eyes-bmw-e46\\\/#primaryimage\"},\"thumbnailUrl\":\"https:\\\/\\\/macote.fr\\\/wp-content\\\/uploads\\\/2022\\\/10\\\/angels-eyes-BMW-e46coton-led-6000k.jpg\",\"datePublished\":\"2022-10-19T09:23:53+00:00\",\"dateModified\":\"2025-06-16T08:43:16+00:00\",\"description\":\"Am\u00e9liorez le style de votre voiture avec nos angel Eyes BMW E46 de qualit\u00e9 offrant une apparence moderne et \u00e9l\u00e9gante, installation simple: phares angel eyes\",\"breadcrumb\":{\"@id\":\"https:\\\/\\\/macote.fr\\\/produit\\\/angel-eyes-bmw-e46\\\/#breadcrumb\"},\"inLanguage\":\"es\",\"potentialAction\":[{\"@type\":\"ReadAction\",\"target\":[\"https:\\\/\\\/macote.fr\\\/produit\\\/angel-eyes-bmw-e46\\\/\"]}]},{\"@type\":\"ImageObject\",\"inLanguage\":\"es\",\"@id\":\"https:\\\/\\\/macote.fr\\\/produit\\\/angel-eyes-bmw-e46\\\/#primaryimage\",\"url\":\"https:\\\/\\\/macote.fr\\\/wp-content\\\/uploads\\\/2022\\\/10\\\/angels-eyes-BMW-e46coton-led-6000k.jpg\",\"contentUrl\":\"https:\\\/\\\/macote.fr\\\/wp-content\\\/uploads\\\/2022\\\/10\\\/angels-eyes-BMW-e46coton-led-6000k.jpg\",\"width\":800,\"height\":800,\"caption\":\"angels eyes BMW e46, white and yellow angel eyes E46\"},{\"@type\":\"BreadcrumbList\",\"@id\":\"https:\\\/\\\/macote.fr\\\/produit\\\/angel-eyes-bmw-e46\\\/#breadcrumb\",\"itemListElement\":[{\"@type\":\"ListItem\",\"position\":1,\"name\":\"Accueil\",\"item\":\"https:\\\/\\\/macote.fr\\\/\"},{\"@type\":\"ListItem\",\"position\":2,\"name\":\"Boutique\",\"item\":\"https:\\\/\\\/macote.fr\\\/boutique\\\/\"},{\"@type\":\"ListItem\",\"position\":3,\"name\":\"angel Eyes BMW E46\"}]},{\"@type\":\"WebSite\",\"@id\":\"https:\\\/\\\/macote.fr\\\/#website\",\"url\":\"https:\\\/\\\/macote.fr\\\/\",\"name\":\"MaCote.fr\",\"description\":\"BMW best accessories\",\"publisher\":{\"@id\":\"https:\\\/\\\/macote.fr\\\/#organization\"},\"alternateName\":\"BMW tuning\",\"potentialAction\":[{\"@type\":\"SearchAction\",\"target\":{\"@type\":\"EntryPoint\",\"urlTemplate\":\"https:\\\/\\\/macote.fr\\\/?s={search_term_string}\"},\"query-input\":{\"@type\":\"PropertyValueSpecification\",\"valueRequired\":true,\"valueName\":\"search_term_string\"}}],\"inLanguage\":\"es\"},{\"@type\":\"Organization\",\"@id\":\"https:\\\/\\\/macote.fr\\\/#organization\",\"name\":\"Macote.fr\",\"alternateName\":\"BMW tuning\",\"url\":\"https:\\\/\\\/macote.fr\\\/\",\"logo\":{\"@type\":\"ImageObject\",\"inLanguage\":\"es\",\"@id\":\"https:\\\/\\\/macote.fr\\\/#\\\/schema\\\/logo\\\/image\\\/\",\"url\":\"https:\\\/\\\/macote.fr\\\/wp-content\\\/uploads\\\/2023\\\/11\\\/LOGO-macote.fr-dessin-bmw-noir-copy.jpg\",\"contentUrl\":\"https:\\\/\\\/macote.fr\\\/wp-content\\\/uploads\\\/2023\\\/11\\\/LOGO-macote.fr-dessin-bmw-noir-copy.jpg\",\"width\":732,\"height\":456,\"caption\":\"Macote.fr\"},\"image\":{\"@id\":\"https:\\\/\\\/macote.fr\\\/#\\\/schema\\\/logo\\\/image\\\/\"},\"sameAs\":[\"https:\\\/\\\/www.facebook.com\\\/profile.php?id=100091476586119\",\"https:\\\/\\\/www.youtube.com\\\/channel\\\/UCgO-YTbaxYO-w_C5GfL-_1w\",\"https:\\\/\\\/www.tiktok.com\\\/@macote.fr?is_from_webapp=1&sender_device=pc\",\"https:\\\/\\\/www.instagram.com\\\/i_xila_i\\\/\"]}]}<\/script>\n<!-- \/ Yoast SEO Premium plugin. -->","yoast_head_json":{"title":"Ojos de angel BMW E46 - MaCote.fr","description":"Mejorar el estilo de su coche con nuestra calidad BMW E46 ojos de \u00e1ngel, que ofrece un aspecto moderno y elegante, f\u00e1cil instalaci\u00f3n: ojos de \u00e1ngel faros","robots":{"index":"index","follow":"follow","max-snippet":"max-snippet:-1","max-image-preview":"max-image-preview:large","max-video-preview":"max-video-preview:-1"},"canonical":"https:\/\/macote.fr\/es\/producto\/angel-eyes-bmw-e46\/","og_locale":"es_ES","og_type":"article","og_title":"angel Eyes BMW E46","og_description":"Am\u00e9liorez le style de votre voiture avec nos angel Eyes BMW E46 de qualit\u00e9 offrant une apparence moderne et \u00e9l\u00e9gante, installation simple: phares angel eyes","og_url":"https:\/\/macote.fr\/es\/producto\/angel-eyes-bmw-e46\/","og_site_name":"MaCote.fr","article_publisher":"https:\/\/www.facebook.com\/profile.php?id=100091476586119","article_modified_time":"2025-06-16T08:43:16+00:00","og_image":[{"width":800,"height":800,"url":"https:\/\/macote.fr\/wp-content\/uploads\/2022\/10\/angels-eyes-BMW-e46coton-led-6000k.jpg","type":"image\/jpeg"}],"twitter_card":"summary_large_image","twitter_misc":{"Tiempo de lectura":"3 minutos"},"schema":{"@context":"https:\/\/schema.org","@graph":[{"@type":"WebPage","@id":"https:\/\/macote.fr\/produit\/angel-eyes-bmw-e46\/","url":"https:\/\/macote.fr\/produit\/angel-eyes-bmw-e46\/","name":"Ojos de angel BMW E46 - MaCote.fr","isPartOf":{"@id":"https:\/\/macote.fr\/#website"},"primaryImageOfPage":{"@id":"https:\/\/macote.fr\/produit\/angel-eyes-bmw-e46\/#primaryimage"},"image":{"@id":"https:\/\/macote.fr\/produit\/angel-eyes-bmw-e46\/#primaryimage"},"thumbnailUrl":"https:\/\/macote.fr\/wp-content\/uploads\/2022\/10\/angels-eyes-BMW-e46coton-led-6000k.jpg","datePublished":"2022-10-19T09:23:53+00:00","dateModified":"2025-06-16T08:43:16+00:00","description":"Mejorar el estilo de su coche con nuestra calidad BMW E46 ojos de \u00e1ngel, que ofrece un aspecto moderno y elegante, f\u00e1cil instalaci\u00f3n: ojos de \u00e1ngel faros","breadcrumb":{"@id":"https:\/\/macote.fr\/produit\/angel-eyes-bmw-e46\/#breadcrumb"},"inLanguage":"es","potentialAction":[{"@type":"ReadAction","target":["https:\/\/macote.fr\/produit\/angel-eyes-bmw-e46\/"]}]},{"@type":"ImageObject","inLanguage":"es","@id":"https:\/\/macote.fr\/produit\/angel-eyes-bmw-e46\/#primaryimage","url":"https:\/\/macote.fr\/wp-content\/uploads\/2022\/10\/angels-eyes-BMW-e46coton-led-6000k.jpg","contentUrl":"https:\/\/macote.fr\/wp-content\/uploads\/2022\/10\/angels-eyes-BMW-e46coton-led-6000k.jpg","width":800,"height":800,"caption":"angels eyes BMW e46, white and yellow angel eyes E46"},{"@type":"BreadcrumbList","@id":"https:\/\/macote.fr\/produit\/angel-eyes-bmw-e46\/#breadcrumb","itemListElement":[{"@type":"ListItem","position":1,"name":"Accueil","item":"https:\/\/macote.fr\/"},{"@type":"ListItem","position":2,"name":"Boutique","item":"https:\/\/macote.fr\/boutique\/"},{"@type":"ListItem","position":3,"name":"angel Eyes BMW E46"}]},{"@type":"WebSite","@id":"https:\/\/macote.fr\/#website","url":"https:\/\/macote.fr\/","name":"MyQuote.com","description":"Los mejores accesorios BMW","publisher":{"@id":"https:\/\/macote.fr\/#organization"},"alternateName":"BMW tuning","potentialAction":[{"@type":"SearchAction","target":{"@type":"EntryPoint","urlTemplate":"https:\/\/macote.fr\/?s={search_term_string}"},"query-input":{"@type":"PropertyValueSpecification","valueRequired":true,"valueName":"search_term_string"}}],"inLanguage":"es"},{"@type":"Organization","@id":"https:\/\/macote.fr\/#organization","name":"Macote.es","alternateName":"BMW tuning","url":"https:\/\/macote.fr\/","logo":{"@type":"ImageObject","inLanguage":"es","@id":"https:\/\/macote.fr\/#\/schema\/logo\/image\/","url":"https:\/\/macote.fr\/wp-content\/uploads\/2023\/11\/LOGO-macote.fr-dessin-bmw-noir-copy.jpg","contentUrl":"https:\/\/macote.fr\/wp-content\/uploads\/2023\/11\/LOGO-macote.fr-dessin-bmw-noir-copy.jpg","width":732,"height":456,"caption":"Macote.fr"},"image":{"@id":"https:\/\/macote.fr\/#\/schema\/logo\/image\/"},"sameAs":["https:\/\/www.facebook.com\/profile.php?id=100091476586119","https:\/\/www.youtube.com\/channel\/UCgO-YTbaxYO-w_C5GfL-_1w","https:\/\/www.tiktok.com\/@macote.fr?is_from_webapp=1&sender_device=pc","https:\/\/www.instagram.com\/i_xila_i\/"]}]}},"_links":{"self":[{"href":"https:\/\/macote.fr\/es\/wp-json\/wp\/v2\/product\/1023","targetHints":{"allow":["GET"]}}],"collection":[{"href":"https:\/\/macote.fr\/es\/wp-json\/wp\/v2\/product"}],"about":[{"href":"https:\/\/macote.fr\/es\/wp-json\/wp\/v2\/types\/product"}],"replies":[{"embeddable":true,"href":"https:\/\/macote.fr\/es\/wp-json\/wp\/v2\/comments?post=1023"}],"wp:featuredmedia":[{"embeddable":true,"href":"https:\/\/macote.fr\/es\/wp-json\/wp\/v2\/media\/1025"}],"wp:attachment":[{"href":"https:\/\/macote.fr\/es\/wp-json\/wp\/v2\/media?parent=1023"}],"wp:term":[{"taxonomy":"product_brand","embeddable":true,"href":"https:\/\/macote.fr\/es\/wp-json\/wp\/v2\/product_brand?post=1023"},{"taxonomy":"product_cat","embeddable":true,"href":"https:\/\/macote.fr\/es\/wp-json\/wp\/v2\/product_cat?post=1023"},{"taxonomy":"product_tag","embeddable":true,"href":"https:\/\/macote.fr\/es\/wp-json\/wp\/v2\/product_tag?post=1023"}],"curies":[{"name":"wp","href":"https:\/\/api.w.org\/{rel}","templated":true}]}}