{"id":1053,"date":"2022-11-07T13:50:19","date_gmt":"2022-11-07T12:50:19","guid":{"rendered":"https:\/\/macote.fr\/?post_type=product&#038;p=1053"},"modified":"2024-02-22T23:55:39","modified_gmt":"2024-02-22T22:55:39","slug":"admision-aire-e46-sport","status":"publish","type":"product","link":"https:\/\/macote.fr\/es\/producto\/admision-aire-e46-sport\/","title":{"rendered":"Toma de aire E46"},"content":{"rendered":"<p>Si usted es un propietario de un BMW E46 que busca mejorar el rendimiento de su motor, una toma de aire deportiva es una modificaci\u00f3n esencial a considerar. No s\u00f3lo puede aumentar el rendimiento de su veh\u00edculo, sino que tambi\u00e9n puede reducir el consumo de combustible, mejorar el sonido del motor y mejorar la respuesta del acelerador.<\/p>\n<p>Una de las principales funciones de la toma de aire deportiva es aumentar la cantidad de aire que entra en el motor. Esto puede mejorar la combusti\u00f3n y aumentar el rendimiento general de su veh\u00edculo. Adem\u00e1s, la toma de aire deportiva fuerza la entrada de aire fr\u00edo en el motor, lo que puede mejorar a\u00fan m\u00e1s el rendimiento. Esto se debe a que el aire fr\u00edo es m\u00e1s denso que el aire caliente, lo que significa que contiene m\u00e1s ox\u00edgeno, que puede mejorar la combusti\u00f3n y aumentar la potencia.<\/p>\n<p>Adem\u00e1s de aumentar el rendimiento, una toma de aire deportiva tambi\u00e9n puede reducir el consumo de combustible. Al mejorar la combusti\u00f3n, permite que el motor funcione de forma m\u00e1s eficiente, reduciendo la cantidad de combustible necesaria para propulsar el coche.<\/p>\n<p>La toma de aire deportiva tambi\u00e9n puede mejorar el sonido de su motor. Al permitir que m\u00e1s aire entre en el motor, puede aumentar el ruido de admisi\u00f3n, a\u00f1adiendo una nota deportiva a su BMW E46 a plena carga.<\/p>\n<p>Por \u00faltimo, la toma de aire deportiva mejora la respuesta del acelerador. Al permitir que entre m\u00e1s aire en el motor, reduce el tiempo de respuesta del motor, aumenta el placer de conducir y la sensaci\u00f3n general de conducci\u00f3n.<\/p>\n<p><strong>Adecuado para:<\/strong><br \/>\n1999-2006 BMW 323i\/ci (E46) L6-2.5L M52<br \/>\n1999-2006 BMW 328i\/ci (E46) L6-2.8L M52<br \/>\nBMW 330i\/ci\/xi (E46) 1999 M54 de 2006 a L6-3.0L<br \/>\nBMW 325i\/ci\/xi (E46) 2001 M54 de 2006 a L6-2.5L<br \/>\n2001-2007 BMW M3 (E46) L6-3.0L S54<\/p>","protected":false},"excerpt":{"rendered":"<p>nuestra toma de aire deportiva E46 es una forma eficaz de aumentar el rendimiento de su motor. Al reemplazar la toma de aire original, esta modificaci\u00f3n permite que su motor respire m\u00e1s f\u00e1cilmente, mejorando la potencia y la eficiencia. Adem\u00e1s, el sonido del motor mejorar\u00e1, a\u00f1adiendo un toque deportivo a su BMW.<\/p>","protected":false},"featured_media":1474,"comment_status":"open","ping_status":"closed","template":"","meta":{"_eb_attr":""},"product_brand":[],"product_cat":[147,69],"product_tag":[],"class_list":{"0":"post-1053","1":"product","2":"type-product","3":"status-publish","4":"has-post-thumbnail","6":"product_cat-bmw-serie-3-e46","7":"product_cat-modification-de-performance","9":"first","10":"instock","11":"sale","12":"taxable","13":"shipping-taxable","14":"purchasable","15":"product-type-variable"},"yoast_head":"<!-- This site is optimized with the Yoast SEO Premium plugin v20.7 (Yoast SEO v27.4) - https:\/\/yoast.com\/product\/yoast-seo-premium-wordpress\/ -->\n<title>Admission d&#039;air E46 - MaCote.fr<\/title>\n<meta name=\"description\" content=\"Optimisez les performances de votre BMW E46 avec notre admission d&#039;air sport haute qualit\u00e9. Augmentez la puissance, l&#039;efficacit\u00e9 et le son de votre moteur\" \/>\n<meta name=\"robots\" content=\"index, follow, max-snippet:-1, max-image-preview:large, max-video-preview:-1\" \/>\n<link rel=\"canonical\" href=\"https:\/\/macote.fr\/es\/producto\/admision-aire-e46-sport\/\" \/>\n<meta property=\"og:locale\" content=\"es_ES\" \/>\n<meta property=\"og:type\" content=\"article\" \/>\n<meta property=\"og:title\" content=\"Admission d&#039;air E46\" \/>\n<meta property=\"og:description\" content=\"Optimisez les performances de votre BMW E46 avec notre admission d&#039;air sport haute qualit\u00e9. Augmentez la puissance, l&#039;efficacit\u00e9 et le son de votre moteur\" \/>\n<meta property=\"og:url\" content=\"https:\/\/macote.fr\/es\/producto\/admision-aire-e46-sport\/\" \/>\n<meta property=\"og:site_name\" content=\"MaCote.fr\" \/>\n<meta property=\"article:publisher\" content=\"https:\/\/www.facebook.com\/profile.php?id=100091476586119\" \/>\n<meta property=\"article:modified_time\" content=\"2024-02-22T22:55:39+00:00\" \/>\n<meta property=\"og:image\" content=\"https:\/\/macote.fr\/wp-content\/uploads\/2022\/11\/admission-air-sport-bmw-e46.jpeg\" \/>\n\t<meta property=\"og:image:width\" content=\"1091\" \/>\n\t<meta property=\"og:image:height\" content=\"798\" \/>\n\t<meta property=\"og:image:type\" content=\"image\/jpeg\" \/>\n<meta name=\"twitter:card\" content=\"summary_large_image\" \/>\n<meta name=\"twitter:label1\" content=\"Tiempo de lectura\" \/>\n\t<meta name=\"twitter:data1\" content=\"2 minutos\" \/>\n<script type=\"application\/ld+json\" class=\"yoast-schema-graph\">{\"@context\":\"https:\\\/\\\/schema.org\",\"@graph\":[{\"@type\":\"WebPage\",\"@id\":\"https:\\\/\\\/macote.fr\\\/produit\\\/admission-air-e46-sport\\\/\",\"url\":\"https:\\\/\\\/macote.fr\\\/produit\\\/admission-air-e46-sport\\\/\",\"name\":\"Admission d'air E46 - MaCote.fr\",\"isPartOf\":{\"@id\":\"https:\\\/\\\/macote.fr\\\/#website\"},\"primaryImageOfPage\":{\"@id\":\"https:\\\/\\\/macote.fr\\\/produit\\\/admission-air-e46-sport\\\/#primaryimage\"},\"image\":{\"@id\":\"https:\\\/\\\/macote.fr\\\/produit\\\/admission-air-e46-sport\\\/#primaryimage\"},\"thumbnailUrl\":\"https:\\\/\\\/macote.fr\\\/wp-content\\\/uploads\\\/2022\\\/11\\\/admission-air-sport-bmw-e46.jpeg\",\"datePublished\":\"2022-11-07T12:50:19+00:00\",\"dateModified\":\"2024-02-22T22:55:39+00:00\",\"description\":\"Optimisez les performances de votre BMW E46 avec notre admission d'air sport haute qualit\u00e9. Augmentez la puissance, l'efficacit\u00e9 et le son de votre moteur\",\"breadcrumb\":{\"@id\":\"https:\\\/\\\/macote.fr\\\/produit\\\/admission-air-e46-sport\\\/#breadcrumb\"},\"inLanguage\":\"es\",\"potentialAction\":[{\"@type\":\"ReadAction\",\"target\":[\"https:\\\/\\\/macote.fr\\\/produit\\\/admission-air-e46-sport\\\/\"]}]},{\"@type\":\"ImageObject\",\"inLanguage\":\"es\",\"@id\":\"https:\\\/\\\/macote.fr\\\/produit\\\/admission-air-e46-sport\\\/#primaryimage\",\"url\":\"https:\\\/\\\/macote.fr\\\/wp-content\\\/uploads\\\/2022\\\/11\\\/admission-air-sport-bmw-e46.jpeg\",\"contentUrl\":\"https:\\\/\\\/macote.fr\\\/wp-content\\\/uploads\\\/2022\\\/11\\\/admission-air-sport-bmw-e46.jpeg\",\"width\":1091,\"height\":798,\"caption\":\"kit admission air sport bmw e46\"},{\"@type\":\"BreadcrumbList\",\"@id\":\"https:\\\/\\\/macote.fr\\\/produit\\\/admission-air-e46-sport\\\/#breadcrumb\",\"itemListElement\":[{\"@type\":\"ListItem\",\"position\":1,\"name\":\"Accueil\",\"item\":\"https:\\\/\\\/macote.fr\\\/\"},{\"@type\":\"ListItem\",\"position\":2,\"name\":\"Boutique\",\"item\":\"https:\\\/\\\/macote.fr\\\/boutique\\\/\"},{\"@type\":\"ListItem\",\"position\":3,\"name\":\"Admission d&#8217;air E46\"}]},{\"@type\":\"WebSite\",\"@id\":\"https:\\\/\\\/macote.fr\\\/#website\",\"url\":\"https:\\\/\\\/macote.fr\\\/\",\"name\":\"MaCote.fr\",\"description\":\"BMW best accessories\",\"publisher\":{\"@id\":\"https:\\\/\\\/macote.fr\\\/#organization\"},\"alternateName\":\"BMW tuning\",\"potentialAction\":[{\"@type\":\"SearchAction\",\"target\":{\"@type\":\"EntryPoint\",\"urlTemplate\":\"https:\\\/\\\/macote.fr\\\/?s={search_term_string}\"},\"query-input\":{\"@type\":\"PropertyValueSpecification\",\"valueRequired\":true,\"valueName\":\"search_term_string\"}}],\"inLanguage\":\"es\"},{\"@type\":\"Organization\",\"@id\":\"https:\\\/\\\/macote.fr\\\/#organization\",\"name\":\"Macote.fr\",\"alternateName\":\"BMW tuning\",\"url\":\"https:\\\/\\\/macote.fr\\\/\",\"logo\":{\"@type\":\"ImageObject\",\"inLanguage\":\"es\",\"@id\":\"https:\\\/\\\/macote.fr\\\/#\\\/schema\\\/logo\\\/image\\\/\",\"url\":\"https:\\\/\\\/macote.fr\\\/wp-content\\\/uploads\\\/2023\\\/11\\\/LOGO-macote.fr-dessin-bmw-noir-copy.jpg\",\"contentUrl\":\"https:\\\/\\\/macote.fr\\\/wp-content\\\/uploads\\\/2023\\\/11\\\/LOGO-macote.fr-dessin-bmw-noir-copy.jpg\",\"width\":732,\"height\":456,\"caption\":\"Macote.fr\"},\"image\":{\"@id\":\"https:\\\/\\\/macote.fr\\\/#\\\/schema\\\/logo\\\/image\\\/\"},\"sameAs\":[\"https:\\\/\\\/www.facebook.com\\\/profile.php?id=100091476586119\",\"https:\\\/\\\/www.youtube.com\\\/channel\\\/UCgO-YTbaxYO-w_C5GfL-_1w\",\"https:\\\/\\\/www.tiktok.com\\\/@macote.fr?is_from_webapp=1&sender_device=pc\",\"https:\\\/\\\/www.instagram.com\\\/i_xila_i\\\/\"]}]}<\/script>\n<!-- \/ Yoast SEO Premium plugin. -->","yoast_head_json":{"title":"Toma de aire E46 - MaCote.fr","description":"Optimice el rendimiento de su BMW E46 con nuestra toma de aire deportiva de alta calidad. Aumenta la potencia, la eficiencia y el sonido de tu motor.","robots":{"index":"index","follow":"follow","max-snippet":"max-snippet:-1","max-image-preview":"max-image-preview:large","max-video-preview":"max-video-preview:-1"},"canonical":"https:\/\/macote.fr\/es\/producto\/admision-aire-e46-sport\/","og_locale":"es_ES","og_type":"article","og_title":"Admission d'air E46","og_description":"Optimisez les performances de votre BMW E46 avec notre admission d'air sport haute qualit\u00e9. Augmentez la puissance, l'efficacit\u00e9 et le son de votre moteur","og_url":"https:\/\/macote.fr\/es\/producto\/admision-aire-e46-sport\/","og_site_name":"MaCote.fr","article_publisher":"https:\/\/www.facebook.com\/profile.php?id=100091476586119","article_modified_time":"2024-02-22T22:55:39+00:00","og_image":[{"width":1091,"height":798,"url":"https:\/\/macote.fr\/wp-content\/uploads\/2022\/11\/admission-air-sport-bmw-e46.jpeg","type":"image\/jpeg"}],"twitter_card":"summary_large_image","twitter_misc":{"Tiempo de lectura":"2 minutos"},"schema":{"@context":"https:\/\/schema.org","@graph":[{"@type":"WebPage","@id":"https:\/\/macote.fr\/produit\/admission-air-e46-sport\/","url":"https:\/\/macote.fr\/produit\/admission-air-e46-sport\/","name":"Toma de aire E46 - MaCote.fr","isPartOf":{"@id":"https:\/\/macote.fr\/#website"},"primaryImageOfPage":{"@id":"https:\/\/macote.fr\/produit\/admission-air-e46-sport\/#primaryimage"},"image":{"@id":"https:\/\/macote.fr\/produit\/admission-air-e46-sport\/#primaryimage"},"thumbnailUrl":"https:\/\/macote.fr\/wp-content\/uploads\/2022\/11\/admission-air-sport-bmw-e46.jpeg","datePublished":"2022-11-07T12:50:19+00:00","dateModified":"2024-02-22T22:55:39+00:00","description":"Optimice el rendimiento de su BMW E46 con nuestra toma de aire deportiva de alta calidad. Aumenta la potencia, la eficiencia y el sonido de tu motor.","breadcrumb":{"@id":"https:\/\/macote.fr\/produit\/admission-air-e46-sport\/#breadcrumb"},"inLanguage":"es","potentialAction":[{"@type":"ReadAction","target":["https:\/\/macote.fr\/produit\/admission-air-e46-sport\/"]}]},{"@type":"ImageObject","inLanguage":"es","@id":"https:\/\/macote.fr\/produit\/admission-air-e46-sport\/#primaryimage","url":"https:\/\/macote.fr\/wp-content\/uploads\/2022\/11\/admission-air-sport-bmw-e46.jpeg","contentUrl":"https:\/\/macote.fr\/wp-content\/uploads\/2022\/11\/admission-air-sport-bmw-e46.jpeg","width":1091,"height":798,"caption":"kit admission air sport bmw e46"},{"@type":"BreadcrumbList","@id":"https:\/\/macote.fr\/produit\/admission-air-e46-sport\/#breadcrumb","itemListElement":[{"@type":"ListItem","position":1,"name":"Accueil","item":"https:\/\/macote.fr\/"},{"@type":"ListItem","position":2,"name":"Boutique","item":"https:\/\/macote.fr\/boutique\/"},{"@type":"ListItem","position":3,"name":"Admission d&#8217;air E46"}]},{"@type":"WebSite","@id":"https:\/\/macote.fr\/#website","url":"https:\/\/macote.fr\/","name":"MyQuote.com","description":"Los mejores accesorios BMW","publisher":{"@id":"https:\/\/macote.fr\/#organization"},"alternateName":"BMW tuning","potentialAction":[{"@type":"SearchAction","target":{"@type":"EntryPoint","urlTemplate":"https:\/\/macote.fr\/?s={search_term_string}"},"query-input":{"@type":"PropertyValueSpecification","valueRequired":true,"valueName":"search_term_string"}}],"inLanguage":"es"},{"@type":"Organization","@id":"https:\/\/macote.fr\/#organization","name":"Macote.es","alternateName":"BMW tuning","url":"https:\/\/macote.fr\/","logo":{"@type":"ImageObject","inLanguage":"es","@id":"https:\/\/macote.fr\/#\/schema\/logo\/image\/","url":"https:\/\/macote.fr\/wp-content\/uploads\/2023\/11\/LOGO-macote.fr-dessin-bmw-noir-copy.jpg","contentUrl":"https:\/\/macote.fr\/wp-content\/uploads\/2023\/11\/LOGO-macote.fr-dessin-bmw-noir-copy.jpg","width":732,"height":456,"caption":"Macote.fr"},"image":{"@id":"https:\/\/macote.fr\/#\/schema\/logo\/image\/"},"sameAs":["https:\/\/www.facebook.com\/profile.php?id=100091476586119","https:\/\/www.youtube.com\/channel\/UCgO-YTbaxYO-w_C5GfL-_1w","https:\/\/www.tiktok.com\/@macote.fr?is_from_webapp=1&sender_device=pc","https:\/\/www.instagram.com\/i_xila_i\/"]}]}},"_links":{"self":[{"href":"https:\/\/macote.fr\/es\/wp-json\/wp\/v2\/product\/1053","targetHints":{"allow":["GET"]}}],"collection":[{"href":"https:\/\/macote.fr\/es\/wp-json\/wp\/v2\/product"}],"about":[{"href":"https:\/\/macote.fr\/es\/wp-json\/wp\/v2\/types\/product"}],"replies":[{"embeddable":true,"href":"https:\/\/macote.fr\/es\/wp-json\/wp\/v2\/comments?post=1053"}],"wp:featuredmedia":[{"embeddable":true,"href":"https:\/\/macote.fr\/es\/wp-json\/wp\/v2\/media\/1474"}],"wp:attachment":[{"href":"https:\/\/macote.fr\/es\/wp-json\/wp\/v2\/media?parent=1053"}],"wp:term":[{"taxonomy":"product_brand","embeddable":true,"href":"https:\/\/macote.fr\/es\/wp-json\/wp\/v2\/product_brand?post=1053"},{"taxonomy":"product_cat","embeddable":true,"href":"https:\/\/macote.fr\/es\/wp-json\/wp\/v2\/product_cat?post=1053"},{"taxonomy":"product_tag","embeddable":true,"href":"https:\/\/macote.fr\/es\/wp-json\/wp\/v2\/product_tag?post=1053"}],"curies":[{"name":"wp","href":"https:\/\/api.w.org\/{rel}","templated":true}]}}