{"id":1075,"date":"2022-11-07T16:03:59","date_gmt":"2022-11-07T15:03:59","guid":{"rendered":"https:\/\/macote.fr\/?post_type=product&#038;p=1075"},"modified":"2024-02-22T23:56:29","modified_gmt":"2024-02-22T22:56:29","slug":"funda-simili-cuero-freno-de-mano-y-interruptor-velocidad-bmw-e46","status":"publish","type":"product","link":"https:\/\/macote.fr\/es\/producto\/funda-simili-cuero-freno-de-mano-y-interruptor-velocidad-bmw-e46\/","title":{"rendered":"Funda de freno de mano en polipiel + palanca de cambios BMW E46"},"content":{"rendered":"<p>Encuentre nuestro maletero de freno de mano y palanca de cambios en polipiel para BMW E46. Dale un nuevo look al interior de tu BMW.<\/p>\n<p>&nbsp;<\/p>\n<p><strong>Especificaci\u00f3n:<\/strong><br \/>\nMaterial: polipiel.<br \/>\nPara BMW E30 1982-1991<br \/>\nPara E36 1991-1998<br \/>\nPara E34 1988-1995<br \/>\nPara E46 1999-2005<br \/>\nPara Z3 1995-2002<\/p>\n<p><strong>El paquete contiene:<\/strong><br \/>\n1 x cubierta de velocidad.<br \/>\n1 x funda de freno de mano.<\/p>","protected":false},"excerpt":{"rendered":"<p>Retrouvez notre Soufflet simili-cuir frein \u00e0 main + levier de vitesse pour BMW E46. Donne un coup de neuf \u00e0 l&rsquo;int\u00e9rieur de votre BMW. &nbsp; Sp\u00e9cification: Mati\u00e8re: simili cuir. Pour BMW E30 1982-1991 Pour E36 1991-1998 Pour E34 1988-1995 Pour E46 1999-2005 Pour Z3 1995-2002 Le paquet Contient: 1 x couvercle de vitesse. 1 x [&hellip;]<\/p>\n","protected":false},"featured_media":1127,"comment_status":"open","ping_status":"closed","template":"","meta":{"_eb_attr":""},"product_brand":[],"product_cat":[147,66],"product_tag":[],"class_list":{"0":"post-1075","1":"product","2":"type-product","3":"status-publish","4":"has-post-thumbnail","6":"product_cat-bmw-serie-3-e46","7":"product_cat-modifications-interieurs","9":"first","10":"instock","11":"taxable","12":"shipping-taxable","13":"purchasable","14":"product-type-simple"},"yoast_head":"<!-- This site is optimized with the Yoast SEO Premium plugin v20.7 (Yoast SEO v27.3) - https:\/\/yoast.com\/product\/yoast-seo-premium-wordpress\/ -->\n<title>Soufflet simili-cuir frein \u00e0 main + levier de vitesse BMW E46 - MaCote.fr<\/title>\n<meta name=\"description\" content=\"Retrouvez notre Soufflet simili-cuir frein \u00e0 main + levier de vitesse pour BMW E46. Donne un coup de neuf \u00e0 l&#039;int\u00e9rieur de votre BMW\" \/>\n<meta name=\"robots\" content=\"index, follow, max-snippet:-1, max-image-preview:large, max-video-preview:-1\" \/>\n<link rel=\"canonical\" href=\"https:\/\/macote.fr\/es\/producto\/funda-simili-cuero-freno-de-mano-y-interruptor-velocidad-bmw-e46\/\" \/>\n<meta property=\"og:locale\" content=\"es_ES\" \/>\n<meta property=\"og:type\" content=\"article\" \/>\n<meta property=\"og:title\" content=\"Soufflet simili-cuir frein \u00e0 main + levier de vitesse BMW E46\" \/>\n<meta property=\"og:description\" content=\"Retrouvez notre Soufflet simili-cuir frein \u00e0 main + levier de vitesse pour BMW E46. Donne un coup de neuf \u00e0 l&#039;int\u00e9rieur de votre BMW\" \/>\n<meta property=\"og:url\" content=\"https:\/\/macote.fr\/es\/producto\/funda-simili-cuero-freno-de-mano-y-interruptor-velocidad-bmw-e46\/\" \/>\n<meta property=\"og:site_name\" content=\"MaCote.fr\" \/>\n<meta property=\"article:publisher\" content=\"https:\/\/www.facebook.com\/profile.php?id=100091476586119\" \/>\n<meta property=\"article:modified_time\" content=\"2024-02-22T22:56:29+00:00\" \/>\n<meta property=\"og:image\" content=\"https:\/\/macote.fr\/wp-content\/uploads\/2022\/11\/couvercle-levier-de-vitesse-et-frein-a-main-bmw-noir-e46-2.webp\" \/>\n\t<meta property=\"og:image:width\" content=\"1020\" \/>\n\t<meta property=\"og:image:height\" content=\"1020\" \/>\n\t<meta property=\"og:image:type\" content=\"image\/webp\" \/>\n<meta name=\"twitter:card\" content=\"summary_large_image\" \/>\n<meta name=\"twitter:label1\" content=\"Tiempo de lectura\" \/>\n\t<meta name=\"twitter:data1\" content=\"1 minuto\" \/>\n<script type=\"application\/ld+json\" class=\"yoast-schema-graph\">{\"@context\":\"https:\\\/\\\/schema.org\",\"@graph\":[{\"@type\":\"WebPage\",\"@id\":\"https:\\\/\\\/macote.fr\\\/produit\\\/couvercle-simili-cuir-frein-main-et-levier-de-vitesse-bmw-e46\\\/\",\"url\":\"https:\\\/\\\/macote.fr\\\/produit\\\/couvercle-simili-cuir-frein-main-et-levier-de-vitesse-bmw-e46\\\/\",\"name\":\"Soufflet simili-cuir frein \u00e0 main + levier de vitesse BMW E46 - MaCote.fr\",\"isPartOf\":{\"@id\":\"https:\\\/\\\/macote.fr\\\/#website\"},\"primaryImageOfPage\":{\"@id\":\"https:\\\/\\\/macote.fr\\\/produit\\\/couvercle-simili-cuir-frein-main-et-levier-de-vitesse-bmw-e46\\\/#primaryimage\"},\"image\":{\"@id\":\"https:\\\/\\\/macote.fr\\\/produit\\\/couvercle-simili-cuir-frein-main-et-levier-de-vitesse-bmw-e46\\\/#primaryimage\"},\"thumbnailUrl\":\"https:\\\/\\\/macote.fr\\\/wp-content\\\/uploads\\\/2022\\\/11\\\/couvercle-levier-de-vitesse-et-frein-a-main-bmw-noir-e46-2.webp\",\"datePublished\":\"2022-11-07T15:03:59+00:00\",\"dateModified\":\"2024-02-22T22:56:29+00:00\",\"description\":\"Retrouvez notre Soufflet simili-cuir frein \u00e0 main + levier de vitesse pour BMW E46. Donne un coup de neuf \u00e0 l'int\u00e9rieur de votre BMW\",\"breadcrumb\":{\"@id\":\"https:\\\/\\\/macote.fr\\\/produit\\\/couvercle-simili-cuir-frein-main-et-levier-de-vitesse-bmw-e46\\\/#breadcrumb\"},\"inLanguage\":\"es\",\"potentialAction\":[{\"@type\":\"ReadAction\",\"target\":[\"https:\\\/\\\/macote.fr\\\/produit\\\/couvercle-simili-cuir-frein-main-et-levier-de-vitesse-bmw-e46\\\/\"]}]},{\"@type\":\"ImageObject\",\"inLanguage\":\"es\",\"@id\":\"https:\\\/\\\/macote.fr\\\/produit\\\/couvercle-simili-cuir-frein-main-et-levier-de-vitesse-bmw-e46\\\/#primaryimage\",\"url\":\"https:\\\/\\\/macote.fr\\\/wp-content\\\/uploads\\\/2022\\\/11\\\/couvercle-levier-de-vitesse-et-frein-a-main-bmw-noir-e46-2.webp\",\"contentUrl\":\"https:\\\/\\\/macote.fr\\\/wp-content\\\/uploads\\\/2022\\\/11\\\/couvercle-levier-de-vitesse-et-frein-a-main-bmw-noir-e46-2.webp\",\"width\":1020,\"height\":1020,\"caption\":\"couvercle levier de vitesse et frein \u00e0 main bmw noir e46 2\"},{\"@type\":\"BreadcrumbList\",\"@id\":\"https:\\\/\\\/macote.fr\\\/produit\\\/couvercle-simili-cuir-frein-main-et-levier-de-vitesse-bmw-e46\\\/#breadcrumb\",\"itemListElement\":[{\"@type\":\"ListItem\",\"position\":1,\"name\":\"Accueil\",\"item\":\"https:\\\/\\\/macote.fr\\\/\"},{\"@type\":\"ListItem\",\"position\":2,\"name\":\"Boutique\",\"item\":\"https:\\\/\\\/macote.fr\\\/boutique\\\/\"},{\"@type\":\"ListItem\",\"position\":3,\"name\":\"Soufflet simili-cuir frein \u00e0 main + levier de vitesse BMW E46\"}]},{\"@type\":\"WebSite\",\"@id\":\"https:\\\/\\\/macote.fr\\\/#website\",\"url\":\"https:\\\/\\\/macote.fr\\\/\",\"name\":\"MaCote.fr\",\"description\":\"BMW best accessories\",\"publisher\":{\"@id\":\"https:\\\/\\\/macote.fr\\\/#organization\"},\"alternateName\":\"BMW tuning\",\"potentialAction\":[{\"@type\":\"SearchAction\",\"target\":{\"@type\":\"EntryPoint\",\"urlTemplate\":\"https:\\\/\\\/macote.fr\\\/?s={search_term_string}\"},\"query-input\":{\"@type\":\"PropertyValueSpecification\",\"valueRequired\":true,\"valueName\":\"search_term_string\"}}],\"inLanguage\":\"es\"},{\"@type\":\"Organization\",\"@id\":\"https:\\\/\\\/macote.fr\\\/#organization\",\"name\":\"Macote.fr\",\"alternateName\":\"BMW tuning\",\"url\":\"https:\\\/\\\/macote.fr\\\/\",\"logo\":{\"@type\":\"ImageObject\",\"inLanguage\":\"es\",\"@id\":\"https:\\\/\\\/macote.fr\\\/#\\\/schema\\\/logo\\\/image\\\/\",\"url\":\"https:\\\/\\\/macote.fr\\\/wp-content\\\/uploads\\\/2023\\\/11\\\/LOGO-macote.fr-dessin-bmw-noir-copy.jpg\",\"contentUrl\":\"https:\\\/\\\/macote.fr\\\/wp-content\\\/uploads\\\/2023\\\/11\\\/LOGO-macote.fr-dessin-bmw-noir-copy.jpg\",\"width\":732,\"height\":456,\"caption\":\"Macote.fr\"},\"image\":{\"@id\":\"https:\\\/\\\/macote.fr\\\/#\\\/schema\\\/logo\\\/image\\\/\"},\"sameAs\":[\"https:\\\/\\\/www.facebook.com\\\/profile.php?id=100091476586119\",\"https:\\\/\\\/www.youtube.com\\\/channel\\\/UCgO-YTbaxYO-w_C5GfL-_1w\",\"https:\\\/\\\/www.tiktok.com\\\/@macote.fr?is_from_webapp=1&sender_device=pc\",\"https:\\\/\\\/www.instagram.com\\\/i_xila_i\\\/\"]}]}<\/script>\n<!-- \/ Yoast SEO Premium plugin. -->","yoast_head_json":{"title":"Funda freno de mano polipiel + palanca de cambios BMW E46 - MaCote.fr","description":"Encuentre nuestra funda de freno de mano y palanca de cambios en polipiel para BMW E46. Da un nuevo aspecto al interior de tu BMW.","robots":{"index":"index","follow":"follow","max-snippet":"max-snippet:-1","max-image-preview":"max-image-preview:large","max-video-preview":"max-video-preview:-1"},"canonical":"https:\/\/macote.fr\/es\/producto\/funda-simili-cuero-freno-de-mano-y-interruptor-velocidad-bmw-e46\/","og_locale":"es_ES","og_type":"article","og_title":"Soufflet simili-cuir frein \u00e0 main + levier de vitesse BMW E46","og_description":"Retrouvez notre Soufflet simili-cuir frein \u00e0 main + levier de vitesse pour BMW E46. Donne un coup de neuf \u00e0 l'int\u00e9rieur de votre BMW","og_url":"https:\/\/macote.fr\/es\/producto\/funda-simili-cuero-freno-de-mano-y-interruptor-velocidad-bmw-e46\/","og_site_name":"MaCote.fr","article_publisher":"https:\/\/www.facebook.com\/profile.php?id=100091476586119","article_modified_time":"2024-02-22T22:56:29+00:00","og_image":[{"width":1020,"height":1020,"url":"https:\/\/macote.fr\/wp-content\/uploads\/2022\/11\/couvercle-levier-de-vitesse-et-frein-a-main-bmw-noir-e46-2.webp","type":"image\/webp"}],"twitter_card":"summary_large_image","twitter_misc":{"Tiempo de lectura":"1 minuto"},"schema":{"@context":"https:\/\/schema.org","@graph":[{"@type":"WebPage","@id":"https:\/\/macote.fr\/produit\/couvercle-simili-cuir-frein-main-et-levier-de-vitesse-bmw-e46\/","url":"https:\/\/macote.fr\/produit\/couvercle-simili-cuir-frein-main-et-levier-de-vitesse-bmw-e46\/","name":"Funda freno de mano polipiel + palanca de cambios BMW E46 - MaCote.fr","isPartOf":{"@id":"https:\/\/macote.fr\/#website"},"primaryImageOfPage":{"@id":"https:\/\/macote.fr\/produit\/couvercle-simili-cuir-frein-main-et-levier-de-vitesse-bmw-e46\/#primaryimage"},"image":{"@id":"https:\/\/macote.fr\/produit\/couvercle-simili-cuir-frein-main-et-levier-de-vitesse-bmw-e46\/#primaryimage"},"thumbnailUrl":"https:\/\/macote.fr\/wp-content\/uploads\/2022\/11\/couvercle-levier-de-vitesse-et-frein-a-main-bmw-noir-e46-2.webp","datePublished":"2022-11-07T15:03:59+00:00","dateModified":"2024-02-22T22:56:29+00:00","description":"Encuentre nuestra funda de freno de mano y palanca de cambios en polipiel para BMW E46. Da un nuevo aspecto al interior de tu BMW.","breadcrumb":{"@id":"https:\/\/macote.fr\/produit\/couvercle-simili-cuir-frein-main-et-levier-de-vitesse-bmw-e46\/#breadcrumb"},"inLanguage":"es","potentialAction":[{"@type":"ReadAction","target":["https:\/\/macote.fr\/produit\/couvercle-simili-cuir-frein-main-et-levier-de-vitesse-bmw-e46\/"]}]},{"@type":"ImageObject","inLanguage":"es","@id":"https:\/\/macote.fr\/produit\/couvercle-simili-cuir-frein-main-et-levier-de-vitesse-bmw-e46\/#primaryimage","url":"https:\/\/macote.fr\/wp-content\/uploads\/2022\/11\/couvercle-levier-de-vitesse-et-frein-a-main-bmw-noir-e46-2.webp","contentUrl":"https:\/\/macote.fr\/wp-content\/uploads\/2022\/11\/couvercle-levier-de-vitesse-et-frein-a-main-bmw-noir-e46-2.webp","width":1020,"height":1020,"caption":"couvercle levier de vitesse et frein \u00e0 main bmw noir e46 2"},{"@type":"BreadcrumbList","@id":"https:\/\/macote.fr\/produit\/couvercle-simili-cuir-frein-main-et-levier-de-vitesse-bmw-e46\/#breadcrumb","itemListElement":[{"@type":"ListItem","position":1,"name":"Accueil","item":"https:\/\/macote.fr\/"},{"@type":"ListItem","position":2,"name":"Boutique","item":"https:\/\/macote.fr\/boutique\/"},{"@type":"ListItem","position":3,"name":"Soufflet simili-cuir frein \u00e0 main + levier de vitesse BMW E46"}]},{"@type":"WebSite","@id":"https:\/\/macote.fr\/#website","url":"https:\/\/macote.fr\/","name":"MyQuote.com","description":"Los mejores accesorios BMW","publisher":{"@id":"https:\/\/macote.fr\/#organization"},"alternateName":"BMW tuning","potentialAction":[{"@type":"SearchAction","target":{"@type":"EntryPoint","urlTemplate":"https:\/\/macote.fr\/?s={search_term_string}"},"query-input":{"@type":"PropertyValueSpecification","valueRequired":true,"valueName":"search_term_string"}}],"inLanguage":"es"},{"@type":"Organization","@id":"https:\/\/macote.fr\/#organization","name":"Macote.es","alternateName":"BMW tuning","url":"https:\/\/macote.fr\/","logo":{"@type":"ImageObject","inLanguage":"es","@id":"https:\/\/macote.fr\/#\/schema\/logo\/image\/","url":"https:\/\/macote.fr\/wp-content\/uploads\/2023\/11\/LOGO-macote.fr-dessin-bmw-noir-copy.jpg","contentUrl":"https:\/\/macote.fr\/wp-content\/uploads\/2023\/11\/LOGO-macote.fr-dessin-bmw-noir-copy.jpg","width":732,"height":456,"caption":"Macote.fr"},"image":{"@id":"https:\/\/macote.fr\/#\/schema\/logo\/image\/"},"sameAs":["https:\/\/www.facebook.com\/profile.php?id=100091476586119","https:\/\/www.youtube.com\/channel\/UCgO-YTbaxYO-w_C5GfL-_1w","https:\/\/www.tiktok.com\/@macote.fr?is_from_webapp=1&sender_device=pc","https:\/\/www.instagram.com\/i_xila_i\/"]}]}},"_links":{"self":[{"href":"https:\/\/macote.fr\/es\/wp-json\/wp\/v2\/product\/1075","targetHints":{"allow":["GET"]}}],"collection":[{"href":"https:\/\/macote.fr\/es\/wp-json\/wp\/v2\/product"}],"about":[{"href":"https:\/\/macote.fr\/es\/wp-json\/wp\/v2\/types\/product"}],"replies":[{"embeddable":true,"href":"https:\/\/macote.fr\/es\/wp-json\/wp\/v2\/comments?post=1075"}],"wp:featuredmedia":[{"embeddable":true,"href":"https:\/\/macote.fr\/es\/wp-json\/wp\/v2\/media\/1127"}],"wp:attachment":[{"href":"https:\/\/macote.fr\/es\/wp-json\/wp\/v2\/media?parent=1075"}],"wp:term":[{"taxonomy":"product_brand","embeddable":true,"href":"https:\/\/macote.fr\/es\/wp-json\/wp\/v2\/product_brand?post=1075"},{"taxonomy":"product_cat","embeddable":true,"href":"https:\/\/macote.fr\/es\/wp-json\/wp\/v2\/product_cat?post=1075"},{"taxonomy":"product_tag","embeddable":true,"href":"https:\/\/macote.fr\/es\/wp-json\/wp\/v2\/product_tag?post=1075"}],"curies":[{"name":"wp","href":"https:\/\/api.w.org\/{rel}","templated":true}]}}