{"id":1076,"date":"2022-11-07T16:44:40","date_gmt":"2022-11-07T15:44:40","guid":{"rendered":"https:\/\/macote.fr\/?post_type=product&#038;p=1076"},"modified":"2024-02-22T23:56:48","modified_gmt":"2024-02-22T22:56:48","slug":"consola-central-bmw-e46-carbone","status":"publish","type":"product","link":"https:\/\/macote.fr\/es\/producto\/consola-central-bmw-e46-carbone\/","title":{"rendered":"Consola central de fibra de carbono BMW E46"},"content":{"rendered":"<div class=\"detailmodule_html\" align=\"start\">\n<div align=\"start\">\n<h1>Consola central de fibra de carbono BMW E46<\/h1>\n<\/div>\n<div align=\"start\"><span style=\"font-family: NonBreakingSpaceOverride, 'Hoefler Text', 'Noto Serif', Garamond, 'Times New Roman', serif; letter-spacing: normal;\">Est\u00e1 orgulloso de su BMW E46, pero con el paso de los a\u00f1os la consola central de su coche puede deteriorarse y perder su aspecto original. No dejes que una parte clave del interior de tu coche se deteriore y estropee tu experiencia de conducci\u00f3n.<\/span><\/div>\n<\/div>\n<div align=\"start\"><\/div>\n<div align=\"start\"><\/div>\n<div align=\"start\">\n<p>Dise\u00f1ado para adaptarse perfectamente a su coche, nuestro producto est\u00e1 fabricado con materiales de alta calidad para garantizar una durabilidad excepcional. Puede estar seguro de que su consola central recuperar\u00e1 su aspecto original, proporcionando a su BMW un interior m\u00e1s nuevo y limpio.<\/p>\n<p>Nuestra consola central tambi\u00e9n est\u00e1 disponible con aspecto de fibra de carbono para dar a su coche un aspecto a\u00fan m\u00e1s deportivo y elegante. Tanto si quieres un aspecto m\u00e1s discreto como m\u00e1s llamativo, tenemos la consola central perfecta para ti.<\/p>\n<p>Haga su pedido ahora y d\u00e9 a su BMW E46 la atenci\u00f3n que se merece. No se arrepentir\u00e1 de su compra y disfrutar\u00e1 de un interior nuevo y m\u00e1s agradable cada vez que se ponga al volante.<\/p>\n<\/div>\n<h2>Consola central de fibra de carbono BMW E46<\/h2>\n<div class=\"detailmodule_html\" align=\"start\">\n<div align=\"start\">\n<h5>Especificaci\u00f3n del producto :<\/h5>\n<p>Tipo de elemento: Portavasos<br \/>\nTipo de objeto: Sustituci\u00f3n directa<br \/>\nPosicionamiento en el veh\u00edculo: delantero<\/p>\n<div align=\"start\">\n<div>Para BMW Serie 3 1998-2006 E46 (no apto para 320 ci 2005)<\/div>\n<div align=\"start\">Para BMW 318i 1998-1999<\/div>\n<div align=\"start\">Para BMW 318is 1998-1999<\/div>\n<div align=\"start\">Para 1998 BMW 318ti<\/div>\n<div align=\"start\">Para BMW 320i 2001-2005<\/div>\n<div align=\"start\">Para BMW 323Ci 2000<\/div>\n<div align=\"start\">Para BMW 323i 1998-2001<\/div>\n<div align=\"start\" data-spm-anchor-id=\"a2g0o.detail.1000023.i8.755b7dc6XyfJtO\">Para BMW 323i 2006<\/div>\n<div align=\"start\">Para BMW 323is 1998-1999<\/div>\n<div align=\"start\">Para BMW 323ti 1999-2000<\/div>\n<div align=\"start\">Para BMW 325i 2002<\/div>\n<div align=\"start\">Para BMW 325i 2004-2006<\/div>\n<div align=\"start\">Para BMW 325xi 2001-2006<\/div>\n<div align=\"start\">Para BMW 328Ci 2000<\/div>\n<div align=\"start\">Para BMW 328i 1998-2000<\/div>\n<div align=\"start\">Para BMW 330Ci 2001-2006<\/div>\n<div align=\"start\">Para BMW 330i 2001-2006<\/div>\n<div align=\"start\">Para BMW 330xi 2001-2005<\/div>\n<\/div>\n<\/div>\n<\/div>\n<p align=\"start\">","protected":false},"excerpt":{"rendered":"<p>Est\u00e1 orgulloso de su BMW E46, pero con el paso de los a\u00f1os la consola central de su coche puede deteriorarse y perder su aspecto original. No dejes que una parte clave del interior de tu coche se deteriore y estropee tu experiencia de conducci\u00f3n.<\/p>","protected":false},"featured_media":1077,"comment_status":"open","ping_status":"closed","template":"","meta":{"_eb_attr":""},"product_brand":[],"product_cat":[147,66],"product_tag":[],"class_list":{"0":"post-1076","1":"product","2":"type-product","3":"status-publish","4":"has-post-thumbnail","6":"product_cat-bmw-serie-3-e46","7":"product_cat-modifications-interieurs","9":"first","10":"instock","11":"taxable","12":"shipping-taxable","13":"purchasable","14":"product-type-variable"},"yoast_head":"<!-- This site is optimized with the Yoast SEO Premium plugin v20.7 (Yoast SEO v27.3) - https:\/\/yoast.com\/product\/yoast-seo-premium-wordpress\/ -->\n<title>Console centrale BMW E46 Fibre de Carbone - MaCote.fr<\/title>\n<meta name=\"description\" content=\"Retrouvez Notre Console centrale BMW E46 Fibre de Carbone pour redonner un aspect d&#039;origine ou un aspect plus \u00e9l\u00e9gant et sportif\" \/>\n<meta name=\"robots\" content=\"index, follow, max-snippet:-1, max-image-preview:large, max-video-preview:-1\" \/>\n<link rel=\"canonical\" href=\"https:\/\/macote.fr\/es\/producto\/consola-central-bmw-e46-carbone\/\" \/>\n<meta property=\"og:locale\" content=\"es_ES\" \/>\n<meta property=\"og:type\" content=\"article\" \/>\n<meta property=\"og:title\" content=\"Console centrale BMW E46 Fibre de Carbone\" \/>\n<meta property=\"og:description\" content=\"Retrouvez Notre Console centrale BMW E46 Fibre de Carbone pour redonner un aspect d&#039;origine ou un aspect plus \u00e9l\u00e9gant et sportif\" \/>\n<meta property=\"og:url\" content=\"https:\/\/macote.fr\/es\/producto\/consola-central-bmw-e46-carbone\/\" \/>\n<meta property=\"og:site_name\" content=\"MaCote.fr\" \/>\n<meta property=\"article:publisher\" content=\"https:\/\/www.facebook.com\/profile.php?id=100091476586119\" \/>\n<meta property=\"article:modified_time\" content=\"2024-02-22T22:56:48+00:00\" \/>\n<meta property=\"og:image\" content=\"https:\/\/macote.fr\/wp-content\/uploads\/2022\/11\/console-central-bmw-e46-noir-carbon-fiber.jpg\" \/>\n\t<meta property=\"og:image:width\" content=\"1000\" \/>\n\t<meta property=\"og:image:height\" content=\"1000\" \/>\n\t<meta property=\"og:image:type\" content=\"image\/jpeg\" \/>\n<meta name=\"twitter:card\" content=\"summary_large_image\" \/>\n<meta name=\"twitter:label1\" content=\"Tiempo de lectura\" \/>\n\t<meta name=\"twitter:data1\" content=\"2 minutos\" \/>\n<script type=\"application\/ld+json\" class=\"yoast-schema-graph\">{\"@context\":\"https:\\\/\\\/schema.org\",\"@graph\":[{\"@type\":\"WebPage\",\"@id\":\"https:\\\/\\\/macote.fr\\\/produit\\\/console-centrale-bmw-e46-carbone\\\/\",\"url\":\"https:\\\/\\\/macote.fr\\\/produit\\\/console-centrale-bmw-e46-carbone\\\/\",\"name\":\"Console centrale BMW E46 Fibre de Carbone - MaCote.fr\",\"isPartOf\":{\"@id\":\"https:\\\/\\\/macote.fr\\\/#website\"},\"primaryImageOfPage\":{\"@id\":\"https:\\\/\\\/macote.fr\\\/produit\\\/console-centrale-bmw-e46-carbone\\\/#primaryimage\"},\"image\":{\"@id\":\"https:\\\/\\\/macote.fr\\\/produit\\\/console-centrale-bmw-e46-carbone\\\/#primaryimage\"},\"thumbnailUrl\":\"https:\\\/\\\/macote.fr\\\/wp-content\\\/uploads\\\/2022\\\/11\\\/console-central-bmw-e46-noir-carbon-fiber.jpg\",\"datePublished\":\"2022-11-07T15:44:40+00:00\",\"dateModified\":\"2024-02-22T22:56:48+00:00\",\"description\":\"Retrouvez Notre Console centrale BMW E46 Fibre de Carbone pour redonner un aspect d'origine ou un aspect plus \u00e9l\u00e9gant et sportif\",\"breadcrumb\":{\"@id\":\"https:\\\/\\\/macote.fr\\\/produit\\\/console-centrale-bmw-e46-carbone\\\/#breadcrumb\"},\"inLanguage\":\"es\",\"potentialAction\":[{\"@type\":\"ReadAction\",\"target\":[\"https:\\\/\\\/macote.fr\\\/produit\\\/console-centrale-bmw-e46-carbone\\\/\"]}]},{\"@type\":\"ImageObject\",\"inLanguage\":\"es\",\"@id\":\"https:\\\/\\\/macote.fr\\\/produit\\\/console-centrale-bmw-e46-carbone\\\/#primaryimage\",\"url\":\"https:\\\/\\\/macote.fr\\\/wp-content\\\/uploads\\\/2022\\\/11\\\/console-central-bmw-e46-noir-carbon-fiber.jpg\",\"contentUrl\":\"https:\\\/\\\/macote.fr\\\/wp-content\\\/uploads\\\/2022\\\/11\\\/console-central-bmw-e46-noir-carbon-fiber.jpg\",\"width\":1000,\"height\":1000,\"caption\":\"console central bmw e46 noir + carbon fiber\"},{\"@type\":\"BreadcrumbList\",\"@id\":\"https:\\\/\\\/macote.fr\\\/produit\\\/console-centrale-bmw-e46-carbone\\\/#breadcrumb\",\"itemListElement\":[{\"@type\":\"ListItem\",\"position\":1,\"name\":\"Accueil\",\"item\":\"https:\\\/\\\/macote.fr\\\/\"},{\"@type\":\"ListItem\",\"position\":2,\"name\":\"Boutique\",\"item\":\"https:\\\/\\\/macote.fr\\\/boutique\\\/\"},{\"@type\":\"ListItem\",\"position\":3,\"name\":\"Console centrale BMW E46 Fibre de Carbone\"}]},{\"@type\":\"WebSite\",\"@id\":\"https:\\\/\\\/macote.fr\\\/#website\",\"url\":\"https:\\\/\\\/macote.fr\\\/\",\"name\":\"MaCote.fr\",\"description\":\"BMW best accessories\",\"publisher\":{\"@id\":\"https:\\\/\\\/macote.fr\\\/#organization\"},\"alternateName\":\"BMW tuning\",\"potentialAction\":[{\"@type\":\"SearchAction\",\"target\":{\"@type\":\"EntryPoint\",\"urlTemplate\":\"https:\\\/\\\/macote.fr\\\/?s={search_term_string}\"},\"query-input\":{\"@type\":\"PropertyValueSpecification\",\"valueRequired\":true,\"valueName\":\"search_term_string\"}}],\"inLanguage\":\"es\"},{\"@type\":\"Organization\",\"@id\":\"https:\\\/\\\/macote.fr\\\/#organization\",\"name\":\"Macote.fr\",\"alternateName\":\"BMW tuning\",\"url\":\"https:\\\/\\\/macote.fr\\\/\",\"logo\":{\"@type\":\"ImageObject\",\"inLanguage\":\"es\",\"@id\":\"https:\\\/\\\/macote.fr\\\/#\\\/schema\\\/logo\\\/image\\\/\",\"url\":\"https:\\\/\\\/macote.fr\\\/wp-content\\\/uploads\\\/2023\\\/11\\\/LOGO-macote.fr-dessin-bmw-noir-copy.jpg\",\"contentUrl\":\"https:\\\/\\\/macote.fr\\\/wp-content\\\/uploads\\\/2023\\\/11\\\/LOGO-macote.fr-dessin-bmw-noir-copy.jpg\",\"width\":732,\"height\":456,\"caption\":\"Macote.fr\"},\"image\":{\"@id\":\"https:\\\/\\\/macote.fr\\\/#\\\/schema\\\/logo\\\/image\\\/\"},\"sameAs\":[\"https:\\\/\\\/www.facebook.com\\\/profile.php?id=100091476586119\",\"https:\\\/\\\/www.youtube.com\\\/channel\\\/UCgO-YTbaxYO-w_C5GfL-_1w\",\"https:\\\/\\\/www.tiktok.com\\\/@macote.fr?is_from_webapp=1&sender_device=pc\",\"https:\\\/\\\/www.instagram.com\\\/i_xila_i\\\/\"]}]}<\/script>\n<!-- \/ Yoast SEO Premium plugin. -->","yoast_head_json":{"title":"Consola central de fibra de carbono BMW E46 - MaCote.fr","description":"Encuentre nuestra Consola Central de Fibra de Carbono BMW E46 para restaurar un aspecto original o un aspecto m\u00e1s elegante y deportivo.","robots":{"index":"index","follow":"follow","max-snippet":"max-snippet:-1","max-image-preview":"max-image-preview:large","max-video-preview":"max-video-preview:-1"},"canonical":"https:\/\/macote.fr\/es\/producto\/consola-central-bmw-e46-carbone\/","og_locale":"es_ES","og_type":"article","og_title":"Console centrale BMW E46 Fibre de Carbone","og_description":"Retrouvez Notre Console centrale BMW E46 Fibre de Carbone pour redonner un aspect d'origine ou un aspect plus \u00e9l\u00e9gant et sportif","og_url":"https:\/\/macote.fr\/es\/producto\/consola-central-bmw-e46-carbone\/","og_site_name":"MaCote.fr","article_publisher":"https:\/\/www.facebook.com\/profile.php?id=100091476586119","article_modified_time":"2024-02-22T22:56:48+00:00","og_image":[{"width":1000,"height":1000,"url":"https:\/\/macote.fr\/wp-content\/uploads\/2022\/11\/console-central-bmw-e46-noir-carbon-fiber.jpg","type":"image\/jpeg"}],"twitter_card":"summary_large_image","twitter_misc":{"Tiempo de lectura":"2 minutos"},"schema":{"@context":"https:\/\/schema.org","@graph":[{"@type":"WebPage","@id":"https:\/\/macote.fr\/produit\/console-centrale-bmw-e46-carbone\/","url":"https:\/\/macote.fr\/produit\/console-centrale-bmw-e46-carbone\/","name":"Consola central de fibra de carbono BMW E46 - MaCote.fr","isPartOf":{"@id":"https:\/\/macote.fr\/#website"},"primaryImageOfPage":{"@id":"https:\/\/macote.fr\/produit\/console-centrale-bmw-e46-carbone\/#primaryimage"},"image":{"@id":"https:\/\/macote.fr\/produit\/console-centrale-bmw-e46-carbone\/#primaryimage"},"thumbnailUrl":"https:\/\/macote.fr\/wp-content\/uploads\/2022\/11\/console-central-bmw-e46-noir-carbon-fiber.jpg","datePublished":"2022-11-07T15:44:40+00:00","dateModified":"2024-02-22T22:56:48+00:00","description":"Encuentre nuestra Consola Central de Fibra de Carbono BMW E46 para restaurar un aspecto original o un aspecto m\u00e1s elegante y deportivo.","breadcrumb":{"@id":"https:\/\/macote.fr\/produit\/console-centrale-bmw-e46-carbone\/#breadcrumb"},"inLanguage":"es","potentialAction":[{"@type":"ReadAction","target":["https:\/\/macote.fr\/produit\/console-centrale-bmw-e46-carbone\/"]}]},{"@type":"ImageObject","inLanguage":"es","@id":"https:\/\/macote.fr\/produit\/console-centrale-bmw-e46-carbone\/#primaryimage","url":"https:\/\/macote.fr\/wp-content\/uploads\/2022\/11\/console-central-bmw-e46-noir-carbon-fiber.jpg","contentUrl":"https:\/\/macote.fr\/wp-content\/uploads\/2022\/11\/console-central-bmw-e46-noir-carbon-fiber.jpg","width":1000,"height":1000,"caption":"console central bmw e46 noir + carbon fiber"},{"@type":"BreadcrumbList","@id":"https:\/\/macote.fr\/produit\/console-centrale-bmw-e46-carbone\/#breadcrumb","itemListElement":[{"@type":"ListItem","position":1,"name":"Accueil","item":"https:\/\/macote.fr\/"},{"@type":"ListItem","position":2,"name":"Boutique","item":"https:\/\/macote.fr\/boutique\/"},{"@type":"ListItem","position":3,"name":"Console centrale BMW E46 Fibre de Carbone"}]},{"@type":"WebSite","@id":"https:\/\/macote.fr\/#website","url":"https:\/\/macote.fr\/","name":"MyQuote.com","description":"Los mejores accesorios BMW","publisher":{"@id":"https:\/\/macote.fr\/#organization"},"alternateName":"BMW tuning","potentialAction":[{"@type":"SearchAction","target":{"@type":"EntryPoint","urlTemplate":"https:\/\/macote.fr\/?s={search_term_string}"},"query-input":{"@type":"PropertyValueSpecification","valueRequired":true,"valueName":"search_term_string"}}],"inLanguage":"es"},{"@type":"Organization","@id":"https:\/\/macote.fr\/#organization","name":"Macote.es","alternateName":"BMW tuning","url":"https:\/\/macote.fr\/","logo":{"@type":"ImageObject","inLanguage":"es","@id":"https:\/\/macote.fr\/#\/schema\/logo\/image\/","url":"https:\/\/macote.fr\/wp-content\/uploads\/2023\/11\/LOGO-macote.fr-dessin-bmw-noir-copy.jpg","contentUrl":"https:\/\/macote.fr\/wp-content\/uploads\/2023\/11\/LOGO-macote.fr-dessin-bmw-noir-copy.jpg","width":732,"height":456,"caption":"Macote.fr"},"image":{"@id":"https:\/\/macote.fr\/#\/schema\/logo\/image\/"},"sameAs":["https:\/\/www.facebook.com\/profile.php?id=100091476586119","https:\/\/www.youtube.com\/channel\/UCgO-YTbaxYO-w_C5GfL-_1w","https:\/\/www.tiktok.com\/@macote.fr?is_from_webapp=1&sender_device=pc","https:\/\/www.instagram.com\/i_xila_i\/"]}]}},"_links":{"self":[{"href":"https:\/\/macote.fr\/es\/wp-json\/wp\/v2\/product\/1076","targetHints":{"allow":["GET"]}}],"collection":[{"href":"https:\/\/macote.fr\/es\/wp-json\/wp\/v2\/product"}],"about":[{"href":"https:\/\/macote.fr\/es\/wp-json\/wp\/v2\/types\/product"}],"replies":[{"embeddable":true,"href":"https:\/\/macote.fr\/es\/wp-json\/wp\/v2\/comments?post=1076"}],"wp:featuredmedia":[{"embeddable":true,"href":"https:\/\/macote.fr\/es\/wp-json\/wp\/v2\/media\/1077"}],"wp:attachment":[{"href":"https:\/\/macote.fr\/es\/wp-json\/wp\/v2\/media?parent=1076"}],"wp:term":[{"taxonomy":"product_brand","embeddable":true,"href":"https:\/\/macote.fr\/es\/wp-json\/wp\/v2\/product_brand?post=1076"},{"taxonomy":"product_cat","embeddable":true,"href":"https:\/\/macote.fr\/es\/wp-json\/wp\/v2\/product_cat?post=1076"},{"taxonomy":"product_tag","embeddable":true,"href":"https:\/\/macote.fr\/es\/wp-json\/wp\/v2\/product_tag?post=1076"}],"curies":[{"name":"wp","href":"https:\/\/api.w.org\/{rel}","templated":true}]}}