{"id":1083,"date":"2022-11-08T00:01:45","date_gmt":"2022-11-07T23:01:45","guid":{"rendered":"https:\/\/macote.fr\/?post_type=product&#038;p=1083"},"modified":"2024-02-22T23:57:06","modified_gmt":"2024-02-22T22:57:06","slug":"intermitente-led-defilant-e46-2","status":"publish","type":"product","link":"https:\/\/macote.fr\/es\/producto\/intermitente-led-defilant-e46-2\/","title":{"rendered":"Indicador LED de desplazamiento e46"},"content":{"rendered":"<div class=\"group w-full text-gray-800 dark:text-gray-100 border-b border-black\/10 dark:border-gray-900\/50 bg-gray-50 dark:bg-[#444654]\">\n<div class=\"text-base gap-4 md:gap-6 md:max-w-2xl lg:max-w-xl xl:max-w-3xl p-4 md:py-6 flex lg:px-0 m-auto\">\n<div class=\"relative flex w-[calc(100%-50px)] flex-col gap-1 md:gap-3 lg:w-[calc(100%-115px)]\">\n<div class=\"flex flex-grow flex-col gap-3\">\n<div class=\"min-h-[20px] flex flex-col items-start gap-4 whitespace-pre-wrap\">\n<div class=\"markdown prose w-full break-words dark:prose-invert light\">\n<p>D\u00e9couvrez notre clignotant LED d\u00e9filant e46, avec une option LED de d\u00e9filement pour un effet moderne et \u00e9l\u00e9gant. Ce produit est un moyen simple et abordable de rafra\u00eechir l&rsquo;apparence de votre BMW e46, en ajoutant une touche de modernit\u00e9 et de style \u00e0 votre voiture.<\/p>\n<p>Les clignotants LED sont plus lumineux que les clignotants traditionnels, offrant ainsi une meilleure visibilit\u00e9 et une plus grande s\u00e9curit\u00e9 sur la route. En plus de cela, l&rsquo;option LED de d\u00e9filement ajoute un effet de mouvement fluide et \u00e9l\u00e9gant, donnant l&rsquo;impression que la lumi\u00e8re se d\u00e9place le long du clignotant.<\/p>\n<p>Notre clignotant LED est sp\u00e9cialement con\u00e7u pour s&rsquo;adapter parfaitement aux mod\u00e8les BMW e46, offrant une installation facile et rapide. De plus, le design \u00e9pur\u00e9 et moderne s&rsquo;harmonise parfaitement avec la ligne de la voiture, cr\u00e9ant un look coh\u00e9rent et attractif.<\/p>\n<\/div>\n<p>Vous avez le choix entre deux apparence translucide et fum\u00e9.<\/p>\n<div class=\"markdown prose w-full break-words dark:prose-invert light\">\n<p>Ajoutez un peu de modernit\u00e9 \u00e0 votre BMW e46 avec notre clignotant LED avec option LED de d\u00e9filement. C&rsquo;est un choix judicieux pour les propri\u00e9taires de BMW qui cherchent \u00e0 am\u00e9liorer l&rsquo;apparence de leur voiture tout en am\u00e9liorant la s\u00e9curit\u00e9 sur la route. Commandez d\u00e8s maintenant et transformez l&rsquo;apparence de votre BMW !<\/p>\n<\/div>\n<\/div>\n<\/div>\n<div class=\"flex justify-between lg:block\">\n<div class=\"text-gray-400 flex self-end lg:self-center justify-center mt-2 gap-2 md:gap-3 lg:gap-1 lg:absolute lg:top-0 lg:translate-x-full lg:right-0 lg:mt-0 lg:pl-2 visible\"><strong style=\"font-size: 21px; letter-spacing: -0.015em;\">De<\/strong><strong style=\"font-size: 21px; letter-spacing: -0.015em;\">scription du produit:<\/strong><\/div>\n<\/div>\n<\/div>\n<\/div>\n<\/div>\n<div class=\"detailmodule_html\">\n<div class=\"detail-desc-decorate-richtext\">\n<div class=\"detailmodule_html\">\n<div class=\"detail-desc-decorate-richtext\">\n<div class=\"detailmodule_html\">\n<div class=\"detail-desc-decorate-richtext\">\n<div class=\"detailmodule_html\">\n<div class=\"detail-desc-decorate-richtext\">\n<div class=\"detailmodule_html\">\n<div class=\"detail-desc-decorate-richtext\">\n<div class=\"detailmodule_html\">\n<div class=\"detail-desc-decorate-richtext\">\n<div align=\"start\">clignotant LED d\u00e9filant e46<\/div>\n<div align=\"start\"><\/div>\n<div align=\"start\">-Installation Plug and play, directement connect\u00e9e \u00e0 la prise d&rsquo;origine.<\/div>\n<div align=\"start\">-Lentille semi-fum\u00e9e, plus luxueuse plus sportif.<\/div>\n<div align=\"start\">-Clignotant dynamique, d\u00e9filement en douceur<\/div>\n<div align=\"start\">-Technologie LED, plus durable. Avec surface mate pour r\u00e9sister aux rayures.<\/div>\n<\/div>\n<div align=\"start\">-100 waterproof<\/div>\n<div class=\"detail-desc-decorate-richtext\">\n<div align=\"start\"><\/div>\n<p><strong>Compatible Avec:<\/strong><\/p>\n<div>\n<div>Pour BMW E46 s\u00e9rie 3 berline\/break (mod\u00e8les Facelift et non facelift )<\/div>\n<div>Pour BMW E60\/E61 s\u00e9rie 5 berline\/break (mod\u00e8les 2003.07-2010.05)<\/div>\n<div>Pour BMW E81\/E87 (mod\u00e8les 2004.09-2011.10)<\/div>\n<div>Pour BMW E82\/E88 (mod\u00e8les de 2007.10-)<\/div>\n<div>Pour BMW E83 X3 (mod\u00e8les 2003-2010) (ne convient pas aux mod\u00e8les avec indicateur lat\u00e9ral LED d&rsquo;origine)<\/div>\n<div>Pour BMW E84 X1 (mod\u00e8les 2009.10-2012.06)<\/div>\n<div>Pour BMW E90\/E91 berline\/break (mod\u00e8les 2005.01-2012.05) (ne convient pas pour M3)<\/div>\n<div>Pour BMW E92\/E93 coup\u00e9\/Convertible (mod\u00e8les 2006.06-2013.09)<\/div>\n<\/div>\n<\/div>\n<\/div>\n<\/div>\n<\/div>\n<\/div>\n<\/div>\n<\/div>\n<\/div>\n<\/div>\n<\/div>\n<\/div>\n<\/div>\n","protected":false},"excerpt":{"rendered":"<p>Descubra nuestro intermitente LED e46, con opci\u00f3n de LED desplazable para un efecto moderno y elegante. Este producto es una forma sencilla y asequible de refrescar la apariencia de su BMW e46, a\u00f1adiendo un toque de modernidad y estilo a su coche.<\/p>","protected":false},"featured_media":1084,"comment_status":"open","ping_status":"closed","template":"","meta":{"_eb_attr":""},"product_brand":[],"product_cat":[147,68,67],"product_tag":[],"class_list":{"0":"post-1083","1":"product","2":"type-product","3":"status-publish","4":"has-post-thumbnail","6":"product_cat-bmw-serie-3-e46","7":"product_cat-eclairage-signature-lumineuse","8":"product_cat-modification-exterieur-vehicule","10":"first","11":"instock","12":"taxable","13":"shipping-taxable","14":"purchasable","15":"product-type-variable"},"yoast_head":"<!-- This site is optimized with the Yoast SEO Premium plugin v20.7 (Yoast SEO v27.3) - https:\/\/yoast.com\/product\/yoast-seo-premium-wordpress\/ -->\n<title>clignotant LED d\u00e9filant e46 - MaCote.fr<\/title>\n<meta name=\"description\" content=\"Retrouvez nos clignotants d\u00e9filants pour bmw E46 phase 1 ou phase 2 facelift avec diff\u00e9rent apparence ( translucide ou fum\u00e9 )\" \/>\n<meta name=\"robots\" content=\"index, follow, max-snippet:-1, max-image-preview:large, max-video-preview:-1\" \/>\n<link rel=\"canonical\" href=\"https:\/\/macote.fr\/es\/producto\/intermitente-led-defilant-e46-2\/\" \/>\n<meta property=\"og:locale\" content=\"es_ES\" \/>\n<meta property=\"og:type\" content=\"article\" \/>\n<meta property=\"og:title\" content=\"clignotant LED d\u00e9filant e46\" \/>\n<meta property=\"og:description\" content=\"Retrouvez nos clignotants d\u00e9filants pour bmw E46 phase 1 ou phase 2 facelift avec diff\u00e9rent apparence ( translucide ou fum\u00e9 )\" \/>\n<meta property=\"og:url\" content=\"https:\/\/macote.fr\/es\/producto\/intermitente-led-defilant-e46-2\/\" \/>\n<meta property=\"og:site_name\" content=\"MaCote.fr\" \/>\n<meta property=\"article:publisher\" content=\"https:\/\/www.facebook.com\/profile.php?id=100091476586119\" \/>\n<meta property=\"article:modified_time\" content=\"2024-02-22T22:57:06+00:00\" \/>\n<meta property=\"og:image\" content=\"https:\/\/macote.fr\/wp-content\/uploads\/2022\/11\/clignotant-e46-bmw-LED-defilement-doux1.webp\" \/>\n\t<meta property=\"og:image:width\" content=\"1000\" \/>\n\t<meta property=\"og:image:height\" content=\"1000\" \/>\n\t<meta property=\"og:image:type\" content=\"image\/webp\" \/>\n<meta name=\"twitter:card\" content=\"summary_large_image\" \/>\n<meta name=\"twitter:label1\" content=\"Tiempo de lectura\" \/>\n\t<meta name=\"twitter:data1\" content=\"2 minutos\" \/>\n<script type=\"application\/ld+json\" class=\"yoast-schema-graph\">{\"@context\":\"https:\\\/\\\/schema.org\",\"@graph\":[{\"@type\":\"WebPage\",\"@id\":\"https:\\\/\\\/macote.fr\\\/produit\\\/clignotant-led-defilant-e46\\\/\",\"url\":\"https:\\\/\\\/macote.fr\\\/produit\\\/clignotant-led-defilant-e46\\\/\",\"name\":\"clignotant LED d\u00e9filant e46 - MaCote.fr\",\"isPartOf\":{\"@id\":\"https:\\\/\\\/macote.fr\\\/#website\"},\"primaryImageOfPage\":{\"@id\":\"https:\\\/\\\/macote.fr\\\/produit\\\/clignotant-led-defilant-e46\\\/#primaryimage\"},\"image\":{\"@id\":\"https:\\\/\\\/macote.fr\\\/produit\\\/clignotant-led-defilant-e46\\\/#primaryimage\"},\"thumbnailUrl\":\"https:\\\/\\\/macote.fr\\\/wp-content\\\/uploads\\\/2022\\\/11\\\/clignotant-e46-bmw-LED-defilement-doux1.webp\",\"datePublished\":\"2022-11-07T23:01:45+00:00\",\"dateModified\":\"2024-02-22T22:57:06+00:00\",\"description\":\"Retrouvez nos clignotants d\u00e9filants pour bmw E46 phase 1 ou phase 2 facelift avec diff\u00e9rent apparence ( translucide ou fum\u00e9 )\",\"breadcrumb\":{\"@id\":\"https:\\\/\\\/macote.fr\\\/produit\\\/clignotant-led-defilant-e46\\\/#breadcrumb\"},\"inLanguage\":\"es\",\"potentialAction\":[{\"@type\":\"ReadAction\",\"target\":[\"https:\\\/\\\/macote.fr\\\/produit\\\/clignotant-led-defilant-e46\\\/\"]}]},{\"@type\":\"ImageObject\",\"inLanguage\":\"es\",\"@id\":\"https:\\\/\\\/macote.fr\\\/produit\\\/clignotant-led-defilant-e46\\\/#primaryimage\",\"url\":\"https:\\\/\\\/macote.fr\\\/wp-content\\\/uploads\\\/2022\\\/11\\\/clignotant-e46-bmw-LED-defilement-doux1.webp\",\"contentUrl\":\"https:\\\/\\\/macote.fr\\\/wp-content\\\/uploads\\\/2022\\\/11\\\/clignotant-e46-bmw-LED-defilement-doux1.webp\",\"width\":1000,\"height\":1000,\"caption\":\"clignotant e46 bmw LED d\u00e9filement doux1\"},{\"@type\":\"BreadcrumbList\",\"@id\":\"https:\\\/\\\/macote.fr\\\/produit\\\/clignotant-led-defilant-e46\\\/#breadcrumb\",\"itemListElement\":[{\"@type\":\"ListItem\",\"position\":1,\"name\":\"Accueil\",\"item\":\"https:\\\/\\\/macote.fr\\\/\"},{\"@type\":\"ListItem\",\"position\":2,\"name\":\"Boutique\",\"item\":\"https:\\\/\\\/macote.fr\\\/boutique\\\/\"},{\"@type\":\"ListItem\",\"position\":3,\"name\":\"clignotant LED d\u00e9filant e46\"}]},{\"@type\":\"WebSite\",\"@id\":\"https:\\\/\\\/macote.fr\\\/#website\",\"url\":\"https:\\\/\\\/macote.fr\\\/\",\"name\":\"MaCote.fr\",\"description\":\"BMW best accessories\",\"publisher\":{\"@id\":\"https:\\\/\\\/macote.fr\\\/#organization\"},\"alternateName\":\"BMW tuning\",\"potentialAction\":[{\"@type\":\"SearchAction\",\"target\":{\"@type\":\"EntryPoint\",\"urlTemplate\":\"https:\\\/\\\/macote.fr\\\/?s={search_term_string}\"},\"query-input\":{\"@type\":\"PropertyValueSpecification\",\"valueRequired\":true,\"valueName\":\"search_term_string\"}}],\"inLanguage\":\"es\"},{\"@type\":\"Organization\",\"@id\":\"https:\\\/\\\/macote.fr\\\/#organization\",\"name\":\"Macote.fr\",\"alternateName\":\"BMW tuning\",\"url\":\"https:\\\/\\\/macote.fr\\\/\",\"logo\":{\"@type\":\"ImageObject\",\"inLanguage\":\"es\",\"@id\":\"https:\\\/\\\/macote.fr\\\/#\\\/schema\\\/logo\\\/image\\\/\",\"url\":\"https:\\\/\\\/macote.fr\\\/wp-content\\\/uploads\\\/2023\\\/11\\\/LOGO-macote.fr-dessin-bmw-noir-copy.jpg\",\"contentUrl\":\"https:\\\/\\\/macote.fr\\\/wp-content\\\/uploads\\\/2023\\\/11\\\/LOGO-macote.fr-dessin-bmw-noir-copy.jpg\",\"width\":732,\"height\":456,\"caption\":\"Macote.fr\"},\"image\":{\"@id\":\"https:\\\/\\\/macote.fr\\\/#\\\/schema\\\/logo\\\/image\\\/\"},\"sameAs\":[\"https:\\\/\\\/www.facebook.com\\\/profile.php?id=100091476586119\",\"https:\\\/\\\/www.youtube.com\\\/channel\\\/UCgO-YTbaxYO-w_C5GfL-_1w\",\"https:\\\/\\\/www.tiktok.com\\\/@macote.fr?is_from_webapp=1&sender_device=pc\",\"https:\\\/\\\/www.instagram.com\\\/i_xila_i\\\/\"]}]}<\/script>\n<!-- \/ Yoast SEO Premium plugin. -->","yoast_head_json":{"title":"Indicador LED de desplazamiento e46 - MaCote.fr","description":"Encuentre nuestros intermitentes de desplazamiento para bmw E46 fase 1 o fase 2 facelift con aspecto diferente (transl\u00facido o ahumado).","robots":{"index":"index","follow":"follow","max-snippet":"max-snippet:-1","max-image-preview":"max-image-preview:large","max-video-preview":"max-video-preview:-1"},"canonical":"https:\/\/macote.fr\/es\/producto\/intermitente-led-defilant-e46-2\/","og_locale":"es_ES","og_type":"article","og_title":"clignotant LED d\u00e9filant e46","og_description":"Retrouvez nos clignotants d\u00e9filants pour bmw E46 phase 1 ou phase 2 facelift avec diff\u00e9rent apparence ( translucide ou fum\u00e9 )","og_url":"https:\/\/macote.fr\/es\/producto\/intermitente-led-defilant-e46-2\/","og_site_name":"MaCote.fr","article_publisher":"https:\/\/www.facebook.com\/profile.php?id=100091476586119","article_modified_time":"2024-02-22T22:57:06+00:00","og_image":[{"width":1000,"height":1000,"url":"https:\/\/macote.fr\/wp-content\/uploads\/2022\/11\/clignotant-e46-bmw-LED-defilement-doux1.webp","type":"image\/webp"}],"twitter_card":"summary_large_image","twitter_misc":{"Tiempo de lectura":"2 minutos"},"schema":{"@context":"https:\/\/schema.org","@graph":[{"@type":"WebPage","@id":"https:\/\/macote.fr\/produit\/clignotant-led-defilant-e46\/","url":"https:\/\/macote.fr\/produit\/clignotant-led-defilant-e46\/","name":"Indicador LED de desplazamiento e46 - MaCote.fr","isPartOf":{"@id":"https:\/\/macote.fr\/#website"},"primaryImageOfPage":{"@id":"https:\/\/macote.fr\/produit\/clignotant-led-defilant-e46\/#primaryimage"},"image":{"@id":"https:\/\/macote.fr\/produit\/clignotant-led-defilant-e46\/#primaryimage"},"thumbnailUrl":"https:\/\/macote.fr\/wp-content\/uploads\/2022\/11\/clignotant-e46-bmw-LED-defilement-doux1.webp","datePublished":"2022-11-07T23:01:45+00:00","dateModified":"2024-02-22T22:57:06+00:00","description":"Encuentre nuestros intermitentes de desplazamiento para bmw E46 fase 1 o fase 2 facelift con aspecto diferente (transl\u00facido o ahumado).","breadcrumb":{"@id":"https:\/\/macote.fr\/produit\/clignotant-led-defilant-e46\/#breadcrumb"},"inLanguage":"es","potentialAction":[{"@type":"ReadAction","target":["https:\/\/macote.fr\/produit\/clignotant-led-defilant-e46\/"]}]},{"@type":"ImageObject","inLanguage":"es","@id":"https:\/\/macote.fr\/produit\/clignotant-led-defilant-e46\/#primaryimage","url":"https:\/\/macote.fr\/wp-content\/uploads\/2022\/11\/clignotant-e46-bmw-LED-defilement-doux1.webp","contentUrl":"https:\/\/macote.fr\/wp-content\/uploads\/2022\/11\/clignotant-e46-bmw-LED-defilement-doux1.webp","width":1000,"height":1000,"caption":"clignotant e46 bmw LED d\u00e9filement doux1"},{"@type":"BreadcrumbList","@id":"https:\/\/macote.fr\/produit\/clignotant-led-defilant-e46\/#breadcrumb","itemListElement":[{"@type":"ListItem","position":1,"name":"Accueil","item":"https:\/\/macote.fr\/"},{"@type":"ListItem","position":2,"name":"Boutique","item":"https:\/\/macote.fr\/boutique\/"},{"@type":"ListItem","position":3,"name":"clignotant LED d\u00e9filant e46"}]},{"@type":"WebSite","@id":"https:\/\/macote.fr\/#website","url":"https:\/\/macote.fr\/","name":"MyQuote.com","description":"Los mejores accesorios BMW","publisher":{"@id":"https:\/\/macote.fr\/#organization"},"alternateName":"BMW tuning","potentialAction":[{"@type":"SearchAction","target":{"@type":"EntryPoint","urlTemplate":"https:\/\/macote.fr\/?s={search_term_string}"},"query-input":{"@type":"PropertyValueSpecification","valueRequired":true,"valueName":"search_term_string"}}],"inLanguage":"es"},{"@type":"Organization","@id":"https:\/\/macote.fr\/#organization","name":"Macote.es","alternateName":"BMW tuning","url":"https:\/\/macote.fr\/","logo":{"@type":"ImageObject","inLanguage":"es","@id":"https:\/\/macote.fr\/#\/schema\/logo\/image\/","url":"https:\/\/macote.fr\/wp-content\/uploads\/2023\/11\/LOGO-macote.fr-dessin-bmw-noir-copy.jpg","contentUrl":"https:\/\/macote.fr\/wp-content\/uploads\/2023\/11\/LOGO-macote.fr-dessin-bmw-noir-copy.jpg","width":732,"height":456,"caption":"Macote.fr"},"image":{"@id":"https:\/\/macote.fr\/#\/schema\/logo\/image\/"},"sameAs":["https:\/\/www.facebook.com\/profile.php?id=100091476586119","https:\/\/www.youtube.com\/channel\/UCgO-YTbaxYO-w_C5GfL-_1w","https:\/\/www.tiktok.com\/@macote.fr?is_from_webapp=1&sender_device=pc","https:\/\/www.instagram.com\/i_xila_i\/"]}]}},"_links":{"self":[{"href":"https:\/\/macote.fr\/es\/wp-json\/wp\/v2\/product\/1083","targetHints":{"allow":["GET"]}}],"collection":[{"href":"https:\/\/macote.fr\/es\/wp-json\/wp\/v2\/product"}],"about":[{"href":"https:\/\/macote.fr\/es\/wp-json\/wp\/v2\/types\/product"}],"replies":[{"embeddable":true,"href":"https:\/\/macote.fr\/es\/wp-json\/wp\/v2\/comments?post=1083"}],"wp:featuredmedia":[{"embeddable":true,"href":"https:\/\/macote.fr\/es\/wp-json\/wp\/v2\/media\/1084"}],"wp:attachment":[{"href":"https:\/\/macote.fr\/es\/wp-json\/wp\/v2\/media?parent=1083"}],"wp:term":[{"taxonomy":"product_brand","embeddable":true,"href":"https:\/\/macote.fr\/es\/wp-json\/wp\/v2\/product_brand?post=1083"},{"taxonomy":"product_cat","embeddable":true,"href":"https:\/\/macote.fr\/es\/wp-json\/wp\/v2\/product_cat?post=1083"},{"taxonomy":"product_tag","embeddable":true,"href":"https:\/\/macote.fr\/es\/wp-json\/wp\/v2\/product_tag?post=1083"}],"curies":[{"name":"wp","href":"https:\/\/api.w.org\/{rel}","templated":true}]}}