{"id":1208,"date":"2023-04-05T11:28:13","date_gmt":"2023-04-05T09:28:13","guid":{"rendered":"https:\/\/macote.fr\/?post_type=product&#038;p=1208"},"modified":"2023-05-14T19:04:46","modified_gmt":"2023-05-14T17:04:46","slug":"kit-angel-eyes-bmw-rgb","status":"publish","type":"product","link":"https:\/\/macote.fr\/es\/producto\/kit-angel-eyes-bmw-rgb\/","title":{"rendered":"KIT Angel Eyes BMW RGB"},"content":{"rendered":"<h1>KIT Angel Eyes BMW RGB:<\/h1>\n<p>Si est\u00e1 buscando mejorar la apariencia de su BMW y hacerlo m\u00e1s agresivo y atractivo, los ojos de \u00e1ngel son una opci\u00f3n popular. Los ojos de \u00e1ngel son faros LED multicolores que a\u00f1aden un toque moderno a su veh\u00edculo. Con su dise\u00f1o elegante y su luz brillante, los ojos de \u00e1ngel son una forma sencilla y eficaz de dar un nuevo aspecto a su coche.<\/p>\n<p>este kit est\u00e1 dise\u00f1ado espec\u00edficamente para su modelo. Nuestros ojos de \u00e1ngel son f\u00e1ciles de instalar y no requieren ninguna modificaci\u00f3n en su veh\u00edculo. Adem\u00e1s, cuentan con tecnolog\u00eda LED de \u00faltima generaci\u00f3n que proporciona un brillo excepcional y dura m\u00e1s que las bombillas hal\u00f3genas tradicionales.<\/p>\n<h4>Tambi\u00e9n encontrar\u00e1 :<\/h4>\n<p>Nuestras bombillas LED son compatibles con sus ojos de \u00e1ngel, para dar a su BMW un aspecto distintivo y proporcionar una iluminaci\u00f3n nocturna excepcional para una conducci\u00f3n segura.<\/p>\n<blockquote class=\"wp-embedded-content\" data-secret=\"kutXyQ2bYo\"><p><a href=\"https:\/\/macote.fr\/es\/producto\/ampoules-led-voiture\/\">Bombillas LED para coches<\/a><\/p><\/blockquote>\n<p><iframe class=\"wp-embedded-content\" sandbox=\"allow-scripts\" security=\"restricted\" style=\"position: absolute; clip: rect(1px, 1px, 1px, 1px);\" title=\"&quot; Bombillas LED para coches - MaCote.fr\" src=\"https:\/\/macote.fr\/produit\/ampoules-led-voiture\/embed\/#?secret=AzHlmqW65O#?secret=kutXyQ2bYo\" data-secret=\"kutXyQ2bYo\" width=\"600\" height=\"338\" frameborder=\"0\" marginwidth=\"0\" marginheight=\"0\" scrolling=\"no\"><\/iframe><\/p>\n<p>Si busca ojos de \u00e1ngel con una extraordinaria calidad de luz, tambi\u00e9n encontrar\u00e1 nuestros ojos de \u00e1ngel monocolor para dar a su coche un aspecto m\u00e1s distintivo.<\/p>\n<blockquote class=\"wp-embedded-content\" data-secret=\"sxZAKouedQ\"><p><a href=\"https:\/\/macote.fr\/es\/producto\/angel-eyes-bmw-e46\/\">angel ojos BMW E46<\/a><\/p><\/blockquote>\n<p><iframe class=\"wp-embedded-content\" sandbox=\"allow-scripts\" security=\"restricted\" style=\"position: absolute; clip: rect(1px, 1px, 1px, 1px);\" title=\"&quot;Angel Eyes&quot; BMW E46 - MaCote.fr\" src=\"https:\/\/macote.fr\/produit\/angel-eyes-bmw-e46\/embed\/#?secret=sPglLmULSA#?secret=sxZAKouedQ\" data-secret=\"sxZAKouedQ\" width=\"600\" height=\"338\" frameborder=\"0\" marginwidth=\"0\" marginheight=\"0\" scrolling=\"no\"><\/iframe><\/p>\n<h4>Multitud de colores y facilidad de instalaci\u00f3n:<\/h4>\n<p>A diferencia de los faros Angel Eyes, que son m\u00e1s dif\u00edciles de instalar por uno mismo y tienen un coste de compra mucho mayor, no pueden cambiar de color. Nuestros Angel Eyes, en cambio, son r\u00e1pidos y f\u00e1ciles de instalar, asequibles y pueden cambiar de color a voluntad para ofrecer infinitas posibilidades de personalizaci\u00f3n.<\/p>\n<p>Nuestros ojos de \u00e1ngel BMW est\u00e1n disponibles en una variedad de colores para todos los gustos. Si usted est\u00e1 buscando a\u00f1adir un toque de estilo tuning a su veh\u00edculo o simplemente refrescar su apariencia, nuestros ojos de \u00e1ngel son una opci\u00f3n ideal. Adem\u00e1s de mejorar la apariencia de su BMW, tambi\u00e9n pueden ayudar a mejorar su visibilidad en la carretera, mejorando la seguridad al conducir de noche.<\/p>\n<h4>Para todos los BMW siguientes:<\/h4>\n<p>Serie 3 5 7 :<\/p>\n<p>Angel Eyes BMW E36, E38 RGB<\/p>\n<p>Angel Eyes RGB BMW E46, E39<\/p>\n<p>525i 528i 530i 540i 320i 325i 745i 740i<\/p>\n<h4>disponible en varios tama\u00f1os:<\/h4>\n<p>Es muy importante que compruebes que tu modelo es compatible antes de comprarlo.<\/p>\n<p>&nbsp;<\/p>","protected":false},"excerpt":{"rendered":"<div class=\"group w-full text-gray-800 dark:text-gray-100 border-b border-black\/10 dark:border-gray-900\/50 bg-gray-50 dark:bg-[#444654]\">\n<div class=\"text-base gap-4 md:gap-6 md:max-w-2xl lg:max-w-xl xl:max-w-3xl p-4 md:py-6 flex lg:px-0 m-auto\">\n<div class=\"relative flex w-[calc(100%-50px)] flex-col gap-1 md:gap-3 lg:w-[calc(100%-115px)]\">\n<div class=\"flex flex-grow flex-col gap-3\">\n<div class=\"min-h-[20px] flex flex-col items-start gap-4 whitespace-pre-wrap\">\n<div class=\"markdown prose w-full break-words dark:prose-invert light\">\n<p>Donnez un nouveau look \u00e0 votre BMW avec nos angel eyes RGB, Faciles \u00e0 installer et disponibles dans une vari\u00e9t\u00e9 de couleurs, ils ajouteront une touche de modernit\u00e9 et d&rsquo;\u00e9l\u00e9gance \u00e0 votre v\u00e9hicule.<\/p>\n<\/div>\n<\/div>\n<\/div>\n<\/div>\n<\/div>\n<\/div>\n","protected":false},"featured_media":1209,"comment_status":"open","ping_status":"closed","template":"","meta":{"_eb_attr":""},"product_brand":[],"product_cat":[68,67],"product_tag":[],"class_list":{"0":"post-1208","1":"product","2":"type-product","3":"status-publish","4":"has-post-thumbnail","6":"product_cat-eclairage-signature-lumineuse","7":"product_cat-modification-exterieur-vehicule","9":"first","10":"instock","11":"taxable","12":"shipping-taxable","13":"purchasable","14":"product-type-variable"},"yoast_head":"<!-- This site is optimized with the Yoast SEO Premium plugin v20.7 (Yoast SEO v27.4) - https:\/\/yoast.com\/product\/yoast-seo-premium-wordpress\/ -->\n<title>Angel Eyes BMW RGB KIT - MaCote.fr<\/title>\n<meta name=\"description\" content=\"Donnez un nouveau look \u00e0 votre BMW avec nos angel eyes, Faciles \u00e0 installer et disponibles dans une vari\u00e9t\u00e9 de couleurs. Modernit\u00e9 et design.\" \/>\n<meta name=\"robots\" content=\"index, follow, max-snippet:-1, max-image-preview:large, max-video-preview:-1\" \/>\n<link rel=\"canonical\" href=\"https:\/\/macote.fr\/es\/producto\/kit-angel-eyes-bmw-rgb\/\" \/>\n<meta property=\"og:locale\" content=\"es_ES\" \/>\n<meta property=\"og:type\" content=\"article\" \/>\n<meta property=\"og:title\" content=\"Angel Eyes BMW RGB KIT\" \/>\n<meta property=\"og:description\" content=\"Donnez un nouveau look \u00e0 votre BMW avec nos angel eyes, Faciles \u00e0 installer et disponibles dans une vari\u00e9t\u00e9 de couleurs. Modernit\u00e9 et design.\" \/>\n<meta property=\"og:url\" content=\"https:\/\/macote.fr\/es\/producto\/kit-angel-eyes-bmw-rgb\/\" \/>\n<meta property=\"og:site_name\" content=\"MaCote.fr\" \/>\n<meta property=\"article:publisher\" content=\"https:\/\/www.facebook.com\/profile.php?id=100091476586119\" \/>\n<meta property=\"article:modified_time\" content=\"2023-05-14T17:04:46+00:00\" \/>\n<meta property=\"og:image\" content=\"https:\/\/macote.fr\/wp-content\/uploads\/2023\/04\/S14a720b7c4a64f3ca90adab342cd0d64x.jpg\" \/>\n\t<meta property=\"og:image:width\" content=\"501\" \/>\n\t<meta property=\"og:image:height\" content=\"442\" \/>\n\t<meta property=\"og:image:type\" content=\"image\/jpeg\" \/>\n<meta name=\"twitter:card\" content=\"summary_large_image\" \/>\n<meta name=\"twitter:label1\" content=\"Tiempo de lectura\" \/>\n\t<meta name=\"twitter:data1\" content=\"2 minutos\" \/>\n<script type=\"application\/ld+json\" class=\"yoast-schema-graph\">{\"@context\":\"https:\\\/\\\/schema.org\",\"@graph\":[{\"@type\":\"WebPage\",\"@id\":\"https:\\\/\\\/macote.fr\\\/produit\\\/angel-eyes-bmw-rgb-kit\\\/\",\"url\":\"https:\\\/\\\/macote.fr\\\/produit\\\/angel-eyes-bmw-rgb-kit\\\/\",\"name\":\"Angel Eyes BMW RGB KIT - MaCote.fr\",\"isPartOf\":{\"@id\":\"https:\\\/\\\/macote.fr\\\/#website\"},\"primaryImageOfPage\":{\"@id\":\"https:\\\/\\\/macote.fr\\\/produit\\\/angel-eyes-bmw-rgb-kit\\\/#primaryimage\"},\"image\":{\"@id\":\"https:\\\/\\\/macote.fr\\\/produit\\\/angel-eyes-bmw-rgb-kit\\\/#primaryimage\"},\"thumbnailUrl\":\"https:\\\/\\\/macote.fr\\\/wp-content\\\/uploads\\\/2023\\\/04\\\/S14a720b7c4a64f3ca90adab342cd0d64x.jpg\",\"datePublished\":\"2023-04-05T09:28:13+00:00\",\"dateModified\":\"2023-05-14T17:04:46+00:00\",\"description\":\"Donnez un nouveau look \u00e0 votre BMW avec nos angel eyes, Faciles \u00e0 installer et disponibles dans une vari\u00e9t\u00e9 de couleurs. Modernit\u00e9 et design.\",\"breadcrumb\":{\"@id\":\"https:\\\/\\\/macote.fr\\\/produit\\\/angel-eyes-bmw-rgb-kit\\\/#breadcrumb\"},\"inLanguage\":\"es\",\"potentialAction\":[{\"@type\":\"ReadAction\",\"target\":[\"https:\\\/\\\/macote.fr\\\/produit\\\/angel-eyes-bmw-rgb-kit\\\/\"]}]},{\"@type\":\"ImageObject\",\"inLanguage\":\"es\",\"@id\":\"https:\\\/\\\/macote.fr\\\/produit\\\/angel-eyes-bmw-rgb-kit\\\/#primaryimage\",\"url\":\"https:\\\/\\\/macote.fr\\\/wp-content\\\/uploads\\\/2023\\\/04\\\/S14a720b7c4a64f3ca90adab342cd0d64x.jpg\",\"contentUrl\":\"https:\\\/\\\/macote.fr\\\/wp-content\\\/uploads\\\/2023\\\/04\\\/S14a720b7c4a64f3ca90adab342cd0d64x.jpg\",\"width\":501,\"height\":442,\"caption\":\"red e36 bmw with angel eyes\"},{\"@type\":\"BreadcrumbList\",\"@id\":\"https:\\\/\\\/macote.fr\\\/produit\\\/angel-eyes-bmw-rgb-kit\\\/#breadcrumb\",\"itemListElement\":[{\"@type\":\"ListItem\",\"position\":1,\"name\":\"Accueil\",\"item\":\"https:\\\/\\\/macote.fr\\\/\"},{\"@type\":\"ListItem\",\"position\":2,\"name\":\"Boutique\",\"item\":\"https:\\\/\\\/macote.fr\\\/boutique\\\/\"},{\"@type\":\"ListItem\",\"position\":3,\"name\":\"Angel Eyes BMW RGB KIT\"}]},{\"@type\":\"WebSite\",\"@id\":\"https:\\\/\\\/macote.fr\\\/#website\",\"url\":\"https:\\\/\\\/macote.fr\\\/\",\"name\":\"MaCote.fr\",\"description\":\"BMW best accessories\",\"publisher\":{\"@id\":\"https:\\\/\\\/macote.fr\\\/#organization\"},\"alternateName\":\"BMW tuning\",\"potentialAction\":[{\"@type\":\"SearchAction\",\"target\":{\"@type\":\"EntryPoint\",\"urlTemplate\":\"https:\\\/\\\/macote.fr\\\/?s={search_term_string}\"},\"query-input\":{\"@type\":\"PropertyValueSpecification\",\"valueRequired\":true,\"valueName\":\"search_term_string\"}}],\"inLanguage\":\"es\"},{\"@type\":\"Organization\",\"@id\":\"https:\\\/\\\/macote.fr\\\/#organization\",\"name\":\"Macote.fr\",\"alternateName\":\"BMW tuning\",\"url\":\"https:\\\/\\\/macote.fr\\\/\",\"logo\":{\"@type\":\"ImageObject\",\"inLanguage\":\"es\",\"@id\":\"https:\\\/\\\/macote.fr\\\/#\\\/schema\\\/logo\\\/image\\\/\",\"url\":\"https:\\\/\\\/macote.fr\\\/wp-content\\\/uploads\\\/2023\\\/11\\\/LOGO-macote.fr-dessin-bmw-noir-copy.jpg\",\"contentUrl\":\"https:\\\/\\\/macote.fr\\\/wp-content\\\/uploads\\\/2023\\\/11\\\/LOGO-macote.fr-dessin-bmw-noir-copy.jpg\",\"width\":732,\"height\":456,\"caption\":\"Macote.fr\"},\"image\":{\"@id\":\"https:\\\/\\\/macote.fr\\\/#\\\/schema\\\/logo\\\/image\\\/\"},\"sameAs\":[\"https:\\\/\\\/www.facebook.com\\\/profile.php?id=100091476586119\",\"https:\\\/\\\/www.youtube.com\\\/channel\\\/UCgO-YTbaxYO-w_C5GfL-_1w\",\"https:\\\/\\\/www.tiktok.com\\\/@macote.fr?is_from_webapp=1&sender_device=pc\",\"https:\\\/\\\/www.instagram.com\\\/i_xila_i\\\/\"]}]}<\/script>\n<!-- \/ Yoast SEO Premium plugin. -->","yoast_head_json":{"title":"KIT Angel Eyes BMW RGB - MaCote.fr","description":"D\u00e9 un nuevo aspecto a su BMW con nuestros ojos de \u00e1ngel, f\u00e1ciles de instalar y disponibles en varios colores. Modernos y con estilo.","robots":{"index":"index","follow":"follow","max-snippet":"max-snippet:-1","max-image-preview":"max-image-preview:large","max-video-preview":"max-video-preview:-1"},"canonical":"https:\/\/macote.fr\/es\/producto\/kit-angel-eyes-bmw-rgb\/","og_locale":"es_ES","og_type":"article","og_title":"Angel Eyes BMW RGB KIT","og_description":"Donnez un nouveau look \u00e0 votre BMW avec nos angel eyes, Faciles \u00e0 installer et disponibles dans une vari\u00e9t\u00e9 de couleurs. Modernit\u00e9 et design.","og_url":"https:\/\/macote.fr\/es\/producto\/kit-angel-eyes-bmw-rgb\/","og_site_name":"MaCote.fr","article_publisher":"https:\/\/www.facebook.com\/profile.php?id=100091476586119","article_modified_time":"2023-05-14T17:04:46+00:00","og_image":[{"width":501,"height":442,"url":"https:\/\/macote.fr\/wp-content\/uploads\/2023\/04\/S14a720b7c4a64f3ca90adab342cd0d64x.jpg","type":"image\/jpeg"}],"twitter_card":"summary_large_image","twitter_misc":{"Tiempo de lectura":"2 minutos"},"schema":{"@context":"https:\/\/schema.org","@graph":[{"@type":"WebPage","@id":"https:\/\/macote.fr\/produit\/angel-eyes-bmw-rgb-kit\/","url":"https:\/\/macote.fr\/produit\/angel-eyes-bmw-rgb-kit\/","name":"KIT Angel Eyes BMW RGB - MaCote.fr","isPartOf":{"@id":"https:\/\/macote.fr\/#website"},"primaryImageOfPage":{"@id":"https:\/\/macote.fr\/produit\/angel-eyes-bmw-rgb-kit\/#primaryimage"},"image":{"@id":"https:\/\/macote.fr\/produit\/angel-eyes-bmw-rgb-kit\/#primaryimage"},"thumbnailUrl":"https:\/\/macote.fr\/wp-content\/uploads\/2023\/04\/S14a720b7c4a64f3ca90adab342cd0d64x.jpg","datePublished":"2023-04-05T09:28:13+00:00","dateModified":"2023-05-14T17:04:46+00:00","description":"D\u00e9 un nuevo aspecto a su BMW con nuestros ojos de \u00e1ngel, f\u00e1ciles de instalar y disponibles en varios colores. Modernos y con estilo.","breadcrumb":{"@id":"https:\/\/macote.fr\/produit\/angel-eyes-bmw-rgb-kit\/#breadcrumb"},"inLanguage":"es","potentialAction":[{"@type":"ReadAction","target":["https:\/\/macote.fr\/produit\/angel-eyes-bmw-rgb-kit\/"]}]},{"@type":"ImageObject","inLanguage":"es","@id":"https:\/\/macote.fr\/produit\/angel-eyes-bmw-rgb-kit\/#primaryimage","url":"https:\/\/macote.fr\/wp-content\/uploads\/2023\/04\/S14a720b7c4a64f3ca90adab342cd0d64x.jpg","contentUrl":"https:\/\/macote.fr\/wp-content\/uploads\/2023\/04\/S14a720b7c4a64f3ca90adab342cd0d64x.jpg","width":501,"height":442,"caption":"red e36 bmw with angel eyes"},{"@type":"BreadcrumbList","@id":"https:\/\/macote.fr\/produit\/angel-eyes-bmw-rgb-kit\/#breadcrumb","itemListElement":[{"@type":"ListItem","position":1,"name":"Accueil","item":"https:\/\/macote.fr\/"},{"@type":"ListItem","position":2,"name":"Boutique","item":"https:\/\/macote.fr\/boutique\/"},{"@type":"ListItem","position":3,"name":"Angel Eyes BMW RGB KIT"}]},{"@type":"WebSite","@id":"https:\/\/macote.fr\/#website","url":"https:\/\/macote.fr\/","name":"MyQuote.com","description":"Los mejores accesorios BMW","publisher":{"@id":"https:\/\/macote.fr\/#organization"},"alternateName":"BMW tuning","potentialAction":[{"@type":"SearchAction","target":{"@type":"EntryPoint","urlTemplate":"https:\/\/macote.fr\/?s={search_term_string}"},"query-input":{"@type":"PropertyValueSpecification","valueRequired":true,"valueName":"search_term_string"}}],"inLanguage":"es"},{"@type":"Organization","@id":"https:\/\/macote.fr\/#organization","name":"Macote.es","alternateName":"BMW tuning","url":"https:\/\/macote.fr\/","logo":{"@type":"ImageObject","inLanguage":"es","@id":"https:\/\/macote.fr\/#\/schema\/logo\/image\/","url":"https:\/\/macote.fr\/wp-content\/uploads\/2023\/11\/LOGO-macote.fr-dessin-bmw-noir-copy.jpg","contentUrl":"https:\/\/macote.fr\/wp-content\/uploads\/2023\/11\/LOGO-macote.fr-dessin-bmw-noir-copy.jpg","width":732,"height":456,"caption":"Macote.fr"},"image":{"@id":"https:\/\/macote.fr\/#\/schema\/logo\/image\/"},"sameAs":["https:\/\/www.facebook.com\/profile.php?id=100091476586119","https:\/\/www.youtube.com\/channel\/UCgO-YTbaxYO-w_C5GfL-_1w","https:\/\/www.tiktok.com\/@macote.fr?is_from_webapp=1&sender_device=pc","https:\/\/www.instagram.com\/i_xila_i\/"]}]}},"_links":{"self":[{"href":"https:\/\/macote.fr\/es\/wp-json\/wp\/v2\/product\/1208","targetHints":{"allow":["GET"]}}],"collection":[{"href":"https:\/\/macote.fr\/es\/wp-json\/wp\/v2\/product"}],"about":[{"href":"https:\/\/macote.fr\/es\/wp-json\/wp\/v2\/types\/product"}],"replies":[{"embeddable":true,"href":"https:\/\/macote.fr\/es\/wp-json\/wp\/v2\/comments?post=1208"}],"wp:featuredmedia":[{"embeddable":true,"href":"https:\/\/macote.fr\/es\/wp-json\/wp\/v2\/media\/1209"}],"wp:attachment":[{"href":"https:\/\/macote.fr\/es\/wp-json\/wp\/v2\/media?parent=1208"}],"wp:term":[{"taxonomy":"product_brand","embeddable":true,"href":"https:\/\/macote.fr\/es\/wp-json\/wp\/v2\/product_brand?post=1208"},{"taxonomy":"product_cat","embeddable":true,"href":"https:\/\/macote.fr\/es\/wp-json\/wp\/v2\/product_cat?post=1208"},{"taxonomy":"product_tag","embeddable":true,"href":"https:\/\/macote.fr\/es\/wp-json\/wp\/v2\/product_tag?post=1208"}],"curies":[{"name":"wp","href":"https:\/\/api.w.org\/{rel}","templated":true}]}}