{"id":1218,"date":"2023-04-05T16:25:27","date_gmt":"2023-04-05T14:25:27","guid":{"rendered":"https:\/\/macote.fr\/?post_type=product&#038;p=1218"},"modified":"2023-06-15T19:35:13","modified_gmt":"2023-06-15T17:35:13","slug":"sky-star-car","status":"publish","type":"product","link":"https:\/\/macote.fr\/es\/producto\/sky-star-car\/","title":{"rendered":"Coche efecto Rolls-Royce cielo estrellado"},"content":{"rendered":"<h1 style=\"text-align: center;\">Cielo estrellado<\/h1>\n<h4>Lujo a su alcance<\/h4>\n<p>El coche cielo estrellado es un producto de lujo que proporciona una sensaci\u00f3n de confort y sofisticaci\u00f3n en su veh\u00edculo. Este producto est\u00e1 inspirado en las estrellas que brillan en el cielo nocturno y ofrece una experiencia \u00fanica a los pasajeros del coche. Es f\u00e1cil de instalar y se puede personalizar para adaptarlo a sus preferencias de color y brillo.<\/p>\n<h4>Un ambiente encantador<\/h4>\n<p>Con un cielo estrellado para coche, podr\u00e1 disfrutar de un viaje relajado y agradable, mientras admira un deslumbrante espect\u00e1culo de luces sobre su cabeza. Las estrellas centelleantes crean una atm\u00f3sfera m\u00e1gica y rom\u00e1ntica, perfecta para una salida nocturna o para impresionar a tus amigos en una fiesta.<\/p>\n<p>El kit es de alta calidad, con luces LED de gran calidad que duran mucho tiempo y consumen poca energ\u00eda para no agotar las pilas. Las estrellas son visibles incluso a plena luz del d\u00eda, lo que proporciona una experiencia visual constante durante todo el d\u00eda.<\/p>\n<h4>Personalizaci\u00f3n :<\/h4>\n<p>El cielo estrellado del coche es infinitamente personalizable, con colores que pueden cambiarse para adaptarse a su estado de \u00e1nimo o al ambiente de la ocasi\u00f3n. Tambi\u00e9n se pueden a\u00f1adir motivos especiales para conseguir un efecto a\u00fan m\u00e1s espectacular.<\/p>\n<h4>La instalaci\u00f3n del coche cielo estrellado :<\/h4>\n<p>El kit es f\u00e1cil de instalar y no requiere conocimientos de electricidad. Est\u00e1 compuesto por m\u00e1s de 400 fibras \u00f3pticas para un rendimiento \u00f3ptimo.<\/p>\n<p>Tenemos un tutorial para ayudarte a instalarlo:<\/p>\n<blockquote class=\"wp-embedded-content\" data-secret=\"eI9RbZSjaH\"><p><a href=\"https:\/\/macote.fr\/es\/sky-star-car-installation\/\">Gu\u00eda de instalaci\u00f3n del coche Starry Sky<\/a><\/p><\/blockquote>\n<p><iframe class=\"wp-embedded-content\" sandbox=\"allow-scripts\" security=\"restricted\" style=\"position: absolute; clip: rect(1px, 1px, 1px, 1px);\" title=\"&quot;Cielo estrellado&quot; gu\u00eda de instalaci\u00f3n del coche - MaCote.fr\" src=\"https:\/\/macote.fr\/ciel-etoile-voiture-installation\/embed\/#?secret=JKbNGBMeQH#?secret=eI9RbZSjaH\" data-secret=\"eI9RbZSjaH\" width=\"600\" height=\"338\" frameborder=\"0\" marginwidth=\"0\" marginheight=\"0\" scrolling=\"no\"><\/iframe><\/p>\n<p>Aportar\u00e1 un verdadero valor de reventa a su veh\u00edculo.<\/p>\n<p>En resumen, el cielo estrellado para coches es un producto de lujo que aporta un ambiente relajante y sofisticado a su veh\u00edculo. Con su excepcional calidad de luz y su infinita personalizaci\u00f3n, es un producto imprescindible para cualquier propietario de coche que quiera impresionar a sus pasajeros y disfrutar de una experiencia de conducci\u00f3n \u00fanica.<\/p>\n<p>&nbsp;<\/p>\n<p><span style=\"color: #ffffff;\">coche cielo estrellado precio: 179.99<\/span><\/p>\n<p><span style=\"color: #ffffff;\">\u00a0fibra \u00f3ptica coche cielo estrellado\u00a0<\/span><\/p>","protected":false},"excerpt":{"rendered":"<p>M\u00e1s de 400 estrellas de diferentes tama\u00f1os para una mayor inmersi\u00f3n, para mejorar su conducci\u00f3n. Ajustable a trav\u00e9s de una aplicaci\u00f3n en su tel\u00e9fono o un mando a distancia, puede establecer cualquier color que desee para crear cualquier ambiente.<\/p>\n<p>Se incluye un adaptador de 12 voltios para una r\u00e1pida instalaci\u00f3n en su veh\u00edculo.<\/p>","protected":false},"featured_media":1219,"comment_status":"open","ping_status":"closed","template":"","meta":{"_eb_attr":""},"product_brand":[],"product_cat":[68,66],"product_tag":[],"class_list":{"0":"post-1218","1":"product","2":"type-product","3":"status-publish","4":"has-post-thumbnail","6":"product_cat-eclairage-signature-lumineuse","7":"product_cat-modifications-interieurs","9":"first","10":"instock","11":"sale","12":"taxable","13":"shipping-taxable","14":"purchasable","15":"product-type-simple"},"yoast_head":"<!-- This site is optimized with the Yoast SEO Premium plugin v20.7 (Yoast SEO v27.3) - https:\/\/yoast.com\/product\/yoast-seo-premium-wordpress\/ -->\n<title>Ciel \u00e9toil\u00e9 voiture effet Rolls-Royce - MaCote.fr<\/title>\n<meta name=\"description\" content=\"Transformez votre voiture en Rolls-Royce avec notre ciel \u00e9toil\u00e9 de qualit\u00e9 sup\u00e9rieure. vivez une exp\u00e9rience de conduite unique et inoubliable.\" \/>\n<meta name=\"robots\" content=\"index, follow, max-snippet:-1, max-image-preview:large, max-video-preview:-1\" \/>\n<link rel=\"canonical\" href=\"https:\/\/macote.fr\/es\/producto\/sky-star-car\/\" \/>\n<meta property=\"og:locale\" content=\"es_ES\" \/>\n<meta property=\"og:type\" content=\"article\" \/>\n<meta property=\"og:title\" content=\"Ciel \u00e9toil\u00e9 voiture effet Rolls-Royce\" \/>\n<meta property=\"og:description\" content=\"Transformez votre voiture en Rolls-Royce avec notre ciel \u00e9toil\u00e9 de qualit\u00e9 sup\u00e9rieure. vivez une exp\u00e9rience de conduite unique et inoubliable.\" \/>\n<meta property=\"og:url\" content=\"https:\/\/macote.fr\/es\/producto\/sky-star-car\/\" \/>\n<meta property=\"og:site_name\" content=\"MaCote.fr\" \/>\n<meta property=\"article:publisher\" content=\"https:\/\/www.facebook.com\/profile.php?id=100091476586119\" \/>\n<meta property=\"article:modified_time\" content=\"2023-06-15T17:35:13+00:00\" \/>\n<meta property=\"og:image\" content=\"https:\/\/macote.fr\/wp-content\/uploads\/2023\/04\/main-picture.jpeg\" \/>\n\t<meta property=\"og:image:width\" content=\"1600\" \/>\n\t<meta property=\"og:image:height\" content=\"1600\" \/>\n\t<meta property=\"og:image:type\" content=\"image\/jpeg\" \/>\n<meta name=\"twitter:card\" content=\"summary_large_image\" \/>\n<meta name=\"twitter:label1\" content=\"Tiempo de lectura\" \/>\n\t<meta name=\"twitter:data1\" content=\"2 minutos\" \/>\n<script type=\"application\/ld+json\" class=\"yoast-schema-graph\">{\"@context\":\"https:\\\/\\\/schema.org\",\"@graph\":[{\"@type\":\"WebPage\",\"@id\":\"https:\\\/\\\/macote.fr\\\/produit\\\/ciel-etoile-voiture\\\/\",\"url\":\"https:\\\/\\\/macote.fr\\\/produit\\\/ciel-etoile-voiture\\\/\",\"name\":\"Ciel \u00e9toil\u00e9 voiture effet Rolls-Royce - MaCote.fr\",\"isPartOf\":{\"@id\":\"https:\\\/\\\/macote.fr\\\/#website\"},\"primaryImageOfPage\":{\"@id\":\"https:\\\/\\\/macote.fr\\\/produit\\\/ciel-etoile-voiture\\\/#primaryimage\"},\"image\":{\"@id\":\"https:\\\/\\\/macote.fr\\\/produit\\\/ciel-etoile-voiture\\\/#primaryimage\"},\"thumbnailUrl\":\"https:\\\/\\\/macote.fr\\\/wp-content\\\/uploads\\\/2023\\\/04\\\/main-picture.jpeg\",\"datePublished\":\"2023-04-05T14:25:27+00:00\",\"dateModified\":\"2023-06-15T17:35:13+00:00\",\"description\":\"Transformez votre voiture en Rolls-Royce avec notre ciel \u00e9toil\u00e9 de qualit\u00e9 sup\u00e9rieure. vivez une exp\u00e9rience de conduite unique et inoubliable.\",\"breadcrumb\":{\"@id\":\"https:\\\/\\\/macote.fr\\\/produit\\\/ciel-etoile-voiture\\\/#breadcrumb\"},\"inLanguage\":\"es\",\"potentialAction\":[{\"@type\":\"ReadAction\",\"target\":[\"https:\\\/\\\/macote.fr\\\/produit\\\/ciel-etoile-voiture\\\/\"]}]},{\"@type\":\"ImageObject\",\"inLanguage\":\"es\",\"@id\":\"https:\\\/\\\/macote.fr\\\/produit\\\/ciel-etoile-voiture\\\/#primaryimage\",\"url\":\"https:\\\/\\\/macote.fr\\\/wp-content\\\/uploads\\\/2023\\\/04\\\/main-picture.jpeg\",\"contentUrl\":\"https:\\\/\\\/macote.fr\\\/wp-content\\\/uploads\\\/2023\\\/04\\\/main-picture.jpeg\",\"width\":1600,\"height\":1600,\"caption\":\"optique fiber starry sky\"},{\"@type\":\"BreadcrumbList\",\"@id\":\"https:\\\/\\\/macote.fr\\\/produit\\\/ciel-etoile-voiture\\\/#breadcrumb\",\"itemListElement\":[{\"@type\":\"ListItem\",\"position\":1,\"name\":\"Accueil\",\"item\":\"https:\\\/\\\/macote.fr\\\/\"},{\"@type\":\"ListItem\",\"position\":2,\"name\":\"Boutique\",\"item\":\"https:\\\/\\\/macote.fr\\\/boutique\\\/\"},{\"@type\":\"ListItem\",\"position\":3,\"name\":\"Ciel \u00e9toil\u00e9 pour voiture effet Rolls-Royce | 400 \u00e9toiles\"}]},{\"@type\":\"WebSite\",\"@id\":\"https:\\\/\\\/macote.fr\\\/#website\",\"url\":\"https:\\\/\\\/macote.fr\\\/\",\"name\":\"MaCote.fr\",\"description\":\"BMW best accessories\",\"publisher\":{\"@id\":\"https:\\\/\\\/macote.fr\\\/#organization\"},\"alternateName\":\"BMW tuning\",\"potentialAction\":[{\"@type\":\"SearchAction\",\"target\":{\"@type\":\"EntryPoint\",\"urlTemplate\":\"https:\\\/\\\/macote.fr\\\/?s={search_term_string}\"},\"query-input\":{\"@type\":\"PropertyValueSpecification\",\"valueRequired\":true,\"valueName\":\"search_term_string\"}}],\"inLanguage\":\"es\"},{\"@type\":\"Organization\",\"@id\":\"https:\\\/\\\/macote.fr\\\/#organization\",\"name\":\"Macote.fr\",\"alternateName\":\"BMW tuning\",\"url\":\"https:\\\/\\\/macote.fr\\\/\",\"logo\":{\"@type\":\"ImageObject\",\"inLanguage\":\"es\",\"@id\":\"https:\\\/\\\/macote.fr\\\/#\\\/schema\\\/logo\\\/image\\\/\",\"url\":\"https:\\\/\\\/macote.fr\\\/wp-content\\\/uploads\\\/2023\\\/11\\\/LOGO-macote.fr-dessin-bmw-noir-copy.jpg\",\"contentUrl\":\"https:\\\/\\\/macote.fr\\\/wp-content\\\/uploads\\\/2023\\\/11\\\/LOGO-macote.fr-dessin-bmw-noir-copy.jpg\",\"width\":732,\"height\":456,\"caption\":\"Macote.fr\"},\"image\":{\"@id\":\"https:\\\/\\\/macote.fr\\\/#\\\/schema\\\/logo\\\/image\\\/\"},\"sameAs\":[\"https:\\\/\\\/www.facebook.com\\\/profile.php?id=100091476586119\",\"https:\\\/\\\/www.youtube.com\\\/channel\\\/UCgO-YTbaxYO-w_C5GfL-_1w\",\"https:\\\/\\\/www.tiktok.com\\\/@macote.fr?is_from_webapp=1&sender_device=pc\",\"https:\\\/\\\/www.instagram.com\\\/i_xila_i\\\/\"]}]}<\/script>\n<!-- \/ Yoast SEO Premium plugin. -->","yoast_head_json":{"title":"Coche efecto Rolls-Royce cielo estrellado - MaCote.fr","description":"Convierte tu coche en un Rolls-Royce con nuestro cielo estrellado premium. Disfruta de una experiencia de conducci\u00f3n \u00fanica e inolvidable.","robots":{"index":"index","follow":"follow","max-snippet":"max-snippet:-1","max-image-preview":"max-image-preview:large","max-video-preview":"max-video-preview:-1"},"canonical":"https:\/\/macote.fr\/es\/producto\/sky-star-car\/","og_locale":"es_ES","og_type":"article","og_title":"Ciel \u00e9toil\u00e9 voiture effet Rolls-Royce","og_description":"Transformez votre voiture en Rolls-Royce avec notre ciel \u00e9toil\u00e9 de qualit\u00e9 sup\u00e9rieure. vivez une exp\u00e9rience de conduite unique et inoubliable.","og_url":"https:\/\/macote.fr\/es\/producto\/sky-star-car\/","og_site_name":"MaCote.fr","article_publisher":"https:\/\/www.facebook.com\/profile.php?id=100091476586119","article_modified_time":"2023-06-15T17:35:13+00:00","og_image":[{"width":1600,"height":1600,"url":"https:\/\/macote.fr\/wp-content\/uploads\/2023\/04\/main-picture.jpeg","type":"image\/jpeg"}],"twitter_card":"summary_large_image","twitter_misc":{"Tiempo de lectura":"2 minutos"},"schema":{"@context":"https:\/\/schema.org","@graph":[{"@type":"WebPage","@id":"https:\/\/macote.fr\/produit\/ciel-etoile-voiture\/","url":"https:\/\/macote.fr\/produit\/ciel-etoile-voiture\/","name":"Coche efecto Rolls-Royce cielo estrellado - MaCote.fr","isPartOf":{"@id":"https:\/\/macote.fr\/#website"},"primaryImageOfPage":{"@id":"https:\/\/macote.fr\/produit\/ciel-etoile-voiture\/#primaryimage"},"image":{"@id":"https:\/\/macote.fr\/produit\/ciel-etoile-voiture\/#primaryimage"},"thumbnailUrl":"https:\/\/macote.fr\/wp-content\/uploads\/2023\/04\/main-picture.jpeg","datePublished":"2023-04-05T14:25:27+00:00","dateModified":"2023-06-15T17:35:13+00:00","description":"Convierte tu coche en un Rolls-Royce con nuestro cielo estrellado premium. Disfruta de una experiencia de conducci\u00f3n \u00fanica e inolvidable.","breadcrumb":{"@id":"https:\/\/macote.fr\/produit\/ciel-etoile-voiture\/#breadcrumb"},"inLanguage":"es","potentialAction":[{"@type":"ReadAction","target":["https:\/\/macote.fr\/produit\/ciel-etoile-voiture\/"]}]},{"@type":"ImageObject","inLanguage":"es","@id":"https:\/\/macote.fr\/produit\/ciel-etoile-voiture\/#primaryimage","url":"https:\/\/macote.fr\/wp-content\/uploads\/2023\/04\/main-picture.jpeg","contentUrl":"https:\/\/macote.fr\/wp-content\/uploads\/2023\/04\/main-picture.jpeg","width":1600,"height":1600,"caption":"optique fiber starry sky"},{"@type":"BreadcrumbList","@id":"https:\/\/macote.fr\/produit\/ciel-etoile-voiture\/#breadcrumb","itemListElement":[{"@type":"ListItem","position":1,"name":"Accueil","item":"https:\/\/macote.fr\/"},{"@type":"ListItem","position":2,"name":"Boutique","item":"https:\/\/macote.fr\/boutique\/"},{"@type":"ListItem","position":3,"name":"Ciel \u00e9toil\u00e9 pour voiture effet Rolls-Royce | 400 \u00e9toiles"}]},{"@type":"WebSite","@id":"https:\/\/macote.fr\/#website","url":"https:\/\/macote.fr\/","name":"MyQuote.com","description":"Los mejores accesorios BMW","publisher":{"@id":"https:\/\/macote.fr\/#organization"},"alternateName":"BMW tuning","potentialAction":[{"@type":"SearchAction","target":{"@type":"EntryPoint","urlTemplate":"https:\/\/macote.fr\/?s={search_term_string}"},"query-input":{"@type":"PropertyValueSpecification","valueRequired":true,"valueName":"search_term_string"}}],"inLanguage":"es"},{"@type":"Organization","@id":"https:\/\/macote.fr\/#organization","name":"Macote.es","alternateName":"BMW tuning","url":"https:\/\/macote.fr\/","logo":{"@type":"ImageObject","inLanguage":"es","@id":"https:\/\/macote.fr\/#\/schema\/logo\/image\/","url":"https:\/\/macote.fr\/wp-content\/uploads\/2023\/11\/LOGO-macote.fr-dessin-bmw-noir-copy.jpg","contentUrl":"https:\/\/macote.fr\/wp-content\/uploads\/2023\/11\/LOGO-macote.fr-dessin-bmw-noir-copy.jpg","width":732,"height":456,"caption":"Macote.fr"},"image":{"@id":"https:\/\/macote.fr\/#\/schema\/logo\/image\/"},"sameAs":["https:\/\/www.facebook.com\/profile.php?id=100091476586119","https:\/\/www.youtube.com\/channel\/UCgO-YTbaxYO-w_C5GfL-_1w","https:\/\/www.tiktok.com\/@macote.fr?is_from_webapp=1&sender_device=pc","https:\/\/www.instagram.com\/i_xila_i\/"]}]}},"_links":{"self":[{"href":"https:\/\/macote.fr\/es\/wp-json\/wp\/v2\/product\/1218","targetHints":{"allow":["GET"]}}],"collection":[{"href":"https:\/\/macote.fr\/es\/wp-json\/wp\/v2\/product"}],"about":[{"href":"https:\/\/macote.fr\/es\/wp-json\/wp\/v2\/types\/product"}],"replies":[{"embeddable":true,"href":"https:\/\/macote.fr\/es\/wp-json\/wp\/v2\/comments?post=1218"}],"wp:featuredmedia":[{"embeddable":true,"href":"https:\/\/macote.fr\/es\/wp-json\/wp\/v2\/media\/1219"}],"wp:attachment":[{"href":"https:\/\/macote.fr\/es\/wp-json\/wp\/v2\/media?parent=1218"}],"wp:term":[{"taxonomy":"product_brand","embeddable":true,"href":"https:\/\/macote.fr\/es\/wp-json\/wp\/v2\/product_brand?post=1218"},{"taxonomy":"product_cat","embeddable":true,"href":"https:\/\/macote.fr\/es\/wp-json\/wp\/v2\/product_cat?post=1218"},{"taxonomy":"product_tag","embeddable":true,"href":"https:\/\/macote.fr\/es\/wp-json\/wp\/v2\/product_tag?post=1218"}],"curies":[{"name":"wp","href":"https:\/\/api.w.org\/{rel}","templated":true}]}}