{"id":1491,"date":"2023-04-25T05:51:01","date_gmt":"2023-04-25T03:51:01","guid":{"rendered":"https:\/\/macote.fr\/?post_type=product&#038;p=1491"},"modified":"2023-04-25T09:12:09","modified_gmt":"2023-04-25T07:12:09","slug":"tela-alcantara","status":"publish","type":"product","link":"https:\/\/macote.fr\/es\/producto\/tela-alcantara\/","title":{"rendered":"Alc\u00e1ntara"},"content":{"rendered":"<div class=\"group w-full text-gray-800 dark:text-gray-100 border-b border-black\/10 dark:border-gray-900\/50 bg-gray-50 dark:bg-[#444654]\">\n<div class=\"text-base gap-4 md:gap-6 md:max-w-2xl lg:max-w-xl xl:max-w-3xl p-4 md:py-6 flex lg:px-0 m-auto\">\n<div class=\"relative flex w-[calc(100%-50px)] flex-col gap-1 md:gap-3 lg:w-[calc(100%-115px)]\">\n<div class=\"flex flex-grow flex-col gap-3\">\n<div class=\"min-h-[20px] flex flex-col items-start gap-4 whitespace-pre-wrap break-words\">\n<div class=\"markdown prose w-full break-words dark:prose-invert light\">\n<p>Rouleau de tissu <strong>alcantara<\/strong> Adh\u00e9sif pour voiture &#8211; noir et\/ou rouge<\/p>\n<p>Donnez \u00e0 votre voiture un look sportif et luxueux avec ce rouleau de tissu alcantara de haute qualit\u00e9. Disponible en noir ou rouge, ce tissu est sp\u00e9cialement con\u00e7u pour les voitures apporte et une touche de sophistication \u00e0 l&rsquo;int\u00e9rieur de votre v\u00e9hicule.<\/p>\n<p>L&rsquo;alcantara est un mat\u00e9riau doux, durable et r\u00e9sistant aux taches. En outre, son aspect daim offre une texture unique qui rajeunit instantan\u00e9ment votre int\u00e9rieur.<\/p>\n<\/div>\n<p>Gr\u00e2ce \u00e0 l&rsquo;adhesif plac\u00e9 au dos du tissu d&rsquo;Alcantara vous pourrez recouvrir de nombreuses surface de votre int\u00e9rieur. Ainsi personaliser vos nombreux insert d\u00e9coratifs vieillissant.<\/p>\n<p>En tant que propri\u00e9taire de voiture, vous voulez que votre v\u00e9hicule refl\u00e8te votre personnalit\u00e9 et votre style de vie.<\/p>\n<div class=\"markdown prose w-full break-words dark:prose-invert light\">\n<p>Outre son aspect esth\u00e9tique, le tissu est \u00e9galement facile \u00e0 installer. Cela vous permet de personnaliser votre voiture \u00e0 votre go\u00fbt, sans avoir besoin d&rsquo;un professionnel pour l&rsquo;installation.<\/p>\n<p>En choisissant ce rouleau de tissu alcantara pour voiture, vous pouvez \u00e9galement rajeunir votre int\u00e9rieur et ajouter une touche luxueuse. Le tissu alcantara offre une texture unique et \u00e9l\u00e9gante, qui donnera \u00e0 votre voiture un aspect haut de gamme.<\/p>\n<p>En r\u00e9sum\u00e9, le tissu alcantara pour voiture est un excellent choix pour ceux qui cherchent \u00e0 personnaliser leur v\u00e9hicule. il ajoute une touche sportive et luxueuse \u00e0 votre int\u00e9rieur, tout en le prot\u00e9geant contre l&rsquo;usure quotidienne. Facile \u00e0 installer et \u00e0 entretenir, c&rsquo;est un choix pratique et \u00e9conomique pour tous les propri\u00e9taires de voitures qui veulent un int\u00e9rieur \u00e9l\u00e9gant et personnalis\u00e9.<\/p>\n<p>&nbsp;<\/p>\n<\/div>\n<\/div>\n<\/div>\n<div class=\"flex justify-between lg:block\">\n<div class=\"text-gray-400 flex self-end lg:self-center justify-center mt-2 gap-2 md:gap-3 lg:gap-1 lg:absolute lg:top-0 lg:translate-x-full lg:right-0 lg:mt-0 lg:pl-2 visible\"><\/div>\n<\/div>\n<\/div>\n<\/div>\n<\/div>\n","protected":false},"excerpt":{"rendered":"<p>Dale a tu coche un aspecto deportivo y lujoso con este rollo de Alcantara de alta calidad. Disponible en negro o rojo, este tejido est\u00e1 especialmente dise\u00f1ado para coches que aportan un toque de sofisticaci\u00f3n al interior de tu veh\u00edculo.<\/p>","protected":false},"featured_media":1492,"comment_status":"open","ping_status":"closed","template":"","meta":{"_eb_attr":""},"product_brand":[],"product_cat":[66],"product_tag":[],"class_list":{"0":"post-1491","1":"product","2":"type-product","3":"status-publish","4":"has-post-thumbnail","6":"product_cat-modifications-interieurs","8":"first","9":"instock","10":"taxable","11":"shipping-taxable","12":"purchasable","13":"product-type-variable"},"yoast_head":"<!-- This site is optimized with the Yoast SEO Premium plugin v20.7 (Yoast SEO v27.3) - https:\/\/yoast.com\/product\/yoast-seo-premium-wordpress\/ -->\n<title>Alcantara - MaCote.fr<\/title>\n<meta name=\"description\" content=\"Retrouvez Notre alcantara sous forme adhesive pour Customiser votre BMW. Recouvrez vos insert d\u00e9coratif pour donner un look plus sportive \u00e0 votre E46.\" \/>\n<meta name=\"robots\" content=\"index, follow, max-snippet:-1, max-image-preview:large, max-video-preview:-1\" \/>\n<link rel=\"canonical\" href=\"https:\/\/macote.fr\/es\/producto\/tela-alcantara\/\" \/>\n<meta property=\"og:locale\" content=\"es_ES\" \/>\n<meta property=\"og:type\" content=\"article\" \/>\n<meta property=\"og:title\" content=\"Alcantara\" \/>\n<meta property=\"og:description\" content=\"Retrouvez Notre alcantara sous forme adhesive pour Customiser votre BMW. Recouvrez vos insert d\u00e9coratif pour donner un look plus sportive \u00e0 votre E46.\" \/>\n<meta property=\"og:url\" content=\"https:\/\/macote.fr\/es\/producto\/tela-alcantara\/\" \/>\n<meta property=\"og:site_name\" content=\"MaCote.fr\" \/>\n<meta property=\"article:publisher\" content=\"https:\/\/www.facebook.com\/profile.php?id=100091476586119\" \/>\n<meta property=\"article:modified_time\" content=\"2023-04-25T07:12:09+00:00\" \/>\n<meta property=\"og:image\" content=\"https:\/\/macote.fr\/wp-content\/uploads\/2023\/04\/alcantara-rouleau.jpeg\" \/>\n\t<meta property=\"og:image:width\" content=\"500\" \/>\n\t<meta property=\"og:image:height\" content=\"500\" \/>\n\t<meta property=\"og:image:type\" content=\"image\/jpeg\" \/>\n<meta name=\"twitter:card\" content=\"summary_large_image\" \/>\n<meta name=\"twitter:label1\" content=\"Tiempo de lectura\" \/>\n\t<meta name=\"twitter:data1\" content=\"2 minutos\" \/>\n<script type=\"application\/ld+json\" class=\"yoast-schema-graph\">{\"@context\":\"https:\\\/\\\/schema.org\",\"@graph\":[{\"@type\":\"WebPage\",\"@id\":\"https:\\\/\\\/macote.fr\\\/produit\\\/tissu-alcantara\\\/\",\"url\":\"https:\\\/\\\/macote.fr\\\/produit\\\/tissu-alcantara\\\/\",\"name\":\"Alcantara - MaCote.fr\",\"isPartOf\":{\"@id\":\"https:\\\/\\\/macote.fr\\\/#website\"},\"primaryImageOfPage\":{\"@id\":\"https:\\\/\\\/macote.fr\\\/produit\\\/tissu-alcantara\\\/#primaryimage\"},\"image\":{\"@id\":\"https:\\\/\\\/macote.fr\\\/produit\\\/tissu-alcantara\\\/#primaryimage\"},\"thumbnailUrl\":\"https:\\\/\\\/macote.fr\\\/wp-content\\\/uploads\\\/2023\\\/04\\\/alcantara-rouleau.jpeg\",\"datePublished\":\"2023-04-25T03:51:01+00:00\",\"dateModified\":\"2023-04-25T07:12:09+00:00\",\"description\":\"Retrouvez Notre alcantara sous forme adhesive pour Customiser votre BMW. Recouvrez vos insert d\u00e9coratif pour donner un look plus sportive \u00e0 votre E46.\",\"breadcrumb\":{\"@id\":\"https:\\\/\\\/macote.fr\\\/produit\\\/tissu-alcantara\\\/#breadcrumb\"},\"inLanguage\":\"es\",\"potentialAction\":[{\"@type\":\"ReadAction\",\"target\":[\"https:\\\/\\\/macote.fr\\\/produit\\\/tissu-alcantara\\\/\"]}]},{\"@type\":\"ImageObject\",\"inLanguage\":\"es\",\"@id\":\"https:\\\/\\\/macote.fr\\\/produit\\\/tissu-alcantara\\\/#primaryimage\",\"url\":\"https:\\\/\\\/macote.fr\\\/wp-content\\\/uploads\\\/2023\\\/04\\\/alcantara-rouleau.jpeg\",\"contentUrl\":\"https:\\\/\\\/macote.fr\\\/wp-content\\\/uploads\\\/2023\\\/04\\\/alcantara-rouleau.jpeg\",\"width\":500,\"height\":500,\"caption\":\"Alcantara adh\u00e9sif noir et rouge\"},{\"@type\":\"BreadcrumbList\",\"@id\":\"https:\\\/\\\/macote.fr\\\/produit\\\/tissu-alcantara\\\/#breadcrumb\",\"itemListElement\":[{\"@type\":\"ListItem\",\"position\":1,\"name\":\"Accueil\",\"item\":\"https:\\\/\\\/macote.fr\\\/\"},{\"@type\":\"ListItem\",\"position\":2,\"name\":\"Boutique\",\"item\":\"https:\\\/\\\/macote.fr\\\/boutique\\\/\"},{\"@type\":\"ListItem\",\"position\":3,\"name\":\"Alcantara\"}]},{\"@type\":\"WebSite\",\"@id\":\"https:\\\/\\\/macote.fr\\\/#website\",\"url\":\"https:\\\/\\\/macote.fr\\\/\",\"name\":\"MaCote.fr\",\"description\":\"BMW best accessories\",\"publisher\":{\"@id\":\"https:\\\/\\\/macote.fr\\\/#organization\"},\"alternateName\":\"BMW tuning\",\"potentialAction\":[{\"@type\":\"SearchAction\",\"target\":{\"@type\":\"EntryPoint\",\"urlTemplate\":\"https:\\\/\\\/macote.fr\\\/?s={search_term_string}\"},\"query-input\":{\"@type\":\"PropertyValueSpecification\",\"valueRequired\":true,\"valueName\":\"search_term_string\"}}],\"inLanguage\":\"es\"},{\"@type\":\"Organization\",\"@id\":\"https:\\\/\\\/macote.fr\\\/#organization\",\"name\":\"Macote.fr\",\"alternateName\":\"BMW tuning\",\"url\":\"https:\\\/\\\/macote.fr\\\/\",\"logo\":{\"@type\":\"ImageObject\",\"inLanguage\":\"es\",\"@id\":\"https:\\\/\\\/macote.fr\\\/#\\\/schema\\\/logo\\\/image\\\/\",\"url\":\"https:\\\/\\\/macote.fr\\\/wp-content\\\/uploads\\\/2023\\\/11\\\/LOGO-macote.fr-dessin-bmw-noir-copy.jpg\",\"contentUrl\":\"https:\\\/\\\/macote.fr\\\/wp-content\\\/uploads\\\/2023\\\/11\\\/LOGO-macote.fr-dessin-bmw-noir-copy.jpg\",\"width\":732,\"height\":456,\"caption\":\"Macote.fr\"},\"image\":{\"@id\":\"https:\\\/\\\/macote.fr\\\/#\\\/schema\\\/logo\\\/image\\\/\"},\"sameAs\":[\"https:\\\/\\\/www.facebook.com\\\/profile.php?id=100091476586119\",\"https:\\\/\\\/www.youtube.com\\\/channel\\\/UCgO-YTbaxYO-w_C5GfL-_1w\",\"https:\\\/\\\/www.tiktok.com\\\/@macote.fr?is_from_webapp=1&sender_device=pc\",\"https:\\\/\\\/www.instagram.com\\\/i_xila_i\\\/\"]}]}<\/script>\n<!-- \/ Yoast SEO Premium plugin. -->","yoast_head_json":{"title":"Alc\u00e1ntara - MaCote.fr","description":"Encuentre nuestra alc\u00e1ntara en forma adhesiva para personalizar su BMW. Cubre tus inserciones decorativas para dar a tu E46 un aspecto m\u00e1s deportivo.","robots":{"index":"index","follow":"follow","max-snippet":"max-snippet:-1","max-image-preview":"max-image-preview:large","max-video-preview":"max-video-preview:-1"},"canonical":"https:\/\/macote.fr\/es\/producto\/tela-alcantara\/","og_locale":"es_ES","og_type":"article","og_title":"Alcantara","og_description":"Retrouvez Notre alcantara sous forme adhesive pour Customiser votre BMW. Recouvrez vos insert d\u00e9coratif pour donner un look plus sportive \u00e0 votre E46.","og_url":"https:\/\/macote.fr\/es\/producto\/tela-alcantara\/","og_site_name":"MaCote.fr","article_publisher":"https:\/\/www.facebook.com\/profile.php?id=100091476586119","article_modified_time":"2023-04-25T07:12:09+00:00","og_image":[{"width":500,"height":500,"url":"https:\/\/macote.fr\/wp-content\/uploads\/2023\/04\/alcantara-rouleau.jpeg","type":"image\/jpeg"}],"twitter_card":"summary_large_image","twitter_misc":{"Tiempo de lectura":"2 minutos"},"schema":{"@context":"https:\/\/schema.org","@graph":[{"@type":"WebPage","@id":"https:\/\/macote.fr\/produit\/tissu-alcantara\/","url":"https:\/\/macote.fr\/produit\/tissu-alcantara\/","name":"Alc\u00e1ntara - MaCote.fr","isPartOf":{"@id":"https:\/\/macote.fr\/#website"},"primaryImageOfPage":{"@id":"https:\/\/macote.fr\/produit\/tissu-alcantara\/#primaryimage"},"image":{"@id":"https:\/\/macote.fr\/produit\/tissu-alcantara\/#primaryimage"},"thumbnailUrl":"https:\/\/macote.fr\/wp-content\/uploads\/2023\/04\/alcantara-rouleau.jpeg","datePublished":"2023-04-25T03:51:01+00:00","dateModified":"2023-04-25T07:12:09+00:00","description":"Encuentre nuestra alc\u00e1ntara en forma adhesiva para personalizar su BMW. Cubre tus inserciones decorativas para dar a tu E46 un aspecto m\u00e1s deportivo.","breadcrumb":{"@id":"https:\/\/macote.fr\/produit\/tissu-alcantara\/#breadcrumb"},"inLanguage":"es","potentialAction":[{"@type":"ReadAction","target":["https:\/\/macote.fr\/produit\/tissu-alcantara\/"]}]},{"@type":"ImageObject","inLanguage":"es","@id":"https:\/\/macote.fr\/produit\/tissu-alcantara\/#primaryimage","url":"https:\/\/macote.fr\/wp-content\/uploads\/2023\/04\/alcantara-rouleau.jpeg","contentUrl":"https:\/\/macote.fr\/wp-content\/uploads\/2023\/04\/alcantara-rouleau.jpeg","width":500,"height":500,"caption":"Alcantara adh\u00e9sif noir et rouge"},{"@type":"BreadcrumbList","@id":"https:\/\/macote.fr\/produit\/tissu-alcantara\/#breadcrumb","itemListElement":[{"@type":"ListItem","position":1,"name":"Accueil","item":"https:\/\/macote.fr\/"},{"@type":"ListItem","position":2,"name":"Boutique","item":"https:\/\/macote.fr\/boutique\/"},{"@type":"ListItem","position":3,"name":"Alcantara"}]},{"@type":"WebSite","@id":"https:\/\/macote.fr\/#website","url":"https:\/\/macote.fr\/","name":"MyQuote.com","description":"Los mejores accesorios BMW","publisher":{"@id":"https:\/\/macote.fr\/#organization"},"alternateName":"BMW tuning","potentialAction":[{"@type":"SearchAction","target":{"@type":"EntryPoint","urlTemplate":"https:\/\/macote.fr\/?s={search_term_string}"},"query-input":{"@type":"PropertyValueSpecification","valueRequired":true,"valueName":"search_term_string"}}],"inLanguage":"es"},{"@type":"Organization","@id":"https:\/\/macote.fr\/#organization","name":"Macote.es","alternateName":"BMW tuning","url":"https:\/\/macote.fr\/","logo":{"@type":"ImageObject","inLanguage":"es","@id":"https:\/\/macote.fr\/#\/schema\/logo\/image\/","url":"https:\/\/macote.fr\/wp-content\/uploads\/2023\/11\/LOGO-macote.fr-dessin-bmw-noir-copy.jpg","contentUrl":"https:\/\/macote.fr\/wp-content\/uploads\/2023\/11\/LOGO-macote.fr-dessin-bmw-noir-copy.jpg","width":732,"height":456,"caption":"Macote.fr"},"image":{"@id":"https:\/\/macote.fr\/#\/schema\/logo\/image\/"},"sameAs":["https:\/\/www.facebook.com\/profile.php?id=100091476586119","https:\/\/www.youtube.com\/channel\/UCgO-YTbaxYO-w_C5GfL-_1w","https:\/\/www.tiktok.com\/@macote.fr?is_from_webapp=1&sender_device=pc","https:\/\/www.instagram.com\/i_xila_i\/"]}]}},"_links":{"self":[{"href":"https:\/\/macote.fr\/es\/wp-json\/wp\/v2\/product\/1491","targetHints":{"allow":["GET"]}}],"collection":[{"href":"https:\/\/macote.fr\/es\/wp-json\/wp\/v2\/product"}],"about":[{"href":"https:\/\/macote.fr\/es\/wp-json\/wp\/v2\/types\/product"}],"replies":[{"embeddable":true,"href":"https:\/\/macote.fr\/es\/wp-json\/wp\/v2\/comments?post=1491"}],"wp:featuredmedia":[{"embeddable":true,"href":"https:\/\/macote.fr\/es\/wp-json\/wp\/v2\/media\/1492"}],"wp:attachment":[{"href":"https:\/\/macote.fr\/es\/wp-json\/wp\/v2\/media?parent=1491"}],"wp:term":[{"taxonomy":"product_brand","embeddable":true,"href":"https:\/\/macote.fr\/es\/wp-json\/wp\/v2\/product_brand?post=1491"},{"taxonomy":"product_cat","embeddable":true,"href":"https:\/\/macote.fr\/es\/wp-json\/wp\/v2\/product_cat?post=1491"},{"taxonomy":"product_tag","embeddable":true,"href":"https:\/\/macote.fr\/es\/wp-json\/wp\/v2\/product_tag?post=1491"}],"curies":[{"name":"wp","href":"https:\/\/api.w.org\/{rel}","templated":true}]}}