{"id":1517,"date":"2023-04-26T17:14:32","date_gmt":"2023-04-26T15:14:32","guid":{"rendered":"https:\/\/macote.fr\/?post_type=product&#038;p=1517"},"modified":"2023-06-21T11:20:27","modified_gmt":"2023-06-21T09:20:27","slug":"bombilla-led-car","status":"publish","type":"product","link":"https:\/\/macote.fr\/es\/producto\/bombilla-led-car\/","title":{"rendered":"H7, H1, H4, H8, H9, H11 Bombillas LED para coche"},"content":{"rendered":"<h2>\u00a0A<strong>Bombillas LED<\/strong>\u00a0<strong>coche<\/strong><\/h2>\n<p>Estamos orgullosos de presentarle nuestras bombillas LED, dise\u00f1adas para sustituir las antiguas bombillas hal\u00f3genas de su coche. Est\u00e1n disponibles para los modelos H7, H1, H4, H8, H9 y H11.<\/p>\n<p>A diferencia de otras bombillas, nuestro modelo incluye la fuente de alimentaci\u00f3n directamente en la bombilla, liberando espacio en los peque\u00f1os compartimentos de los faros.<\/p>\n<p>Nuestras bombillas est\u00e1n equipadas con un ventilador que disipa el calor y proporciona una mejor iluminaci\u00f3n que otras marcas de bombillas LED.<\/p>\n<h4>Sostenible :<\/h4>\n<p>A diferencia de las bombillas de coche tradicionales, la ausencia de filamentos y la calidad de fabricaci\u00f3n hacen de estas bombillas LED una apuesta segura en t\u00e9rminos de durabilidad. Ilumina tus carreteras durante a\u00f1os sin riesgo de rotura o p\u00e9rdida de luminosidad.<\/p>\n<p>Ahorre dinero al no tener que cambiar las bombillas cada dos d\u00edas.<\/p>\n<h4>Un aspecto moderno.<\/h4>\n<p>Consigue un aspecto deportivo con nuestras bombillas LED para coche, obt\u00e9n una iluminaci\u00f3n m\u00e1s brillante, n\u00edtida y de mejor calidad.<\/p>\n<p>Adem\u00e1s, confieren a su coche un aspecto deportivo y elegante. Las bombillas LED tienen un aspecto lujoso y moderno que combina a la perfecci\u00f3n con cualquier modelo de coche.<\/p>\n<p>La luz producida es blanca (6500k) y potente. El paquete contiene dos bombillas seg\u00fan sus especificaciones. Se pueden utilizar como luz de carretera y\/o luz de cruce.<\/p>\n<h4>La seguridad es una de nuestras principales preocupaciones.<\/h4>\n<p>Hemos dise\u00f1ado nuestras bombillas LED para coche para que sean extremadamente brillantes, lo que mejora la visibilidad y la seguridad al conducir de noche o con mal tiempo. Las bombillas LED tambi\u00e9n tienen una larga vida \u00fatil.<\/p>\n<p>Nuestras bombillas LED para coche tambi\u00e9n son muy adaptables. Son compatibles con todos los coches, lo que facilita su instalaci\u00f3n y uso. Se pueden utilizar en faros delanteros y antiniebla.<\/p>\n<p>Adem\u00e1s, nuestras bombillas LED son excepcionalmente duraderas. A diferencia de las bombillas hal\u00f3genas, las bombillas LED duran hasta 100 veces m\u00e1s.<\/p>\n<h4>Ojos de \u00e1ngel E46<\/h4>\n<p>Combine este art\u00edculo con nuestro <a href=\"https:\/\/macote.fr\/es\/producto\/kit-angel-eyes-bmw-rgb\/\">\u00e1ngeles Ojos<\/a> para E46 y dale a tu BMW el aspecto definitivo.<\/p>\n<blockquote class=\"wp-embedded-content\" data-secret=\"N6OXAhktvX\"><p><a href=\"https:\/\/macote.fr\/es\/producto\/kit-angel-eyes-bmw-rgb\/\">KIT Angel Eyes BMW RGB<\/a><\/p><\/blockquote>\n<p><iframe class=\"wp-embedded-content\" sandbox=\"allow-scripts\" security=\"restricted\" style=\"position: absolute; clip: rect(1px, 1px, 1px, 1px);\" title=\"&quot; KIT Angel Eyes BMW RGB - MaCote.fr\" src=\"https:\/\/macote.fr\/produit\/angel-eyes-bmw-rgb-kit\/embed\/#?secret=u3tnJDWwxb#?secret=N6OXAhktvX\" data-secret=\"N6OXAhktvX\" width=\"600\" height=\"338\" frameborder=\"0\" marginwidth=\"0\" marginheight=\"0\" scrolling=\"no\"><\/iframe><\/p>\n<p>&nbsp;<\/p>\n<p>P\u00eddalo ahora y disfrute de una mejor visibilidad, mayor seguridad y un estilo elegante para su coche.<\/p>\n<p>&nbsp;<\/p>","protected":false},"excerpt":{"rendered":"<p>M\u00e1s informaci\u00f3n sobre nuestras bombillas LED para coches.<\/p>\n<p>Estamos orgullosos de presentar nuestras bombillas LED para coche que est\u00e1n dise\u00f1adas para reemplazar las viejas bombillas hal\u00f3genas de su coche. Nuestras bombillas LED para coche est\u00e1n disponibles para los modelos H7, H1, H4, H8, H9 y H11.<\/p>","protected":false},"featured_media":1518,"comment_status":"open","ping_status":"closed","template":"","meta":{"_eb_attr":""},"product_brand":[],"product_cat":[68,67],"product_tag":[],"class_list":{"0":"post-1517","1":"product","2":"type-product","3":"status-publish","4":"has-post-thumbnail","6":"product_cat-eclairage-signature-lumineuse","7":"product_cat-modification-exterieur-vehicule","9":"first","10":"instock","11":"taxable","12":"shipping-taxable","13":"product-type-variable"},"yoast_head":"<!-- This site is optimized with the Yoast SEO Premium plugin v20.7 (Yoast SEO v27.4) - https:\/\/yoast.com\/product\/yoast-seo-premium-wordpress\/ -->\n<title>Ampoules LED voiture H7, H1, H4, H8, H9, H11 - MaCote.fr<\/title>\n<meta name=\"description\" content=\"Am\u00e9liorez la s\u00e9curit\u00e9 et le style de votre voiture avec nos ampoules LED de haute qualit\u00e9 pour les mod\u00e8les H7, H1, H4, H8, H9 et H11.\" \/>\n<meta name=\"robots\" content=\"index, follow, max-snippet:-1, max-image-preview:large, max-video-preview:-1\" \/>\n<link rel=\"canonical\" href=\"https:\/\/macote.fr\/es\/producto\/bombilla-led-car\/\" \/>\n<meta property=\"og:locale\" content=\"es_ES\" \/>\n<meta property=\"og:type\" content=\"article\" \/>\n<meta property=\"og:title\" content=\"Ampoules LED voiture H7, H1, H4, H8, H9, H11\" \/>\n<meta property=\"og:description\" content=\"Am\u00e9liorez la s\u00e9curit\u00e9 et le style de votre voiture avec nos ampoules LED de haute qualit\u00e9 pour les mod\u00e8les H7, H1, H4, H8, H9 et H11.\" \/>\n<meta property=\"og:url\" content=\"https:\/\/macote.fr\/es\/producto\/bombilla-led-car\/\" \/>\n<meta property=\"og:site_name\" content=\"MaCote.fr\" \/>\n<meta property=\"article:publisher\" content=\"https:\/\/www.facebook.com\/profile.php?id=100091476586119\" \/>\n<meta property=\"article:modified_time\" content=\"2023-06-21T09:20:27+00:00\" \/>\n<meta property=\"og:image\" content=\"https:\/\/macote.fr\/wp-content\/uploads\/2023\/04\/HEADLIGHT-LED-H4.jpeg\" \/>\n\t<meta property=\"og:image:width\" content=\"981\" \/>\n\t<meta property=\"og:image:height\" content=\"889\" \/>\n\t<meta property=\"og:image:type\" content=\"image\/jpeg\" \/>\n<meta name=\"twitter:card\" content=\"summary_large_image\" \/>\n<meta name=\"twitter:label1\" content=\"Tiempo de lectura\" \/>\n\t<meta name=\"twitter:data1\" content=\"2 minutos\" \/>\n<script type=\"application\/ld+json\" class=\"yoast-schema-graph\">{\"@context\":\"https:\\\/\\\/schema.org\",\"@graph\":[{\"@type\":\"WebPage\",\"@id\":\"https:\\\/\\\/macote.fr\\\/produit\\\/ampoule-led-voiture\\\/\",\"url\":\"https:\\\/\\\/macote.fr\\\/produit\\\/ampoule-led-voiture\\\/\",\"name\":\"Ampoules LED voiture H7, H1, H4, H8, H9, H11 - MaCote.fr\",\"isPartOf\":{\"@id\":\"https:\\\/\\\/macote.fr\\\/#website\"},\"primaryImageOfPage\":{\"@id\":\"https:\\\/\\\/macote.fr\\\/produit\\\/ampoule-led-voiture\\\/#primaryimage\"},\"image\":{\"@id\":\"https:\\\/\\\/macote.fr\\\/produit\\\/ampoule-led-voiture\\\/#primaryimage\"},\"thumbnailUrl\":\"https:\\\/\\\/macote.fr\\\/wp-content\\\/uploads\\\/2023\\\/04\\\/HEADLIGHT-LED-H4.jpeg\",\"datePublished\":\"2023-04-26T15:14:32+00:00\",\"dateModified\":\"2023-06-21T09:20:27+00:00\",\"description\":\"Am\u00e9liorez la s\u00e9curit\u00e9 et le style de votre voiture avec nos ampoules LED de haute qualit\u00e9 pour les mod\u00e8les H7, H1, H4, H8, H9 et H11.\",\"breadcrumb\":{\"@id\":\"https:\\\/\\\/macote.fr\\\/produit\\\/ampoule-led-voiture\\\/#breadcrumb\"},\"inLanguage\":\"es\",\"potentialAction\":[{\"@type\":\"ReadAction\",\"target\":[\"https:\\\/\\\/macote.fr\\\/produit\\\/ampoule-led-voiture\\\/\"]}]},{\"@type\":\"ImageObject\",\"inLanguage\":\"es\",\"@id\":\"https:\\\/\\\/macote.fr\\\/produit\\\/ampoule-led-voiture\\\/#primaryimage\",\"url\":\"https:\\\/\\\/macote.fr\\\/wp-content\\\/uploads\\\/2023\\\/04\\\/HEADLIGHT-LED-H4.jpeg\",\"contentUrl\":\"https:\\\/\\\/macote.fr\\\/wp-content\\\/uploads\\\/2023\\\/04\\\/HEADLIGHT-LED-H4.jpeg\",\"width\":981,\"height\":889,\"caption\":\"ampoules LED voiture H7\"},{\"@type\":\"BreadcrumbList\",\"@id\":\"https:\\\/\\\/macote.fr\\\/produit\\\/ampoule-led-voiture\\\/#breadcrumb\",\"itemListElement\":[{\"@type\":\"ListItem\",\"position\":1,\"name\":\"Accueil\",\"item\":\"https:\\\/\\\/macote.fr\\\/\"},{\"@type\":\"ListItem\",\"position\":2,\"name\":\"Boutique\",\"item\":\"https:\\\/\\\/macote.fr\\\/boutique\\\/\"},{\"@type\":\"ListItem\",\"position\":3,\"name\":\"Ampoules LED voiture H7, H1, H4, H8, H9, H11\"}]},{\"@type\":\"WebSite\",\"@id\":\"https:\\\/\\\/macote.fr\\\/#website\",\"url\":\"https:\\\/\\\/macote.fr\\\/\",\"name\":\"MaCote.fr\",\"description\":\"BMW best accessories\",\"publisher\":{\"@id\":\"https:\\\/\\\/macote.fr\\\/#organization\"},\"alternateName\":\"BMW tuning\",\"potentialAction\":[{\"@type\":\"SearchAction\",\"target\":{\"@type\":\"EntryPoint\",\"urlTemplate\":\"https:\\\/\\\/macote.fr\\\/?s={search_term_string}\"},\"query-input\":{\"@type\":\"PropertyValueSpecification\",\"valueRequired\":true,\"valueName\":\"search_term_string\"}}],\"inLanguage\":\"es\"},{\"@type\":\"Organization\",\"@id\":\"https:\\\/\\\/macote.fr\\\/#organization\",\"name\":\"Macote.fr\",\"alternateName\":\"BMW tuning\",\"url\":\"https:\\\/\\\/macote.fr\\\/\",\"logo\":{\"@type\":\"ImageObject\",\"inLanguage\":\"es\",\"@id\":\"https:\\\/\\\/macote.fr\\\/#\\\/schema\\\/logo\\\/image\\\/\",\"url\":\"https:\\\/\\\/macote.fr\\\/wp-content\\\/uploads\\\/2023\\\/11\\\/LOGO-macote.fr-dessin-bmw-noir-copy.jpg\",\"contentUrl\":\"https:\\\/\\\/macote.fr\\\/wp-content\\\/uploads\\\/2023\\\/11\\\/LOGO-macote.fr-dessin-bmw-noir-copy.jpg\",\"width\":732,\"height\":456,\"caption\":\"Macote.fr\"},\"image\":{\"@id\":\"https:\\\/\\\/macote.fr\\\/#\\\/schema\\\/logo\\\/image\\\/\"},\"sameAs\":[\"https:\\\/\\\/www.facebook.com\\\/profile.php?id=100091476586119\",\"https:\\\/\\\/www.youtube.com\\\/channel\\\/UCgO-YTbaxYO-w_C5GfL-_1w\",\"https:\\\/\\\/www.tiktok.com\\\/@macote.fr?is_from_webapp=1&sender_device=pc\",\"https:\\\/\\\/www.instagram.com\\\/i_xila_i\\\/\"]}]}<\/script>\n<!-- \/ Yoast SEO Premium plugin. -->","yoast_head_json":{"title":"Bombillas LED para coche H7, H1, H4, H8, H9, H11 - MaCote.fr","description":"Mejore la seguridad y el estilo de su coche con nuestras bombillas LED de alta calidad para los modelos H7, H1, H4, H8, H9 y H11.","robots":{"index":"index","follow":"follow","max-snippet":"max-snippet:-1","max-image-preview":"max-image-preview:large","max-video-preview":"max-video-preview:-1"},"canonical":"https:\/\/macote.fr\/es\/producto\/bombilla-led-car\/","og_locale":"es_ES","og_type":"article","og_title":"Ampoules LED voiture H7, H1, H4, H8, H9, H11","og_description":"Am\u00e9liorez la s\u00e9curit\u00e9 et le style de votre voiture avec nos ampoules LED de haute qualit\u00e9 pour les mod\u00e8les H7, H1, H4, H8, H9 et H11.","og_url":"https:\/\/macote.fr\/es\/producto\/bombilla-led-car\/","og_site_name":"MaCote.fr","article_publisher":"https:\/\/www.facebook.com\/profile.php?id=100091476586119","article_modified_time":"2023-06-21T09:20:27+00:00","og_image":[{"width":981,"height":889,"url":"https:\/\/macote.fr\/wp-content\/uploads\/2023\/04\/HEADLIGHT-LED-H4.jpeg","type":"image\/jpeg"}],"twitter_card":"summary_large_image","twitter_misc":{"Tiempo de lectura":"2 minutos"},"schema":{"@context":"https:\/\/schema.org","@graph":[{"@type":"WebPage","@id":"https:\/\/macote.fr\/produit\/ampoule-led-voiture\/","url":"https:\/\/macote.fr\/produit\/ampoule-led-voiture\/","name":"Bombillas LED para coche H7, H1, H4, H8, H9, H11 - MaCote.fr","isPartOf":{"@id":"https:\/\/macote.fr\/#website"},"primaryImageOfPage":{"@id":"https:\/\/macote.fr\/produit\/ampoule-led-voiture\/#primaryimage"},"image":{"@id":"https:\/\/macote.fr\/produit\/ampoule-led-voiture\/#primaryimage"},"thumbnailUrl":"https:\/\/macote.fr\/wp-content\/uploads\/2023\/04\/HEADLIGHT-LED-H4.jpeg","datePublished":"2023-04-26T15:14:32+00:00","dateModified":"2023-06-21T09:20:27+00:00","description":"Mejore la seguridad y el estilo de su coche con nuestras bombillas LED de alta calidad para los modelos H7, H1, H4, H8, H9 y H11.","breadcrumb":{"@id":"https:\/\/macote.fr\/produit\/ampoule-led-voiture\/#breadcrumb"},"inLanguage":"es","potentialAction":[{"@type":"ReadAction","target":["https:\/\/macote.fr\/produit\/ampoule-led-voiture\/"]}]},{"@type":"ImageObject","inLanguage":"es","@id":"https:\/\/macote.fr\/produit\/ampoule-led-voiture\/#primaryimage","url":"https:\/\/macote.fr\/wp-content\/uploads\/2023\/04\/HEADLIGHT-LED-H4.jpeg","contentUrl":"https:\/\/macote.fr\/wp-content\/uploads\/2023\/04\/HEADLIGHT-LED-H4.jpeg","width":981,"height":889,"caption":"ampoules LED voiture H7"},{"@type":"BreadcrumbList","@id":"https:\/\/macote.fr\/produit\/ampoule-led-voiture\/#breadcrumb","itemListElement":[{"@type":"ListItem","position":1,"name":"Accueil","item":"https:\/\/macote.fr\/"},{"@type":"ListItem","position":2,"name":"Boutique","item":"https:\/\/macote.fr\/boutique\/"},{"@type":"ListItem","position":3,"name":"Ampoules LED voiture H7, H1, H4, H8, H9, H11"}]},{"@type":"WebSite","@id":"https:\/\/macote.fr\/#website","url":"https:\/\/macote.fr\/","name":"MyQuote.com","description":"Los mejores accesorios BMW","publisher":{"@id":"https:\/\/macote.fr\/#organization"},"alternateName":"BMW tuning","potentialAction":[{"@type":"SearchAction","target":{"@type":"EntryPoint","urlTemplate":"https:\/\/macote.fr\/?s={search_term_string}"},"query-input":{"@type":"PropertyValueSpecification","valueRequired":true,"valueName":"search_term_string"}}],"inLanguage":"es"},{"@type":"Organization","@id":"https:\/\/macote.fr\/#organization","name":"Macote.es","alternateName":"BMW tuning","url":"https:\/\/macote.fr\/","logo":{"@type":"ImageObject","inLanguage":"es","@id":"https:\/\/macote.fr\/#\/schema\/logo\/image\/","url":"https:\/\/macote.fr\/wp-content\/uploads\/2023\/11\/LOGO-macote.fr-dessin-bmw-noir-copy.jpg","contentUrl":"https:\/\/macote.fr\/wp-content\/uploads\/2023\/11\/LOGO-macote.fr-dessin-bmw-noir-copy.jpg","width":732,"height":456,"caption":"Macote.fr"},"image":{"@id":"https:\/\/macote.fr\/#\/schema\/logo\/image\/"},"sameAs":["https:\/\/www.facebook.com\/profile.php?id=100091476586119","https:\/\/www.youtube.com\/channel\/UCgO-YTbaxYO-w_C5GfL-_1w","https:\/\/www.tiktok.com\/@macote.fr?is_from_webapp=1&sender_device=pc","https:\/\/www.instagram.com\/i_xila_i\/"]}]}},"_links":{"self":[{"href":"https:\/\/macote.fr\/es\/wp-json\/wp\/v2\/product\/1517","targetHints":{"allow":["GET"]}}],"collection":[{"href":"https:\/\/macote.fr\/es\/wp-json\/wp\/v2\/product"}],"about":[{"href":"https:\/\/macote.fr\/es\/wp-json\/wp\/v2\/types\/product"}],"replies":[{"embeddable":true,"href":"https:\/\/macote.fr\/es\/wp-json\/wp\/v2\/comments?post=1517"}],"wp:featuredmedia":[{"embeddable":true,"href":"https:\/\/macote.fr\/es\/wp-json\/wp\/v2\/media\/1518"}],"wp:attachment":[{"href":"https:\/\/macote.fr\/es\/wp-json\/wp\/v2\/media?parent=1517"}],"wp:term":[{"taxonomy":"product_brand","embeddable":true,"href":"https:\/\/macote.fr\/es\/wp-json\/wp\/v2\/product_brand?post=1517"},{"taxonomy":"product_cat","embeddable":true,"href":"https:\/\/macote.fr\/es\/wp-json\/wp\/v2\/product_cat?post=1517"},{"taxonomy":"product_tag","embeddable":true,"href":"https:\/\/macote.fr\/es\/wp-json\/wp\/v2\/product_tag?post=1517"}],"curies":[{"name":"wp","href":"https:\/\/api.w.org\/{rel}","templated":true}]}}