{"id":1654,"date":"2023-04-30T15:24:38","date_gmt":"2023-04-30T13:24:38","guid":{"rendered":"https:\/\/macote.fr\/?post_type=product&#038;p=1654"},"modified":"2025-05-30T09:41:11","modified_gmt":"2025-05-30T07:41:11","slug":"freno-maneta-de-fibra-de-carbono-para-bmw","status":"publish","type":"product","link":"https:\/\/macote.fr\/es\/producto\/freno-maneta-de-fibra-de-carbono-para-bmw\/","title":{"rendered":"Palanca de freno de mano de fibra de carbono Para BMW"},"content":{"rendered":"<p>Votre Poign\u00e9e de frein \u00e0 main est abim\u00e9 avec le temps ou vous souhaitez juste am\u00e9liorer le Design Int\u00e9rieur \u00a0de votre voiture ?<\/p>\n<p>Voici notre poign\u00e9e de Frein \u00e0 main en VRAI fibre de carbone.<\/p>\n<div class=\"group w-full text-gray-800 dark:text-gray-100 border-b border-black\/10 dark:border-gray-900\/50 bg-gray-50 dark:bg-[#444654]\">\n<div class=\"text-base gap-4 md:gap-6 md:max-w-2xl lg:max-w-xl xl:max-w-3xl p-4 md:py-6 flex lg:px-0 m-auto\">\n<div class=\"relative flex w-[calc(100%-50px)] flex-col gap-1 md:gap-3 lg:w-[calc(100%-115px)]\">\n<div class=\"flex flex-grow flex-col gap-3\">\n<div class=\"min-h-[20px] flex flex-col items-start gap-4 whitespace-pre-wrap break-words\">\n<div class=\"markdown prose w-full break-words dark:prose-invert light\">\n<p>La fibre de carbone est un mat\u00e9riau de haute qualit\u00e9 connu pour sa r\u00e9sistance, sa l\u00e9g\u00e8ret\u00e9 et sa durabilit\u00e9. La Poign\u00e9e de frein \u00e0 main en fibre de carbone ajoute une touche de sophistication et de luxe \u00e0 l&rsquo;int\u00e9rieur de votre BMW. La finition lisse et brillante de la fibre de carbone offre une apparence moderne et \u00e9l\u00e9gante qui am\u00e9liore le style de l&rsquo;int\u00e9rieur de votre voiture.<\/p>\n<p>La forme ergonomique de la poign\u00e9e de frein \u00e0 main en fibre de carbone s&rsquo;adapte parfaitement \u00e0 la forme d&rsquo;origine, ce qui vous permet de maintenir une prise en main confortable et naturelle tout en offrant un design \u00e9l\u00e9gant.<\/p>\n<p>Enfin, la poign\u00e9e est facile \u00e0 installer. elle s&rsquo;adapte directement sur votre frein \u00e0 main d&rsquo;origine, sans aucune modification n\u00e9cessaire. Cela vous permet de personnaliser facilement l&rsquo;int\u00e9rieur de votre BMW sans avoir besoin de comp\u00e9tences particuli\u00e8res en m\u00e9canique ou d&rsquo;outils sp\u00e9ciaux.<\/p>\n<p>De plus il s&rsquo;adapte sur tout les mod\u00e8les suivants : BMW E46, E90, E92, E6,0 E39, F30, F34, F10, F20.<\/p>\n<p>En r\u00e9sum\u00e9, le couvercle de frein \u00e0 main en fibre de carbone est un accessoire de voiture \u00e9l\u00e9gant et pratique qui am\u00e9liore \u00e0 la fois l&rsquo;apparence et la fonctionnalit\u00e9 de votre BMW. Avec sa fibre de carbone de haute qualit\u00e9, sa bonne prise en main, sa forme ergonomique et sa compatibilit\u00e9 avec un grand nombre de mod\u00e8les BMW, cet accesoire est un choix judicieux pour tout propri\u00e9taire de BMW qui souhaite personnaliser leur voiture avec style.<\/p>\n<\/div>\n<\/div>\n<\/div>\n<div class=\"flex justify-between lg:block\">\n<div class=\"text-gray-400 flex self-end lg:self-center justify-center mt-2 gap-2 md:gap-3 lg:gap-1 lg:absolute lg:top-0 lg:translate-x-full lg:right-0 lg:mt-0 lg:pl-2 visible\"><\/div>\n<\/div>\n<\/div>\n<\/div>\n<\/div>\n","protected":false},"excerpt":{"rendered":"<p>Freno de mano real <strong>fibra de carbono<\/strong> Compatible con BMW E46, E90, E92, E6,0 E39, F30, F34, F10, F20.<\/p>","protected":false},"featured_media":1655,"comment_status":"open","ping_status":"closed","template":"","meta":{"_eb_attr":""},"product_brand":[],"product_cat":[263,66],"product_tag":[],"class_list":{"0":"post-1654","1":"product","2":"type-product","3":"status-publish","4":"has-post-thumbnail","6":"product_cat-bmw-accessoires-fibre-de-carbone","7":"product_cat-modifications-interieurs","9":"first","10":"instock","11":"taxable","12":"shipping-taxable","13":"purchasable","14":"product-type-simple"},"yoast_head":"<!-- This site is optimized with the Yoast SEO Premium plugin v20.7 (Yoast SEO v27.4) - https:\/\/yoast.com\/product\/yoast-seo-premium-wordpress\/ -->\n<title>Poign\u00e9e frein \u00e0 main en fibre de carbone Pour BMW - MaCote.fr<\/title>\n<meta name=\"description\" content=\"Retrouvez notre couvercle pour frein \u00e0 main en Vrai fibre de Carbone pour bmw E46, E90, E92, E6,0 E39, F30, F34, F10, F20\" \/>\n<meta name=\"robots\" content=\"index, follow, max-snippet:-1, max-image-preview:large, max-video-preview:-1\" \/>\n<link rel=\"canonical\" href=\"https:\/\/macote.fr\/es\/producto\/freno-maneta-de-fibra-de-carbono-para-bmw\/\" \/>\n<meta property=\"og:locale\" content=\"es_ES\" \/>\n<meta property=\"og:type\" content=\"article\" \/>\n<meta property=\"og:title\" content=\"Poign\u00e9e frein \u00e0 main en fibre de carbone Pour BMW\" \/>\n<meta property=\"og:description\" content=\"Retrouvez notre couvercle pour frein \u00e0 main en Vrai fibre de Carbone pour bmw E46, E90, E92, E6,0 E39, F30, F34, F10, F20\" \/>\n<meta property=\"og:url\" content=\"https:\/\/macote.fr\/es\/producto\/freno-maneta-de-fibra-de-carbono-para-bmw\/\" \/>\n<meta property=\"og:site_name\" content=\"MaCote.fr\" \/>\n<meta property=\"article:publisher\" content=\"https:\/\/www.facebook.com\/profile.php?id=100091476586119\" \/>\n<meta property=\"article:modified_time\" content=\"2025-05-30T07:41:11+00:00\" \/>\n<meta property=\"og:image\" content=\"https:\/\/macote.fr\/wp-content\/uploads\/2023\/04\/frain-a-main-fibre-de-carbone-BMW.png\" \/>\n\t<meta property=\"og:image:width\" content=\"998\" \/>\n\t<meta property=\"og:image:height\" content=\"926\" \/>\n\t<meta property=\"og:image:type\" content=\"image\/png\" \/>\n<meta name=\"twitter:card\" content=\"summary_large_image\" \/>\n<meta name=\"twitter:label1\" content=\"Tiempo de lectura\" \/>\n\t<meta name=\"twitter:data1\" content=\"2 minutos\" \/>\n<script type=\"application\/ld+json\" class=\"yoast-schema-graph\">{\"@context\":\"https:\\\/\\\/schema.org\",\"@graph\":[{\"@type\":\"WebPage\",\"@id\":\"https:\\\/\\\/macote.fr\\\/produit\\\/poignee-frein-a-main-en-fibre-de-carbone-pour-bmw\\\/\",\"url\":\"https:\\\/\\\/macote.fr\\\/produit\\\/poignee-frein-a-main-en-fibre-de-carbone-pour-bmw\\\/\",\"name\":\"Poign\u00e9e frein \u00e0 main en fibre de carbone Pour BMW - MaCote.fr\",\"isPartOf\":{\"@id\":\"https:\\\/\\\/macote.fr\\\/#website\"},\"primaryImageOfPage\":{\"@id\":\"https:\\\/\\\/macote.fr\\\/produit\\\/poignee-frein-a-main-en-fibre-de-carbone-pour-bmw\\\/#primaryimage\"},\"image\":{\"@id\":\"https:\\\/\\\/macote.fr\\\/produit\\\/poignee-frein-a-main-en-fibre-de-carbone-pour-bmw\\\/#primaryimage\"},\"thumbnailUrl\":\"https:\\\/\\\/macote.fr\\\/wp-content\\\/uploads\\\/2023\\\/04\\\/frain-a-main-fibre-de-carbone-BMW.png\",\"datePublished\":\"2023-04-30T13:24:38+00:00\",\"dateModified\":\"2025-05-30T07:41:11+00:00\",\"description\":\"Retrouvez notre couvercle pour frein \u00e0 main en Vrai fibre de Carbone pour bmw E46, E90, E92, E6,0 E39, F30, F34, F10, F20\",\"breadcrumb\":{\"@id\":\"https:\\\/\\\/macote.fr\\\/produit\\\/poignee-frein-a-main-en-fibre-de-carbone-pour-bmw\\\/#breadcrumb\"},\"inLanguage\":\"es\",\"potentialAction\":[{\"@type\":\"ReadAction\",\"target\":[\"https:\\\/\\\/macote.fr\\\/produit\\\/poignee-frein-a-main-en-fibre-de-carbone-pour-bmw\\\/\"]}]},{\"@type\":\"ImageObject\",\"inLanguage\":\"es\",\"@id\":\"https:\\\/\\\/macote.fr\\\/produit\\\/poignee-frein-a-main-en-fibre-de-carbone-pour-bmw\\\/#primaryimage\",\"url\":\"https:\\\/\\\/macote.fr\\\/wp-content\\\/uploads\\\/2023\\\/04\\\/frain-a-main-fibre-de-carbone-BMW.png\",\"contentUrl\":\"https:\\\/\\\/macote.fr\\\/wp-content\\\/uploads\\\/2023\\\/04\\\/frain-a-main-fibre-de-carbone-BMW.png\",\"width\":998,\"height\":926,\"caption\":\"frein \u00e0 main fibre de carbone BMW\"},{\"@type\":\"BreadcrumbList\",\"@id\":\"https:\\\/\\\/macote.fr\\\/produit\\\/poignee-frein-a-main-en-fibre-de-carbone-pour-bmw\\\/#breadcrumb\",\"itemListElement\":[{\"@type\":\"ListItem\",\"position\":1,\"name\":\"Accueil\",\"item\":\"https:\\\/\\\/macote.fr\\\/\"},{\"@type\":\"ListItem\",\"position\":2,\"name\":\"Boutique\",\"item\":\"https:\\\/\\\/macote.fr\\\/boutique\\\/\"},{\"@type\":\"ListItem\",\"position\":3,\"name\":\"Poign\u00e9e frein \u00e0 main en fibre de carbone Pour BMW\"}]},{\"@type\":\"WebSite\",\"@id\":\"https:\\\/\\\/macote.fr\\\/#website\",\"url\":\"https:\\\/\\\/macote.fr\\\/\",\"name\":\"MaCote.fr\",\"description\":\"BMW best accessories\",\"publisher\":{\"@id\":\"https:\\\/\\\/macote.fr\\\/#organization\"},\"alternateName\":\"BMW tuning\",\"potentialAction\":[{\"@type\":\"SearchAction\",\"target\":{\"@type\":\"EntryPoint\",\"urlTemplate\":\"https:\\\/\\\/macote.fr\\\/?s={search_term_string}\"},\"query-input\":{\"@type\":\"PropertyValueSpecification\",\"valueRequired\":true,\"valueName\":\"search_term_string\"}}],\"inLanguage\":\"es\"},{\"@type\":\"Organization\",\"@id\":\"https:\\\/\\\/macote.fr\\\/#organization\",\"name\":\"Macote.fr\",\"alternateName\":\"BMW tuning\",\"url\":\"https:\\\/\\\/macote.fr\\\/\",\"logo\":{\"@type\":\"ImageObject\",\"inLanguage\":\"es\",\"@id\":\"https:\\\/\\\/macote.fr\\\/#\\\/schema\\\/logo\\\/image\\\/\",\"url\":\"https:\\\/\\\/macote.fr\\\/wp-content\\\/uploads\\\/2023\\\/11\\\/LOGO-macote.fr-dessin-bmw-noir-copy.jpg\",\"contentUrl\":\"https:\\\/\\\/macote.fr\\\/wp-content\\\/uploads\\\/2023\\\/11\\\/LOGO-macote.fr-dessin-bmw-noir-copy.jpg\",\"width\":732,\"height\":456,\"caption\":\"Macote.fr\"},\"image\":{\"@id\":\"https:\\\/\\\/macote.fr\\\/#\\\/schema\\\/logo\\\/image\\\/\"},\"sameAs\":[\"https:\\\/\\\/www.facebook.com\\\/profile.php?id=100091476586119\",\"https:\\\/\\\/www.youtube.com\\\/channel\\\/UCgO-YTbaxYO-w_C5GfL-_1w\",\"https:\\\/\\\/www.tiktok.com\\\/@macote.fr?is_from_webapp=1&sender_device=pc\",\"https:\\\/\\\/www.instagram.com\\\/i_xila_i\\\/\"]}]}<\/script>\n<!-- \/ Yoast SEO Premium plugin. -->","yoast_head_json":{"title":"Palanca de freno de mano de fibra de carbono para BMW - MaCote.fr","description":"Encuentra nuestra cubierta del freno de mano en fibra de carbono real para bmw E46, E90, E92, E6,0 E39, F30, F34, F10, F20","robots":{"index":"index","follow":"follow","max-snippet":"max-snippet:-1","max-image-preview":"max-image-preview:large","max-video-preview":"max-video-preview:-1"},"canonical":"https:\/\/macote.fr\/es\/producto\/freno-maneta-de-fibra-de-carbono-para-bmw\/","og_locale":"es_ES","og_type":"article","og_title":"Poign\u00e9e frein \u00e0 main en fibre de carbone Pour BMW","og_description":"Retrouvez notre couvercle pour frein \u00e0 main en Vrai fibre de Carbone pour bmw E46, E90, E92, E6,0 E39, F30, F34, F10, F20","og_url":"https:\/\/macote.fr\/es\/producto\/freno-maneta-de-fibra-de-carbono-para-bmw\/","og_site_name":"MaCote.fr","article_publisher":"https:\/\/www.facebook.com\/profile.php?id=100091476586119","article_modified_time":"2025-05-30T07:41:11+00:00","og_image":[{"width":998,"height":926,"url":"https:\/\/macote.fr\/wp-content\/uploads\/2023\/04\/frain-a-main-fibre-de-carbone-BMW.png","type":"image\/png"}],"twitter_card":"summary_large_image","twitter_misc":{"Tiempo de lectura":"2 minutos"},"schema":{"@context":"https:\/\/schema.org","@graph":[{"@type":"WebPage","@id":"https:\/\/macote.fr\/produit\/poignee-frein-a-main-en-fibre-de-carbone-pour-bmw\/","url":"https:\/\/macote.fr\/produit\/poignee-frein-a-main-en-fibre-de-carbone-pour-bmw\/","name":"Palanca de freno de mano de fibra de carbono para BMW - MaCote.fr","isPartOf":{"@id":"https:\/\/macote.fr\/#website"},"primaryImageOfPage":{"@id":"https:\/\/macote.fr\/produit\/poignee-frein-a-main-en-fibre-de-carbone-pour-bmw\/#primaryimage"},"image":{"@id":"https:\/\/macote.fr\/produit\/poignee-frein-a-main-en-fibre-de-carbone-pour-bmw\/#primaryimage"},"thumbnailUrl":"https:\/\/macote.fr\/wp-content\/uploads\/2023\/04\/frain-a-main-fibre-de-carbone-BMW.png","datePublished":"2023-04-30T13:24:38+00:00","dateModified":"2025-05-30T07:41:11+00:00","description":"Encuentra nuestra cubierta del freno de mano en fibra de carbono real para bmw E46, E90, E92, E6,0 E39, F30, F34, F10, F20","breadcrumb":{"@id":"https:\/\/macote.fr\/produit\/poignee-frein-a-main-en-fibre-de-carbone-pour-bmw\/#breadcrumb"},"inLanguage":"es","potentialAction":[{"@type":"ReadAction","target":["https:\/\/macote.fr\/produit\/poignee-frein-a-main-en-fibre-de-carbone-pour-bmw\/"]}]},{"@type":"ImageObject","inLanguage":"es","@id":"https:\/\/macote.fr\/produit\/poignee-frein-a-main-en-fibre-de-carbone-pour-bmw\/#primaryimage","url":"https:\/\/macote.fr\/wp-content\/uploads\/2023\/04\/frain-a-main-fibre-de-carbone-BMW.png","contentUrl":"https:\/\/macote.fr\/wp-content\/uploads\/2023\/04\/frain-a-main-fibre-de-carbone-BMW.png","width":998,"height":926,"caption":"frein \u00e0 main fibre de carbone BMW"},{"@type":"BreadcrumbList","@id":"https:\/\/macote.fr\/produit\/poignee-frein-a-main-en-fibre-de-carbone-pour-bmw\/#breadcrumb","itemListElement":[{"@type":"ListItem","position":1,"name":"Accueil","item":"https:\/\/macote.fr\/"},{"@type":"ListItem","position":2,"name":"Boutique","item":"https:\/\/macote.fr\/boutique\/"},{"@type":"ListItem","position":3,"name":"Poign\u00e9e frein \u00e0 main en fibre de carbone Pour BMW"}]},{"@type":"WebSite","@id":"https:\/\/macote.fr\/#website","url":"https:\/\/macote.fr\/","name":"MyQuote.com","description":"Los mejores accesorios BMW","publisher":{"@id":"https:\/\/macote.fr\/#organization"},"alternateName":"BMW tuning","potentialAction":[{"@type":"SearchAction","target":{"@type":"EntryPoint","urlTemplate":"https:\/\/macote.fr\/?s={search_term_string}"},"query-input":{"@type":"PropertyValueSpecification","valueRequired":true,"valueName":"search_term_string"}}],"inLanguage":"es"},{"@type":"Organization","@id":"https:\/\/macote.fr\/#organization","name":"Macote.es","alternateName":"BMW tuning","url":"https:\/\/macote.fr\/","logo":{"@type":"ImageObject","inLanguage":"es","@id":"https:\/\/macote.fr\/#\/schema\/logo\/image\/","url":"https:\/\/macote.fr\/wp-content\/uploads\/2023\/11\/LOGO-macote.fr-dessin-bmw-noir-copy.jpg","contentUrl":"https:\/\/macote.fr\/wp-content\/uploads\/2023\/11\/LOGO-macote.fr-dessin-bmw-noir-copy.jpg","width":732,"height":456,"caption":"Macote.fr"},"image":{"@id":"https:\/\/macote.fr\/#\/schema\/logo\/image\/"},"sameAs":["https:\/\/www.facebook.com\/profile.php?id=100091476586119","https:\/\/www.youtube.com\/channel\/UCgO-YTbaxYO-w_C5GfL-_1w","https:\/\/www.tiktok.com\/@macote.fr?is_from_webapp=1&sender_device=pc","https:\/\/www.instagram.com\/i_xila_i\/"]}]}},"_links":{"self":[{"href":"https:\/\/macote.fr\/es\/wp-json\/wp\/v2\/product\/1654","targetHints":{"allow":["GET"]}}],"collection":[{"href":"https:\/\/macote.fr\/es\/wp-json\/wp\/v2\/product"}],"about":[{"href":"https:\/\/macote.fr\/es\/wp-json\/wp\/v2\/types\/product"}],"replies":[{"embeddable":true,"href":"https:\/\/macote.fr\/es\/wp-json\/wp\/v2\/comments?post=1654"}],"wp:featuredmedia":[{"embeddable":true,"href":"https:\/\/macote.fr\/es\/wp-json\/wp\/v2\/media\/1655"}],"wp:attachment":[{"href":"https:\/\/macote.fr\/es\/wp-json\/wp\/v2\/media?parent=1654"}],"wp:term":[{"taxonomy":"product_brand","embeddable":true,"href":"https:\/\/macote.fr\/es\/wp-json\/wp\/v2\/product_brand?post=1654"},{"taxonomy":"product_cat","embeddable":true,"href":"https:\/\/macote.fr\/es\/wp-json\/wp\/v2\/product_cat?post=1654"},{"taxonomy":"product_tag","embeddable":true,"href":"https:\/\/macote.fr\/es\/wp-json\/wp\/v2\/product_tag?post=1654"}],"curies":[{"name":"wp","href":"https:\/\/api.w.org\/{rel}","templated":true}]}}