{"id":1674,"date":"2023-05-02T22:34:30","date_gmt":"2023-05-02T20:34:30","guid":{"rendered":"https:\/\/macote.fr\/?post_type=product&#038;p=1674"},"modified":"2023-05-13T23:30:15","modified_gmt":"2023-05-13T21:30:15","slug":"cargador-inalambrico-iphone-coche","status":"publish","type":"product","link":"https:\/\/macote.fr\/es\/producto\/cargador-inalambrico-iphone-coche\/","title":{"rendered":"Cargador de coche inal\u00e1mbrico para iPhone"},"content":{"rendered":"<p>El cargador inal\u00e1mbrico de coche para iPhone es un accesorio pr\u00e1ctico e innovador que le permite cargar su tel\u00e9fono por inducci\u00f3n mientras conduce. El cargador tiene una superficie antideslizante que evita que el tel\u00e9fono resbale mientras conduces, garantizando un uso seguro.<\/p>\n<p>El cargador tiene una capacidad de carga de 15 W, para que pueda recargar su tel\u00e9fono m\u00f3vil r\u00e1pidamente, incluso cuando est\u00e1 en movimiento. Adem\u00e1s, es compatible con todos los tel\u00e9fonos m\u00f3viles, incluidos los iPhone desde el iPhone 8.<\/p>\n<p>El cargador inal\u00e1mbrico de coche para iPhone es muy f\u00e1cil de usar. Basta con colocar el tel\u00e9fono m\u00f3vil en la superficie de carga y empezar\u00e1 a cargarse autom\u00e1ticamente. Ya no necesitar\u00e1 voluminosos cables para cargar su tel\u00e9fono. Con el cargador por inducci\u00f3n, puede cargar f\u00e1cilmente su tel\u00e9fono m\u00f3vil mientras mantiene la concentraci\u00f3n en la carretera.<\/p>\n<p>Adem\u00e1s, el cargador inal\u00e1mbrico para iPhone est\u00e1 equipado con tecnolog\u00eda de carga inteligente que detecta el nivel de carga de la bater\u00eda de tu m\u00f3vil. Cuando la bater\u00eda est\u00e1 llena, el cargador se apaga autom\u00e1ticamente, evitando la sobrecarga y preservando la vida \u00fatil de la bater\u00eda de su tel\u00e9fono m\u00f3vil.<\/p>\n<p>El cargador inal\u00e1mbrico para coche tiene un dise\u00f1o elegante y compacto. Adem\u00e1s, es f\u00e1cil de quitar cuando no lo necesitas.<\/p>\n<p>En conclusi\u00f3n, el cargador inal\u00e1mbrico para coche es un accesorio esencial para cualquier persona que pase mucho tiempo en la carretera y necesite recargar su tel\u00e9fono m\u00f3vil con regularidad. Ofrece una soluci\u00f3n pr\u00e1ctica, segura y eficaz para recargar el m\u00f3vil de forma inal\u00e1mbrica, est\u00e9s donde est\u00e9s.<\/p>","protected":false},"excerpt":{"rendered":"<p>Carga tu tel\u00e9fono de forma inal\u00e1mbrica mientras conduces con nuestro cargador de coche con superficie antideslizante. Con una capacidad de 15 W y compatible con todos los tel\u00e9fonos, incluidos los iPhone a partir del modelo 8, este accesorio f\u00e1cil de instalar y utilizar es imprescindible para los conductores habituales.<\/p>","protected":false},"featured_media":1675,"comment_status":"open","ping_status":"closed","template":"","meta":{"_eb_attr":""},"product_brand":[],"product_cat":[56,66],"product_tag":[],"class_list":{"0":"post-1674","1":"product","2":"type-product","3":"status-publish","4":"has-post-thumbnail","6":"product_cat-accessoires-divers","7":"product_cat-modifications-interieurs","9":"first","10":"instock","11":"taxable","12":"shipping-taxable","13":"purchasable","14":"product-type-simple"},"yoast_head":"<!-- This site is optimized with the Yoast SEO Premium plugin v20.7 (Yoast SEO v27.5) - https:\/\/yoast.com\/product\/yoast-seo-premium-wordpress\/ -->\n<title>Chargeur sans fils iPhone pour voiture - MaCote.fr<\/title>\n<meta name=\"description\" content=\"Rechargez votre t\u00e9l\u00e9phone sans fil pendant que vous conduisez gr\u00e2ce \u00e0 notre Chargeur sans fils iPhone pour voiture avec surface antid\u00e9rapante.\" \/>\n<meta name=\"robots\" content=\"index, follow, max-snippet:-1, max-image-preview:large, max-video-preview:-1\" \/>\n<link rel=\"canonical\" href=\"https:\/\/macote.fr\/es\/producto\/cargador-inalambrico-iphone-coche\/\" \/>\n<meta property=\"og:locale\" content=\"es_ES\" \/>\n<meta property=\"og:type\" content=\"article\" \/>\n<meta property=\"og:title\" content=\"Chargeur sans fils iPhone pour voiture\" \/>\n<meta property=\"og:description\" content=\"Rechargez votre t\u00e9l\u00e9phone sans fil pendant que vous conduisez gr\u00e2ce \u00e0 notre Chargeur sans fils iPhone pour voiture avec surface antid\u00e9rapante.\" \/>\n<meta property=\"og:url\" content=\"https:\/\/macote.fr\/es\/producto\/cargador-inalambrico-iphone-coche\/\" \/>\n<meta property=\"og:site_name\" content=\"MaCote.fr\" \/>\n<meta property=\"article:publisher\" content=\"https:\/\/www.facebook.com\/profile.php?id=100091476586119\" \/>\n<meta property=\"article:modified_time\" content=\"2023-05-13T21:30:15+00:00\" \/>\n<meta property=\"og:image\" content=\"https:\/\/macote.fr\/wp-content\/uploads\/2023\/05\/chargeur-sans-fil-iphone.jpeg\" \/>\n\t<meta property=\"og:image:width\" content=\"850\" \/>\n\t<meta property=\"og:image:height\" content=\"695\" \/>\n\t<meta property=\"og:image:type\" content=\"image\/jpeg\" \/>\n<meta name=\"twitter:card\" content=\"summary_large_image\" \/>\n<meta name=\"twitter:label1\" content=\"Tiempo de lectura\" \/>\n\t<meta name=\"twitter:data1\" content=\"2 minutos\" \/>\n<script type=\"application\/ld+json\" class=\"yoast-schema-graph\">{\"@context\":\"https:\\\/\\\/schema.org\",\"@graph\":[{\"@type\":\"WebPage\",\"@id\":\"https:\\\/\\\/macote.fr\\\/produit\\\/chargeur-sans-fils-iphone-voiture\\\/\",\"url\":\"https:\\\/\\\/macote.fr\\\/produit\\\/chargeur-sans-fils-iphone-voiture\\\/\",\"name\":\"Chargeur sans fils iPhone pour voiture - MaCote.fr\",\"isPartOf\":{\"@id\":\"https:\\\/\\\/macote.fr\\\/#website\"},\"primaryImageOfPage\":{\"@id\":\"https:\\\/\\\/macote.fr\\\/produit\\\/chargeur-sans-fils-iphone-voiture\\\/#primaryimage\"},\"image\":{\"@id\":\"https:\\\/\\\/macote.fr\\\/produit\\\/chargeur-sans-fils-iphone-voiture\\\/#primaryimage\"},\"thumbnailUrl\":\"https:\\\/\\\/macote.fr\\\/wp-content\\\/uploads\\\/2023\\\/05\\\/chargeur-sans-fil-iphone.jpeg\",\"datePublished\":\"2023-05-02T20:34:30+00:00\",\"dateModified\":\"2023-05-13T21:30:15+00:00\",\"description\":\"Rechargez votre t\u00e9l\u00e9phone sans fil pendant que vous conduisez gr\u00e2ce \u00e0 notre Chargeur sans fils iPhone pour voiture avec surface antid\u00e9rapante.\",\"breadcrumb\":{\"@id\":\"https:\\\/\\\/macote.fr\\\/produit\\\/chargeur-sans-fils-iphone-voiture\\\/#breadcrumb\"},\"inLanguage\":\"es\",\"potentialAction\":[{\"@type\":\"ReadAction\",\"target\":[\"https:\\\/\\\/macote.fr\\\/produit\\\/chargeur-sans-fils-iphone-voiture\\\/\"]}]},{\"@type\":\"ImageObject\",\"inLanguage\":\"es\",\"@id\":\"https:\\\/\\\/macote.fr\\\/produit\\\/chargeur-sans-fils-iphone-voiture\\\/#primaryimage\",\"url\":\"https:\\\/\\\/macote.fr\\\/wp-content\\\/uploads\\\/2023\\\/05\\\/chargeur-sans-fil-iphone.jpeg\",\"contentUrl\":\"https:\\\/\\\/macote.fr\\\/wp-content\\\/uploads\\\/2023\\\/05\\\/chargeur-sans-fil-iphone.jpeg\",\"width\":850,\"height\":695,\"caption\":\"chargeur sans fil iphone\"},{\"@type\":\"BreadcrumbList\",\"@id\":\"https:\\\/\\\/macote.fr\\\/produit\\\/chargeur-sans-fils-iphone-voiture\\\/#breadcrumb\",\"itemListElement\":[{\"@type\":\"ListItem\",\"position\":1,\"name\":\"Accueil\",\"item\":\"https:\\\/\\\/macote.fr\\\/\"},{\"@type\":\"ListItem\",\"position\":2,\"name\":\"Boutique\",\"item\":\"https:\\\/\\\/macote.fr\\\/boutique\\\/\"},{\"@type\":\"ListItem\",\"position\":3,\"name\":\"Chargeur sans fils iPhone pour voiture\"}]},{\"@type\":\"WebSite\",\"@id\":\"https:\\\/\\\/macote.fr\\\/#website\",\"url\":\"https:\\\/\\\/macote.fr\\\/\",\"name\":\"MaCote.fr\",\"description\":\"BMW best accessories\",\"publisher\":{\"@id\":\"https:\\\/\\\/macote.fr\\\/#organization\"},\"alternateName\":\"BMW tuning\",\"potentialAction\":[{\"@type\":\"SearchAction\",\"target\":{\"@type\":\"EntryPoint\",\"urlTemplate\":\"https:\\\/\\\/macote.fr\\\/?s={search_term_string}\"},\"query-input\":{\"@type\":\"PropertyValueSpecification\",\"valueRequired\":true,\"valueName\":\"search_term_string\"}}],\"inLanguage\":\"es\"},{\"@type\":\"Organization\",\"@id\":\"https:\\\/\\\/macote.fr\\\/#organization\",\"name\":\"Macote.fr\",\"alternateName\":\"BMW tuning\",\"url\":\"https:\\\/\\\/macote.fr\\\/\",\"logo\":{\"@type\":\"ImageObject\",\"inLanguage\":\"es\",\"@id\":\"https:\\\/\\\/macote.fr\\\/#\\\/schema\\\/logo\\\/image\\\/\",\"url\":\"https:\\\/\\\/macote.fr\\\/wp-content\\\/uploads\\\/2023\\\/11\\\/LOGO-macote.fr-dessin-bmw-noir-copy.jpg\",\"contentUrl\":\"https:\\\/\\\/macote.fr\\\/wp-content\\\/uploads\\\/2023\\\/11\\\/LOGO-macote.fr-dessin-bmw-noir-copy.jpg\",\"width\":732,\"height\":456,\"caption\":\"Macote.fr\"},\"image\":{\"@id\":\"https:\\\/\\\/macote.fr\\\/#\\\/schema\\\/logo\\\/image\\\/\"},\"sameAs\":[\"https:\\\/\\\/www.facebook.com\\\/profile.php?id=100091476586119\",\"https:\\\/\\\/www.youtube.com\\\/channel\\\/UCgO-YTbaxYO-w_C5GfL-_1w\",\"https:\\\/\\\/www.tiktok.com\\\/@macote.fr?is_from_webapp=1&sender_device=pc\",\"https:\\\/\\\/www.instagram.com\\\/i_xila_i\\\/\"]}]}<\/script>\n<!-- \/ Yoast SEO Premium plugin. -->","yoast_head_json":{"title":"Cargador inal\u00e1mbrico para iPhone - MaCote.fr","description":"Carga tu tel\u00e9fono de forma inal\u00e1mbrica mientras conduces con nuestro cargador inal\u00e1mbrico de coche para iPhone con superficie antideslizante.","robots":{"index":"index","follow":"follow","max-snippet":"max-snippet:-1","max-image-preview":"max-image-preview:large","max-video-preview":"max-video-preview:-1"},"canonical":"https:\/\/macote.fr\/es\/producto\/cargador-inalambrico-iphone-coche\/","og_locale":"es_ES","og_type":"article","og_title":"Chargeur sans fils iPhone pour voiture","og_description":"Rechargez votre t\u00e9l\u00e9phone sans fil pendant que vous conduisez gr\u00e2ce \u00e0 notre Chargeur sans fils iPhone pour voiture avec surface antid\u00e9rapante.","og_url":"https:\/\/macote.fr\/es\/producto\/cargador-inalambrico-iphone-coche\/","og_site_name":"MaCote.fr","article_publisher":"https:\/\/www.facebook.com\/profile.php?id=100091476586119","article_modified_time":"2023-05-13T21:30:15+00:00","og_image":[{"width":850,"height":695,"url":"https:\/\/macote.fr\/wp-content\/uploads\/2023\/05\/chargeur-sans-fil-iphone.jpeg","type":"image\/jpeg"}],"twitter_card":"summary_large_image","twitter_misc":{"Tiempo de lectura":"2 minutos"},"schema":{"@context":"https:\/\/schema.org","@graph":[{"@type":"WebPage","@id":"https:\/\/macote.fr\/produit\/chargeur-sans-fils-iphone-voiture\/","url":"https:\/\/macote.fr\/produit\/chargeur-sans-fils-iphone-voiture\/","name":"Cargador inal\u00e1mbrico para iPhone - MaCote.fr","isPartOf":{"@id":"https:\/\/macote.fr\/#website"},"primaryImageOfPage":{"@id":"https:\/\/macote.fr\/produit\/chargeur-sans-fils-iphone-voiture\/#primaryimage"},"image":{"@id":"https:\/\/macote.fr\/produit\/chargeur-sans-fils-iphone-voiture\/#primaryimage"},"thumbnailUrl":"https:\/\/macote.fr\/wp-content\/uploads\/2023\/05\/chargeur-sans-fil-iphone.jpeg","datePublished":"2023-05-02T20:34:30+00:00","dateModified":"2023-05-13T21:30:15+00:00","description":"Carga tu tel\u00e9fono de forma inal\u00e1mbrica mientras conduces con nuestro cargador inal\u00e1mbrico de coche para iPhone con superficie antideslizante.","breadcrumb":{"@id":"https:\/\/macote.fr\/produit\/chargeur-sans-fils-iphone-voiture\/#breadcrumb"},"inLanguage":"es","potentialAction":[{"@type":"ReadAction","target":["https:\/\/macote.fr\/produit\/chargeur-sans-fils-iphone-voiture\/"]}]},{"@type":"ImageObject","inLanguage":"es","@id":"https:\/\/macote.fr\/produit\/chargeur-sans-fils-iphone-voiture\/#primaryimage","url":"https:\/\/macote.fr\/wp-content\/uploads\/2023\/05\/chargeur-sans-fil-iphone.jpeg","contentUrl":"https:\/\/macote.fr\/wp-content\/uploads\/2023\/05\/chargeur-sans-fil-iphone.jpeg","width":850,"height":695,"caption":"chargeur sans fil iphone"},{"@type":"BreadcrumbList","@id":"https:\/\/macote.fr\/produit\/chargeur-sans-fils-iphone-voiture\/#breadcrumb","itemListElement":[{"@type":"ListItem","position":1,"name":"Accueil","item":"https:\/\/macote.fr\/"},{"@type":"ListItem","position":2,"name":"Boutique","item":"https:\/\/macote.fr\/boutique\/"},{"@type":"ListItem","position":3,"name":"Chargeur sans fils iPhone pour voiture"}]},{"@type":"WebSite","@id":"https:\/\/macote.fr\/#website","url":"https:\/\/macote.fr\/","name":"MyQuote.com","description":"Los mejores accesorios BMW","publisher":{"@id":"https:\/\/macote.fr\/#organization"},"alternateName":"BMW tuning","potentialAction":[{"@type":"SearchAction","target":{"@type":"EntryPoint","urlTemplate":"https:\/\/macote.fr\/?s={search_term_string}"},"query-input":{"@type":"PropertyValueSpecification","valueRequired":true,"valueName":"search_term_string"}}],"inLanguage":"es"},{"@type":"Organization","@id":"https:\/\/macote.fr\/#organization","name":"Macote.es","alternateName":"BMW tuning","url":"https:\/\/macote.fr\/","logo":{"@type":"ImageObject","inLanguage":"es","@id":"https:\/\/macote.fr\/#\/schema\/logo\/image\/","url":"https:\/\/macote.fr\/wp-content\/uploads\/2023\/11\/LOGO-macote.fr-dessin-bmw-noir-copy.jpg","contentUrl":"https:\/\/macote.fr\/wp-content\/uploads\/2023\/11\/LOGO-macote.fr-dessin-bmw-noir-copy.jpg","width":732,"height":456,"caption":"Macote.fr"},"image":{"@id":"https:\/\/macote.fr\/#\/schema\/logo\/image\/"},"sameAs":["https:\/\/www.facebook.com\/profile.php?id=100091476586119","https:\/\/www.youtube.com\/channel\/UCgO-YTbaxYO-w_C5GfL-_1w","https:\/\/www.tiktok.com\/@macote.fr?is_from_webapp=1&sender_device=pc","https:\/\/www.instagram.com\/i_xila_i\/"]}]}},"_links":{"self":[{"href":"https:\/\/macote.fr\/es\/wp-json\/wp\/v2\/product\/1674","targetHints":{"allow":["GET"]}}],"collection":[{"href":"https:\/\/macote.fr\/es\/wp-json\/wp\/v2\/product"}],"about":[{"href":"https:\/\/macote.fr\/es\/wp-json\/wp\/v2\/types\/product"}],"replies":[{"embeddable":true,"href":"https:\/\/macote.fr\/es\/wp-json\/wp\/v2\/comments?post=1674"}],"wp:featuredmedia":[{"embeddable":true,"href":"https:\/\/macote.fr\/es\/wp-json\/wp\/v2\/media\/1675"}],"wp:attachment":[{"href":"https:\/\/macote.fr\/es\/wp-json\/wp\/v2\/media?parent=1674"}],"wp:term":[{"taxonomy":"product_brand","embeddable":true,"href":"https:\/\/macote.fr\/es\/wp-json\/wp\/v2\/product_brand?post=1674"},{"taxonomy":"product_cat","embeddable":true,"href":"https:\/\/macote.fr\/es\/wp-json\/wp\/v2\/product_cat?post=1674"},{"taxonomy":"product_tag","embeddable":true,"href":"https:\/\/macote.fr\/es\/wp-json\/wp\/v2\/product_tag?post=1674"}],"curies":[{"name":"wp","href":"https:\/\/api.w.org\/{rel}","templated":true}]}}