{"id":1679,"date":"2023-05-02T23:30:11","date_gmt":"2023-05-02T21:30:11","guid":{"rendered":"https:\/\/macote.fr\/?post_type=product&#038;p=1679"},"modified":"2023-05-13T23:28:16","modified_gmt":"2023-05-13T21:28:16","slug":"kit-sieges-calentamiento-coche","status":"publish","type":"product","link":"https:\/\/macote.fr\/es\/producto\/kit-sieges-calentamiento-coche\/","title":{"rendered":"Kit de calefacci\u00f3n para el asiento del coche"},"content":{"rendered":"<p>El kit de asientos calefactados para coche es un pr\u00e1ctico accesorio que te mantiene caliente y c\u00f3modo en los viajes largos en coche, incluso cuando hace fr\u00edo. El kit incluye 4 almohadillas calefactadas para dos asientos calefactados que se pueden instalar en los asientos delanteros del coche.<\/p>\n<p>Los asientos tambi\u00e9n est\u00e1n equipados con un avanzado sistema de calefacci\u00f3n que le permite ajustar la temperatura a sus preferencias. Puedes elegir entre tres niveles de calor diferentes para cada asiento.<\/p>\n<p>El kit es f\u00e1cil de instalar y utilizar. Viene con instrucciones detalladas que le guiar\u00e1n en cada etapa del proceso de instalaci\u00f3n. No necesitas conocimientos t\u00e9cnicos para instalar el kit.<\/p>\n<p>El kit de calefacci\u00f3n para asientos de coche es un pr\u00e1ctico accesorio que puede utilizarse durante todo el a\u00f1o. Es especialmente \u00fatil durante los meses de invierno, cuando las temperaturas son bajas y los asientos del coche pueden resultar fr\u00edos e inc\u00f3modos. Con el kit de asiento calefactado, podr\u00e1s mantenerte caliente y c\u00f3modo durante todo el viaje.<\/p>\n<p>Y lo que es m\u00e1s, este kit es tambi\u00e9n una opci\u00f3n rentable. Es mucho m\u00e1s barato que sustituir los asientos de tu coche por unos asientos calefactados originales. Adem\u00e1s, puedes instalarlo t\u00fa mismo, por lo que no tendr\u00e1s que pagar ning\u00fan coste de instalaci\u00f3n adicional.<\/p>\n<p>Tambi\u00e9n conserva el aspecto original del coche. A diferencia de las antiest\u00e9ticas fundas calefactadas para asientos, nuestro kit puede instalarse debajo de los asientos existentes, manteniendo el aspecto original del coche.<\/p>\n<p>En conclusi\u00f3n, este kit es un accesorio pr\u00e1ctico y econ\u00f3mico que mejora considerablemente el confort de tu coche. Es f\u00e1cil de instalar y utilizar, y te mantiene caliente y c\u00f3modo en los viajes largos en coche. Si buscas mejorar el confort de tu coche, el kit de asiento calefactable es una excelente opci\u00f3n a tener en cuenta.<\/p>","protected":false},"excerpt":{"rendered":"<p>El kit de asientos calefactados para coche es un pr\u00e1ctico accesorio que te mantiene caliente y c\u00f3modo en los viajes largos en coche, incluso cuando hace fr\u00edo. El kit incluye 4 almohadillas calefactadas para dos asientos calefactados que se pueden instalar en los asientos delanteros del coche.<\/p>","protected":false},"featured_media":1680,"comment_status":"open","ping_status":"closed","template":"","meta":{"_eb_attr":""},"product_brand":[],"product_cat":[56,66],"product_tag":[],"class_list":{"0":"post-1679","1":"product","2":"type-product","3":"status-publish","4":"has-post-thumbnail","6":"product_cat-accessoires-divers","7":"product_cat-modifications-interieurs","9":"first","10":"instock","11":"taxable","12":"shipping-taxable","13":"purchasable","14":"product-type-simple"},"yoast_head":"<!-- This site is optimized with the Yoast SEO Premium plugin v20.7 (Yoast SEO v27.3) - https:\/\/yoast.com\/product\/yoast-seo-premium-wordpress\/ -->\n<title>Kit si\u00e8ges chauffants pour voiture - MaCote.fr<\/title>\n<meta name=\"description\" content=\"Restez au chaud et confortable pendant vos trajets en voiture avec notre kit de si\u00e8ges chauffants pour deux si\u00e8ges de haute qualit\u00e9.\" \/>\n<meta name=\"robots\" content=\"index, follow, max-snippet:-1, max-image-preview:large, max-video-preview:-1\" \/>\n<link rel=\"canonical\" href=\"https:\/\/macote.fr\/es\/producto\/kit-sieges-calentamiento-coche\/\" \/>\n<meta property=\"og:locale\" content=\"es_ES\" \/>\n<meta property=\"og:type\" content=\"article\" \/>\n<meta property=\"og:title\" content=\"Kit si\u00e8ges chauffants pour voiture\" \/>\n<meta property=\"og:description\" content=\"Restez au chaud et confortable pendant vos trajets en voiture avec notre kit de si\u00e8ges chauffants pour deux si\u00e8ges de haute qualit\u00e9.\" \/>\n<meta property=\"og:url\" content=\"https:\/\/macote.fr\/es\/producto\/kit-sieges-calentamiento-coche\/\" \/>\n<meta property=\"og:site_name\" content=\"MaCote.fr\" \/>\n<meta property=\"article:publisher\" content=\"https:\/\/www.facebook.com\/profile.php?id=100091476586119\" \/>\n<meta property=\"article:modified_time\" content=\"2023-05-13T21:28:16+00:00\" \/>\n<meta property=\"og:image\" content=\"https:\/\/macote.fr\/wp-content\/uploads\/2023\/05\/2-heated-seats-pads.jpeg\" \/>\n\t<meta property=\"og:image:width\" content=\"800\" \/>\n\t<meta property=\"og:image:height\" content=\"800\" \/>\n\t<meta property=\"og:image:type\" content=\"image\/jpeg\" \/>\n<meta name=\"twitter:card\" content=\"summary_large_image\" \/>\n<meta name=\"twitter:label1\" content=\"Tiempo de lectura\" \/>\n\t<meta name=\"twitter:data1\" content=\"2 minutos\" \/>\n<script type=\"application\/ld+json\" class=\"yoast-schema-graph\">{\"@context\":\"https:\\\/\\\/schema.org\",\"@graph\":[{\"@type\":\"WebPage\",\"@id\":\"https:\\\/\\\/macote.fr\\\/produit\\\/kit-sieges-chauffant-voiture\\\/\",\"url\":\"https:\\\/\\\/macote.fr\\\/produit\\\/kit-sieges-chauffant-voiture\\\/\",\"name\":\"Kit si\u00e8ges chauffants pour voiture - MaCote.fr\",\"isPartOf\":{\"@id\":\"https:\\\/\\\/macote.fr\\\/#website\"},\"primaryImageOfPage\":{\"@id\":\"https:\\\/\\\/macote.fr\\\/produit\\\/kit-sieges-chauffant-voiture\\\/#primaryimage\"},\"image\":{\"@id\":\"https:\\\/\\\/macote.fr\\\/produit\\\/kit-sieges-chauffant-voiture\\\/#primaryimage\"},\"thumbnailUrl\":\"https:\\\/\\\/macote.fr\\\/wp-content\\\/uploads\\\/2023\\\/05\\\/2-heated-seats-pads.jpeg\",\"datePublished\":\"2023-05-02T21:30:11+00:00\",\"dateModified\":\"2023-05-13T21:28:16+00:00\",\"description\":\"Restez au chaud et confortable pendant vos trajets en voiture avec notre kit de si\u00e8ges chauffants pour deux si\u00e8ges de haute qualit\u00e9.\",\"breadcrumb\":{\"@id\":\"https:\\\/\\\/macote.fr\\\/produit\\\/kit-sieges-chauffant-voiture\\\/#breadcrumb\"},\"inLanguage\":\"es\",\"potentialAction\":[{\"@type\":\"ReadAction\",\"target\":[\"https:\\\/\\\/macote.fr\\\/produit\\\/kit-sieges-chauffant-voiture\\\/\"]}]},{\"@type\":\"ImageObject\",\"inLanguage\":\"es\",\"@id\":\"https:\\\/\\\/macote.fr\\\/produit\\\/kit-sieges-chauffant-voiture\\\/#primaryimage\",\"url\":\"https:\\\/\\\/macote.fr\\\/wp-content\\\/uploads\\\/2023\\\/05\\\/2-heated-seats-pads.jpeg\",\"contentUrl\":\"https:\\\/\\\/macote.fr\\\/wp-content\\\/uploads\\\/2023\\\/05\\\/2-heated-seats-pads.jpeg\",\"width\":800,\"height\":800,\"caption\":\"kit si\u00e8ges chauffants 4pads\"},{\"@type\":\"BreadcrumbList\",\"@id\":\"https:\\\/\\\/macote.fr\\\/produit\\\/kit-sieges-chauffant-voiture\\\/#breadcrumb\",\"itemListElement\":[{\"@type\":\"ListItem\",\"position\":1,\"name\":\"Accueil\",\"item\":\"https:\\\/\\\/macote.fr\\\/\"},{\"@type\":\"ListItem\",\"position\":2,\"name\":\"Boutique\",\"item\":\"https:\\\/\\\/macote.fr\\\/boutique\\\/\"},{\"@type\":\"ListItem\",\"position\":3,\"name\":\"Kit si\u00e8ges chauffants pour voiture\"}]},{\"@type\":\"WebSite\",\"@id\":\"https:\\\/\\\/macote.fr\\\/#website\",\"url\":\"https:\\\/\\\/macote.fr\\\/\",\"name\":\"MaCote.fr\",\"description\":\"BMW best accessories\",\"publisher\":{\"@id\":\"https:\\\/\\\/macote.fr\\\/#organization\"},\"alternateName\":\"BMW tuning\",\"potentialAction\":[{\"@type\":\"SearchAction\",\"target\":{\"@type\":\"EntryPoint\",\"urlTemplate\":\"https:\\\/\\\/macote.fr\\\/?s={search_term_string}\"},\"query-input\":{\"@type\":\"PropertyValueSpecification\",\"valueRequired\":true,\"valueName\":\"search_term_string\"}}],\"inLanguage\":\"es\"},{\"@type\":\"Organization\",\"@id\":\"https:\\\/\\\/macote.fr\\\/#organization\",\"name\":\"Macote.fr\",\"alternateName\":\"BMW tuning\",\"url\":\"https:\\\/\\\/macote.fr\\\/\",\"logo\":{\"@type\":\"ImageObject\",\"inLanguage\":\"es\",\"@id\":\"https:\\\/\\\/macote.fr\\\/#\\\/schema\\\/logo\\\/image\\\/\",\"url\":\"https:\\\/\\\/macote.fr\\\/wp-content\\\/uploads\\\/2023\\\/11\\\/LOGO-macote.fr-dessin-bmw-noir-copy.jpg\",\"contentUrl\":\"https:\\\/\\\/macote.fr\\\/wp-content\\\/uploads\\\/2023\\\/11\\\/LOGO-macote.fr-dessin-bmw-noir-copy.jpg\",\"width\":732,\"height\":456,\"caption\":\"Macote.fr\"},\"image\":{\"@id\":\"https:\\\/\\\/macote.fr\\\/#\\\/schema\\\/logo\\\/image\\\/\"},\"sameAs\":[\"https:\\\/\\\/www.facebook.com\\\/profile.php?id=100091476586119\",\"https:\\\/\\\/www.youtube.com\\\/channel\\\/UCgO-YTbaxYO-w_C5GfL-_1w\",\"https:\\\/\\\/www.tiktok.com\\\/@macote.fr?is_from_webapp=1&sender_device=pc\",\"https:\\\/\\\/www.instagram.com\\\/i_xila_i\\\/\"]}]}<\/script>\n<!-- \/ Yoast SEO Premium plugin. -->","yoast_head_json":{"title":"Kit de calefacci\u00f3n para el asiento del coche - MaCote.fr","description":"Mant\u00e9ngase caliente y c\u00f3modo durante sus viajes en coche con nuestro kit de asientos calefactados de alta calidad para dos plazas.","robots":{"index":"index","follow":"follow","max-snippet":"max-snippet:-1","max-image-preview":"max-image-preview:large","max-video-preview":"max-video-preview:-1"},"canonical":"https:\/\/macote.fr\/es\/producto\/kit-sieges-calentamiento-coche\/","og_locale":"es_ES","og_type":"article","og_title":"Kit si\u00e8ges chauffants pour voiture","og_description":"Restez au chaud et confortable pendant vos trajets en voiture avec notre kit de si\u00e8ges chauffants pour deux si\u00e8ges de haute qualit\u00e9.","og_url":"https:\/\/macote.fr\/es\/producto\/kit-sieges-calentamiento-coche\/","og_site_name":"MaCote.fr","article_publisher":"https:\/\/www.facebook.com\/profile.php?id=100091476586119","article_modified_time":"2023-05-13T21:28:16+00:00","og_image":[{"width":800,"height":800,"url":"https:\/\/macote.fr\/wp-content\/uploads\/2023\/05\/2-heated-seats-pads.jpeg","type":"image\/jpeg"}],"twitter_card":"summary_large_image","twitter_misc":{"Tiempo de lectura":"2 minutos"},"schema":{"@context":"https:\/\/schema.org","@graph":[{"@type":"WebPage","@id":"https:\/\/macote.fr\/produit\/kit-sieges-chauffant-voiture\/","url":"https:\/\/macote.fr\/produit\/kit-sieges-chauffant-voiture\/","name":"Kit de calefacci\u00f3n para el asiento del coche - MaCote.fr","isPartOf":{"@id":"https:\/\/macote.fr\/#website"},"primaryImageOfPage":{"@id":"https:\/\/macote.fr\/produit\/kit-sieges-chauffant-voiture\/#primaryimage"},"image":{"@id":"https:\/\/macote.fr\/produit\/kit-sieges-chauffant-voiture\/#primaryimage"},"thumbnailUrl":"https:\/\/macote.fr\/wp-content\/uploads\/2023\/05\/2-heated-seats-pads.jpeg","datePublished":"2023-05-02T21:30:11+00:00","dateModified":"2023-05-13T21:28:16+00:00","description":"Mant\u00e9ngase caliente y c\u00f3modo durante sus viajes en coche con nuestro kit de asientos calefactados de alta calidad para dos plazas.","breadcrumb":{"@id":"https:\/\/macote.fr\/produit\/kit-sieges-chauffant-voiture\/#breadcrumb"},"inLanguage":"es","potentialAction":[{"@type":"ReadAction","target":["https:\/\/macote.fr\/produit\/kit-sieges-chauffant-voiture\/"]}]},{"@type":"ImageObject","inLanguage":"es","@id":"https:\/\/macote.fr\/produit\/kit-sieges-chauffant-voiture\/#primaryimage","url":"https:\/\/macote.fr\/wp-content\/uploads\/2023\/05\/2-heated-seats-pads.jpeg","contentUrl":"https:\/\/macote.fr\/wp-content\/uploads\/2023\/05\/2-heated-seats-pads.jpeg","width":800,"height":800,"caption":"kit si\u00e8ges chauffants 4pads"},{"@type":"BreadcrumbList","@id":"https:\/\/macote.fr\/produit\/kit-sieges-chauffant-voiture\/#breadcrumb","itemListElement":[{"@type":"ListItem","position":1,"name":"Accueil","item":"https:\/\/macote.fr\/"},{"@type":"ListItem","position":2,"name":"Boutique","item":"https:\/\/macote.fr\/boutique\/"},{"@type":"ListItem","position":3,"name":"Kit si\u00e8ges chauffants pour voiture"}]},{"@type":"WebSite","@id":"https:\/\/macote.fr\/#website","url":"https:\/\/macote.fr\/","name":"MyQuote.com","description":"Los mejores accesorios BMW","publisher":{"@id":"https:\/\/macote.fr\/#organization"},"alternateName":"BMW tuning","potentialAction":[{"@type":"SearchAction","target":{"@type":"EntryPoint","urlTemplate":"https:\/\/macote.fr\/?s={search_term_string}"},"query-input":{"@type":"PropertyValueSpecification","valueRequired":true,"valueName":"search_term_string"}}],"inLanguage":"es"},{"@type":"Organization","@id":"https:\/\/macote.fr\/#organization","name":"Macote.es","alternateName":"BMW tuning","url":"https:\/\/macote.fr\/","logo":{"@type":"ImageObject","inLanguage":"es","@id":"https:\/\/macote.fr\/#\/schema\/logo\/image\/","url":"https:\/\/macote.fr\/wp-content\/uploads\/2023\/11\/LOGO-macote.fr-dessin-bmw-noir-copy.jpg","contentUrl":"https:\/\/macote.fr\/wp-content\/uploads\/2023\/11\/LOGO-macote.fr-dessin-bmw-noir-copy.jpg","width":732,"height":456,"caption":"Macote.fr"},"image":{"@id":"https:\/\/macote.fr\/#\/schema\/logo\/image\/"},"sameAs":["https:\/\/www.facebook.com\/profile.php?id=100091476586119","https:\/\/www.youtube.com\/channel\/UCgO-YTbaxYO-w_C5GfL-_1w","https:\/\/www.tiktok.com\/@macote.fr?is_from_webapp=1&sender_device=pc","https:\/\/www.instagram.com\/i_xila_i\/"]}]}},"_links":{"self":[{"href":"https:\/\/macote.fr\/es\/wp-json\/wp\/v2\/product\/1679","targetHints":{"allow":["GET"]}}],"collection":[{"href":"https:\/\/macote.fr\/es\/wp-json\/wp\/v2\/product"}],"about":[{"href":"https:\/\/macote.fr\/es\/wp-json\/wp\/v2\/types\/product"}],"replies":[{"embeddable":true,"href":"https:\/\/macote.fr\/es\/wp-json\/wp\/v2\/comments?post=1679"}],"wp:featuredmedia":[{"embeddable":true,"href":"https:\/\/macote.fr\/es\/wp-json\/wp\/v2\/media\/1680"}],"wp:attachment":[{"href":"https:\/\/macote.fr\/es\/wp-json\/wp\/v2\/media?parent=1679"}],"wp:term":[{"taxonomy":"product_brand","embeddable":true,"href":"https:\/\/macote.fr\/es\/wp-json\/wp\/v2\/product_brand?post=1679"},{"taxonomy":"product_cat","embeddable":true,"href":"https:\/\/macote.fr\/es\/wp-json\/wp\/v2\/product_cat?post=1679"},{"taxonomy":"product_tag","embeddable":true,"href":"https:\/\/macote.fr\/es\/wp-json\/wp\/v2\/product_tag?post=1679"}],"curies":[{"name":"wp","href":"https:\/\/api.w.org\/{rel}","templated":true}]}}