{"id":1683,"date":"2023-05-03T22:00:31","date_gmt":"2023-05-03T20:00:31","guid":{"rendered":"https:\/\/macote.fr\/?post_type=product&#038;p=1683"},"modified":"2024-02-22T23:57:51","modified_gmt":"2024-02-22T22:57:51","slug":"platos-y-bielas-aluminio-antiderapant-bmw-e46-e90","status":"publish","type":"product","link":"https:\/\/macote.fr\/es\/producto\/platos-y-bielas-aluminio-antiderapant-bmw-e46-e90\/","title":{"rendered":"Platos y bielas de aluminio antideslizantes BMW E46\/E90"},"content":{"rendered":"<p>El pedalier antideslizante de aluminio para BMW es un accesorio de alta calidad que a\u00f1ade un toque de estilo y funcionalidad a su veh\u00edculo BMW. El pedalier est\u00e1 fabricado con materiales de alta calidad para garantizar una larga vida \u00fatil y una mayor resistencia al desgaste.<\/p>\n<p>Los platos y bielas de aluminio antideslizantes son compatibles con <strong>BMW E30 E36 E39 E46 E87 E90 E91 E92 E93<\/strong><\/p>\n<p>Disponible para cajas de cambios autom\u00e1ticas y manuales.<\/p>\n<p>El cuerpo principal de las bielas est\u00e1 fabricado en aluminio macizo, lo que las hace ligeras pero extremadamente duraderas. La superficie de las bielas es texturizada y antideslizante para un agarre seguro y fiable. Esto permite mantener una posici\u00f3n c\u00f3moda y segura del pie en los pedales, incluso durante la conducci\u00f3n deportiva.<\/p>\n<p>Los pedales est\u00e1n dise\u00f1ados para adaptarse perfectamente a su coche BMW y se instalan f\u00e1cilmente para reemplazar los pedales originales. El kit incluye instrucciones de instalaci\u00f3n detalladas y todas las herramientas necesarias para una instalaci\u00f3n r\u00e1pida y f\u00e1cil.<\/p>\n<p>Los acabados son duraderos y resistentes a los ara\u00f1azos para ofrecer un aspecto duradero y de alta calidad.<\/p>\n<p>En resumen, la tabla de pedales de aluminio antideslizante para BMW es un accesorio de primera calidad que mejora la est\u00e9tica y la funcionalidad de su coche BMW. Ofrece un agarre fiable para una experiencia de conducci\u00f3n m\u00e1s segura y c\u00f3moda, a la vez que es f\u00e1cil de instalar. Con un acabado elegante y resistente, este pedalero es una gran opci\u00f3n para cualquier propietario de BMW que busque personalizar y mejorar su veh\u00edculo.<\/p>","protected":false},"excerpt":{"rendered":"<p>Mejore el aspecto y la funcionalidad de su veh\u00edculo BMW con la pedalera de aluminio antideslizante de primera calidad. F\u00e1cil de instalar y disponible en una gama de acabados resistentes al desgaste, este pedal ofrece un agarre fiable para una experiencia de conducci\u00f3n m\u00e1s segura y c\u00f3moda.<\/p>","protected":false},"featured_media":1684,"comment_status":"open","ping_status":"closed","template":"","meta":{"_eb_attr":""},"product_brand":[],"product_cat":[147,148,66],"product_tag":[],"class_list":{"0":"post-1683","1":"product","2":"type-product","3":"status-publish","4":"has-post-thumbnail","6":"product_cat-bmw-serie-3-e46","7":"product_cat-bmw-serie-3-e90-e91-e92-e93","8":"product_cat-modifications-interieurs","10":"first","11":"instock","12":"taxable","13":"shipping-taxable","14":"purchasable","15":"product-type-variable"},"yoast_head":"<!-- This site is optimized with the Yoast SEO Premium plugin v20.7 (Yoast SEO v27.4) - https:\/\/yoast.com\/product\/yoast-seo-premium-wordpress\/ -->\n<title>P\u00e9dalier aluminum antid\u00e9rapant BMW E46\/E90 - MaCote.fr<\/title>\n<meta name=\"description\" content=\"Am\u00e9liorez l&#039;esth\u00e9tique et la fonctionnalit\u00e9 de votre voiture BMW avec le P\u00e9dalier aluminum antid\u00e9rapant de qualit\u00e9 sup\u00e9rieure.\" \/>\n<meta name=\"robots\" content=\"index, follow, max-snippet:-1, max-image-preview:large, max-video-preview:-1\" \/>\n<link rel=\"canonical\" href=\"https:\/\/macote.fr\/es\/producto\/platos-y-bielas-aluminio-antiderapant-bmw-e46-e90\/\" \/>\n<meta property=\"og:locale\" content=\"es_ES\" \/>\n<meta property=\"og:type\" content=\"article\" \/>\n<meta property=\"og:title\" content=\"P\u00e9dalier aluminum antid\u00e9rapant BMW E46\/E90\" \/>\n<meta property=\"og:description\" content=\"Am\u00e9liorez l&#039;esth\u00e9tique et la fonctionnalit\u00e9 de votre voiture BMW avec le P\u00e9dalier aluminum antid\u00e9rapant de qualit\u00e9 sup\u00e9rieure.\" \/>\n<meta property=\"og:url\" content=\"https:\/\/macote.fr\/es\/producto\/platos-y-bielas-aluminio-antiderapant-bmw-e46-e90\/\" \/>\n<meta property=\"og:site_name\" content=\"MaCote.fr\" \/>\n<meta property=\"article:publisher\" content=\"https:\/\/www.facebook.com\/profile.php?id=100091476586119\" \/>\n<meta property=\"article:modified_time\" content=\"2024-02-22T22:57:51+00:00\" \/>\n<meta property=\"og:image\" content=\"https:\/\/macote.fr\/wp-content\/uploads\/2023\/05\/E46-pedales-metale-E46-manual.jpeg\" \/>\n\t<meta property=\"og:image:width\" content=\"1000\" \/>\n\t<meta property=\"og:image:height\" content=\"1000\" \/>\n\t<meta property=\"og:image:type\" content=\"image\/jpeg\" \/>\n<meta name=\"twitter:card\" content=\"summary_large_image\" \/>\n<meta name=\"twitter:label1\" content=\"Tiempo de lectura\" \/>\n\t<meta name=\"twitter:data1\" content=\"2 minutos\" \/>\n<script type=\"application\/ld+json\" class=\"yoast-schema-graph\">{\"@context\":\"https:\\\/\\\/schema.org\",\"@graph\":[{\"@type\":\"WebPage\",\"@id\":\"https:\\\/\\\/macote.fr\\\/produit\\\/pedalier-aluminum-antiderapant-bmw-e46-e90\\\/\",\"url\":\"https:\\\/\\\/macote.fr\\\/produit\\\/pedalier-aluminum-antiderapant-bmw-e46-e90\\\/\",\"name\":\"P\u00e9dalier aluminum antid\u00e9rapant BMW E46\\\/E90 - MaCote.fr\",\"isPartOf\":{\"@id\":\"https:\\\/\\\/macote.fr\\\/#website\"},\"primaryImageOfPage\":{\"@id\":\"https:\\\/\\\/macote.fr\\\/produit\\\/pedalier-aluminum-antiderapant-bmw-e46-e90\\\/#primaryimage\"},\"image\":{\"@id\":\"https:\\\/\\\/macote.fr\\\/produit\\\/pedalier-aluminum-antiderapant-bmw-e46-e90\\\/#primaryimage\"},\"thumbnailUrl\":\"https:\\\/\\\/macote.fr\\\/wp-content\\\/uploads\\\/2023\\\/05\\\/E46-pedales-metale-E46-manual.jpeg\",\"datePublished\":\"2023-05-03T20:00:31+00:00\",\"dateModified\":\"2024-02-22T22:57:51+00:00\",\"description\":\"Am\u00e9liorez l'esth\u00e9tique et la fonctionnalit\u00e9 de votre voiture BMW avec le P\u00e9dalier aluminum antid\u00e9rapant de qualit\u00e9 sup\u00e9rieure.\",\"breadcrumb\":{\"@id\":\"https:\\\/\\\/macote.fr\\\/produit\\\/pedalier-aluminum-antiderapant-bmw-e46-e90\\\/#breadcrumb\"},\"inLanguage\":\"es\",\"potentialAction\":[{\"@type\":\"ReadAction\",\"target\":[\"https:\\\/\\\/macote.fr\\\/produit\\\/pedalier-aluminum-antiderapant-bmw-e46-e90\\\/\"]}]},{\"@type\":\"ImageObject\",\"inLanguage\":\"es\",\"@id\":\"https:\\\/\\\/macote.fr\\\/produit\\\/pedalier-aluminum-antiderapant-bmw-e46-e90\\\/#primaryimage\",\"url\":\"https:\\\/\\\/macote.fr\\\/wp-content\\\/uploads\\\/2023\\\/05\\\/E46-pedales-metale-E46-manual.jpeg\",\"contentUrl\":\"https:\\\/\\\/macote.fr\\\/wp-content\\\/uploads\\\/2023\\\/05\\\/E46-pedales-metale-E46-manual.jpeg\",\"width\":1000,\"height\":1000,\"caption\":\"E46 p\u00e9dales aluminium E46 manual\"},{\"@type\":\"BreadcrumbList\",\"@id\":\"https:\\\/\\\/macote.fr\\\/produit\\\/pedalier-aluminum-antiderapant-bmw-e46-e90\\\/#breadcrumb\",\"itemListElement\":[{\"@type\":\"ListItem\",\"position\":1,\"name\":\"Accueil\",\"item\":\"https:\\\/\\\/macote.fr\\\/\"},{\"@type\":\"ListItem\",\"position\":2,\"name\":\"Boutique\",\"item\":\"https:\\\/\\\/macote.fr\\\/boutique\\\/\"},{\"@type\":\"ListItem\",\"position\":3,\"name\":\"P\u00e9dalier aluminum antid\u00e9rapant BMW E46\\\/E90\"}]},{\"@type\":\"WebSite\",\"@id\":\"https:\\\/\\\/macote.fr\\\/#website\",\"url\":\"https:\\\/\\\/macote.fr\\\/\",\"name\":\"MaCote.fr\",\"description\":\"BMW best accessories\",\"publisher\":{\"@id\":\"https:\\\/\\\/macote.fr\\\/#organization\"},\"alternateName\":\"BMW tuning\",\"potentialAction\":[{\"@type\":\"SearchAction\",\"target\":{\"@type\":\"EntryPoint\",\"urlTemplate\":\"https:\\\/\\\/macote.fr\\\/?s={search_term_string}\"},\"query-input\":{\"@type\":\"PropertyValueSpecification\",\"valueRequired\":true,\"valueName\":\"search_term_string\"}}],\"inLanguage\":\"es\"},{\"@type\":\"Organization\",\"@id\":\"https:\\\/\\\/macote.fr\\\/#organization\",\"name\":\"Macote.fr\",\"alternateName\":\"BMW tuning\",\"url\":\"https:\\\/\\\/macote.fr\\\/\",\"logo\":{\"@type\":\"ImageObject\",\"inLanguage\":\"es\",\"@id\":\"https:\\\/\\\/macote.fr\\\/#\\\/schema\\\/logo\\\/image\\\/\",\"url\":\"https:\\\/\\\/macote.fr\\\/wp-content\\\/uploads\\\/2023\\\/11\\\/LOGO-macote.fr-dessin-bmw-noir-copy.jpg\",\"contentUrl\":\"https:\\\/\\\/macote.fr\\\/wp-content\\\/uploads\\\/2023\\\/11\\\/LOGO-macote.fr-dessin-bmw-noir-copy.jpg\",\"width\":732,\"height\":456,\"caption\":\"Macote.fr\"},\"image\":{\"@id\":\"https:\\\/\\\/macote.fr\\\/#\\\/schema\\\/logo\\\/image\\\/\"},\"sameAs\":[\"https:\\\/\\\/www.facebook.com\\\/profile.php?id=100091476586119\",\"https:\\\/\\\/www.youtube.com\\\/channel\\\/UCgO-YTbaxYO-w_C5GfL-_1w\",\"https:\\\/\\\/www.tiktok.com\\\/@macote.fr?is_from_webapp=1&sender_device=pc\",\"https:\\\/\\\/www.instagram.com\\\/i_xila_i\\\/\"]}]}<\/script>\n<!-- \/ Yoast SEO Premium plugin. -->","yoast_head_json":{"title":"Platos y bielas antideslizantes de aluminio BMW E46\/E90 - MaCote.fr","description":"Mejore la est\u00e9tica y la funcionalidad de su veh\u00edculo BMW con las bielas de aluminio antideslizantes de alta calidad.","robots":{"index":"index","follow":"follow","max-snippet":"max-snippet:-1","max-image-preview":"max-image-preview:large","max-video-preview":"max-video-preview:-1"},"canonical":"https:\/\/macote.fr\/es\/producto\/platos-y-bielas-aluminio-antiderapant-bmw-e46-e90\/","og_locale":"es_ES","og_type":"article","og_title":"P\u00e9dalier aluminum antid\u00e9rapant BMW E46\/E90","og_description":"Am\u00e9liorez l'esth\u00e9tique et la fonctionnalit\u00e9 de votre voiture BMW avec le P\u00e9dalier aluminum antid\u00e9rapant de qualit\u00e9 sup\u00e9rieure.","og_url":"https:\/\/macote.fr\/es\/producto\/platos-y-bielas-aluminio-antiderapant-bmw-e46-e90\/","og_site_name":"MaCote.fr","article_publisher":"https:\/\/www.facebook.com\/profile.php?id=100091476586119","article_modified_time":"2024-02-22T22:57:51+00:00","og_image":[{"width":1000,"height":1000,"url":"https:\/\/macote.fr\/wp-content\/uploads\/2023\/05\/E46-pedales-metale-E46-manual.jpeg","type":"image\/jpeg"}],"twitter_card":"summary_large_image","twitter_misc":{"Tiempo de lectura":"2 minutos"},"schema":{"@context":"https:\/\/schema.org","@graph":[{"@type":"WebPage","@id":"https:\/\/macote.fr\/produit\/pedalier-aluminum-antiderapant-bmw-e46-e90\/","url":"https:\/\/macote.fr\/produit\/pedalier-aluminum-antiderapant-bmw-e46-e90\/","name":"Platos y bielas antideslizantes de aluminio BMW E46\/E90 - MaCote.fr","isPartOf":{"@id":"https:\/\/macote.fr\/#website"},"primaryImageOfPage":{"@id":"https:\/\/macote.fr\/produit\/pedalier-aluminum-antiderapant-bmw-e46-e90\/#primaryimage"},"image":{"@id":"https:\/\/macote.fr\/produit\/pedalier-aluminum-antiderapant-bmw-e46-e90\/#primaryimage"},"thumbnailUrl":"https:\/\/macote.fr\/wp-content\/uploads\/2023\/05\/E46-pedales-metale-E46-manual.jpeg","datePublished":"2023-05-03T20:00:31+00:00","dateModified":"2024-02-22T22:57:51+00:00","description":"Mejore la est\u00e9tica y la funcionalidad de su veh\u00edculo BMW con las bielas de aluminio antideslizantes de alta calidad.","breadcrumb":{"@id":"https:\/\/macote.fr\/produit\/pedalier-aluminum-antiderapant-bmw-e46-e90\/#breadcrumb"},"inLanguage":"es","potentialAction":[{"@type":"ReadAction","target":["https:\/\/macote.fr\/produit\/pedalier-aluminum-antiderapant-bmw-e46-e90\/"]}]},{"@type":"ImageObject","inLanguage":"es","@id":"https:\/\/macote.fr\/produit\/pedalier-aluminum-antiderapant-bmw-e46-e90\/#primaryimage","url":"https:\/\/macote.fr\/wp-content\/uploads\/2023\/05\/E46-pedales-metale-E46-manual.jpeg","contentUrl":"https:\/\/macote.fr\/wp-content\/uploads\/2023\/05\/E46-pedales-metale-E46-manual.jpeg","width":1000,"height":1000,"caption":"E46 p\u00e9dales aluminium E46 manual"},{"@type":"BreadcrumbList","@id":"https:\/\/macote.fr\/produit\/pedalier-aluminum-antiderapant-bmw-e46-e90\/#breadcrumb","itemListElement":[{"@type":"ListItem","position":1,"name":"Accueil","item":"https:\/\/macote.fr\/"},{"@type":"ListItem","position":2,"name":"Boutique","item":"https:\/\/macote.fr\/boutique\/"},{"@type":"ListItem","position":3,"name":"P\u00e9dalier aluminum antid\u00e9rapant BMW E46\/E90"}]},{"@type":"WebSite","@id":"https:\/\/macote.fr\/#website","url":"https:\/\/macote.fr\/","name":"MyQuote.com","description":"Los mejores accesorios BMW","publisher":{"@id":"https:\/\/macote.fr\/#organization"},"alternateName":"BMW tuning","potentialAction":[{"@type":"SearchAction","target":{"@type":"EntryPoint","urlTemplate":"https:\/\/macote.fr\/?s={search_term_string}"},"query-input":{"@type":"PropertyValueSpecification","valueRequired":true,"valueName":"search_term_string"}}],"inLanguage":"es"},{"@type":"Organization","@id":"https:\/\/macote.fr\/#organization","name":"Macote.es","alternateName":"BMW tuning","url":"https:\/\/macote.fr\/","logo":{"@type":"ImageObject","inLanguage":"es","@id":"https:\/\/macote.fr\/#\/schema\/logo\/image\/","url":"https:\/\/macote.fr\/wp-content\/uploads\/2023\/11\/LOGO-macote.fr-dessin-bmw-noir-copy.jpg","contentUrl":"https:\/\/macote.fr\/wp-content\/uploads\/2023\/11\/LOGO-macote.fr-dessin-bmw-noir-copy.jpg","width":732,"height":456,"caption":"Macote.fr"},"image":{"@id":"https:\/\/macote.fr\/#\/schema\/logo\/image\/"},"sameAs":["https:\/\/www.facebook.com\/profile.php?id=100091476586119","https:\/\/www.youtube.com\/channel\/UCgO-YTbaxYO-w_C5GfL-_1w","https:\/\/www.tiktok.com\/@macote.fr?is_from_webapp=1&sender_device=pc","https:\/\/www.instagram.com\/i_xila_i\/"]}]}},"_links":{"self":[{"href":"https:\/\/macote.fr\/es\/wp-json\/wp\/v2\/product\/1683","targetHints":{"allow":["GET"]}}],"collection":[{"href":"https:\/\/macote.fr\/es\/wp-json\/wp\/v2\/product"}],"about":[{"href":"https:\/\/macote.fr\/es\/wp-json\/wp\/v2\/types\/product"}],"replies":[{"embeddable":true,"href":"https:\/\/macote.fr\/es\/wp-json\/wp\/v2\/comments?post=1683"}],"wp:featuredmedia":[{"embeddable":true,"href":"https:\/\/macote.fr\/es\/wp-json\/wp\/v2\/media\/1684"}],"wp:attachment":[{"href":"https:\/\/macote.fr\/es\/wp-json\/wp\/v2\/media?parent=1683"}],"wp:term":[{"taxonomy":"product_brand","embeddable":true,"href":"https:\/\/macote.fr\/es\/wp-json\/wp\/v2\/product_brand?post=1683"},{"taxonomy":"product_cat","embeddable":true,"href":"https:\/\/macote.fr\/es\/wp-json\/wp\/v2\/product_cat?post=1683"},{"taxonomy":"product_tag","embeddable":true,"href":"https:\/\/macote.fr\/es\/wp-json\/wp\/v2\/product_tag?post=1683"}],"curies":[{"name":"wp","href":"https:\/\/api.w.org\/{rel}","templated":true}]}}