{"id":1825,"date":"2023-05-12T11:23:47","date_gmt":"2023-05-12T09:23:47","guid":{"rendered":"https:\/\/macote.fr\/?post_type=product&#038;p=1825"},"modified":"2023-10-16T23:43:19","modified_gmt":"2023-10-16T21:43:19","slug":"sistema-apple-carplay-universal","status":"publish","type":"product","link":"https:\/\/macote.fr\/es\/producto\/sistema-apple-carplay-universal\/","title":{"rendered":"Sistema universal Apple CarPlay"},"content":{"rendered":"<h3><strong>\u00bfCansado del dise\u00f1o anticuado de tu coche?<\/strong><\/h3>\n<p>Encuentra nuestro sistema Apple CarPlay para todos tus coches. Inst\u00e1lalo f\u00e1cilmente para transformar de inmediato el interior de tu coche.<\/p>\n<h2><strong>Disponible en dos tama\u00f1os para todos los gustos:<\/strong><\/h2>\n<p>Nuestro sistema est\u00e1 disponible en dos tama\u00f1os:<\/p>\n<p>La pantalla de 7 pulgadas est\u00e1 montada en un brazo articulado equipado con una ventosa para colocarla en cualquier lugar del habit\u00e1culo. Puede fijarse al parabrisas o al salpicadero en cuesti\u00f3n de segundos.<\/p>\n<p>Con 10,26 pulgadas, podr\u00e1 disfrutar de una pantalla de calidad y evitar la fatiga visual en los viajes largos.<\/p>\n<h3><strong>Instalaci\u00f3n accesible de Apple CarPlay:<\/strong><\/h3>\n<p>Instalar un sistema Apple CarPlay en tu coche es, por lo general, un proceso complicado que requiere la intervenci\u00f3n de un profesional y que puede resultar caro r\u00e1pidamente. <strong>pero<\/strong> Con nuestro producto, podr\u00e1 disfrutar de una instalaci\u00f3n sencilla y asequible en cualquier situaci\u00f3n.<\/p>\n<p>La instalaci\u00f3n es f\u00e1cil gracias a nuestro proceso PLUG-AND-PLAY, s\u00f3lo tiene que conectar la pantalla a su encendedor de cigarrillos y colocar la ventosa y su instalaci\u00f3n est\u00e1 terminada. Dos sencillos pasos.<\/p>\n<h3><strong>Apple CarPlay ofrece una amplia gama de funciones:<\/strong><\/h3>\n<p>Una pantalla t\u00e1ctil para facilitar la navegaci\u00f3n.<\/p>\n<p>Se incluye de forma gratuita una c\u00e1mara de marcha atr\u00e1s HD.<\/p>\n<p>Un micr\u00f3fono integrado para Siri y llamadas de alta calidad.<\/p>\n<h3><strong>Conectividad :<\/strong><\/h3>\n<p>Tienes dos opciones de conexi\u00f3n: conectar tu Apple CarPlay a trav\u00e9s de una transmisi\u00f3n de radio (FM) a tu coche o utilizar el cable jack de audio para una conexi\u00f3n r\u00e1pida y disfrutar de un sonido de alta calidad.<\/p>\n<p>Tu tel\u00e9fono se conecta mediante Bluetooth o Airplay.<\/p>","protected":false},"excerpt":{"rendered":"<ul>\n<li><strong>Conectividad sin fallos<\/strong> Mejora tu experiencia de conducci\u00f3n con la conectividad sin esfuerzo de Apple CarPlay.<\/li>\n<li><strong>Mayor seguridad<\/strong> Mant\u00e9n la concentraci\u00f3n en la carretera mientras realizas llamadas y recibes mensajes.<\/li>\n<li><strong>Tecnolog\u00eda preparada para el futuro<\/strong> : Benef\u00edciese de actualizaciones peri\u00f3dicas para una innovaci\u00f3n y compatibilidad continuas.<\/li>\n<\/ul>","protected":false},"featured_media":1828,"comment_status":"open","ping_status":"closed","template":"","meta":{"_eb_attr":""},"product_brand":[],"product_cat":[56,66],"product_tag":[],"class_list":{"0":"post-1825","1":"product","2":"type-product","3":"status-publish","4":"has-post-thumbnail","6":"product_cat-accessoires-divers","7":"product_cat-modifications-interieurs","9":"first","10":"instock","11":"taxable","12":"shipping-taxable","13":"purchasable","14":"product-type-variable"},"yoast_head":"<!-- This site is optimized with the Yoast SEO Premium plugin v20.7 (Yoast SEO v27.3) - https:\/\/yoast.com\/product\/yoast-seo-premium-wordpress\/ -->\n<title>Apple CarPlay syt\u00e8me Universel - MaCote.fr<\/title>\n<meta name=\"description\" content=\"Retrouvez notre syst\u00e8me Apple CarPlay universel, s&#039;adaptant \u00e0 toutes les voitures en 10,26 pouces ou 7 pouces avec cam\u00e9ra de recul int\u00e9gr\u00e9.\" \/>\n<meta name=\"robots\" content=\"index, follow, max-snippet:-1, max-image-preview:large, max-video-preview:-1\" \/>\n<link rel=\"canonical\" href=\"https:\/\/macote.fr\/es\/producto\/sistema-apple-carplay-universal\/\" \/>\n<meta property=\"og:locale\" content=\"es_ES\" \/>\n<meta property=\"og:type\" content=\"article\" \/>\n<meta property=\"og:title\" content=\"Apple CarPlay syt\u00e8me Universel\" \/>\n<meta property=\"og:description\" content=\"Retrouvez notre syst\u00e8me Apple CarPlay universel, s&#039;adaptant \u00e0 toutes les voitures en 10,26 pouces ou 7 pouces avec cam\u00e9ra de recul int\u00e9gr\u00e9.\" \/>\n<meta property=\"og:url\" content=\"https:\/\/macote.fr\/es\/producto\/sistema-apple-carplay-universal\/\" \/>\n<meta property=\"og:site_name\" content=\"MaCote.fr\" \/>\n<meta property=\"article:publisher\" content=\"https:\/\/www.facebook.com\/profile.php?id=100091476586119\" \/>\n<meta property=\"article:modified_time\" content=\"2023-10-16T21:43:19+00:00\" \/>\n<meta property=\"og:image\" content=\"https:\/\/macote.fr\/wp-content\/uploads\/2023\/05\/S0bf7559ecc1942ad902854f2f3eb6125r.jpg.webp\" \/>\n\t<meta property=\"og:image:width\" content=\"1000\" \/>\n\t<meta property=\"og:image:height\" content=\"1000\" \/>\n\t<meta property=\"og:image:type\" content=\"image\/webp\" \/>\n<meta name=\"twitter:card\" content=\"summary_large_image\" \/>\n<meta name=\"twitter:label1\" content=\"Tiempo de lectura\" \/>\n\t<meta name=\"twitter:data1\" content=\"2 minutos\" \/>\n<script type=\"application\/ld+json\" class=\"yoast-schema-graph\">{\"@context\":\"https:\\\/\\\/schema.org\",\"@graph\":[{\"@type\":\"WebPage\",\"@id\":\"https:\\\/\\\/macote.fr\\\/produit\\\/apple-carplay-syteme-universel\\\/\",\"url\":\"https:\\\/\\\/macote.fr\\\/produit\\\/apple-carplay-syteme-universel\\\/\",\"name\":\"Apple CarPlay syt\u00e8me Universel - MaCote.fr\",\"isPartOf\":{\"@id\":\"https:\\\/\\\/macote.fr\\\/#website\"},\"primaryImageOfPage\":{\"@id\":\"https:\\\/\\\/macote.fr\\\/produit\\\/apple-carplay-syteme-universel\\\/#primaryimage\"},\"image\":{\"@id\":\"https:\\\/\\\/macote.fr\\\/produit\\\/apple-carplay-syteme-universel\\\/#primaryimage\"},\"thumbnailUrl\":\"https:\\\/\\\/macote.fr\\\/wp-content\\\/uploads\\\/2023\\\/05\\\/S0bf7559ecc1942ad902854f2f3eb6125r.jpg.webp\",\"datePublished\":\"2023-05-12T09:23:47+00:00\",\"dateModified\":\"2023-10-16T21:43:19+00:00\",\"description\":\"Retrouvez notre syst\u00e8me Apple CarPlay universel, s'adaptant \u00e0 toutes les voitures en 10,26 pouces ou 7 pouces avec cam\u00e9ra de recul int\u00e9gr\u00e9.\",\"breadcrumb\":{\"@id\":\"https:\\\/\\\/macote.fr\\\/produit\\\/apple-carplay-syteme-universel\\\/#breadcrumb\"},\"inLanguage\":\"es\",\"potentialAction\":[{\"@type\":\"ReadAction\",\"target\":[\"https:\\\/\\\/macote.fr\\\/produit\\\/apple-carplay-syteme-universel\\\/\"]}]},{\"@type\":\"ImageObject\",\"inLanguage\":\"es\",\"@id\":\"https:\\\/\\\/macote.fr\\\/produit\\\/apple-carplay-syteme-universel\\\/#primaryimage\",\"url\":\"https:\\\/\\\/macote.fr\\\/wp-content\\\/uploads\\\/2023\\\/05\\\/S0bf7559ecc1942ad902854f2f3eb6125r.jpg.webp\",\"contentUrl\":\"https:\\\/\\\/macote.fr\\\/wp-content\\\/uploads\\\/2023\\\/05\\\/S0bf7559ecc1942ad902854f2f3eb6125r.jpg.webp\",\"width\":1000,\"height\":1000,\"caption\":\"apple CarPlay 10,26 pouces\"},{\"@type\":\"BreadcrumbList\",\"@id\":\"https:\\\/\\\/macote.fr\\\/produit\\\/apple-carplay-syteme-universel\\\/#breadcrumb\",\"itemListElement\":[{\"@type\":\"ListItem\",\"position\":1,\"name\":\"Accueil\",\"item\":\"https:\\\/\\\/macote.fr\\\/\"},{\"@type\":\"ListItem\",\"position\":2,\"name\":\"Boutique\",\"item\":\"https:\\\/\\\/macote.fr\\\/boutique\\\/\"},{\"@type\":\"ListItem\",\"position\":3,\"name\":\"Apple CarPlay syt\u00e8me Universel\"}]},{\"@type\":\"WebSite\",\"@id\":\"https:\\\/\\\/macote.fr\\\/#website\",\"url\":\"https:\\\/\\\/macote.fr\\\/\",\"name\":\"MaCote.fr\",\"description\":\"BMW best accessories\",\"publisher\":{\"@id\":\"https:\\\/\\\/macote.fr\\\/#organization\"},\"alternateName\":\"BMW tuning\",\"potentialAction\":[{\"@type\":\"SearchAction\",\"target\":{\"@type\":\"EntryPoint\",\"urlTemplate\":\"https:\\\/\\\/macote.fr\\\/?s={search_term_string}\"},\"query-input\":{\"@type\":\"PropertyValueSpecification\",\"valueRequired\":true,\"valueName\":\"search_term_string\"}}],\"inLanguage\":\"es\"},{\"@type\":\"Organization\",\"@id\":\"https:\\\/\\\/macote.fr\\\/#organization\",\"name\":\"Macote.fr\",\"alternateName\":\"BMW tuning\",\"url\":\"https:\\\/\\\/macote.fr\\\/\",\"logo\":{\"@type\":\"ImageObject\",\"inLanguage\":\"es\",\"@id\":\"https:\\\/\\\/macote.fr\\\/#\\\/schema\\\/logo\\\/image\\\/\",\"url\":\"https:\\\/\\\/macote.fr\\\/wp-content\\\/uploads\\\/2023\\\/11\\\/LOGO-macote.fr-dessin-bmw-noir-copy.jpg\",\"contentUrl\":\"https:\\\/\\\/macote.fr\\\/wp-content\\\/uploads\\\/2023\\\/11\\\/LOGO-macote.fr-dessin-bmw-noir-copy.jpg\",\"width\":732,\"height\":456,\"caption\":\"Macote.fr\"},\"image\":{\"@id\":\"https:\\\/\\\/macote.fr\\\/#\\\/schema\\\/logo\\\/image\\\/\"},\"sameAs\":[\"https:\\\/\\\/www.facebook.com\\\/profile.php?id=100091476586119\",\"https:\\\/\\\/www.youtube.com\\\/channel\\\/UCgO-YTbaxYO-w_C5GfL-_1w\",\"https:\\\/\\\/www.tiktok.com\\\/@macote.fr?is_from_webapp=1&sender_device=pc\",\"https:\\\/\\\/www.instagram.com\\\/i_xila_i\\\/\"]}]}<\/script>\n<!-- \/ Yoast SEO Premium plugin. -->","yoast_head_json":{"title":"Sistema universal Apple CarPlay - MaCote.fr","description":"Encontrar\u00e1s nuestro sistema universal Apple CarPlay, adaptable a todos los coches de 10,26\" o 7\", con c\u00e1mara de marcha atr\u00e1s integrada.","robots":{"index":"index","follow":"follow","max-snippet":"max-snippet:-1","max-image-preview":"max-image-preview:large","max-video-preview":"max-video-preview:-1"},"canonical":"https:\/\/macote.fr\/es\/producto\/sistema-apple-carplay-universal\/","og_locale":"es_ES","og_type":"article","og_title":"Apple CarPlay syt\u00e8me Universel","og_description":"Retrouvez notre syst\u00e8me Apple CarPlay universel, s'adaptant \u00e0 toutes les voitures en 10,26 pouces ou 7 pouces avec cam\u00e9ra de recul int\u00e9gr\u00e9.","og_url":"https:\/\/macote.fr\/es\/producto\/sistema-apple-carplay-universal\/","og_site_name":"MaCote.fr","article_publisher":"https:\/\/www.facebook.com\/profile.php?id=100091476586119","article_modified_time":"2023-10-16T21:43:19+00:00","og_image":[{"width":1000,"height":1000,"url":"https:\/\/macote.fr\/wp-content\/uploads\/2023\/05\/S0bf7559ecc1942ad902854f2f3eb6125r.jpg.webp","type":"image\/webp"}],"twitter_card":"summary_large_image","twitter_misc":{"Tiempo de lectura":"2 minutos"},"schema":{"@context":"https:\/\/schema.org","@graph":[{"@type":"WebPage","@id":"https:\/\/macote.fr\/produit\/apple-carplay-syteme-universel\/","url":"https:\/\/macote.fr\/produit\/apple-carplay-syteme-universel\/","name":"Sistema universal Apple CarPlay - MaCote.fr","isPartOf":{"@id":"https:\/\/macote.fr\/#website"},"primaryImageOfPage":{"@id":"https:\/\/macote.fr\/produit\/apple-carplay-syteme-universel\/#primaryimage"},"image":{"@id":"https:\/\/macote.fr\/produit\/apple-carplay-syteme-universel\/#primaryimage"},"thumbnailUrl":"https:\/\/macote.fr\/wp-content\/uploads\/2023\/05\/S0bf7559ecc1942ad902854f2f3eb6125r.jpg.webp","datePublished":"2023-05-12T09:23:47+00:00","dateModified":"2023-10-16T21:43:19+00:00","description":"Encontrar\u00e1s nuestro sistema universal Apple CarPlay, adaptable a todos los coches de 10,26\" o 7\", con c\u00e1mara de marcha atr\u00e1s integrada.","breadcrumb":{"@id":"https:\/\/macote.fr\/produit\/apple-carplay-syteme-universel\/#breadcrumb"},"inLanguage":"es","potentialAction":[{"@type":"ReadAction","target":["https:\/\/macote.fr\/produit\/apple-carplay-syteme-universel\/"]}]},{"@type":"ImageObject","inLanguage":"es","@id":"https:\/\/macote.fr\/produit\/apple-carplay-syteme-universel\/#primaryimage","url":"https:\/\/macote.fr\/wp-content\/uploads\/2023\/05\/S0bf7559ecc1942ad902854f2f3eb6125r.jpg.webp","contentUrl":"https:\/\/macote.fr\/wp-content\/uploads\/2023\/05\/S0bf7559ecc1942ad902854f2f3eb6125r.jpg.webp","width":1000,"height":1000,"caption":"apple CarPlay 10,26 pouces"},{"@type":"BreadcrumbList","@id":"https:\/\/macote.fr\/produit\/apple-carplay-syteme-universel\/#breadcrumb","itemListElement":[{"@type":"ListItem","position":1,"name":"Accueil","item":"https:\/\/macote.fr\/"},{"@type":"ListItem","position":2,"name":"Boutique","item":"https:\/\/macote.fr\/boutique\/"},{"@type":"ListItem","position":3,"name":"Apple CarPlay syt\u00e8me Universel"}]},{"@type":"WebSite","@id":"https:\/\/macote.fr\/#website","url":"https:\/\/macote.fr\/","name":"MyQuote.com","description":"Los mejores accesorios BMW","publisher":{"@id":"https:\/\/macote.fr\/#organization"},"alternateName":"BMW tuning","potentialAction":[{"@type":"SearchAction","target":{"@type":"EntryPoint","urlTemplate":"https:\/\/macote.fr\/?s={search_term_string}"},"query-input":{"@type":"PropertyValueSpecification","valueRequired":true,"valueName":"search_term_string"}}],"inLanguage":"es"},{"@type":"Organization","@id":"https:\/\/macote.fr\/#organization","name":"Macote.es","alternateName":"BMW tuning","url":"https:\/\/macote.fr\/","logo":{"@type":"ImageObject","inLanguage":"es","@id":"https:\/\/macote.fr\/#\/schema\/logo\/image\/","url":"https:\/\/macote.fr\/wp-content\/uploads\/2023\/11\/LOGO-macote.fr-dessin-bmw-noir-copy.jpg","contentUrl":"https:\/\/macote.fr\/wp-content\/uploads\/2023\/11\/LOGO-macote.fr-dessin-bmw-noir-copy.jpg","width":732,"height":456,"caption":"Macote.fr"},"image":{"@id":"https:\/\/macote.fr\/#\/schema\/logo\/image\/"},"sameAs":["https:\/\/www.facebook.com\/profile.php?id=100091476586119","https:\/\/www.youtube.com\/channel\/UCgO-YTbaxYO-w_C5GfL-_1w","https:\/\/www.tiktok.com\/@macote.fr?is_from_webapp=1&sender_device=pc","https:\/\/www.instagram.com\/i_xila_i\/"]}]}},"_links":{"self":[{"href":"https:\/\/macote.fr\/es\/wp-json\/wp\/v2\/product\/1825","targetHints":{"allow":["GET"]}}],"collection":[{"href":"https:\/\/macote.fr\/es\/wp-json\/wp\/v2\/product"}],"about":[{"href":"https:\/\/macote.fr\/es\/wp-json\/wp\/v2\/types\/product"}],"replies":[{"embeddable":true,"href":"https:\/\/macote.fr\/es\/wp-json\/wp\/v2\/comments?post=1825"}],"wp:featuredmedia":[{"embeddable":true,"href":"https:\/\/macote.fr\/es\/wp-json\/wp\/v2\/media\/1828"}],"wp:attachment":[{"href":"https:\/\/macote.fr\/es\/wp-json\/wp\/v2\/media?parent=1825"}],"wp:term":[{"taxonomy":"product_brand","embeddable":true,"href":"https:\/\/macote.fr\/es\/wp-json\/wp\/v2\/product_brand?post=1825"},{"taxonomy":"product_cat","embeddable":true,"href":"https:\/\/macote.fr\/es\/wp-json\/wp\/v2\/product_cat?post=1825"},{"taxonomy":"product_tag","embeddable":true,"href":"https:\/\/macote.fr\/es\/wp-json\/wp\/v2\/product_tag?post=1825"}],"curies":[{"name":"wp","href":"https:\/\/api.w.org\/{rel}","templated":true}]}}