{"id":1857,"date":"2023-05-12T19:58:17","date_gmt":"2023-05-12T17:58:17","guid":{"rendered":"https:\/\/macote.fr\/?post_type=product&#038;p=1857"},"modified":"2023-05-13T23:18:12","modified_gmt":"2023-05-13T21:18:12","slug":"cartel-de-coche","status":"publish","type":"product","link":"https:\/\/macote.fr\/es\/producto\/cartel-de-coche\/","title":{"rendered":"Letrero LED para coches"},"content":{"rendered":"<h1 style=\"text-align: center;\"><strong>Letrero LED para coches<\/strong><\/h1>\n<p><strong>LA PANTALLA LUMINOSA EMOJI :<\/strong><\/p>\n<p>Muestra tus mensajes en el coche a tus amigos o a otros conductores.<\/p>\n<p>La bater\u00eda integrada permite utilizar la pantalla LED hasta 300 horas sin necesidad de recargarla.<\/p>\n<p><strong>SEGURIDAD EN LA CONDUCCI\u00d3N :<\/strong><\/p>\n<p>Control por voz. La integraci\u00f3n con Siri y Android voice permite visualizar im\u00e1genes sin distracciones en la carretera.<\/p>\n<p><strong>SMART y SIMPLE:<\/strong><\/p>\n<p>\u00a1Control inal\u00e1mbrico mediante aplicaciones m\u00f3viles para OS y Android! Amplio cat\u00e1logo de emojis y GIF \u00fanicos (en constante actualizaci\u00f3n), tambi\u00e9n se pueden utilizar fotos e im\u00e1genes, generaci\u00f3n y visualizaci\u00f3n de c\u00f3digos QR en tiempo real, dibujo en tiempo real (lo que dibujas en la app se reproduce en la pantalla), juegos de 8 bits (tu smartphone se convierte en un mando de juego y en la pantalla del dispositivo), \u00a1estudio de GIF y editor de im\u00e1genes integrados!<\/p>\n<div id=\"e-1669856047532\" class=\"element-wrap\" data-label=\"Text Block\" data-key=\"text-block\" data-atomgroup=\"element\" data-icon=\"gpicon-textblock\" data-ver=\"1\" data-id=\"1669856047532\">\n<div class=\"elm text-edit gf-elm-left gf-elm-center-md gf-elm-center-xs gf-elm-center-sm gf_gs-text-paragraph-1 gf-elm-center-lg\" data-gemlang=\"en\" data-exc=\"\">\n<p><strong>Emojis y GIF :<\/strong><\/p>\n<p>M\u00e1s de 1.500 GIF, emoticonos y emojis. Equipos de b\u00e9isbol, NFL, NBA, NHL, f\u00fatbol, banderas de pa\u00edses, s\u00edmbolos nacionales y festivos, etc.<\/p>\n<p><strong>Dibujo en tiempo real :<\/strong><\/p>\n<p>La funci\u00f3n de dibujo y creaci\u00f3n de GIF en tiempo real te permite crear tus propias im\u00e1genes y GIF, que se muestran en la pantalla LED programable.<\/p>\n<div id=\"e-1669856047505\" class=\"element-wrap\" data-label=\"Text Block\" data-key=\"text-block\" data-atomgroup=\"element\" data-icon=\"gpicon-textblock\" data-ver=\"1\" data-id=\"1669856047505\">\n<div class=\"elm text-edit gf-elm-left gf-elm-center-md gf-elm-center-xs gf-elm-center-sm gf_gs-text-paragraph-1 gf-elm-center-lg\" data-gemlang=\"en\" data-exc=\"\">\n<p><strong>Control por voz :<\/strong><\/p>\n<p>La funci\u00f3n de control por voz permite visualizar im\u00e1genes sin distracciones en la carretera simplemente mediante un comando de voz, lo que hace que la conducci\u00f3n sea m\u00e1s f\u00e1cil y segura.<\/p>\n<\/div>\n<p><strong>Fotos e im\u00e1genes <\/strong><\/p>\n<p>Haz una foto directamente en la aplicaci\u00f3n y muestra la imagen en el dispositivo.<\/p>\n<\/div>\n<\/div>\n<\/div>","protected":false},"excerpt":{"rendered":"<p>Le <strong>Letrero LED para coches<\/strong>\u00a0ofrece numerosas opciones de personalizaci\u00f3n. Puede elegir entre una gran variedad de dise\u00f1os precargados para expresar su estilo, estado de \u00e1nimo o pasi\u00f3n. Desde dise\u00f1os cl\u00e1sicos a modernos, pasando por coloridas animaciones, las posibilidades son infinitas. Y lo que es m\u00e1s, tambi\u00e9n puede cargar sus propios dise\u00f1os y animaciones personalizados, lo que le permitir\u00e1 crear pantallas \u00fanicas e irrepetibles.<\/p>","protected":false},"featured_media":1858,"comment_status":"open","ping_status":"closed","template":"","meta":{"_eb_attr":""},"product_brand":[],"product_cat":[56,68,67],"product_tag":[],"class_list":{"0":"post-1857","1":"product","2":"type-product","3":"status-publish","4":"has-post-thumbnail","6":"product_cat-accessoires-divers","7":"product_cat-eclairage-signature-lumineuse","8":"product_cat-modification-exterieur-vehicule","10":"first","11":"instock","12":"taxable","13":"shipping-taxable","14":"purchasable","15":"product-type-simple"},"yoast_head":"<!-- This site is optimized with the Yoast SEO Premium plugin v20.7 (Yoast SEO v27.4) - https:\/\/yoast.com\/product\/yoast-seo-premium-wordpress\/ -->\n<title>Panneau led voiture - MaCote.fr<\/title>\n<meta name=\"description\" content=\"Retrouvez notre Matrice led pour customiser votre voiture et afficher des messages en conduisant, \u00e0 vos amis ou autres conducteurs.\" \/>\n<meta name=\"robots\" content=\"index, follow, max-snippet:-1, max-image-preview:large, max-video-preview:-1\" \/>\n<link rel=\"canonical\" href=\"https:\/\/macote.fr\/es\/producto\/cartel-de-coche\/\" \/>\n<meta property=\"og:locale\" content=\"es_ES\" \/>\n<meta property=\"og:type\" content=\"article\" \/>\n<meta property=\"og:title\" content=\"Panneau led voiture\" \/>\n<meta property=\"og:description\" content=\"Retrouvez notre Matrice led pour customiser votre voiture et afficher des messages en conduisant, \u00e0 vos amis ou autres conducteurs.\" \/>\n<meta property=\"og:url\" content=\"https:\/\/macote.fr\/es\/producto\/cartel-de-coche\/\" \/>\n<meta property=\"og:site_name\" content=\"MaCote.fr\" \/>\n<meta property=\"article:publisher\" content=\"https:\/\/www.facebook.com\/profile.php?id=100091476586119\" \/>\n<meta property=\"article:modified_time\" content=\"2023-05-13T21:18:12+00:00\" \/>\n<meta property=\"og:image\" content=\"https:\/\/macote.fr\/wp-content\/uploads\/2023\/05\/Matrice-LED-pixel-art.png\" \/>\n\t<meta property=\"og:image:width\" content=\"1024\" \/>\n\t<meta property=\"og:image:height\" content=\"1024\" \/>\n\t<meta property=\"og:image:type\" content=\"image\/png\" \/>\n<meta name=\"twitter:card\" content=\"summary_large_image\" \/>\n<meta name=\"twitter:label1\" content=\"Tiempo de lectura\" \/>\n\t<meta name=\"twitter:data1\" content=\"2 minutos\" \/>\n<script type=\"application\/ld+json\" class=\"yoast-schema-graph\">{\"@context\":\"https:\\\/\\\/schema.org\",\"@graph\":[{\"@type\":\"WebPage\",\"@id\":\"https:\\\/\\\/macote.fr\\\/produit\\\/panneau-led-voiture\\\/\",\"url\":\"https:\\\/\\\/macote.fr\\\/produit\\\/panneau-led-voiture\\\/\",\"name\":\"Panneau led voiture - MaCote.fr\",\"isPartOf\":{\"@id\":\"https:\\\/\\\/macote.fr\\\/#website\"},\"primaryImageOfPage\":{\"@id\":\"https:\\\/\\\/macote.fr\\\/produit\\\/panneau-led-voiture\\\/#primaryimage\"},\"image\":{\"@id\":\"https:\\\/\\\/macote.fr\\\/produit\\\/panneau-led-voiture\\\/#primaryimage\"},\"thumbnailUrl\":\"https:\\\/\\\/macote.fr\\\/wp-content\\\/uploads\\\/2023\\\/05\\\/Matrice-LED-pixel-art.png\",\"datePublished\":\"2023-05-12T17:58:17+00:00\",\"dateModified\":\"2023-05-13T21:18:12+00:00\",\"description\":\"Retrouvez notre Matrice led pour customiser votre voiture et afficher des messages en conduisant, \u00e0 vos amis ou autres conducteurs.\",\"breadcrumb\":{\"@id\":\"https:\\\/\\\/macote.fr\\\/produit\\\/panneau-led-voiture\\\/#breadcrumb\"},\"inLanguage\":\"es\",\"potentialAction\":[{\"@type\":\"ReadAction\",\"target\":[\"https:\\\/\\\/macote.fr\\\/produit\\\/panneau-led-voiture\\\/\"]}]},{\"@type\":\"ImageObject\",\"inLanguage\":\"es\",\"@id\":\"https:\\\/\\\/macote.fr\\\/produit\\\/panneau-led-voiture\\\/#primaryimage\",\"url\":\"https:\\\/\\\/macote.fr\\\/wp-content\\\/uploads\\\/2023\\\/05\\\/Matrice-LED-pixel-art.png\",\"contentUrl\":\"https:\\\/\\\/macote.fr\\\/wp-content\\\/uploads\\\/2023\\\/05\\\/Matrice-LED-pixel-art.png\",\"width\":1024,\"height\":1024,\"caption\":\"Panneau led voiture pixel art\"},{\"@type\":\"BreadcrumbList\",\"@id\":\"https:\\\/\\\/macote.fr\\\/produit\\\/panneau-led-voiture\\\/#breadcrumb\",\"itemListElement\":[{\"@type\":\"ListItem\",\"position\":1,\"name\":\"Accueil\",\"item\":\"https:\\\/\\\/macote.fr\\\/\"},{\"@type\":\"ListItem\",\"position\":2,\"name\":\"Boutique\",\"item\":\"https:\\\/\\\/macote.fr\\\/boutique\\\/\"},{\"@type\":\"ListItem\",\"position\":3,\"name\":\"Matrice LED\"}]},{\"@type\":\"WebSite\",\"@id\":\"https:\\\/\\\/macote.fr\\\/#website\",\"url\":\"https:\\\/\\\/macote.fr\\\/\",\"name\":\"MaCote.fr\",\"description\":\"BMW best accessories\",\"publisher\":{\"@id\":\"https:\\\/\\\/macote.fr\\\/#organization\"},\"alternateName\":\"BMW tuning\",\"potentialAction\":[{\"@type\":\"SearchAction\",\"target\":{\"@type\":\"EntryPoint\",\"urlTemplate\":\"https:\\\/\\\/macote.fr\\\/?s={search_term_string}\"},\"query-input\":{\"@type\":\"PropertyValueSpecification\",\"valueRequired\":true,\"valueName\":\"search_term_string\"}}],\"inLanguage\":\"es\"},{\"@type\":\"Organization\",\"@id\":\"https:\\\/\\\/macote.fr\\\/#organization\",\"name\":\"Macote.fr\",\"alternateName\":\"BMW tuning\",\"url\":\"https:\\\/\\\/macote.fr\\\/\",\"logo\":{\"@type\":\"ImageObject\",\"inLanguage\":\"es\",\"@id\":\"https:\\\/\\\/macote.fr\\\/#\\\/schema\\\/logo\\\/image\\\/\",\"url\":\"https:\\\/\\\/macote.fr\\\/wp-content\\\/uploads\\\/2023\\\/11\\\/LOGO-macote.fr-dessin-bmw-noir-copy.jpg\",\"contentUrl\":\"https:\\\/\\\/macote.fr\\\/wp-content\\\/uploads\\\/2023\\\/11\\\/LOGO-macote.fr-dessin-bmw-noir-copy.jpg\",\"width\":732,\"height\":456,\"caption\":\"Macote.fr\"},\"image\":{\"@id\":\"https:\\\/\\\/macote.fr\\\/#\\\/schema\\\/logo\\\/image\\\/\"},\"sameAs\":[\"https:\\\/\\\/www.facebook.com\\\/profile.php?id=100091476586119\",\"https:\\\/\\\/www.youtube.com\\\/channel\\\/UCgO-YTbaxYO-w_C5GfL-_1w\",\"https:\\\/\\\/www.tiktok.com\\\/@macote.fr?is_from_webapp=1&sender_device=pc\",\"https:\\\/\\\/www.instagram.com\\\/i_xila_i\\\/\"]}]}<\/script>\n<!-- \/ Yoast SEO Premium plugin. -->","yoast_head_json":{"title":"Se\u00f1alizaci\u00f3n LED para autom\u00f3viles - MaCote.fr","description":"Descubre nuestra Matriz LED para personalizar tu coche y mostrar mensajes mientras conduces, a tus amigos o a otros conductores.","robots":{"index":"index","follow":"follow","max-snippet":"max-snippet:-1","max-image-preview":"max-image-preview:large","max-video-preview":"max-video-preview:-1"},"canonical":"https:\/\/macote.fr\/es\/producto\/cartel-de-coche\/","og_locale":"es_ES","og_type":"article","og_title":"Panneau led voiture","og_description":"Retrouvez notre Matrice led pour customiser votre voiture et afficher des messages en conduisant, \u00e0 vos amis ou autres conducteurs.","og_url":"https:\/\/macote.fr\/es\/producto\/cartel-de-coche\/","og_site_name":"MaCote.fr","article_publisher":"https:\/\/www.facebook.com\/profile.php?id=100091476586119","article_modified_time":"2023-05-13T21:18:12+00:00","og_image":[{"width":1024,"height":1024,"url":"https:\/\/macote.fr\/wp-content\/uploads\/2023\/05\/Matrice-LED-pixel-art.png","type":"image\/png"}],"twitter_card":"summary_large_image","twitter_misc":{"Tiempo de lectura":"2 minutos"},"schema":{"@context":"https:\/\/schema.org","@graph":[{"@type":"WebPage","@id":"https:\/\/macote.fr\/produit\/panneau-led-voiture\/","url":"https:\/\/macote.fr\/produit\/panneau-led-voiture\/","name":"Se\u00f1alizaci\u00f3n LED para autom\u00f3viles - MaCote.fr","isPartOf":{"@id":"https:\/\/macote.fr\/#website"},"primaryImageOfPage":{"@id":"https:\/\/macote.fr\/produit\/panneau-led-voiture\/#primaryimage"},"image":{"@id":"https:\/\/macote.fr\/produit\/panneau-led-voiture\/#primaryimage"},"thumbnailUrl":"https:\/\/macote.fr\/wp-content\/uploads\/2023\/05\/Matrice-LED-pixel-art.png","datePublished":"2023-05-12T17:58:17+00:00","dateModified":"2023-05-13T21:18:12+00:00","description":"Descubre nuestra Matriz LED para personalizar tu coche y mostrar mensajes mientras conduces, a tus amigos o a otros conductores.","breadcrumb":{"@id":"https:\/\/macote.fr\/produit\/panneau-led-voiture\/#breadcrumb"},"inLanguage":"es","potentialAction":[{"@type":"ReadAction","target":["https:\/\/macote.fr\/produit\/panneau-led-voiture\/"]}]},{"@type":"ImageObject","inLanguage":"es","@id":"https:\/\/macote.fr\/produit\/panneau-led-voiture\/#primaryimage","url":"https:\/\/macote.fr\/wp-content\/uploads\/2023\/05\/Matrice-LED-pixel-art.png","contentUrl":"https:\/\/macote.fr\/wp-content\/uploads\/2023\/05\/Matrice-LED-pixel-art.png","width":1024,"height":1024,"caption":"Panneau led voiture pixel art"},{"@type":"BreadcrumbList","@id":"https:\/\/macote.fr\/produit\/panneau-led-voiture\/#breadcrumb","itemListElement":[{"@type":"ListItem","position":1,"name":"Accueil","item":"https:\/\/macote.fr\/"},{"@type":"ListItem","position":2,"name":"Boutique","item":"https:\/\/macote.fr\/boutique\/"},{"@type":"ListItem","position":3,"name":"Matrice LED"}]},{"@type":"WebSite","@id":"https:\/\/macote.fr\/#website","url":"https:\/\/macote.fr\/","name":"MyQuote.com","description":"Los mejores accesorios BMW","publisher":{"@id":"https:\/\/macote.fr\/#organization"},"alternateName":"BMW tuning","potentialAction":[{"@type":"SearchAction","target":{"@type":"EntryPoint","urlTemplate":"https:\/\/macote.fr\/?s={search_term_string}"},"query-input":{"@type":"PropertyValueSpecification","valueRequired":true,"valueName":"search_term_string"}}],"inLanguage":"es"},{"@type":"Organization","@id":"https:\/\/macote.fr\/#organization","name":"Macote.es","alternateName":"BMW tuning","url":"https:\/\/macote.fr\/","logo":{"@type":"ImageObject","inLanguage":"es","@id":"https:\/\/macote.fr\/#\/schema\/logo\/image\/","url":"https:\/\/macote.fr\/wp-content\/uploads\/2023\/11\/LOGO-macote.fr-dessin-bmw-noir-copy.jpg","contentUrl":"https:\/\/macote.fr\/wp-content\/uploads\/2023\/11\/LOGO-macote.fr-dessin-bmw-noir-copy.jpg","width":732,"height":456,"caption":"Macote.fr"},"image":{"@id":"https:\/\/macote.fr\/#\/schema\/logo\/image\/"},"sameAs":["https:\/\/www.facebook.com\/profile.php?id=100091476586119","https:\/\/www.youtube.com\/channel\/UCgO-YTbaxYO-w_C5GfL-_1w","https:\/\/www.tiktok.com\/@macote.fr?is_from_webapp=1&sender_device=pc","https:\/\/www.instagram.com\/i_xila_i\/"]}]}},"_links":{"self":[{"href":"https:\/\/macote.fr\/es\/wp-json\/wp\/v2\/product\/1857","targetHints":{"allow":["GET"]}}],"collection":[{"href":"https:\/\/macote.fr\/es\/wp-json\/wp\/v2\/product"}],"about":[{"href":"https:\/\/macote.fr\/es\/wp-json\/wp\/v2\/types\/product"}],"replies":[{"embeddable":true,"href":"https:\/\/macote.fr\/es\/wp-json\/wp\/v2\/comments?post=1857"}],"wp:featuredmedia":[{"embeddable":true,"href":"https:\/\/macote.fr\/es\/wp-json\/wp\/v2\/media\/1858"}],"wp:attachment":[{"href":"https:\/\/macote.fr\/es\/wp-json\/wp\/v2\/media?parent=1857"}],"wp:term":[{"taxonomy":"product_brand","embeddable":true,"href":"https:\/\/macote.fr\/es\/wp-json\/wp\/v2\/product_brand?post=1857"},{"taxonomy":"product_cat","embeddable":true,"href":"https:\/\/macote.fr\/es\/wp-json\/wp\/v2\/product_cat?post=1857"},{"taxonomy":"product_tag","embeddable":true,"href":"https:\/\/macote.fr\/es\/wp-json\/wp\/v2\/product_tag?post=1857"}],"curies":[{"name":"wp","href":"https:\/\/api.w.org\/{rel}","templated":true}]}}