{"id":1908,"date":"2023-05-16T19:31:03","date_gmt":"2023-05-16T17:31:03","guid":{"rendered":"https:\/\/macote.fr\/?post_type=product&#038;p=1908"},"modified":"2023-05-16T22:13:31","modified_gmt":"2023-05-16T20:13:31","slug":"pegatinas-coche-luminoso-sintonizacion","status":"publish","type":"product","link":"https:\/\/macote.fr\/es\/producto\/pegatinas-coche-luminoso-sintonizacion\/","title":{"rendered":"Adhesivos para coches Electric Light Tuning"},"content":{"rendered":"<h1>Adhesivos para coches Electric Light Tuning<\/h1>\n<p>Descubra nuestra exclusiva colecci\u00f3n de adhesivos para coches tuning, dise\u00f1ados para a\u00f1adir un toque de estilo y personalidad a su veh\u00edculo. Nuestras brillantes y animadas pegatinas para coches son perfectas para dar a tu veh\u00edculo un aspecto \u00fanico que no pasar\u00e1 desapercibido.<\/p>\n<p>Las pegatinas est\u00e1n especialmente dise\u00f1adas para pegarse en las ventanillas de su coche, lo que les permite brillar y llamar la atenci\u00f3n, ya sea a plena luz del d\u00eda o por la noche. Gracias a su naturaleza luminosa, estas pegatinas a\u00f1aden una dimensi\u00f3n extra a tu veh\u00edculo, creando efectos visuales impactantes que seguro que te impresionar\u00e1n.<\/p>\n<h4>Una amplia gama de dise\u00f1os<\/h4>\n<p>Ofrecemos una amplia gama de dise\u00f1os de pegatinas luminosas para todos los gustos y preferencias. Tanto si te gustan los deportes de motor, la m\u00fasica, la naturaleza o los dise\u00f1os abstractos, tenemos la pegatina perfecta para ti. Nuestros talentosos dise\u00f1adores trabajan sin descanso para crear dise\u00f1os \u00fanicos y llamativos que te har\u00e1n destacar en la carretera.<\/p>\n<h4>Duradero y f\u00e1cil de instalar<\/h4>\n<p>Los adhesivos luminosos para coche est\u00e1n fabricados con materiales de alta calidad, lo que garantiza su durabilidad y resistencia a lo largo del tiempo. Adem\u00e1s, son f\u00e1ciles de instalar y quitar, por lo que podr\u00e1s cambiarlas cuando quieras y reutilizarlas sin da\u00f1ar tu veh\u00edculo.<\/p>\n<h4>Perfeccione su estilo<\/h4>\n<p>Si quieres personalizar tu coche para una ocasi\u00f3n especial, una exposici\u00f3n de coches o simplemente para presumir de tu estilo \u00fanico a diario, nuestras pegatinas tuning son la elecci\u00f3n perfecta. Su vibrante iluminaci\u00f3n y sus cautivadoras animaciones seguro que se ganan la admiraci\u00f3n de todo el que se cruce en tu camino.<\/p>\n<p>No busque m\u00e1s, nuestras pegatinas brillantes y animadas son la soluci\u00f3n ideal para todos los entusiastas de la personalizaci\u00f3n de coches. Haz una declaraci\u00f3n de intenciones, expresa tu estilo y destaca entre la multitud con nuestras pegatinas de alta calidad.<\/p>","protected":false},"excerpt":{"rendered":"<p>Descubra nuestra exclusiva colecci\u00f3n de adhesivos brillantes y animados para tuning de coches, perfectos para personalizar su veh\u00edculo con estilo. F\u00e1ciles de instalar y quitar, nuestras pegatinas resistentes a la intemperie ofrecen una funcionalidad pr\u00e1ctica al mejorar la visibilidad de tu coche por la noche.<\/p>","protected":false},"featured_media":1909,"comment_status":"open","ping_status":"closed","template":"","meta":{"_eb_attr":""},"product_brand":[],"product_cat":[56,68,67],"product_tag":[],"class_list":{"0":"post-1908","1":"product","2":"type-product","3":"status-publish","4":"has-post-thumbnail","6":"product_cat-accessoires-divers","7":"product_cat-eclairage-signature-lumineuse","8":"product_cat-modification-exterieur-vehicule","10":"first","11":"instock","12":"taxable","13":"shipping-taxable","14":"purchasable","15":"product-type-variable"},"yoast_head":"<!-- This site is optimized with the Yoast SEO Premium plugin v20.7 (Yoast SEO v27.4) - https:\/\/yoast.com\/product\/yoast-seo-premium-wordpress\/ -->\n<title>Stickers voiture Tuning Lumineux \u00e9lectrique - MaCote.fr<\/title>\n<meta name=\"robots\" content=\"index, follow, max-snippet:-1, max-image-preview:large, max-video-preview:-1\" \/>\n<link rel=\"canonical\" href=\"https:\/\/macote.fr\/es\/producto\/pegatinas-coche-luminoso-sintonizacion\/\" \/>\n<meta property=\"og:locale\" content=\"es_ES\" \/>\n<meta property=\"og:type\" content=\"article\" \/>\n<meta property=\"og:title\" content=\"Stickers voiture Tuning Lumineux \u00e9lectrique\" \/>\n<meta property=\"og:description\" content=\"D\u00e9couvrez notre collection exclusive de stickers voiture tuning lumineux et anim\u00e9s, parfaits pour personnaliser votre v\u00e9hicule avec style. Faciles \u00e0 installer et \u00e0 retirer, nos autocollants r\u00e9sistants aux intemp\u00e9ries offrent une fonctionnalit\u00e9 pratique en am\u00e9liorant la visibilit\u00e9 de votre voiture la nuit.\" \/>\n<meta property=\"og:url\" content=\"https:\/\/macote.fr\/es\/producto\/pegatinas-coche-luminoso-sintonizacion\/\" \/>\n<meta property=\"og:site_name\" content=\"MaCote.fr\" \/>\n<meta property=\"article:publisher\" content=\"https:\/\/www.facebook.com\/profile.php?id=100091476586119\" \/>\n<meta property=\"article:modified_time\" content=\"2023-05-16T20:13:31+00:00\" \/>\n<meta property=\"og:image\" content=\"https:\/\/i0.wp.com\/macote.fr\/wp-content\/uploads\/2023\/05\/lucky-cat-electric-sticker-789139_800x.gif?fit=800%2C943&ssl=1\" \/>\n\t<meta property=\"og:image:width\" content=\"800\" \/>\n\t<meta property=\"og:image:height\" content=\"943\" \/>\n\t<meta property=\"og:image:type\" content=\"image\/gif\" \/>\n<meta name=\"twitter:card\" content=\"summary_large_image\" \/>\n<meta name=\"twitter:label1\" content=\"Tiempo de lectura\" \/>\n\t<meta name=\"twitter:data1\" content=\"2 minutos\" \/>\n<script type=\"application\/ld+json\" class=\"yoast-schema-graph\">{\"@context\":\"https:\\\/\\\/schema.org\",\"@graph\":[{\"@type\":\"WebPage\",\"@id\":\"https:\\\/\\\/macote.fr\\\/produit\\\/stickers-voiture-tuning-lumineux\\\/\",\"url\":\"https:\\\/\\\/macote.fr\\\/produit\\\/stickers-voiture-tuning-lumineux\\\/\",\"name\":\"Stickers voiture Tuning Lumineux \u00e9lectrique - MaCote.fr\",\"isPartOf\":{\"@id\":\"https:\\\/\\\/macote.fr\\\/#website\"},\"primaryImageOfPage\":{\"@id\":\"https:\\\/\\\/macote.fr\\\/produit\\\/stickers-voiture-tuning-lumineux\\\/#primaryimage\"},\"image\":{\"@id\":\"https:\\\/\\\/macote.fr\\\/produit\\\/stickers-voiture-tuning-lumineux\\\/#primaryimage\"},\"thumbnailUrl\":\"https:\\\/\\\/macote.fr\\\/wp-content\\\/uploads\\\/2023\\\/05\\\/lucky-cat-electric-sticker-789139_800x.gif\",\"datePublished\":\"2023-05-16T17:31:03+00:00\",\"dateModified\":\"2023-05-16T20:13:31+00:00\",\"breadcrumb\":{\"@id\":\"https:\\\/\\\/macote.fr\\\/produit\\\/stickers-voiture-tuning-lumineux\\\/#breadcrumb\"},\"inLanguage\":\"es\",\"potentialAction\":[{\"@type\":\"ReadAction\",\"target\":[\"https:\\\/\\\/macote.fr\\\/produit\\\/stickers-voiture-tuning-lumineux\\\/\"]}]},{\"@type\":\"ImageObject\",\"inLanguage\":\"es\",\"@id\":\"https:\\\/\\\/macote.fr\\\/produit\\\/stickers-voiture-tuning-lumineux\\\/#primaryimage\",\"url\":\"https:\\\/\\\/macote.fr\\\/wp-content\\\/uploads\\\/2023\\\/05\\\/lucky-cat-electric-sticker-789139_800x.gif\",\"contentUrl\":\"https:\\\/\\\/macote.fr\\\/wp-content\\\/uploads\\\/2023\\\/05\\\/lucky-cat-electric-sticker-789139_800x.gif\",\"width\":800,\"height\":943,\"caption\":\"Stickers voiture Tuning Lumineux chat\"},{\"@type\":\"BreadcrumbList\",\"@id\":\"https:\\\/\\\/macote.fr\\\/produit\\\/stickers-voiture-tuning-lumineux\\\/#breadcrumb\",\"itemListElement\":[{\"@type\":\"ListItem\",\"position\":1,\"name\":\"Accueil\",\"item\":\"https:\\\/\\\/macote.fr\\\/\"},{\"@type\":\"ListItem\",\"position\":2,\"name\":\"Boutique\",\"item\":\"https:\\\/\\\/macote.fr\\\/boutique\\\/\"},{\"@type\":\"ListItem\",\"position\":3,\"name\":\"Stickers voiture Tuning Lumineux \u00e9lectrique\"}]},{\"@type\":\"WebSite\",\"@id\":\"https:\\\/\\\/macote.fr\\\/#website\",\"url\":\"https:\\\/\\\/macote.fr\\\/\",\"name\":\"MaCote.fr\",\"description\":\"BMW best accessories\",\"publisher\":{\"@id\":\"https:\\\/\\\/macote.fr\\\/#organization\"},\"alternateName\":\"BMW tuning\",\"potentialAction\":[{\"@type\":\"SearchAction\",\"target\":{\"@type\":\"EntryPoint\",\"urlTemplate\":\"https:\\\/\\\/macote.fr\\\/?s={search_term_string}\"},\"query-input\":{\"@type\":\"PropertyValueSpecification\",\"valueRequired\":true,\"valueName\":\"search_term_string\"}}],\"inLanguage\":\"es\"},{\"@type\":\"Organization\",\"@id\":\"https:\\\/\\\/macote.fr\\\/#organization\",\"name\":\"Macote.fr\",\"alternateName\":\"BMW tuning\",\"url\":\"https:\\\/\\\/macote.fr\\\/\",\"logo\":{\"@type\":\"ImageObject\",\"inLanguage\":\"es\",\"@id\":\"https:\\\/\\\/macote.fr\\\/#\\\/schema\\\/logo\\\/image\\\/\",\"url\":\"https:\\\/\\\/macote.fr\\\/wp-content\\\/uploads\\\/2023\\\/11\\\/LOGO-macote.fr-dessin-bmw-noir-copy.jpg\",\"contentUrl\":\"https:\\\/\\\/macote.fr\\\/wp-content\\\/uploads\\\/2023\\\/11\\\/LOGO-macote.fr-dessin-bmw-noir-copy.jpg\",\"width\":732,\"height\":456,\"caption\":\"Macote.fr\"},\"image\":{\"@id\":\"https:\\\/\\\/macote.fr\\\/#\\\/schema\\\/logo\\\/image\\\/\"},\"sameAs\":[\"https:\\\/\\\/www.facebook.com\\\/profile.php?id=100091476586119\",\"https:\\\/\\\/www.youtube.com\\\/channel\\\/UCgO-YTbaxYO-w_C5GfL-_1w\",\"https:\\\/\\\/www.tiktok.com\\\/@macote.fr?is_from_webapp=1&sender_device=pc\",\"https:\\\/\\\/www.instagram.com\\\/i_xila_i\\\/\"]}]}<\/script>\n<!-- \/ Yoast SEO Premium plugin. -->","yoast_head_json":{"title":"Adhesivos para coches Electric Light Tuning - MaCote.fr","robots":{"index":"index","follow":"follow","max-snippet":"max-snippet:-1","max-image-preview":"max-image-preview:large","max-video-preview":"max-video-preview:-1"},"canonical":"https:\/\/macote.fr\/es\/producto\/pegatinas-coche-luminoso-sintonizacion\/","og_locale":"es_ES","og_type":"article","og_title":"Stickers voiture Tuning Lumineux \u00e9lectrique","og_description":"D\u00e9couvrez notre collection exclusive de stickers voiture tuning lumineux et anim\u00e9s, parfaits pour personnaliser votre v\u00e9hicule avec style. Faciles \u00e0 installer et \u00e0 retirer, nos autocollants r\u00e9sistants aux intemp\u00e9ries offrent une fonctionnalit\u00e9 pratique en am\u00e9liorant la visibilit\u00e9 de votre voiture la nuit.","og_url":"https:\/\/macote.fr\/es\/producto\/pegatinas-coche-luminoso-sintonizacion\/","og_site_name":"MaCote.fr","article_publisher":"https:\/\/www.facebook.com\/profile.php?id=100091476586119","article_modified_time":"2023-05-16T20:13:31+00:00","og_image":[{"width":800,"height":943,"url":"https:\/\/i0.wp.com\/macote.fr\/wp-content\/uploads\/2023\/05\/lucky-cat-electric-sticker-789139_800x.gif?fit=800%2C943&ssl=1","type":"image\/gif"}],"twitter_card":"summary_large_image","twitter_misc":{"Tiempo de lectura":"2 minutos"},"schema":{"@context":"https:\/\/schema.org","@graph":[{"@type":"WebPage","@id":"https:\/\/macote.fr\/produit\/stickers-voiture-tuning-lumineux\/","url":"https:\/\/macote.fr\/produit\/stickers-voiture-tuning-lumineux\/","name":"Adhesivos para coches Electric Light Tuning - MaCote.fr","isPartOf":{"@id":"https:\/\/macote.fr\/#website"},"primaryImageOfPage":{"@id":"https:\/\/macote.fr\/produit\/stickers-voiture-tuning-lumineux\/#primaryimage"},"image":{"@id":"https:\/\/macote.fr\/produit\/stickers-voiture-tuning-lumineux\/#primaryimage"},"thumbnailUrl":"https:\/\/macote.fr\/wp-content\/uploads\/2023\/05\/lucky-cat-electric-sticker-789139_800x.gif","datePublished":"2023-05-16T17:31:03+00:00","dateModified":"2023-05-16T20:13:31+00:00","breadcrumb":{"@id":"https:\/\/macote.fr\/produit\/stickers-voiture-tuning-lumineux\/#breadcrumb"},"inLanguage":"es","potentialAction":[{"@type":"ReadAction","target":["https:\/\/macote.fr\/produit\/stickers-voiture-tuning-lumineux\/"]}]},{"@type":"ImageObject","inLanguage":"es","@id":"https:\/\/macote.fr\/produit\/stickers-voiture-tuning-lumineux\/#primaryimage","url":"https:\/\/macote.fr\/wp-content\/uploads\/2023\/05\/lucky-cat-electric-sticker-789139_800x.gif","contentUrl":"https:\/\/macote.fr\/wp-content\/uploads\/2023\/05\/lucky-cat-electric-sticker-789139_800x.gif","width":800,"height":943,"caption":"Stickers voiture Tuning Lumineux chat"},{"@type":"BreadcrumbList","@id":"https:\/\/macote.fr\/produit\/stickers-voiture-tuning-lumineux\/#breadcrumb","itemListElement":[{"@type":"ListItem","position":1,"name":"Accueil","item":"https:\/\/macote.fr\/"},{"@type":"ListItem","position":2,"name":"Boutique","item":"https:\/\/macote.fr\/boutique\/"},{"@type":"ListItem","position":3,"name":"Stickers voiture Tuning Lumineux \u00e9lectrique"}]},{"@type":"WebSite","@id":"https:\/\/macote.fr\/#website","url":"https:\/\/macote.fr\/","name":"MyQuote.com","description":"Los mejores accesorios BMW","publisher":{"@id":"https:\/\/macote.fr\/#organization"},"alternateName":"BMW tuning","potentialAction":[{"@type":"SearchAction","target":{"@type":"EntryPoint","urlTemplate":"https:\/\/macote.fr\/?s={search_term_string}"},"query-input":{"@type":"PropertyValueSpecification","valueRequired":true,"valueName":"search_term_string"}}],"inLanguage":"es"},{"@type":"Organization","@id":"https:\/\/macote.fr\/#organization","name":"Macote.es","alternateName":"BMW tuning","url":"https:\/\/macote.fr\/","logo":{"@type":"ImageObject","inLanguage":"es","@id":"https:\/\/macote.fr\/#\/schema\/logo\/image\/","url":"https:\/\/macote.fr\/wp-content\/uploads\/2023\/11\/LOGO-macote.fr-dessin-bmw-noir-copy.jpg","contentUrl":"https:\/\/macote.fr\/wp-content\/uploads\/2023\/11\/LOGO-macote.fr-dessin-bmw-noir-copy.jpg","width":732,"height":456,"caption":"Macote.fr"},"image":{"@id":"https:\/\/macote.fr\/#\/schema\/logo\/image\/"},"sameAs":["https:\/\/www.facebook.com\/profile.php?id=100091476586119","https:\/\/www.youtube.com\/channel\/UCgO-YTbaxYO-w_C5GfL-_1w","https:\/\/www.tiktok.com\/@macote.fr?is_from_webapp=1&sender_device=pc","https:\/\/www.instagram.com\/i_xila_i\/"]}]}},"_links":{"self":[{"href":"https:\/\/macote.fr\/es\/wp-json\/wp\/v2\/product\/1908","targetHints":{"allow":["GET"]}}],"collection":[{"href":"https:\/\/macote.fr\/es\/wp-json\/wp\/v2\/product"}],"about":[{"href":"https:\/\/macote.fr\/es\/wp-json\/wp\/v2\/types\/product"}],"replies":[{"embeddable":true,"href":"https:\/\/macote.fr\/es\/wp-json\/wp\/v2\/comments?post=1908"}],"wp:featuredmedia":[{"embeddable":true,"href":"https:\/\/macote.fr\/es\/wp-json\/wp\/v2\/media\/1909"}],"wp:attachment":[{"href":"https:\/\/macote.fr\/es\/wp-json\/wp\/v2\/media?parent=1908"}],"wp:term":[{"taxonomy":"product_brand","embeddable":true,"href":"https:\/\/macote.fr\/es\/wp-json\/wp\/v2\/product_brand?post=1908"},{"taxonomy":"product_cat","embeddable":true,"href":"https:\/\/macote.fr\/es\/wp-json\/wp\/v2\/product_cat?post=1908"},{"taxonomy":"product_tag","embeddable":true,"href":"https:\/\/macote.fr\/es\/wp-json\/wp\/v2\/product_tag?post=1908"}],"curies":[{"name":"wp","href":"https:\/\/api.w.org\/{rel}","templated":true}]}}