{"id":1952,"date":"2023-05-19T19:45:26","date_gmt":"2023-05-19T17:45:26","guid":{"rendered":"https:\/\/macote.fr\/?post_type=product&#038;p=1952"},"modified":"2023-06-19T09:38:34","modified_gmt":"2023-06-19T07:38:34","slug":"kit-reparacion-neumaticos-coche-2","status":"publish","type":"product","link":"https:\/\/macote.fr\/es\/producto\/kit-reparacion-neumaticos-coche-2\/","title":{"rendered":"KIT Reparation Pneu Voiture - kit anti puncture m\u00e8che"},"content":{"rendered":"<h1 align=\"center\"><strong id=\"tl_1\" data-spm-anchor-id=\"a2g0o.detail.1000023.i0.1bf55aadTS6B3D\">Kit de reparaci\u00f3n de neum\u00e1ticos <\/strong><\/h1>\n<p>Nuestro kit de reparaci\u00f3n de neum\u00e1ticos est\u00e1 dise\u00f1ado para todo tipo de coches y neum\u00e1ticos. Tanto si conduces un turismo, un todoterreno o un peque\u00f1o coche urbano, nuestro kit est\u00e1 ah\u00ed para salvarte en caso de pinchazo inesperado.<\/p>\n<p>A diferencia de los sprays antipinchazos, que no siempre funcionan porque la fuga es demasiado grande, o que caducan cuando m\u00e1s los necesitas, nuestro kit no tiene fecha de caducidad y puede utilizarse en cualquier momento para taponar una fuga en tu neum\u00e1tico. Nuestro kit no tiene fecha de caducidad y puede utilizarse en cualquier momento para taponar una fuga en el neum\u00e1tico.<\/p>\n<h3><span id=\"tl_2\" data-spm-anchor-id=\"a2g0o.detail.1000023.i2.1bf55aadTS6B3D\">Caracter\u00edsticas:<\/span><\/h3>\n<div><\/div>\n<div><span id=\"tl_3\" data-spm-anchor-id=\"a2g0o.detail.1000023.i1.1bf55aadTS6B3D\">Kit de reparaci\u00f3n de pinchazos en veh\u00edculos de emergencia para neum\u00e1ticos sin c\u00e1mara.<\/span><\/div>\n<div><span id=\"tl_4\">El kit de reparaci\u00f3n de neum\u00e1ticos para coche le permitir\u00e1 reparar pinchazos de forma r\u00e1pida y eficaz.<\/span><\/div>\n<div><span id=\"tl_5\">Las asas de pl\u00e1stico resistente ofrecen un agarre excelente.<\/span><\/div>\n<div><span id=\"tl_6\">Instrucciones incluidas en la parte posterior del paquete.<\/span><\/div>\n<div><span id=\"tl_7\">Imprescindible para veh\u00edculos con neum\u00e1ticos sin c\u00e1mara.<\/span><\/div>\n<div><span id=\"tl_8\">la primera herramienta se utiliza para agrandar y limpiar el orificio del neum\u00e1tico.<\/span><\/div>\n<div><span id=\"tl_9\">La herramienta de aguja se utiliza para insertar gomas de neum\u00e1ticos.<\/span><\/div>\n<div><span id=\"tl_10\">Incluye 5 tiras de reparaci\u00f3n de goma.<\/span><\/div>\n<div>reparaci\u00f3n f\u00e1cil de neum\u00e1ticos<\/div>\n<div><\/div>\n<div>sustituye al spray antipinchazos.<\/div>\n<h3>Consejos :<\/h3>\n<p>no olvide tener en el garaje unos alicates por si se le clava un tornillo o un clavo en el neum\u00e1tico<\/p>","protected":false},"excerpt":{"rendered":"<p>Nuestro kit de reparaci\u00f3n de neum\u00e1ticos est\u00e1 dise\u00f1ado para todo tipo de coches y neum\u00e1ticos. Tanto si conduces un turismo, un todoterreno o un peque\u00f1o coche urbano, nuestro kit est\u00e1 ah\u00ed para salvarte en caso de pinchazo inesperado.<\/p>","protected":false},"featured_media":1953,"comment_status":"open","ping_status":"closed","template":"","meta":{"_eb_attr":""},"product_brand":[],"product_cat":[70,56],"product_tag":[],"class_list":{"0":"post-1952","1":"product","2":"type-product","3":"status-publish","4":"has-post-thumbnail","6":"product_cat-produits-dentretiens","7":"product_cat-accessoires-divers","9":"first","10":"instock","11":"taxable","12":"shipping-taxable","13":"purchasable","14":"product-type-simple"},"yoast_head":"<!-- This site is optimized with the Yoast SEO Premium plugin v20.7 (Yoast SEO v27.5) - https:\/\/yoast.com\/product\/yoast-seo-premium-wordpress\/ -->\n<title>KIT Reparation Pneu Voiture - kit anti crevaison m\u00e8che - MaCote.fr<\/title>\n<meta name=\"robots\" content=\"index, follow, max-snippet:-1, max-image-preview:large, max-video-preview:-1\" \/>\n<link rel=\"canonical\" href=\"https:\/\/macote.fr\/es\/producto\/kit-reparacion-neumaticos-coche-2\/\" \/>\n<meta property=\"og:locale\" content=\"es_ES\" \/>\n<meta property=\"og:type\" content=\"article\" \/>\n<meta property=\"og:title\" content=\"KIT Reparation Pneu Voiture - kit anti crevaison m\u00e8che\" \/>\n<meta property=\"og:description\" content=\"Notre kit de r\u00e9paration pneu voiture est con\u00e7u pour convenir \u00e0 tous les types de voitures et de pneus. Que vous conduisiez une voiture de tourisme, un SUV ou une petite voiture citadine, notre kit est l\u00e0 pour vous sauver en cas de crevaison inattendue.\" \/>\n<meta property=\"og:url\" content=\"https:\/\/macote.fr\/es\/producto\/kit-reparacion-neumaticos-coche-2\/\" \/>\n<meta property=\"og:site_name\" content=\"MaCote.fr\" \/>\n<meta property=\"article:publisher\" content=\"https:\/\/www.facebook.com\/profile.php?id=100091476586119\" \/>\n<meta property=\"article:modified_time\" content=\"2023-06-19T07:38:34+00:00\" \/>\n<meta property=\"og:image\" content=\"https:\/\/macote.fr\/wp-content\/uploads\/2023\/05\/Kit-reparation-pneu-voiture-crevaison.jpeg\" \/>\n\t<meta property=\"og:image:width\" content=\"1000\" \/>\n\t<meta property=\"og:image:height\" content=\"1000\" \/>\n\t<meta property=\"og:image:type\" content=\"image\/jpeg\" \/>\n<meta name=\"twitter:card\" content=\"summary_large_image\" \/>\n<meta name=\"twitter:label1\" content=\"Tiempo de lectura\" \/>\n\t<meta name=\"twitter:data1\" content=\"1 minuto\" \/>\n<script type=\"application\/ld+json\" class=\"yoast-schema-graph\">{\"@context\":\"https:\\\/\\\/schema.org\",\"@graph\":[{\"@type\":\"WebPage\",\"@id\":\"https:\\\/\\\/macote.fr\\\/produit\\\/kit-reparation-pneu-voiture\\\/\",\"url\":\"https:\\\/\\\/macote.fr\\\/produit\\\/kit-reparation-pneu-voiture\\\/\",\"name\":\"KIT Reparation Pneu Voiture - kit anti crevaison m\u00e8che - MaCote.fr\",\"isPartOf\":{\"@id\":\"https:\\\/\\\/macote.fr\\\/#website\"},\"primaryImageOfPage\":{\"@id\":\"https:\\\/\\\/macote.fr\\\/produit\\\/kit-reparation-pneu-voiture\\\/#primaryimage\"},\"image\":{\"@id\":\"https:\\\/\\\/macote.fr\\\/produit\\\/kit-reparation-pneu-voiture\\\/#primaryimage\"},\"thumbnailUrl\":\"https:\\\/\\\/macote.fr\\\/wp-content\\\/uploads\\\/2023\\\/05\\\/Kit-reparation-pneu-voiture-crevaison.jpeg\",\"datePublished\":\"2023-05-19T17:45:26+00:00\",\"dateModified\":\"2023-06-19T07:38:34+00:00\",\"breadcrumb\":{\"@id\":\"https:\\\/\\\/macote.fr\\\/produit\\\/kit-reparation-pneu-voiture\\\/#breadcrumb\"},\"inLanguage\":\"es\",\"potentialAction\":[{\"@type\":\"ReadAction\",\"target\":[\"https:\\\/\\\/macote.fr\\\/produit\\\/kit-reparation-pneu-voiture\\\/\"]}]},{\"@type\":\"ImageObject\",\"inLanguage\":\"es\",\"@id\":\"https:\\\/\\\/macote.fr\\\/produit\\\/kit-reparation-pneu-voiture\\\/#primaryimage\",\"url\":\"https:\\\/\\\/macote.fr\\\/wp-content\\\/uploads\\\/2023\\\/05\\\/Kit-reparation-pneu-voiture-crevaison.jpeg\",\"contentUrl\":\"https:\\\/\\\/macote.fr\\\/wp-content\\\/uploads\\\/2023\\\/05\\\/Kit-reparation-pneu-voiture-crevaison.jpeg\",\"width\":1000,\"height\":1000,\"caption\":\"Kit r\u00e9paration pneu voiture crevaison\"},{\"@type\":\"BreadcrumbList\",\"@id\":\"https:\\\/\\\/macote.fr\\\/produit\\\/kit-reparation-pneu-voiture\\\/#breadcrumb\",\"itemListElement\":[{\"@type\":\"ListItem\",\"position\":1,\"name\":\"Accueil\",\"item\":\"https:\\\/\\\/macote.fr\\\/\"},{\"@type\":\"ListItem\",\"position\":2,\"name\":\"Boutique\",\"item\":\"https:\\\/\\\/macote.fr\\\/boutique\\\/\"},{\"@type\":\"ListItem\",\"position\":3,\"name\":\"KIT Reparation Pneu Voiture &#8211; kit anti crevaison m\u00e8che\"}]},{\"@type\":\"WebSite\",\"@id\":\"https:\\\/\\\/macote.fr\\\/#website\",\"url\":\"https:\\\/\\\/macote.fr\\\/\",\"name\":\"MaCote.fr\",\"description\":\"BMW best accessories\",\"publisher\":{\"@id\":\"https:\\\/\\\/macote.fr\\\/#organization\"},\"alternateName\":\"BMW tuning\",\"potentialAction\":[{\"@type\":\"SearchAction\",\"target\":{\"@type\":\"EntryPoint\",\"urlTemplate\":\"https:\\\/\\\/macote.fr\\\/?s={search_term_string}\"},\"query-input\":{\"@type\":\"PropertyValueSpecification\",\"valueRequired\":true,\"valueName\":\"search_term_string\"}}],\"inLanguage\":\"es\"},{\"@type\":\"Organization\",\"@id\":\"https:\\\/\\\/macote.fr\\\/#organization\",\"name\":\"Macote.fr\",\"alternateName\":\"BMW tuning\",\"url\":\"https:\\\/\\\/macote.fr\\\/\",\"logo\":{\"@type\":\"ImageObject\",\"inLanguage\":\"es\",\"@id\":\"https:\\\/\\\/macote.fr\\\/#\\\/schema\\\/logo\\\/image\\\/\",\"url\":\"https:\\\/\\\/macote.fr\\\/wp-content\\\/uploads\\\/2023\\\/11\\\/LOGO-macote.fr-dessin-bmw-noir-copy.jpg\",\"contentUrl\":\"https:\\\/\\\/macote.fr\\\/wp-content\\\/uploads\\\/2023\\\/11\\\/LOGO-macote.fr-dessin-bmw-noir-copy.jpg\",\"width\":732,\"height\":456,\"caption\":\"Macote.fr\"},\"image\":{\"@id\":\"https:\\\/\\\/macote.fr\\\/#\\\/schema\\\/logo\\\/image\\\/\"},\"sameAs\":[\"https:\\\/\\\/www.facebook.com\\\/profile.php?id=100091476586119\",\"https:\\\/\\\/www.youtube.com\\\/channel\\\/UCgO-YTbaxYO-w_C5GfL-_1w\",\"https:\\\/\\\/www.tiktok.com\\\/@macote.fr?is_from_webapp=1&sender_device=pc\",\"https:\\\/\\\/www.instagram.com\\\/i_xila_i\\\/\"]}]}<\/script>\n<!-- \/ Yoast SEO Premium plugin. -->","yoast_head_json":{"title":"KIT Reparation Pneu Voiture - kit anti puncture m\u00e8che - MaCote.fr","robots":{"index":"index","follow":"follow","max-snippet":"max-snippet:-1","max-image-preview":"max-image-preview:large","max-video-preview":"max-video-preview:-1"},"canonical":"https:\/\/macote.fr\/es\/producto\/kit-reparacion-neumaticos-coche-2\/","og_locale":"es_ES","og_type":"article","og_title":"KIT Reparation Pneu Voiture - kit anti crevaison m\u00e8che","og_description":"Notre kit de r\u00e9paration pneu voiture est con\u00e7u pour convenir \u00e0 tous les types de voitures et de pneus. Que vous conduisiez une voiture de tourisme, un SUV ou une petite voiture citadine, notre kit est l\u00e0 pour vous sauver en cas de crevaison inattendue.","og_url":"https:\/\/macote.fr\/es\/producto\/kit-reparacion-neumaticos-coche-2\/","og_site_name":"MaCote.fr","article_publisher":"https:\/\/www.facebook.com\/profile.php?id=100091476586119","article_modified_time":"2023-06-19T07:38:34+00:00","og_image":[{"width":1000,"height":1000,"url":"https:\/\/macote.fr\/wp-content\/uploads\/2023\/05\/Kit-reparation-pneu-voiture-crevaison.jpeg","type":"image\/jpeg"}],"twitter_card":"summary_large_image","twitter_misc":{"Tiempo de lectura":"1 minuto"},"schema":{"@context":"https:\/\/schema.org","@graph":[{"@type":"WebPage","@id":"https:\/\/macote.fr\/produit\/kit-reparation-pneu-voiture\/","url":"https:\/\/macote.fr\/produit\/kit-reparation-pneu-voiture\/","name":"KIT Reparation Pneu Voiture - kit anti puncture m\u00e8che - MaCote.fr","isPartOf":{"@id":"https:\/\/macote.fr\/#website"},"primaryImageOfPage":{"@id":"https:\/\/macote.fr\/produit\/kit-reparation-pneu-voiture\/#primaryimage"},"image":{"@id":"https:\/\/macote.fr\/produit\/kit-reparation-pneu-voiture\/#primaryimage"},"thumbnailUrl":"https:\/\/macote.fr\/wp-content\/uploads\/2023\/05\/Kit-reparation-pneu-voiture-crevaison.jpeg","datePublished":"2023-05-19T17:45:26+00:00","dateModified":"2023-06-19T07:38:34+00:00","breadcrumb":{"@id":"https:\/\/macote.fr\/produit\/kit-reparation-pneu-voiture\/#breadcrumb"},"inLanguage":"es","potentialAction":[{"@type":"ReadAction","target":["https:\/\/macote.fr\/produit\/kit-reparation-pneu-voiture\/"]}]},{"@type":"ImageObject","inLanguage":"es","@id":"https:\/\/macote.fr\/produit\/kit-reparation-pneu-voiture\/#primaryimage","url":"https:\/\/macote.fr\/wp-content\/uploads\/2023\/05\/Kit-reparation-pneu-voiture-crevaison.jpeg","contentUrl":"https:\/\/macote.fr\/wp-content\/uploads\/2023\/05\/Kit-reparation-pneu-voiture-crevaison.jpeg","width":1000,"height":1000,"caption":"Kit r\u00e9paration pneu voiture crevaison"},{"@type":"BreadcrumbList","@id":"https:\/\/macote.fr\/produit\/kit-reparation-pneu-voiture\/#breadcrumb","itemListElement":[{"@type":"ListItem","position":1,"name":"Accueil","item":"https:\/\/macote.fr\/"},{"@type":"ListItem","position":2,"name":"Boutique","item":"https:\/\/macote.fr\/boutique\/"},{"@type":"ListItem","position":3,"name":"KIT Reparation Pneu Voiture &#8211; kit anti crevaison m\u00e8che"}]},{"@type":"WebSite","@id":"https:\/\/macote.fr\/#website","url":"https:\/\/macote.fr\/","name":"MyQuote.com","description":"Los mejores accesorios BMW","publisher":{"@id":"https:\/\/macote.fr\/#organization"},"alternateName":"BMW tuning","potentialAction":[{"@type":"SearchAction","target":{"@type":"EntryPoint","urlTemplate":"https:\/\/macote.fr\/?s={search_term_string}"},"query-input":{"@type":"PropertyValueSpecification","valueRequired":true,"valueName":"search_term_string"}}],"inLanguage":"es"},{"@type":"Organization","@id":"https:\/\/macote.fr\/#organization","name":"Macote.es","alternateName":"BMW tuning","url":"https:\/\/macote.fr\/","logo":{"@type":"ImageObject","inLanguage":"es","@id":"https:\/\/macote.fr\/#\/schema\/logo\/image\/","url":"https:\/\/macote.fr\/wp-content\/uploads\/2023\/11\/LOGO-macote.fr-dessin-bmw-noir-copy.jpg","contentUrl":"https:\/\/macote.fr\/wp-content\/uploads\/2023\/11\/LOGO-macote.fr-dessin-bmw-noir-copy.jpg","width":732,"height":456,"caption":"Macote.fr"},"image":{"@id":"https:\/\/macote.fr\/#\/schema\/logo\/image\/"},"sameAs":["https:\/\/www.facebook.com\/profile.php?id=100091476586119","https:\/\/www.youtube.com\/channel\/UCgO-YTbaxYO-w_C5GfL-_1w","https:\/\/www.tiktok.com\/@macote.fr?is_from_webapp=1&sender_device=pc","https:\/\/www.instagram.com\/i_xila_i\/"]}]}},"_links":{"self":[{"href":"https:\/\/macote.fr\/es\/wp-json\/wp\/v2\/product\/1952","targetHints":{"allow":["GET"]}}],"collection":[{"href":"https:\/\/macote.fr\/es\/wp-json\/wp\/v2\/product"}],"about":[{"href":"https:\/\/macote.fr\/es\/wp-json\/wp\/v2\/types\/product"}],"replies":[{"embeddable":true,"href":"https:\/\/macote.fr\/es\/wp-json\/wp\/v2\/comments?post=1952"}],"wp:featuredmedia":[{"embeddable":true,"href":"https:\/\/macote.fr\/es\/wp-json\/wp\/v2\/media\/1953"}],"wp:attachment":[{"href":"https:\/\/macote.fr\/es\/wp-json\/wp\/v2\/media?parent=1952"}],"wp:term":[{"taxonomy":"product_brand","embeddable":true,"href":"https:\/\/macote.fr\/es\/wp-json\/wp\/v2\/product_brand?post=1952"},{"taxonomy":"product_cat","embeddable":true,"href":"https:\/\/macote.fr\/es\/wp-json\/wp\/v2\/product_cat?post=1952"},{"taxonomy":"product_tag","embeddable":true,"href":"https:\/\/macote.fr\/es\/wp-json\/wp\/v2\/product_tag?post=1952"}],"curies":[{"name":"wp","href":"https:\/\/api.w.org\/{rel}","templated":true}]}}