{"id":1956,"date":"2023-05-19T22:55:29","date_gmt":"2023-05-19T20:55:29","guid":{"rendered":"https:\/\/macote.fr\/?post_type=product&#038;p=1956"},"modified":"2023-06-19T09:38:33","modified_gmt":"2023-06-19T07:38:33","slug":"kit-reparacion-pare-brise","status":"publish","type":"product","link":"https:\/\/macote.fr\/es\/producto\/kit-reparacion-pare-brise\/","title":{"rendered":"kit de reparaci\u00f3n de parabrisas"},"content":{"rendered":"<h1 style=\"text-align: center;\">Kit de reparaci\u00f3n de parabrisas<\/h1>\n<p>Descubra nuestro Kit de reparaci\u00f3n de parabrisas, la herramienta esencial para reparar grietas y desconchones en el parabrisas de su coche.<\/p>\n<h3>Accesible<\/h3>\n<p>Nuestro kit est\u00e1 especialmente dise\u00f1ado para que pueda reparar parabrisas agrietados de forma eficaz y sencilla. Incluye todo lo necesario para una reparaci\u00f3n de calidad profesional. Ya no tendr\u00e1 que gastarse una fortuna en sustituir todo el parabrisas. Nuestro kit le ofrece una soluci\u00f3n econ\u00f3mica y pr\u00e1ctica.<\/p>\n<p>Reparar su parabrisas es sencillo y accesible para todos gracias a nuestro kit. Basta con seguir las instrucciones detalladas suministradas con el kit. Utilizando las herramientas suministradas, puede rellenar las grietas con nuestra resina de primera calidad, ayudando a reforzar y restaurar la integridad estructural de su parabrisas.<\/p>\n<h3>Seguridad<\/h3>\n<p>Nuestro kit de reparaci\u00f3n de parabrisas es adecuado para una amplia gama de grietas y astillas, tanto peque\u00f1as como grandes. Reparar su parabrisas r\u00e1pidamente puede evitar que las grietas se extiendan, evitando costosas reparaciones posteriores o la sustituci\u00f3n completa del parabrisas.<\/p>\n<p>La seguridad de su veh\u00edculo y de sus ocupantes es nuestra prioridad absoluta. Al reparar r\u00e1pidamente su parabrisas agrietado con nuestro kit, puede garantizar una mejor visibilidad y una mayor resistencia en caso de impacto o emergencia.<\/p>\n<h3>Instrucciones :<\/h3>\n<p>&nbsp;<\/p>\n<p>&nbsp;<\/p>","protected":false},"excerpt":{"rendered":"<p>Descubra nuestro Kit de reparaci\u00f3n de parabrisas, la herramienta esencial para reparar grietas y desconchones en el parabrisas de su coche.<\/p>","protected":false},"featured_media":1957,"comment_status":"open","ping_status":"closed","template":"","meta":{"_eb_attr":""},"product_brand":[],"product_cat":[70,56],"product_tag":[],"class_list":{"0":"post-1956","1":"product","2":"type-product","3":"status-publish","4":"has-post-thumbnail","6":"product_cat-produits-dentretiens","7":"product_cat-accessoires-divers","9":"first","10":"instock","11":"taxable","12":"shipping-taxable","13":"purchasable","14":"product-type-simple"},"yoast_head":"<!-- This site is optimized with the Yoast SEO Premium plugin v20.7 (Yoast SEO v27.5) - https:\/\/yoast.com\/product\/yoast-seo-premium-wordpress\/ -->\n<title>kit r\u00e9paration pare-brise - MaCote.fr<\/title>\n<meta name=\"robots\" content=\"index, follow, max-snippet:-1, max-image-preview:large, max-video-preview:-1\" \/>\n<link rel=\"canonical\" href=\"https:\/\/macote.fr\/es\/producto\/kit-reparacion-pare-brise\/\" \/>\n<meta property=\"og:locale\" content=\"es_ES\" \/>\n<meta property=\"og:type\" content=\"article\" \/>\n<meta property=\"og:title\" content=\"kit r\u00e9paration pare-brise\" \/>\n<meta property=\"og:description\" content=\"D\u00e9couvrez notre Kit de R\u00e9paration Pare-Brise, l&#039;outil incontournable pour rem\u00e9dier aux fissures et aux \u00e9clats sur votre pare-brise de voiture.\" \/>\n<meta property=\"og:url\" content=\"https:\/\/macote.fr\/es\/producto\/kit-reparacion-pare-brise\/\" \/>\n<meta property=\"og:site_name\" content=\"MaCote.fr\" \/>\n<meta property=\"article:publisher\" content=\"https:\/\/www.facebook.com\/profile.php?id=100091476586119\" \/>\n<meta property=\"article:modified_time\" content=\"2023-06-19T07:38:33+00:00\" \/>\n<meta property=\"og:image\" content=\"https:\/\/macote.fr\/wp-content\/uploads\/2023\/05\/kit-reparation-parebrise.jpeg\" \/>\n\t<meta property=\"og:image:width\" content=\"800\" \/>\n\t<meta property=\"og:image:height\" content=\"800\" \/>\n\t<meta property=\"og:image:type\" content=\"image\/jpeg\" \/>\n<meta name=\"twitter:card\" content=\"summary_large_image\" \/>\n<meta name=\"twitter:label1\" content=\"Tiempo de lectura\" \/>\n\t<meta name=\"twitter:data1\" content=\"1 minuto\" \/>\n<script type=\"application\/ld+json\" class=\"yoast-schema-graph\">{\"@context\":\"https:\\\/\\\/schema.org\",\"@graph\":[{\"@type\":\"WebPage\",\"@id\":\"https:\\\/\\\/macote.fr\\\/produit\\\/kit-reparation-pare-brise\\\/\",\"url\":\"https:\\\/\\\/macote.fr\\\/produit\\\/kit-reparation-pare-brise\\\/\",\"name\":\"kit r\u00e9paration pare-brise - MaCote.fr\",\"isPartOf\":{\"@id\":\"https:\\\/\\\/macote.fr\\\/#website\"},\"primaryImageOfPage\":{\"@id\":\"https:\\\/\\\/macote.fr\\\/produit\\\/kit-reparation-pare-brise\\\/#primaryimage\"},\"image\":{\"@id\":\"https:\\\/\\\/macote.fr\\\/produit\\\/kit-reparation-pare-brise\\\/#primaryimage\"},\"thumbnailUrl\":\"https:\\\/\\\/macote.fr\\\/wp-content\\\/uploads\\\/2023\\\/05\\\/kit-reparation-parebrise.jpeg\",\"datePublished\":\"2023-05-19T20:55:29+00:00\",\"dateModified\":\"2023-06-19T07:38:33+00:00\",\"breadcrumb\":{\"@id\":\"https:\\\/\\\/macote.fr\\\/produit\\\/kit-reparation-pare-brise\\\/#breadcrumb\"},\"inLanguage\":\"es\",\"potentialAction\":[{\"@type\":\"ReadAction\",\"target\":[\"https:\\\/\\\/macote.fr\\\/produit\\\/kit-reparation-pare-brise\\\/\"]}]},{\"@type\":\"ImageObject\",\"inLanguage\":\"es\",\"@id\":\"https:\\\/\\\/macote.fr\\\/produit\\\/kit-reparation-pare-brise\\\/#primaryimage\",\"url\":\"https:\\\/\\\/macote.fr\\\/wp-content\\\/uploads\\\/2023\\\/05\\\/kit-reparation-parebrise.jpeg\",\"contentUrl\":\"https:\\\/\\\/macote.fr\\\/wp-content\\\/uploads\\\/2023\\\/05\\\/kit-reparation-parebrise.jpeg\",\"width\":800,\"height\":800,\"caption\":\"kit r\u00e9paration pare-brise\"},{\"@type\":\"BreadcrumbList\",\"@id\":\"https:\\\/\\\/macote.fr\\\/produit\\\/kit-reparation-pare-brise\\\/#breadcrumb\",\"itemListElement\":[{\"@type\":\"ListItem\",\"position\":1,\"name\":\"Accueil\",\"item\":\"https:\\\/\\\/macote.fr\\\/\"},{\"@type\":\"ListItem\",\"position\":2,\"name\":\"Boutique\",\"item\":\"https:\\\/\\\/macote.fr\\\/boutique\\\/\"},{\"@type\":\"ListItem\",\"position\":3,\"name\":\"kit r\u00e9paration pare-brise\"}]},{\"@type\":\"WebSite\",\"@id\":\"https:\\\/\\\/macote.fr\\\/#website\",\"url\":\"https:\\\/\\\/macote.fr\\\/\",\"name\":\"MaCote.fr\",\"description\":\"BMW best accessories\",\"publisher\":{\"@id\":\"https:\\\/\\\/macote.fr\\\/#organization\"},\"alternateName\":\"BMW tuning\",\"potentialAction\":[{\"@type\":\"SearchAction\",\"target\":{\"@type\":\"EntryPoint\",\"urlTemplate\":\"https:\\\/\\\/macote.fr\\\/?s={search_term_string}\"},\"query-input\":{\"@type\":\"PropertyValueSpecification\",\"valueRequired\":true,\"valueName\":\"search_term_string\"}}],\"inLanguage\":\"es\"},{\"@type\":\"Organization\",\"@id\":\"https:\\\/\\\/macote.fr\\\/#organization\",\"name\":\"Macote.fr\",\"alternateName\":\"BMW tuning\",\"url\":\"https:\\\/\\\/macote.fr\\\/\",\"logo\":{\"@type\":\"ImageObject\",\"inLanguage\":\"es\",\"@id\":\"https:\\\/\\\/macote.fr\\\/#\\\/schema\\\/logo\\\/image\\\/\",\"url\":\"https:\\\/\\\/macote.fr\\\/wp-content\\\/uploads\\\/2023\\\/11\\\/LOGO-macote.fr-dessin-bmw-noir-copy.jpg\",\"contentUrl\":\"https:\\\/\\\/macote.fr\\\/wp-content\\\/uploads\\\/2023\\\/11\\\/LOGO-macote.fr-dessin-bmw-noir-copy.jpg\",\"width\":732,\"height\":456,\"caption\":\"Macote.fr\"},\"image\":{\"@id\":\"https:\\\/\\\/macote.fr\\\/#\\\/schema\\\/logo\\\/image\\\/\"},\"sameAs\":[\"https:\\\/\\\/www.facebook.com\\\/profile.php?id=100091476586119\",\"https:\\\/\\\/www.youtube.com\\\/channel\\\/UCgO-YTbaxYO-w_C5GfL-_1w\",\"https:\\\/\\\/www.tiktok.com\\\/@macote.fr?is_from_webapp=1&sender_device=pc\",\"https:\\\/\\\/www.instagram.com\\\/i_xila_i\\\/\"]}]}<\/script>\n<!-- \/ Yoast SEO Premium plugin. -->","yoast_head_json":{"title":"kit de reparaci\u00f3n de parabrisas - MaCote.fr","robots":{"index":"index","follow":"follow","max-snippet":"max-snippet:-1","max-image-preview":"max-image-preview:large","max-video-preview":"max-video-preview:-1"},"canonical":"https:\/\/macote.fr\/es\/producto\/kit-reparacion-pare-brise\/","og_locale":"es_ES","og_type":"article","og_title":"kit r\u00e9paration pare-brise","og_description":"D\u00e9couvrez notre Kit de R\u00e9paration Pare-Brise, l'outil incontournable pour rem\u00e9dier aux fissures et aux \u00e9clats sur votre pare-brise de voiture.","og_url":"https:\/\/macote.fr\/es\/producto\/kit-reparacion-pare-brise\/","og_site_name":"MaCote.fr","article_publisher":"https:\/\/www.facebook.com\/profile.php?id=100091476586119","article_modified_time":"2023-06-19T07:38:33+00:00","og_image":[{"width":800,"height":800,"url":"https:\/\/macote.fr\/wp-content\/uploads\/2023\/05\/kit-reparation-parebrise.jpeg","type":"image\/jpeg"}],"twitter_card":"summary_large_image","twitter_misc":{"Tiempo de lectura":"1 minuto"},"schema":{"@context":"https:\/\/schema.org","@graph":[{"@type":"WebPage","@id":"https:\/\/macote.fr\/produit\/kit-reparation-pare-brise\/","url":"https:\/\/macote.fr\/produit\/kit-reparation-pare-brise\/","name":"kit de reparaci\u00f3n de parabrisas - MaCote.fr","isPartOf":{"@id":"https:\/\/macote.fr\/#website"},"primaryImageOfPage":{"@id":"https:\/\/macote.fr\/produit\/kit-reparation-pare-brise\/#primaryimage"},"image":{"@id":"https:\/\/macote.fr\/produit\/kit-reparation-pare-brise\/#primaryimage"},"thumbnailUrl":"https:\/\/macote.fr\/wp-content\/uploads\/2023\/05\/kit-reparation-parebrise.jpeg","datePublished":"2023-05-19T20:55:29+00:00","dateModified":"2023-06-19T07:38:33+00:00","breadcrumb":{"@id":"https:\/\/macote.fr\/produit\/kit-reparation-pare-brise\/#breadcrumb"},"inLanguage":"es","potentialAction":[{"@type":"ReadAction","target":["https:\/\/macote.fr\/produit\/kit-reparation-pare-brise\/"]}]},{"@type":"ImageObject","inLanguage":"es","@id":"https:\/\/macote.fr\/produit\/kit-reparation-pare-brise\/#primaryimage","url":"https:\/\/macote.fr\/wp-content\/uploads\/2023\/05\/kit-reparation-parebrise.jpeg","contentUrl":"https:\/\/macote.fr\/wp-content\/uploads\/2023\/05\/kit-reparation-parebrise.jpeg","width":800,"height":800,"caption":"kit r\u00e9paration pare-brise"},{"@type":"BreadcrumbList","@id":"https:\/\/macote.fr\/produit\/kit-reparation-pare-brise\/#breadcrumb","itemListElement":[{"@type":"ListItem","position":1,"name":"Accueil","item":"https:\/\/macote.fr\/"},{"@type":"ListItem","position":2,"name":"Boutique","item":"https:\/\/macote.fr\/boutique\/"},{"@type":"ListItem","position":3,"name":"kit r\u00e9paration pare-brise"}]},{"@type":"WebSite","@id":"https:\/\/macote.fr\/#website","url":"https:\/\/macote.fr\/","name":"MyQuote.com","description":"Los mejores accesorios BMW","publisher":{"@id":"https:\/\/macote.fr\/#organization"},"alternateName":"BMW tuning","potentialAction":[{"@type":"SearchAction","target":{"@type":"EntryPoint","urlTemplate":"https:\/\/macote.fr\/?s={search_term_string}"},"query-input":{"@type":"PropertyValueSpecification","valueRequired":true,"valueName":"search_term_string"}}],"inLanguage":"es"},{"@type":"Organization","@id":"https:\/\/macote.fr\/#organization","name":"Macote.es","alternateName":"BMW tuning","url":"https:\/\/macote.fr\/","logo":{"@type":"ImageObject","inLanguage":"es","@id":"https:\/\/macote.fr\/#\/schema\/logo\/image\/","url":"https:\/\/macote.fr\/wp-content\/uploads\/2023\/11\/LOGO-macote.fr-dessin-bmw-noir-copy.jpg","contentUrl":"https:\/\/macote.fr\/wp-content\/uploads\/2023\/11\/LOGO-macote.fr-dessin-bmw-noir-copy.jpg","width":732,"height":456,"caption":"Macote.fr"},"image":{"@id":"https:\/\/macote.fr\/#\/schema\/logo\/image\/"},"sameAs":["https:\/\/www.facebook.com\/profile.php?id=100091476586119","https:\/\/www.youtube.com\/channel\/UCgO-YTbaxYO-w_C5GfL-_1w","https:\/\/www.tiktok.com\/@macote.fr?is_from_webapp=1&sender_device=pc","https:\/\/www.instagram.com\/i_xila_i\/"]}]}},"_links":{"self":[{"href":"https:\/\/macote.fr\/es\/wp-json\/wp\/v2\/product\/1956","targetHints":{"allow":["GET"]}}],"collection":[{"href":"https:\/\/macote.fr\/es\/wp-json\/wp\/v2\/product"}],"about":[{"href":"https:\/\/macote.fr\/es\/wp-json\/wp\/v2\/types\/product"}],"replies":[{"embeddable":true,"href":"https:\/\/macote.fr\/es\/wp-json\/wp\/v2\/comments?post=1956"}],"wp:featuredmedia":[{"embeddable":true,"href":"https:\/\/macote.fr\/es\/wp-json\/wp\/v2\/media\/1957"}],"wp:attachment":[{"href":"https:\/\/macote.fr\/es\/wp-json\/wp\/v2\/media?parent=1956"}],"wp:term":[{"taxonomy":"product_brand","embeddable":true,"href":"https:\/\/macote.fr\/es\/wp-json\/wp\/v2\/product_brand?post=1956"},{"taxonomy":"product_cat","embeddable":true,"href":"https:\/\/macote.fr\/es\/wp-json\/wp\/v2\/product_cat?post=1956"},{"taxonomy":"product_tag","embeddable":true,"href":"https:\/\/macote.fr\/es\/wp-json\/wp\/v2\/product_tag?post=1956"}],"curies":[{"name":"wp","href":"https:\/\/api.w.org\/{rel}","templated":true}]}}