{"id":1960,"date":"2023-05-20T12:00:00","date_gmt":"2023-05-20T10:00:00","guid":{"rendered":"https:\/\/macote.fr\/?post_type=product&#038;p=1960"},"modified":"2024-02-22T23:58:05","modified_gmt":"2024-02-22T22:58:05","slug":"angel-eyes-bmw-e36","status":"publish","type":"product","link":"https:\/\/macote.fr\/es\/producto\/angel-eyes-bmw-e36\/","title":{"rendered":"Ojos de \u00e1ngel E36 BMW"},"content":{"rendered":"<h1 style=\"text-align: center;\">Angel Eyes BMW E36<\/h1>\n<p>Los Angel Eyes e36 son una modificaci\u00f3n popular para los propietarios de BMW que buscan a\u00f1adir un toque \u00fanico y agresivo a su veh\u00edculo. Los faros originales de BMW ya son impresionantes, pero los Angel Eyes les dan un aspecto a\u00fan m\u00e1s llamativo.<\/p>\n<p>Angel Eyes para E36 son anillos de luz LED que rodean los faros de su BMW. Los anillos de luz est\u00e1n dise\u00f1ados para ser instalados como sustitutos de las bombillas hal\u00f3genas originales, y se utilizan a menudo en conjunci\u00f3n con bombillas LED para una iluminaci\u00f3n \u00f3ptima.<\/p>\n<h4>Modernidad :<\/h4>\n<p>El estilo agresivo de los Angel Eyes E36 a\u00f1ade un toque de deportividad y elegancia a su coche. Cuando se iluminan, los anillos luminosos dan un efecto penetrante y anguloso, reforzando la impresi\u00f3n de dinamismo del veh\u00edculo. Esto permite a los propietarios de BMW destacar entre la multitud y mostrar su personalidad \u00fanica.<\/p>\n<p>A diferencia de los m\u00f3dulos de faros completos, los Angel Eyes E36 son f\u00e1ciles y asequibles de instalar. Lo que es m\u00e1s, no requieren grandes modificaciones en su coche. Se pueden instalar en casa y las instrucciones se incluyen con el conjunto de anillos luminosos.<\/p>\n<h4>Combine nuestros ojos de \u00e1ngel con :<\/h4>\n<p>Descubre la versi\u00f3n RBG de nuestros ojos de \u00e1ngel para adaptar tu coche a tu estilo.<\/p>\n<p><a href=\"https:\/\/macote.fr\/es\/producto\/kit-angel-eyes-bmw-rgb\/\">https:\/\/macote.fr\/produit\/angel-eyes-bmw-rgb-kit\/<\/a><\/p>\n<p>Descubra nuestras bombillas LED para completar el estilo de su BMW y disfrutar de una iluminaci\u00f3n de alta calidad.<\/p>\n<p><a href=\"https:\/\/macote.fr\/es\/producto\/ampoules-led-voiture\/\">https:\/\/macote.fr\/produit\/ampoules-led-voiture\/<\/a><\/p>\n<p>&nbsp;<\/p>\n<h4>Caracter\u00edsticas :<\/h4>\n<p>-angel eyes E36\" luces led super brillantes<br \/>\n-Luz blanca brillante con una temperatura de brillo de 6000K<br \/>\n-Luz blanca ultrabrillante (visible incluso con xen\u00f3n)<\/p>\n<p>-Ajuste personalizado para el faro.<br \/>\n-Color blanco o amarillo<br \/>\n-Puede conectarse con la luz de bienvenida, DRL u otras luces.<br \/>\n-Fabricado con luces LED SMD de alta calidad<br \/>\n-5 veces m\u00e1s brillante que los LED originales de BMW<br \/>\n-Dale a tu BMW E36 un aspecto de iluminaci\u00f3n premium<br \/>\n-100% Nuevo<br \/>\n-Voltaje: 12V.<\/p>\n<p>&nbsp;<\/p>\n<h4>Modelos compatibles<\/h4>\n<div>\n<div data-spm-anchor-id=\"a2g0o.detail.1000023.i0.c9994cdb6tehYG\">Para BMW Serie 3 E30 1988-1991 Facelift<\/div>\n<div data-spm-anchor-id=\"a2g0o.detail.1000023.i1.c9994cdb6tehYG\">Para BMW Serie 3 E30 1982-1987 pre-facelift<\/div>\n<\/div>\n<div data-spm-anchor-id=\"a2g0o.detail.1000023.i0.14b09963mvBfzC\">Para BMW serie 3 E30 M3 1988-1991<br \/>\nPara BMW Serie 3 E36 1990-2000<br \/>\nPara BMW Serie 3 E36M3 1990-2000<\/div>\n<div data-spm-anchor-id=\"a2g0o.detail.1000023.i0.14b09963mvBfzC\"><\/div>\n<h4 data-spm-anchor-id=\"a2g0o.detail.1000023.i0.14b09963mvBfzC\">Motorizaci\u00f3n :<\/h4>\n<div>BMW Serie 3 330i<\/div>\n<div>BMW Serie 3 325i<\/div>\n<div>BMW Serie 3 323i<\/div>\n<div>\n<div>\n<div>\n<div>BMW Serie 3 316i<\/div>\n<div>BMW Serie 3 318i<\/div>\n<div>BMW serie 3 325td<\/div>\n<\/div>\n<\/div>\n<\/div>","protected":false},"excerpt":{"rendered":"<p>Los BMW E36 Angel Eyes son una modificaci\u00f3n popular para los propietarios de BMW que buscan a\u00f1adir un toque \u00fanico y agresivo a su veh\u00edculo. Los faros originales de BMW ya son impresionantes, pero los Angel Eyes les dan un aspecto a\u00fan m\u00e1s llamativo.<\/p>","protected":false},"featured_media":1970,"comment_status":"open","ping_status":"closed","template":"","meta":{"_eb_attr":""},"product_brand":[],"product_cat":[146,68],"product_tag":[],"class_list":{"0":"post-1960","1":"product","2":"type-product","3":"status-publish","4":"has-post-thumbnail","6":"product_cat-bmw-serie-3-e36","7":"product_cat-eclairage-signature-lumineuse","9":"first","10":"instock","11":"taxable","12":"shipping-taxable","13":"purchasable","14":"product-type-variable"},"yoast_head":"<!-- This site is optimized with the Yoast SEO Premium plugin v20.7 (Yoast SEO v27.4) - https:\/\/yoast.com\/product\/yoast-seo-premium-wordpress\/ -->\n<title>Angel eyes E36 BMW - MaCote.fr<\/title>\n<meta name=\"description\" content=\"Retrouvez nos angel eyes E36 BMW, ils donneront un style inimitable \u00e0 votre BMW. faciles \u00e0 installer et moins couteuse que leur homologues phares angel eyes\" \/>\n<meta name=\"robots\" content=\"index, follow, max-snippet:-1, max-image-preview:large, max-video-preview:-1\" \/>\n<link rel=\"canonical\" href=\"https:\/\/macote.fr\/es\/producto\/angel-eyes-bmw-e36\/\" \/>\n<meta property=\"og:locale\" content=\"es_ES\" \/>\n<meta property=\"og:type\" content=\"article\" \/>\n<meta property=\"og:title\" content=\"Angel eyes E36 BMW\" \/>\n<meta property=\"og:description\" content=\"Retrouvez nos angel eyes E36 BMW, ils donneront un style inimitable \u00e0 votre BMW. faciles \u00e0 installer et moins couteuse que leur homologues phares angel eyes\" \/>\n<meta property=\"og:url\" content=\"https:\/\/macote.fr\/es\/producto\/angel-eyes-bmw-e36\/\" \/>\n<meta property=\"og:site_name\" content=\"MaCote.fr\" \/>\n<meta property=\"article:publisher\" content=\"https:\/\/www.facebook.com\/profile.php?id=100091476586119\" \/>\n<meta property=\"article:modified_time\" content=\"2024-02-22T22:58:05+00:00\" \/>\n<meta property=\"og:image\" content=\"https:\/\/macote.fr\/wp-content\/uploads\/2023\/05\/kit-Angel-eyes-e36-produit.jpeg\" \/>\n\t<meta property=\"og:image:width\" content=\"800\" \/>\n\t<meta property=\"og:image:height\" content=\"800\" \/>\n\t<meta property=\"og:image:type\" content=\"image\/jpeg\" \/>\n<meta name=\"twitter:card\" content=\"summary_large_image\" \/>\n<meta name=\"twitter:label1\" content=\"Tiempo de lectura\" \/>\n\t<meta name=\"twitter:data1\" content=\"2 minutos\" \/>\n<script type=\"application\/ld+json\" class=\"yoast-schema-graph\">{\"@context\":\"https:\\\/\\\/schema.org\",\"@graph\":[{\"@type\":\"WebPage\",\"@id\":\"https:\\\/\\\/macote.fr\\\/produit\\\/angel-eyes-bmw-e36\\\/\",\"url\":\"https:\\\/\\\/macote.fr\\\/produit\\\/angel-eyes-bmw-e36\\\/\",\"name\":\"Angel eyes E36 BMW - MaCote.fr\",\"isPartOf\":{\"@id\":\"https:\\\/\\\/macote.fr\\\/#website\"},\"primaryImageOfPage\":{\"@id\":\"https:\\\/\\\/macote.fr\\\/produit\\\/angel-eyes-bmw-e36\\\/#primaryimage\"},\"image\":{\"@id\":\"https:\\\/\\\/macote.fr\\\/produit\\\/angel-eyes-bmw-e36\\\/#primaryimage\"},\"thumbnailUrl\":\"https:\\\/\\\/macote.fr\\\/wp-content\\\/uploads\\\/2023\\\/05\\\/kit-Angel-eyes-e36-produit.jpeg\",\"datePublished\":\"2023-05-20T10:00:00+00:00\",\"dateModified\":\"2024-02-22T22:58:05+00:00\",\"description\":\"Retrouvez nos angel eyes E36 BMW, ils donneront un style inimitable \u00e0 votre BMW. faciles \u00e0 installer et moins couteuse que leur homologues phares angel eyes\",\"breadcrumb\":{\"@id\":\"https:\\\/\\\/macote.fr\\\/produit\\\/angel-eyes-bmw-e36\\\/#breadcrumb\"},\"inLanguage\":\"es\",\"potentialAction\":[{\"@type\":\"ReadAction\",\"target\":[\"https:\\\/\\\/macote.fr\\\/produit\\\/angel-eyes-bmw-e36\\\/\"]}]},{\"@type\":\"ImageObject\",\"inLanguage\":\"es\",\"@id\":\"https:\\\/\\\/macote.fr\\\/produit\\\/angel-eyes-bmw-e36\\\/#primaryimage\",\"url\":\"https:\\\/\\\/macote.fr\\\/wp-content\\\/uploads\\\/2023\\\/05\\\/kit-Angel-eyes-e36-produit.jpeg\",\"contentUrl\":\"https:\\\/\\\/macote.fr\\\/wp-content\\\/uploads\\\/2023\\\/05\\\/kit-Angel-eyes-e36-produit.jpeg\",\"width\":800,\"height\":800,\"caption\":\"Angel eyes BMW E36\"},{\"@type\":\"BreadcrumbList\",\"@id\":\"https:\\\/\\\/macote.fr\\\/produit\\\/angel-eyes-bmw-e36\\\/#breadcrumb\",\"itemListElement\":[{\"@type\":\"ListItem\",\"position\":1,\"name\":\"Accueil\",\"item\":\"https:\\\/\\\/macote.fr\\\/\"},{\"@type\":\"ListItem\",\"position\":2,\"name\":\"Boutique\",\"item\":\"https:\\\/\\\/macote.fr\\\/boutique\\\/\"},{\"@type\":\"ListItem\",\"position\":3,\"name\":\"Angel eyes E36 BMW\"}]},{\"@type\":\"WebSite\",\"@id\":\"https:\\\/\\\/macote.fr\\\/#website\",\"url\":\"https:\\\/\\\/macote.fr\\\/\",\"name\":\"MaCote.fr\",\"description\":\"BMW best accessories\",\"publisher\":{\"@id\":\"https:\\\/\\\/macote.fr\\\/#organization\"},\"alternateName\":\"BMW tuning\",\"potentialAction\":[{\"@type\":\"SearchAction\",\"target\":{\"@type\":\"EntryPoint\",\"urlTemplate\":\"https:\\\/\\\/macote.fr\\\/?s={search_term_string}\"},\"query-input\":{\"@type\":\"PropertyValueSpecification\",\"valueRequired\":true,\"valueName\":\"search_term_string\"}}],\"inLanguage\":\"es\"},{\"@type\":\"Organization\",\"@id\":\"https:\\\/\\\/macote.fr\\\/#organization\",\"name\":\"Macote.fr\",\"alternateName\":\"BMW tuning\",\"url\":\"https:\\\/\\\/macote.fr\\\/\",\"logo\":{\"@type\":\"ImageObject\",\"inLanguage\":\"es\",\"@id\":\"https:\\\/\\\/macote.fr\\\/#\\\/schema\\\/logo\\\/image\\\/\",\"url\":\"https:\\\/\\\/macote.fr\\\/wp-content\\\/uploads\\\/2023\\\/11\\\/LOGO-macote.fr-dessin-bmw-noir-copy.jpg\",\"contentUrl\":\"https:\\\/\\\/macote.fr\\\/wp-content\\\/uploads\\\/2023\\\/11\\\/LOGO-macote.fr-dessin-bmw-noir-copy.jpg\",\"width\":732,\"height\":456,\"caption\":\"Macote.fr\"},\"image\":{\"@id\":\"https:\\\/\\\/macote.fr\\\/#\\\/schema\\\/logo\\\/image\\\/\"},\"sameAs\":[\"https:\\\/\\\/www.facebook.com\\\/profile.php?id=100091476586119\",\"https:\\\/\\\/www.youtube.com\\\/channel\\\/UCgO-YTbaxYO-w_C5GfL-_1w\",\"https:\\\/\\\/www.tiktok.com\\\/@macote.fr?is_from_webapp=1&sender_device=pc\",\"https:\\\/\\\/www.instagram.com\\\/i_xila_i\\\/\"]}]}<\/script>\n<!-- \/ Yoast SEO Premium plugin. -->","yoast_head_json":{"title":"Ojos de \u00e1ngel E36 BMW - MaCote.fr","description":"Nuestros ojos de \u00e1ngel E36 BMW le dar\u00e1 a su BMW un estilo inimitable. F\u00e1cil de instalar y menos costoso que sus hom\u00f3logos ojos de \u00e1ngel.","robots":{"index":"index","follow":"follow","max-snippet":"max-snippet:-1","max-image-preview":"max-image-preview:large","max-video-preview":"max-video-preview:-1"},"canonical":"https:\/\/macote.fr\/es\/producto\/angel-eyes-bmw-e36\/","og_locale":"es_ES","og_type":"article","og_title":"Angel eyes E36 BMW","og_description":"Retrouvez nos angel eyes E36 BMW, ils donneront un style inimitable \u00e0 votre BMW. faciles \u00e0 installer et moins couteuse que leur homologues phares angel eyes","og_url":"https:\/\/macote.fr\/es\/producto\/angel-eyes-bmw-e36\/","og_site_name":"MaCote.fr","article_publisher":"https:\/\/www.facebook.com\/profile.php?id=100091476586119","article_modified_time":"2024-02-22T22:58:05+00:00","og_image":[{"width":800,"height":800,"url":"https:\/\/macote.fr\/wp-content\/uploads\/2023\/05\/kit-Angel-eyes-e36-produit.jpeg","type":"image\/jpeg"}],"twitter_card":"summary_large_image","twitter_misc":{"Tiempo de lectura":"2 minutos"},"schema":{"@context":"https:\/\/schema.org","@graph":[{"@type":"WebPage","@id":"https:\/\/macote.fr\/produit\/angel-eyes-bmw-e36\/","url":"https:\/\/macote.fr\/produit\/angel-eyes-bmw-e36\/","name":"Ojos de \u00e1ngel E36 BMW - MaCote.fr","isPartOf":{"@id":"https:\/\/macote.fr\/#website"},"primaryImageOfPage":{"@id":"https:\/\/macote.fr\/produit\/angel-eyes-bmw-e36\/#primaryimage"},"image":{"@id":"https:\/\/macote.fr\/produit\/angel-eyes-bmw-e36\/#primaryimage"},"thumbnailUrl":"https:\/\/macote.fr\/wp-content\/uploads\/2023\/05\/kit-Angel-eyes-e36-produit.jpeg","datePublished":"2023-05-20T10:00:00+00:00","dateModified":"2024-02-22T22:58:05+00:00","description":"Nuestros ojos de \u00e1ngel E36 BMW le dar\u00e1 a su BMW un estilo inimitable. F\u00e1cil de instalar y menos costoso que sus hom\u00f3logos ojos de \u00e1ngel.","breadcrumb":{"@id":"https:\/\/macote.fr\/produit\/angel-eyes-bmw-e36\/#breadcrumb"},"inLanguage":"es","potentialAction":[{"@type":"ReadAction","target":["https:\/\/macote.fr\/produit\/angel-eyes-bmw-e36\/"]}]},{"@type":"ImageObject","inLanguage":"es","@id":"https:\/\/macote.fr\/produit\/angel-eyes-bmw-e36\/#primaryimage","url":"https:\/\/macote.fr\/wp-content\/uploads\/2023\/05\/kit-Angel-eyes-e36-produit.jpeg","contentUrl":"https:\/\/macote.fr\/wp-content\/uploads\/2023\/05\/kit-Angel-eyes-e36-produit.jpeg","width":800,"height":800,"caption":"Angel eyes BMW E36"},{"@type":"BreadcrumbList","@id":"https:\/\/macote.fr\/produit\/angel-eyes-bmw-e36\/#breadcrumb","itemListElement":[{"@type":"ListItem","position":1,"name":"Accueil","item":"https:\/\/macote.fr\/"},{"@type":"ListItem","position":2,"name":"Boutique","item":"https:\/\/macote.fr\/boutique\/"},{"@type":"ListItem","position":3,"name":"Angel eyes E36 BMW"}]},{"@type":"WebSite","@id":"https:\/\/macote.fr\/#website","url":"https:\/\/macote.fr\/","name":"MyQuote.com","description":"Los mejores accesorios BMW","publisher":{"@id":"https:\/\/macote.fr\/#organization"},"alternateName":"BMW tuning","potentialAction":[{"@type":"SearchAction","target":{"@type":"EntryPoint","urlTemplate":"https:\/\/macote.fr\/?s={search_term_string}"},"query-input":{"@type":"PropertyValueSpecification","valueRequired":true,"valueName":"search_term_string"}}],"inLanguage":"es"},{"@type":"Organization","@id":"https:\/\/macote.fr\/#organization","name":"Macote.es","alternateName":"BMW tuning","url":"https:\/\/macote.fr\/","logo":{"@type":"ImageObject","inLanguage":"es","@id":"https:\/\/macote.fr\/#\/schema\/logo\/image\/","url":"https:\/\/macote.fr\/wp-content\/uploads\/2023\/11\/LOGO-macote.fr-dessin-bmw-noir-copy.jpg","contentUrl":"https:\/\/macote.fr\/wp-content\/uploads\/2023\/11\/LOGO-macote.fr-dessin-bmw-noir-copy.jpg","width":732,"height":456,"caption":"Macote.fr"},"image":{"@id":"https:\/\/macote.fr\/#\/schema\/logo\/image\/"},"sameAs":["https:\/\/www.facebook.com\/profile.php?id=100091476586119","https:\/\/www.youtube.com\/channel\/UCgO-YTbaxYO-w_C5GfL-_1w","https:\/\/www.tiktok.com\/@macote.fr?is_from_webapp=1&sender_device=pc","https:\/\/www.instagram.com\/i_xila_i\/"]}]}},"_links":{"self":[{"href":"https:\/\/macote.fr\/es\/wp-json\/wp\/v2\/product\/1960","targetHints":{"allow":["GET"]}}],"collection":[{"href":"https:\/\/macote.fr\/es\/wp-json\/wp\/v2\/product"}],"about":[{"href":"https:\/\/macote.fr\/es\/wp-json\/wp\/v2\/types\/product"}],"replies":[{"embeddable":true,"href":"https:\/\/macote.fr\/es\/wp-json\/wp\/v2\/comments?post=1960"}],"wp:featuredmedia":[{"embeddable":true,"href":"https:\/\/macote.fr\/es\/wp-json\/wp\/v2\/media\/1970"}],"wp:attachment":[{"href":"https:\/\/macote.fr\/es\/wp-json\/wp\/v2\/media?parent=1960"}],"wp:term":[{"taxonomy":"product_brand","embeddable":true,"href":"https:\/\/macote.fr\/es\/wp-json\/wp\/v2\/product_brand?post=1960"},{"taxonomy":"product_cat","embeddable":true,"href":"https:\/\/macote.fr\/es\/wp-json\/wp\/v2\/product_cat?post=1960"},{"taxonomy":"product_tag","embeddable":true,"href":"https:\/\/macote.fr\/es\/wp-json\/wp\/v2\/product_tag?post=1960"}],"curies":[{"name":"wp","href":"https:\/\/api.w.org\/{rel}","templated":true}]}}