{"id":2073,"date":"2023-05-25T12:06:44","date_gmt":"2023-05-25T10:06:44","guid":{"rendered":"https:\/\/macote.fr\/?post_type=product&#038;p=2073"},"modified":"2025-04-16T21:04:50","modified_gmt":"2025-04-16T19:04:50","slug":"barra-repelente-de-fibra-de-carbono","status":"publish","type":"product","link":"https:\/\/macote.fr\/es\/producto\/barra-repelente-de-fibra-de-carbono\/","title":{"rendered":"Barra antibumping de fibra de carbono BMW M3 G80 M4 G82 M2 G87"},"content":{"rendered":"<h3>\u00bfEn serio BMW?<\/h3>\n<p>\u00bfTe parece inaceptable que las generaciones m\u00e1s antiguas de M3 y M4 (F80) lleven una barra anti-escalada de fibra de carbono y tu M3 G80 o M4 G82 o G83 no?<\/p>\n<p><strong>A decir verdad, \u00a1nosotros tambi\u00e9n!<\/strong><\/p>\n<p>Te ofrecemos la oportunidad de arreglar el error de BMW M con este coche.<\/p>\n<p>Eche un vistazo a nuestra barra de cierre de fibra de carbono ultraligera y ultrarresistente. \u00a1Ofrece un estilo \u00fanico a su BMW M3, M4 o M2! Su acabado lujoso y exclusivo est\u00e1 dise\u00f1ado no solo para impresionar a los amigos que miren tu compartimento motor, \u00a1sino tambi\u00e9n para a\u00f1adir rendimiento y agresividad a tu estilo de conducci\u00f3n!<\/p>\n<h3>Resistencia y rigidez<\/h3>\n<p>Nuestro objetivo con esta barra de torsi\u00f3n no es s\u00f3lo dar a su BMW M3 o M4 un aspecto a\u00fan m\u00e1s exclusivo, sino tambi\u00e9n ofrecerle un contacto con el suelo y un rendimiento excepcionales.<\/p>\n<p>De hecho, nuestra barra estabilizadora ofrece m\u00e1s rigidez que la barra original de BMW. Una mayor rigidez proporciona a su veh\u00edculo un mejor agarre al suelo, lo que significa menos balanceo y un paso por curva m\u00e1s firme.<\/p>\n<h3>Ligero en todos los sentidos:<\/h3>\n<p>Con s\u00f3lo 0,79 kg, nuestra barra antivuelco de fibra de carbono es una de las m\u00e1s ligeras del mercado. Ahorrar peso es extremadamente importante, sobre todo hoy en d\u00eda, cuando los coches son cada vez m\u00e1s pesados. Como sabe, menos peso rima estrechamente con rendimiento.<\/p>\n<h3>Expresa tu estilo:<\/h3>\n<p>La barra anti-escalada de fibra de carbono es la herramienta ideal para expresar tu amor por el radicalismo y el automovilismo. \u00a1No hay nada m\u00e1s exclusivo que los trucos de fibra de carbono para expresar tu estilo!<\/p>\n<p>El acabado de carbono de alto brillo a\u00f1ade el toque final al atractivo est\u00e9tico general de su coche, afirmando su exclusividad y estilo deportivo.<\/p>\n<p>Compatibilidad :<\/p>\n<p>BMW M2 G87<\/p>\n<p>BMW M3 G80 BERLINA<\/p>\n<p>BMW M3 G81 TOURING<\/p>\n<p>BMW M4 G82 COUP\u00c9<\/p>\n<p>BMW M4 G83 CAB<\/p>","protected":false},"excerpt":{"rendered":"<p>Te parece inaceptable que las generaciones m\u00e1s antiguas de M3 y M4 (F80) tengan una barra antitrepida de fibra de carbono y tu M3 G80 o M4 G82 o G83 no.<\/p>","protected":false},"featured_media":2076,"comment_status":"open","ping_status":"closed","template":"","meta":{"_eb_attr":""},"product_brand":[],"product_cat":[263,200,207,201,213,202,215,69],"product_tag":[],"class_list":{"0":"post-2073","1":"product","2":"type-product","3":"status-publish","4":"has-post-thumbnail","6":"product_cat-bmw-accessoires-fibre-de-carbone","7":"product_cat-m2","8":"product_cat-m2-g87","9":"product_cat-m3","10":"product_cat-m3-g80-g81","11":"product_cat-m4","12":"product_cat-m4-g82-g83","13":"product_cat-modification-de-performance","15":"first","16":"instock","17":"taxable","18":"shipping-taxable","19":"purchasable","20":"product-type-simple"},"yoast_head":"<!-- This site is optimized with the Yoast SEO Premium plugin v20.7 (Yoast SEO v27.4) - https:\/\/yoast.com\/product\/yoast-seo-premium-wordpress\/ -->\n<title>Barre anti rapprochement Fibre de Carbone BMW M3 G80 M4 G82 M2 G87 - MaCote.fr<\/title>\n<meta name=\"robots\" content=\"index, follow, max-snippet:-1, max-image-preview:large, max-video-preview:-1\" \/>\n<link rel=\"canonical\" href=\"https:\/\/macote.fr\/es\/producto\/barra-repelente-de-fibra-de-carbono\/\" \/>\n<meta property=\"og:locale\" content=\"es_ES\" \/>\n<meta property=\"og:type\" content=\"article\" \/>\n<meta property=\"og:title\" content=\"Barre anti rapprochement Fibre de Carbone BMW M3 G80 M4 G82 M2 G87\" \/>\n<meta property=\"og:description\" content=\"Vous trouvez inadmissible que les anciennes g\u00e9n\u00e9rations de M3 et M4 (F80) poss\u00e8dent une barre anti rapprochement en Fibre de Carbone et pas votre M3 G80 ou M4 G82, g83.\" \/>\n<meta property=\"og:url\" content=\"https:\/\/macote.fr\/es\/producto\/barra-repelente-de-fibra-de-carbono\/\" \/>\n<meta property=\"og:site_name\" content=\"MaCote.fr\" \/>\n<meta property=\"article:publisher\" content=\"https:\/\/www.facebook.com\/profile.php?id=100091476586119\" \/>\n<meta property=\"article:modified_time\" content=\"2025-04-16T19:04:50+00:00\" \/>\n<meta property=\"og:image\" content=\"https:\/\/macote.fr\/wp-content\/uploads\/2023\/05\/Screenshot-2023-05-25-at-11.46.23.png\" \/>\n\t<meta property=\"og:image:width\" content=\"1196\" \/>\n\t<meta property=\"og:image:height\" content=\"758\" \/>\n\t<meta property=\"og:image:type\" content=\"image\/png\" \/>\n<meta name=\"twitter:card\" content=\"summary_large_image\" \/>\n<meta name=\"twitter:label1\" content=\"Tiempo de lectura\" \/>\n\t<meta name=\"twitter:data1\" content=\"2 minutos\" \/>\n<script type=\"application\/ld+json\" class=\"yoast-schema-graph\">{\"@context\":\"https:\\\/\\\/schema.org\",\"@graph\":[{\"@type\":\"WebPage\",\"@id\":\"https:\\\/\\\/macote.fr\\\/produit\\\/barre-anti-rapprochement-fibre-de-carbone\\\/\",\"url\":\"https:\\\/\\\/macote.fr\\\/produit\\\/barre-anti-rapprochement-fibre-de-carbone\\\/\",\"name\":\"Barre anti rapprochement Fibre de Carbone BMW M3 G80 M4 G82 M2 G87 - MaCote.fr\",\"isPartOf\":{\"@id\":\"https:\\\/\\\/macote.fr\\\/#website\"},\"primaryImageOfPage\":{\"@id\":\"https:\\\/\\\/macote.fr\\\/produit\\\/barre-anti-rapprochement-fibre-de-carbone\\\/#primaryimage\"},\"image\":{\"@id\":\"https:\\\/\\\/macote.fr\\\/produit\\\/barre-anti-rapprochement-fibre-de-carbone\\\/#primaryimage\"},\"thumbnailUrl\":\"https:\\\/\\\/macote.fr\\\/wp-content\\\/uploads\\\/2023\\\/05\\\/Screenshot-2023-05-25-at-11.46.23.png\",\"datePublished\":\"2023-05-25T10:06:44+00:00\",\"dateModified\":\"2025-04-16T19:04:50+00:00\",\"breadcrumb\":{\"@id\":\"https:\\\/\\\/macote.fr\\\/produit\\\/barre-anti-rapprochement-fibre-de-carbone\\\/#breadcrumb\"},\"inLanguage\":\"es\",\"potentialAction\":[{\"@type\":\"ReadAction\",\"target\":[\"https:\\\/\\\/macote.fr\\\/produit\\\/barre-anti-rapprochement-fibre-de-carbone\\\/\"]}]},{\"@type\":\"ImageObject\",\"inLanguage\":\"es\",\"@id\":\"https:\\\/\\\/macote.fr\\\/produit\\\/barre-anti-rapprochement-fibre-de-carbone\\\/#primaryimage\",\"url\":\"https:\\\/\\\/macote.fr\\\/wp-content\\\/uploads\\\/2023\\\/05\\\/Screenshot-2023-05-25-at-11.46.23.png\",\"contentUrl\":\"https:\\\/\\\/macote.fr\\\/wp-content\\\/uploads\\\/2023\\\/05\\\/Screenshot-2023-05-25-at-11.46.23.png\",\"width\":1196,\"height\":758,\"caption\":\"Barre anti rapprochement BMW M3 G80 M4 G82\"},{\"@type\":\"BreadcrumbList\",\"@id\":\"https:\\\/\\\/macote.fr\\\/produit\\\/barre-anti-rapprochement-fibre-de-carbone\\\/#breadcrumb\",\"itemListElement\":[{\"@type\":\"ListItem\",\"position\":1,\"name\":\"Accueil\",\"item\":\"https:\\\/\\\/macote.fr\\\/\"},{\"@type\":\"ListItem\",\"position\":2,\"name\":\"Boutique\",\"item\":\"https:\\\/\\\/macote.fr\\\/boutique\\\/\"},{\"@type\":\"ListItem\",\"position\":3,\"name\":\"Barre anti rapprochement Fibre de Carbone BMW M3 G80 M4 G82 M2 G87\"}]},{\"@type\":\"WebSite\",\"@id\":\"https:\\\/\\\/macote.fr\\\/#website\",\"url\":\"https:\\\/\\\/macote.fr\\\/\",\"name\":\"MaCote.fr\",\"description\":\"BMW best accessories\",\"publisher\":{\"@id\":\"https:\\\/\\\/macote.fr\\\/#organization\"},\"alternateName\":\"BMW tuning\",\"potentialAction\":[{\"@type\":\"SearchAction\",\"target\":{\"@type\":\"EntryPoint\",\"urlTemplate\":\"https:\\\/\\\/macote.fr\\\/?s={search_term_string}\"},\"query-input\":{\"@type\":\"PropertyValueSpecification\",\"valueRequired\":true,\"valueName\":\"search_term_string\"}}],\"inLanguage\":\"es\"},{\"@type\":\"Organization\",\"@id\":\"https:\\\/\\\/macote.fr\\\/#organization\",\"name\":\"Macote.fr\",\"alternateName\":\"BMW tuning\",\"url\":\"https:\\\/\\\/macote.fr\\\/\",\"logo\":{\"@type\":\"ImageObject\",\"inLanguage\":\"es\",\"@id\":\"https:\\\/\\\/macote.fr\\\/#\\\/schema\\\/logo\\\/image\\\/\",\"url\":\"https:\\\/\\\/macote.fr\\\/wp-content\\\/uploads\\\/2023\\\/11\\\/LOGO-macote.fr-dessin-bmw-noir-copy.jpg\",\"contentUrl\":\"https:\\\/\\\/macote.fr\\\/wp-content\\\/uploads\\\/2023\\\/11\\\/LOGO-macote.fr-dessin-bmw-noir-copy.jpg\",\"width\":732,\"height\":456,\"caption\":\"Macote.fr\"},\"image\":{\"@id\":\"https:\\\/\\\/macote.fr\\\/#\\\/schema\\\/logo\\\/image\\\/\"},\"sameAs\":[\"https:\\\/\\\/www.facebook.com\\\/profile.php?id=100091476586119\",\"https:\\\/\\\/www.youtube.com\\\/channel\\\/UCgO-YTbaxYO-w_C5GfL-_1w\",\"https:\\\/\\\/www.tiktok.com\\\/@macote.fr?is_from_webapp=1&sender_device=pc\",\"https:\\\/\\\/www.instagram.com\\\/i_xila_i\\\/\"]}]}<\/script>\n<!-- \/ Yoast SEO Premium plugin. -->","yoast_head_json":{"title":"Barra antibumping de fibra de carbono BMW M3 G80 M4 G82 M2 G87 - MaCote.es","robots":{"index":"index","follow":"follow","max-snippet":"max-snippet:-1","max-image-preview":"max-image-preview:large","max-video-preview":"max-video-preview:-1"},"canonical":"https:\/\/macote.fr\/es\/producto\/barra-repelente-de-fibra-de-carbono\/","og_locale":"es_ES","og_type":"article","og_title":"Barre anti rapprochement Fibre de Carbone BMW M3 G80 M4 G82 M2 G87","og_description":"Vous trouvez inadmissible que les anciennes g\u00e9n\u00e9rations de M3 et M4 (F80) poss\u00e8dent une barre anti rapprochement en Fibre de Carbone et pas votre M3 G80 ou M4 G82, g83.","og_url":"https:\/\/macote.fr\/es\/producto\/barra-repelente-de-fibra-de-carbono\/","og_site_name":"MaCote.fr","article_publisher":"https:\/\/www.facebook.com\/profile.php?id=100091476586119","article_modified_time":"2025-04-16T19:04:50+00:00","og_image":[{"width":1196,"height":758,"url":"https:\/\/macote.fr\/wp-content\/uploads\/2023\/05\/Screenshot-2023-05-25-at-11.46.23.png","type":"image\/png"}],"twitter_card":"summary_large_image","twitter_misc":{"Tiempo de lectura":"2 minutos"},"schema":{"@context":"https:\/\/schema.org","@graph":[{"@type":"WebPage","@id":"https:\/\/macote.fr\/produit\/barre-anti-rapprochement-fibre-de-carbone\/","url":"https:\/\/macote.fr\/produit\/barre-anti-rapprochement-fibre-de-carbone\/","name":"Barra antibumping de fibra de carbono BMW M3 G80 M4 G82 M2 G87 - MaCote.es","isPartOf":{"@id":"https:\/\/macote.fr\/#website"},"primaryImageOfPage":{"@id":"https:\/\/macote.fr\/produit\/barre-anti-rapprochement-fibre-de-carbone\/#primaryimage"},"image":{"@id":"https:\/\/macote.fr\/produit\/barre-anti-rapprochement-fibre-de-carbone\/#primaryimage"},"thumbnailUrl":"https:\/\/macote.fr\/wp-content\/uploads\/2023\/05\/Screenshot-2023-05-25-at-11.46.23.png","datePublished":"2023-05-25T10:06:44+00:00","dateModified":"2025-04-16T19:04:50+00:00","breadcrumb":{"@id":"https:\/\/macote.fr\/produit\/barre-anti-rapprochement-fibre-de-carbone\/#breadcrumb"},"inLanguage":"es","potentialAction":[{"@type":"ReadAction","target":["https:\/\/macote.fr\/produit\/barre-anti-rapprochement-fibre-de-carbone\/"]}]},{"@type":"ImageObject","inLanguage":"es","@id":"https:\/\/macote.fr\/produit\/barre-anti-rapprochement-fibre-de-carbone\/#primaryimage","url":"https:\/\/macote.fr\/wp-content\/uploads\/2023\/05\/Screenshot-2023-05-25-at-11.46.23.png","contentUrl":"https:\/\/macote.fr\/wp-content\/uploads\/2023\/05\/Screenshot-2023-05-25-at-11.46.23.png","width":1196,"height":758,"caption":"Barre anti rapprochement BMW M3 G80 M4 G82"},{"@type":"BreadcrumbList","@id":"https:\/\/macote.fr\/produit\/barre-anti-rapprochement-fibre-de-carbone\/#breadcrumb","itemListElement":[{"@type":"ListItem","position":1,"name":"Accueil","item":"https:\/\/macote.fr\/"},{"@type":"ListItem","position":2,"name":"Boutique","item":"https:\/\/macote.fr\/boutique\/"},{"@type":"ListItem","position":3,"name":"Barre anti rapprochement Fibre de Carbone BMW M3 G80 M4 G82 M2 G87"}]},{"@type":"WebSite","@id":"https:\/\/macote.fr\/#website","url":"https:\/\/macote.fr\/","name":"MyQuote.com","description":"Los mejores accesorios BMW","publisher":{"@id":"https:\/\/macote.fr\/#organization"},"alternateName":"BMW tuning","potentialAction":[{"@type":"SearchAction","target":{"@type":"EntryPoint","urlTemplate":"https:\/\/macote.fr\/?s={search_term_string}"},"query-input":{"@type":"PropertyValueSpecification","valueRequired":true,"valueName":"search_term_string"}}],"inLanguage":"es"},{"@type":"Organization","@id":"https:\/\/macote.fr\/#organization","name":"Macote.es","alternateName":"BMW tuning","url":"https:\/\/macote.fr\/","logo":{"@type":"ImageObject","inLanguage":"es","@id":"https:\/\/macote.fr\/#\/schema\/logo\/image\/","url":"https:\/\/macote.fr\/wp-content\/uploads\/2023\/11\/LOGO-macote.fr-dessin-bmw-noir-copy.jpg","contentUrl":"https:\/\/macote.fr\/wp-content\/uploads\/2023\/11\/LOGO-macote.fr-dessin-bmw-noir-copy.jpg","width":732,"height":456,"caption":"Macote.fr"},"image":{"@id":"https:\/\/macote.fr\/#\/schema\/logo\/image\/"},"sameAs":["https:\/\/www.facebook.com\/profile.php?id=100091476586119","https:\/\/www.youtube.com\/channel\/UCgO-YTbaxYO-w_C5GfL-_1w","https:\/\/www.tiktok.com\/@macote.fr?is_from_webapp=1&sender_device=pc","https:\/\/www.instagram.com\/i_xila_i\/"]}]}},"_links":{"self":[{"href":"https:\/\/macote.fr\/es\/wp-json\/wp\/v2\/product\/2073","targetHints":{"allow":["GET"]}}],"collection":[{"href":"https:\/\/macote.fr\/es\/wp-json\/wp\/v2\/product"}],"about":[{"href":"https:\/\/macote.fr\/es\/wp-json\/wp\/v2\/types\/product"}],"replies":[{"embeddable":true,"href":"https:\/\/macote.fr\/es\/wp-json\/wp\/v2\/comments?post=2073"}],"wp:featuredmedia":[{"embeddable":true,"href":"https:\/\/macote.fr\/es\/wp-json\/wp\/v2\/media\/2076"}],"wp:attachment":[{"href":"https:\/\/macote.fr\/es\/wp-json\/wp\/v2\/media?parent=2073"}],"wp:term":[{"taxonomy":"product_brand","embeddable":true,"href":"https:\/\/macote.fr\/es\/wp-json\/wp\/v2\/product_brand?post=2073"},{"taxonomy":"product_cat","embeddable":true,"href":"https:\/\/macote.fr\/es\/wp-json\/wp\/v2\/product_cat?post=2073"},{"taxonomy":"product_tag","embeddable":true,"href":"https:\/\/macote.fr\/es\/wp-json\/wp\/v2\/product_tag?post=2073"}],"curies":[{"name":"wp","href":"https:\/\/api.w.org\/{rel}","templated":true}]}}