{"id":2077,"date":"2023-05-25T13:46:07","date_gmt":"2023-05-25T11:46:07","guid":{"rendered":"https:\/\/macote.fr\/?post_type=product&#038;p=2077"},"modified":"2025-04-16T21:04:57","modified_gmt":"2025-04-16T19:04:57","slug":"cache-moteur-carbone-pour-bmw-m3-g80-m4-g82-s58","status":"publish","type":"product","link":"https:\/\/macote.fr\/es\/producto\/cache-moteur-carbone-pour-bmw-m3-g80-m4-g82-s58\/","title":{"rendered":"Cubierta del motor de carbono para BMW M3 G80, M4 G82, M2 G37, S58"},"content":{"rendered":"<h1 style=\"text-align: center;\">Cubierta del motor de carbono M3, M4, M2<\/h1>\n<p>Dado que BMW no ofrece lo esencial ni como opci\u00f3n ni de serie, \u00bfes realmente suficiente una simple cubierta de motor de pl\u00e1stico para este tipo de motor excepcional?<\/p>\n<p>Por eso nos hemos encargado de llevar al l\u00edmite la est\u00e9tica de su BMW M. \u00a1Lo \u00faltimo en deportividad y exclusividad!<\/p>\n<p>Sin embargo, disponible en sus modelos m\u00e1s exclusivos, como el M5 G30, la cubierta de motor de carbono es imprescindible para rematar el estilo de tu coche.<\/p>\n<h3>La est\u00e9tica es lo primero.<\/h3>\n<p>Puede que la cubierta del motor de carbono no a\u00f1ada prestaciones a su veh\u00edculo, pero dar\u00e1 a su BMW un estilo deportivo y exclusivo. Si quiere destacar entre la multitud con detalles, \u00a1este es el accesorio ideal!<\/p>\n<p>Usted no es como los dem\u00e1s, posee un BMW M, el coche definitivo, se merece algo mejor que una cubierta de motor de pl\u00e1stico para su coche.<\/p>\n<p>No espere m\u00e1s y reg\u00e1lese una cubierta de motor de carbono para su BMW M y complete el aspecto final de su deportivo.<\/p>\n<p>Compatibilidad :<\/p>\n<p>Esta cubierta de motor es compatible con el S58, alojado bajo el cap\u00f3 de los BMW:<\/p>\n<p>BMW M3 G80 berlina<\/p>\n<p>BMW M3 G81 turismo<\/p>\n<p>BMW M4 G82 coup\u00e9<\/p>\n<p>BMW M4 G83 cabina<\/p>\n<p>BMW M2 G37 coup\u00e9<\/p>","protected":false},"excerpt":{"rendered":"<p>No espere m\u00e1s y reg\u00e1lese una cubierta de motor de carbono para su BMW M y complete el aspecto final de su deportivo.<\/p>","protected":false},"featured_media":2078,"comment_status":"open","ping_status":"closed","template":"","meta":{"_eb_attr":""},"product_brand":[],"product_cat":[263,67,200,207,201,213,202,215],"product_tag":[],"class_list":{"0":"post-2077","1":"product","2":"type-product","3":"status-publish","4":"has-post-thumbnail","6":"product_cat-bmw-accessoires-fibre-de-carbone","7":"product_cat-modification-exterieur-vehicule","8":"product_cat-m2","9":"product_cat-m2-g87","10":"product_cat-m3","11":"product_cat-m3-g80-g81","12":"product_cat-m4","13":"product_cat-m4-g82-g83","15":"first","16":"instock","17":"taxable","18":"shipping-taxable","19":"purchasable","20":"product-type-simple"},"yoast_head":"<!-- This site is optimized with the Yoast SEO Premium plugin v20.7 (Yoast SEO v27.4) - https:\/\/yoast.com\/product\/yoast-seo-premium-wordpress\/ -->\n<title>Cache Moteur Carbone pour BMW M3 G80, M4 G82, M2 G37, S58 - MaCote.fr<\/title>\n<meta name=\"robots\" content=\"index, follow, max-snippet:-1, max-image-preview:large, max-video-preview:-1\" \/>\n<link rel=\"canonical\" href=\"https:\/\/macote.fr\/es\/producto\/cache-moteur-carbone-pour-bmw-m3-g80-m4-g82-s58\/\" \/>\n<meta property=\"og:locale\" content=\"es_ES\" \/>\n<meta property=\"og:type\" content=\"article\" \/>\n<meta property=\"og:title\" content=\"Cache Moteur Carbone pour BMW M3 G80, M4 G82, M2 G37, S58\" \/>\n<meta property=\"og:description\" content=\"N&#039;attendez plus et offrez vous un cache moteur Carbone Pour votre BMW M et ainsi compl\u00e9ter l&#039;esth\u00e9tique finale de votre v\u00e9hicule de sport\" \/>\n<meta property=\"og:url\" content=\"https:\/\/macote.fr\/es\/producto\/cache-moteur-carbone-pour-bmw-m3-g80-m4-g82-s58\/\" \/>\n<meta property=\"og:site_name\" content=\"MaCote.fr\" \/>\n<meta property=\"article:publisher\" content=\"https:\/\/www.facebook.com\/profile.php?id=100091476586119\" \/>\n<meta property=\"article:modified_time\" content=\"2025-04-16T19:04:57+00:00\" \/>\n<meta property=\"og:image\" content=\"https:\/\/macote.fr\/wp-content\/uploads\/2023\/05\/Capot-moeteur-Fibre-de-carbone-BMW-M3-G80-M4-G82.jpeg\" \/>\n\t<meta property=\"og:image:width\" content=\"1000\" \/>\n\t<meta property=\"og:image:height\" content=\"1000\" \/>\n\t<meta property=\"og:image:type\" content=\"image\/jpeg\" \/>\n<meta name=\"twitter:card\" content=\"summary_large_image\" \/>\n<meta name=\"twitter:label1\" content=\"Tiempo de lectura\" \/>\n\t<meta name=\"twitter:data1\" content=\"1 minuto\" \/>\n<script type=\"application\/ld+json\" class=\"yoast-schema-graph\">{\"@context\":\"https:\\\/\\\/schema.org\",\"@graph\":[{\"@type\":\"WebPage\",\"@id\":\"https:\\\/\\\/macote.fr\\\/produit\\\/cache-moteur-carbone-pour-bmw-m3-g80-m4-g82-s58\\\/\",\"url\":\"https:\\\/\\\/macote.fr\\\/produit\\\/cache-moteur-carbone-pour-bmw-m3-g80-m4-g82-s58\\\/\",\"name\":\"Cache Moteur Carbone pour BMW M3 G80, M4 G82, M2 G37, S58 - MaCote.fr\",\"isPartOf\":{\"@id\":\"https:\\\/\\\/macote.fr\\\/#website\"},\"primaryImageOfPage\":{\"@id\":\"https:\\\/\\\/macote.fr\\\/produit\\\/cache-moteur-carbone-pour-bmw-m3-g80-m4-g82-s58\\\/#primaryimage\"},\"image\":{\"@id\":\"https:\\\/\\\/macote.fr\\\/produit\\\/cache-moteur-carbone-pour-bmw-m3-g80-m4-g82-s58\\\/#primaryimage\"},\"thumbnailUrl\":\"https:\\\/\\\/macote.fr\\\/wp-content\\\/uploads\\\/2023\\\/05\\\/Capot-moeteur-Fibre-de-carbone-BMW-M3-G80-M4-G82.jpeg\",\"datePublished\":\"2023-05-25T11:46:07+00:00\",\"dateModified\":\"2025-04-16T19:04:57+00:00\",\"breadcrumb\":{\"@id\":\"https:\\\/\\\/macote.fr\\\/produit\\\/cache-moteur-carbone-pour-bmw-m3-g80-m4-g82-s58\\\/#breadcrumb\"},\"inLanguage\":\"es\",\"potentialAction\":[{\"@type\":\"ReadAction\",\"target\":[\"https:\\\/\\\/macote.fr\\\/produit\\\/cache-moteur-carbone-pour-bmw-m3-g80-m4-g82-s58\\\/\"]}]},{\"@type\":\"ImageObject\",\"inLanguage\":\"es\",\"@id\":\"https:\\\/\\\/macote.fr\\\/produit\\\/cache-moteur-carbone-pour-bmw-m3-g80-m4-g82-s58\\\/#primaryimage\",\"url\":\"https:\\\/\\\/macote.fr\\\/wp-content\\\/uploads\\\/2023\\\/05\\\/Capot-moeteur-Fibre-de-carbone-BMW-M3-G80-M4-G82.jpeg\",\"contentUrl\":\"https:\\\/\\\/macote.fr\\\/wp-content\\\/uploads\\\/2023\\\/05\\\/Capot-moeteur-Fibre-de-carbone-BMW-M3-G80-M4-G82.jpeg\",\"width\":1000,\"height\":1000,\"caption\":\"Capot moeteur Fibre de carbone BMW M3 G80 M4 G82\"},{\"@type\":\"BreadcrumbList\",\"@id\":\"https:\\\/\\\/macote.fr\\\/produit\\\/cache-moteur-carbone-pour-bmw-m3-g80-m4-g82-s58\\\/#breadcrumb\",\"itemListElement\":[{\"@type\":\"ListItem\",\"position\":1,\"name\":\"Accueil\",\"item\":\"https:\\\/\\\/macote.fr\\\/\"},{\"@type\":\"ListItem\",\"position\":2,\"name\":\"Boutique\",\"item\":\"https:\\\/\\\/macote.fr\\\/boutique\\\/\"},{\"@type\":\"ListItem\",\"position\":3,\"name\":\"Cache Moteur Carbone pour BMW M3 G80, M4 G82, M2 G37, S58\"}]},{\"@type\":\"WebSite\",\"@id\":\"https:\\\/\\\/macote.fr\\\/#website\",\"url\":\"https:\\\/\\\/macote.fr\\\/\",\"name\":\"MaCote.fr\",\"description\":\"BMW best accessories\",\"publisher\":{\"@id\":\"https:\\\/\\\/macote.fr\\\/#organization\"},\"alternateName\":\"BMW tuning\",\"potentialAction\":[{\"@type\":\"SearchAction\",\"target\":{\"@type\":\"EntryPoint\",\"urlTemplate\":\"https:\\\/\\\/macote.fr\\\/?s={search_term_string}\"},\"query-input\":{\"@type\":\"PropertyValueSpecification\",\"valueRequired\":true,\"valueName\":\"search_term_string\"}}],\"inLanguage\":\"es\"},{\"@type\":\"Organization\",\"@id\":\"https:\\\/\\\/macote.fr\\\/#organization\",\"name\":\"Macote.fr\",\"alternateName\":\"BMW tuning\",\"url\":\"https:\\\/\\\/macote.fr\\\/\",\"logo\":{\"@type\":\"ImageObject\",\"inLanguage\":\"es\",\"@id\":\"https:\\\/\\\/macote.fr\\\/#\\\/schema\\\/logo\\\/image\\\/\",\"url\":\"https:\\\/\\\/macote.fr\\\/wp-content\\\/uploads\\\/2023\\\/11\\\/LOGO-macote.fr-dessin-bmw-noir-copy.jpg\",\"contentUrl\":\"https:\\\/\\\/macote.fr\\\/wp-content\\\/uploads\\\/2023\\\/11\\\/LOGO-macote.fr-dessin-bmw-noir-copy.jpg\",\"width\":732,\"height\":456,\"caption\":\"Macote.fr\"},\"image\":{\"@id\":\"https:\\\/\\\/macote.fr\\\/#\\\/schema\\\/logo\\\/image\\\/\"},\"sameAs\":[\"https:\\\/\\\/www.facebook.com\\\/profile.php?id=100091476586119\",\"https:\\\/\\\/www.youtube.com\\\/channel\\\/UCgO-YTbaxYO-w_C5GfL-_1w\",\"https:\\\/\\\/www.tiktok.com\\\/@macote.fr?is_from_webapp=1&sender_device=pc\",\"https:\\\/\\\/www.instagram.com\\\/i_xila_i\\\/\"]}]}<\/script>\n<!-- \/ Yoast SEO Premium plugin. -->","yoast_head_json":{"title":"Cubierta del motor de carbono para BMW M3 G80, M4 G82, M2 G37, S58 - MaCote.es","robots":{"index":"index","follow":"follow","max-snippet":"max-snippet:-1","max-image-preview":"max-image-preview:large","max-video-preview":"max-video-preview:-1"},"canonical":"https:\/\/macote.fr\/es\/producto\/cache-moteur-carbone-pour-bmw-m3-g80-m4-g82-s58\/","og_locale":"es_ES","og_type":"article","og_title":"Cache Moteur Carbone pour BMW M3 G80, M4 G82, M2 G37, S58","og_description":"N'attendez plus et offrez vous un cache moteur Carbone Pour votre BMW M et ainsi compl\u00e9ter l'esth\u00e9tique finale de votre v\u00e9hicule de sport","og_url":"https:\/\/macote.fr\/es\/producto\/cache-moteur-carbone-pour-bmw-m3-g80-m4-g82-s58\/","og_site_name":"MaCote.fr","article_publisher":"https:\/\/www.facebook.com\/profile.php?id=100091476586119","article_modified_time":"2025-04-16T19:04:57+00:00","og_image":[{"width":1000,"height":1000,"url":"https:\/\/macote.fr\/wp-content\/uploads\/2023\/05\/Capot-moeteur-Fibre-de-carbone-BMW-M3-G80-M4-G82.jpeg","type":"image\/jpeg"}],"twitter_card":"summary_large_image","twitter_misc":{"Tiempo de lectura":"1 minuto"},"schema":{"@context":"https:\/\/schema.org","@graph":[{"@type":"WebPage","@id":"https:\/\/macote.fr\/produit\/cache-moteur-carbone-pour-bmw-m3-g80-m4-g82-s58\/","url":"https:\/\/macote.fr\/produit\/cache-moteur-carbone-pour-bmw-m3-g80-m4-g82-s58\/","name":"Cubierta del motor de carbono para BMW M3 G80, M4 G82, M2 G37, S58 - MaCote.es","isPartOf":{"@id":"https:\/\/macote.fr\/#website"},"primaryImageOfPage":{"@id":"https:\/\/macote.fr\/produit\/cache-moteur-carbone-pour-bmw-m3-g80-m4-g82-s58\/#primaryimage"},"image":{"@id":"https:\/\/macote.fr\/produit\/cache-moteur-carbone-pour-bmw-m3-g80-m4-g82-s58\/#primaryimage"},"thumbnailUrl":"https:\/\/macote.fr\/wp-content\/uploads\/2023\/05\/Capot-moeteur-Fibre-de-carbone-BMW-M3-G80-M4-G82.jpeg","datePublished":"2023-05-25T11:46:07+00:00","dateModified":"2025-04-16T19:04:57+00:00","breadcrumb":{"@id":"https:\/\/macote.fr\/produit\/cache-moteur-carbone-pour-bmw-m3-g80-m4-g82-s58\/#breadcrumb"},"inLanguage":"es","potentialAction":[{"@type":"ReadAction","target":["https:\/\/macote.fr\/produit\/cache-moteur-carbone-pour-bmw-m3-g80-m4-g82-s58\/"]}]},{"@type":"ImageObject","inLanguage":"es","@id":"https:\/\/macote.fr\/produit\/cache-moteur-carbone-pour-bmw-m3-g80-m4-g82-s58\/#primaryimage","url":"https:\/\/macote.fr\/wp-content\/uploads\/2023\/05\/Capot-moeteur-Fibre-de-carbone-BMW-M3-G80-M4-G82.jpeg","contentUrl":"https:\/\/macote.fr\/wp-content\/uploads\/2023\/05\/Capot-moeteur-Fibre-de-carbone-BMW-M3-G80-M4-G82.jpeg","width":1000,"height":1000,"caption":"Capot moeteur Fibre de carbone BMW M3 G80 M4 G82"},{"@type":"BreadcrumbList","@id":"https:\/\/macote.fr\/produit\/cache-moteur-carbone-pour-bmw-m3-g80-m4-g82-s58\/#breadcrumb","itemListElement":[{"@type":"ListItem","position":1,"name":"Accueil","item":"https:\/\/macote.fr\/"},{"@type":"ListItem","position":2,"name":"Boutique","item":"https:\/\/macote.fr\/boutique\/"},{"@type":"ListItem","position":3,"name":"Cache Moteur Carbone pour BMW M3 G80, M4 G82, M2 G37, S58"}]},{"@type":"WebSite","@id":"https:\/\/macote.fr\/#website","url":"https:\/\/macote.fr\/","name":"MyQuote.com","description":"Los mejores accesorios BMW","publisher":{"@id":"https:\/\/macote.fr\/#organization"},"alternateName":"BMW tuning","potentialAction":[{"@type":"SearchAction","target":{"@type":"EntryPoint","urlTemplate":"https:\/\/macote.fr\/?s={search_term_string}"},"query-input":{"@type":"PropertyValueSpecification","valueRequired":true,"valueName":"search_term_string"}}],"inLanguage":"es"},{"@type":"Organization","@id":"https:\/\/macote.fr\/#organization","name":"Macote.es","alternateName":"BMW tuning","url":"https:\/\/macote.fr\/","logo":{"@type":"ImageObject","inLanguage":"es","@id":"https:\/\/macote.fr\/#\/schema\/logo\/image\/","url":"https:\/\/macote.fr\/wp-content\/uploads\/2023\/11\/LOGO-macote.fr-dessin-bmw-noir-copy.jpg","contentUrl":"https:\/\/macote.fr\/wp-content\/uploads\/2023\/11\/LOGO-macote.fr-dessin-bmw-noir-copy.jpg","width":732,"height":456,"caption":"Macote.fr"},"image":{"@id":"https:\/\/macote.fr\/#\/schema\/logo\/image\/"},"sameAs":["https:\/\/www.facebook.com\/profile.php?id=100091476586119","https:\/\/www.youtube.com\/channel\/UCgO-YTbaxYO-w_C5GfL-_1w","https:\/\/www.tiktok.com\/@macote.fr?is_from_webapp=1&sender_device=pc","https:\/\/www.instagram.com\/i_xila_i\/"]}]}},"_links":{"self":[{"href":"https:\/\/macote.fr\/es\/wp-json\/wp\/v2\/product\/2077","targetHints":{"allow":["GET"]}}],"collection":[{"href":"https:\/\/macote.fr\/es\/wp-json\/wp\/v2\/product"}],"about":[{"href":"https:\/\/macote.fr\/es\/wp-json\/wp\/v2\/types\/product"}],"replies":[{"embeddable":true,"href":"https:\/\/macote.fr\/es\/wp-json\/wp\/v2\/comments?post=2077"}],"wp:featuredmedia":[{"embeddable":true,"href":"https:\/\/macote.fr\/es\/wp-json\/wp\/v2\/media\/2078"}],"wp:attachment":[{"href":"https:\/\/macote.fr\/es\/wp-json\/wp\/v2\/media?parent=2077"}],"wp:term":[{"taxonomy":"product_brand","embeddable":true,"href":"https:\/\/macote.fr\/es\/wp-json\/wp\/v2\/product_brand?post=2077"},{"taxonomy":"product_cat","embeddable":true,"href":"https:\/\/macote.fr\/es\/wp-json\/wp\/v2\/product_cat?post=2077"},{"taxonomy":"product_tag","embeddable":true,"href":"https:\/\/macote.fr\/es\/wp-json\/wp\/v2\/product_tag?post=2077"}],"curies":[{"name":"wp","href":"https:\/\/api.w.org\/{rel}","templated":true}]}}