{"id":2083,"date":"2023-05-25T18:13:57","date_gmt":"2023-05-25T16:13:57","guid":{"rendered":"https:\/\/macote.fr\/?post_type=product&#038;p=2083"},"modified":"2025-04-16T21:05:08","modified_gmt":"2025-04-16T19:05:08","slug":"calandre-carbone-bmw-m3-g80-m4-g82","status":"publish","type":"product","link":"https:\/\/macote.fr\/es\/producto\/calandre-carbone-bmw-m3-g80-m4-g82\/","title":{"rendered":"BMW M3 G80, M4 G82 rejilla del radiador de carbono"},"content":{"rendered":"<p>Descubra la parrilla de carbono a medida para su BMW M3 G80 o M4 G82, una verdadera declaraci\u00f3n de estilo que transformar\u00e1 el aspecto de su coche. Fabricada \u00edntegramente en fibra de carbono de alta calidad, esta rejilla combina elegancia, durabilidad y rendimiento para ofrecer una cautivadora alternativa a la rejilla de pl\u00e1stico original.<\/p>\n<h3>Carbono o nada<\/h3>\n<p>La parrilla del radiador de carbono a\u00f1ade un toque de distinci\u00f3n y personalidad a tu BMW. Su dise\u00f1o \u00fanico resalta la parte delantera de su veh\u00edculo, d\u00e1ndole un aspecto deportivo y agresivo. Las l\u00edneas precisas y el aspecto brillante del carbono le confieren un aspecto refinado y moderno que no pasar\u00e1 desapercibido.<\/p>\n<p>Adem\u00e1s de su excepcional aspecto, esta rejilla de carbono tambi\u00e9n ofrece una funcionalidad superior. Gracias a su construcci\u00f3n ligera y s\u00f3lida, mejora el flujo de aire hacia el motor, lo que permite mejorar el rendimiento y la eficiencia del combustible. Y lo que es m\u00e1s, se adapta perfectamente a la ubicaci\u00f3n original de la rejilla, lo que facilita su instalaci\u00f3n sin necesidad de complejas modificaciones.<\/p>\n<h3>Una alternativa convincente<\/h3>\n<p>Para aquellos a los que no les gustaba la rejilla de pl\u00e1stico original, esta alternativa de carbono representa una soluci\u00f3n ideal para transformar el aspecto de su BMW M3 o M4. Ofrece una oportunidad de personalizaci\u00f3n sin comprometer la calidad y la integridad del veh\u00edculo.<\/p>\n<h3>la supremac\u00eda del estilo<\/h3>\n<p>Dele a su BMW M3 G80 o M4 G82 un aspecto inconfundible con esta parrilla de carbono, dise\u00f1ada para los entusiastas de los coches que buscan una est\u00e9tica superior y un estilo \u00fanico. Disfrute de la mezcla perfecta de rendimiento, durabilidad y elegancia con esta parrilla de carbono a medida.<\/p>","protected":false},"excerpt":{"rendered":"<p>Descubra la parrilla de carbono a medida para su BMW M3 G80 o M4 G82, una verdadera declaraci\u00f3n de estilo que transformar\u00e1 el aspecto de su coche.<\/p>","protected":false},"featured_media":2084,"comment_status":"open","ping_status":"closed","template":"","meta":{"_eb_attr":""},"product_brand":[],"product_cat":[263,67,201,213,202,215],"product_tag":[],"class_list":{"0":"post-2083","1":"product","2":"type-product","3":"status-publish","4":"has-post-thumbnail","6":"product_cat-bmw-accessoires-fibre-de-carbone","7":"product_cat-modification-exterieur-vehicule","8":"product_cat-m3","9":"product_cat-m3-g80-g81","10":"product_cat-m4","11":"product_cat-m4-g82-g83","13":"first","14":"instock","15":"taxable","16":"shipping-taxable","17":"purchasable","18":"product-type-simple"},"yoast_head":"<!-- This site is optimized with the Yoast SEO Premium plugin v20.7 (Yoast SEO v27.4) - https:\/\/yoast.com\/product\/yoast-seo-premium-wordpress\/ -->\n<title>Calandre Carbone BMW M3 G80, M4 G82 - MaCote.fr<\/title>\n<meta name=\"robots\" content=\"index, follow, max-snippet:-1, max-image-preview:large, max-video-preview:-1\" \/>\n<link rel=\"canonical\" href=\"https:\/\/macote.fr\/es\/producto\/calandre-carbone-bmw-m3-g80-m4-g82\/\" \/>\n<meta property=\"og:locale\" content=\"es_ES\" \/>\n<meta property=\"og:type\" content=\"article\" \/>\n<meta property=\"og:title\" content=\"Calandre Carbone BMW M3 G80, M4 G82\" \/>\n<meta property=\"og:description\" content=\"D\u00e9couvrez la calandre carbone sur mesure pour votre BMW M3 G80 ou M4 G82, une v\u00e9ritable d\u00e9claration de style qui transformera l&#039;apparence de votre voiture.\" \/>\n<meta property=\"og:url\" content=\"https:\/\/macote.fr\/es\/producto\/calandre-carbone-bmw-m3-g80-m4-g82\/\" \/>\n<meta property=\"og:site_name\" content=\"MaCote.fr\" \/>\n<meta property=\"article:publisher\" content=\"https:\/\/www.facebook.com\/profile.php?id=100091476586119\" \/>\n<meta property=\"article:modified_time\" content=\"2025-04-16T19:05:08+00:00\" \/>\n<meta property=\"og:image\" content=\"https:\/\/macote.fr\/wp-content\/uploads\/2023\/05\/Calandre-avant-Fibre-de-Carbone-M4-G82-M3-G80.webp\" \/>\n\t<meta property=\"og:image:width\" content=\"1096\" \/>\n\t<meta property=\"og:image:height\" content=\"1094\" \/>\n\t<meta property=\"og:image:type\" content=\"image\/webp\" \/>\n<meta name=\"twitter:card\" content=\"summary_large_image\" \/>\n<meta name=\"twitter:label1\" content=\"Tiempo de lectura\" \/>\n\t<meta name=\"twitter:data1\" content=\"1 minuto\" \/>\n<script type=\"application\/ld+json\" class=\"yoast-schema-graph\">{\"@context\":\"https:\\\/\\\/schema.org\",\"@graph\":[{\"@type\":\"WebPage\",\"@id\":\"https:\\\/\\\/macote.fr\\\/produit\\\/calandre-carbone-bmw-m3-g80-m4-g82\\\/\",\"url\":\"https:\\\/\\\/macote.fr\\\/produit\\\/calandre-carbone-bmw-m3-g80-m4-g82\\\/\",\"name\":\"Calandre Carbone BMW M3 G80, M4 G82 - MaCote.fr\",\"isPartOf\":{\"@id\":\"https:\\\/\\\/macote.fr\\\/#website\"},\"primaryImageOfPage\":{\"@id\":\"https:\\\/\\\/macote.fr\\\/produit\\\/calandre-carbone-bmw-m3-g80-m4-g82\\\/#primaryimage\"},\"image\":{\"@id\":\"https:\\\/\\\/macote.fr\\\/produit\\\/calandre-carbone-bmw-m3-g80-m4-g82\\\/#primaryimage\"},\"thumbnailUrl\":\"https:\\\/\\\/macote.fr\\\/wp-content\\\/uploads\\\/2023\\\/05\\\/Calandre-avant-Fibre-de-Carbone-M4-G82-M3-G80.webp\",\"datePublished\":\"2023-05-25T16:13:57+00:00\",\"dateModified\":\"2025-04-16T19:05:08+00:00\",\"breadcrumb\":{\"@id\":\"https:\\\/\\\/macote.fr\\\/produit\\\/calandre-carbone-bmw-m3-g80-m4-g82\\\/#breadcrumb\"},\"inLanguage\":\"es\",\"potentialAction\":[{\"@type\":\"ReadAction\",\"target\":[\"https:\\\/\\\/macote.fr\\\/produit\\\/calandre-carbone-bmw-m3-g80-m4-g82\\\/\"]}]},{\"@type\":\"ImageObject\",\"inLanguage\":\"es\",\"@id\":\"https:\\\/\\\/macote.fr\\\/produit\\\/calandre-carbone-bmw-m3-g80-m4-g82\\\/#primaryimage\",\"url\":\"https:\\\/\\\/macote.fr\\\/wp-content\\\/uploads\\\/2023\\\/05\\\/Calandre-avant-Fibre-de-Carbone-M4-G82-M3-G80.webp\",\"contentUrl\":\"https:\\\/\\\/macote.fr\\\/wp-content\\\/uploads\\\/2023\\\/05\\\/Calandre-avant-Fibre-de-Carbone-M4-G82-M3-G80.webp\",\"width\":1096,\"height\":1094,\"caption\":\"Calandre avant Fibre de Carbone M4 G82 M3 G80\"},{\"@type\":\"BreadcrumbList\",\"@id\":\"https:\\\/\\\/macote.fr\\\/produit\\\/calandre-carbone-bmw-m3-g80-m4-g82\\\/#breadcrumb\",\"itemListElement\":[{\"@type\":\"ListItem\",\"position\":1,\"name\":\"Accueil\",\"item\":\"https:\\\/\\\/macote.fr\\\/\"},{\"@type\":\"ListItem\",\"position\":2,\"name\":\"Boutique\",\"item\":\"https:\\\/\\\/macote.fr\\\/boutique\\\/\"},{\"@type\":\"ListItem\",\"position\":3,\"name\":\"Calandre Carbone BMW M3 G80, M4 G82\"}]},{\"@type\":\"WebSite\",\"@id\":\"https:\\\/\\\/macote.fr\\\/#website\",\"url\":\"https:\\\/\\\/macote.fr\\\/\",\"name\":\"MaCote.fr\",\"description\":\"BMW best accessories\",\"publisher\":{\"@id\":\"https:\\\/\\\/macote.fr\\\/#organization\"},\"alternateName\":\"BMW tuning\",\"potentialAction\":[{\"@type\":\"SearchAction\",\"target\":{\"@type\":\"EntryPoint\",\"urlTemplate\":\"https:\\\/\\\/macote.fr\\\/?s={search_term_string}\"},\"query-input\":{\"@type\":\"PropertyValueSpecification\",\"valueRequired\":true,\"valueName\":\"search_term_string\"}}],\"inLanguage\":\"es\"},{\"@type\":\"Organization\",\"@id\":\"https:\\\/\\\/macote.fr\\\/#organization\",\"name\":\"Macote.fr\",\"alternateName\":\"BMW tuning\",\"url\":\"https:\\\/\\\/macote.fr\\\/\",\"logo\":{\"@type\":\"ImageObject\",\"inLanguage\":\"es\",\"@id\":\"https:\\\/\\\/macote.fr\\\/#\\\/schema\\\/logo\\\/image\\\/\",\"url\":\"https:\\\/\\\/macote.fr\\\/wp-content\\\/uploads\\\/2023\\\/11\\\/LOGO-macote.fr-dessin-bmw-noir-copy.jpg\",\"contentUrl\":\"https:\\\/\\\/macote.fr\\\/wp-content\\\/uploads\\\/2023\\\/11\\\/LOGO-macote.fr-dessin-bmw-noir-copy.jpg\",\"width\":732,\"height\":456,\"caption\":\"Macote.fr\"},\"image\":{\"@id\":\"https:\\\/\\\/macote.fr\\\/#\\\/schema\\\/logo\\\/image\\\/\"},\"sameAs\":[\"https:\\\/\\\/www.facebook.com\\\/profile.php?id=100091476586119\",\"https:\\\/\\\/www.youtube.com\\\/channel\\\/UCgO-YTbaxYO-w_C5GfL-_1w\",\"https:\\\/\\\/www.tiktok.com\\\/@macote.fr?is_from_webapp=1&sender_device=pc\",\"https:\\\/\\\/www.instagram.com\\\/i_xila_i\\\/\"]}]}<\/script>\n<!-- \/ Yoast SEO Premium plugin. -->","yoast_head_json":{"title":"Parrilla de carbono BMW M3 G80, M4 G82 - MaCote.fr","robots":{"index":"index","follow":"follow","max-snippet":"max-snippet:-1","max-image-preview":"max-image-preview:large","max-video-preview":"max-video-preview:-1"},"canonical":"https:\/\/macote.fr\/es\/producto\/calandre-carbone-bmw-m3-g80-m4-g82\/","og_locale":"es_ES","og_type":"article","og_title":"Calandre Carbone BMW M3 G80, M4 G82","og_description":"D\u00e9couvrez la calandre carbone sur mesure pour votre BMW M3 G80 ou M4 G82, une v\u00e9ritable d\u00e9claration de style qui transformera l'apparence de votre voiture.","og_url":"https:\/\/macote.fr\/es\/producto\/calandre-carbone-bmw-m3-g80-m4-g82\/","og_site_name":"MaCote.fr","article_publisher":"https:\/\/www.facebook.com\/profile.php?id=100091476586119","article_modified_time":"2025-04-16T19:05:08+00:00","og_image":[{"width":1096,"height":1094,"url":"https:\/\/macote.fr\/wp-content\/uploads\/2023\/05\/Calandre-avant-Fibre-de-Carbone-M4-G82-M3-G80.webp","type":"image\/webp"}],"twitter_card":"summary_large_image","twitter_misc":{"Tiempo de lectura":"1 minuto"},"schema":{"@context":"https:\/\/schema.org","@graph":[{"@type":"WebPage","@id":"https:\/\/macote.fr\/produit\/calandre-carbone-bmw-m3-g80-m4-g82\/","url":"https:\/\/macote.fr\/produit\/calandre-carbone-bmw-m3-g80-m4-g82\/","name":"Parrilla de carbono BMW M3 G80, M4 G82 - MaCote.fr","isPartOf":{"@id":"https:\/\/macote.fr\/#website"},"primaryImageOfPage":{"@id":"https:\/\/macote.fr\/produit\/calandre-carbone-bmw-m3-g80-m4-g82\/#primaryimage"},"image":{"@id":"https:\/\/macote.fr\/produit\/calandre-carbone-bmw-m3-g80-m4-g82\/#primaryimage"},"thumbnailUrl":"https:\/\/macote.fr\/wp-content\/uploads\/2023\/05\/Calandre-avant-Fibre-de-Carbone-M4-G82-M3-G80.webp","datePublished":"2023-05-25T16:13:57+00:00","dateModified":"2025-04-16T19:05:08+00:00","breadcrumb":{"@id":"https:\/\/macote.fr\/produit\/calandre-carbone-bmw-m3-g80-m4-g82\/#breadcrumb"},"inLanguage":"es","potentialAction":[{"@type":"ReadAction","target":["https:\/\/macote.fr\/produit\/calandre-carbone-bmw-m3-g80-m4-g82\/"]}]},{"@type":"ImageObject","inLanguage":"es","@id":"https:\/\/macote.fr\/produit\/calandre-carbone-bmw-m3-g80-m4-g82\/#primaryimage","url":"https:\/\/macote.fr\/wp-content\/uploads\/2023\/05\/Calandre-avant-Fibre-de-Carbone-M4-G82-M3-G80.webp","contentUrl":"https:\/\/macote.fr\/wp-content\/uploads\/2023\/05\/Calandre-avant-Fibre-de-Carbone-M4-G82-M3-G80.webp","width":1096,"height":1094,"caption":"Calandre avant Fibre de Carbone M4 G82 M3 G80"},{"@type":"BreadcrumbList","@id":"https:\/\/macote.fr\/produit\/calandre-carbone-bmw-m3-g80-m4-g82\/#breadcrumb","itemListElement":[{"@type":"ListItem","position":1,"name":"Accueil","item":"https:\/\/macote.fr\/"},{"@type":"ListItem","position":2,"name":"Boutique","item":"https:\/\/macote.fr\/boutique\/"},{"@type":"ListItem","position":3,"name":"Calandre Carbone BMW M3 G80, M4 G82"}]},{"@type":"WebSite","@id":"https:\/\/macote.fr\/#website","url":"https:\/\/macote.fr\/","name":"MyQuote.com","description":"Los mejores accesorios BMW","publisher":{"@id":"https:\/\/macote.fr\/#organization"},"alternateName":"BMW tuning","potentialAction":[{"@type":"SearchAction","target":{"@type":"EntryPoint","urlTemplate":"https:\/\/macote.fr\/?s={search_term_string}"},"query-input":{"@type":"PropertyValueSpecification","valueRequired":true,"valueName":"search_term_string"}}],"inLanguage":"es"},{"@type":"Organization","@id":"https:\/\/macote.fr\/#organization","name":"Macote.es","alternateName":"BMW tuning","url":"https:\/\/macote.fr\/","logo":{"@type":"ImageObject","inLanguage":"es","@id":"https:\/\/macote.fr\/#\/schema\/logo\/image\/","url":"https:\/\/macote.fr\/wp-content\/uploads\/2023\/11\/LOGO-macote.fr-dessin-bmw-noir-copy.jpg","contentUrl":"https:\/\/macote.fr\/wp-content\/uploads\/2023\/11\/LOGO-macote.fr-dessin-bmw-noir-copy.jpg","width":732,"height":456,"caption":"Macote.fr"},"image":{"@id":"https:\/\/macote.fr\/#\/schema\/logo\/image\/"},"sameAs":["https:\/\/www.facebook.com\/profile.php?id=100091476586119","https:\/\/www.youtube.com\/channel\/UCgO-YTbaxYO-w_C5GfL-_1w","https:\/\/www.tiktok.com\/@macote.fr?is_from_webapp=1&sender_device=pc","https:\/\/www.instagram.com\/i_xila_i\/"]}]}},"_links":{"self":[{"href":"https:\/\/macote.fr\/es\/wp-json\/wp\/v2\/product\/2083","targetHints":{"allow":["GET"]}}],"collection":[{"href":"https:\/\/macote.fr\/es\/wp-json\/wp\/v2\/product"}],"about":[{"href":"https:\/\/macote.fr\/es\/wp-json\/wp\/v2\/types\/product"}],"replies":[{"embeddable":true,"href":"https:\/\/macote.fr\/es\/wp-json\/wp\/v2\/comments?post=2083"}],"wp:featuredmedia":[{"embeddable":true,"href":"https:\/\/macote.fr\/es\/wp-json\/wp\/v2\/media\/2084"}],"wp:attachment":[{"href":"https:\/\/macote.fr\/es\/wp-json\/wp\/v2\/media?parent=2083"}],"wp:term":[{"taxonomy":"product_brand","embeddable":true,"href":"https:\/\/macote.fr\/es\/wp-json\/wp\/v2\/product_brand?post=2083"},{"taxonomy":"product_cat","embeddable":true,"href":"https:\/\/macote.fr\/es\/wp-json\/wp\/v2\/product_cat?post=2083"},{"taxonomy":"product_tag","embeddable":true,"href":"https:\/\/macote.fr\/es\/wp-json\/wp\/v2\/product_tag?post=2083"}],"curies":[{"name":"wp","href":"https:\/\/api.w.org\/{rel}","templated":true}]}}