{"id":2104,"date":"2023-05-29T11:26:45","date_gmt":"2023-05-29T09:26:45","guid":{"rendered":"https:\/\/macote.fr\/?post_type=product&#038;p=2104"},"modified":"2025-04-16T21:05:39","modified_gmt":"2025-04-16T19:05:39","slug":"coques-retroviseurs-carbone-bmw-m3-g80-et-m4-g82","status":"publish","type":"product","link":"https:\/\/macote.fr\/es\/producto\/coques-retroviseurs-carbone-bmw-m3-g80-et-m4-g82\/","title":{"rendered":"BMW M3 G80 y M4 G82 tapas de espejo de carbono"},"content":{"rendered":"<p>Descubra nuestras carcasas de retrovisor de carbono de alta calidad especialmente dise\u00f1adas para los modelos BMW M3 G80 y M4 G82. Son la combinaci\u00f3n perfecta de estilo y rendimiento, a\u00f1adiendo un toque de deportividad y elegancia a su veh\u00edculo.<\/p>\n<h3>Resistencia<\/h3>\n<p>Fabricadas en aut\u00e9ntica fibra de carbono, estas tapas de retrovisor son excepcionalmente resistentes a la vez que incre\u00edblemente ligeras.<\/p>\n<h3>Instalaci\u00f3n sencilla<\/h3>\n<p>Nuestro proceso de fabricaci\u00f3n de \u00faltima generaci\u00f3n garantiza un ajuste preciso y un acabado impecable, integr\u00e1ndose perfectamente con la forma y el dise\u00f1o originales de su <strong>M3 G80 o M4 G82<\/strong>. Las carcasas de retrovisor de carbono ofrecen un aspecto \u00fanico y atemporal, mejorando la apariencia de su veh\u00edculo y atrayendo la atenci\u00f3n.<\/p>\n<p>La instalaci\u00f3n de estas tapas de retrovisor es sencilla y no requiere modificaciones ni herramientas especiales. Se fijan de forma segura a los espejos retrovisores originales de tu coche. <strong>M3 G80 o M4 G82<\/strong>Esto hace que sea perfectamente compatible con las fijaciones existentes.<\/p>\n<h3>Protecci\u00f3n<\/h3>\n<p>Adem\u00e1s de tener un buen aspecto, estas tapas de espejo tambi\u00e9n son resistentes a la intemperie y duraderas, por lo que son ideales para el uso diario. Protegen eficazmente tus retrovisores de ara\u00f1azos, rozaduras y peque\u00f1os da\u00f1os, manteniendo tu BMW como nuevo.<\/p>\n<p>&nbsp;<\/p>\n<p>A\u00f1ade un toque de sofisticaci\u00f3n y deportividad a tu <strong>BMW M3 G80 o M4 G82<\/strong> con nuestras carcasas de retrovisor de carbono. Haz tu pedido ahora y dale a tu veh\u00edculo un cambio de imagen excepcional mientras disfrutas de una calidad y un rendimiento superiores.<\/p>","protected":false},"excerpt":{"rendered":"<p>Descubra nuestras carcasas de retrovisor de carbono de alta calidad especialmente dise\u00f1adas para los modelos BMW M3 G80 y M4 G82. Son la combinaci\u00f3n perfecta de estilo y rendimiento, a\u00f1adiendo un toque de deportividad y elegancia a su veh\u00edculo.<\/p>","protected":false},"featured_media":2106,"comment_status":"open","ping_status":"closed","template":"","meta":{"_eb_attr":""},"product_brand":[],"product_cat":[263,67,201,213,202,215],"product_tag":[],"class_list":{"0":"post-2104","1":"product","2":"type-product","3":"status-publish","4":"has-post-thumbnail","6":"product_cat-bmw-accessoires-fibre-de-carbone","7":"product_cat-modification-exterieur-vehicule","8":"product_cat-m3","9":"product_cat-m3-g80-g81","10":"product_cat-m4","11":"product_cat-m4-g82-g83","13":"first","14":"instock","15":"taxable","16":"shipping-taxable","17":"purchasable","18":"product-type-simple"},"yoast_head":"<!-- This site is optimized with the Yoast SEO Premium plugin v20.7 (Yoast SEO v27.4) - https:\/\/yoast.com\/product\/yoast-seo-premium-wordpress\/ -->\n<title>Coques r\u00e9troviseurs carbone BMW M3 G80 et M4 G82 - MaCote.fr<\/title>\n<meta name=\"robots\" content=\"index, follow, max-snippet:-1, max-image-preview:large, max-video-preview:-1\" \/>\n<link rel=\"canonical\" href=\"https:\/\/macote.fr\/es\/producto\/coques-retroviseurs-carbone-bmw-m3-g80-et-m4-g82\/\" \/>\n<meta property=\"og:locale\" content=\"es_ES\" \/>\n<meta property=\"og:type\" content=\"article\" \/>\n<meta property=\"og:title\" content=\"Coques r\u00e9troviseurs carbone BMW M3 G80 et M4 G82\" \/>\n<meta property=\"og:description\" content=\"D\u00e9couvrez nos coques r\u00e9troviseurs en carbone haute qualit\u00e9 sp\u00e9cialement con\u00e7ues pour les mod\u00e8les BMW M3 G80 et M4 G82. Ces coques allient parfaitement style et performance, ajoutant une touche de sportivit\u00e9 et d&#039;\u00e9l\u00e9gance \u00e0 votre v\u00e9hicule.\" \/>\n<meta property=\"og:url\" content=\"https:\/\/macote.fr\/es\/producto\/coques-retroviseurs-carbone-bmw-m3-g80-et-m4-g82\/\" \/>\n<meta property=\"og:site_name\" content=\"MaCote.fr\" \/>\n<meta property=\"article:publisher\" content=\"https:\/\/www.facebook.com\/profile.php?id=100091476586119\" \/>\n<meta property=\"article:modified_time\" content=\"2025-04-16T19:05:39+00:00\" \/>\n<meta property=\"og:image\" content=\"https:\/\/macote.fr\/wp-content\/uploads\/2023\/05\/coque-retroviseur-en-carbone-interieur-exterieur.jpeg\" \/>\n\t<meta property=\"og:image:width\" content=\"1000\" \/>\n\t<meta property=\"og:image:height\" content=\"1000\" \/>\n\t<meta property=\"og:image:type\" content=\"image\/jpeg\" \/>\n<meta name=\"twitter:card\" content=\"summary_large_image\" \/>\n<meta name=\"twitter:label1\" content=\"Tiempo de lectura\" \/>\n\t<meta name=\"twitter:data1\" content=\"1 minuto\" \/>\n<script type=\"application\/ld+json\" class=\"yoast-schema-graph\">{\"@context\":\"https:\\\/\\\/schema.org\",\"@graph\":[{\"@type\":\"WebPage\",\"@id\":\"https:\\\/\\\/macote.fr\\\/produit\\\/coques-retroviseurs-carbone-bmw-m3-g80-et-m4-g82\\\/\",\"url\":\"https:\\\/\\\/macote.fr\\\/produit\\\/coques-retroviseurs-carbone-bmw-m3-g80-et-m4-g82\\\/\",\"name\":\"Coques r\u00e9troviseurs carbone BMW M3 G80 et M4 G82 - MaCote.fr\",\"isPartOf\":{\"@id\":\"https:\\\/\\\/macote.fr\\\/#website\"},\"primaryImageOfPage\":{\"@id\":\"https:\\\/\\\/macote.fr\\\/produit\\\/coques-retroviseurs-carbone-bmw-m3-g80-et-m4-g82\\\/#primaryimage\"},\"image\":{\"@id\":\"https:\\\/\\\/macote.fr\\\/produit\\\/coques-retroviseurs-carbone-bmw-m3-g80-et-m4-g82\\\/#primaryimage\"},\"thumbnailUrl\":\"https:\\\/\\\/macote.fr\\\/wp-content\\\/uploads\\\/2023\\\/05\\\/coque-retroviseur-en-carbone-interieur-exterieur.jpeg\",\"datePublished\":\"2023-05-29T09:26:45+00:00\",\"dateModified\":\"2025-04-16T19:05:39+00:00\",\"breadcrumb\":{\"@id\":\"https:\\\/\\\/macote.fr\\\/produit\\\/coques-retroviseurs-carbone-bmw-m3-g80-et-m4-g82\\\/#breadcrumb\"},\"inLanguage\":\"es\",\"potentialAction\":[{\"@type\":\"ReadAction\",\"target\":[\"https:\\\/\\\/macote.fr\\\/produit\\\/coques-retroviseurs-carbone-bmw-m3-g80-et-m4-g82\\\/\"]}]},{\"@type\":\"ImageObject\",\"inLanguage\":\"es\",\"@id\":\"https:\\\/\\\/macote.fr\\\/produit\\\/coques-retroviseurs-carbone-bmw-m3-g80-et-m4-g82\\\/#primaryimage\",\"url\":\"https:\\\/\\\/macote.fr\\\/wp-content\\\/uploads\\\/2023\\\/05\\\/coque-retroviseur-en-carbone-interieur-exterieur.jpeg\",\"contentUrl\":\"https:\\\/\\\/macote.fr\\\/wp-content\\\/uploads\\\/2023\\\/05\\\/coque-retroviseur-en-carbone-interieur-exterieur.jpeg\",\"width\":1000,\"height\":1000,\"caption\":\"coque retroviseur en carbone interieur exterieur\"},{\"@type\":\"BreadcrumbList\",\"@id\":\"https:\\\/\\\/macote.fr\\\/produit\\\/coques-retroviseurs-carbone-bmw-m3-g80-et-m4-g82\\\/#breadcrumb\",\"itemListElement\":[{\"@type\":\"ListItem\",\"position\":1,\"name\":\"Accueil\",\"item\":\"https:\\\/\\\/macote.fr\\\/\"},{\"@type\":\"ListItem\",\"position\":2,\"name\":\"Boutique\",\"item\":\"https:\\\/\\\/macote.fr\\\/boutique\\\/\"},{\"@type\":\"ListItem\",\"position\":3,\"name\":\"Coques r\u00e9troviseurs carbone BMW M3 G80 et M4 G82\"}]},{\"@type\":\"WebSite\",\"@id\":\"https:\\\/\\\/macote.fr\\\/#website\",\"url\":\"https:\\\/\\\/macote.fr\\\/\",\"name\":\"MaCote.fr\",\"description\":\"BMW best accessories\",\"publisher\":{\"@id\":\"https:\\\/\\\/macote.fr\\\/#organization\"},\"alternateName\":\"BMW tuning\",\"potentialAction\":[{\"@type\":\"SearchAction\",\"target\":{\"@type\":\"EntryPoint\",\"urlTemplate\":\"https:\\\/\\\/macote.fr\\\/?s={search_term_string}\"},\"query-input\":{\"@type\":\"PropertyValueSpecification\",\"valueRequired\":true,\"valueName\":\"search_term_string\"}}],\"inLanguage\":\"es\"},{\"@type\":\"Organization\",\"@id\":\"https:\\\/\\\/macote.fr\\\/#organization\",\"name\":\"Macote.fr\",\"alternateName\":\"BMW tuning\",\"url\":\"https:\\\/\\\/macote.fr\\\/\",\"logo\":{\"@type\":\"ImageObject\",\"inLanguage\":\"es\",\"@id\":\"https:\\\/\\\/macote.fr\\\/#\\\/schema\\\/logo\\\/image\\\/\",\"url\":\"https:\\\/\\\/macote.fr\\\/wp-content\\\/uploads\\\/2023\\\/11\\\/LOGO-macote.fr-dessin-bmw-noir-copy.jpg\",\"contentUrl\":\"https:\\\/\\\/macote.fr\\\/wp-content\\\/uploads\\\/2023\\\/11\\\/LOGO-macote.fr-dessin-bmw-noir-copy.jpg\",\"width\":732,\"height\":456,\"caption\":\"Macote.fr\"},\"image\":{\"@id\":\"https:\\\/\\\/macote.fr\\\/#\\\/schema\\\/logo\\\/image\\\/\"},\"sameAs\":[\"https:\\\/\\\/www.facebook.com\\\/profile.php?id=100091476586119\",\"https:\\\/\\\/www.youtube.com\\\/channel\\\/UCgO-YTbaxYO-w_C5GfL-_1w\",\"https:\\\/\\\/www.tiktok.com\\\/@macote.fr?is_from_webapp=1&sender_device=pc\",\"https:\\\/\\\/www.instagram.com\\\/i_xila_i\\\/\"]}]}<\/script>\n<!-- \/ Yoast SEO Premium plugin. -->","yoast_head_json":{"title":"BMW M3 G80 y M4 G82 tapas de espejo de carbono - MaCote.es","robots":{"index":"index","follow":"follow","max-snippet":"max-snippet:-1","max-image-preview":"max-image-preview:large","max-video-preview":"max-video-preview:-1"},"canonical":"https:\/\/macote.fr\/es\/producto\/coques-retroviseurs-carbone-bmw-m3-g80-et-m4-g82\/","og_locale":"es_ES","og_type":"article","og_title":"Coques r\u00e9troviseurs carbone BMW M3 G80 et M4 G82","og_description":"D\u00e9couvrez nos coques r\u00e9troviseurs en carbone haute qualit\u00e9 sp\u00e9cialement con\u00e7ues pour les mod\u00e8les BMW M3 G80 et M4 G82. Ces coques allient parfaitement style et performance, ajoutant une touche de sportivit\u00e9 et d'\u00e9l\u00e9gance \u00e0 votre v\u00e9hicule.","og_url":"https:\/\/macote.fr\/es\/producto\/coques-retroviseurs-carbone-bmw-m3-g80-et-m4-g82\/","og_site_name":"MaCote.fr","article_publisher":"https:\/\/www.facebook.com\/profile.php?id=100091476586119","article_modified_time":"2025-04-16T19:05:39+00:00","og_image":[{"width":1000,"height":1000,"url":"https:\/\/macote.fr\/wp-content\/uploads\/2023\/05\/coque-retroviseur-en-carbone-interieur-exterieur.jpeg","type":"image\/jpeg"}],"twitter_card":"summary_large_image","twitter_misc":{"Tiempo de lectura":"1 minuto"},"schema":{"@context":"https:\/\/schema.org","@graph":[{"@type":"WebPage","@id":"https:\/\/macote.fr\/produit\/coques-retroviseurs-carbone-bmw-m3-g80-et-m4-g82\/","url":"https:\/\/macote.fr\/produit\/coques-retroviseurs-carbone-bmw-m3-g80-et-m4-g82\/","name":"BMW M3 G80 y M4 G82 tapas de espejo de carbono - MaCote.es","isPartOf":{"@id":"https:\/\/macote.fr\/#website"},"primaryImageOfPage":{"@id":"https:\/\/macote.fr\/produit\/coques-retroviseurs-carbone-bmw-m3-g80-et-m4-g82\/#primaryimage"},"image":{"@id":"https:\/\/macote.fr\/produit\/coques-retroviseurs-carbone-bmw-m3-g80-et-m4-g82\/#primaryimage"},"thumbnailUrl":"https:\/\/macote.fr\/wp-content\/uploads\/2023\/05\/coque-retroviseur-en-carbone-interieur-exterieur.jpeg","datePublished":"2023-05-29T09:26:45+00:00","dateModified":"2025-04-16T19:05:39+00:00","breadcrumb":{"@id":"https:\/\/macote.fr\/produit\/coques-retroviseurs-carbone-bmw-m3-g80-et-m4-g82\/#breadcrumb"},"inLanguage":"es","potentialAction":[{"@type":"ReadAction","target":["https:\/\/macote.fr\/produit\/coques-retroviseurs-carbone-bmw-m3-g80-et-m4-g82\/"]}]},{"@type":"ImageObject","inLanguage":"es","@id":"https:\/\/macote.fr\/produit\/coques-retroviseurs-carbone-bmw-m3-g80-et-m4-g82\/#primaryimage","url":"https:\/\/macote.fr\/wp-content\/uploads\/2023\/05\/coque-retroviseur-en-carbone-interieur-exterieur.jpeg","contentUrl":"https:\/\/macote.fr\/wp-content\/uploads\/2023\/05\/coque-retroviseur-en-carbone-interieur-exterieur.jpeg","width":1000,"height":1000,"caption":"coque retroviseur en carbone interieur exterieur"},{"@type":"BreadcrumbList","@id":"https:\/\/macote.fr\/produit\/coques-retroviseurs-carbone-bmw-m3-g80-et-m4-g82\/#breadcrumb","itemListElement":[{"@type":"ListItem","position":1,"name":"Accueil","item":"https:\/\/macote.fr\/"},{"@type":"ListItem","position":2,"name":"Boutique","item":"https:\/\/macote.fr\/boutique\/"},{"@type":"ListItem","position":3,"name":"Coques r\u00e9troviseurs carbone BMW M3 G80 et M4 G82"}]},{"@type":"WebSite","@id":"https:\/\/macote.fr\/#website","url":"https:\/\/macote.fr\/","name":"MyQuote.com","description":"Los mejores accesorios BMW","publisher":{"@id":"https:\/\/macote.fr\/#organization"},"alternateName":"BMW tuning","potentialAction":[{"@type":"SearchAction","target":{"@type":"EntryPoint","urlTemplate":"https:\/\/macote.fr\/?s={search_term_string}"},"query-input":{"@type":"PropertyValueSpecification","valueRequired":true,"valueName":"search_term_string"}}],"inLanguage":"es"},{"@type":"Organization","@id":"https:\/\/macote.fr\/#organization","name":"Macote.es","alternateName":"BMW tuning","url":"https:\/\/macote.fr\/","logo":{"@type":"ImageObject","inLanguage":"es","@id":"https:\/\/macote.fr\/#\/schema\/logo\/image\/","url":"https:\/\/macote.fr\/wp-content\/uploads\/2023\/11\/LOGO-macote.fr-dessin-bmw-noir-copy.jpg","contentUrl":"https:\/\/macote.fr\/wp-content\/uploads\/2023\/11\/LOGO-macote.fr-dessin-bmw-noir-copy.jpg","width":732,"height":456,"caption":"Macote.fr"},"image":{"@id":"https:\/\/macote.fr\/#\/schema\/logo\/image\/"},"sameAs":["https:\/\/www.facebook.com\/profile.php?id=100091476586119","https:\/\/www.youtube.com\/channel\/UCgO-YTbaxYO-w_C5GfL-_1w","https:\/\/www.tiktok.com\/@macote.fr?is_from_webapp=1&sender_device=pc","https:\/\/www.instagram.com\/i_xila_i\/"]}]}},"_links":{"self":[{"href":"https:\/\/macote.fr\/es\/wp-json\/wp\/v2\/product\/2104","targetHints":{"allow":["GET"]}}],"collection":[{"href":"https:\/\/macote.fr\/es\/wp-json\/wp\/v2\/product"}],"about":[{"href":"https:\/\/macote.fr\/es\/wp-json\/wp\/v2\/types\/product"}],"replies":[{"embeddable":true,"href":"https:\/\/macote.fr\/es\/wp-json\/wp\/v2\/comments?post=2104"}],"wp:featuredmedia":[{"embeddable":true,"href":"https:\/\/macote.fr\/es\/wp-json\/wp\/v2\/media\/2106"}],"wp:attachment":[{"href":"https:\/\/macote.fr\/es\/wp-json\/wp\/v2\/media?parent=2104"}],"wp:term":[{"taxonomy":"product_brand","embeddable":true,"href":"https:\/\/macote.fr\/es\/wp-json\/wp\/v2\/product_brand?post=2104"},{"taxonomy":"product_cat","embeddable":true,"href":"https:\/\/macote.fr\/es\/wp-json\/wp\/v2\/product_cat?post=2104"},{"taxonomy":"product_tag","embeddable":true,"href":"https:\/\/macote.fr\/es\/wp-json\/wp\/v2\/product_tag?post=2104"}],"curies":[{"name":"wp","href":"https:\/\/api.w.org\/{rel}","templated":true}]}}